{"id":143440,"date":"2024-09-06T11:57:01","date_gmt":"2024-09-06T09:57:01","guid":{"rendered":"https:\/\/bedrocan.com\/?page_id=143440"},"modified":"2025-06-19T13:53:28","modified_gmt":"2025-06-19T11:53:28","slug":"cme-doccheck","status":"publish","type":"page","link":"https:\/\/bedrocan.com\/de\/cme-doccheck\/","title":{"rendered":"Gr\u00fcne Welle: Cannabis bei Schmerzen"},"content":{"rendered":"<div class=\"wpb-content-wrapper\">[mk_page_section bg_image=&#8221;https:\/\/bedrocan.com\/wp-content\/uploads\/cme-doccheck-cannabis_1280x300.jpg&#8221; bg_repeat=&#8221;no-repeat&#8221; bg_stretch=&#8221;true&#8221; min_height=&#8221;300&#8243; full_width=&#8221;true&#8221; visibility=&#8221;hidden-sm&#8221; sidebar=&#8221;sidebar-1&#8243;][vc_column][\/vc_column][\/mk_page_section][vc_row][vc_column][vc_empty_space height=&#8221;45px&#8221;][vc_column_text css=&#8221;.vc_custom_1724667290861{margin-bottom: 0px !important;}&#8221;]\n<h1>Gr\u00fcne Welle: Cannabis bei Schmerzen<\/h1>\n[\/vc_column_text][vc_separator color=&#8221;custom&#8221; align=&#8221;align_left&#8221; border_width=&#8221;5&#8243; el_width=&#8221;10&#8243; css=&#8221;&#8221; accent_color=&#8221;#008752&#8243;][\/vc_column][\/vc_row][vc_row][vc_column][vc_column_text css=&#8221;.vc_custom_1724409021877{margin-bottom: 0px !important;}&#8221;]\n<p class=\"NormalText\"><span lang=\"DE\">Wir hoffen, dass Sie auf dem\u00a0<a href=\"https:\/\/www.doccheck.com\/\" target=\"_blank\" rel=\"noopener\">DocCheck&#8217;s<\/a>\u00a0CME-Workshop wertvolle Informationen \u00fcber die medizinische Verwendung von Cannabis bei Schmerzen erhalten haben. Bedrocan ist der weltweit erfahrenste Hersteller von medizinischem Cannabis. Wir haben einzigartige Methoden zur Herstellung von Cannabis entwickelt, die den pharmazeutischen Standards entsprechen. Unsere\u00a0<a href=\"https:\/\/bedrocan.com\/de\/cannabis-produkte\/\" target=\"_blank\" rel=\"noopener\">vollst\u00e4ndig standardisierten Produkte<\/a>\u00a0enthalten eine einheitliche Zusammensetzung von Cannabinoiden. Konsistenz ist f\u00fcr die Behandlungsplanung unerl\u00e4sslich. Unser Standardisierungsgrad gew\u00e4hrleistet vorhersehbarere Patientenreaktionen und erm\u00f6glicht Verordnern die \u00dcberwachung der Dosierung, des Krankheitsverlaufs und der Verringerung unerw\u00fcnschter Nebenwirkungen.<\/span><\/p>\n[\/vc_column_text][\/vc_column][\/vc_row][vc_row][vc_column][vc_column_text css=&#8221;.vc_custom_1724667386876{margin-bottom: 0px !important;}&#8221;]\n<p class=\"NormalText\"><span lang=\"DE\">Im Folgenden finden Sie hochwertige Informationen, die ausschlie\u00dflich f\u00fcr medizinische Fachkr\u00e4fte bestimmt sind.<\/span><\/p>\n[\/vc_column_text][\/vc_column][\/vc_row][vc_row][vc_column width=&#8221;1\/2&#8243;][vc_column_text css=&#8221;.vc_custom_1726046250731{margin-bottom: 0px !important;}&#8221;]\n<h2>Verschreibung von Bedrocan\u00ae &#8211; Behandlungsplanung<\/h2>\n<p class=\"NormalText\"><span lang=\"DE\">Es ist wichtig, dass die Verordner mit praktischen, evidenzbasierten Leitlinien ausgestattet werden. Die Behandlungsplanung ist eine Kurzanleitung f\u00fcr die Verschreibung von Bedrocan\u00ae Cannabisbl\u00fcten, einschlie\u00dflich Verabreichung, Dosierung, Pharmakokinetik, Warnhinweise und Vorsichtsma\u00dfnahmen sowie ein vereinfachter Behandlungsplan. <\/span><\/p>\n[\/vc_column_text][mk_padding_divider][vc_raw_js]JTNDc2NyaXB0JTNFJTBBJTA5JTA5JTJGJTJGJTIwS2xpayUyMG9wJTIwZGUlMjBkb3dubG9hZCUyMG9tJTIwaGV0JTIwdHdlZWRlJTIwZGVlbCUyMHRlJTIwb3BlbmVuJTBBJTA5JTA5alF1ZXJ5JTI4ZG9jdW1lbnQlMjkucmVhZHklMjhmdW5jdGlvbiUyOCUyNCUyOSU3QiUwQSUwOSUwOSUwOSUyNCUyOCUyMiUyM2Zvcm0tZGUyJTIyJTI5LmhpZGUlMjglMjklM0IlMEElMDklMDklMDklMjQlMjglMjIlMjNzZWNvbmQtc3RlcC1kb3dubG9hZC1kZTIlMjIlMjkuY2xpY2slMjhmdW5jdGlvbiUyOGV2ZW50JTI5JTdCJTBBJTA5JTA5JTA5JTA5ZXZlbnQucHJldmVudERlZmF1bHQlMjglMjklM0IlMEElMDklMDklMDklMDklMjQlMjglMjIlMjNmb3JtLWRlMiUyMiUyOS50b2dnbGUlMjglMjklM0IlMEElMDklMDklMDklN0QlMjklM0IlMEElMDklMDklN0QlMjklM0IlMEElMDklM0MlMkZzY3JpcHQlM0U=[\/vc_raw_js][vc_btn title=&#8221;Behandlungsplanung&#8221; css=&#8221;&#8221; el_id=&#8221;second-step-download-de2&#8243;][vc_raw_html css=&#8221;&#8221;]JTNDZGl2JTIwY2xhc3MlM0QlMjJkb3dubG9hZC1zZWNvbmQtc3RlcCUyMiUyMGlkJTNEJTIyZm9ybS1kZTIlMjIlM0UlM0NkaXYlMjBjbGFzcyUzRCUyMl9mb3JtXzcwJTIyJTNFJTNDJTJGZGl2JTNFJTNDc2NyaXB0JTIwc3JjJTNEJTIyaHR0cHMlM0ElMkYlMkZiZWRyb2Nhbi5hY3RpdmVob3N0ZWQuY29tJTJGZiUyRmVtYmVkLnBocCUzRmlkJTNENzAlMjIlMjB0eXBlJTNEJTIydGV4dCUyRmphdmFzY3JpcHQlMjIlMjBjaGFyc2V0JTNEJTIydXRmLTglMjIlM0UlM0MlMkZzY3JpcHQlM0UlM0MlMkZkaXYlM0U=[\/vc_raw_html][mk_padding_divider][\/vc_column][vc_column width=&#8221;1\/2&#8243;][vc_column_text css=&#8221;.vc_custom_1726046135161{margin-bottom: 0px !important;}&#8221;]\n<h2>Update f\u00fcr Verordner &#8211; Clinical Research Review<\/h2>\n<p>Diese Clinical Research Review ist ein semiregul\u00e4res Update der klinischen Forschungsarbeiten zu Bedrocan Cannabisbl\u00fcten. Es bietet einen \u00dcberblick \u00fcber die aktuellsten ver\u00f6ffentlichten wissenschaftlichen Erkenntnisse zur Sicherheit und Wirksamkeit von Bedrocan. Das Update f\u00fcr Verordner behandelt eine Reihe von klinischen Themen und ist auf jeden Fall lesenswert.[\/vc_column_text][mk_padding_divider][vc_raw_js]JTNDc2NyaXB0JTNFJTBBJTA5JTA5JTJGJTJGJTIwS2xpayUyMG9wJTIwZGUlMjBkb3dubG9hZCUyMG9tJTIwaGV0JTIwdHdlZWRlJTIwZGVlbCUyMHRlJTIwb3BlbmVuJTBBJTA5JTA5alF1ZXJ5JTI4ZG9jdW1lbnQlMjkucmVhZHklMjhmdW5jdGlvbiUyOCUyNCUyOSU3QiUwQSUwOSUwOSUwOSUyNCUyOCUyMiUyM2Zvcm0tZGUzJTIyJTI5LmhpZGUlMjglMjklM0IlMEElMDklMDklMDklMjQlMjglMjIlMjNzZWNvbmQtc3RlcC1kb3dubG9hZC1kZTMlMjIlMjkuY2xpY2slMjhmdW5jdGlvbiUyOGV2ZW50JTI5JTdCJTBBJTA5JTA5JTA5JTA5ZXZlbnQucHJldmVudERlZmF1bHQlMjglMjklM0IlMEElMDklMDklMDklMDklMjQlMjglMjIlMjNmb3JtLWRlMyUyMiUyOS50b2dnbGUlMjglMjklM0IlMEElMDklMDklMDklN0QlMjklM0IlMEElMDklMDklN0QlMjklM0IlMEElMDklM0MlMkZzY3JpcHQlM0U=[\/vc_raw_js][vc_btn title=&#8221;Clinical Research Review&#8221; css=&#8221;&#8221; el_id=&#8221;second-step-download-de3&#8243;][vc_raw_html css=&#8221;&#8221;]JTNDZGl2JTIwY2xhc3MlM0QlMjJkb3dubG9hZC1zZWNvbmQtc3RlcCUyMiUyMGlkJTNEJTIyZm9ybS1kZTMlMjIlM0UlM0NkaXYlMjBjbGFzcyUzRCUyMl9mb3JtXzcyJTIyJTNFJTNDJTJGZGl2JTNFJTNDc2NyaXB0JTIwc3JjJTNEJTIyaHR0cHMlM0ElMkYlMkZiZWRyb2Nhbi5hY3RpdmVob3N0ZWQuY29tJTJGZiUyRmVtYmVkLnBocCUzRmlkJTNENzIlMjIlMjB0eXBlJTNEJTIydGV4dCUyRmphdmFzY3JpcHQlMjIlMjBjaGFyc2V0JTNEJTIydXRmLTglMjIlM0UlM0MlMkZzY3JpcHQlM0UlM0MlMkZkaXYlM0U=[\/vc_raw_html][mk_padding_divider][\/vc_column][\/vc_row][vc_row][vc_column][vc_column_text css=&#8221;.vc_custom_1733402902931{margin-bottom: 0px !important;}&#8221;]\n<h2>Eine Einf\u00fchrung in medizinisches Cannabis<\/h2>\n<p>Sie m\u00f6chten noch mehr \u00fcber medizinisches Cannabis erfahren? In dieser Brosch\u00fcre wird der therapeutische Einsatz von Cannabis besprochen.[\/vc_column_text][\/vc_column][\/vc_row][vc_row][vc_column width=&#8221;1\/4&#8243;][vc_single_image image=&#8221;150860&#8243; css=&#8221;&#8221;][\/vc_column][vc_column width=&#8221;3\/4&#8243;][vc_column_text css=&#8221;.vc_custom_1726046150990{margin-bottom: 0px !important;}&#8221;]Mit dem ausschlie\u00dflichen Fokus auf medizinischem Cannabis soll sie medizinischen Fachkr\u00e4ften einen Einblick in die medizinischen und wissenschaftlichen Aspekte von <a href=\"https:\/\/www.sciencedirect.com\/topics\/agricultural-and-biological-sciences\/cannabis-sativa\" target=\"_blank\" rel=\"noopener\"><em>Cannabis sativa<\/em> L.<\/a> geben.[\/vc_column_text][vc_raw_js]JTNDc2NyaXB0JTNFJTBBJTA5JTA5JTJGJTJGJTIwS2xpayUyMG9wJTIwZGUlMjBkb3dubG9hZCUyMG9tJTIwaGV0JTIwdHdlZWRlJTIwZGVlbCUyMHRlJTIwb3BlbmVuJTBBJTA5JTA5alF1ZXJ5JTI4ZG9jdW1lbnQlMjkucmVhZHklMjhmdW5jdGlvbiUyOCUyNCUyOSU3QiUwQSUwOSUwOSUwOSUyNCUyOCUyMiUyM2Zvcm0tZGUlMjIlMjkuaGlkZSUyOCUyOSUzQiUwQSUwOSUwOSUwOSUyNCUyOCUyMiUyM3NlY29uZC1zdGVwLWRvd25sb2FkLWRlJTIyJTI5LmNsaWNrJTI4ZnVuY3Rpb24lMjhldmVudCUyOSU3QiUwQSUwOSUwOSUwOSUwOWV2ZW50LnByZXZlbnREZWZhdWx0JTI4JTI5JTNCJTBBJTA5JTA5JTA5JTA5JTI0JTI4JTIyJTIzZm9ybS1kZSUyMiUyOS50b2dnbGUlMjglMjklM0IlMEElMDklMDklMDklN0QlMjklM0IlMEElMDklMDklN0QlMjklM0IlMEElMDklM0MlMkZzY3JpcHQlM0U=[\/vc_raw_js][vc_btn title=&#8221;Download&#8221; align=&#8221;left&#8221; css=&#8221;&#8221; el_id=&#8221;second-step-download-de&#8221; link=&#8221;url:http%3A%2F%2Fbedrocan.com%2Fwp-content%2Fuploads%2Fa-primer_eine-einfhrung-in-medizinisches-cannabis_de_lr.pdf|target:_blank&#8221;][\/vc_column][\/vc_row][vc_row][vc_column][vc_raw_html css=&#8221;&#8221;]JTNDZGl2JTIwY2xhc3MlM0QlMjJkb3dubG9hZC1zZWNvbmQtc3RlcCUyMiUyMGlkJTNEJTIyZm9ybS1kZSUyMiUzRSUzQ2RpdiUyMGNsYXNzJTNEJTIyX2Zvcm1fMjIlMjIlM0UlM0MlMkZkaXYlM0UlM0NzY3JpcHQlMjBzcmMlM0QlMjJodHRwcyUzQSUyRiUyRmJlZHJvY2FuLmFjdGl2ZWhvc3RlZC5jb20lMkZmJTJGZW1iZWQucGhwJTNGaWQlM0QyMiUyMiUyMHR5cGUlM0QlMjJ0ZXh0JTJGamF2YXNjcmlwdCUyMiUyMGNoYXJzZXQlM0QlMjJ1dGYtOCUyMiUzRSUzQyUyRnNjcmlwdCUzRSUzQyUyRmRpdiUzRQ==[\/vc_raw_html][\/vc_column][\/vc_row][vc_row][vc_column][vc_column_text css=&#8221;.vc_custom_1725271033947{margin-bottom: 0px !important;}&#8221;]<em>Bedrocan unterst\u00fctzt eine Reihe von Bildungsinitiativen. Diese frei zug\u00e4nglichen Bildungsressourcen werden durch die Finanzierung im Rahmen der Bildungspolitik ohne kommerzielle Interessen erm\u00f6glicht.<\/em>[\/vc_column_text][\/vc_column][\/vc_row][vc_row][vc_column][vc_column_text css=&#8221;.vc_custom_1725271668756{margin-bottom: 0px !important;}&#8221;]\n<h2>Newsletter abonnieren<\/h2>\n<p>Bleiben Sie auf dem Laufenden \u00fcber medizinische und wissenschaftliche Entwicklungen im Bereich des medizinischen Cannabis.\u00a0Abonnieren Sie jetzt den Newsletter von Bedrocan.[\/vc_column_text][vc_column_text css=&#8221;.vc_custom_1725271641270{margin-bottom: 0px !important;}&#8221;]<div class='_form_20'><\/div><script type='text\/javascript' src='https:\/\/bedrocan.activehosted.com\/f\/embed.php?static=0&id=20&69D75146A4E60&nostyles=0&preview=0'><\/script>[\/vc_column_text][\/vc_column][\/vc_row]\n<\/div>","protected":false},"excerpt":{"rendered":"<p>[mk_page_section bg_image=&#8221;https:\/\/bedrocan.com\/wp-content\/uploads\/cme-doccheck-cannabis_1280x300.jpg&#8221; bg_repeat=&#8221;no-repeat&#8221; bg_stretch=&#8221;true&#8221; min_height=&#8221;300&#8243; full_width=&#8221;true&#8221; visibility=&#8221;hidden-sm&#8221; sidebar=&#8221;sidebar-1&#8243;][vc_column][\/vc_column][\/mk_page_section][vc_row][vc_column][vc_empty_space height=&#8221;45px&#8221;][vc_column_text css=&#8221;.vc_custom_1724667290861{margin-bottom: 0px !important;}&#8221;] Gr\u00fcne Welle: Cannabis bei Schmerzen [\/vc_column_text][vc_separator color=&#8221;custom&#8221; align=&#8221;align_left&#8221; border_width=&#8221;5&#8243; el_width=&#8221;10&#8243; css=&#8221;&#8221; accent_color=&#8221;#008752&#8243;][\/vc_column][\/vc_row][vc_row][vc_column][vc_column_text css=&#8221;.vc_custom_1724409021877{margin-bottom: 0px !important;}&#8221;] Wir hoffen, dass Sie auf dem\u00a0DocCheck&#8217;s\u00a0CME-Workshop wertvolle Informationen \u00fcber die medizinische Verwendung von Cannabis bei Schmerzen erhalten haben. Bedrocan ist der weltweit erfahrenste Hersteller von medizinischem Cannabis. Wir [&hellip;]<\/p>\n","protected":false},"author":2019,"featured_media":143455,"parent":0,"menu_order":0,"comment_status":"closed","ping_status":"closed","template":"","meta":{"footnotes":""},"class_list":["post-143440","page","type-page","status-publish","has-post-thumbnail","hentry"],"yoast_head":"<!-- This site is optimized with the Yoast SEO plugin v27.3 - https:\/\/yoast.com\/product\/yoast-seo-wordpress\/ -->\n<title>Cannabis bei Schmerzen - CME-Workshop<\/title>\n<meta name=\"description\" content=\"Erfahren Sie mehr \u00fcber medizinisches Cannabis bei Schmerzen und erhalten Sie wichtige Informationen f\u00fcr medizinisches Fachpersonal.\" \/>\n<meta name=\"robots\" content=\"index, follow, max-snippet:-1, max-image-preview:large, max-video-preview:-1\" \/>\n<link rel=\"canonical\" href=\"https:\/\/bedrocan.com\/de\/cme-doccheck\/\" \/>\n<meta property=\"og:locale\" content=\"de_DE\" \/>\n<meta property=\"og:type\" content=\"article\" \/>\n<meta property=\"og:title\" content=\"Cannabis bei Schmerzen - CME-Workshop\" \/>\n<meta property=\"og:description\" content=\"Erfahren Sie mehr \u00fcber medizinisches Cannabis bei Schmerzen und erhalten Sie wichtige Informationen f\u00fcr medizinisches Fachpersonal.\" \/>\n<meta property=\"og:url\" content=\"https:\/\/bedrocan.com\/de\/cme-doccheck\/\" \/>\n<meta property=\"og:site_name\" content=\"Bedrocan - standardised medicinal cannabis\" \/>\n<meta property=\"article:publisher\" content=\"https:\/\/www.facebook.com\/Bedrocan\" \/>\n<meta property=\"article:modified_time\" content=\"2025-06-19T11:53:28+00:00\" \/>\n<meta property=\"og:image\" content=\"https:\/\/bedrocan.com\/wp-content\/uploads\/post1080x1080_cme-cannabis.jpg\" \/>\n\t<meta property=\"og:image:width\" content=\"1080\" \/>\n\t<meta property=\"og:image:height\" content=\"1080\" \/>\n\t<meta property=\"og:image:type\" content=\"image\/jpeg\" \/>\n<meta name=\"twitter:card\" content=\"summary_large_image\" \/>\n<meta name=\"twitter:label1\" content=\"Gesch\u00e4tzte Lesezeit\" \/>\n\t<meta name=\"twitter:data1\" content=\"2\u00a0Minuten\" \/>\n<script type=\"application\/ld+json\" class=\"yoast-schema-graph\">{\"@context\":\"https:\\\/\\\/schema.org\",\"@graph\":[{\"@type\":\"WebPage\",\"@id\":\"https:\\\/\\\/bedrocan.com\\\/de\\\/cme-doccheck\\\/\",\"url\":\"https:\\\/\\\/bedrocan.com\\\/de\\\/cme-doccheck\\\/\",\"name\":\"Cannabis bei Schmerzen - CME-Workshop\",\"isPartOf\":{\"@id\":\"https:\\\/\\\/bedrocan.com\\\/de\\\/#website\"},\"primaryImageOfPage\":{\"@id\":\"https:\\\/\\\/bedrocan.com\\\/de\\\/cme-doccheck\\\/#primaryimage\"},\"image\":{\"@id\":\"https:\\\/\\\/bedrocan.com\\\/de\\\/cme-doccheck\\\/#primaryimage\"},\"thumbnailUrl\":\"https:\\\/\\\/bedrocan.com\\\/wp-content\\\/uploads\\\/post1080x1080_cme-cannabis.jpg\",\"datePublished\":\"2024-09-06T09:57:01+00:00\",\"dateModified\":\"2025-06-19T11:53:28+00:00\",\"description\":\"Erfahren Sie mehr \u00fcber medizinisches Cannabis bei Schmerzen und erhalten Sie wichtige Informationen f\u00fcr medizinisches Fachpersonal.\",\"breadcrumb\":{\"@id\":\"https:\\\/\\\/bedrocan.com\\\/de\\\/cme-doccheck\\\/#breadcrumb\"},\"inLanguage\":\"de\",\"potentialAction\":[{\"@type\":\"ReadAction\",\"target\":[\"https:\\\/\\\/bedrocan.com\\\/de\\\/cme-doccheck\\\/\"]}]},{\"@type\":\"ImageObject\",\"inLanguage\":\"de\",\"@id\":\"https:\\\/\\\/bedrocan.com\\\/de\\\/cme-doccheck\\\/#primaryimage\",\"url\":\"https:\\\/\\\/bedrocan.com\\\/wp-content\\\/uploads\\\/post1080x1080_cme-cannabis.jpg\",\"contentUrl\":\"https:\\\/\\\/bedrocan.com\\\/wp-content\\\/uploads\\\/post1080x1080_cme-cannabis.jpg\",\"width\":1080,\"height\":1080,\"caption\":\"CME-Kurs - Cannabis bei Schmerzen\"},{\"@type\":\"BreadcrumbList\",\"@id\":\"https:\\\/\\\/bedrocan.com\\\/de\\\/cme-doccheck\\\/#breadcrumb\",\"itemListElement\":[{\"@type\":\"ListItem\",\"position\":1,\"name\":\"Home\",\"item\":\"https:\\\/\\\/bedrocan.com\\\/de\\\/\"},{\"@type\":\"ListItem\",\"position\":2,\"name\":\"Gr\u00fcne Welle: Cannabis bei Schmerzen\"}]},{\"@type\":\"WebSite\",\"@id\":\"https:\\\/\\\/bedrocan.com\\\/de\\\/#website\",\"url\":\"https:\\\/\\\/bedrocan.com\\\/de\\\/\",\"name\":\"Bedrocan\",\"description\":\"medicinal cannabis\",\"publisher\":{\"@id\":\"https:\\\/\\\/bedrocan.com\\\/de\\\/#organization\"},\"potentialAction\":[{\"@type\":\"SearchAction\",\"target\":{\"@type\":\"EntryPoint\",\"urlTemplate\":\"https:\\\/\\\/bedrocan.com\\\/de\\\/?s={search_term_string}\"},\"query-input\":{\"@type\":\"PropertyValueSpecification\",\"valueRequired\":true,\"valueName\":\"search_term_string\"}}],\"inLanguage\":\"de\"},{\"@type\":\"Organization\",\"@id\":\"https:\\\/\\\/bedrocan.com\\\/de\\\/#organization\",\"name\":\"Bedrocan\",\"url\":\"https:\\\/\\\/bedrocan.com\\\/de\\\/\",\"logo\":{\"@type\":\"ImageObject\",\"inLanguage\":\"de\",\"@id\":\"https:\\\/\\\/bedrocan.com\\\/de\\\/#\\\/schema\\\/logo\\\/image\\\/\",\"url\":\"https:\\\/\\\/bedrocan.com\\\/wp-content\\\/uploads\\\/logo-bedrocan-mail.png\",\"contentUrl\":\"https:\\\/\\\/bedrocan.com\\\/wp-content\\\/uploads\\\/logo-bedrocan-mail.png\",\"width\":185,\"height\":31,\"caption\":\"Bedrocan\"},\"image\":{\"@id\":\"https:\\\/\\\/bedrocan.com\\\/de\\\/#\\\/schema\\\/logo\\\/image\\\/\"},\"sameAs\":[\"https:\\\/\\\/www.facebook.com\\\/Bedrocan\",\"https:\\\/\\\/www.linkedin.com\\\/company\\\/bedrocan\\\/\",\"https:\\\/\\\/www.instagram.com\\\/bedrocan_international\\\/\"]}]}<\/script>\n<!-- \/ Yoast SEO plugin. -->","yoast_head_json":{"title":"Cannabis bei Schmerzen - CME-Workshop","description":"Erfahren Sie mehr \u00fcber medizinisches Cannabis bei Schmerzen und erhalten Sie wichtige Informationen f\u00fcr medizinisches Fachpersonal.","robots":{"index":"index","follow":"follow","max-snippet":"max-snippet:-1","max-image-preview":"max-image-preview:large","max-video-preview":"max-video-preview:-1"},"canonical":"https:\/\/bedrocan.com\/de\/cme-doccheck\/","og_locale":"de_DE","og_type":"article","og_title":"Cannabis bei Schmerzen - CME-Workshop","og_description":"Erfahren Sie mehr \u00fcber medizinisches Cannabis bei Schmerzen und erhalten Sie wichtige Informationen f\u00fcr medizinisches Fachpersonal.","og_url":"https:\/\/bedrocan.com\/de\/cme-doccheck\/","og_site_name":"Bedrocan - standardised medicinal cannabis","article_publisher":"https:\/\/www.facebook.com\/Bedrocan","article_modified_time":"2025-06-19T11:53:28+00:00","og_image":[{"width":1080,"height":1080,"url":"https:\/\/bedrocan.com\/wp-content\/uploads\/post1080x1080_cme-cannabis.jpg","type":"image\/jpeg"}],"twitter_card":"summary_large_image","twitter_misc":{"Gesch\u00e4tzte Lesezeit":"2\u00a0Minuten"},"schema":{"@context":"https:\/\/schema.org","@graph":[{"@type":"WebPage","@id":"https:\/\/bedrocan.com\/de\/cme-doccheck\/","url":"https:\/\/bedrocan.com\/de\/cme-doccheck\/","name":"Cannabis bei Schmerzen - CME-Workshop","isPartOf":{"@id":"https:\/\/bedrocan.com\/de\/#website"},"primaryImageOfPage":{"@id":"https:\/\/bedrocan.com\/de\/cme-doccheck\/#primaryimage"},"image":{"@id":"https:\/\/bedrocan.com\/de\/cme-doccheck\/#primaryimage"},"thumbnailUrl":"https:\/\/bedrocan.com\/wp-content\/uploads\/post1080x1080_cme-cannabis.jpg","datePublished":"2024-09-06T09:57:01+00:00","dateModified":"2025-06-19T11:53:28+00:00","description":"Erfahren Sie mehr \u00fcber medizinisches Cannabis bei Schmerzen und erhalten Sie wichtige Informationen f\u00fcr medizinisches Fachpersonal.","breadcrumb":{"@id":"https:\/\/bedrocan.com\/de\/cme-doccheck\/#breadcrumb"},"inLanguage":"de","potentialAction":[{"@type":"ReadAction","target":["https:\/\/bedrocan.com\/de\/cme-doccheck\/"]}]},{"@type":"ImageObject","inLanguage":"de","@id":"https:\/\/bedrocan.com\/de\/cme-doccheck\/#primaryimage","url":"https:\/\/bedrocan.com\/wp-content\/uploads\/post1080x1080_cme-cannabis.jpg","contentUrl":"https:\/\/bedrocan.com\/wp-content\/uploads\/post1080x1080_cme-cannabis.jpg","width":1080,"height":1080,"caption":"CME-Kurs - Cannabis bei Schmerzen"},{"@type":"BreadcrumbList","@id":"https:\/\/bedrocan.com\/de\/cme-doccheck\/#breadcrumb","itemListElement":[{"@type":"ListItem","position":1,"name":"Home","item":"https:\/\/bedrocan.com\/de\/"},{"@type":"ListItem","position":2,"name":"Gr\u00fcne Welle: Cannabis bei Schmerzen"}]},{"@type":"WebSite","@id":"https:\/\/bedrocan.com\/de\/#website","url":"https:\/\/bedrocan.com\/de\/","name":"Bedrocan","description":"medicinal cannabis","publisher":{"@id":"https:\/\/bedrocan.com\/de\/#organization"},"potentialAction":[{"@type":"SearchAction","target":{"@type":"EntryPoint","urlTemplate":"https:\/\/bedrocan.com\/de\/?s={search_term_string}"},"query-input":{"@type":"PropertyValueSpecification","valueRequired":true,"valueName":"search_term_string"}}],"inLanguage":"de"},{"@type":"Organization","@id":"https:\/\/bedrocan.com\/de\/#organization","name":"Bedrocan","url":"https:\/\/bedrocan.com\/de\/","logo":{"@type":"ImageObject","inLanguage":"de","@id":"https:\/\/bedrocan.com\/de\/#\/schema\/logo\/image\/","url":"https:\/\/bedrocan.com\/wp-content\/uploads\/logo-bedrocan-mail.png","contentUrl":"https:\/\/bedrocan.com\/wp-content\/uploads\/logo-bedrocan-mail.png","width":185,"height":31,"caption":"Bedrocan"},"image":{"@id":"https:\/\/bedrocan.com\/de\/#\/schema\/logo\/image\/"},"sameAs":["https:\/\/www.facebook.com\/Bedrocan","https:\/\/www.linkedin.com\/company\/bedrocan\/","https:\/\/www.instagram.com\/bedrocan_international\/"]}]}},"_links":{"self":[{"href":"https:\/\/bedrocan.com\/de\/wp-json\/wp\/v2\/pages\/143440","targetHints":{"allow":["GET"]}}],"collection":[{"href":"https:\/\/bedrocan.com\/de\/wp-json\/wp\/v2\/pages"}],"about":[{"href":"https:\/\/bedrocan.com\/de\/wp-json\/wp\/v2\/types\/page"}],"author":[{"embeddable":true,"href":"https:\/\/bedrocan.com\/de\/wp-json\/wp\/v2\/users\/2019"}],"replies":[{"embeddable":true,"href":"https:\/\/bedrocan.com\/de\/wp-json\/wp\/v2\/comments?post=143440"}],"version-history":[{"count":5,"href":"https:\/\/bedrocan.com\/de\/wp-json\/wp\/v2\/pages\/143440\/revisions"}],"predecessor-version":[{"id":203363,"href":"https:\/\/bedrocan.com\/de\/wp-json\/wp\/v2\/pages\/143440\/revisions\/203363"}],"wp:featuredmedia":[{"embeddable":true,"href":"https:\/\/bedrocan.com\/de\/wp-json\/wp\/v2\/media\/143455"}],"wp:attachment":[{"href":"https:\/\/bedrocan.com\/de\/wp-json\/wp\/v2\/media?parent=143440"}],"curies":[{"name":"wp","href":"https:\/\/api.w.org\/{rel}","templated":true}]}}