{"id":144210,"date":"2024-12-13T10:56:27","date_gmt":"2024-12-13T09:56:27","guid":{"rendered":"https:\/\/bedrocan.com\/?page_id=144210"},"modified":"2025-10-20T20:56:40","modified_gmt":"2025-10-20T18:56:40","slug":"medizinische-fachkreise","status":"publish","type":"page","link":"https:\/\/bedrocan.com\/de\/medizinische-fachkreise\/","title":{"rendered":"Medizinische Fachkreise"},"content":{"rendered":"<div class=\"wpb-content-wrapper\">[mk_page_section bg_image=&#8221;http:\/\/bedrocan.com\/wp-content\/uploads\/cannabis-inside.jpg&#8221; bg_repeat=&#8221;no-repeat&#8221; bg_stretch=&#8221;true&#8221; min_height=&#8221;300&#8243; full_width=&#8221;true&#8221; top_shape_color=&#8221;#ffffff&#8221; bottom_shape_color=&#8221;#ffffff&#8221; visibility=&#8221;hidden-sm&#8221; sidebar=&#8221;sidebar-1&#8243;][vc_column][\/vc_column][\/mk_page_section][vc_row][vc_column][vc_empty_space height=&#8221;45px&#8221;][vc_column_text css=&#8221;.vc_custom_1733399385321{margin-bottom: 0px !important;}&#8221;]\n<h1>Medizinische Fachkreise<\/h1>\n[\/vc_column_text][vc_separator color=&#8221;custom&#8221; align=&#8221;align_left&#8221; border_width=&#8221;5&#8243; el_width=&#8221;10&#8243; css=&#8221;&#8221; accent_color=&#8221;#008752&#8243;][\/vc_column][\/vc_row][vc_row][vc_column][mk_padding_divider size=&#8221;20&#8243;][vc_column_text css=&#8221;.vc_custom_1733399582915{margin-bottom: 0px !important;}&#8221;]Hier finden Sie medizinische Informationen \u00fcber medizinisches Cannabis und Therapiegebiete, sowie Informationen zu unseren Produkten.[\/vc_column_text][\/vc_column][\/vc_row][vc_row][vc_column][mk_padding_divider size=&#8221;20&#8243;][vc_column_text css=&#8221;.vc_custom_1734086104681{margin-bottom: 0px !important;}&#8221;]<span lang=\"DE\">Bedrocan ist der weltweit erfahrenste Hersteller von medizinischem Cannabis. Wir haben einzigartige Methoden zur Herstellung von Cannabis entwickelt, die den pharmazeutischen Standards entsprechen. Unsere\u00a0<a href=\"https:\/\/bedrocan.com\/de\/cannabis-produkte\/\" target=\"_blank\" rel=\"noopener\">vollst\u00e4ndig standardisierten Produkte<\/a> enthalten eine einheitliche Zusammensetzung von Cannabinoiden. <!--StartFragment --><\/span><\/p>\n<p class=\"pf0\"><span class=\"cf0\">Konstante Inhaltstoffe sind f\u00fcr die Behandlung unerl\u00e4sslich. <\/span><\/p>\n<p><!--StartFragment --><span class=\"cf0\">Unser hoher Grad an Standardisierung gew\u00e4hrleistet die Vorhersagbarkeit von Patientenreaktionen und erm\u00f6glicht so jedem Therapeuten eine einfachere \u00dcberwachung des Krankheitsverlaufs, der Dosierung und verringert unerw\u00fcnschte Nebenwirkungen.<\/span><!--EndFragment -->[\/vc_column_text][mk_padding_divider size=&#8221;20&#8243;][\/vc_column][\/vc_row][vc_row][vc_column border_color=&#8221;#f5f5f5&#8243; blend_mode=&#8221;darken&#8221; width=&#8221;2\/5&#8243; css=&#8221;.vc_custom_1727365772715{border-color: #f5f5f5 !important;}&#8221;][mk_padding_divider][vc_column_text css=&#8221;.vc_custom_1749234946965{margin-bottom: 0px !important;}&#8221;]\n<h2 style=\"text-align: center;\"><a href=\"https:\/\/bedrocan.com\/de\/medizinische-fachkreise\/cannabis-als-medizin\/\"><span style=\"color: #048da8;\">Cannabis als Medizin<\/span><\/a><\/h2>\n[\/vc_column_text][vc_single_image image=&#8221;252195&#8243; alignment=&#8221;center&#8221; onclick=&#8221;custom_link&#8221; css=&#8221;&#8221; link=&#8221;https:\/\/bedrocan.com\/de\/medizinische-fachkreise\/cannabis-als-medizin\/&#8221;][vc_btn title=&#8221;Cannabis als Medizin&#8221; align=&#8221;center&#8221; css=&#8221;&#8221; el_class=&#8221;blue&#8221; link=&#8221;url:https%3A%2F%2Fbedrocan.com%2Fde%2Fmedizinische-fachkreise%2Fcannabis-als-medizin%2F|title:Cannabis%20als%20Medizin&#8221;][\/vc_column][vc_column width=&#8221;1\/12&#8243;][\/vc_column][vc_column border_color=&#8221;#f5f5f5&#8243; blend_mode=&#8221;darken&#8221; width=&#8221;2\/5&#8243; css=&#8221;.vc_custom_1727365989117{border-color: #f5f5f5 !important;}&#8221;][mk_padding_divider][vc_column_text css=&#8221;.vc_custom_1749234955490{margin-bottom: 0px !important;}&#8221;]\n<h2 style=\"text-align: center;\"><a href=\"https:\/\/bedrocan.com\/de\/medizinische-fachkreise\/medizinische-broschueren\/\"><span style=\"color: #048da8;\">Medizinische Brosch\u00fcre<\/span><\/a><\/h2>\n[\/vc_column_text][vc_single_image image=&#8221;252201&#8243; alignment=&#8221;center&#8221; onclick=&#8221;custom_link&#8221; css=&#8221;&#8221; link=&#8221;https:\/\/bedrocan.com\/de\/medizinische-fachkreise\/medizinische-broschueren\/&#8221;][vc_btn title=&#8221;Fachkreise Material herunterladen&#8221; align=&#8221;center&#8221; css=&#8221;&#8221; el_class=&#8221;blue&#8221; link=&#8221;url:https%3A%2F%2Fbedrocan.com%2Fde%2Fmedizinische-fachkreise%2Fmedizinische-broschueren%2F&#8221;][\/vc_column][\/vc_row][vc_row][vc_column][mk_padding_divider][\/vc_column][\/vc_row][vc_row][vc_column border_color=&#8221;#f5f5f5&#8243; blend_mode=&#8221;darken&#8221; width=&#8221;2\/5&#8243; css=&#8221;.vc_custom_1727365899417{border-color: #f5f5f5 !important;}&#8221;][mk_padding_divider][vc_column_text css=&#8221;.vc_custom_1749234973256{margin-bottom: 0px !important;}&#8221;]\n<h2 style=\"text-align: center;\"><a href=\"https:\/\/bedrocan.com\/de\/medizinische-fachkreise\/cannabis-forschung\/\"><span style=\"color: #048da8;\">Cannabis Forschung<\/span><\/a><\/h2>\n[\/vc_column_text][vc_single_image image=&#8221;252207&#8243; alignment=&#8221;center&#8221; onclick=&#8221;custom_link&#8221; css=&#8221;&#8221; link=&#8221;https:\/\/bedrocan.com\/de\/medizinische-fachkreise\/cannabis-forschung\/&#8221;][vc_btn title=&#8221;Forschungs\u00fcbersicht ansehen&#8221; align=&#8221;center&#8221; css=&#8221;&#8221; el_class=&#8221;blue&#8221; link=&#8221;url:https%3A%2F%2Fbedrocan.com%2Fde%2Fmedizinische-fachkreise%2Fcannabis-forschung%2F&#8221;][\/vc_column][vc_column width=&#8221;1\/12&#8243;][\/vc_column][vc_column border_color=&#8221;#f5f5f5&#8243; blend_mode=&#8221;darken&#8221; width=&#8221;2\/5&#8243; css=&#8221;.vc_custom_1727366250822{border-color: #f5f5f5 !important;}&#8221;][mk_padding_divider][vc_column_text css=&#8221;.vc_custom_1749234964891{margin-bottom: 0px !important;}&#8221;]\n<h2 style=\"text-align: center;\"><a href=\"https:\/\/bedrocan.com\/de\/cannabis-produkte\/\"><span style=\"color: #048da8;\">Cannabis Produkte<\/span><\/a><\/h2>\n[\/vc_column_text][vc_single_image image=&#8221;252212&#8243; alignment=&#8221;center&#8221; onclick=&#8221;custom_link&#8221; css=&#8221;&#8221; link=&#8221;https:\/\/bedrocan.com\/de\/cannabis-produkte\/&#8221;][vc_btn title=&#8221;Cannabis Produkte&#8221; align=&#8221;center&#8221; css=&#8221;&#8221; el_class=&#8221;blue&#8221; link=&#8221;url:https%3A%2F%2Fbedrocan.com%2Fde%2Fcannabis-produkte%2F|title:Produkte&#8221;][\/vc_column][\/vc_row][vc_row][vc_column][mk_padding_divider][\/vc_column][\/vc_row]\n<\/div>","protected":false},"excerpt":{"rendered":"<p>[mk_page_section bg_image=&#8221;http:\/\/bedrocan.com\/wp-content\/uploads\/cannabis-inside.jpg&#8221; bg_repeat=&#8221;no-repeat&#8221; bg_stretch=&#8221;true&#8221; min_height=&#8221;300&#8243; full_width=&#8221;true&#8221; top_shape_color=&#8221;#ffffff&#8221; bottom_shape_color=&#8221;#ffffff&#8221; visibility=&#8221;hidden-sm&#8221; sidebar=&#8221;sidebar-1&#8243;][vc_column][\/vc_column][\/mk_page_section][vc_row][vc_column][vc_empty_space height=&#8221;45px&#8221;][vc_column_text css=&#8221;.vc_custom_1733399385321{margin-bottom: 0px !important;}&#8221;] Medizinische Fachkreise [\/vc_column_text][vc_separator color=&#8221;custom&#8221; align=&#8221;align_left&#8221; border_width=&#8221;5&#8243; el_width=&#8221;10&#8243; css=&#8221;&#8221; accent_color=&#8221;#008752&#8243;][\/vc_column][\/vc_row][vc_row][vc_column][mk_padding_divider size=&#8221;20&#8243;][vc_column_text css=&#8221;.vc_custom_1733399582915{margin-bottom: 0px !important;}&#8221;]Hier finden Sie medizinische Informationen \u00fcber medizinisches Cannabis und Therapiegebiete, sowie Informationen zu unseren Produkten.[\/vc_column_text][\/vc_column][\/vc_row][vc_row][vc_column][mk_padding_divider size=&#8221;20&#8243;][vc_column_text css=&#8221;.vc_custom_1734086104681{margin-bottom: 0px !important;}&#8221;]Bedrocan ist der weltweit erfahrenste Hersteller von medizinischem Cannabis. Wir haben [&hellip;]<\/p>\n","protected":false},"author":3,"featured_media":158991,"parent":0,"menu_order":63,"comment_status":"closed","ping_status":"closed","template":"","meta":{"footnotes":""},"class_list":["post-144210","page","type-page","status-publish","has-post-thumbnail","hentry"],"yoast_head":"<!-- This site is optimized with the Yoast SEO plugin v27.3 - https:\/\/yoast.com\/product\/yoast-seo-wordpress\/ -->\n<title>Medizinische Fachkreise und medizinisches Cannabis<\/title>\n<meta name=\"description\" content=\"Bei was wird es verwendet und mit welcher Wirkung? Wie kann ich es verschrieben. Hier finden Sie Informationen f\u00fcr medizinische Fachkreise.\" \/>\n<meta name=\"robots\" content=\"index, follow, max-snippet:-1, max-image-preview:large, max-video-preview:-1\" \/>\n<link rel=\"canonical\" href=\"https:\/\/bedrocan.com\/de\/medizinische-fachkreise\/\" \/>\n<meta property=\"og:locale\" content=\"de_DE\" \/>\n<meta property=\"og:type\" content=\"article\" \/>\n<meta property=\"og:title\" content=\"Medizinische Fachkreise und medizinisches Cannabis\" \/>\n<meta property=\"og:description\" content=\"Bei was wird es verwendet und mit welcher Wirkung? Wie kann ich es verschrieben. Hier finden Sie Informationen f\u00fcr medizinische Fachkreise.\" \/>\n<meta property=\"og:url\" content=\"https:\/\/bedrocan.com\/de\/medizinische-fachkreise\/\" \/>\n<meta property=\"og:site_name\" content=\"Bedrocan - standardised medicinal cannabis\" \/>\n<meta property=\"article:publisher\" content=\"https:\/\/www.facebook.com\/Bedrocan\" \/>\n<meta property=\"article:modified_time\" content=\"2025-10-20T18:56:40+00:00\" \/>\n<meta property=\"og:image\" content=\"https:\/\/bedrocan.com\/wp-content\/uploads\/laboratory-medicinal-cannabis-by-bedrocan-14-3.png\" \/>\n\t<meta property=\"og:image:width\" content=\"1280\" \/>\n\t<meta property=\"og:image:height\" content=\"755\" \/>\n\t<meta property=\"og:image:type\" content=\"image\/png\" \/>\n<meta name=\"twitter:card\" content=\"summary_large_image\" \/>\n<meta name=\"twitter:label1\" content=\"Gesch\u00e4tzte Lesezeit\" \/>\n\t<meta name=\"twitter:data1\" content=\"2\u00a0Minuten\" \/>\n<script type=\"application\/ld+json\" class=\"yoast-schema-graph\">{\"@context\":\"https:\\\/\\\/schema.org\",\"@graph\":[{\"@type\":\"WebPage\",\"@id\":\"https:\\\/\\\/bedrocan.com\\\/de\\\/medizinische-fachkreise\\\/\",\"url\":\"https:\\\/\\\/bedrocan.com\\\/de\\\/medizinische-fachkreise\\\/\",\"name\":\"Medizinische Fachkreise und medizinisches Cannabis\",\"isPartOf\":{\"@id\":\"https:\\\/\\\/bedrocan.com\\\/de\\\/#website\"},\"primaryImageOfPage\":{\"@id\":\"https:\\\/\\\/bedrocan.com\\\/de\\\/medizinische-fachkreise\\\/#primaryimage\"},\"image\":{\"@id\":\"https:\\\/\\\/bedrocan.com\\\/de\\\/medizinische-fachkreise\\\/#primaryimage\"},\"thumbnailUrl\":\"https:\\\/\\\/bedrocan.com\\\/wp-content\\\/uploads\\\/laboratory-medicinal-cannabis-by-bedrocan-14-3.png\",\"datePublished\":\"2024-12-13T09:56:27+00:00\",\"dateModified\":\"2025-10-20T18:56:40+00:00\",\"description\":\"Bei was wird es verwendet und mit welcher Wirkung? Wie kann ich es verschrieben. Hier finden Sie Informationen f\u00fcr medizinische Fachkreise.\",\"breadcrumb\":{\"@id\":\"https:\\\/\\\/bedrocan.com\\\/de\\\/medizinische-fachkreise\\\/#breadcrumb\"},\"inLanguage\":\"de\",\"potentialAction\":[{\"@type\":\"ReadAction\",\"target\":[\"https:\\\/\\\/bedrocan.com\\\/de\\\/medizinische-fachkreise\\\/\"]}]},{\"@type\":\"ImageObject\",\"inLanguage\":\"de\",\"@id\":\"https:\\\/\\\/bedrocan.com\\\/de\\\/medizinische-fachkreise\\\/#primaryimage\",\"url\":\"https:\\\/\\\/bedrocan.com\\\/wp-content\\\/uploads\\\/laboratory-medicinal-cannabis-by-bedrocan-14-3.png\",\"contentUrl\":\"https:\\\/\\\/bedrocan.com\\\/wp-content\\\/uploads\\\/laboratory-medicinal-cannabis-by-bedrocan-14-3.png\",\"width\":1280,\"height\":755,\"caption\":\"Healthcare professionals\"},{\"@type\":\"BreadcrumbList\",\"@id\":\"https:\\\/\\\/bedrocan.com\\\/de\\\/medizinische-fachkreise\\\/#breadcrumb\",\"itemListElement\":[{\"@type\":\"ListItem\",\"position\":1,\"name\":\"Home\",\"item\":\"https:\\\/\\\/bedrocan.com\\\/de\\\/\"},{\"@type\":\"ListItem\",\"position\":2,\"name\":\"Medizinische Fachkreise\"}]},{\"@type\":\"WebSite\",\"@id\":\"https:\\\/\\\/bedrocan.com\\\/de\\\/#website\",\"url\":\"https:\\\/\\\/bedrocan.com\\\/de\\\/\",\"name\":\"Bedrocan\",\"description\":\"medicinal cannabis\",\"publisher\":{\"@id\":\"https:\\\/\\\/bedrocan.com\\\/de\\\/#organization\"},\"potentialAction\":[{\"@type\":\"SearchAction\",\"target\":{\"@type\":\"EntryPoint\",\"urlTemplate\":\"https:\\\/\\\/bedrocan.com\\\/de\\\/?s={search_term_string}\"},\"query-input\":{\"@type\":\"PropertyValueSpecification\",\"valueRequired\":true,\"valueName\":\"search_term_string\"}}],\"inLanguage\":\"de\"},{\"@type\":\"Organization\",\"@id\":\"https:\\\/\\\/bedrocan.com\\\/de\\\/#organization\",\"name\":\"Bedrocan\",\"url\":\"https:\\\/\\\/bedrocan.com\\\/de\\\/\",\"logo\":{\"@type\":\"ImageObject\",\"inLanguage\":\"de\",\"@id\":\"https:\\\/\\\/bedrocan.com\\\/de\\\/#\\\/schema\\\/logo\\\/image\\\/\",\"url\":\"https:\\\/\\\/bedrocan.com\\\/wp-content\\\/uploads\\\/logo-bedrocan-mail.png\",\"contentUrl\":\"https:\\\/\\\/bedrocan.com\\\/wp-content\\\/uploads\\\/logo-bedrocan-mail.png\",\"width\":185,\"height\":31,\"caption\":\"Bedrocan\"},\"image\":{\"@id\":\"https:\\\/\\\/bedrocan.com\\\/de\\\/#\\\/schema\\\/logo\\\/image\\\/\"},\"sameAs\":[\"https:\\\/\\\/www.facebook.com\\\/Bedrocan\",\"https:\\\/\\\/www.linkedin.com\\\/company\\\/bedrocan\\\/\",\"https:\\\/\\\/www.instagram.com\\\/bedrocan_international\\\/\"]}]}<\/script>\n<!-- \/ Yoast SEO plugin. -->","yoast_head_json":{"title":"Medizinische Fachkreise und medizinisches Cannabis","description":"Bei was wird es verwendet und mit welcher Wirkung? Wie kann ich es verschrieben. Hier finden Sie Informationen f\u00fcr medizinische Fachkreise.","robots":{"index":"index","follow":"follow","max-snippet":"max-snippet:-1","max-image-preview":"max-image-preview:large","max-video-preview":"max-video-preview:-1"},"canonical":"https:\/\/bedrocan.com\/de\/medizinische-fachkreise\/","og_locale":"de_DE","og_type":"article","og_title":"Medizinische Fachkreise und medizinisches Cannabis","og_description":"Bei was wird es verwendet und mit welcher Wirkung? Wie kann ich es verschrieben. Hier finden Sie Informationen f\u00fcr medizinische Fachkreise.","og_url":"https:\/\/bedrocan.com\/de\/medizinische-fachkreise\/","og_site_name":"Bedrocan - standardised medicinal cannabis","article_publisher":"https:\/\/www.facebook.com\/Bedrocan","article_modified_time":"2025-10-20T18:56:40+00:00","og_image":[{"width":1280,"height":755,"url":"https:\/\/bedrocan.com\/wp-content\/uploads\/laboratory-medicinal-cannabis-by-bedrocan-14-3.png","type":"image\/png"}],"twitter_card":"summary_large_image","twitter_misc":{"Gesch\u00e4tzte Lesezeit":"2\u00a0Minuten"},"schema":{"@context":"https:\/\/schema.org","@graph":[{"@type":"WebPage","@id":"https:\/\/bedrocan.com\/de\/medizinische-fachkreise\/","url":"https:\/\/bedrocan.com\/de\/medizinische-fachkreise\/","name":"Medizinische Fachkreise und medizinisches Cannabis","isPartOf":{"@id":"https:\/\/bedrocan.com\/de\/#website"},"primaryImageOfPage":{"@id":"https:\/\/bedrocan.com\/de\/medizinische-fachkreise\/#primaryimage"},"image":{"@id":"https:\/\/bedrocan.com\/de\/medizinische-fachkreise\/#primaryimage"},"thumbnailUrl":"https:\/\/bedrocan.com\/wp-content\/uploads\/laboratory-medicinal-cannabis-by-bedrocan-14-3.png","datePublished":"2024-12-13T09:56:27+00:00","dateModified":"2025-10-20T18:56:40+00:00","description":"Bei was wird es verwendet und mit welcher Wirkung? Wie kann ich es verschrieben. Hier finden Sie Informationen f\u00fcr medizinische Fachkreise.","breadcrumb":{"@id":"https:\/\/bedrocan.com\/de\/medizinische-fachkreise\/#breadcrumb"},"inLanguage":"de","potentialAction":[{"@type":"ReadAction","target":["https:\/\/bedrocan.com\/de\/medizinische-fachkreise\/"]}]},{"@type":"ImageObject","inLanguage":"de","@id":"https:\/\/bedrocan.com\/de\/medizinische-fachkreise\/#primaryimage","url":"https:\/\/bedrocan.com\/wp-content\/uploads\/laboratory-medicinal-cannabis-by-bedrocan-14-3.png","contentUrl":"https:\/\/bedrocan.com\/wp-content\/uploads\/laboratory-medicinal-cannabis-by-bedrocan-14-3.png","width":1280,"height":755,"caption":"Healthcare professionals"},{"@type":"BreadcrumbList","@id":"https:\/\/bedrocan.com\/de\/medizinische-fachkreise\/#breadcrumb","itemListElement":[{"@type":"ListItem","position":1,"name":"Home","item":"https:\/\/bedrocan.com\/de\/"},{"@type":"ListItem","position":2,"name":"Medizinische Fachkreise"}]},{"@type":"WebSite","@id":"https:\/\/bedrocan.com\/de\/#website","url":"https:\/\/bedrocan.com\/de\/","name":"Bedrocan","description":"medicinal cannabis","publisher":{"@id":"https:\/\/bedrocan.com\/de\/#organization"},"potentialAction":[{"@type":"SearchAction","target":{"@type":"EntryPoint","urlTemplate":"https:\/\/bedrocan.com\/de\/?s={search_term_string}"},"query-input":{"@type":"PropertyValueSpecification","valueRequired":true,"valueName":"search_term_string"}}],"inLanguage":"de"},{"@type":"Organization","@id":"https:\/\/bedrocan.com\/de\/#organization","name":"Bedrocan","url":"https:\/\/bedrocan.com\/de\/","logo":{"@type":"ImageObject","inLanguage":"de","@id":"https:\/\/bedrocan.com\/de\/#\/schema\/logo\/image\/","url":"https:\/\/bedrocan.com\/wp-content\/uploads\/logo-bedrocan-mail.png","contentUrl":"https:\/\/bedrocan.com\/wp-content\/uploads\/logo-bedrocan-mail.png","width":185,"height":31,"caption":"Bedrocan"},"image":{"@id":"https:\/\/bedrocan.com\/de\/#\/schema\/logo\/image\/"},"sameAs":["https:\/\/www.facebook.com\/Bedrocan","https:\/\/www.linkedin.com\/company\/bedrocan\/","https:\/\/www.instagram.com\/bedrocan_international\/"]}]}},"_links":{"self":[{"href":"https:\/\/bedrocan.com\/de\/wp-json\/wp\/v2\/pages\/144210","targetHints":{"allow":["GET"]}}],"collection":[{"href":"https:\/\/bedrocan.com\/de\/wp-json\/wp\/v2\/pages"}],"about":[{"href":"https:\/\/bedrocan.com\/de\/wp-json\/wp\/v2\/types\/page"}],"author":[{"embeddable":true,"href":"https:\/\/bedrocan.com\/de\/wp-json\/wp\/v2\/users\/3"}],"replies":[{"embeddable":true,"href":"https:\/\/bedrocan.com\/de\/wp-json\/wp\/v2\/comments?post=144210"}],"version-history":[{"count":5,"href":"https:\/\/bedrocan.com\/de\/wp-json\/wp\/v2\/pages\/144210\/revisions"}],"predecessor-version":[{"id":256109,"href":"https:\/\/bedrocan.com\/de\/wp-json\/wp\/v2\/pages\/144210\/revisions\/256109"}],"wp:featuredmedia":[{"embeddable":true,"href":"https:\/\/bedrocan.com\/de\/wp-json\/wp\/v2\/media\/158991"}],"wp:attachment":[{"href":"https:\/\/bedrocan.com\/de\/wp-json\/wp\/v2\/media?parent=144210"}],"curies":[{"name":"wp","href":"https:\/\/api.w.org\/{rel}","templated":true}]}}