{"id":151207,"date":"2026-03-13T10:07:06","date_gmt":"2026-03-13T09:07:06","guid":{"rendered":"https:\/\/bedrocan.com\/medizinische-fachkreise\/hcp-materials\/"},"modified":"2026-03-13T15:00:36","modified_gmt":"2026-03-13T14:00:36","slug":"medizinische-broschueren","status":"publish","type":"page","link":"https:\/\/bedrocan.com\/de\/medizinische-fachkreise\/medizinische-broschueren\/","title":{"rendered":"Medizinische Brosch\u00fcren"},"content":{"rendered":"<div class=\"wpb-content-wrapper\">[mk_page_section bg_image=&#8221;http:\/\/bedrocan.com\/wp-content\/uploads\/header_cannabinoids.jpg&#8221; bg_repeat=&#8221;no-repeat&#8221; bg_stretch=&#8221;true&#8221; min_height=&#8221;300&#8243; full_width=&#8221;true&#8221; top_shape_color=&#8221;#ffffff&#8221; bottom_shape_color=&#8221;#ffffff&#8221; visibility=&#8221;hidden-sm&#8221; sidebar=&#8221;sidebar-1&#8243;][vc_column][\/vc_column][\/mk_page_section][vc_row][vc_column][vc_empty_space height=&#8221;45px&#8221;][vc_column_text css=&#8221;.vc_custom_1733402052174{margin-bottom: 0px !important;}&#8221;]\n<h1>Medizinische Brosch\u00fcren<\/h1>\n[\/vc_column_text][vc_separator color=&#8221;custom&#8221; align=&#8221;align_left&#8221; border_width=&#8221;5&#8243; el_width=&#8221;10&#8243; css=&#8221;.vc_custom_1734432233293{margin-top: -10px !important;margin-bottom: 10px !important;}&#8221; accent_color=&#8221;#008752&#8243;][\/vc_column][\/vc_row][vc_row][vc_column][mk_padding_divider][vc_column_text css=&#8221;.vc_custom_1734086889412{margin-bottom: 0px !important;}&#8221;]\n<p style=\"text-align: left;\"><span lang=\"DE\">Sie m\u00f6chten mehr \u00fcber medizinisches Cannabis erfahren? In diesen Brosch\u00fcren wirden der therapeutische Einsatz von Cannabis besprochen.\u00a0\u00a0<\/span><!--StartFragment --><span class=\"cf0\">Im Folgenden finden Sie qualitativ hochwertige Informationen, ausschlie\u00dflich f\u00fcr medizinisches Fachpersonal.<\/span><!--EndFragment --><\/p>\n[\/vc_column_text][\/vc_column][\/vc_row][vc_row css=&#8221;.vc_custom_1733403303680{padding-right: 30px !important;padding-left: 30px !important;background-color: #F5F5F5 !important;}&#8221;][vc_column][mk_padding_divider][vc_column_text css=&#8221;.vc_custom_1733403311848{margin-bottom: 0px !important;}&#8221;]\n<h2 style=\"text-align: center;\">Handbuch medizinisches Cannabis<\/h2>\n[\/vc_column_text][vc_column_text css=&#8221;.vc_custom_1734087051298{margin-bottom: 0px !important;}&#8221;]<!--StartFragment --><span class=\"cf0\">Hier erhalten sie Einblicke und wissenschaftliche Informationen zu <a href=\"https:\/\/www.sciencedirect.com\/topics\/agricultural-and-biological-sciences\/cannabis-sativa\" target=\"_blank\" rel=\"noopener\"><em>Cannabis sativa<\/em><\/a> L. Mit dem Fokus auf die medizinische Anwendung von Cannabis.<\/span><!--EndFragment --><\/p>\n<p style=\"text-align: left;\"><!--StartFragment --><span class=\"cf0\">Weltweit werden Cannabisbasierte Medikamente zunehmend besser verf\u00fcgbar.<\/span> Es ist wichtig, dass verschreibende \u00c4rzte, Apotheker und Pflegekr\u00e4fte mit praktischen, evidenzbasierten Leitlinien ausgestattet werden, um die Entscheidungsfindung zu unterst\u00fctzen u<span class=\"cf0\">nd die Kommunikation mit dem Patienten \u00fcber Vorteile und Risiken dieser Medikamente zu verbessern.<\/span><\/p>\n<p><!--StartFragment --><\/p>\n<p><!--EndFragment --><\/p>\n<p style=\"text-align: left;\">Dieses klinische Handbuch st\u00fctzt sich auf klinische Forschung, klinische Beobachtungen und Berufserfahrungen, um n\u00fctzliche, praxisnahe Einblicke in den rationalen Einsatz cannabisbasierter Medikamente zu bieten.<\/p>\n[\/vc_column_text][\/vc_column][\/vc_row][vc_row css=&#8221;.vc_custom_1529591045321{background-color: #f5f5f5 !important;}&#8221;][vc_column width=&#8221;1\/3&#8243;][mk_padding_divider][vc_single_image image=&#8221;145721&#8243; alignment=&#8221;center&#8221; css=&#8221;&#8221;][mk_padding_divider][\/vc_column][vc_column width=&#8221;1\/3&#8243;][mk_padding_divider][vc_column_text css=&#8221;.vc_custom_1733402674143{margin-bottom: 0px !important;}&#8221;]Um die Brosch\u00fcre \u201eHandbuch medizinisches Cannabis\u201c herunterzuladen, ben\u00f6tigen wir Ihre vollst\u00e4ndigen Kontaktdaten. Sie k\u00f6nnen auch angeben, ob Sie unseren Newsletter erhalten m\u00f6chten.[\/vc_column_text][\/vc_column][vc_column width=&#8221;1\/3&#8243;][mk_padding_divider][mk_padding_divider][vc_raw_js]JTNDc2NyaXB0JTNFJTBBJTA5JTA5JTJGJTJGJTIwS2xpayUyMG9wJTIwZGUlMjBkb3dubG9hZCUyMG9tJTIwaGV0JTIwdHdlZWRlJTIwZGVlbCUyMHRlJTIwb3BlbmVuJTBBJTA5JTA5alF1ZXJ5JTI4ZG9jdW1lbnQlMjkucmVhZHklMjhmdW5jdGlvbiUyOCUyNCUyOSU3QiUwQSUwOSUwOSUwOSUyNCUyOCUyMiUyM2Zvcm0tY2wlMjIlMjkuaGlkZSUyOCUyOSUzQiUwQSUwOSUwOSUwOSUyNCUyOCUyMiUyM3NlY29uZC1zdGVwLWRvd25sb2FkLWNsJTIyJTI5LmNsaWNrJTI4ZnVuY3Rpb24lMjhldmVudCUyOSU3QiUwQSUwOSUwOSUwOSUwOWV2ZW50LnByZXZlbnREZWZhdWx0JTI4JTI5JTNCJTBBJTA5JTA5JTA5JTA5JTI0JTI4JTIyJTIzZm9ybS1jbCUyMiUyOS50b2dnbGUlMjglMjklM0IlMEElMDklMDklMDklN0QlMjklM0IlMEElMDklMDklN0QlMjklM0IlMEElMDklM0MlMkZzY3JpcHQlM0U=[\/vc_raw_js][vc_btn title=&#8221;Handbuch medizinisches Cannabis&#8221; align=&#8221;center&#8221; css=&#8221;&#8221; link=&#8221;||target:%20_blank|&#8221; el_id=&#8221;second-step-download-cl&#8221; el_class=&#8221;blue&#8221;][vc_raw_html css=&#8221;&#8221;]JTNDZGl2JTIwY2xhc3MlM0QlMjJkb3dubG9hZC1zZWNvbmQtc3RlcCUyMiUyMGlkJTNEJTIyZm9ybS1jbCUyMiUzRSUzQ2RpdiUyMGNsYXNzJTNEJTIyX2Zvcm1fNTglMjIlM0UlM0MlMkZkaXYlM0UlM0NzY3JpcHQlMjBzcmMlM0QlMjJodHRwcyUzQSUyRiUyRmJlZHJvY2FuLmFjdGl2ZWhvc3RlZC5jb20lMkZmJTJGZW1iZWQucGhwJTNGaWQlM0Q1OCUyMiUyMHR5cGUlM0QlMjJ0ZXh0JTJGamF2YXNjcmlwdCUyMiUyMGNoYXJzZXQlM0QlMjJ1dGYtOCUyMiUzRSUzQyUyRnNjcmlwdCUzRSUzQyUyRmRpdiUzRQ==[\/vc_raw_html][\/vc_column][\/vc_row][vc_row][vc_column][mk_padding_divider][vc_column_text css=&#8221;.vc_custom_1773404371010{margin-bottom: 0px !important;}&#8221;]\n<h2>Informationen f\u00fcr verschreibende \u00c4rzte<\/h2>\n[\/vc_column_text][\/vc_column][\/vc_row][vc_row css=&#8221;.vc_custom_1729783588955{padding-right: 30px !important;padding-left: 30px !important;background-color: #F5F5F5 !important;}&#8221;][vc_column][mk_padding_divider][vc_column_text css=&#8221;.vc_custom_1773404443697{margin-bottom: 0px !important;}&#8221;]\n<h2 style=\"text-align: center;\">Verschreibung von Bedrocan\u00ae &amp; Bedrocan forte\u00ae<\/h2>\n<p class=\"NormalText\"><span lang=\"DE\">Es ist wichtig, dass die Verordner mit praktischen, evidenzbasierten Leitlinien ausgestattet werden. Die Behandlungsplanung ist eine Kurzanleitung f\u00fcr die Verschreibung von Bedrocan\u00ae 22% unde Bedrocan\u00ae forte 25% Cannabisbl\u00fcten, einschlie\u00dflich Verabreichung, Dosierung, Pharmakokinetik, Warnhinweise und Vorsichtsma\u00dfnahmen sowie ein vereinfachter Behandlungsplan.<\/span><\/p>\n[\/vc_column_text][vc_raw_js]JTNDc2NyaXB0JTNFJTBBJTA5JTA5JTJGJTJGJTIwS2xpayUyMG9wJTIwZGUlMjBkb3dubG9hZCUyMG9tJTIwaGV0JTIwdHdlZWRlJTIwZGVlbCUyMHRlJTIwb3BlbmVuJTBBJTA5JTA5alF1ZXJ5JTI4ZG9jdW1lbnQlMjkucmVhZHklMjhmdW5jdGlvbiUyOCUyNCUyOSU3QiUwQSUwOSUwOSUwOSUyNCUyOCUyMiUyM2Zvcm0tZGUyJTIyJTI5LmhpZGUlMjglMjklM0IlMEElMDklMDklMDklMjQlMjglMjIlMjNzZWNvbmQtc3RlcC1kb3dubG9hZC1kZTIlMjIlMjkuY2xpY2slMjhmdW5jdGlvbiUyOGV2ZW50JTI5JTdCJTBBJTA5JTA5JTA5JTA5ZXZlbnQucHJldmVudERlZmF1bHQlMjglMjklM0IlMEElMDklMDklMDklMDklMjQlMjglMjIlMjNmb3JtLWRlMiUyMiUyOS50b2dnbGUlMjglMjklM0IlMEElMDklMDklMDklN0QlMjklM0IlMEElMDklMDklN0QlMjklM0IlMEElMDklM0MlMkZzY3JpcHQlM0U=[\/vc_raw_js][vc_btn title=&#8221;Behandlungsplanung Bedrocan\u00ae&#8221; align=&#8221;center&#8221; css=&#8221;&#8221; link=&#8221;target:_blank&#8221; el_class=&#8221;blue&#8221; el_id=&#8221;second-step-download-de2&#8243;][vc_raw_html css=&#8221;&#8221;]JTNDZGl2JTIwY2xhc3MlM0QlMjJkb3dubG9hZC1zZWNvbmQtc3RlcCUyMiUyMGlkJTNEJTIyZm9ybS1kZTIlMjIlM0UlM0NkaXYlMjBjbGFzcyUzRCUyMl9mb3JtXzcwJTIyJTNFJTNDJTJGZGl2JTNFJTNDc2NyaXB0JTIwc3JjJTNEJTIyaHR0cHMlM0ElMkYlMkZiZWRyb2Nhbi5hY3RpdmVob3N0ZWQuY29tJTJGZiUyRmVtYmVkLnBocCUzRmlkJTNENzAlMjIlMjB0eXBlJTNEJTIydGV4dCUyRmphdmFzY3JpcHQlMjIlMjBjaGFyc2V0JTNEJTIydXRmLTglMjIlM0UlM0MlMkZzY3JpcHQlM0UlM0MlMkZkaXYlM0U=[\/vc_raw_html][vc_raw_js]JTNDc2NyaXB0JTNFJTBBJTA5JTA5JTJGJTJGJTIwS2xpayUyMG9wJTIwZGUlMjBkb3dubG9hZCUyMG9tJTIwaGV0JTIwdHdlZWRlJTIwZGVlbCUyMHRlJTIwb3BlbmVuJTBBJTA5JTA5alF1ZXJ5JTI4ZG9jdW1lbnQlMjkucmVhZHklMjhmdW5jdGlvbiUyOCUyNCUyOSU3QiUwQSUwOSUwOSUwOSUyNCUyOCUyMiUyM2Zvcm0tZGU0JTIyJTI5LmhpZGUlMjglMjklM0IlMEElMDklMDklMDklMjQlMjglMjIlMjNzZWNvbmQtc3RlcC1kb3dubG9hZC1kZTQlMjIlMjkuY2xpY2slMjhmdW5jdGlvbiUyOGV2ZW50JTI5JTdCJTBBJTA5JTA5JTA5JTA5ZXZlbnQucHJldmVudERlZmF1bHQlMjglMjklM0IlMEElMDklMDklMDklMDklMjQlMjglMjIlMjNmb3JtLWRlNCUyMiUyOS50b2dnbGUlMjglMjklM0IlMEElMDklMDklMDklN0QlMjklM0IlMEElMDklMDklN0QlMjklM0IlMEElMDklM0MlMkZzY3JpcHQlM0U=[\/vc_raw_js][vc_btn title=&#8221;Behandlungsplanung Bedrocan\u00ae forte&#8221; align=&#8221;center&#8221; css=&#8221;&#8221; link=&#8221;target:_blank&#8221; el_class=&#8221;blue&#8221; el_id=&#8221;second-step-download-de4&#8243;][vc_raw_html css=&#8221;&#8221;]JTNDZGl2JTIwY2xhc3MlM0QlMjJkb3dubG9hZC1zZWNvbmQtc3RlcCUyMiUyMGlkJTNEJTIyZm9ybS1kZTQlMjIlM0UlM0NkaXYlMjBjbGFzcyUzRCUyMl9mb3JtXzExMiUyMiUzRSUzQyUyRmRpdiUzRSUzQ3NjcmlwdCUyMHNyYyUzRCUyMmh0dHBzJTNBJTJGJTJGYmVkcm9jYW4uYWN0aXZlaG9zdGVkLmNvbSUyRmYlMkZlbWJlZC5waHAlM0ZpZCUzRDExMiUyMiUyMHR5cGUlM0QlMjJ0ZXh0JTJGamF2YXNjcmlwdCUyMiUyMGNoYXJzZXQlM0QlMjJ1dGYtOCUyMiUzRSUzQyUyRnNjcmlwdCUzRSUzQyUyRmRpdiUzRQ==[\/vc_raw_html][\/vc_column][\/vc_row][vc_row css=&#8221;.vc_custom_1729783611232{padding-right: 30px !important;padding-left: 30px !important;background-color: #F5F5F5 !important;}&#8221;][vc_column][mk_padding_divider][vc_column_text css=&#8221;.vc_custom_1773404339544{margin-bottom: 0px !important;}&#8221;]\n<h2 style=\"text-align: center;\">Clinical Research Review<\/h2>\n<p>Diese Clinical Research Review ist ein Update der klinischen Forschungsarbeiten zu Bedrocan\u00ae Cannabisbl\u00fcten. Es bietet einen \u00dcberblick \u00fcber die aktuellsten ver\u00f6ffentlichten wissenschaftlichen Erkenntnisse zur Sicherheit und Wirksamkeit von Bedrocan\u00ae. Das Update f\u00fcr Verordner behandelt eine Reihe von klinischen Themen und ist auf jeden Fall lesenswert.[\/vc_column_text][vc_raw_js]JTNDc2NyaXB0JTNFJTBBJTA5JTA5JTJGJTJGJTIwS2xpayUyMG9wJTIwZGUlMjBkb3dubG9hZCUyMG9tJTIwaGV0JTIwdHdlZWRlJTIwZGVlbCUyMHRlJTIwb3BlbmVuJTBBJTA5JTA5alF1ZXJ5JTI4ZG9jdW1lbnQlMjkucmVhZHklMjhmdW5jdGlvbiUyOCUyNCUyOSU3QiUwQSUwOSUwOSUwOSUyNCUyOCUyMiUyM2Zvcm0tZGUzJTIyJTI5LmhpZGUlMjglMjklM0IlMEElMDklMDklMDklMjQlMjglMjIlMjNzZWNvbmQtc3RlcC1kb3dubG9hZC1kZTMlMjIlMjkuY2xpY2slMjhmdW5jdGlvbiUyOGV2ZW50JTI5JTdCJTBBJTA5JTA5JTA5JTA5ZXZlbnQucHJldmVudERlZmF1bHQlMjglMjklM0IlMEElMDklMDklMDklMDklMjQlMjglMjIlMjNmb3JtLWRlMyUyMiUyOS50b2dnbGUlMjglMjklM0IlMEElMDklMDklMDklN0QlMjklM0IlMEElMDklMDklN0QlMjklM0IlMEElMDklM0MlMkZzY3JpcHQlM0U=[\/vc_raw_js][vc_btn title=&#8221;Clinical Research Review&#8221; align=&#8221;center&#8221; css=&#8221;&#8221; link=&#8221;target:_blank&#8221; el_class=&#8221;blue&#8221; el_id=&#8221;second-step-download-de3&#8243;][vc_raw_html css=&#8221;&#8221;]JTNDZGl2JTIwY2xhc3MlM0QlMjJkb3dubG9hZC1zZWNvbmQtc3RlcCUyMiUyMGlkJTNEJTIyZm9ybS1kZTMlMjIlM0UlM0NkaXYlMjBjbGFzcyUzRCUyMl9mb3JtXzcyJTIyJTNFJTNDJTJGZGl2JTNFJTNDc2NyaXB0JTIwc3JjJTNEJTIyaHR0cHMlM0ElMkYlMkZiZWRyb2Nhbi5hY3RpdmVob3N0ZWQuY29tJTJGZiUyRmVtYmVkLnBocCUzRmlkJTNENzIlMjIlMjB0eXBlJTNEJTIydGV4dCUyRmphdmFzY3JpcHQlMjIlMjBjaGFyc2V0JTNEJTIydXRmLTglMjIlM0UlM0MlMkZzY3JpcHQlM0UlM0MlMkZkaXYlM0U=[\/vc_raw_html][\/vc_column][\/vc_row][vc_row][vc_column][mk_padding_divider][vc_column_text css=&#8221;.vc_custom_1733402177810{margin-bottom: 0px !important;}&#8221;]\n<h2>Newsletter abonnieren<\/h2>\n<p>Bleiben Sie auf dem Laufenden \u00fcber medizinische und wissenschaftliche Entwicklungen im Bereich des medizinischen Cannabis.\u00a0Abonnieren Sie jetzt den Newsletter von Bedrocan.[\/vc_column_text][vc_column_text css=&#8221;.vc_custom_1733402198604{margin-bottom: 0px !important;}&#8221;]<div class='_form_20'><\/div><script type='text\/javascript' src='https:\/\/bedrocan.activehosted.com\/f\/embed.php?static=0&id=20&69E8BA8433F2F&nostyles=0&preview=0'><\/script>[\/vc_column_text][\/vc_column][\/vc_row][vc_row][vc_column][mk_padding_divider][\/vc_column][\/vc_row]\n<\/div>","protected":false},"excerpt":{"rendered":"<p>[mk_page_section bg_image=&#8221;http:\/\/bedrocan.com\/wp-content\/uploads\/header_cannabinoids.jpg&#8221; bg_repeat=&#8221;no-repeat&#8221; bg_stretch=&#8221;true&#8221; min_height=&#8221;300&#8243; full_width=&#8221;true&#8221; top_shape_color=&#8221;#ffffff&#8221; bottom_shape_color=&#8221;#ffffff&#8221; visibility=&#8221;hidden-sm&#8221; sidebar=&#8221;sidebar-1&#8243;][vc_column][\/vc_column][\/mk_page_section][vc_row][vc_column][vc_empty_space height=&#8221;45px&#8221;][vc_column_text css=&#8221;.vc_custom_1733402052174{margin-bottom: 0px !important;}&#8221;] Medizinische Brosch\u00fcren [\/vc_column_text][vc_separator color=&#8221;custom&#8221; align=&#8221;align_left&#8221; border_width=&#8221;5&#8243; el_width=&#8221;10&#8243; css=&#8221;.vc_custom_1734432233293{margin-top: -10px !important;margin-bottom: 10px !important;}&#8221; accent_color=&#8221;#008752&#8243;][\/vc_column][\/vc_row][vc_row][vc_column][mk_padding_divider][vc_column_text css=&#8221;.vc_custom_1734086889412{margin-bottom: 0px !important;}&#8221;] Sie m\u00f6chten mehr \u00fcber medizinisches Cannabis erfahren? In diesen Brosch\u00fcren wirden der therapeutische Einsatz von Cannabis besprochen.\u00a0\u00a0Im Folgenden finden Sie qualitativ hochwertige Informationen, ausschlie\u00dflich f\u00fcr [&hellip;]<\/p>\n","protected":false},"author":3,"featured_media":150863,"parent":144210,"menu_order":6,"comment_status":"closed","ping_status":"closed","template":"","meta":{"footnotes":""},"class_list":["post-151207","page","type-page","status-publish","has-post-thumbnail","hentry"],"yoast_head":"<!-- This site is optimized with the Yoast SEO plugin v27.4 - https:\/\/yoast.com\/product\/yoast-seo-wordpress\/ -->\n<title>Medizinische Brosch\u00fcren - Download kostenlos<\/title>\n<meta name=\"description\" content=\"M\u00f6chten Sie mehr \u00fcber medizinisches Cannabis und seine Verordnung erfahren? Dann laden Sie eines unserer Medizinische Brosch\u00fcren herunter.\" \/>\n<meta name=\"robots\" content=\"index, follow, max-snippet:-1, max-image-preview:large, max-video-preview:-1\" \/>\n<link rel=\"canonical\" href=\"https:\/\/bedrocan.com\/de\/medizinische-fachkreise\/medizinische-broschueren\/\" \/>\n<meta property=\"og:locale\" content=\"de_DE\" \/>\n<meta property=\"og:type\" content=\"article\" \/>\n<meta property=\"og:title\" content=\"Medizinische Brosch\u00fcren - Download kostenlos\" \/>\n<meta property=\"og:description\" content=\"M\u00f6chten Sie mehr \u00fcber medizinisches Cannabis und seine Verordnung erfahren? Dann laden Sie eines unserer Medizinische Brosch\u00fcren herunter.\" \/>\n<meta property=\"og:url\" content=\"https:\/\/bedrocan.com\/de\/medizinische-fachkreise\/medizinische-broschueren\/\" \/>\n<meta property=\"og:site_name\" content=\"Bedrocan - standardised medicinal cannabis\" \/>\n<meta property=\"article:publisher\" content=\"https:\/\/www.facebook.com\/Bedrocan\" \/>\n<meta property=\"article:modified_time\" content=\"2026-03-13T14:00:36+00:00\" \/>\n<meta property=\"og:image\" content=\"https:\/\/bedrocan.com\/wp-content\/uploads\/bedrocan-business-setting_lr-24-1.jpg\" \/>\n\t<meta property=\"og:image:width\" content=\"1329\" \/>\n\t<meta property=\"og:image:height\" content=\"900\" \/>\n\t<meta property=\"og:image:type\" content=\"image\/jpeg\" \/>\n<meta name=\"twitter:card\" content=\"summary_large_image\" \/>\n<meta name=\"twitter:label1\" content=\"Gesch\u00e4tzte Lesezeit\" \/>\n\t<meta name=\"twitter:data1\" content=\"2\u00a0Minuten\" \/>\n<script type=\"application\/ld+json\" class=\"yoast-schema-graph\">{\"@context\":\"https:\\\/\\\/schema.org\",\"@graph\":[{\"@type\":\"WebPage\",\"@id\":\"https:\\\/\\\/bedrocan.com\\\/de\\\/medizinische-fachkreise\\\/medizinische-broschueren\\\/\",\"url\":\"https:\\\/\\\/bedrocan.com\\\/de\\\/medizinische-fachkreise\\\/medizinische-broschueren\\\/\",\"name\":\"Medizinische Brosch\u00fcren - Download kostenlos\",\"isPartOf\":{\"@id\":\"https:\\\/\\\/bedrocan.com\\\/de\\\/#website\"},\"primaryImageOfPage\":{\"@id\":\"https:\\\/\\\/bedrocan.com\\\/de\\\/medizinische-fachkreise\\\/medizinische-broschueren\\\/#primaryimage\"},\"image\":{\"@id\":\"https:\\\/\\\/bedrocan.com\\\/de\\\/medizinische-fachkreise\\\/medizinische-broschueren\\\/#primaryimage\"},\"thumbnailUrl\":\"https:\\\/\\\/bedrocan.com\\\/wp-content\\\/uploads\\\/bedrocan-business-setting_lr-24-1.jpg\",\"datePublished\":\"2026-03-13T09:07:06+00:00\",\"dateModified\":\"2026-03-13T14:00:36+00:00\",\"description\":\"M\u00f6chten Sie mehr \u00fcber medizinisches Cannabis und seine Verordnung erfahren? Dann laden Sie eines unserer Medizinische Brosch\u00fcren herunter.\",\"breadcrumb\":{\"@id\":\"https:\\\/\\\/bedrocan.com\\\/de\\\/medizinische-fachkreise\\\/medizinische-broschueren\\\/#breadcrumb\"},\"inLanguage\":\"de\",\"potentialAction\":[{\"@type\":\"ReadAction\",\"target\":[\"https:\\\/\\\/bedrocan.com\\\/de\\\/medizinische-fachkreise\\\/medizinische-broschueren\\\/\"]}]},{\"@type\":\"ImageObject\",\"inLanguage\":\"de\",\"@id\":\"https:\\\/\\\/bedrocan.com\\\/de\\\/medizinische-fachkreise\\\/medizinische-broschueren\\\/#primaryimage\",\"url\":\"https:\\\/\\\/bedrocan.com\\\/wp-content\\\/uploads\\\/bedrocan-business-setting_lr-24-1.jpg\",\"contentUrl\":\"https:\\\/\\\/bedrocan.com\\\/wp-content\\\/uploads\\\/bedrocan-business-setting_lr-24-1.jpg\",\"width\":1329,\"height\":900,\"caption\":\"medizinische Brosch\u00fcren\"},{\"@type\":\"BreadcrumbList\",\"@id\":\"https:\\\/\\\/bedrocan.com\\\/de\\\/medizinische-fachkreise\\\/medizinische-broschueren\\\/#breadcrumb\",\"itemListElement\":[{\"@type\":\"ListItem\",\"position\":1,\"name\":\"Home\",\"item\":\"https:\\\/\\\/bedrocan.com\\\/de\\\/\"},{\"@type\":\"ListItem\",\"position\":2,\"name\":\"Medizinische Fachkreise\",\"item\":\"https:\\\/\\\/bedrocan.com\\\/de\\\/medizinische-fachkreise\\\/\"},{\"@type\":\"ListItem\",\"position\":3,\"name\":\"Medizinische Brosch\u00fcren\"}]},{\"@type\":\"WebSite\",\"@id\":\"https:\\\/\\\/bedrocan.com\\\/de\\\/#website\",\"url\":\"https:\\\/\\\/bedrocan.com\\\/de\\\/\",\"name\":\"Bedrocan\",\"description\":\"medicinal cannabis\",\"publisher\":{\"@id\":\"https:\\\/\\\/bedrocan.com\\\/de\\\/#organization\"},\"potentialAction\":[{\"@type\":\"SearchAction\",\"target\":{\"@type\":\"EntryPoint\",\"urlTemplate\":\"https:\\\/\\\/bedrocan.com\\\/de\\\/?s={search_term_string}\"},\"query-input\":{\"@type\":\"PropertyValueSpecification\",\"valueRequired\":true,\"valueName\":\"search_term_string\"}}],\"inLanguage\":\"de\"},{\"@type\":\"Organization\",\"@id\":\"https:\\\/\\\/bedrocan.com\\\/de\\\/#organization\",\"name\":\"Bedrocan\",\"url\":\"https:\\\/\\\/bedrocan.com\\\/de\\\/\",\"logo\":{\"@type\":\"ImageObject\",\"inLanguage\":\"de\",\"@id\":\"https:\\\/\\\/bedrocan.com\\\/de\\\/#\\\/schema\\\/logo\\\/image\\\/\",\"url\":\"https:\\\/\\\/bedrocan.com\\\/wp-content\\\/uploads\\\/logo-bedrocan-mail.png\",\"contentUrl\":\"https:\\\/\\\/bedrocan.com\\\/wp-content\\\/uploads\\\/logo-bedrocan-mail.png\",\"width\":185,\"height\":31,\"caption\":\"Bedrocan\"},\"image\":{\"@id\":\"https:\\\/\\\/bedrocan.com\\\/de\\\/#\\\/schema\\\/logo\\\/image\\\/\"},\"sameAs\":[\"https:\\\/\\\/www.facebook.com\\\/Bedrocan\",\"https:\\\/\\\/www.linkedin.com\\\/company\\\/bedrocan\\\/\",\"https:\\\/\\\/www.instagram.com\\\/bedrocan_international\\\/\"]}]}<\/script>\n<!-- \/ Yoast SEO plugin. -->","yoast_head_json":{"title":"Medizinische Brosch\u00fcren - Download kostenlos","description":"M\u00f6chten Sie mehr \u00fcber medizinisches Cannabis und seine Verordnung erfahren? Dann laden Sie eines unserer Medizinische Brosch\u00fcren herunter.","robots":{"index":"index","follow":"follow","max-snippet":"max-snippet:-1","max-image-preview":"max-image-preview:large","max-video-preview":"max-video-preview:-1"},"canonical":"https:\/\/bedrocan.com\/de\/medizinische-fachkreise\/medizinische-broschueren\/","og_locale":"de_DE","og_type":"article","og_title":"Medizinische Brosch\u00fcren - Download kostenlos","og_description":"M\u00f6chten Sie mehr \u00fcber medizinisches Cannabis und seine Verordnung erfahren? Dann laden Sie eines unserer Medizinische Brosch\u00fcren herunter.","og_url":"https:\/\/bedrocan.com\/de\/medizinische-fachkreise\/medizinische-broschueren\/","og_site_name":"Bedrocan - standardised medicinal cannabis","article_publisher":"https:\/\/www.facebook.com\/Bedrocan","article_modified_time":"2026-03-13T14:00:36+00:00","og_image":[{"width":1329,"height":900,"url":"https:\/\/bedrocan.com\/wp-content\/uploads\/bedrocan-business-setting_lr-24-1.jpg","type":"image\/jpeg"}],"twitter_card":"summary_large_image","twitter_misc":{"Gesch\u00e4tzte Lesezeit":"2\u00a0Minuten"},"schema":{"@context":"https:\/\/schema.org","@graph":[{"@type":"WebPage","@id":"https:\/\/bedrocan.com\/de\/medizinische-fachkreise\/medizinische-broschueren\/","url":"https:\/\/bedrocan.com\/de\/medizinische-fachkreise\/medizinische-broschueren\/","name":"Medizinische Brosch\u00fcren - Download kostenlos","isPartOf":{"@id":"https:\/\/bedrocan.com\/de\/#website"},"primaryImageOfPage":{"@id":"https:\/\/bedrocan.com\/de\/medizinische-fachkreise\/medizinische-broschueren\/#primaryimage"},"image":{"@id":"https:\/\/bedrocan.com\/de\/medizinische-fachkreise\/medizinische-broschueren\/#primaryimage"},"thumbnailUrl":"https:\/\/bedrocan.com\/wp-content\/uploads\/bedrocan-business-setting_lr-24-1.jpg","datePublished":"2026-03-13T09:07:06+00:00","dateModified":"2026-03-13T14:00:36+00:00","description":"M\u00f6chten Sie mehr \u00fcber medizinisches Cannabis und seine Verordnung erfahren? Dann laden Sie eines unserer Medizinische Brosch\u00fcren herunter.","breadcrumb":{"@id":"https:\/\/bedrocan.com\/de\/medizinische-fachkreise\/medizinische-broschueren\/#breadcrumb"},"inLanguage":"de","potentialAction":[{"@type":"ReadAction","target":["https:\/\/bedrocan.com\/de\/medizinische-fachkreise\/medizinische-broschueren\/"]}]},{"@type":"ImageObject","inLanguage":"de","@id":"https:\/\/bedrocan.com\/de\/medizinische-fachkreise\/medizinische-broschueren\/#primaryimage","url":"https:\/\/bedrocan.com\/wp-content\/uploads\/bedrocan-business-setting_lr-24-1.jpg","contentUrl":"https:\/\/bedrocan.com\/wp-content\/uploads\/bedrocan-business-setting_lr-24-1.jpg","width":1329,"height":900,"caption":"medizinische Brosch\u00fcren"},{"@type":"BreadcrumbList","@id":"https:\/\/bedrocan.com\/de\/medizinische-fachkreise\/medizinische-broschueren\/#breadcrumb","itemListElement":[{"@type":"ListItem","position":1,"name":"Home","item":"https:\/\/bedrocan.com\/de\/"},{"@type":"ListItem","position":2,"name":"Medizinische Fachkreise","item":"https:\/\/bedrocan.com\/de\/medizinische-fachkreise\/"},{"@type":"ListItem","position":3,"name":"Medizinische Brosch\u00fcren"}]},{"@type":"WebSite","@id":"https:\/\/bedrocan.com\/de\/#website","url":"https:\/\/bedrocan.com\/de\/","name":"Bedrocan","description":"medicinal cannabis","publisher":{"@id":"https:\/\/bedrocan.com\/de\/#organization"},"potentialAction":[{"@type":"SearchAction","target":{"@type":"EntryPoint","urlTemplate":"https:\/\/bedrocan.com\/de\/?s={search_term_string}"},"query-input":{"@type":"PropertyValueSpecification","valueRequired":true,"valueName":"search_term_string"}}],"inLanguage":"de"},{"@type":"Organization","@id":"https:\/\/bedrocan.com\/de\/#organization","name":"Bedrocan","url":"https:\/\/bedrocan.com\/de\/","logo":{"@type":"ImageObject","inLanguage":"de","@id":"https:\/\/bedrocan.com\/de\/#\/schema\/logo\/image\/","url":"https:\/\/bedrocan.com\/wp-content\/uploads\/logo-bedrocan-mail.png","contentUrl":"https:\/\/bedrocan.com\/wp-content\/uploads\/logo-bedrocan-mail.png","width":185,"height":31,"caption":"Bedrocan"},"image":{"@id":"https:\/\/bedrocan.com\/de\/#\/schema\/logo\/image\/"},"sameAs":["https:\/\/www.facebook.com\/Bedrocan","https:\/\/www.linkedin.com\/company\/bedrocan\/","https:\/\/www.instagram.com\/bedrocan_international\/"]}]}},"_links":{"self":[{"href":"https:\/\/bedrocan.com\/de\/wp-json\/wp\/v2\/pages\/151207","targetHints":{"allow":["GET"]}}],"collection":[{"href":"https:\/\/bedrocan.com\/de\/wp-json\/wp\/v2\/pages"}],"about":[{"href":"https:\/\/bedrocan.com\/de\/wp-json\/wp\/v2\/types\/page"}],"author":[{"embeddable":true,"href":"https:\/\/bedrocan.com\/de\/wp-json\/wp\/v2\/users\/3"}],"replies":[{"embeddable":true,"href":"https:\/\/bedrocan.com\/de\/wp-json\/wp\/v2\/comments?post=151207"}],"version-history":[{"count":5,"href":"https:\/\/bedrocan.com\/de\/wp-json\/wp\/v2\/pages\/151207\/revisions"}],"predecessor-version":[{"id":258790,"href":"https:\/\/bedrocan.com\/de\/wp-json\/wp\/v2\/pages\/151207\/revisions\/258790"}],"up":[{"embeddable":true,"href":"https:\/\/bedrocan.com\/de\/wp-json\/wp\/v2\/pages\/144210"}],"wp:featuredmedia":[{"embeddable":true,"href":"https:\/\/bedrocan.com\/de\/wp-json\/wp\/v2\/media\/150863"}],"wp:attachment":[{"href":"https:\/\/bedrocan.com\/de\/wp-json\/wp\/v2\/media?parent=151207"}],"curies":[{"name":"wp","href":"https:\/\/api.w.org\/{rel}","templated":true}]}}