{"id":8090,"date":"2025-06-06T11:38:03","date_gmt":"2025-06-06T09:38:03","guid":{"rendered":"http:\/\/bedrocan.com\/gmp-certification\/"},"modified":"2025-06-19T15:02:28","modified_gmt":"2025-06-19T13:02:28","slug":"qualitaetsstandards","status":"publish","type":"page","link":"https:\/\/bedrocan.com\/de\/ueber-uns\/qualitaetsstandards\/","title":{"rendered":"Qualit\u00e4tsstandards"},"content":{"rendered":"<div class=\"wpb-content-wrapper\">[mk_page_section bg_image=&#8221;http:\/\/bedrocan.com\/wp-content\/uploads\/aankleedruimte-verwerking-emmeloord-bedrocan-5.jpg&#8221; bg_position=&#8221;center center&#8221; bg_repeat=&#8221;no-repeat&#8221; bg_stretch=&#8221;true&#8221; min_height=&#8221;300&#8243; full_width=&#8221;true&#8221; top_shape_color=&#8221;#ffffff&#8221; bottom_shape_color=&#8221;#ffffff&#8221; visibility=&#8221;hidden-sm&#8221; sidebar=&#8221;sidebar-1&#8243;][vc_column][\/vc_column][\/mk_page_section][vc_row][vc_column][vc_empty_space height=&#8221;45px&#8221;][vc_column_text css=&#8221;.vc_custom_1724411421279{margin-bottom: 0px !important;}&#8221;]\n<h1>Qualit\u00e4tsstandards<\/h1>\n[\/vc_column_text][vc_separator color=&#8221;custom&#8221; align=&#8221;align_left&#8221; border_width=&#8221;5&#8243; el_width=&#8221;10&#8243; accent_color=&#8221;#008752&#8243;][\/vc_column][\/vc_row][vc_row][vc_column][mk_padding_divider][vc_column_text css=&#8221;.vc_custom_1698320399681{margin-bottom: 0px !important;}&#8221;]Bei Bedrocan produzieren wir <a href=\"https:\/\/bedrocan.com\/de\/kontakt\/haeufig-gestellte-fragen\/?faq-item=what-is-medicinal-cannabis-oil\">medizinisches Cannabis<\/a> nach h\u00f6chsten Qualit\u00e4tsstandards. Unser gesamter Produktionsprozess unterliegt einer strengen Qualit\u00e4tskontrolle. Dies ist eine wesentliche Voraussetzung f\u00fcr die Bereitstellung eines Produkts, das f\u00fcr die Verwendung durch Patienten und die wissenschaftliche Forschung geeignet ist.<\/p>\n<p>F\u00fcr den Anbau erf\u00fcllen wir die GMCCP-Richtlinien (GMCCP &#8211; Good Medicinal Cannabis Cultivation Practice). Von der Trocknung bis zur Verpackung folgen wir den EU-Richtlinien f\u00fcr gute Herstellungspraxis (GMP), f\u00fcr die wir auch offiziell zertifiziert sind.[\/vc_column_text][\/vc_column][\/vc_row][vc_row][vc_column][mk_padding_divider][vc_single_image image=&#8221;139156&#8243; img_size=&#8221;full&#8221;][\/vc_column][\/vc_row][vc_row][vc_column][vc_column_text css=&#8221;.vc_custom_1698320459200{margin-bottom: 0px !important;}&#8221;]\n<h2><strong>GMCCP- Richtlinien f\u00fcr die Gute Medizinische Cannabisanbaupraxis<\/strong><\/h2>\n<p>F\u00fcr die Herstellung von Produkten in pharmazeutischer Qualit\u00e4t \u00fcbersteigt Bedrocan die Anforderungen der Europ\u00e4ischen Guten Agrarpraxis und Sammlungspraxis (EU-GACP). Derzeit sind die EU-GACP-Richtlinien der einzige Standard, der von den Regulierungsbeh\u00f6rden in der EU f\u00fcr den Anbau von medizinischem Cannabis verlangt wird. F\u00fcr Cannabis, das f\u00fcr medizinische und wissenschaftliche Zwecke bestimmt ist, h\u00e4lt Bedrocan die EU-GACP-Richtlinien jedoch nicht f\u00fcr ausreichend. Aus diesem Grund hat das Unternehmen <a href=\"https:\/\/bedrocan.com\/bedrocan-develops-new-practice-for-cannabis-cultivation\/\">seine eigenen Richtlinien f\u00fcr die Gute Medizinische Cannabisanbaupraxis (GMCCP) entwickelt<\/a>.<\/p>\n<p>Der GMCCP-Standard von Bedrocan \u00fcbernimmt viele GMP-Richtlinien und tr\u00e4gt der Komplexit\u00e4t des Anbaus der Cannabispflanze f\u00fcr medizinische und wissenschaftliche Zwecke Rechnung. Es bietet ein System f\u00fcr das Qualit\u00e4tsmanagement beim Anbau und bei der Herstellung von Cannabis als pharmazeutischen Wirkstoff (API) in einer vollst\u00e4ndig kontrollierten Innenanlage. Alle Bedrocan-Standorte halten sich strikt an die GMCCP-Richtlinien.[\/vc_column_text][mk_padding_divider][vc_cta h2=&#8221;GMCCP Whipe Paper&#8221; txt_align=&#8221;center&#8221; add_button=&#8221;bottom&#8221; btn_title=&#8221;Download&#8221; btn_align=&#8221;center&#8221; btn_link=&#8221;url:http%3A%2F%2Fbedrocan.com%2Fwp-content%2Fuploads%2Fbedrocan_white-paper-good-medicinal-cannabis-cultivation-practice_july2022.pdf|||&#8221;][\/vc_cta][mk_padding_divider][\/vc_column][\/vc_row][vc_row][vc_column][vc_column_text css=&#8221;.vc_custom_1709899362376{margin-bottom: 0px !important;}&#8221;]\n<h2><strong>GMP- Gute Herstellungspraxis<\/strong><\/h2>\n<p>Die gute Herstellungspraxis (GMP &#8211; Good Manufacturing Practice) ist von entscheidender Bedeutung, um sicherzustellen, dass medizinische Produkte konsistent nach festgelegten Qualit\u00e4tsstandards hergestellt und kontrolliert werden.\u00a0<a href=\"https:\/\/bedrocan.com\/de\/bedrocan-ist-der-weltweit-erste-gmp-hersteller\/\">Bedrocan war das erste Cannabisunternehmen der Welt, das eine GMP-Zertifizierung erhalten hat<\/a>. Unser GMP-zugelassener Produktionsprozess umfasst Folgendes:[\/vc_column_text][mk_custom_list margin_bottom=&#8221;32&#8243; align=&#8221;left&#8221;]\n<ul>\n<li>Trocknung<\/li>\n<li>Verarbeitung<\/li>\n<li>Gro\u00dfverpackung und Etikettierung<\/li>\n<\/ul>\n[\/mk_custom_list][mk_padding_divider][\/vc_column][\/vc_row][vc_row][vc_column][vc_column_text][\/vc_column_text][\/vc_column][\/vc_row]\n<\/div>","protected":false},"excerpt":{"rendered":"<p>[mk_page_section bg_image=&#8221;http:\/\/bedrocan.com\/wp-content\/uploads\/aankleedruimte-verwerking-emmeloord-bedrocan-5.jpg&#8221; bg_position=&#8221;center center&#8221; bg_repeat=&#8221;no-repeat&#8221; bg_stretch=&#8221;true&#8221; min_height=&#8221;300&#8243; full_width=&#8221;true&#8221; top_shape_color=&#8221;#ffffff&#8221; bottom_shape_color=&#8221;#ffffff&#8221; visibility=&#8221;hidden-sm&#8221; sidebar=&#8221;sidebar-1&#8243;][vc_column][\/vc_column][\/mk_page_section][vc_row][vc_column][vc_empty_space height=&#8221;45px&#8221;][vc_column_text css=&#8221;.vc_custom_1724411421279{margin-bottom: 0px !important;}&#8221;] Qualit\u00e4tsstandards [\/vc_column_text][vc_separator color=&#8221;custom&#8221; align=&#8221;align_left&#8221; border_width=&#8221;5&#8243; el_width=&#8221;10&#8243; accent_color=&#8221;#008752&#8243;][\/vc_column][\/vc_row][vc_row][vc_column][mk_padding_divider][vc_column_text css=&#8221;.vc_custom_1698320399681{margin-bottom: 0px !important;}&#8221;]Bei Bedrocan produzieren wir medizinisches Cannabis nach h\u00f6chsten Qualit\u00e4tsstandards. Unser gesamter Produktionsprozess unterliegt einer strengen Qualit\u00e4tskontrolle. Dies ist eine wesentliche Voraussetzung f\u00fcr die Bereitstellung eines Produkts, das f\u00fcr die Verwendung [&hellip;]<\/p>\n","protected":false},"author":3,"featured_media":120187,"parent":8106,"menu_order":4,"comment_status":"closed","ping_status":"closed","template":"","meta":{"footnotes":""},"class_list":["post-8090","page","type-page","status-publish","has-post-thumbnail","hentry"],"yoast_head":"<!-- This site is optimized with the Yoast SEO plugin v27.3 - https:\/\/yoast.com\/product\/yoast-seo-wordpress\/ -->\n<title>Qualit\u00e4tsstandards von Bedrocan<\/title>\n<meta name=\"description\" content=\"Hohe Qualit\u00e4tsstandards sind f\u00fcr Cannabis f\u00fcr den Patientengebrauch und die wissenschaftliche Forschung unerl\u00e4sslich.\" \/>\n<meta name=\"robots\" content=\"index, follow, max-snippet:-1, max-image-preview:large, max-video-preview:-1\" \/>\n<link rel=\"canonical\" href=\"https:\/\/bedrocan.com\/de\/ueber-uns\/qualitaetsstandards\/\" \/>\n<meta property=\"og:locale\" content=\"de_DE\" \/>\n<meta property=\"og:type\" content=\"article\" \/>\n<meta property=\"og:title\" content=\"Qualit\u00e4tsstandards von Bedrocan\" \/>\n<meta property=\"og:description\" content=\"Hohe Qualit\u00e4tsstandards sind f\u00fcr Cannabis f\u00fcr den Patientengebrauch und die wissenschaftliche Forschung unerl\u00e4sslich.\" \/>\n<meta property=\"og:url\" content=\"https:\/\/bedrocan.com\/de\/ueber-uns\/qualitaetsstandards\/\" \/>\n<meta property=\"og:site_name\" content=\"Bedrocan - standardised medicinal cannabis\" \/>\n<meta property=\"article:publisher\" content=\"https:\/\/www.facebook.com\/Bedrocan\" \/>\n<meta property=\"article:modified_time\" content=\"2025-06-19T13:02:28+00:00\" \/>\n<meta property=\"og:image\" content=\"https:\/\/bedrocan.com\/wp-content\/uploads\/aankleedruimte-verwerking-emmeloord-bedrocan-5.jpg\" \/>\n\t<meta property=\"og:image:width\" content=\"1280\" \/>\n\t<meta property=\"og:image:height\" content=\"300\" \/>\n\t<meta property=\"og:image:type\" content=\"image\/jpeg\" \/>\n<meta name=\"twitter:card\" content=\"summary_large_image\" \/>\n<meta name=\"twitter:label1\" content=\"Gesch\u00e4tzte Lesezeit\" \/>\n\t<meta name=\"twitter:data1\" content=\"2\u00a0Minuten\" \/>\n<script type=\"application\/ld+json\" class=\"yoast-schema-graph\">{\"@context\":\"https:\\\/\\\/schema.org\",\"@graph\":[{\"@type\":\"WebPage\",\"@id\":\"https:\\\/\\\/bedrocan.com\\\/de\\\/ueber-uns\\\/qualitaetsstandards\\\/\",\"url\":\"https:\\\/\\\/bedrocan.com\\\/de\\\/ueber-uns\\\/qualitaetsstandards\\\/\",\"name\":\"Qualit\u00e4tsstandards von Bedrocan\",\"isPartOf\":{\"@id\":\"https:\\\/\\\/bedrocan.com\\\/de\\\/#website\"},\"primaryImageOfPage\":{\"@id\":\"https:\\\/\\\/bedrocan.com\\\/de\\\/ueber-uns\\\/qualitaetsstandards\\\/#primaryimage\"},\"image\":{\"@id\":\"https:\\\/\\\/bedrocan.com\\\/de\\\/ueber-uns\\\/qualitaetsstandards\\\/#primaryimage\"},\"thumbnailUrl\":\"https:\\\/\\\/bedrocan.com\\\/wp-content\\\/uploads\\\/aankleedruimte-verwerking-emmeloord-bedrocan-5.jpg\",\"datePublished\":\"2025-06-06T09:38:03+00:00\",\"dateModified\":\"2025-06-19T13:02:28+00:00\",\"description\":\"Hohe Qualit\u00e4tsstandards sind f\u00fcr Cannabis f\u00fcr den Patientengebrauch und die wissenschaftliche Forschung unerl\u00e4sslich.\",\"breadcrumb\":{\"@id\":\"https:\\\/\\\/bedrocan.com\\\/de\\\/ueber-uns\\\/qualitaetsstandards\\\/#breadcrumb\"},\"inLanguage\":\"de\",\"potentialAction\":[{\"@type\":\"ReadAction\",\"target\":[\"https:\\\/\\\/bedrocan.com\\\/de\\\/ueber-uns\\\/qualitaetsstandards\\\/\"]}]},{\"@type\":\"ImageObject\",\"inLanguage\":\"de\",\"@id\":\"https:\\\/\\\/bedrocan.com\\\/de\\\/ueber-uns\\\/qualitaetsstandards\\\/#primaryimage\",\"url\":\"https:\\\/\\\/bedrocan.com\\\/wp-content\\\/uploads\\\/aankleedruimte-verwerking-emmeloord-bedrocan-5.jpg\",\"contentUrl\":\"https:\\\/\\\/bedrocan.com\\\/wp-content\\\/uploads\\\/aankleedruimte-verwerking-emmeloord-bedrocan-5.jpg\",\"width\":1280,\"height\":300,\"caption\":\"GMP-Zertifizierung\"},{\"@type\":\"BreadcrumbList\",\"@id\":\"https:\\\/\\\/bedrocan.com\\\/de\\\/ueber-uns\\\/qualitaetsstandards\\\/#breadcrumb\",\"itemListElement\":[{\"@type\":\"ListItem\",\"position\":1,\"name\":\"Home\",\"item\":\"https:\\\/\\\/bedrocan.com\\\/de\\\/\"},{\"@type\":\"ListItem\",\"position\":2,\"name\":\"\u00dcber uns\",\"item\":\"https:\\\/\\\/bedrocan.com\\\/de\\\/ueber-uns\\\/\"},{\"@type\":\"ListItem\",\"position\":3,\"name\":\"Qualit\u00e4tsstandards\"}]},{\"@type\":\"WebSite\",\"@id\":\"https:\\\/\\\/bedrocan.com\\\/de\\\/#website\",\"url\":\"https:\\\/\\\/bedrocan.com\\\/de\\\/\",\"name\":\"Bedrocan\",\"description\":\"medicinal cannabis\",\"publisher\":{\"@id\":\"https:\\\/\\\/bedrocan.com\\\/de\\\/#organization\"},\"potentialAction\":[{\"@type\":\"SearchAction\",\"target\":{\"@type\":\"EntryPoint\",\"urlTemplate\":\"https:\\\/\\\/bedrocan.com\\\/de\\\/?s={search_term_string}\"},\"query-input\":{\"@type\":\"PropertyValueSpecification\",\"valueRequired\":true,\"valueName\":\"search_term_string\"}}],\"inLanguage\":\"de\"},{\"@type\":\"Organization\",\"@id\":\"https:\\\/\\\/bedrocan.com\\\/de\\\/#organization\",\"name\":\"Bedrocan\",\"url\":\"https:\\\/\\\/bedrocan.com\\\/de\\\/\",\"logo\":{\"@type\":\"ImageObject\",\"inLanguage\":\"de\",\"@id\":\"https:\\\/\\\/bedrocan.com\\\/de\\\/#\\\/schema\\\/logo\\\/image\\\/\",\"url\":\"https:\\\/\\\/bedrocan.com\\\/wp-content\\\/uploads\\\/logo-bedrocan-mail.png\",\"contentUrl\":\"https:\\\/\\\/bedrocan.com\\\/wp-content\\\/uploads\\\/logo-bedrocan-mail.png\",\"width\":185,\"height\":31,\"caption\":\"Bedrocan\"},\"image\":{\"@id\":\"https:\\\/\\\/bedrocan.com\\\/de\\\/#\\\/schema\\\/logo\\\/image\\\/\"},\"sameAs\":[\"https:\\\/\\\/www.facebook.com\\\/Bedrocan\",\"https:\\\/\\\/www.linkedin.com\\\/company\\\/bedrocan\\\/\",\"https:\\\/\\\/www.instagram.com\\\/bedrocan_international\\\/\"]}]}<\/script>\n<!-- \/ Yoast SEO plugin. -->","yoast_head_json":{"title":"Qualit\u00e4tsstandards von Bedrocan","description":"Hohe Qualit\u00e4tsstandards sind f\u00fcr Cannabis f\u00fcr den Patientengebrauch und die wissenschaftliche Forschung unerl\u00e4sslich.","robots":{"index":"index","follow":"follow","max-snippet":"max-snippet:-1","max-image-preview":"max-image-preview:large","max-video-preview":"max-video-preview:-1"},"canonical":"https:\/\/bedrocan.com\/de\/ueber-uns\/qualitaetsstandards\/","og_locale":"de_DE","og_type":"article","og_title":"Qualit\u00e4tsstandards von Bedrocan","og_description":"Hohe Qualit\u00e4tsstandards sind f\u00fcr Cannabis f\u00fcr den Patientengebrauch und die wissenschaftliche Forschung unerl\u00e4sslich.","og_url":"https:\/\/bedrocan.com\/de\/ueber-uns\/qualitaetsstandards\/","og_site_name":"Bedrocan - standardised medicinal cannabis","article_publisher":"https:\/\/www.facebook.com\/Bedrocan","article_modified_time":"2025-06-19T13:02:28+00:00","og_image":[{"width":1280,"height":300,"url":"https:\/\/bedrocan.com\/wp-content\/uploads\/aankleedruimte-verwerking-emmeloord-bedrocan-5.jpg","type":"image\/jpeg"}],"twitter_card":"summary_large_image","twitter_misc":{"Gesch\u00e4tzte Lesezeit":"2\u00a0Minuten"},"schema":{"@context":"https:\/\/schema.org","@graph":[{"@type":"WebPage","@id":"https:\/\/bedrocan.com\/de\/ueber-uns\/qualitaetsstandards\/","url":"https:\/\/bedrocan.com\/de\/ueber-uns\/qualitaetsstandards\/","name":"Qualit\u00e4tsstandards von Bedrocan","isPartOf":{"@id":"https:\/\/bedrocan.com\/de\/#website"},"primaryImageOfPage":{"@id":"https:\/\/bedrocan.com\/de\/ueber-uns\/qualitaetsstandards\/#primaryimage"},"image":{"@id":"https:\/\/bedrocan.com\/de\/ueber-uns\/qualitaetsstandards\/#primaryimage"},"thumbnailUrl":"https:\/\/bedrocan.com\/wp-content\/uploads\/aankleedruimte-verwerking-emmeloord-bedrocan-5.jpg","datePublished":"2025-06-06T09:38:03+00:00","dateModified":"2025-06-19T13:02:28+00:00","description":"Hohe Qualit\u00e4tsstandards sind f\u00fcr Cannabis f\u00fcr den Patientengebrauch und die wissenschaftliche Forschung unerl\u00e4sslich.","breadcrumb":{"@id":"https:\/\/bedrocan.com\/de\/ueber-uns\/qualitaetsstandards\/#breadcrumb"},"inLanguage":"de","potentialAction":[{"@type":"ReadAction","target":["https:\/\/bedrocan.com\/de\/ueber-uns\/qualitaetsstandards\/"]}]},{"@type":"ImageObject","inLanguage":"de","@id":"https:\/\/bedrocan.com\/de\/ueber-uns\/qualitaetsstandards\/#primaryimage","url":"https:\/\/bedrocan.com\/wp-content\/uploads\/aankleedruimte-verwerking-emmeloord-bedrocan-5.jpg","contentUrl":"https:\/\/bedrocan.com\/wp-content\/uploads\/aankleedruimte-verwerking-emmeloord-bedrocan-5.jpg","width":1280,"height":300,"caption":"GMP-Zertifizierung"},{"@type":"BreadcrumbList","@id":"https:\/\/bedrocan.com\/de\/ueber-uns\/qualitaetsstandards\/#breadcrumb","itemListElement":[{"@type":"ListItem","position":1,"name":"Home","item":"https:\/\/bedrocan.com\/de\/"},{"@type":"ListItem","position":2,"name":"\u00dcber uns","item":"https:\/\/bedrocan.com\/de\/ueber-uns\/"},{"@type":"ListItem","position":3,"name":"Qualit\u00e4tsstandards"}]},{"@type":"WebSite","@id":"https:\/\/bedrocan.com\/de\/#website","url":"https:\/\/bedrocan.com\/de\/","name":"Bedrocan","description":"medicinal cannabis","publisher":{"@id":"https:\/\/bedrocan.com\/de\/#organization"},"potentialAction":[{"@type":"SearchAction","target":{"@type":"EntryPoint","urlTemplate":"https:\/\/bedrocan.com\/de\/?s={search_term_string}"},"query-input":{"@type":"PropertyValueSpecification","valueRequired":true,"valueName":"search_term_string"}}],"inLanguage":"de"},{"@type":"Organization","@id":"https:\/\/bedrocan.com\/de\/#organization","name":"Bedrocan","url":"https:\/\/bedrocan.com\/de\/","logo":{"@type":"ImageObject","inLanguage":"de","@id":"https:\/\/bedrocan.com\/de\/#\/schema\/logo\/image\/","url":"https:\/\/bedrocan.com\/wp-content\/uploads\/logo-bedrocan-mail.png","contentUrl":"https:\/\/bedrocan.com\/wp-content\/uploads\/logo-bedrocan-mail.png","width":185,"height":31,"caption":"Bedrocan"},"image":{"@id":"https:\/\/bedrocan.com\/de\/#\/schema\/logo\/image\/"},"sameAs":["https:\/\/www.facebook.com\/Bedrocan","https:\/\/www.linkedin.com\/company\/bedrocan\/","https:\/\/www.instagram.com\/bedrocan_international\/"]}]}},"_links":{"self":[{"href":"https:\/\/bedrocan.com\/de\/wp-json\/wp\/v2\/pages\/8090","targetHints":{"allow":["GET"]}}],"collection":[{"href":"https:\/\/bedrocan.com\/de\/wp-json\/wp\/v2\/pages"}],"about":[{"href":"https:\/\/bedrocan.com\/de\/wp-json\/wp\/v2\/types\/page"}],"author":[{"embeddable":true,"href":"https:\/\/bedrocan.com\/de\/wp-json\/wp\/v2\/users\/3"}],"replies":[{"embeddable":true,"href":"https:\/\/bedrocan.com\/de\/wp-json\/wp\/v2\/comments?post=8090"}],"version-history":[{"count":5,"href":"https:\/\/bedrocan.com\/de\/wp-json\/wp\/v2\/pages\/8090\/revisions"}],"predecessor-version":[{"id":203888,"href":"https:\/\/bedrocan.com\/de\/wp-json\/wp\/v2\/pages\/8090\/revisions\/203888"}],"up":[{"embeddable":true,"href":"https:\/\/bedrocan.com\/de\/wp-json\/wp\/v2\/pages\/8106"}],"wp:featuredmedia":[{"embeddable":true,"href":"https:\/\/bedrocan.com\/de\/wp-json\/wp\/v2\/media\/120187"}],"wp:attachment":[{"href":"https:\/\/bedrocan.com\/de\/wp-json\/wp\/v2\/media?parent=8090"}],"curies":[{"name":"wp","href":"https:\/\/api.w.org\/{rel}","templated":true}]}}