{"id":8093,"date":"2020-09-03T10:40:47","date_gmt":"2020-09-03T08:40:47","guid":{"rendered":"http:\/\/bedrocan.com\/history\/"},"modified":"2025-06-19T14:35:37","modified_gmt":"2025-06-19T12:35:37","slug":"dosierung","status":"publish","type":"page","link":"https:\/\/bedrocan.com\/de\/medizinische-fachkreise\/dosierung\/","title":{"rendered":"Dosierung"},"content":{"rendered":"<div class=\"wpb-content-wrapper\">[mk_page_section bg_image=&#8221;http:\/\/bedrocan.com\/wp-content\/uploads\/bedrocan_aboutus_header-1.jpg&#8221; bg_position=&#8221;center center&#8221; bg_repeat=&#8221;no-repeat&#8221; bg_stretch=&#8221;true&#8221; min_height=&#8221;300&#8243; full_width=&#8221;true&#8221; top_shape_color=&#8221;#ffffff&#8221; bottom_shape_color=&#8221;#ffffff&#8221; visibility=&#8221;hidden-sm&#8221; sidebar=&#8221;sidebar-1&#8243;][vc_column][\/vc_column][\/mk_page_section][vc_row][vc_column][vc_empty_space height=&#8221;45px&#8221;][vc_column_text css=&#8221;.vc_custom_1599131269417{margin-bottom: 0px !important;}&#8221;]\n<h1><strong>Dosierung<\/strong><\/h1>\n[\/vc_column_text][vc_separator color=&#8221;custom&#8221; align=&#8221;align_left&#8221; border_width=&#8221;5&#8243; el_width=&#8221;10&#8243; accent_color=&#8221;#008752&#8243;][\/vc_column][\/vc_row][vc_row][vc_column][mk_padding_divider][vc_column_text css=&#8221;.vc_custom_1611223630908{margin-bottom: 0px !important;}&#8221;]Die Dosierung ist von Patient zu Patient unterschiedlich. Wichtig ist, dass die Dosierung \u2013 unabh\u00e4ngig vom jeweiligen Produkt \u2013 langsam titriert (erh\u00f6ht) wird. Dabei liegt der Schwerpunkt darauf, die richtige Dosis f\u00fcr jeden einzelnen Patienten zu ermitteln, um alle Vorteile des medizinischen Cannabis auch wirklich zu nutzen.<\/p>\n<p>Die meisten unerw\u00fcnschten Nebenwirkungen des medizinischem Cannabis\u00a0lassen sich n\u00e4mlich vermeiden, indem man einige einfache Richtlinien beachtet:<\/p>\n<h2>Geringe Dosis<\/h2>\n<p>Es sollten lieber mehrere kleine Dosierungen \u00fcber den Tag verteilt werden, die insgesamt das gew\u00fcnschte Ergebnis erzielen, als mit einer hohen Dosis zu experimentieren.<\/p>\n<h2>Geduld<\/h2>\n<p>Cannabis kann von Patient zu Patient ganz unterschiedlich wirken. Man sollte warten, bis die Wirkung eintritt (oder auch nicht). Am besten sollte man mehrere Tage lang die gleiche (geringe) Dosis verwenden und die eventuelle Wirkung \u00fcberwachen.<\/p>\n<h2>Langsame Erh\u00f6hung der Dosis<\/h2>\n<p>Nach einigen Tagen kann der Patient die Dosis erh\u00f6hen, aber nur langsam. Nach jeder Dosiserh\u00f6hung einige Tage warten, um den Fortschritt festzustellen.<\/p>\n<p>Innerhalb von etwa 1-2 Wochen sollten die Patienten in der Lage sein, ihre eigene pers\u00f6nliche Dosis festzustellen, bei der die st\u00e4rkste medizinische Wirkung bei minimalen\u00a0<a href=\"https:\/\/bedrocan.com\/de\/medizinische-fachkreise\/nebenwirkungen-und-risiken\/\">Nebenwirkungen<\/a>\u00a0auftritt.[\/vc_column_text][\/vc_column][\/vc_row][vc_row][vc_column][mk_padding_divider][vc_column_text css=&#8221;.vc_custom_1619015488868{margin-bottom: 0px !important;}&#8221;]\n<h4>Dosierung und \u00dcberdosierung von Cannabis<\/h4>\n<p>Durch das Erstellen eines Behandlungsprotokolls kann eine \u00dcberdosierung normalerweise vermieden werden. Wenn ein Patient zu hohe Dosen THC einnimmt, kann es zu einem Rauschzustand kommen. Dieser wird oft als eine leichte Euphorie beschrieben oder hat eine beruhigende Wirkung und f\u00fchrt zu Schl\u00e4frigkeit. Mit der Zeit werden daraus Gef\u00fchle der Zufriedenheit und Entspannung. Bei manchen Personen kann es zu einer leichten Beeintr\u00e4chtigung des Kurzzeitged\u00e4chtnisses und einer Erh\u00f6hung der Herzfrequenz kommen. Andere Nebenwirkungen sind unkontrolliertes Lachen und eine ver\u00e4nderte Wahrnehmung des Umfelds (Farben, Ger\u00e4usche).<\/p>\n<p>In einigen F\u00e4llen kann eine \u00dcberdosierung zu einer gest\u00f6rten Realit\u00e4tswahrnehmung, leichten Angstzust\u00e4nden und Ver\u00e4nderungen der Herzfrequenz und des Blutdrucks f\u00fchren. In diesen F\u00e4llen reicht es meistens, wenn sich der Patient in einer ruhigen und entspannten Umgebung hinsetzt oder hinlegt und ihm eine vertraute Person Gesellschaft leistet.<\/p>\n<p>Bei einer sehr starken \u00dcberdosierung kann es zu psychotischen Zust\u00e4nden oder anderen psychiatrischen Erkrankungen kommen &#8211; besonders bei Patienten mit einer diesbez\u00fcglichen erblichen Veranlagung.<\/p>\n<h4>High-Zustand vorbeugen<\/h4>\n<p>Manche Patienten erleben einen ungewollten High-Zustand. Dies kann durch eine niedrigere Dosierung oder die langsame Erh\u00f6hung der Dosis \u00fcber einen l\u00e4ngeren Zeitraum verhindert werden. Die Wahrscheinlichkeit, dass diese Nebenwirkungen auftreten, ist bei der oralen Einnahme von medizinischem Cannabis h\u00f6her, da das Verdauungssystem THC-Stoffwechselprodukte freisetzt. Das sind Chemikalien, die eine noch st\u00e4rkere psychoaktive Wirkung haben als THC selbst. Dies ist einer der Gr\u00fcnde, warum es beim Cannabiskonsum in Form von Speisen h\u00e4ufig zu Problemen mit \u00dcberdosierung kommt.<\/p>\n<p>Beim Cannabiskonsum in Form von Tee (einer leicht verdaulichen Fl\u00fcssigkeit) treten derartige Nebenwirkungen weniger h\u00e4ufig auf. Patienten, die anf\u00e4llig f\u00fcr Psychosen sind, wird empfohlen, Cannabis Bediol\u00ae einzunehmen, da CBD erwiesenerma\u00dfen die psychoaktiven Wirkungen von THC hemmen kann.<\/p>\n<p>Siehe auch: <a href=\"https:\/\/bedrocan.com\/de\/medizinische-fachkreise\/nebenwirkungen-und-risiken\/\">Nebenwirkungen und Risiken<\/a>[\/vc_column_text][\/vc_column][\/vc_row][vc_row][vc_column][mk_padding_divider][\/vc_column][\/vc_row]\n<\/div>","protected":false},"excerpt":{"rendered":"<p>[mk_page_section bg_image=&#8221;http:\/\/bedrocan.com\/wp-content\/uploads\/bedrocan_aboutus_header-1.jpg&#8221; bg_position=&#8221;center center&#8221; bg_repeat=&#8221;no-repeat&#8221; bg_stretch=&#8221;true&#8221; min_height=&#8221;300&#8243; full_width=&#8221;true&#8221; top_shape_color=&#8221;#ffffff&#8221; bottom_shape_color=&#8221;#ffffff&#8221; visibility=&#8221;hidden-sm&#8221; sidebar=&#8221;sidebar-1&#8243;][vc_column][\/vc_column][\/mk_page_section][vc_row][vc_column][vc_empty_space height=&#8221;45px&#8221;][vc_column_text css=&#8221;.vc_custom_1599131269417{margin-bottom: 0px !important;}&#8221;] Dosierung [\/vc_column_text][vc_separator color=&#8221;custom&#8221; align=&#8221;align_left&#8221; border_width=&#8221;5&#8243; el_width=&#8221;10&#8243; accent_color=&#8221;#008752&#8243;][\/vc_column][\/vc_row][vc_row][vc_column][mk_padding_divider][vc_column_text css=&#8221;.vc_custom_1611223630908{margin-bottom: 0px !important;}&#8221;]Die Dosierung ist von Patient zu Patient unterschiedlich. Wichtig ist, dass die Dosierung \u2013 unabh\u00e4ngig vom jeweiligen Produkt \u2013 langsam titriert (erh\u00f6ht) wird. Dabei liegt der Schwerpunkt darauf, die richtige [&hellip;]<\/p>\n","protected":false},"author":3,"featured_media":158513,"parent":144210,"menu_order":1,"comment_status":"closed","ping_status":"closed","template":"","meta":{"footnotes":""},"class_list":["post-8093","page","type-page","status-publish","has-post-thumbnail","hentry"],"yoast_head":"<!-- This site is optimized with the Yoast SEO plugin v27.3 - https:\/\/yoast.com\/product\/yoast-seo-wordpress\/ -->\n<title>Dosierung von medizinischen Cannabis ist nicht einfach<\/title>\n<meta name=\"description\" content=\"Die Dosierung von medizinischen Cannabis ist von Patient zu Patient unterschiedlich. Wichtig ist, dass die Dosierung immer langsam erh\u00f6ht wird.\" \/>\n<meta name=\"robots\" content=\"index, follow, max-snippet:-1, max-image-preview:large, max-video-preview:-1\" \/>\n<link rel=\"canonical\" href=\"https:\/\/bedrocan.com\/de\/medizinische-fachkreise\/dosierung\/\" \/>\n<meta property=\"og:locale\" content=\"de_DE\" \/>\n<meta property=\"og:type\" content=\"article\" \/>\n<meta property=\"og:title\" content=\"Dosierung von medizinischen Cannabis ist nicht einfach\" \/>\n<meta property=\"og:description\" content=\"Die Dosierung von medizinischen Cannabis ist von Patient zu Patient unterschiedlich. Wichtig ist, dass die Dosierung immer langsam erh\u00f6ht wird.\" \/>\n<meta property=\"og:url\" content=\"https:\/\/bedrocan.com\/de\/medizinische-fachkreise\/dosierung\/\" \/>\n<meta property=\"og:site_name\" content=\"Bedrocan - standardised medicinal cannabis\" \/>\n<meta property=\"article:publisher\" content=\"https:\/\/www.facebook.com\/Bedrocan\" \/>\n<meta property=\"article:modified_time\" content=\"2025-06-19T12:35:37+00:00\" \/>\n<meta property=\"og:image\" content=\"https:\/\/bedrocan.com\/wp-content\/uploads\/bedica-medicinal-cannabis-by-bedrocan-18.png\" \/>\n\t<meta property=\"og:image:width\" content=\"1280\" \/>\n\t<meta property=\"og:image:height\" content=\"852\" \/>\n\t<meta property=\"og:image:type\" content=\"image\/png\" \/>\n<meta name=\"twitter:card\" content=\"summary_large_image\" \/>\n<meta name=\"twitter:label1\" content=\"Gesch\u00e4tzte Lesezeit\" \/>\n\t<meta name=\"twitter:data1\" content=\"3\u00a0Minuten\" \/>\n<script type=\"application\/ld+json\" class=\"yoast-schema-graph\">{\"@context\":\"https:\\\/\\\/schema.org\",\"@graph\":[{\"@type\":\"WebPage\",\"@id\":\"https:\\\/\\\/bedrocan.com\\\/de\\\/medizinische-fachkreise\\\/dosierung\\\/\",\"url\":\"https:\\\/\\\/bedrocan.com\\\/de\\\/medizinische-fachkreise\\\/dosierung\\\/\",\"name\":\"Dosierung von medizinischen Cannabis ist nicht einfach\",\"isPartOf\":{\"@id\":\"https:\\\/\\\/bedrocan.com\\\/de\\\/#website\"},\"primaryImageOfPage\":{\"@id\":\"https:\\\/\\\/bedrocan.com\\\/de\\\/medizinische-fachkreise\\\/dosierung\\\/#primaryimage\"},\"image\":{\"@id\":\"https:\\\/\\\/bedrocan.com\\\/de\\\/medizinische-fachkreise\\\/dosierung\\\/#primaryimage\"},\"thumbnailUrl\":\"https:\\\/\\\/bedrocan.com\\\/wp-content\\\/uploads\\\/bedica-medicinal-cannabis-by-bedrocan-18.png\",\"datePublished\":\"2020-09-03T08:40:47+00:00\",\"dateModified\":\"2025-06-19T12:35:37+00:00\",\"description\":\"Die Dosierung von medizinischen Cannabis ist von Patient zu Patient unterschiedlich. Wichtig ist, dass die Dosierung immer langsam erh\u00f6ht wird.\",\"breadcrumb\":{\"@id\":\"https:\\\/\\\/bedrocan.com\\\/de\\\/medizinische-fachkreise\\\/dosierung\\\/#breadcrumb\"},\"inLanguage\":\"de\",\"potentialAction\":[{\"@type\":\"ReadAction\",\"target\":[\"https:\\\/\\\/bedrocan.com\\\/de\\\/medizinische-fachkreise\\\/dosierung\\\/\"]}]},{\"@type\":\"ImageObject\",\"inLanguage\":\"de\",\"@id\":\"https:\\\/\\\/bedrocan.com\\\/de\\\/medizinische-fachkreise\\\/dosierung\\\/#primaryimage\",\"url\":\"https:\\\/\\\/bedrocan.com\\\/wp-content\\\/uploads\\\/bedica-medicinal-cannabis-by-bedrocan-18.png\",\"contentUrl\":\"https:\\\/\\\/bedrocan.com\\\/wp-content\\\/uploads\\\/bedica-medicinal-cannabis-by-bedrocan-18.png\",\"width\":1280,\"height\":852,\"caption\":\"dosis cannabis medicinal\"},{\"@type\":\"BreadcrumbList\",\"@id\":\"https:\\\/\\\/bedrocan.com\\\/de\\\/medizinische-fachkreise\\\/dosierung\\\/#breadcrumb\",\"itemListElement\":[{\"@type\":\"ListItem\",\"position\":1,\"name\":\"Home\",\"item\":\"https:\\\/\\\/bedrocan.com\\\/de\\\/\"},{\"@type\":\"ListItem\",\"position\":2,\"name\":\"Medizinische Fachkreise\",\"item\":\"https:\\\/\\\/bedrocan.com\\\/de\\\/medizinische-fachkreise\\\/\"},{\"@type\":\"ListItem\",\"position\":3,\"name\":\"Dosierung\"}]},{\"@type\":\"WebSite\",\"@id\":\"https:\\\/\\\/bedrocan.com\\\/de\\\/#website\",\"url\":\"https:\\\/\\\/bedrocan.com\\\/de\\\/\",\"name\":\"Bedrocan\",\"description\":\"medicinal cannabis\",\"publisher\":{\"@id\":\"https:\\\/\\\/bedrocan.com\\\/de\\\/#organization\"},\"potentialAction\":[{\"@type\":\"SearchAction\",\"target\":{\"@type\":\"EntryPoint\",\"urlTemplate\":\"https:\\\/\\\/bedrocan.com\\\/de\\\/?s={search_term_string}\"},\"query-input\":{\"@type\":\"PropertyValueSpecification\",\"valueRequired\":true,\"valueName\":\"search_term_string\"}}],\"inLanguage\":\"de\"},{\"@type\":\"Organization\",\"@id\":\"https:\\\/\\\/bedrocan.com\\\/de\\\/#organization\",\"name\":\"Bedrocan\",\"url\":\"https:\\\/\\\/bedrocan.com\\\/de\\\/\",\"logo\":{\"@type\":\"ImageObject\",\"inLanguage\":\"de\",\"@id\":\"https:\\\/\\\/bedrocan.com\\\/de\\\/#\\\/schema\\\/logo\\\/image\\\/\",\"url\":\"https:\\\/\\\/bedrocan.com\\\/wp-content\\\/uploads\\\/logo-bedrocan-mail.png\",\"contentUrl\":\"https:\\\/\\\/bedrocan.com\\\/wp-content\\\/uploads\\\/logo-bedrocan-mail.png\",\"width\":185,\"height\":31,\"caption\":\"Bedrocan\"},\"image\":{\"@id\":\"https:\\\/\\\/bedrocan.com\\\/de\\\/#\\\/schema\\\/logo\\\/image\\\/\"},\"sameAs\":[\"https:\\\/\\\/www.facebook.com\\\/Bedrocan\",\"https:\\\/\\\/www.linkedin.com\\\/company\\\/bedrocan\\\/\",\"https:\\\/\\\/www.instagram.com\\\/bedrocan_international\\\/\"]}]}<\/script>\n<!-- \/ Yoast SEO plugin. -->","yoast_head_json":{"title":"Dosierung von medizinischen Cannabis ist nicht einfach","description":"Die Dosierung von medizinischen Cannabis ist von Patient zu Patient unterschiedlich. Wichtig ist, dass die Dosierung immer langsam erh\u00f6ht wird.","robots":{"index":"index","follow":"follow","max-snippet":"max-snippet:-1","max-image-preview":"max-image-preview:large","max-video-preview":"max-video-preview:-1"},"canonical":"https:\/\/bedrocan.com\/de\/medizinische-fachkreise\/dosierung\/","og_locale":"de_DE","og_type":"article","og_title":"Dosierung von medizinischen Cannabis ist nicht einfach","og_description":"Die Dosierung von medizinischen Cannabis ist von Patient zu Patient unterschiedlich. Wichtig ist, dass die Dosierung immer langsam erh\u00f6ht wird.","og_url":"https:\/\/bedrocan.com\/de\/medizinische-fachkreise\/dosierung\/","og_site_name":"Bedrocan - standardised medicinal cannabis","article_publisher":"https:\/\/www.facebook.com\/Bedrocan","article_modified_time":"2025-06-19T12:35:37+00:00","og_image":[{"width":1280,"height":852,"url":"https:\/\/bedrocan.com\/wp-content\/uploads\/bedica-medicinal-cannabis-by-bedrocan-18.png","type":"image\/png"}],"twitter_card":"summary_large_image","twitter_misc":{"Gesch\u00e4tzte Lesezeit":"3\u00a0Minuten"},"schema":{"@context":"https:\/\/schema.org","@graph":[{"@type":"WebPage","@id":"https:\/\/bedrocan.com\/de\/medizinische-fachkreise\/dosierung\/","url":"https:\/\/bedrocan.com\/de\/medizinische-fachkreise\/dosierung\/","name":"Dosierung von medizinischen Cannabis ist nicht einfach","isPartOf":{"@id":"https:\/\/bedrocan.com\/de\/#website"},"primaryImageOfPage":{"@id":"https:\/\/bedrocan.com\/de\/medizinische-fachkreise\/dosierung\/#primaryimage"},"image":{"@id":"https:\/\/bedrocan.com\/de\/medizinische-fachkreise\/dosierung\/#primaryimage"},"thumbnailUrl":"https:\/\/bedrocan.com\/wp-content\/uploads\/bedica-medicinal-cannabis-by-bedrocan-18.png","datePublished":"2020-09-03T08:40:47+00:00","dateModified":"2025-06-19T12:35:37+00:00","description":"Die Dosierung von medizinischen Cannabis ist von Patient zu Patient unterschiedlich. Wichtig ist, dass die Dosierung immer langsam erh\u00f6ht wird.","breadcrumb":{"@id":"https:\/\/bedrocan.com\/de\/medizinische-fachkreise\/dosierung\/#breadcrumb"},"inLanguage":"de","potentialAction":[{"@type":"ReadAction","target":["https:\/\/bedrocan.com\/de\/medizinische-fachkreise\/dosierung\/"]}]},{"@type":"ImageObject","inLanguage":"de","@id":"https:\/\/bedrocan.com\/de\/medizinische-fachkreise\/dosierung\/#primaryimage","url":"https:\/\/bedrocan.com\/wp-content\/uploads\/bedica-medicinal-cannabis-by-bedrocan-18.png","contentUrl":"https:\/\/bedrocan.com\/wp-content\/uploads\/bedica-medicinal-cannabis-by-bedrocan-18.png","width":1280,"height":852,"caption":"dosis cannabis medicinal"},{"@type":"BreadcrumbList","@id":"https:\/\/bedrocan.com\/de\/medizinische-fachkreise\/dosierung\/#breadcrumb","itemListElement":[{"@type":"ListItem","position":1,"name":"Home","item":"https:\/\/bedrocan.com\/de\/"},{"@type":"ListItem","position":2,"name":"Medizinische Fachkreise","item":"https:\/\/bedrocan.com\/de\/medizinische-fachkreise\/"},{"@type":"ListItem","position":3,"name":"Dosierung"}]},{"@type":"WebSite","@id":"https:\/\/bedrocan.com\/de\/#website","url":"https:\/\/bedrocan.com\/de\/","name":"Bedrocan","description":"medicinal cannabis","publisher":{"@id":"https:\/\/bedrocan.com\/de\/#organization"},"potentialAction":[{"@type":"SearchAction","target":{"@type":"EntryPoint","urlTemplate":"https:\/\/bedrocan.com\/de\/?s={search_term_string}"},"query-input":{"@type":"PropertyValueSpecification","valueRequired":true,"valueName":"search_term_string"}}],"inLanguage":"de"},{"@type":"Organization","@id":"https:\/\/bedrocan.com\/de\/#organization","name":"Bedrocan","url":"https:\/\/bedrocan.com\/de\/","logo":{"@type":"ImageObject","inLanguage":"de","@id":"https:\/\/bedrocan.com\/de\/#\/schema\/logo\/image\/","url":"https:\/\/bedrocan.com\/wp-content\/uploads\/logo-bedrocan-mail.png","contentUrl":"https:\/\/bedrocan.com\/wp-content\/uploads\/logo-bedrocan-mail.png","width":185,"height":31,"caption":"Bedrocan"},"image":{"@id":"https:\/\/bedrocan.com\/de\/#\/schema\/logo\/image\/"},"sameAs":["https:\/\/www.facebook.com\/Bedrocan","https:\/\/www.linkedin.com\/company\/bedrocan\/","https:\/\/www.instagram.com\/bedrocan_international\/"]}]}},"_links":{"self":[{"href":"https:\/\/bedrocan.com\/de\/wp-json\/wp\/v2\/pages\/8093","targetHints":{"allow":["GET"]}}],"collection":[{"href":"https:\/\/bedrocan.com\/de\/wp-json\/wp\/v2\/pages"}],"about":[{"href":"https:\/\/bedrocan.com\/de\/wp-json\/wp\/v2\/types\/page"}],"author":[{"embeddable":true,"href":"https:\/\/bedrocan.com\/de\/wp-json\/wp\/v2\/users\/3"}],"replies":[{"embeddable":true,"href":"https:\/\/bedrocan.com\/de\/wp-json\/wp\/v2\/comments?post=8093"}],"version-history":[{"count":5,"href":"https:\/\/bedrocan.com\/de\/wp-json\/wp\/v2\/pages\/8093\/revisions"}],"predecessor-version":[{"id":203670,"href":"https:\/\/bedrocan.com\/de\/wp-json\/wp\/v2\/pages\/8093\/revisions\/203670"}],"up":[{"embeddable":true,"href":"https:\/\/bedrocan.com\/de\/wp-json\/wp\/v2\/pages\/144210"}],"wp:featuredmedia":[{"embeddable":true,"href":"https:\/\/bedrocan.com\/de\/wp-json\/wp\/v2\/media\/158513"}],"wp:attachment":[{"href":"https:\/\/bedrocan.com\/de\/wp-json\/wp\/v2\/media?parent=8093"}],"curies":[{"name":"wp","href":"https:\/\/api.w.org\/{rel}","templated":true}]}}