{"id":8100,"date":"2024-08-23T10:00:25","date_gmt":"2024-08-23T08:00:25","guid":{"rendered":"http:\/\/bedrocan.com\/our-method\/"},"modified":"2025-06-19T14:58:12","modified_gmt":"2025-06-19T12:58:12","slug":"standardisierung-unsere-methode","status":"publish","type":"page","link":"https:\/\/bedrocan.com\/de\/ueber-uns\/standardisierung-unsere-methode\/","title":{"rendered":"Unsere Methode"},"content":{"rendered":"<div class=\"wpb-content-wrapper\">[mk_page_section bg_image=&#8221;http:\/\/bedrocan.com\/wp-content\/uploads\/verwerking-personeel-emmeloord-bedrocan-57.jpg&#8221; bg_position=&#8221;center center&#8221; bg_repeat=&#8221;no-repeat&#8221; bg_stretch=&#8221;true&#8221; min_height=&#8221;300&#8243; full_width=&#8221;true&#8221; top_shape_color=&#8221;#ffffff&#8221; bottom_shape_color=&#8221;#ffffff&#8221; visibility=&#8221;hidden-sm&#8221; sidebar=&#8221;sidebar-1&#8243;][vc_column][\/vc_column][\/mk_page_section][vc_row][vc_column][vc_empty_space height=&#8221;45px&#8221;][vc_column_text css=&#8221;.vc_custom_1654245554638{margin-bottom: 0px !important;}&#8221;]\n<h1>Unsere Methode: Standardisierung<\/h1>\n[\/vc_column_text][vc_separator color=&#8221;custom&#8221; align=&#8221;align_left&#8221; border_width=&#8221;5&#8243; el_width=&#8221;10&#8243; css=&#8221;&#8221; accent_color=&#8221;#008752&#8243;][\/vc_column][\/vc_row][vc_row][vc_column][mk_padding_divider][vc_column_text css=&#8221;.vc_custom_1654245569232{margin-bottom: 0px !important;}&#8221;]\n<h2>Einheitlichkeit durch Standardisierung<\/h2>\n<p>Bedrocan ist das weltweit einzige Unternehmen, das nachweislich in der Lage ist, standardisiertes Cannabis flos (ganze, getrocknete Bl\u00fcten) herzustellen. Mit einer Kombination aus einer stabilen Pflanzengenetik und automatisierten High-tech-Produktionsverfahren kann Bedrocan immer wieder Varianten mit einem konsistenten Gehalt an Cannabinoid herstellen.[\/vc_column_text][vc_column_text css=&#8221;.vc_custom_1637841639598{margin-bottom: 0px !important;}&#8221;]Zudem sind wir der erste und einzige Hersteller von medizinischem Cannabis weltweit, der medizinisches Cannabis gem\u00e4\u00df den EU-Richtlinien f\u00fcr die gute Herstellungspraxis (<a href=\"https:\/\/bedrocan.com\/de\/ueber-uns\/qualitaetsstandards\/\">Good Manufacturing Practice<\/a>, GMP) anbieten kann. Unser gesamter Produktionsprozess \u2013 vom Anbau bis hin zur Verpackung \u2013 ist offiziell zertifiziert.[\/vc_column_text][\/vc_column][\/vc_row][vc_row][vc_column][vc_column_text disable_pattern=&#8221;false&#8221; el_class=&#8221;h2&#8243; css=&#8221;.vc_custom_1654245698011{margin-bottom: 0px !important;}&#8221;]\n<h2>Warum ist Standardisierung wichtig?<\/h2>\n<p>Erstens geht es dabei nicht nur um die Stabilit\u00e4t des THC- und CBD-Gehalts der jeweiligen Chargen. Wichtig ist auch die richtige Zusammenstellung von \u00fcber hundert potenziell aktiven Komponenten von Cannabinoiden bis hin zu Terpenen.<\/p>\n<p>Die Standardisierung ist die einzige M\u00f6glichkeit, sicherzustellen, dass die verschreibenden \u00c4rzte und die Patienten immer wieder eine konsistente therapeutische Wirkung erzielen k\u00f6nnen.<\/p>\n<p>Die Standardisierung tr\u00e4gt zur Gew\u00e4hrleistung der Dosiszusammensetzung sowie der Wiederholgenauigkeit der Dosis bei und erleichtert den Patienten sowie den verschreibenden \u00c4rzten die Einstellung der Dosis durch Titration. Dies erm\u00f6glicht die ordentliche \u00dcberwachung der Wirksamkeit und Sicherheit des Produkts sowie der potenziellen Nebenwirkungen.<\/p>\n<p>Dank der Standardisierung lassen sich die Befunde aus verschiedenen klinischen Studien und Langzeitstudien miteinander vergleichen. Dies ist ein kritischer Faktor f\u00fcr den Aufbau der Evidenzbasis in Bezug auf die Wirksamkeit von medizinischem Cannabis.[\/vc_column_text][mk_padding_divider size=&#8221;20&#8243;][vc_btn title=&#8221;Bedrocan is weltweit der erste GMP-zugelassene Hersteller &gt;&gt;&#8221; link=&#8221;url:http%3A%2F%2Fbedrocan.com%2Fde%2Fbedrocan-ist-der-weltweit-erste-gmp-hersteller%2F|||&#8221;][\/vc_column][\/vc_row][vc_row][vc_column][mk_padding_divider][vc_column_text css=&#8221;.vc_custom_1654245710493{margin-bottom: 0px !important;}&#8221;]\n<h2>Kein Mahlen und Mischen<\/h2>\n<p>Eine gewisse Standardisierung l\u00e4sst sich durch Mahlen und Mischen von Varianten mit einem unterschiedlichen Cannabinoidgehalt erzielen. Dadurch werden jedoch lediglich gleiche Mengen von einem oder zwei Zielkomponenten erzeugt (normalerweise THC beziehungsweise CBD) \u2013 nicht jedoch das gesamte Cannabinoid- und Terpenprofil. Bedrocan Cannabis flos hingegen hat ein konsistentes Cannabinoid- und Terpenprofil, wird also unter den gleichen strengen Bedingungen hergestellt wie traditionelle verschreibungspflichtige Arzneimittel.[\/vc_column_text][mk_padding_divider][vc_separator color=&#8221;custom&#8221; border_width=&#8221;3&#8243; accent_color=&#8221;#008752&#8243;][mk_padding_divider size=&#8221;50&#8243;][\/vc_column][\/vc_row][vc_row][vc_column][vc_column_text css=&#8221;.vc_custom_1654245729829{margin-bottom: 0px !important;}&#8221;]\n<h2>Die fortschrittlichsten Produktionsst\u00e4tten der Welt<\/h2>\n[\/vc_column_text][vc_column_text]Bei Bedrocan halten wir uns an die nationalen Regelungen und Vorschriften der einzelnen L\u00e4nder, in denen wir t\u00e4tig sind.<\/p>\n<p>Bei den Produktionsst\u00e4tten von Bedrocan gelangen das betriebseigene Design, die Software und standardisierte Produktionsverfahren zum Einsatz, die sich aus jahrzehntelanger Anbauerfahrung in den Niederlanden ergeben.Bei Bedrocan halten wir uns an die nationalen Regelungen und Vorschriften der einzelnen L\u00e4nder, in denen wir t\u00e4tig sind.<\/p>\n<p>Bei den Produktionsst\u00e4tten von Bedrocan gelangen das betriebseigene Design, die Software und standardisierte Produktionsverfahren zum Einsatz, die sich aus jahrzehntelanger Anbauerfahrung in den Niederlanden ergeben.[\/vc_column_text][vc_column_text]Unsere geschlossenen Anbaur\u00e4ume verwenden modernste Umweltkontrolltechnologien zur Lenkung aller Variablen, einschlie\u00dflich der Beleuchtung, Temperatur, N\u00e4hrstoffe und Wasser. Jeder dieser R\u00e4ume ist zum Schutz vor Kontakt mit Luftschadstoffen mit Spezialt\u00fcren abgedichtet. Unser Produktionsprozess ist speziell dazu entwickelt worden, standardisiertes Cannabis flos ohne Pestizide anbauen zu k\u00f6nnen. Au\u00dferdem sind wir stolz auf unser internationales Qualit\u00e4tssicherungssystem mit sehr hohen hygienischen Normen, relevanten Pr\u00fcfanforderungen und der strikten Einschr\u00e4nkung von Pestiziden und Fungiziden.<\/p>\n<p>Jede Woche kann eine neue Charge geerntet werden, 52 Wochen im Jahr, nach einem System, das wir Jahre im Voraus planen k\u00f6nnen.[\/vc_column_text][\/vc_column][\/vc_row][vc_row][vc_column][mk_padding_divider size=&#8221;30&#8243;][vc_separator color=&#8221;custom&#8221; border_width=&#8221;3&#8243; accent_color=&#8221;#008752&#8243;][mk_padding_divider][vc_column_text css=&#8221;.vc_custom_1654245761273{margin-bottom: 0px !important;}&#8221;]\n<h3>Anbau<\/h3>\n<p>Jede unserer Varianten ist im Hinblick auf die unterschiedlichen und wechselnden Bed\u00fcrfnisse der Patienten gez\u00fcchtet worden, die Zugang zu mehreren standardisierten Varianten mit verschiedenen Cannabinoid- und Terpenprofilen ben\u00f6tigten.<\/p>\n<p>Jede Sorte entspringt einem einzigen Samen. Unsere Pflanzen entstehen durch Vermehrung des Original-Pflanzenmaterials. Bedrocan verwendet gesch\u00fctzte vegetative Vermehrungsverfahren, um die bemerkenswerte genetische Stabilit\u00e4t unserer Produkte zu gew\u00e4hrleisten. Dieses Verfahren sch\u00fctzt vor dem so genannten \u201egenetischen Drift\u201c, einem Problem, das sich aus der wiederholten vegetative Vermehrung der Mutterpflanzen ergibt und das Pflanzenmaterial mit der Zeit stark ver\u00e4ndern und schw\u00e4chen kann.<\/p>\n<p>Bedrocan nimmt den wissenschaftlichen Cannabisanbau sehr ernst. In diesem Zusammenhang haben wir einzigartige gesch\u00fctzte Verfahren entwickelt, die eine beispiellose Pr\u00e4zision bei der Cannabis-Produktion gew\u00e4hrleisten. W\u00e4hrend des gesamten Wachstumsprozesses und w\u00e4hrend der Verarbeitung gew\u00e4hrleisten wir, dass der Cannabinoid-Gehalt (THC, CBD) konstant bleibt und keine sch\u00e4dlichen Mikroorganismen in das Endprodukt gelangen. Dazu wird jede einzelne Charge \u00fcberpr\u00fcft, um sicherzustellen, dass sie den erforderlichen Gehalt an wesentlichen Bestandteilen (THC, CBD) aufweist. Diese Pr\u00fcfungen werden von den staatlichen Aufsichtsbeh\u00f6rden vorgeschrieben und in einem unabh\u00e4ngigen Labor durchgef\u00fchrt.\u00a0Sobald <a href=\"https:\/\/english.cannabisbureau.nl\/doctor-and-pharmacists\/release-certificates\" target=\"_blank\" rel=\"noopener noreferrer\">das Analysenzertifikat<\/a>\u00a0vorliegt, kann das medizinische Cannabis zur Auslieferung an Apotheken, Forschungsinstitute und die weltweite Industrie freigegeben werden.[\/vc_column_text][mk_padding_divider][\/vc_column][\/vc_row][vc_row equal_columns=&#8221;true&#8221;][vc_column width=&#8221;1\/3&#8243;][mk_image src=&#8221;http:\/\/bedrocan.com\/wp-content\/uploads\/bedrocan_motherplant.jpg&#8221;][vc_column_text]<em>Ein Ableger wird erzeugt<\/em>[\/vc_column_text][\/vc_column][vc_column width=&#8221;1\/3&#8243;][mk_image src=&#8221;http:\/\/bedrocan.com\/wp-content\/uploads\/transplanting-medicinal-cannabis-by-bedrocan.jpg&#8221;][vc_column_text]<em>Die Pflanzen werden in Rockwool gelegt<\/em>[\/vc_column_text][\/vc_column][vc_column width=&#8221;1\/3&#8243;][mk_image src=&#8221;http:\/\/bedrocan.com\/wp-content\/uploads\/bedrocan_growroom.jpg&#8221;][vc_column_text]<em>Die Pflanzen werden in einen Kulturraum verbracht<\/em>[\/vc_column_text][\/vc_column][\/vc_row][vc_row][vc_column][mk_padding_divider][vc_separator color=&#8221;custom&#8221; border_width=&#8221;3&#8243; accent_color=&#8221;#008752&#8243;][mk_padding_divider][vc_column_text css=&#8221;.vc_custom_1654245772386{margin-bottom: 0px !important;}&#8221;]\n<h3>Trocknung, Verarbeitung und Verpackung<\/h3>\n<p>Die Trocknung, Verarbeitung und Verpackung erfolgt in einer separaten Spezialabteilung unserer Anbaust\u00e4tten. Nach dem Trocknen des Cannabis werden die Bl\u00fcten gepflegt. Dieses Trimmen erfolgt manuell, da es eine zus\u00e4tzliche visuelle Qualit\u00e4tskontrolle gew\u00e4hrleistet. Zudem sch\u00fctzt dieses Verfahren auch die Trichome, also die feinen Stecklinge der Cannabis-Pflanze, die die wichtigen Wirkstoffe enthalten.[\/vc_column_text][mk_padding_divider][\/vc_column][\/vc_row][vc_row equal_columns=&#8221;true&#8221;][vc_column width=&#8221;1\/3&#8243;][mk_image src=&#8221;http:\/\/bedrocan.com\/wp-content\/uploads\/bedrocan_processing_aboutus.jpg&#8221;][vc_column_text]<em>Nach dem Ernten wird die\u00a0Cannabis-Pflanze getrocknet<\/em>[\/vc_column_text][\/vc_column][vc_column width=&#8221;1\/3&#8243;][mk_image src=&#8221;http:\/\/bedrocan.com\/wp-content\/uploads\/bedrocan_processing_aboutus2.jpg&#8221;][vc_column_text]<em>Die Stiele und Bl\u00e4tter werden entfernt<\/em>[\/vc_column_text][\/vc_column][vc_column width=&#8221;1\/3&#8243;][mk_image src=&#8221;http:\/\/bedrocan.com\/wp-content\/uploads\/bedrocan_processing-aboutus3.jpg&#8221;][vc_column_text]<em>Das Cannabis flos wird verpackt<\/em>[\/vc_column_text][\/vc_column][\/vc_row][vc_row][vc_column][mk_padding_divider][vc_column_text]Alle Produkte werden mit Gammastrahlung bestrahlt, um sch\u00e4dliche Mikroorganismen wie Pilze und Bakterien abzut\u00f6ten. Gammastrahlung beeintr\u00e4chtigt die Qualit\u00e4t des Cannabis flos nachweislich nicht. Dieser Prozess gew\u00e4hrleistet, dass das Cannabis flos im Hinblick auf die Verdampfung und Inhalation durch immungeschw\u00e4chte Patienten unbedenklich ist.[\/vc_column_text][vc_btn title=&#8221;Die Bestrahlung beeintr\u00e4chtigt medizinisches Cannabis nicht&#8221; link=&#8221;url:http%3A%2F%2Fbedrocan.com%2Fde%2Firradiation-does-not-affect-medicinal-cannabis%2F|||&#8221;][mk_padding_divider size=&#8221;30&#8243;][vc_separator color=&#8221;custom&#8221; border_width=&#8221;3&#8243; accent_color=&#8221;#008752&#8243;][mk_padding_divider size=&#8221;30&#8243;][vc_column_text css=&#8221;.vc_custom_1654245784060{margin-bottom: 0px !important;}&#8221;]\n<h3>Keine Pestizide oder Schwermetalle<\/h3>\n<p>Die Cannabis-Pflanze kann sehr schnell Schwermetalle aufnehmen. Daher wird jede Charge einzeln \u00fcberpr\u00fcft und gem\u00e4\u00df der\u00a0<a href=\"https:\/\/www.cannabisbureau.nl\/documenten\/2021\/11\/01\/omc-monograph-cannabis-flower-version-8.0-november-01-2021\" target=\"_blank\" rel=\"noopener noreferrer\">niederl\u00e4ndischen Monografie<\/a> auf Schwermetalle analysiert. Trotzdem wird jede Charge auch auf Pestizide gepr\u00fcft, obwohl wir in unserem Produktionsprozess niemals Pestizide verwenden.[\/vc_column_text][mk_padding_divider][mk_image_slideshow images=&#8221;33289,32674,33283&#8243; image_width=&#8221;950&#8243;][mk_padding_divider][\/vc_column][\/vc_row]\n<\/div>","protected":false},"excerpt":{"rendered":"<p>[mk_page_section bg_image=&#8221;http:\/\/bedrocan.com\/wp-content\/uploads\/verwerking-personeel-emmeloord-bedrocan-57.jpg&#8221; bg_position=&#8221;center center&#8221; bg_repeat=&#8221;no-repeat&#8221; bg_stretch=&#8221;true&#8221; min_height=&#8221;300&#8243; full_width=&#8221;true&#8221; top_shape_color=&#8221;#ffffff&#8221; bottom_shape_color=&#8221;#ffffff&#8221; visibility=&#8221;hidden-sm&#8221; sidebar=&#8221;sidebar-1&#8243;][vc_column][\/vc_column][\/mk_page_section][vc_row][vc_column][vc_empty_space height=&#8221;45px&#8221;][vc_column_text css=&#8221;.vc_custom_1654245554638{margin-bottom: 0px !important;}&#8221;] Unsere Methode: Standardisierung [\/vc_column_text][vc_separator color=&#8221;custom&#8221; align=&#8221;align_left&#8221; border_width=&#8221;5&#8243; el_width=&#8221;10&#8243; css=&#8221;&#8221; accent_color=&#8221;#008752&#8243;][\/vc_column][\/vc_row][vc_row][vc_column][mk_padding_divider][vc_column_text css=&#8221;.vc_custom_1654245569232{margin-bottom: 0px !important;}&#8221;] Einheitlichkeit durch Standardisierung Bedrocan ist das weltweit einzige Unternehmen, das nachweislich in der Lage ist, standardisiertes Cannabis flos (ganze, getrocknete Bl\u00fcten) herzustellen. Mit einer Kombination aus [&hellip;]<\/p>\n","protected":false},"author":3,"featured_media":120146,"parent":8106,"menu_order":2,"comment_status":"closed","ping_status":"closed","template":"","meta":{"footnotes":""},"class_list":["post-8100","page","type-page","status-publish","has-post-thumbnail","hentry"],"yoast_head":"<!-- This site is optimized with the Yoast SEO plugin v27.3 - https:\/\/yoast.com\/product\/yoast-seo-wordpress\/ -->\n<title>Standardisierung von medizinischem Cannabis<\/title>\n<meta name=\"description\" content=\"Eine Standardisierung von medizinischem Cannabis ist nur durch eine Kombination aus stabiler Pflanzengenetik und den richtigen Wachstumsbedingungen m\u00f6glich.\" \/>\n<meta name=\"robots\" content=\"index, follow, max-snippet:-1, max-image-preview:large, max-video-preview:-1\" \/>\n<link rel=\"canonical\" href=\"https:\/\/bedrocan.com\/de\/ueber-uns\/standardisierung-unsere-methode\/\" \/>\n<meta property=\"og:locale\" content=\"de_DE\" \/>\n<meta property=\"og:type\" content=\"article\" \/>\n<meta property=\"og:title\" content=\"Standardisierung von medizinischem Cannabis\" \/>\n<meta property=\"og:description\" content=\"Eine Standardisierung von medizinischem Cannabis ist nur durch eine Kombination aus stabiler Pflanzengenetik und den richtigen Wachstumsbedingungen m\u00f6glich.\" \/>\n<meta property=\"og:url\" content=\"https:\/\/bedrocan.com\/de\/ueber-uns\/standardisierung-unsere-methode\/\" \/>\n<meta property=\"og:site_name\" content=\"Bedrocan - standardised medicinal cannabis\" \/>\n<meta property=\"article:publisher\" content=\"https:\/\/www.facebook.com\/Bedrocan\" \/>\n<meta property=\"article:modified_time\" content=\"2025-06-19T12:58:12+00:00\" \/>\n<meta property=\"og:image\" content=\"https:\/\/bedrocan.com\/wp-content\/uploads\/processing-verwerking-emmeloord-bedrocan-1.jpg\" \/>\n\t<meta property=\"og:image:width\" content=\"1024\" \/>\n\t<meta property=\"og:image:height\" content=\"682\" \/>\n\t<meta property=\"og:image:type\" content=\"image\/jpeg\" \/>\n<meta name=\"twitter:card\" content=\"summary_large_image\" \/>\n<meta name=\"twitter:label1\" content=\"Gesch\u00e4tzte Lesezeit\" \/>\n\t<meta name=\"twitter:data1\" content=\"5\u00a0Minuten\" \/>\n<script type=\"application\/ld+json\" class=\"yoast-schema-graph\">{\"@context\":\"https:\\\/\\\/schema.org\",\"@graph\":[{\"@type\":\"WebPage\",\"@id\":\"https:\\\/\\\/bedrocan.com\\\/de\\\/ueber-uns\\\/standardisierung-unsere-methode\\\/\",\"url\":\"https:\\\/\\\/bedrocan.com\\\/de\\\/ueber-uns\\\/standardisierung-unsere-methode\\\/\",\"name\":\"Standardisierung von medizinischem Cannabis\",\"isPartOf\":{\"@id\":\"https:\\\/\\\/bedrocan.com\\\/de\\\/#website\"},\"primaryImageOfPage\":{\"@id\":\"https:\\\/\\\/bedrocan.com\\\/de\\\/ueber-uns\\\/standardisierung-unsere-methode\\\/#primaryimage\"},\"image\":{\"@id\":\"https:\\\/\\\/bedrocan.com\\\/de\\\/ueber-uns\\\/standardisierung-unsere-methode\\\/#primaryimage\"},\"thumbnailUrl\":\"https:\\\/\\\/bedrocan.com\\\/wp-content\\\/uploads\\\/processing-verwerking-emmeloord-bedrocan-1.jpg\",\"datePublished\":\"2024-08-23T08:00:25+00:00\",\"dateModified\":\"2025-06-19T12:58:12+00:00\",\"description\":\"Eine Standardisierung von medizinischem Cannabis ist nur durch eine Kombination aus stabiler Pflanzengenetik und den richtigen Wachstumsbedingungen m\u00f6glich.\",\"breadcrumb\":{\"@id\":\"https:\\\/\\\/bedrocan.com\\\/de\\\/ueber-uns\\\/standardisierung-unsere-methode\\\/#breadcrumb\"},\"inLanguage\":\"de\",\"potentialAction\":[{\"@type\":\"ReadAction\",\"target\":[\"https:\\\/\\\/bedrocan.com\\\/de\\\/ueber-uns\\\/standardisierung-unsere-methode\\\/\"]}]},{\"@type\":\"ImageObject\",\"inLanguage\":\"de\",\"@id\":\"https:\\\/\\\/bedrocan.com\\\/de\\\/ueber-uns\\\/standardisierung-unsere-methode\\\/#primaryimage\",\"url\":\"https:\\\/\\\/bedrocan.com\\\/wp-content\\\/uploads\\\/processing-verwerking-emmeloord-bedrocan-1.jpg\",\"contentUrl\":\"https:\\\/\\\/bedrocan.com\\\/wp-content\\\/uploads\\\/processing-verwerking-emmeloord-bedrocan-1.jpg\",\"width\":1024,\"height\":682,\"caption\":\"Standardisierung - Unsere Methode zur Verarbeitung von medizinischem Cannabis\"},{\"@type\":\"BreadcrumbList\",\"@id\":\"https:\\\/\\\/bedrocan.com\\\/de\\\/ueber-uns\\\/standardisierung-unsere-methode\\\/#breadcrumb\",\"itemListElement\":[{\"@type\":\"ListItem\",\"position\":1,\"name\":\"Home\",\"item\":\"https:\\\/\\\/bedrocan.com\\\/de\\\/\"},{\"@type\":\"ListItem\",\"position\":2,\"name\":\"\u00dcber uns\",\"item\":\"https:\\\/\\\/bedrocan.com\\\/de\\\/ueber-uns\\\/\"},{\"@type\":\"ListItem\",\"position\":3,\"name\":\"Unsere Methode\"}]},{\"@type\":\"WebSite\",\"@id\":\"https:\\\/\\\/bedrocan.com\\\/de\\\/#website\",\"url\":\"https:\\\/\\\/bedrocan.com\\\/de\\\/\",\"name\":\"Bedrocan\",\"description\":\"medicinal cannabis\",\"publisher\":{\"@id\":\"https:\\\/\\\/bedrocan.com\\\/de\\\/#organization\"},\"potentialAction\":[{\"@type\":\"SearchAction\",\"target\":{\"@type\":\"EntryPoint\",\"urlTemplate\":\"https:\\\/\\\/bedrocan.com\\\/de\\\/?s={search_term_string}\"},\"query-input\":{\"@type\":\"PropertyValueSpecification\",\"valueRequired\":true,\"valueName\":\"search_term_string\"}}],\"inLanguage\":\"de\"},{\"@type\":\"Organization\",\"@id\":\"https:\\\/\\\/bedrocan.com\\\/de\\\/#organization\",\"name\":\"Bedrocan\",\"url\":\"https:\\\/\\\/bedrocan.com\\\/de\\\/\",\"logo\":{\"@type\":\"ImageObject\",\"inLanguage\":\"de\",\"@id\":\"https:\\\/\\\/bedrocan.com\\\/de\\\/#\\\/schema\\\/logo\\\/image\\\/\",\"url\":\"https:\\\/\\\/bedrocan.com\\\/wp-content\\\/uploads\\\/logo-bedrocan-mail.png\",\"contentUrl\":\"https:\\\/\\\/bedrocan.com\\\/wp-content\\\/uploads\\\/logo-bedrocan-mail.png\",\"width\":185,\"height\":31,\"caption\":\"Bedrocan\"},\"image\":{\"@id\":\"https:\\\/\\\/bedrocan.com\\\/de\\\/#\\\/schema\\\/logo\\\/image\\\/\"},\"sameAs\":[\"https:\\\/\\\/www.facebook.com\\\/Bedrocan\",\"https:\\\/\\\/www.linkedin.com\\\/company\\\/bedrocan\\\/\",\"https:\\\/\\\/www.instagram.com\\\/bedrocan_international\\\/\"]}]}<\/script>\n<!-- \/ Yoast SEO plugin. -->","yoast_head_json":{"title":"Standardisierung von medizinischem Cannabis","description":"Eine Standardisierung von medizinischem Cannabis ist nur durch eine Kombination aus stabiler Pflanzengenetik und den richtigen Wachstumsbedingungen m\u00f6glich.","robots":{"index":"index","follow":"follow","max-snippet":"max-snippet:-1","max-image-preview":"max-image-preview:large","max-video-preview":"max-video-preview:-1"},"canonical":"https:\/\/bedrocan.com\/de\/ueber-uns\/standardisierung-unsere-methode\/","og_locale":"de_DE","og_type":"article","og_title":"Standardisierung von medizinischem Cannabis","og_description":"Eine Standardisierung von medizinischem Cannabis ist nur durch eine Kombination aus stabiler Pflanzengenetik und den richtigen Wachstumsbedingungen m\u00f6glich.","og_url":"https:\/\/bedrocan.com\/de\/ueber-uns\/standardisierung-unsere-methode\/","og_site_name":"Bedrocan - standardised medicinal cannabis","article_publisher":"https:\/\/www.facebook.com\/Bedrocan","article_modified_time":"2025-06-19T12:58:12+00:00","og_image":[{"width":1024,"height":682,"url":"https:\/\/bedrocan.com\/wp-content\/uploads\/processing-verwerking-emmeloord-bedrocan-1.jpg","type":"image\/jpeg"}],"twitter_card":"summary_large_image","twitter_misc":{"Gesch\u00e4tzte Lesezeit":"5\u00a0Minuten"},"schema":{"@context":"https:\/\/schema.org","@graph":[{"@type":"WebPage","@id":"https:\/\/bedrocan.com\/de\/ueber-uns\/standardisierung-unsere-methode\/","url":"https:\/\/bedrocan.com\/de\/ueber-uns\/standardisierung-unsere-methode\/","name":"Standardisierung von medizinischem Cannabis","isPartOf":{"@id":"https:\/\/bedrocan.com\/de\/#website"},"primaryImageOfPage":{"@id":"https:\/\/bedrocan.com\/de\/ueber-uns\/standardisierung-unsere-methode\/#primaryimage"},"image":{"@id":"https:\/\/bedrocan.com\/de\/ueber-uns\/standardisierung-unsere-methode\/#primaryimage"},"thumbnailUrl":"https:\/\/bedrocan.com\/wp-content\/uploads\/processing-verwerking-emmeloord-bedrocan-1.jpg","datePublished":"2024-08-23T08:00:25+00:00","dateModified":"2025-06-19T12:58:12+00:00","description":"Eine Standardisierung von medizinischem Cannabis ist nur durch eine Kombination aus stabiler Pflanzengenetik und den richtigen Wachstumsbedingungen m\u00f6glich.","breadcrumb":{"@id":"https:\/\/bedrocan.com\/de\/ueber-uns\/standardisierung-unsere-methode\/#breadcrumb"},"inLanguage":"de","potentialAction":[{"@type":"ReadAction","target":["https:\/\/bedrocan.com\/de\/ueber-uns\/standardisierung-unsere-methode\/"]}]},{"@type":"ImageObject","inLanguage":"de","@id":"https:\/\/bedrocan.com\/de\/ueber-uns\/standardisierung-unsere-methode\/#primaryimage","url":"https:\/\/bedrocan.com\/wp-content\/uploads\/processing-verwerking-emmeloord-bedrocan-1.jpg","contentUrl":"https:\/\/bedrocan.com\/wp-content\/uploads\/processing-verwerking-emmeloord-bedrocan-1.jpg","width":1024,"height":682,"caption":"Standardisierung - Unsere Methode zur Verarbeitung von medizinischem Cannabis"},{"@type":"BreadcrumbList","@id":"https:\/\/bedrocan.com\/de\/ueber-uns\/standardisierung-unsere-methode\/#breadcrumb","itemListElement":[{"@type":"ListItem","position":1,"name":"Home","item":"https:\/\/bedrocan.com\/de\/"},{"@type":"ListItem","position":2,"name":"\u00dcber uns","item":"https:\/\/bedrocan.com\/de\/ueber-uns\/"},{"@type":"ListItem","position":3,"name":"Unsere Methode"}]},{"@type":"WebSite","@id":"https:\/\/bedrocan.com\/de\/#website","url":"https:\/\/bedrocan.com\/de\/","name":"Bedrocan","description":"medicinal cannabis","publisher":{"@id":"https:\/\/bedrocan.com\/de\/#organization"},"potentialAction":[{"@type":"SearchAction","target":{"@type":"EntryPoint","urlTemplate":"https:\/\/bedrocan.com\/de\/?s={search_term_string}"},"query-input":{"@type":"PropertyValueSpecification","valueRequired":true,"valueName":"search_term_string"}}],"inLanguage":"de"},{"@type":"Organization","@id":"https:\/\/bedrocan.com\/de\/#organization","name":"Bedrocan","url":"https:\/\/bedrocan.com\/de\/","logo":{"@type":"ImageObject","inLanguage":"de","@id":"https:\/\/bedrocan.com\/de\/#\/schema\/logo\/image\/","url":"https:\/\/bedrocan.com\/wp-content\/uploads\/logo-bedrocan-mail.png","contentUrl":"https:\/\/bedrocan.com\/wp-content\/uploads\/logo-bedrocan-mail.png","width":185,"height":31,"caption":"Bedrocan"},"image":{"@id":"https:\/\/bedrocan.com\/de\/#\/schema\/logo\/image\/"},"sameAs":["https:\/\/www.facebook.com\/Bedrocan","https:\/\/www.linkedin.com\/company\/bedrocan\/","https:\/\/www.instagram.com\/bedrocan_international\/"]}]}},"_links":{"self":[{"href":"https:\/\/bedrocan.com\/de\/wp-json\/wp\/v2\/pages\/8100","targetHints":{"allow":["GET"]}}],"collection":[{"href":"https:\/\/bedrocan.com\/de\/wp-json\/wp\/v2\/pages"}],"about":[{"href":"https:\/\/bedrocan.com\/de\/wp-json\/wp\/v2\/types\/page"}],"author":[{"embeddable":true,"href":"https:\/\/bedrocan.com\/de\/wp-json\/wp\/v2\/users\/3"}],"replies":[{"embeddable":true,"href":"https:\/\/bedrocan.com\/de\/wp-json\/wp\/v2\/comments?post=8100"}],"version-history":[{"count":5,"href":"https:\/\/bedrocan.com\/de\/wp-json\/wp\/v2\/pages\/8100\/revisions"}],"predecessor-version":[{"id":203819,"href":"https:\/\/bedrocan.com\/de\/wp-json\/wp\/v2\/pages\/8100\/revisions\/203819"}],"up":[{"embeddable":true,"href":"https:\/\/bedrocan.com\/de\/wp-json\/wp\/v2\/pages\/8106"}],"wp:featuredmedia":[{"embeddable":true,"href":"https:\/\/bedrocan.com\/de\/wp-json\/wp\/v2\/media\/120146"}],"wp:attachment":[{"href":"https:\/\/bedrocan.com\/de\/wp-json\/wp\/v2\/media?parent=8100"}],"curies":[{"name":"wp","href":"https:\/\/api.w.org\/{rel}","templated":true}]}}