{"id":8106,"date":"2025-12-17T09:00:47","date_gmt":"2025-12-17T08:00:47","guid":{"rendered":"http:\/\/bedrocan.com\/about-us\/"},"modified":"2025-12-17T09:55:50","modified_gmt":"2025-12-17T08:55:50","slug":"ueber-uns","status":"publish","type":"page","link":"https:\/\/bedrocan.com\/de\/ueber-uns\/","title":{"rendered":"\u00dcber uns"},"content":{"rendered":"<div class=\"wpb-content-wrapper\">[mk_page_section bg_image=&#8221;http:\/\/bedrocan.com\/wp-content\/uploads\/about-us_header.jpg&#8221; bg_position=&#8221;center center&#8221; bg_repeat=&#8221;no-repeat&#8221; bg_stretch=&#8221;true&#8221; min_height=&#8221;300&#8243; full_width=&#8221;true&#8221; top_shape_color=&#8221;#ffffff&#8221; bottom_shape_color=&#8221;#ffffff&#8221; visibility=&#8221;hidden-sm&#8221; sidebar=&#8221;sidebar-1&#8243;][vc_column][\/vc_column][\/mk_page_section][vc_row][vc_column][vc_empty_space height=&#8221;45px&#8221;][vc_column_text margin_bottom=&#8221;0&#8243; css=&#8221;.vc_custom_1765961623220{margin-bottom: 0px !important;}&#8221;]\n<h1><strong>\u00dcber uns<\/strong><\/h1>\n[\/vc_column_text][vc_separator color=&#8221;custom&#8221; align=&#8221;align_left&#8221; border_width=&#8221;5&#8243; el_width=&#8221;10&#8243; accent_color=&#8221;#008752&#8243;][\/vc_column][\/vc_row][vc_row][vc_column][mk_ornamental_title text_color=&#8221;#097a98&#8243; font_family=&#8221;none&#8221; font_size=&#8221;50&#8243; font_weight=&#8221;bold&#8221; font_style=&#8221;normal&#8221; ornament_style=&#8221;norman-single&#8221; ornament_color=&#8221;#097a98&#8243; ornament_thickness=&#8221;2&#8243; margin_bottom=&#8221;24&#8243; animation=&#8221;scale-up&#8221;]From Plant to Pharma[\/mk_ornamental_title][\/vc_column][\/vc_row][vc_row][vc_column][mk_padding_divider size=&#8221;25&#8243;][vc_column_text css=&#8221;.vc_custom_1764854896729{margin-bottom: 0px !important;}&#8221;]Bedrocan produziert Cannabis f\u00fcr die medizinische Verwendung als\u00a0<a href=\"https:\/\/bedrocan.com\/de\/cannabis-produkte\/api-rohmaterialien\/\" target=\"_blank\" rel=\"noopener\">Wirkstoff (Active Pharmaceutical Ingredient, API) und Rohstoff<\/a>. In unseren EU-GMP-zertifizierten Produktionsanlagen in den Niederlanden und D\u00e4nemark produzieren wir verschiedene Cannabis-<a href=\"https:\/\/bedrocan.com\/de\/cannabis-produkte\/\" target=\"_blank\" rel=\"noopener\">Chemovare<\/a> unter vollst\u00e4ndig standardisierten Bedingungen. Jede Sorte ist genetisch identisch und liefert bei jeder Charge einen gleichbleibenden Cannabinoidgehalt.<\/p>\n<p>Unser Cannabis-Wirkstoff wird weltweit eingesetzt f\u00fcr:<\/p>\n<ul>\n<li>die Entwicklung pharmazeutischer Formulierungen auf Cannabisbasis<\/li>\n<li><a href=\"https:\/\/bedrocan.com\/de\/medizinische-fachkreise\/cannabis-forschung\/\" target=\"_blank\" rel=\"noopener\">Klinische Forschungsprogramme<\/a><\/li>\n<li>die Behandlung von Patienten im Rahmen von regulierten und H\u00e4rtefallprogramme f\u00fcr medizinisches Cannabis<\/li>\n<\/ul>\n[\/vc_column_text][mk_padding_divider][\/vc_column][\/vc_row][vc_row][vc_column][mk_padding_divider][vc_separator color=&#8221;custom&#8221; border_width=&#8221;3&#8243; accent_color=&#8221;#008752&#8243;][mk_fancy_title color=&#8221;#097a98&#8243; size=&#8221;32&#8243; font_weight=&#8221;bold&#8221; font_family=&#8221;HelveticaNeue-Light, Helvetica Neue Light, Helvetica Neue, Helvetica, Arial, &#8220;Lucida Grande&#8220;, sans-serif&#8221; font_type=&#8221;safefont&#8221; align=&#8221;center&#8221;]\n<h2 style=\"text-align: center;\"><strong>Unsere Geschichte<\/strong><\/h2>\n[\/mk_fancy_title][\/vc_column][\/vc_row][vc_row][vc_column width=&#8221;1\/2&#8243;][vc_column_text][\/vc_column_text][mk_custom_list]\n<ul>\n<li><strong>1984<\/strong>\u2013 Gr\u00fcndung des Unternehmens durch Tjalling Erkelens und Freerk Bruining; Schwerpunkt ist der kontrollierte Anbau von Gem\u00fcse und Kr\u00e4utern in geschlossenen R\u00e4umen (sog. Indoor-Growing).<\/li>\n<li><strong>1990er-Jahre<\/strong>\u2013 Entwicklung von standardisierten, qualit\u00e4tskontrollierten Cannabissamen<\/li>\n<li><strong>2003<\/strong>\u2013 Exklusiver Lieferant f\u00fcr das niederl\u00e4ndische Programm f\u00fcr medizinisches Cannabis<\/li>\n<li><strong>2007<\/strong>\u2013 Beginn der internationalen Exporte<\/li>\n<li><strong>2014\u00a0\u2013 <\/strong>Inbetriebnahme der neuen niederl\u00e4ndischen Produktionsanlage A2<\/li>\n<li><strong>2017<\/strong>\u2013 Auszeichnung f\u00fcr Gute Herstellungspraxis (GMP) f\u00fcr Bedrocan; Er\u00f6ffnung der neuen niederl\u00e4ndischen Produktionsanlage A5<\/li>\n<li><strong>2023<\/strong>\u2013 Wiedererwerb der Produktionsanlage in Toronto zur Vorbereitung der R\u00fcckkehr des Unternehmens auf den kanadischen Markt<\/li>\n<li><strong>2025<\/strong>\u2013 Er\u00f6ffnung einer EU-GMP-zertifizierten Produktionsanlage in D\u00e4nemark<\/li>\n<\/ul>\n[\/mk_custom_list][mk_padding_divider][\/vc_column][vc_column width=&#8221;1\/2&#8243;][mk_image src=&#8221;http:\/\/bedrocan.com\/wp-content\/uploads\/tjalling-en-freerk-1984-lr.jpg&#8221; image_size=&#8221;large&#8221; desc=&#8221;Gr\u00fcnder Tjalling Erkelens und Freerk Bruining \u2013 1984&#8243;][mk_padding_divider][\/vc_column][\/vc_row][vc_row][vc_column][vc_column_text][\/vc_column_text][vc_separator color=&#8221;custom&#8221; border_width=&#8221;3&#8243; accent_color=&#8221;#008752&#8243;][mk_fancy_title color=&#8221;#007f49&#8243; size=&#8221;32&#8243; font_family=&#8221;HelveticaNeue-Light, Helvetica Neue Light, Helvetica Neue, Helvetica, Arial, &#8220;Lucida Grande&#8220;, sans-serif&#8221; font_type=&#8221;safefont&#8221; align=&#8221;center&#8221;]\n<h2 style=\"text-align: center;\"><strong>Unsere Mission<\/strong><\/h2>\n[\/mk_fancy_title][vc_column_text css=&#8221;.vc_custom_1764855056407{margin-bottom: 0px !important;}&#8221;]\n<p class=\"NormalText\"><span lang=\"DE\">Bedrocan verf\u00fcgt \u00fcber jahrzehntelange Erfahrung bei der standardisierten Herstellung von aktiven pharmazeutischen Cannabis-Wirkstoffen (APIs). Wir arbeiten nach den Grunds\u00e4tzen und Leitlinien der Guten Herstellungspraxis f\u00fcr Humanarzneimittel (GMP) und strengen Qualit\u00e4tssystemen vom Anbau bis zur Verpackung und tragen zur pharmazeutischen Entwicklung von Formulierungen auf Cannabisbasis bei, damit medizinisches Fachpersonal diese unbedenklich verschreiben kann.<\/span><\/p>\n[\/vc_column_text][mk_padding_divider][vc_separator color=&#8221;custom&#8221; border_width=&#8221;3&#8243; accent_color=&#8221;#008752&#8243;][mk_fancy_title color=&#8221;#007f49&#8243; size=&#8221;32&#8243; font_family=&#8221;HelveticaNeue-Light, Helvetica Neue Light, Helvetica Neue, Helvetica, Arial, &#8220;Lucida Grande&#8220;, sans-serif&#8221; font_type=&#8221;safefont&#8221; align=&#8221;center&#8221;]\n<h2 style=\"text-align: center;\"><strong>Unsere Vision<\/strong><\/h2>\n[\/mk_fancy_title][vc_column_text css=&#8221;.vc_custom_1764855154153{margin-bottom: 0px !important;}&#8221;]Bedrocan bem\u00fcht sich um die formale regulatorische Anerkennung von aktiven pharmazeutischen Cannabis-Wirkstoffen, um die Marktzulassung von Arzneimitteln auf Cannabisbasis zu unterst\u00fctzen. Bedrocan tr\u00e4gt auch zur Harmonisierung der weltweiten Qualit\u00e4tsstandards f\u00fcr Cannabis f\u00fcr die medizinische Verwendung bei.[\/vc_column_text][mk_padding_divider][\/vc_column][\/vc_row][vc_row][vc_column][vc_column_text][\/vc_column_text][mk_padding_divider][vc_separator color=&#8221;custom&#8221; border_width=&#8221;3&#8243; accent_color=&#8221;#008752&#8243;][mk_fancy_title color=&#8221;#007f49&#8243; size=&#8221;32&#8243; font_family=&#8221;HelveticaNeue-Light, Helvetica Neue Light, Helvetica Neue, Helvetica, Arial, &#8220;Lucida Grande&#8220;, sans-serif&#8221; font_type=&#8221;safefont&#8221; align=&#8221;center&#8221;]\n<h2 style=\"text-align: center;\"><strong>Unsere Produktionsanlagen<\/strong><\/h2>\n[\/mk_fancy_title][\/vc_column][\/vc_row][vc_row][vc_column width=&#8221;1\/2&#8243;][vc_column_text css=&#8221;.vc_custom_1764855190994{margin-bottom: 0px !important;}&#8221;]\n<h3><strong>Die Niederlande<\/strong><\/h3>\n<p class=\"NormalText\"><span lang=\"DE\">Die zwei Produktionsanlagen haben eine Gesamtkapazit\u00e4t von bis zu 7.500\u00a0kg pro Jahr und beliefern seit 2003 das niederl\u00e4ndische Programm f\u00fcr medizinischen Cannabis und liefern zudem an pharmazeutische Hersteller.<\/span><\/p>\n[\/vc_column_text][mk_padding_divider][vc_column_text css=&#8221;.vc_custom_1764855214554{margin-bottom: 0px !important;}&#8221;]\n<h3><strong>D\u00e4nemark<\/strong><\/h3>\n<p>Unsere im Jahr 2025 eingeweihte, EU-GMP-zertifizierte Produktionsanlage produziert 2.300\u00a0kg pro Jahr und beliefert H\u00e4ndler und pharmazeutische Hersteller weltweit.[\/vc_column_text][mk_padding_divider][vc_column_text css=&#8221;.vc_custom_1764855241367{margin-bottom: 0px !important;}&#8221;]\n<h3><strong>Kanada<\/strong><\/h3>\n<p class=\"NormalText\"><span lang=\"DE\">Unsere Produktionsanlage in Toronto, die wir im Jahr 2023 zur\u00fcckerworben haben, markiert den Beginn eines neuen Betriebs, um das medizinische Cannabis von Bedrocan in pharmazeutischer Qualit\u00e4t auf den kanadischen Markt zu bringen. <\/span><\/p>\n[\/vc_column_text][mk_padding_divider][\/vc_column][vc_column width=&#8221;1\/2&#8243;][mk_padding_divider][vc_single_image image=&#8221;256749&#8243; img_size=&#8221;500&#215;500&#8243; css=&#8221;&#8221;][mk_padding_divider][\/vc_column][\/vc_row][vc_row][vc_column][mk_padding_divider][mk_padding_divider][\/vc_column][\/vc_row]\n<\/div>","protected":false},"excerpt":{"rendered":"<p>[mk_page_section bg_image=&#8221;http:\/\/bedrocan.com\/wp-content\/uploads\/about-us_header.jpg&#8221; bg_position=&#8221;center center&#8221; bg_repeat=&#8221;no-repeat&#8221; bg_stretch=&#8221;true&#8221; min_height=&#8221;300&#8243; full_width=&#8221;true&#8221; top_shape_color=&#8221;#ffffff&#8221; bottom_shape_color=&#8221;#ffffff&#8221; visibility=&#8221;hidden-sm&#8221; sidebar=&#8221;sidebar-1&#8243;][vc_column][\/vc_column][\/mk_page_section][vc_row][vc_column][vc_empty_space height=&#8221;45px&#8221;][vc_column_text margin_bottom=&#8221;0&#8243; css=&#8221;.vc_custom_1765961623220{margin-bottom: 0px !important;}&#8221;] \u00dcber uns [\/vc_column_text][vc_separator color=&#8221;custom&#8221; align=&#8221;align_left&#8221; border_width=&#8221;5&#8243; el_width=&#8221;10&#8243; accent_color=&#8221;#008752&#8243;][\/vc_column][\/vc_row][vc_row][vc_column][mk_ornamental_title text_color=&#8221;#097a98&#8243; font_family=&#8221;none&#8221; font_size=&#8221;50&#8243; font_weight=&#8221;bold&#8221; font_style=&#8221;normal&#8221; ornament_style=&#8221;norman-single&#8221; ornament_color=&#8221;#097a98&#8243; ornament_thickness=&#8221;2&#8243; margin_bottom=&#8221;24&#8243; animation=&#8221;scale-up&#8221;]From Plant to Pharma[\/mk_ornamental_title][\/vc_column][\/vc_row][vc_row][vc_column][mk_padding_divider size=&#8221;25&#8243;][vc_column_text css=&#8221;.vc_custom_1764854896729{margin-bottom: 0px !important;}&#8221;]Bedrocan produziert Cannabis f\u00fcr die medizinische Verwendung als\u00a0Wirkstoff (Active Pharmaceutical Ingredient, API) und Rohstoff. [&hellip;]<\/p>\n","protected":false},"author":3,"featured_media":128895,"parent":0,"menu_order":59,"comment_status":"closed","ping_status":"closed","template":"","meta":{"footnotes":""},"class_list":["post-8106","page","type-page","status-publish","has-post-thumbnail","hentry"],"yoast_head":"<!-- This site is optimized with the Yoast SEO plugin v27.3 - https:\/\/yoast.com\/product\/yoast-seo-wordpress\/ -->\n<title>Bedrocan \u2013 Lieferant von pharmazeutischem Cannabis<\/title>\n<meta name=\"description\" content=\"Bedrocan ist der weltweit erfahrenste Hersteller von legalem medizinischem Cannabis, zertifiziert nach der guten Herstellungspraxis (EU-GMP).\" \/>\n<meta name=\"robots\" content=\"index, follow, max-snippet:-1, max-image-preview:large, max-video-preview:-1\" \/>\n<link rel=\"canonical\" href=\"https:\/\/bedrocan.com\/de\/ueber-uns\/\" \/>\n<meta property=\"og:locale\" content=\"de_DE\" \/>\n<meta property=\"og:type\" content=\"article\" \/>\n<meta property=\"og:title\" content=\"Bedrocan \u2013 Lieferant von pharmazeutischem Cannabis\" \/>\n<meta property=\"og:description\" content=\"Bedrocan ist der weltweit erfahrenste Hersteller von legalem medizinischem Cannabis, zertifiziert nach der guten Herstellungspraxis (EU-GMP).\" \/>\n<meta property=\"og:url\" content=\"https:\/\/bedrocan.com\/de\/ueber-uns\/\" \/>\n<meta property=\"og:site_name\" content=\"Bedrocan - standardised medicinal cannabis\" \/>\n<meta property=\"article:publisher\" content=\"https:\/\/www.facebook.com\/Bedrocan\" \/>\n<meta property=\"article:modified_time\" content=\"2025-12-17T08:55:50+00:00\" \/>\n<meta property=\"og:image\" content=\"https:\/\/bedrocan.com\/wp-content\/uploads\/verwerking-personeel-emmeloord-bedrocan-31.jpg\" \/>\n\t<meta property=\"og:image:width\" content=\"1024\" \/>\n\t<meta property=\"og:image:height\" content=\"682\" \/>\n\t<meta property=\"og:image:type\" content=\"image\/jpeg\" \/>\n<meta name=\"twitter:card\" content=\"summary_large_image\" \/>\n<meta name=\"twitter:label1\" content=\"Gesch\u00e4tzte Lesezeit\" \/>\n\t<meta name=\"twitter:data1\" content=\"3\u00a0Minuten\" \/>\n<script type=\"application\/ld+json\" class=\"yoast-schema-graph\">{\"@context\":\"https:\\\/\\\/schema.org\",\"@graph\":[{\"@type\":\"WebPage\",\"@id\":\"https:\\\/\\\/bedrocan.com\\\/de\\\/ueber-uns\\\/\",\"url\":\"https:\\\/\\\/bedrocan.com\\\/de\\\/ueber-uns\\\/\",\"name\":\"Bedrocan \u2013 Lieferant von pharmazeutischem Cannabis\",\"isPartOf\":{\"@id\":\"https:\\\/\\\/bedrocan.com\\\/de\\\/#website\"},\"primaryImageOfPage\":{\"@id\":\"https:\\\/\\\/bedrocan.com\\\/de\\\/ueber-uns\\\/#primaryimage\"},\"image\":{\"@id\":\"https:\\\/\\\/bedrocan.com\\\/de\\\/ueber-uns\\\/#primaryimage\"},\"thumbnailUrl\":\"https:\\\/\\\/bedrocan.com\\\/wp-content\\\/uploads\\\/verwerking-personeel-emmeloord-bedrocan-31.jpg\",\"datePublished\":\"2025-12-17T08:00:47+00:00\",\"dateModified\":\"2025-12-17T08:55:50+00:00\",\"description\":\"Bedrocan ist der weltweit erfahrenste Hersteller von legalem medizinischem Cannabis, zertifiziert nach der guten Herstellungspraxis (EU-GMP).\",\"breadcrumb\":{\"@id\":\"https:\\\/\\\/bedrocan.com\\\/de\\\/ueber-uns\\\/#breadcrumb\"},\"inLanguage\":\"de\",\"potentialAction\":[{\"@type\":\"ReadAction\",\"target\":[\"https:\\\/\\\/bedrocan.com\\\/de\\\/ueber-uns\\\/\"]}]},{\"@type\":\"ImageObject\",\"inLanguage\":\"de\",\"@id\":\"https:\\\/\\\/bedrocan.com\\\/de\\\/ueber-uns\\\/#primaryimage\",\"url\":\"https:\\\/\\\/bedrocan.com\\\/wp-content\\\/uploads\\\/verwerking-personeel-emmeloord-bedrocan-31.jpg\",\"contentUrl\":\"https:\\\/\\\/bedrocan.com\\\/wp-content\\\/uploads\\\/verwerking-personeel-emmeloord-bedrocan-31.jpg\",\"width\":1024,\"height\":682,\"caption\":\"\u00dcber uns, \u00fcber Bedrocan\"},{\"@type\":\"BreadcrumbList\",\"@id\":\"https:\\\/\\\/bedrocan.com\\\/de\\\/ueber-uns\\\/#breadcrumb\",\"itemListElement\":[{\"@type\":\"ListItem\",\"position\":1,\"name\":\"Home\",\"item\":\"https:\\\/\\\/bedrocan.com\\\/de\\\/\"},{\"@type\":\"ListItem\",\"position\":2,\"name\":\"\u00dcber uns\"}]},{\"@type\":\"WebSite\",\"@id\":\"https:\\\/\\\/bedrocan.com\\\/de\\\/#website\",\"url\":\"https:\\\/\\\/bedrocan.com\\\/de\\\/\",\"name\":\"Bedrocan\",\"description\":\"medicinal cannabis\",\"publisher\":{\"@id\":\"https:\\\/\\\/bedrocan.com\\\/de\\\/#organization\"},\"potentialAction\":[{\"@type\":\"SearchAction\",\"target\":{\"@type\":\"EntryPoint\",\"urlTemplate\":\"https:\\\/\\\/bedrocan.com\\\/de\\\/?s={search_term_string}\"},\"query-input\":{\"@type\":\"PropertyValueSpecification\",\"valueRequired\":true,\"valueName\":\"search_term_string\"}}],\"inLanguage\":\"de\"},{\"@type\":\"Organization\",\"@id\":\"https:\\\/\\\/bedrocan.com\\\/de\\\/#organization\",\"name\":\"Bedrocan\",\"url\":\"https:\\\/\\\/bedrocan.com\\\/de\\\/\",\"logo\":{\"@type\":\"ImageObject\",\"inLanguage\":\"de\",\"@id\":\"https:\\\/\\\/bedrocan.com\\\/de\\\/#\\\/schema\\\/logo\\\/image\\\/\",\"url\":\"https:\\\/\\\/bedrocan.com\\\/wp-content\\\/uploads\\\/logo-bedrocan-mail.png\",\"contentUrl\":\"https:\\\/\\\/bedrocan.com\\\/wp-content\\\/uploads\\\/logo-bedrocan-mail.png\",\"width\":185,\"height\":31,\"caption\":\"Bedrocan\"},\"image\":{\"@id\":\"https:\\\/\\\/bedrocan.com\\\/de\\\/#\\\/schema\\\/logo\\\/image\\\/\"},\"sameAs\":[\"https:\\\/\\\/www.facebook.com\\\/Bedrocan\",\"https:\\\/\\\/www.linkedin.com\\\/company\\\/bedrocan\\\/\",\"https:\\\/\\\/www.instagram.com\\\/bedrocan_international\\\/\"]}]}<\/script>\n<!-- \/ Yoast SEO plugin. -->","yoast_head_json":{"title":"Bedrocan \u2013 Lieferant von pharmazeutischem Cannabis","description":"Bedrocan ist der weltweit erfahrenste Hersteller von legalem medizinischem Cannabis, zertifiziert nach der guten Herstellungspraxis (EU-GMP).","robots":{"index":"index","follow":"follow","max-snippet":"max-snippet:-1","max-image-preview":"max-image-preview:large","max-video-preview":"max-video-preview:-1"},"canonical":"https:\/\/bedrocan.com\/de\/ueber-uns\/","og_locale":"de_DE","og_type":"article","og_title":"Bedrocan \u2013 Lieferant von pharmazeutischem Cannabis","og_description":"Bedrocan ist der weltweit erfahrenste Hersteller von legalem medizinischem Cannabis, zertifiziert nach der guten Herstellungspraxis (EU-GMP).","og_url":"https:\/\/bedrocan.com\/de\/ueber-uns\/","og_site_name":"Bedrocan - standardised medicinal cannabis","article_publisher":"https:\/\/www.facebook.com\/Bedrocan","article_modified_time":"2025-12-17T08:55:50+00:00","og_image":[{"width":1024,"height":682,"url":"https:\/\/bedrocan.com\/wp-content\/uploads\/verwerking-personeel-emmeloord-bedrocan-31.jpg","type":"image\/jpeg"}],"twitter_card":"summary_large_image","twitter_misc":{"Gesch\u00e4tzte Lesezeit":"3\u00a0Minuten"},"schema":{"@context":"https:\/\/schema.org","@graph":[{"@type":"WebPage","@id":"https:\/\/bedrocan.com\/de\/ueber-uns\/","url":"https:\/\/bedrocan.com\/de\/ueber-uns\/","name":"Bedrocan \u2013 Lieferant von pharmazeutischem Cannabis","isPartOf":{"@id":"https:\/\/bedrocan.com\/de\/#website"},"primaryImageOfPage":{"@id":"https:\/\/bedrocan.com\/de\/ueber-uns\/#primaryimage"},"image":{"@id":"https:\/\/bedrocan.com\/de\/ueber-uns\/#primaryimage"},"thumbnailUrl":"https:\/\/bedrocan.com\/wp-content\/uploads\/verwerking-personeel-emmeloord-bedrocan-31.jpg","datePublished":"2025-12-17T08:00:47+00:00","dateModified":"2025-12-17T08:55:50+00:00","description":"Bedrocan ist der weltweit erfahrenste Hersteller von legalem medizinischem Cannabis, zertifiziert nach der guten Herstellungspraxis (EU-GMP).","breadcrumb":{"@id":"https:\/\/bedrocan.com\/de\/ueber-uns\/#breadcrumb"},"inLanguage":"de","potentialAction":[{"@type":"ReadAction","target":["https:\/\/bedrocan.com\/de\/ueber-uns\/"]}]},{"@type":"ImageObject","inLanguage":"de","@id":"https:\/\/bedrocan.com\/de\/ueber-uns\/#primaryimage","url":"https:\/\/bedrocan.com\/wp-content\/uploads\/verwerking-personeel-emmeloord-bedrocan-31.jpg","contentUrl":"https:\/\/bedrocan.com\/wp-content\/uploads\/verwerking-personeel-emmeloord-bedrocan-31.jpg","width":1024,"height":682,"caption":"\u00dcber uns, \u00fcber Bedrocan"},{"@type":"BreadcrumbList","@id":"https:\/\/bedrocan.com\/de\/ueber-uns\/#breadcrumb","itemListElement":[{"@type":"ListItem","position":1,"name":"Home","item":"https:\/\/bedrocan.com\/de\/"},{"@type":"ListItem","position":2,"name":"\u00dcber uns"}]},{"@type":"WebSite","@id":"https:\/\/bedrocan.com\/de\/#website","url":"https:\/\/bedrocan.com\/de\/","name":"Bedrocan","description":"medicinal cannabis","publisher":{"@id":"https:\/\/bedrocan.com\/de\/#organization"},"potentialAction":[{"@type":"SearchAction","target":{"@type":"EntryPoint","urlTemplate":"https:\/\/bedrocan.com\/de\/?s={search_term_string}"},"query-input":{"@type":"PropertyValueSpecification","valueRequired":true,"valueName":"search_term_string"}}],"inLanguage":"de"},{"@type":"Organization","@id":"https:\/\/bedrocan.com\/de\/#organization","name":"Bedrocan","url":"https:\/\/bedrocan.com\/de\/","logo":{"@type":"ImageObject","inLanguage":"de","@id":"https:\/\/bedrocan.com\/de\/#\/schema\/logo\/image\/","url":"https:\/\/bedrocan.com\/wp-content\/uploads\/logo-bedrocan-mail.png","contentUrl":"https:\/\/bedrocan.com\/wp-content\/uploads\/logo-bedrocan-mail.png","width":185,"height":31,"caption":"Bedrocan"},"image":{"@id":"https:\/\/bedrocan.com\/de\/#\/schema\/logo\/image\/"},"sameAs":["https:\/\/www.facebook.com\/Bedrocan","https:\/\/www.linkedin.com\/company\/bedrocan\/","https:\/\/www.instagram.com\/bedrocan_international\/"]}]}},"_links":{"self":[{"href":"https:\/\/bedrocan.com\/de\/wp-json\/wp\/v2\/pages\/8106","targetHints":{"allow":["GET"]}}],"collection":[{"href":"https:\/\/bedrocan.com\/de\/wp-json\/wp\/v2\/pages"}],"about":[{"href":"https:\/\/bedrocan.com\/de\/wp-json\/wp\/v2\/types\/page"}],"author":[{"embeddable":true,"href":"https:\/\/bedrocan.com\/de\/wp-json\/wp\/v2\/users\/3"}],"replies":[{"embeddable":true,"href":"https:\/\/bedrocan.com\/de\/wp-json\/wp\/v2\/comments?post=8106"}],"version-history":[{"count":5,"href":"https:\/\/bedrocan.com\/de\/wp-json\/wp\/v2\/pages\/8106\/revisions"}],"predecessor-version":[{"id":257116,"href":"https:\/\/bedrocan.com\/de\/wp-json\/wp\/v2\/pages\/8106\/revisions\/257116"}],"wp:featuredmedia":[{"embeddable":true,"href":"https:\/\/bedrocan.com\/de\/wp-json\/wp\/v2\/media\/128895"}],"wp:attachment":[{"href":"https:\/\/bedrocan.com\/de\/wp-json\/wp\/v2\/media?parent=8106"}],"curies":[{"name":"wp","href":"https:\/\/api.w.org\/{rel}","templated":true}]}}