{"id":8511,"date":"2021-08-09T13:19:07","date_gmt":"2021-08-09T11:19:07","guid":{"rendered":"http:\/\/bedrocan.com\/produkte-services\/gesundheitswesen\/side-effects-and-risks\/"},"modified":"2025-06-19T15:33:13","modified_gmt":"2025-06-19T13:33:13","slug":"nebenwirkungen-und-risiken","status":"publish","type":"page","link":"https:\/\/bedrocan.com\/de\/medizinische-fachkreise\/nebenwirkungen-und-risiken\/","title":{"rendered":"Nebenwirkungen und Risiken"},"content":{"rendered":"<div class=\"wpb-content-wrapper\">[mk_page_section bg_image=&#8221;https:\/\/bedrocan.com\/wp-content\/uploads\/header_side-effects.jpg&#8221; bg_repeat=&#8221;no-repeat&#8221; bg_stretch=&#8221;true&#8221; min_height=&#8221;300&#8243; full_width=&#8221;true&#8221; top_shape_color=&#8221;#ffffff&#8221; bottom_shape_color=&#8221;#ffffff&#8221; visibility=&#8221;hidden-sm&#8221; sidebar=&#8221;sidebar-1&#8243;][vc_column][\/vc_column][\/mk_page_section][vc_row][vc_column][vc_empty_space height=&#8221;45px&#8221;][vc_column_text]\n<h1>Nebenwirkungen und Risiken<\/h1>\n[\/vc_column_text][vc_separator color=&#8221;custom&#8221; align=&#8221;align_left&#8221; border_width=&#8221;5&#8243; el_width=&#8221;10&#8243; accent_color=&#8221;#008752&#8243; css=&#8221;.vc_custom_1468403515259{margin-top: -10px !important;margin-bottom: 10px !important;}&#8221;][mk_padding_divider size=&#8221;30&#8243;][\/vc_column][\/vc_row][vc_row][vc_column][vc_column_text css=&#8221;.vc_custom_1636120497254{margin-bottom: 0px !important;}&#8221;]Generell scheinen Patienten medizinisches Cannabis gut zu vertragen. Mit dem Konsum von <a href=\"https:\/\/bedrocan.com\/de\/medizinische-fachkreise\/cannabis-als-medizin\/\">medizinischem Cannabis<\/a> (auch bekannt als Marihuana) gehen jedoch Nebenwirkungen und Risiken einher. Die m\u00f6glichen Nebenwirkungen sind vor\u00fcbergehend und dauern nur kurz an, sie sind meistens harmlos und verschwinden mit zunehmender Toleranz. Unerw\u00fcnschte Nebenwirkungen und Risiken treten prim\u00e4r nach dem Konsum hoher Dosierungen auf, oder wenn medizinisches Cannabis in Kombination mit anderen Substanzen konsumiert wird, die die Wirkung verst\u00e4rken wie beispielsweise Alkohol oder gewisse Medikamente.[\/vc_column_text][mk_padding_divider size=&#8221;30&#8243;][vc_column_text css=&#8221;.vc_custom_1636120737243{margin-bottom: 0px !important;}&#8221;]\n<h2>Nebenwirkungen<\/h2>\n<p>Bei richtiger Verabreichung hat medizinisches Cannabis keine identifizierte toxische Wirkung auf die Gesundheit der Patienten. Eine Analyse der Auswirkungen der medizinischen Nutzung von <a href=\"https:\/\/bedrocan.com\/de\/medizinische-fachkreise\/cannabis-als-medizin\/#cannabinoid\">Cannabinoiden<\/a> hat gezeigt, dass die h\u00e4ufigsten Kategorien von Nebenwirkungen Probleme mit den Atemwegen, dem Magen-Darmkanal und dem Nervensystem betreffen. Die h\u00e4ufigen akuten Nebenwirkungen hoher Cannabisdosen treten sehr schnell nach dem Konsum auf und beinhalten:<\/p>\n<ul>\n<li>Mundtrockenheit<\/li>\n<li>Augenr\u00f6tung<\/li>\n<li>Verst\u00e4rkter Appetit<\/li>\n<li>Leichte Euphorie (<a href=\"https:\/\/bedrocan.com\/de\/drogenrausch-medizinisches-cannabis-vermeiden\/\">Drogenrausch vermeiden<\/a>)<\/li>\n<li>Verringerte Aufmerksamkeit des Nutzers, insbesondere in den ersten Stunden unmittelbar nach dem Konsum.<\/li>\n<li>Erh\u00f6hte Herzfrequenz<\/li>\n<li>Verringerung des Blutdrucks und Schwindelgef\u00fchle<\/li>\n<\/ul>\n<p>Generell treten alle Nebenwirkungen vor\u00fcbergehend auf. Sie sollten langsam abschw\u00e4chen und verschwinden dann innerhalb weniger Stunden.[\/vc_column_text][mk_padding_divider][\/vc_column][\/vc_row][vc_row css=&#8221;.vc_custom_1619013606927{padding-right: 25px !important;padding-left: 25px !important;background-color: #f5f5f5 !important;}&#8221;][vc_column][mk_padding_divider size=&#8221;20&#8243;][vc_column_text css=&#8221;.vc_custom_1636120601996{margin-bottom: 0px !important;}&#8221;]\n<h4 style=\"text-align: center;\"><strong>Qualit\u00e4t is wichtig<\/strong><\/h4>\n<p>Wenn Cannabis unbekannter (oft illegaler) Herkunft verwendet wird, ist die Wahrscheinlichkeit, dass das Produkt mit Pestiziden, Wachstumsbeschleunigern, Schwermetallen oder Mikroben verunreinigt ist, nicht immer auszuschlie\u00dfen. Diese Verunreinigungen sind sehr gesundheitssch\u00e4dlich f\u00fcr die Patienten. Das medizinische Cannabis von Bedrocan wird von einem externen, international zertifizierten Labor einer Qualit\u00e4tskontrolle unterzogen. Die Analysenergebnisse der einzelnen Chargen werden in einem entsprechenden Analysenzertifikat (<a href=\"https:\/\/english.cannabisbureau.nl\/doctor-and-pharmacists\/release-certificates\" target=\"_blank\" rel=\"noopener\">Certificate of Analysis<\/a>, CoA) wiedergegeben. Diese anspruchsvolle Qualit\u00e4tssicherung zeigt, dass unsere Produkte keine sch\u00e4dlichen Verunreinigungen enthalten.\u00a0Zudem ist die Verwendung von standardisierten <a href=\"https:\/\/bedrocan.com\/de\/cannabis-produkte\/\">medizinischen Cannabis-Produkten<\/a> von erheblicher Bedeutung, um sicherzustellen, dass immer die gleiche Dosis genommen wird. Dadurch verringert sich das Risiko einer <a href=\"https:\/\/bedrocan.com\/de\/medizinische-fachkreise\/nebenwirkungen-und-risiken\/#overdosing\">\u00dcberdosierung<\/a> und somit auch unerw\u00fcnschter Nebenwirkungen.[\/vc_column_text][mk_padding_divider size=&#8221;20&#8243;][\/vc_column][\/vc_row][vc_row][vc_column][mk_padding_divider size=&#8221;25&#8243;][vc_column_text css=&#8221;.vc_custom_1619015359548{margin-bottom: 0px !important;}&#8221;]\n<h2>Vermeiden von Nebenwirkungen<\/h2>\n<p>Die meisten unerw\u00fcnschten Nebenwirkungen von medizinischem Cannabis lassen sich wie folgt vermeiden:<\/p>\n<ul>\n<li>mit einer niedrigen Dosis beginnen \u2013 es ist besser, mehrere kleine Dosen am Tag zu nehmen;<\/li>\n<li>geduldig auf die Wirkung warten;<\/li>\n<li>die gleiche (geringe) Dosis mehrere Tage lang nehmen und die m\u00f6glicherweise auftretenden Nebenwirkungen beobachten;<\/li>\n<li>die Dosis langsam erh\u00f6hen, vorzugsweise \u00fcber einen l\u00e4ngeren Zeitraum, damit Sie die optimale Dosis ermitteln k\u00f6nnen;<\/li>\n<li>daf\u00fcr sorgen, dass Sie sich in einer sicheren Umgebung befinden, wenn Sie mit einer Therapie auf Cannabis-Basis beginnen (insbesondere bei den ersten Einnahmen);<\/li>\n<li>daf\u00fcr sorgen, dass bei den ersten Einnahmen eine Vertrauensperson zur Unterst\u00fctzung anwesend ist.<\/li>\n<\/ul>\n[\/vc_column_text][mk_padding_divider size=&#8221;20&#8243;][\/vc_column][\/vc_row][vc_row css=&#8221;.vc_custom_1619013606927{padding-right: 25px !important;padding-left: 25px !important;background-color: #f5f5f5 !important;}&#8221;][vc_column][mk_padding_divider size=&#8221;20&#8243;][vc_column_text css=&#8221;.vc_custom_1619015894290{margin-bottom: 0px !important;}&#8221;]\n<h4 style=\"text-align: center;\">Ein spezieller Warnhinweis<\/h4>\n<p>Patienten mit erblichem Risiko f\u00fcr Psychosen oder andere psychiatrische Erkrankungen (beispielsweise Schizophrenie oder Depression) sowie Patienten mit Herz-\/Koronarerkrankungen sollten weder Cannabis noch Cannabinoide nehmen, da hierdurch die Erkrankung verschlimmert werden kann.[\/vc_column_text][mk_padding_divider size=&#8221;20&#8243;][\/vc_column][\/vc_row][vc_row][vc_column][mk_padding_divider size=&#8221;30&#8243;][vc_column_text css=&#8221;.vc_custom_1636120702539{margin-bottom: 0px !important;}&#8221;]\n<h3>Nebenwirkungen und Risiken<\/h3>\n<h2>Risiken<\/h2>\n<p>Ebenso wie alle anderen Medikamente ist auch medizinisches Cannabis nicht ganz harmlos. Die wichtigsten Risikofaktoren werden nachstehend kurz besprochen.<\/p>\n<ul>\n<li><a href=\"#psychosis\">Psychose<\/a><\/li>\n<li><a href=\"#heart\">Herzerkrankungen<\/a><\/li>\n<li><a href=\"#pregnancy\">Schwangerschaft<\/a><\/li>\n<li><a href=\"#liver\">Lebererkrankungen<\/a><\/li>\n<li><a href=\"#addiction\">Abh\u00e4ngigkeit<\/a><\/li>\n<li><a href=\"#overdosing\">\u00dcberdosierung<\/a><\/li>\n<\/ul>\n<h3><\/h3>\n<h3 class=\"pagejump\" style=\"text-align: left;\"><span id=\"psychosis\" style=\"z-index: 1;\">Psychose<\/span><\/h3>\n<p>In seltenen F\u00e4llen kann die Anwendung von Cannabis bei Personen mit diesbez\u00fcglicher erblicher Veranlagung einen psychotischen Anfall ausl\u00f6sen. Aus diesem Grund ist es wichtig, dass Patienten, bei denen psychotische Erkrankungen (insbesondere Schizophrenie und bipolare St\u00f6rung) in der Familie vorkommen, umfassend psychiatrisch betreut werden, wenn sie Cannabis verwenden. Zudem kann bei nicht pr\u00e4disponierten Personen eine kurze, akute psychoseartige Episode (darunter auch Angstzust\u00e4nde und Katastrophendenken) auftreten, insbesondere bei sehr hohen THC-Dosierungen.<\/p>\n<p>Gelegentlich erscheinen neue wissenschaftliche Berichte bez\u00fcglich der Wirkung von Cannabis in Bezug auf das Psychoserisiko. Eine direkte Kausalit\u00e4t zwischen Cannabis und Psychosen ist jedoch bisher nicht festgestellt worden. Dabei steht die folgende Frage im Vordergrund: verursacht Cannabis eventuell Psychosen bei ansonsten vollkommen gesunden Personen oder ruft eine vorbestehende genetische Neigung zu Psychosen negative Effekte bei der Verwendung von Cannabis hervor?<\/p>\n<p>Aus neueren wissenschaftlichen Studien geht hervor, dass ein geringer Anteil der Population eine genetische Pr\u00e4disposition aufweist, wodurch sich das Risiko chronischer psychotischer Symptome bei der Verwendung von Cannabis (medikament\u00f6s oder\u00a0 anderweitig) erh\u00f6ht.<\/p>\n<h3 class=\"pagejump\" style=\"text-align: left;\"><span id=\"heart\" style=\"z-index: 1;\">Herzerkrankungen<\/span><\/h3>\n<p>Cannabinoide k\u00f6nnen eine starke, wenn auch vor\u00fcbergehende Wirkung auf die Herzfrequenz und den Blutdruck haben. Patienten mit einer Vorgeschichte von Herzerkrankungen oder Personen, die Herzmedikamente nehmen, sollten Cannabis nicht oder nur unter \u00e4rztlicher Aufsicht verwenden.<\/p>\n<h3 class=\"pagejump\" style=\"text-align: left;\"><span id=\"pregnancy\" style=\"z-index: 1;\">Schwangerschaft<\/span><\/h3>\n<p>Die Verwendung von Cannabis w\u00e4hrend der Schwangerschaft kann vermutlich die Entwicklung des F\u00f6tus beeintr\u00e4chtigen. Au\u00dferdem k\u00f6nnen gewisse Bestandteile des Cannabis, einschlie\u00dflich <a href=\"https:\/\/bedrocan.com\/de\/medizinische-fachkreise\/cannabis-als-medizin\/#thc\">THC<\/a>, in die Muttermilch gelangen. Aus diesen Gr\u00fcnden wird von der Verwendung von Cannabis zu medizinischen Zwecken w\u00e4hrend der Schwangerschaft oder in der Stillzeit abgeraten.<\/p>\n<h3 class=\"pagejump\" style=\"text-align: left;\"><span id=\"liver\" style=\"z-index: 1;\">Lebererkrankungen<\/span><\/h3>\n<p>Nach der Verabreichung von Cannabis ist die Leber das wichtigste Organ zur chemischen Umsetzung der Cannabinoide im Rahmen der Verwertung von Nahrungsbestandteilen, wobei Stoffwechselprodukte durch den K\u00f6rper ausgeschieden werden (Metabolismus).<\/p>\n<p>Bei Leberpatienten kann die Wirkung von Cannabis daher unerwartet anders ausfallen. Daher sollten diese Patienten anf\u00e4nglich \u00fcberwacht werden, um sicherzustellen, dass die konsumierte Dosis die Stoffwechself\u00e4higkeit der Leber nicht beeintr\u00e4chtigt.<\/p>\n<h3 class=\"pagejump\" style=\"text-align: left;\"><span id=\"addiction\" style=\"z-index: 1;\">Abh\u00e4ngigkeit<\/span><\/h3>\n<p>Empirische Daten lassen vermuten, dass die Gefahr einer Cannabis-Abh\u00e4ngigkeit bei medizinischer Nutzung minimal ist. Die empfohlene Dosierung zu medizinischen Zwecken ist h\u00e4ufig geringer als bei der Verwendung als Freizeitdroge, und der Patient wird au\u00dferdem von einem Arzt oder Spezialisten \u00fcberwacht und betreut.<\/p>\n<p>Erh\u00f6hte Vorsicht ist jedoch geboten, wenn ein Patient in der Vergangenheit Suchtprobleme hatte. Hochdosiertes medizinisches Cannabis kann langfristig zur Dosiseskalation und zum Missbrauch f\u00fchren. Der pl\u00f6tzliche Abbruch der Anwendung (Beendigung) kann in diesem Fall Entzugserscheinungen, wie beispielsweise leichte Unruhe, Reizbarkeit, Schlaflosigkeit, lebhafte Tr\u00e4ume und Appetitmangel hervorrufen.<\/p>\n<h3 class=\"pagejump\" style=\"text-align: left;\"><span id=\"overdosing\" style=\"z-index: 1;\">\u00dcberdosierung<\/span><\/h3>\n<p>Es liegen keine Nachweise daf\u00fcr vor, dass der Konsum von <a href=\"https:\/\/bedrocan.com\/de\/medizinische-fachkreise\/cannabis-als-medizin\/\">medizinischem Cannabis<\/a> lebensbedrohliche Nebenwirkungen verursacht; auch nicht bei sehr hohen Dosierungen. Eine \u00dcberdosis Cannabis (THC) kann jedoch eine Vielzahl von Nebenwirkungen ausl\u00f6sen, wobei die Toleranz jedoch von Patient zu Patient sehr unterschiedlich sein kann. Die h\u00e4ufigste Nebenwirkung der \u00dcberdosierung mit einer einzelnen THC-Dosis ist ein Angstzustand, der in einigen F\u00e4llen leichte akute psychotische Episoden (Panikattacken) nach sich ziehen kann. Au\u00dferdem k\u00f6nnen eine erh\u00f6hte Herzfrequenz und Blutdruck\u00e4nderungen auftreten.<\/p>\n<p>Insbesondere kann eine THC-\u00dcberdosis eine akute Hypotonie und \/ oder Tachykardie bewirken. In einigen F\u00e4llen k\u00f6nnen auch \u00dcbelkeit und Erbrechen sowie Diarrh\u00f6 auftreten. Dar\u00fcber hinaus kann eine Beeintr\u00e4chtigung des Bewegungsverhaltens und der Motorik auch Gef\u00fchle der Verwirrung, Depersonalisation, Kontrollverlust oder sogar Hilflosigkeit verursachen. Zudem k\u00f6nnen ger\u00f6tete Augen und ein trockener Mund auftreten und als sehr unangenehm empfunden werden. Die meisten Nebenwirkungen verschwinden von selbst wieder, normalerweise innerhalb weniger Stunden, sobald der THC-Serumspiegel f\u00e4llt.<\/p>\n<p>Es gibt Hinweise darauf, dass <a href=\"https:\/\/bedrocan.com\/de\/medizinische-fachkreise\/cannabis-als-medizin\/#thc\">THC<\/a> in wenigen Einzelf\u00e4llen zu Psychosen mit Wahnvorstellungen und Halluzinationen f\u00fchren kann. Diese Nebenwirkungen treten, falls \u00fcberhaupt, nur selten auf, da das THC hierzu h\u00f6chstwahrscheinlich in sehr hohen Dosierungen \u00fcber einen l\u00e4ngeren Zeitraum verabreicht werden muss oder bereits eine genetische Empf\u00e4nglichkeit vorliegen muss. Dennoch ist Vorsicht geboten und sind die Risiken eindeutig und klar mitzuteilen.[\/vc_column_text][mk_padding_divider][\/vc_column][\/vc_row]\n<\/div>","protected":false},"excerpt":{"rendered":"<p>[mk_page_section bg_image=&#8221;https:\/\/bedrocan.com\/wp-content\/uploads\/header_side-effects.jpg&#8221; bg_repeat=&#8221;no-repeat&#8221; bg_stretch=&#8221;true&#8221; min_height=&#8221;300&#8243; full_width=&#8221;true&#8221; top_shape_color=&#8221;#ffffff&#8221; bottom_shape_color=&#8221;#ffffff&#8221; visibility=&#8221;hidden-sm&#8221; sidebar=&#8221;sidebar-1&#8243;][vc_column][\/vc_column][\/mk_page_section][vc_row][vc_column][vc_empty_space height=&#8221;45px&#8221;][vc_column_text] Nebenwirkungen und Risiken [\/vc_column_text][vc_separator color=&#8221;custom&#8221; align=&#8221;align_left&#8221; border_width=&#8221;5&#8243; el_width=&#8221;10&#8243; accent_color=&#8221;#008752&#8243; css=&#8221;.vc_custom_1468403515259{margin-top: -10px !important;margin-bottom: 10px !important;}&#8221;][mk_padding_divider size=&#8221;30&#8243;][\/vc_column][\/vc_row][vc_row][vc_column][vc_column_text css=&#8221;.vc_custom_1636120497254{margin-bottom: 0px !important;}&#8221;]Generell scheinen Patienten medizinisches Cannabis gut zu vertragen. Mit dem Konsum von medizinischem Cannabis (auch bekannt als Marihuana) gehen jedoch Nebenwirkungen und Risiken einher. Die m\u00f6glichen Nebenwirkungen [&hellip;]<\/p>\n","protected":false},"author":3,"featured_media":160451,"parent":144210,"menu_order":5,"comment_status":"closed","ping_status":"closed","template":"","meta":{"footnotes":""},"class_list":["post-8511","page","type-page","status-publish","has-post-thumbnail","hentry"],"yoast_head":"<!-- This site is optimized with the Yoast SEO plugin v27.5 - https:\/\/yoast.com\/product\/yoast-seo-wordpress\/ -->\n<title>Nebenwirkungen und Risiken von Cannabis - Sie sind meistens harmlos<\/title>\n<meta name=\"description\" content=\"Patienten scheinen medizinisches Cannabis gut zu vertragen. Mit dem Konsum gehen jedoch Cannabis Nebenwirkungen und Risiken einher.\" \/>\n<meta name=\"robots\" content=\"index, follow, max-snippet:-1, max-image-preview:large, max-video-preview:-1\" \/>\n<link rel=\"canonical\" href=\"https:\/\/bedrocan.com\/de\/medizinische-fachkreise\/nebenwirkungen-und-risiken\/\" \/>\n<meta property=\"og:locale\" content=\"de_DE\" \/>\n<meta property=\"og:type\" content=\"article\" \/>\n<meta property=\"og:title\" content=\"Nebenwirkungen und Risiken von Cannabis - Sie sind meistens harmlos\" \/>\n<meta property=\"og:description\" content=\"Patienten scheinen medizinisches Cannabis gut zu vertragen. Mit dem Konsum gehen jedoch Cannabis Nebenwirkungen und Risiken einher.\" \/>\n<meta property=\"og:url\" content=\"https:\/\/bedrocan.com\/de\/medizinische-fachkreise\/nebenwirkungen-und-risiken\/\" \/>\n<meta property=\"og:site_name\" content=\"Bedrocan - standardised medicinal cannabis\" \/>\n<meta property=\"article:publisher\" content=\"https:\/\/www.facebook.com\/Bedrocan\" \/>\n<meta property=\"article:modified_time\" content=\"2025-06-19T13:33:13+00:00\" \/>\n<meta property=\"og:image\" content=\"https:\/\/bedrocan.com\/wp-content\/uploads\/cannabis-flos_lr-11.jpg\" \/>\n\t<meta property=\"og:image:width\" content=\"900\" \/>\n\t<meta property=\"og:image:height\" content=\"978\" \/>\n\t<meta property=\"og:image:type\" content=\"image\/jpeg\" \/>\n<meta name=\"twitter:card\" content=\"summary_large_image\" \/>\n<meta name=\"twitter:label1\" content=\"Gesch\u00e4tzte Lesezeit\" \/>\n\t<meta name=\"twitter:data1\" content=\"6\u00a0Minuten\" \/>\n<script type=\"application\/ld+json\" class=\"yoast-schema-graph\">{\"@context\":\"https:\\\/\\\/schema.org\",\"@graph\":[{\"@type\":\"WebPage\",\"@id\":\"https:\\\/\\\/bedrocan.com\\\/de\\\/medizinische-fachkreise\\\/nebenwirkungen-und-risiken\\\/\",\"url\":\"https:\\\/\\\/bedrocan.com\\\/de\\\/medizinische-fachkreise\\\/nebenwirkungen-und-risiken\\\/\",\"name\":\"Nebenwirkungen und Risiken von Cannabis - Sie sind meistens harmlos\",\"isPartOf\":{\"@id\":\"https:\\\/\\\/bedrocan.com\\\/de\\\/#website\"},\"primaryImageOfPage\":{\"@id\":\"https:\\\/\\\/bedrocan.com\\\/de\\\/medizinische-fachkreise\\\/nebenwirkungen-und-risiken\\\/#primaryimage\"},\"image\":{\"@id\":\"https:\\\/\\\/bedrocan.com\\\/de\\\/medizinische-fachkreise\\\/nebenwirkungen-und-risiken\\\/#primaryimage\"},\"thumbnailUrl\":\"https:\\\/\\\/bedrocan.com\\\/wp-content\\\/uploads\\\/cannabis-flos_lr-11.jpg\",\"datePublished\":\"2021-08-09T11:19:07+00:00\",\"dateModified\":\"2025-06-19T13:33:13+00:00\",\"description\":\"Patienten scheinen medizinisches Cannabis gut zu vertragen. Mit dem Konsum gehen jedoch Cannabis Nebenwirkungen und Risiken einher.\",\"breadcrumb\":{\"@id\":\"https:\\\/\\\/bedrocan.com\\\/de\\\/medizinische-fachkreise\\\/nebenwirkungen-und-risiken\\\/#breadcrumb\"},\"inLanguage\":\"de\",\"potentialAction\":[{\"@type\":\"ReadAction\",\"target\":[\"https:\\\/\\\/bedrocan.com\\\/de\\\/medizinische-fachkreise\\\/nebenwirkungen-und-risiken\\\/\"]}]},{\"@type\":\"ImageObject\",\"inLanguage\":\"de\",\"@id\":\"https:\\\/\\\/bedrocan.com\\\/de\\\/medizinische-fachkreise\\\/nebenwirkungen-und-risiken\\\/#primaryimage\",\"url\":\"https:\\\/\\\/bedrocan.com\\\/wp-content\\\/uploads\\\/cannabis-flos_lr-11.jpg\",\"contentUrl\":\"https:\\\/\\\/bedrocan.com\\\/wp-content\\\/uploads\\\/cannabis-flos_lr-11.jpg\",\"width\":900,\"height\":978,\"caption\":\"Cannabis side effects and risks\"},{\"@type\":\"BreadcrumbList\",\"@id\":\"https:\\\/\\\/bedrocan.com\\\/de\\\/medizinische-fachkreise\\\/nebenwirkungen-und-risiken\\\/#breadcrumb\",\"itemListElement\":[{\"@type\":\"ListItem\",\"position\":1,\"name\":\"Home\",\"item\":\"https:\\\/\\\/bedrocan.com\\\/de\\\/\"},{\"@type\":\"ListItem\",\"position\":2,\"name\":\"Medizinische Fachkreise\",\"item\":\"https:\\\/\\\/bedrocan.com\\\/de\\\/medizinische-fachkreise\\\/\"},{\"@type\":\"ListItem\",\"position\":3,\"name\":\"Nebenwirkungen und Risiken\"}]},{\"@type\":\"WebSite\",\"@id\":\"https:\\\/\\\/bedrocan.com\\\/de\\\/#website\",\"url\":\"https:\\\/\\\/bedrocan.com\\\/de\\\/\",\"name\":\"Bedrocan\",\"description\":\"medicinal cannabis\",\"publisher\":{\"@id\":\"https:\\\/\\\/bedrocan.com\\\/de\\\/#organization\"},\"potentialAction\":[{\"@type\":\"SearchAction\",\"target\":{\"@type\":\"EntryPoint\",\"urlTemplate\":\"https:\\\/\\\/bedrocan.com\\\/de\\\/?s={search_term_string}\"},\"query-input\":{\"@type\":\"PropertyValueSpecification\",\"valueRequired\":true,\"valueName\":\"search_term_string\"}}],\"inLanguage\":\"de\"},{\"@type\":\"Organization\",\"@id\":\"https:\\\/\\\/bedrocan.com\\\/de\\\/#organization\",\"name\":\"Bedrocan\",\"url\":\"https:\\\/\\\/bedrocan.com\\\/de\\\/\",\"logo\":{\"@type\":\"ImageObject\",\"inLanguage\":\"de\",\"@id\":\"https:\\\/\\\/bedrocan.com\\\/de\\\/#\\\/schema\\\/logo\\\/image\\\/\",\"url\":\"https:\\\/\\\/bedrocan.com\\\/wp-content\\\/uploads\\\/logo-bedrocan-mail.png\",\"contentUrl\":\"https:\\\/\\\/bedrocan.com\\\/wp-content\\\/uploads\\\/logo-bedrocan-mail.png\",\"width\":185,\"height\":31,\"caption\":\"Bedrocan\"},\"image\":{\"@id\":\"https:\\\/\\\/bedrocan.com\\\/de\\\/#\\\/schema\\\/logo\\\/image\\\/\"},\"sameAs\":[\"https:\\\/\\\/www.facebook.com\\\/Bedrocan\",\"https:\\\/\\\/www.linkedin.com\\\/company\\\/bedrocan\\\/\",\"https:\\\/\\\/www.instagram.com\\\/bedrocan_international\\\/\"]}]}<\/script>\n<!-- \/ Yoast SEO plugin. -->","yoast_head_json":{"title":"Nebenwirkungen und Risiken von Cannabis - Sie sind meistens harmlos","description":"Patienten scheinen medizinisches Cannabis gut zu vertragen. Mit dem Konsum gehen jedoch Cannabis Nebenwirkungen und Risiken einher.","robots":{"index":"index","follow":"follow","max-snippet":"max-snippet:-1","max-image-preview":"max-image-preview:large","max-video-preview":"max-video-preview:-1"},"canonical":"https:\/\/bedrocan.com\/de\/medizinische-fachkreise\/nebenwirkungen-und-risiken\/","og_locale":"de_DE","og_type":"article","og_title":"Nebenwirkungen und Risiken von Cannabis - Sie sind meistens harmlos","og_description":"Patienten scheinen medizinisches Cannabis gut zu vertragen. Mit dem Konsum gehen jedoch Cannabis Nebenwirkungen und Risiken einher.","og_url":"https:\/\/bedrocan.com\/de\/medizinische-fachkreise\/nebenwirkungen-und-risiken\/","og_site_name":"Bedrocan - standardised medicinal cannabis","article_publisher":"https:\/\/www.facebook.com\/Bedrocan","article_modified_time":"2025-06-19T13:33:13+00:00","og_image":[{"width":900,"height":978,"url":"https:\/\/bedrocan.com\/wp-content\/uploads\/cannabis-flos_lr-11.jpg","type":"image\/jpeg"}],"twitter_card":"summary_large_image","twitter_misc":{"Gesch\u00e4tzte Lesezeit":"6\u00a0Minuten"},"schema":{"@context":"https:\/\/schema.org","@graph":[{"@type":"WebPage","@id":"https:\/\/bedrocan.com\/de\/medizinische-fachkreise\/nebenwirkungen-und-risiken\/","url":"https:\/\/bedrocan.com\/de\/medizinische-fachkreise\/nebenwirkungen-und-risiken\/","name":"Nebenwirkungen und Risiken von Cannabis - Sie sind meistens harmlos","isPartOf":{"@id":"https:\/\/bedrocan.com\/de\/#website"},"primaryImageOfPage":{"@id":"https:\/\/bedrocan.com\/de\/medizinische-fachkreise\/nebenwirkungen-und-risiken\/#primaryimage"},"image":{"@id":"https:\/\/bedrocan.com\/de\/medizinische-fachkreise\/nebenwirkungen-und-risiken\/#primaryimage"},"thumbnailUrl":"https:\/\/bedrocan.com\/wp-content\/uploads\/cannabis-flos_lr-11.jpg","datePublished":"2021-08-09T11:19:07+00:00","dateModified":"2025-06-19T13:33:13+00:00","description":"Patienten scheinen medizinisches Cannabis gut zu vertragen. Mit dem Konsum gehen jedoch Cannabis Nebenwirkungen und Risiken einher.","breadcrumb":{"@id":"https:\/\/bedrocan.com\/de\/medizinische-fachkreise\/nebenwirkungen-und-risiken\/#breadcrumb"},"inLanguage":"de","potentialAction":[{"@type":"ReadAction","target":["https:\/\/bedrocan.com\/de\/medizinische-fachkreise\/nebenwirkungen-und-risiken\/"]}]},{"@type":"ImageObject","inLanguage":"de","@id":"https:\/\/bedrocan.com\/de\/medizinische-fachkreise\/nebenwirkungen-und-risiken\/#primaryimage","url":"https:\/\/bedrocan.com\/wp-content\/uploads\/cannabis-flos_lr-11.jpg","contentUrl":"https:\/\/bedrocan.com\/wp-content\/uploads\/cannabis-flos_lr-11.jpg","width":900,"height":978,"caption":"Cannabis side effects and risks"},{"@type":"BreadcrumbList","@id":"https:\/\/bedrocan.com\/de\/medizinische-fachkreise\/nebenwirkungen-und-risiken\/#breadcrumb","itemListElement":[{"@type":"ListItem","position":1,"name":"Home","item":"https:\/\/bedrocan.com\/de\/"},{"@type":"ListItem","position":2,"name":"Medizinische Fachkreise","item":"https:\/\/bedrocan.com\/de\/medizinische-fachkreise\/"},{"@type":"ListItem","position":3,"name":"Nebenwirkungen und Risiken"}]},{"@type":"WebSite","@id":"https:\/\/bedrocan.com\/de\/#website","url":"https:\/\/bedrocan.com\/de\/","name":"Bedrocan","description":"medicinal cannabis","publisher":{"@id":"https:\/\/bedrocan.com\/de\/#organization"},"potentialAction":[{"@type":"SearchAction","target":{"@type":"EntryPoint","urlTemplate":"https:\/\/bedrocan.com\/de\/?s={search_term_string}"},"query-input":{"@type":"PropertyValueSpecification","valueRequired":true,"valueName":"search_term_string"}}],"inLanguage":"de"},{"@type":"Organization","@id":"https:\/\/bedrocan.com\/de\/#organization","name":"Bedrocan","url":"https:\/\/bedrocan.com\/de\/","logo":{"@type":"ImageObject","inLanguage":"de","@id":"https:\/\/bedrocan.com\/de\/#\/schema\/logo\/image\/","url":"https:\/\/bedrocan.com\/wp-content\/uploads\/logo-bedrocan-mail.png","contentUrl":"https:\/\/bedrocan.com\/wp-content\/uploads\/logo-bedrocan-mail.png","width":185,"height":31,"caption":"Bedrocan"},"image":{"@id":"https:\/\/bedrocan.com\/de\/#\/schema\/logo\/image\/"},"sameAs":["https:\/\/www.facebook.com\/Bedrocan","https:\/\/www.linkedin.com\/company\/bedrocan\/","https:\/\/www.instagram.com\/bedrocan_international\/"]}]}},"_links":{"self":[{"href":"https:\/\/bedrocan.com\/de\/wp-json\/wp\/v2\/pages\/8511","targetHints":{"allow":["GET"]}}],"collection":[{"href":"https:\/\/bedrocan.com\/de\/wp-json\/wp\/v2\/pages"}],"about":[{"href":"https:\/\/bedrocan.com\/de\/wp-json\/wp\/v2\/types\/page"}],"author":[{"embeddable":true,"href":"https:\/\/bedrocan.com\/de\/wp-json\/wp\/v2\/users\/3"}],"replies":[{"embeddable":true,"href":"https:\/\/bedrocan.com\/de\/wp-json\/wp\/v2\/comments?post=8511"}],"version-history":[{"count":5,"href":"https:\/\/bedrocan.com\/de\/wp-json\/wp\/v2\/pages\/8511\/revisions"}],"predecessor-version":[{"id":203985,"href":"https:\/\/bedrocan.com\/de\/wp-json\/wp\/v2\/pages\/8511\/revisions\/203985"}],"up":[{"embeddable":true,"href":"https:\/\/bedrocan.com\/de\/wp-json\/wp\/v2\/pages\/144210"}],"wp:featuredmedia":[{"embeddable":true,"href":"https:\/\/bedrocan.com\/de\/wp-json\/wp\/v2\/media\/160451"}],"wp:attachment":[{"href":"https:\/\/bedrocan.com\/de\/wp-json\/wp\/v2\/media?parent=8511"}],"curies":[{"name":"wp","href":"https:\/\/api.w.org\/{rel}","templated":true}]}}