{"id":8523,"date":"2026-03-27T11:15:01","date_gmt":"2026-03-27T10:15:01","guid":{"rendered":"http:\/\/bedrocan.com\/produkte-services\/pharma\/"},"modified":"2026-03-27T12:45:17","modified_gmt":"2026-03-27T11:45:17","slug":"api-rohmaterialien","status":"publish","type":"page","link":"https:\/\/bedrocan.com\/de\/cannabis-produkte\/api-rohmaterialien\/","title":{"rendered":"API &#038; Rohmaterialien"},"content":{"rendered":"<div class=\"wpb-content-wrapper\">[mk_page_section bg_image=&#8221;http:\/\/bedrocan.com\/wp-content\/uploads\/female-cannabis-flower-with-trichomes-bedrocan-.jpg&#8221; bg_position=&#8221;center center&#8221; bg_repeat=&#8221;no-repeat&#8221; bg_stretch=&#8221;true&#8221; min_height=&#8221;300&#8243; full_width=&#8221;true&#8221; top_shape_color=&#8221;#ffffff&#8221; bottom_shape_color=&#8221;#ffffff&#8221; visibility=&#8221;hidden-sm&#8221; sidebar=&#8221;sidebar-1&#8243;][vc_column][\/vc_column][\/mk_page_section][vc_row][vc_column][vc_empty_space height=&#8221;45px&#8221;][vc_column_text css=&#8221;.vc_custom_1771337227068{margin-bottom: 0px !important;}&#8221;]\n<h1>Cannabis API &amp; Rohmaterialien<\/h1>\n[\/vc_column_text][vc_separator color=&#8221;custom&#8221; align=&#8221;align_left&#8221; border_width=&#8221;5&#8243; el_width=&#8221;10&#8243; css=&#8221;.vc_custom_1468403515259{margin-top: -10px !important;margin-bottom: 10px !important;}&#8221; accent_color=&#8221;#008752&#8243;][mk_padding_divider][\/vc_column][\/vc_row][vc_row][vc_column][vc_column_text margin_bottom=&#8221;0&#8243; css=&#8221;.vc_custom_1774611843820{margin-bottom: 0px !important;}&#8221;]Bedrocan ist das weltweit einzige Unternehmen, das nachweislich in der Lage ist, standardisierte Cannabis Flos (ganze, getrocknete Bl\u00fcten) als API (aktiver pharmazeutischer Wirkstoff) und Rohmaterialien herzustellen.<\/p>\n<p>Dank einer Kombination stabiler Pflanzengenetik sowie automatisierter, hochtechnologischer Produktionstechniken ist Bedrocan in der Lage, Varianten zu z\u00fcchten, die einen konstanten Gehalt an Cannabinoiden und Terpenen aufweisen.<\/p>\n<h2><strong>Flos oder Industrieform<\/strong><\/h2>\n<p><a href=\"https:\/\/bedrocan.com\/de\/cannabis-produkte\/\">Alle Bedrocan-Produkte<\/a> sind als ganze, getrocknete Bl\u00fcte oder Cannabis Flos sowie in industrieller Version erh\u00e4ltlich.<\/p>\n<p>Die getrockneten Bl\u00fcten eignen sich als Rohmaterial zur pharmazeutischen Produktentwicklung oder als API. Die industrielle Variante wird vollst\u00e4ndig nach Kundenspezifikation geliefert. Auch diese Version kann als Ausgangsmaterial f\u00fcr die Entwicklung pharmazeutischer Produkte verwendet werden.<\/p>\n<h2><strong>API &#8211; Trichom-Pulver<\/strong><\/h2>\n<p>Abh\u00e4ngig von der rechtlichen Zulassung kann Bedrocan Cannabis als Trockenextrakt oder als Trichom-Pulver anbieten.<\/p>\n<p>Trichom-Pulver kann als API zur Herstellung von THC- oder CBD-Isolaten sowie von Vollspektrum-Cannabis\u00f6l verwendet werden. Aufgrund der hohen Konzentrationen ist die Verwendung des Pulvers f\u00fcr die Hersteller eines Endprodukts wesentlich kosteng\u00fcnstiger als die Verwendung der ganzen Cannabisbl\u00fcte als Ausgangsmaterial, die sowohl <a href=\"https:\/\/de.wikipedia.org\/wiki\/Trichom\" target=\"_blank\" rel=\"noopener\">Trichome<\/a> als auch Pflanzenmaterial enth\u00e4lt. Au\u00dferdem ist das aus diesem Pulver hergestellte \u00d6l viel sauberer als das, was heute als Compounding Pharmazeutika erh\u00e4ltlich ist, da w\u00e4hrend des Extraktionsprozesses kein Pflanzenmaterial und keine L\u00f6sungsmittel verwendet werden.[\/vc_column_text][\/vc_column][\/vc_row][vc_row][vc_column][mk_padding_divider][vc_column_text css=&#8221;.vc_custom_1750426159496{margin-bottom: 0px !important;}&#8221;]\n<h2>Bestellung<\/h2>\n[\/vc_column_text][vc_column_text css=&#8221;.vc_custom_1750426181104{margin-bottom: 0px !important;}&#8221;]Kontaktieren Sie unser Business-Team:[\/vc_column_text][vc_column_text css=&#8221;.vc_custom_1751629546730{margin-bottom: 0px !important;}&#8221;]\n<div class=\"wpcf7 no-js\" id=\"wpcf7-f12523-o1\" lang=\"en-US\" dir=\"ltr\" data-wpcf7-id=\"12523\">\n<div class=\"screen-reader-response\"><p role=\"status\" aria-live=\"polite\" aria-atomic=\"true\"><\/p> <ul><\/ul><\/div>\n<form action=\"\/de\/wp-json\/wp\/v2\/pages\/8523#wpcf7-f12523-o1\" method=\"post\" class=\"wpcf7-form init\" aria-label=\"Contact form\" novalidate=\"novalidate\" data-status=\"init\">\n<fieldset class=\"hidden-fields-container\"><input type=\"hidden\" name=\"_wpcf7\" value=\"12523\" \/><input type=\"hidden\" name=\"_wpcf7_version\" value=\"6.1.5\" \/><input type=\"hidden\" name=\"_wpcf7_locale\" value=\"en_US\" \/><input type=\"hidden\" name=\"_wpcf7_unit_tag\" value=\"wpcf7-f12523-o1\" \/><input type=\"hidden\" name=\"_wpcf7_container_post\" value=\"0\" \/><input type=\"hidden\" name=\"_wpcf7_posted_data_hash\" value=\"\" \/><input type=\"hidden\" name=\"_wpcf7_recaptcha_response\" value=\"\" \/>\n<\/fieldset>\n<p>Ihr Name <span style=\"color:#a00;\">*<\/span>\n<\/p>\n<p><span class=\"wpcf7-form-control-wrap\" data-name=\"your-name\"><input size=\"40\" maxlength=\"400\" class=\"wpcf7-form-control wpcf7-text wpcf7-validates-as-required\" aria-required=\"true\" aria-invalid=\"false\" value=\"\" type=\"text\" name=\"your-name\" \/><\/span>\n<\/p>\n<p>Ihre E-Mail <span style=\"color:#a00;\">*<\/span>\n<\/p>\n<p><span class=\"wpcf7-form-control-wrap\" data-name=\"your-email\"><input size=\"40\" maxlength=\"400\" class=\"wpcf7-form-control wpcf7-email wpcf7-validates-as-required wpcf7-text wpcf7-validates-as-email\" aria-required=\"true\" aria-invalid=\"false\" value=\"\" type=\"email\" name=\"your-email\" \/><\/span>\n<\/p>\n<p>Betreff\n<\/p>\n<p><span class=\"wpcf7-form-control-wrap\" data-name=\"your-subject\"><input size=\"40\" maxlength=\"400\" class=\"wpcf7-form-control wpcf7-text\" aria-invalid=\"false\" value=\"\" type=\"text\" name=\"your-subject\" \/><\/span>\n<\/p>\n<p>Ihre Nachricht\n<\/p>\n<p><span class=\"wpcf7-form-control-wrap\" data-name=\"your-message\"><textarea cols=\"40\" rows=\"10\" maxlength=\"2000\" class=\"wpcf7-form-control wpcf7-textarea\" aria-invalid=\"false\" name=\"your-message\"><\/textarea><\/span>\n<\/p>\n<p>Datenschutzrichtlinie <span style=\"color:#a00;\">*<\/span>\n<\/p>\n<p><span class=\"wpcf7-form-control-wrap\" data-name=\"acceptance-897\"><span class=\"wpcf7-form-control wpcf7-acceptance\"><span class=\"wpcf7-list-item\"><label><input type=\"checkbox\" name=\"acceptance-897\" value=\"1\" aria-invalid=\"false\" \/><span class=\"wpcf7-list-item-label\">Wenn Sie auf die Schaltfl\u00e4che \"Senden\" klicken, erkl\u00e4ren Sie sich mit der <a href=\"http:\/\/bedrocan.com\/de\/kontakt\/datenschutzrichtlinie\/\" target=\"_blank\" >Datenschutzrichtlinie<\/span><\/label><\/span><\/span><\/span> von Bedrocan einverstanden.\n<\/p>\n<p><input class=\"wpcf7-form-control wpcf7-submit has-spinner\" type=\"submit\" value=\"Senden\" \/>\n<\/p>\n<p><span style=\"color:#a00;\">* Pflichtangabe<\/span>\n<\/p><p style=\"display: none !important;\" class=\"akismet-fields-container\" data-prefix=\"_wpcf7_ak_\"><label>&#916;<textarea name=\"_wpcf7_ak_hp_textarea\" cols=\"45\" rows=\"8\" maxlength=\"100\"><\/textarea><\/label><input type=\"hidden\" id=\"ak_js_1\" name=\"_wpcf7_ak_js\" value=\"183\"\/><script>document.getElementById( \"ak_js_1\" ).setAttribute( \"value\", ( new Date() ).getTime() );<\/script><\/p><div class=\"wpcf7-response-output\" aria-hidden=\"true\"><\/div>\n<\/form>\n<\/div>\n[\/vc_column_text][mk_padding_divider][mk_padding_divider][\/vc_column][\/vc_row]\n<\/div>","protected":false},"excerpt":{"rendered":"<p>[mk_page_section bg_image=&#8221;http:\/\/bedrocan.com\/wp-content\/uploads\/female-cannabis-flower-with-trichomes-bedrocan-.jpg&#8221; bg_position=&#8221;center center&#8221; bg_repeat=&#8221;no-repeat&#8221; bg_stretch=&#8221;true&#8221; min_height=&#8221;300&#8243; full_width=&#8221;true&#8221; top_shape_color=&#8221;#ffffff&#8221; bottom_shape_color=&#8221;#ffffff&#8221; visibility=&#8221;hidden-sm&#8221; sidebar=&#8221;sidebar-1&#8243;][vc_column][\/vc_column][\/mk_page_section][vc_row][vc_column][vc_empty_space height=&#8221;45px&#8221;][vc_column_text css=&#8221;.vc_custom_1771337227068{margin-bottom: 0px !important;}&#8221;] Cannabis API &amp; Rohmaterialien [\/vc_column_text][vc_separator color=&#8221;custom&#8221; align=&#8221;align_left&#8221; border_width=&#8221;5&#8243; el_width=&#8221;10&#8243; css=&#8221;.vc_custom_1468403515259{margin-top: -10px !important;margin-bottom: 10px !important;}&#8221; accent_color=&#8221;#008752&#8243;][mk_padding_divider][\/vc_column][\/vc_row][vc_row][vc_column][vc_column_text margin_bottom=&#8221;0&#8243; css=&#8221;.vc_custom_1774611843820{margin-bottom: 0px !important;}&#8221;]Bedrocan ist das weltweit einzige Unternehmen, das nachweislich in der Lage ist, standardisierte Cannabis Flos (ganze, getrocknete Bl\u00fcten) als API (aktiver [&hellip;]<\/p>\n","protected":false},"author":3,"featured_media":43376,"parent":8453,"menu_order":3,"comment_status":"closed","ping_status":"closed","template":"","meta":{"footnotes":""},"class_list":["post-8523","page","type-page","status-publish","has-post-thumbnail","hentry"],"yoast_head":"<!-- This site is optimized with the Yoast SEO plugin v27.3 - https:\/\/yoast.com\/product\/yoast-seo-wordpress\/ -->\n<title>Cannabis API &amp; Rohmaterialien<\/title>\n<meta name=\"description\" content=\"Bedrocan produziert Cannabis als API &amp; Rohmaterialien in verschiedenen Versionen: Cannabisbl\u00fcten, Trichom-Pulver und Industrieform.\" \/>\n<meta name=\"robots\" content=\"index, follow, max-snippet:-1, max-image-preview:large, max-video-preview:-1\" \/>\n<link rel=\"canonical\" href=\"https:\/\/bedrocan.com\/de\/cannabis-produkte\/api-rohmaterialien\/\" \/>\n<meta property=\"og:locale\" content=\"de_DE\" \/>\n<meta property=\"og:type\" content=\"article\" \/>\n<meta property=\"og:title\" content=\"Cannabis API &amp; Rohmaterialien\" \/>\n<meta property=\"og:description\" content=\"Bedrocan produziert Cannabis als API &amp; Rohmaterialien in verschiedenen Versionen: Cannabisbl\u00fcten, Trichom-Pulver und Industrieform.\" \/>\n<meta property=\"og:url\" content=\"https:\/\/bedrocan.com\/de\/cannabis-produkte\/api-rohmaterialien\/\" \/>\n<meta property=\"og:site_name\" content=\"Bedrocan - standardised medicinal cannabis\" \/>\n<meta property=\"article:publisher\" content=\"https:\/\/www.facebook.com\/Bedrocan\" \/>\n<meta property=\"article:modified_time\" content=\"2026-03-27T11:45:17+00:00\" \/>\n<meta property=\"og:image\" content=\"https:\/\/bedrocan.com\/wp-content\/uploads\/cannabis-flos_lr-36.jpg\" \/>\n\t<meta property=\"og:image:width\" content=\"900\" \/>\n\t<meta property=\"og:image:height\" content=\"1350\" \/>\n\t<meta property=\"og:image:type\" content=\"image\/jpeg\" \/>\n<meta name=\"twitter:card\" content=\"summary_large_image\" \/>\n<meta name=\"twitter:label1\" content=\"Gesch\u00e4tzte Lesezeit\" \/>\n\t<meta name=\"twitter:data1\" content=\"2\u00a0Minuten\" \/>\n<script type=\"application\/ld+json\" class=\"yoast-schema-graph\">{\"@context\":\"https:\\\/\\\/schema.org\",\"@graph\":[{\"@type\":\"WebPage\",\"@id\":\"https:\\\/\\\/bedrocan.com\\\/de\\\/cannabis-produkte\\\/api-rohmaterialien\\\/\",\"url\":\"https:\\\/\\\/bedrocan.com\\\/de\\\/cannabis-produkte\\\/api-rohmaterialien\\\/\",\"name\":\"Cannabis API & Rohmaterialien\",\"isPartOf\":{\"@id\":\"https:\\\/\\\/bedrocan.com\\\/de\\\/#website\"},\"primaryImageOfPage\":{\"@id\":\"https:\\\/\\\/bedrocan.com\\\/de\\\/cannabis-produkte\\\/api-rohmaterialien\\\/#primaryimage\"},\"image\":{\"@id\":\"https:\\\/\\\/bedrocan.com\\\/de\\\/cannabis-produkte\\\/api-rohmaterialien\\\/#primaryimage\"},\"thumbnailUrl\":\"https:\\\/\\\/bedrocan.com\\\/wp-content\\\/uploads\\\/cannabis-flos_lr-36.jpg\",\"datePublished\":\"2026-03-27T10:15:01+00:00\",\"dateModified\":\"2026-03-27T11:45:17+00:00\",\"description\":\"Bedrocan produziert Cannabis als API & Rohmaterialien in verschiedenen Versionen: Cannabisbl\u00fcten, Trichom-Pulver und Industrieform.\",\"breadcrumb\":{\"@id\":\"https:\\\/\\\/bedrocan.com\\\/de\\\/cannabis-produkte\\\/api-rohmaterialien\\\/#breadcrumb\"},\"inLanguage\":\"de\",\"potentialAction\":[{\"@type\":\"ReadAction\",\"target\":[\"https:\\\/\\\/bedrocan.com\\\/de\\\/cannabis-produkte\\\/api-rohmaterialien\\\/\"]}]},{\"@type\":\"ImageObject\",\"inLanguage\":\"de\",\"@id\":\"https:\\\/\\\/bedrocan.com\\\/de\\\/cannabis-produkte\\\/api-rohmaterialien\\\/#primaryimage\",\"url\":\"https:\\\/\\\/bedrocan.com\\\/wp-content\\\/uploads\\\/cannabis-flos_lr-36.jpg\",\"contentUrl\":\"https:\\\/\\\/bedrocan.com\\\/wp-content\\\/uploads\\\/cannabis-flos_lr-36.jpg\",\"width\":900,\"height\":1350,\"caption\":\"Cannabis API & Rohmaterialien\"},{\"@type\":\"BreadcrumbList\",\"@id\":\"https:\\\/\\\/bedrocan.com\\\/de\\\/cannabis-produkte\\\/api-rohmaterialien\\\/#breadcrumb\",\"itemListElement\":[{\"@type\":\"ListItem\",\"position\":1,\"name\":\"Home\",\"item\":\"https:\\\/\\\/bedrocan.com\\\/de\\\/\"},{\"@type\":\"ListItem\",\"position\":2,\"name\":\"Produkte\",\"item\":\"https:\\\/\\\/bedrocan.com\\\/de\\\/cannabis-produkte\\\/\"},{\"@type\":\"ListItem\",\"position\":3,\"name\":\"API &#038; Rohmaterialien\"}]},{\"@type\":\"WebSite\",\"@id\":\"https:\\\/\\\/bedrocan.com\\\/de\\\/#website\",\"url\":\"https:\\\/\\\/bedrocan.com\\\/de\\\/\",\"name\":\"Bedrocan\",\"description\":\"medicinal cannabis\",\"publisher\":{\"@id\":\"https:\\\/\\\/bedrocan.com\\\/de\\\/#organization\"},\"potentialAction\":[{\"@type\":\"SearchAction\",\"target\":{\"@type\":\"EntryPoint\",\"urlTemplate\":\"https:\\\/\\\/bedrocan.com\\\/de\\\/?s={search_term_string}\"},\"query-input\":{\"@type\":\"PropertyValueSpecification\",\"valueRequired\":true,\"valueName\":\"search_term_string\"}}],\"inLanguage\":\"de\"},{\"@type\":\"Organization\",\"@id\":\"https:\\\/\\\/bedrocan.com\\\/de\\\/#organization\",\"name\":\"Bedrocan\",\"url\":\"https:\\\/\\\/bedrocan.com\\\/de\\\/\",\"logo\":{\"@type\":\"ImageObject\",\"inLanguage\":\"de\",\"@id\":\"https:\\\/\\\/bedrocan.com\\\/de\\\/#\\\/schema\\\/logo\\\/image\\\/\",\"url\":\"https:\\\/\\\/bedrocan.com\\\/wp-content\\\/uploads\\\/logo-bedrocan-mail.png\",\"contentUrl\":\"https:\\\/\\\/bedrocan.com\\\/wp-content\\\/uploads\\\/logo-bedrocan-mail.png\",\"width\":185,\"height\":31,\"caption\":\"Bedrocan\"},\"image\":{\"@id\":\"https:\\\/\\\/bedrocan.com\\\/de\\\/#\\\/schema\\\/logo\\\/image\\\/\"},\"sameAs\":[\"https:\\\/\\\/www.facebook.com\\\/Bedrocan\",\"https:\\\/\\\/www.linkedin.com\\\/company\\\/bedrocan\\\/\",\"https:\\\/\\\/www.instagram.com\\\/bedrocan_international\\\/\"]}]}<\/script>\n<!-- \/ Yoast SEO plugin. -->","yoast_head_json":{"title":"Cannabis API & Rohmaterialien","description":"Bedrocan produziert Cannabis als API & Rohmaterialien in verschiedenen Versionen: Cannabisbl\u00fcten, Trichom-Pulver und Industrieform.","robots":{"index":"index","follow":"follow","max-snippet":"max-snippet:-1","max-image-preview":"max-image-preview:large","max-video-preview":"max-video-preview:-1"},"canonical":"https:\/\/bedrocan.com\/de\/cannabis-produkte\/api-rohmaterialien\/","og_locale":"de_DE","og_type":"article","og_title":"Cannabis API & Rohmaterialien","og_description":"Bedrocan produziert Cannabis als API & Rohmaterialien in verschiedenen Versionen: Cannabisbl\u00fcten, Trichom-Pulver und Industrieform.","og_url":"https:\/\/bedrocan.com\/de\/cannabis-produkte\/api-rohmaterialien\/","og_site_name":"Bedrocan - standardised medicinal cannabis","article_publisher":"https:\/\/www.facebook.com\/Bedrocan","article_modified_time":"2026-03-27T11:45:17+00:00","og_image":[{"width":900,"height":1350,"url":"https:\/\/bedrocan.com\/wp-content\/uploads\/cannabis-flos_lr-36.jpg","type":"image\/jpeg"}],"twitter_card":"summary_large_image","twitter_misc":{"Gesch\u00e4tzte Lesezeit":"2\u00a0Minuten"},"schema":{"@context":"https:\/\/schema.org","@graph":[{"@type":"WebPage","@id":"https:\/\/bedrocan.com\/de\/cannabis-produkte\/api-rohmaterialien\/","url":"https:\/\/bedrocan.com\/de\/cannabis-produkte\/api-rohmaterialien\/","name":"Cannabis API & Rohmaterialien","isPartOf":{"@id":"https:\/\/bedrocan.com\/de\/#website"},"primaryImageOfPage":{"@id":"https:\/\/bedrocan.com\/de\/cannabis-produkte\/api-rohmaterialien\/#primaryimage"},"image":{"@id":"https:\/\/bedrocan.com\/de\/cannabis-produkte\/api-rohmaterialien\/#primaryimage"},"thumbnailUrl":"https:\/\/bedrocan.com\/wp-content\/uploads\/cannabis-flos_lr-36.jpg","datePublished":"2026-03-27T10:15:01+00:00","dateModified":"2026-03-27T11:45:17+00:00","description":"Bedrocan produziert Cannabis als API & Rohmaterialien in verschiedenen Versionen: Cannabisbl\u00fcten, Trichom-Pulver und Industrieform.","breadcrumb":{"@id":"https:\/\/bedrocan.com\/de\/cannabis-produkte\/api-rohmaterialien\/#breadcrumb"},"inLanguage":"de","potentialAction":[{"@type":"ReadAction","target":["https:\/\/bedrocan.com\/de\/cannabis-produkte\/api-rohmaterialien\/"]}]},{"@type":"ImageObject","inLanguage":"de","@id":"https:\/\/bedrocan.com\/de\/cannabis-produkte\/api-rohmaterialien\/#primaryimage","url":"https:\/\/bedrocan.com\/wp-content\/uploads\/cannabis-flos_lr-36.jpg","contentUrl":"https:\/\/bedrocan.com\/wp-content\/uploads\/cannabis-flos_lr-36.jpg","width":900,"height":1350,"caption":"Cannabis API & Rohmaterialien"},{"@type":"BreadcrumbList","@id":"https:\/\/bedrocan.com\/de\/cannabis-produkte\/api-rohmaterialien\/#breadcrumb","itemListElement":[{"@type":"ListItem","position":1,"name":"Home","item":"https:\/\/bedrocan.com\/de\/"},{"@type":"ListItem","position":2,"name":"Produkte","item":"https:\/\/bedrocan.com\/de\/cannabis-produkte\/"},{"@type":"ListItem","position":3,"name":"API &#038; Rohmaterialien"}]},{"@type":"WebSite","@id":"https:\/\/bedrocan.com\/de\/#website","url":"https:\/\/bedrocan.com\/de\/","name":"Bedrocan","description":"medicinal cannabis","publisher":{"@id":"https:\/\/bedrocan.com\/de\/#organization"},"potentialAction":[{"@type":"SearchAction","target":{"@type":"EntryPoint","urlTemplate":"https:\/\/bedrocan.com\/de\/?s={search_term_string}"},"query-input":{"@type":"PropertyValueSpecification","valueRequired":true,"valueName":"search_term_string"}}],"inLanguage":"de"},{"@type":"Organization","@id":"https:\/\/bedrocan.com\/de\/#organization","name":"Bedrocan","url":"https:\/\/bedrocan.com\/de\/","logo":{"@type":"ImageObject","inLanguage":"de","@id":"https:\/\/bedrocan.com\/de\/#\/schema\/logo\/image\/","url":"https:\/\/bedrocan.com\/wp-content\/uploads\/logo-bedrocan-mail.png","contentUrl":"https:\/\/bedrocan.com\/wp-content\/uploads\/logo-bedrocan-mail.png","width":185,"height":31,"caption":"Bedrocan"},"image":{"@id":"https:\/\/bedrocan.com\/de\/#\/schema\/logo\/image\/"},"sameAs":["https:\/\/www.facebook.com\/Bedrocan","https:\/\/www.linkedin.com\/company\/bedrocan\/","https:\/\/www.instagram.com\/bedrocan_international\/"]}]}},"_links":{"self":[{"href":"https:\/\/bedrocan.com\/de\/wp-json\/wp\/v2\/pages\/8523","targetHints":{"allow":["GET"]}}],"collection":[{"href":"https:\/\/bedrocan.com\/de\/wp-json\/wp\/v2\/pages"}],"about":[{"href":"https:\/\/bedrocan.com\/de\/wp-json\/wp\/v2\/types\/page"}],"author":[{"embeddable":true,"href":"https:\/\/bedrocan.com\/de\/wp-json\/wp\/v2\/users\/3"}],"replies":[{"embeddable":true,"href":"https:\/\/bedrocan.com\/de\/wp-json\/wp\/v2\/comments?post=8523"}],"version-history":[{"count":6,"href":"https:\/\/bedrocan.com\/de\/wp-json\/wp\/v2\/pages\/8523\/revisions"}],"predecessor-version":[{"id":258945,"href":"https:\/\/bedrocan.com\/de\/wp-json\/wp\/v2\/pages\/8523\/revisions\/258945"}],"up":[{"embeddable":true,"href":"https:\/\/bedrocan.com\/de\/wp-json\/wp\/v2\/pages\/8453"}],"wp:featuredmedia":[{"embeddable":true,"href":"https:\/\/bedrocan.com\/de\/wp-json\/wp\/v2\/media\/43376"}],"wp:attachment":[{"href":"https:\/\/bedrocan.com\/de\/wp-json\/wp\/v2\/media?parent=8523"}],"curies":[{"name":"wp","href":"https:\/\/api.w.org\/{rel}","templated":true}]}}