{"id":8552,"date":"2025-06-06T13:45:02","date_gmt":"2025-06-06T11:45:02","guid":{"rendered":"http:\/\/bedrocan.com\/home\/"},"modified":"2026-03-17T17:44:26","modified_gmt":"2026-03-17T16:44:26","slug":"startseite","status":"publish","type":"page","link":"https:\/\/bedrocan.com\/de\/","title":{"rendered":"Standardisiertes medizinisches Cannabis"},"content":{"rendered":"<div class=\"wpb-content-wrapper\">[mk_page_section bg_color=&#8221;#ffffff&#8221; speed_factor=&#8221;0.4&#8243; full_width=&#8221;true&#8221; padding_bottom=&#8221;0&#8243; sidebar=&#8221;sidebar-1&#8243;][vc_column][mk_padding_divider][mk_edge_slider swiper_bg=&#8221;#000000&#8243; order=&#8221;ASC&#8221; orderby=&#8221;post__in&#8221; full_height=&#8221;false&#8221; height=&#8221;500&#8243; slideshow_speed=&#8221;9000&#8243; direction_nav=&#8221;round&#8221; skip_arrow=&#8221;false&#8221; slides=&#8221;143774, 8558, 8559, 8555&#8243;][\/vc_column][\/mk_page_section][vc_row css=&#8221;.vc_custom_1730301364905{background-color: #ffffff !important;}&#8221;][vc_column][mk_page_section min_height=&#8221;47&#8243; sidebar=&#8221;sidebar-1&#8243;][\/mk_page_section][\/vc_column][\/vc_row][vc_row equal_columns=&#8221;true&#8221; css=&#8221;.vc_custom_1730301302410{border-right-width: 30px !important;border-bottom-width: 30px !important;border-left-width: 30px !important;background-color: #ffffff !important;}&#8221;][vc_column width=&#8221;1\/2&#8243; css=&#8221;.vc_custom_1730384538203{padding-top: 30px !important;padding-right: 30px !important;padding-bottom: 30px !important;padding-left: 30px !important;background-color: #F9F9F9 !important;border-color: #EEEEEE !important;}&#8221;][mk_padding_divider][vc_single_image image=&#8221;255702&#8243; img_size=&#8221;full&#8221; alignment=&#8221;right&#8221; onclick=&#8221;custom_link&#8221; img_link_target=&#8221;_blank&#8221; css=&#8221;&#8221; link=&#8221;https:\/\/bedrocan.com\/de\/ueber-uns\/&#8221;][\/vc_column][vc_column width=&#8221;1\/2&#8243; css=&#8221;.vc_custom_1730299582191{padding-top: 30px !important;padding-right: 30px !important;padding-bottom: 30px !important;padding-left: 30px !important;background-color: #f9f9f9 !important;border-color: #F9F9F9 !important;}&#8221;][mk_padding_divider][vc_column_text css=&#8221;.vc_custom_1767706260737{margin-bottom: 0px !important;}&#8221;]\n<h1><a href=\"https:\/\/bedrocan.com\/de\/ueber-uns\/\" target=\"_blank\" rel=\"noopener\">Lernen Sie Bedrocan kennen<\/a><\/h1>\n<p class=\"NormalText\"><span lang=\"DE\" style=\"color: windowtext;\">Bedrocan ist ein EU-GMP-zertifizierter Hersteller von standardisiertem medizinischem Cannabis in pharmazeutischer Qualit\u00e4t. Unsere hochwertigen Produkte werden als pharmazeutische Rohstoffe und aktive pharmazeutische Wirkstoffe (APIs) verwendet.<\/span><\/p>\n[\/vc_column_text][vc_cta h2=&#8221;&#8221; add_button=&#8221;bottom&#8221; btn_title=&#8221;\u00dcber uns&#8221; css=&#8221;.vc_custom_1730384268241{padding-top: 15px !important;padding-right: 15px !important;padding-bottom: 15px !important;padding-left: 15px !important;background-color: #F9F9F9 !important;border-color: #f9f9f9 !important;}&#8221; btn_link=&#8221;url:https%3A%2F%2Fbedrocan.com%2Fde%2Fueber-uns%2F|target:_blank|&#8221;][\/vc_cta][\/vc_column][\/vc_row][vc_row css=&#8221;.vc_custom_1726213884477{background-color: #ffffff !important;}&#8221;][vc_column][mk_padding_divider][mk_padding_divider][\/vc_column][\/vc_row][vc_row equal_columns=&#8221;true&#8221; css=&#8221;.vc_custom_1730384543158{border-top-width: 15px !important;border-right-width: 30px !important;border-bottom-width: 15px !important;border-left-width: 30px !important;background-color: #ffffff !important;}&#8221;][vc_column width=&#8221;1\/2&#8243; css=&#8221;.vc_custom_1730300947130{padding-top: 30px !important;padding-right: 30px !important;padding-bottom: 30px !important;padding-left: 30px !important;background-color: #f9f9f9 !important;}&#8221;][mk_padding_divider][vc_column_text css=&#8221;.vc_custom_1749548981258{margin-bottom: 0px !important;}&#8221;]\n<h2><a href=\"https:\/\/bedrocan.com\/de\/ueber-uns\/standardisierung-unsere-methode\/\" target=\"_blank\" rel=\"noopener\">Was ist die Standardisierung von Cannabis?<\/a><\/h2>\n<p>Bedrocan hat einzigartige Methoden und Verfahren entwickelt, um Cannabis von Charge zu Charge mit einer konstanten Cannabinoidzusammensetzung herzustellen. Das bezeichnen wir als Standardisierung von Cannabis. Standardisiertes medizinisches Cannabis ist die einzige Methode, die sicherstellt, dass Patienten und klinische Probanden im Laufe der Zeit gleichbleibende therapeutische Wirkungen erfahren.[\/vc_column_text][vc_cta h2=&#8221;&#8221; add_button=&#8221;bottom&#8221; btn_title=&#8221;Mehr erfahren&#8221; css=&#8221;.vc_custom_1730300654141{padding-top: 15px !important;padding-right: 15px !important;padding-bottom: 15px !important;padding-left: 15px !important;background-color: #f9f9f9 !important;border-color: #f9f9f9 !important;}&#8221; btn_link=&#8221;url:https%3A%2F%2Fbedrocan.com%2Fde%2Fueber-uns%2Fstandardisierung-unsere-methode%2F|target:_blank|&#8221;][\/vc_cta][\/vc_column][vc_column width=&#8221;1\/2&#8243; css=&#8221;.vc_custom_1730384550244{padding-top: 30px !important;padding-right: 30px !important;padding-bottom: 30px !important;padding-left: 30px !important;background-color: #F9F9F9 !important;}&#8221;][mk_padding_divider][vc_single_image image=&#8221;255708&#8243; img_size=&#8221;full&#8221; onclick=&#8221;custom_link&#8221; img_link_target=&#8221;_blank&#8221; css=&#8221;&#8221; link=&#8221;https:\/\/bedrocan.com\/de\/ueber-uns\/standardisierung-unsere-methode\/&#8221;][\/vc_column][\/vc_row][vc_row css=&#8221;.vc_custom_1726213884477{background-color: #ffffff !important;}&#8221;][vc_column][mk_padding_divider][mk_padding_divider][\/vc_column][\/vc_row][vc_row equal_columns=&#8221;true&#8221; css=&#8221;.vc_custom_1730384630143{border-top-width: 15px !important;border-right-width: 30px !important;border-bottom-width: 15px !important;border-left-width: 30px !important;background-color: #ffffff !important;}&#8221;][vc_column width=&#8221;1\/2&#8243; css=&#8221;.vc_custom_1730384638252{padding-top: 30px !important;padding-right: 30px !important;padding-bottom: 30px !important;padding-left: 30px !important;background-color: #F9F9F9 !important;}&#8221;][mk_padding_divider][vc_single_image image=&#8221;145721&#8243; img_size=&#8221;full&#8221; alignment=&#8221;right&#8221; onclick=&#8221;custom_link&#8221; img_link_target=&#8221;_blank&#8221; css=&#8221;&#8221; link=&#8221;https:\/\/bedrocan.com\/de\/medizinische-fachkreise\/medizinische-broschueren\/&#8221;][\/vc_column][vc_column width=&#8221;1\/2&#8243; css=&#8221;.vc_custom_1730384634423{padding-top: 30px !important;padding-right: 30px !important;padding-bottom: 30px !important;padding-left: 30px !important;background-color: #f9f9f9 !important;}&#8221;][mk_padding_divider][vc_column_text css=&#8221;.vc_custom_1749216377770{margin-bottom: 0px !important;}&#8221;]\n<h2><a href=\"https:\/\/bedrocan.com\/de\/medizinische-fachkreise\/medizinische-broschueren\/\">Sind Sie Angeh\u00f6riger eines Gesundheitsberufs?<\/a><\/h2>\n<p><!--StartFragment --><\/p>\n<p class=\"pf0\"><span class=\"cf0\">Bedrocan ist bestrebt, das Bewusstsein f\u00fcr die Verwendung von Medizinal-Cannabis f\u00fcr Angeh\u00f6rige von Gesundheitsberufen zu sch\u00e4rfen.<\/span><!--EndFragment --> Wir unterst\u00fctzen evidenzbasierte Informationen \u00fcber <!--StartFragment --><span class=\"cf0\">Verordnung<\/span><!--EndFragment -->, Dosierung und Abgabe von Produkten auf Cannabisbasis. Wir stellen eine Reihe n\u00fctzlicher Informationsbrosch\u00fcren \u00fcber medizinisches Cannabis zur Verf\u00fcgung, <!--StartFragment --><span class=\"cf0\">die als Leitfaden f\u00fcr Therapeuten und Berater dienen k\u00f6nnen<\/span>.<\/p>\n[\/vc_column_text][vc_cta h2=&#8221;&#8221; add_button=&#8221;bottom&#8221; btn_title=&#8221;Download&#8221; css=&#8221;.vc_custom_1733409348587{padding-top: 15px !important;padding-right: 15px !important;padding-bottom: 15px !important;padding-left: 15px !important;background-color: #f9f9f9 !important;border-color: #f9f9f9 !important;}&#8221; btn_link=&#8221;url:https%3A%2F%2Fbedrocan.com%2Fde%2Fmedizinische-fachkreise%2Fmedizinische-broschueren%2F|title:Medizinische%20Brosch%C3%BCren|target:_blank&#8221;][\/vc_cta][\/vc_column][\/vc_row][vc_row css=&#8221;.vc_custom_1726213884477{background-color: #ffffff !important;}&#8221;][vc_column][mk_padding_divider][mk_padding_divider][\/vc_column][\/vc_row][vc_row equal_columns=&#8221;true&#8221; css=&#8221;.vc_custom_1730384501543{border-top-width: 15px !important;border-right-width: 30px !important;border-bottom-width: 15px !important;border-left-width: 30px !important;background-color: #ffffff !important;}&#8221;][vc_column width=&#8221;1\/2&#8243; css=&#8221;.vc_custom_1730300082032{padding-top: 30px !important;padding-right: 30px !important;padding-bottom: 30px !important;padding-left: 30px !important;background-color: #f9f9f9 !important;}&#8221;][mk_padding_divider][vc_column_text css=&#8221;.vc_custom_1749216408587{margin-bottom: 0px !important;}&#8221;]\n<h2><a href=\"https:\/\/bedrocan.com\/de\/medizinische-fachkreise\/cannabis-forschung\/\">Cannabis Forschung<\/a><\/h2>\n<p class=\"NormalText\"><span lang=\"DE\" style=\"color: windowtext;\">Bedrocan verf\u00fcgt \u00fcber eine eigene Forschungseinrichtung, in der klinische Studien zur Wirkung von medizinischem Cannabis durchgef\u00fchrt werden. Dar\u00fcber hinaus f\u00fchrt unser Forschungs- und Entwicklungsteam Pflanzenuntersuchungen und analytische Forschungen durch, um mehr \u00fcber die medizinischen Eigenschaften von Cannabis und anderen Pflanzen zu erfahren.\u00a0Wir haben schon immer klinische Studien unterst\u00fctzt und Ressourcen f\u00fcr Forschungsprojekte in aller Welt bereitgestellt.<\/span><\/p>\n[\/vc_column_text][vc_cta h2=&#8221;&#8221; add_button=&#8221;bottom&#8221; btn_title=&#8221;Siehe Studien&#8221; css=&#8221;.vc_custom_1730367943539{padding-top: 15px !important;padding-right: 15px !important;padding-bottom: 15px !important;padding-left: 15px !important;background-color: #f9f9f9 !important;border-color: #f9f9f9 !important;}&#8221; btn_link=&#8221;url:https%3A%2F%2Fbedrocan.com%2Fde%2Fhealthcare-professionals%2Fcannabis-forschung%2F|target:_blank|&#8221;][\/vc_cta][\/vc_column][vc_column width=&#8221;1\/2&#8243; css=&#8221;.vc_custom_1730384562013{padding-top: 30px !important;padding-right: 30px !important;padding-bottom: 30px !important;padding-left: 30px !important;background-color: #F9F9F9 !important;}&#8221;][mk_padding_divider][vc_single_image image=&#8221;255714&#8243; img_size=&#8221;full&#8221; onclick=&#8221;custom_link&#8221; img_link_target=&#8221;_blank&#8221; css=&#8221;&#8221; link=&#8221;https:\/\/bedrocan.com\/de\/medizinische-fachkreise\/cannabis-forschung\/&#8221;][\/vc_column][\/vc_row][vc_row css=&#8221;.vc_custom_1726216598844{background-color: #ffffff !important;}&#8221;][vc_column][mk_padding_divider][mk_padding_divider][\/vc_column][\/vc_row][vc_row equal_columns=&#8221;true&#8221; css=&#8221;.vc_custom_1730384511819{border-top-width: 15px !important;border-right-width: 30px !important;border-bottom-width: 15px !important;border-left-width: 30px !important;background-color: #ffffff !important;}&#8221;][vc_column width=&#8221;1\/2&#8243; css=&#8221;.vc_custom_1730384556478{padding-top: 30px !important;padding-right: 30px !important;padding-bottom: 30px !important;padding-left: 30px !important;background-color: #F9F9F9 !important;}&#8221;][mk_padding_divider][vc_single_image image=&#8221;142055&#8243; img_size=&#8221;full&#8221; alignment=&#8221;right&#8221; onclick=&#8221;custom_link&#8221; img_link_target=&#8221;_blank&#8221; css=&#8221;.vc_custom_1734086594653{background-color: #F9F9F9 !important;}&#8221; link=&#8221;https:\/\/bedrocan.com\/de\/ueber-uns\/qualitaetsstandards\/&#8221;][\/vc_column][vc_column width=&#8221;1\/2&#8243; css=&#8221;.vc_custom_1730300753807{border-left-width: 30px !important;padding-top: 30px !important;padding-right: 30px !important;padding-bottom: 30px !important;padding-left: 30px !important;background-color: #f9f9f9 !important;}&#8221;][mk_padding_divider][vc_column_text css=&#8221;.vc_custom_1749216418689{margin-bottom: 0px !important;}&#8221;]\n<h2><a href=\"https:\/\/bedrocan.com\/de\/ueber-uns\/qualitaetsstandards\/\" target=\"_blank\" rel=\"noopener\">Medizinisches Cannabis in pharmazeutischer Qualit\u00e4t<\/a><\/h2>\n<p class=\"NormalText\"><span lang=\"DE\" style=\"color: windowtext;\">Unser gesamter Herstellungsprozess unterliegt einer strengen Qualit\u00e4tskontrolle. Wir waren das erste Unternehmen der Welt, das die EU-GMP-Zertifizierung f\u00fcr die Herstellung von medizinischem Cannabis erhalten hat. Zudem sind wir \u00fcber die Good Agricultural And Collection Practice (GACP), d.\u00a0h. die Richtlinien zur Qualit\u00e4tssicherung bei der Gewinnung von pflanzlichen Ausgangsstoffen f\u00fcr die Herstellung pflanzlicher Arzneimittel, hinausgegangen und haben unsere eigenen Qualit\u00e4tsstandards f\u00fcr den Anbau geschaffen: Good Medicinal Cannabis Cultivation Practice (GMCCP).<\/span><\/p>\n[\/vc_column_text][vc_cta h2=&#8221;&#8221; add_button=&#8221;bottom&#8221; btn_title=&#8221;Qualit\u00e4tsstandards&#8221; css=&#8221;.vc_custom_1728468577420{padding-top: 15px !important;padding-right: 15px !important;padding-bottom: 15px !important;padding-left: 15px !important;background-color: #f9f9f9 !important;border-color: #f9f9f9 !important;}&#8221; btn_link=&#8221;url:https%3A%2F%2Fbedrocan.com%2Fde%2Fueber-uns%2Fqualitaetsstandards%2F|target:_blank|&#8221;][\/vc_cta][\/vc_column][\/vc_row][vc_row css=&#8221;.vc_custom_1726213884477{background-color: #ffffff !important;}&#8221;][vc_column][mk_padding_divider][\/vc_column][\/vc_row][mk_page_section speed_factor=&#8221;0&#8243; video_opacity=&#8221;0&#8243; min_height=&#8221;563&#8243; full_width=&#8221;true&#8221; padding_top=&#8221;10&#8243; padding_bottom=&#8221;30&#8243; margin_bottom=&#8221;0&#8243; sidebar=&#8221;sidebar-1&#8243;][vc_column][vc_row_inner attached=&#8221;true&#8221; is_fullwidth_content=&#8221;false&#8221; column_padding=&#8221;0&#8243; css=&#8221;.vc_custom_1773763848217{background-color: #097A98 !important;}&#8221;][vc_column_inner width=&#8221;1\/2&#8243;][mk_padding_divider][mk_padding_divider][vc_single_image image=&#8221;143508&#8243; img_size=&#8221;400&#215;300&#8243; alignment=&#8221;right&#8221; css=&#8221;&#8221;][\/vc_column_inner][vc_column_inner width=&#8221;1\/2&#8243;][vc_raw_html css=&#8221;&#8221;]JTNDZGl2JTIwY2xhc3MlM0QlMjJob21lLW9wdGluJTIyJTNFJTBEJTBBJTNDcCUzRSUzQyUyRnAlM0UlMEQlMEElNUJhY3RpdmVjYW1wYWlnbiUyMGZvcm0lM0QxMDIlMjBjc3MlM0QxJTVEJTBEJTBBJTNDcCUzRSUzQyUyRnAlM0UlMEQlMEElM0NwJTNFJTNDc3BhbiUyMHN0eWxlJTNEJTIyY29sb3IlM0ElMjNGRkZGRkYlMjIlM0VNaXQlMjBkZW0lMjBLbGljayUyMGF1ZiUyMCVFMiU4MCU5RVNlbmRlbiVFMiU4MCU5QyUyMHN0aW1tZW4lMjBTaWUlMjB1bnNlcmVyJTIwJTNDYSUyMHN0eWxlJTNEJTIyY29sb3IlM0ElMjM4RENCRDclMjIlMjBocmVmJTNEJTIyaHR0cHMlM0ElMkYlMkZiZWRyb2Nhbi5jb20lMkZkZSUyRmtvbnRha3QlMkZkYXRlbnNjaHV0enJpY2h0bGluaWUlMkYlMjIlMjB0YXJnZXQlM0QlMjJfYmxhbmslMjIlM0VEYXRlbnNjaHV0emVya2wlQzMlQTRydW5nJTNDJTJGYSUzRSUyMHp1LiUzQyUyRnNwYW4lM0UlM0MlMkZwJTNFJTBEJTBBJTNDJTJGZGl2JTNF[\/vc_raw_html][\/vc_column_inner][\/vc_row_inner][\/vc_column][\/mk_page_section][vc_row css=&#8221;.vc_custom_1726216598844{background-color: #ffffff !important;}&#8221;][vc_column][mk_padding_divider][\/vc_column][\/vc_row][vc_row][vc_column el_class=&#8221;test&#8221;][vc_column_text css=&#8221;.vc_custom_1657886735978{margin-bottom: 0px !important;}&#8221;][\/vc_column_text][mk_padding_divider size=&#8221;35&#8243;][mk_blog_carousel count=&#8221;4&#8243; view_all=&#8221;191&#8243;][mk_padding_divider size=&#8221;60&#8243;][\/vc_column][\/vc_row]\n<\/div>","protected":false},"excerpt":{"rendered":"<p>[mk_page_section bg_color=&#8221;#ffffff&#8221; speed_factor=&#8221;0.4&#8243; full_width=&#8221;true&#8221; padding_bottom=&#8221;0&#8243; sidebar=&#8221;sidebar-1&#8243;][vc_column][mk_padding_divider][mk_edge_slider swiper_bg=&#8221;#000000&#8243; order=&#8221;ASC&#8221; orderby=&#8221;post__in&#8221; full_height=&#8221;false&#8221; height=&#8221;500&#8243; slideshow_speed=&#8221;9000&#8243; direction_nav=&#8221;round&#8221; skip_arrow=&#8221;false&#8221; slides=&#8221;143774, 8558, 8559, 8555&#8243;][\/vc_column][\/mk_page_section][vc_row css=&#8221;.vc_custom_1730301364905{background-color: #ffffff !important;}&#8221;][vc_column][mk_page_section min_height=&#8221;47&#8243; sidebar=&#8221;sidebar-1&#8243;][\/mk_page_section][\/vc_column][\/vc_row][vc_row equal_columns=&#8221;true&#8221; css=&#8221;.vc_custom_1730301302410{border-right-width: 30px !important;border-bottom-width: 30px !important;border-left-width: 30px !important;background-color: #ffffff !important;}&#8221;][vc_column width=&#8221;1\/2&#8243; css=&#8221;.vc_custom_1730384538203{padding-top: 30px !important;padding-right: 30px !important;padding-bottom: 30px !important;padding-left: 30px !important;background-color: #F9F9F9 !important;border-color: #EEEEEE !important;}&#8221;][mk_padding_divider][vc_single_image image=&#8221;255702&#8243; img_size=&#8221;full&#8221; alignment=&#8221;right&#8221; onclick=&#8221;custom_link&#8221; img_link_target=&#8221;_blank&#8221; css=&#8221;&#8221; link=&#8221;https:\/\/bedrocan.com\/de\/ueber-uns\/&#8221;][\/vc_column][vc_column width=&#8221;1\/2&#8243; [&hellip;]<\/p>\n","protected":false},"author":3,"featured_media":127169,"parent":0,"menu_order":34,"comment_status":"closed","ping_status":"closed","template":"","meta":{"footnotes":""},"class_list":["post-8552","page","type-page","status-publish","has-post-thumbnail","hentry"],"yoast_head":"<!-- This site is optimized with the Yoast SEO plugin v27.3 - https:\/\/yoast.com\/product\/yoast-seo-wordpress\/ -->\n<title>Standardisiertes medizinisches Cannabis von Bedrocan<\/title>\n<meta name=\"description\" content=\"Bedrocan ist weltweit das einzige Unternehmen, das standardisiertes medizinisches Cannabis mit einer konstanten Zusammensetzung herstellt.\" \/>\n<meta name=\"robots\" content=\"index, follow, max-snippet:-1, max-image-preview:large, max-video-preview:-1\" \/>\n<link rel=\"canonical\" href=\"https:\/\/bedrocan.com\/de\/\" \/>\n<meta property=\"og:locale\" content=\"de_DE\" \/>\n<meta property=\"og:type\" content=\"article\" \/>\n<meta property=\"og:title\" content=\"Standardisiertes medizinisches Cannabis von Bedrocan\" \/>\n<meta property=\"og:description\" content=\"Bedrocan ist weltweit das einzige Unternehmen, das standardisiertes medizinisches Cannabis mit einer konstanten Zusammensetzung herstellt.\" \/>\n<meta property=\"og:url\" content=\"https:\/\/bedrocan.com\/de\/\" \/>\n<meta property=\"og:site_name\" content=\"Bedrocan - standardised medicinal cannabis\" \/>\n<meta property=\"article:publisher\" content=\"https:\/\/www.facebook.com\/Bedrocan\" \/>\n<meta property=\"article:modified_time\" content=\"2026-03-17T16:44:26+00:00\" \/>\n<meta property=\"og:image\" content=\"https:\/\/bedrocan.com\/wp-content\/uploads\/omkleedprocedure-hoodie-handen-wassen-spiegel-8.jpg\" \/>\n\t<meta property=\"og:image:width\" content=\"1280\" \/>\n\t<meta property=\"og:image:height\" content=\"853\" \/>\n\t<meta property=\"og:image:type\" content=\"image\/jpeg\" \/>\n<meta name=\"twitter:card\" content=\"summary_large_image\" \/>\n<meta name=\"twitter:label1\" content=\"Gesch\u00e4tzte Lesezeit\" \/>\n\t<meta name=\"twitter:data1\" content=\"5\u00a0Minuten\" \/>\n<script type=\"application\/ld+json\" class=\"yoast-schema-graph\">{\"@context\":\"https:\\\/\\\/schema.org\",\"@graph\":[{\"@type\":\"WebPage\",\"@id\":\"https:\\\/\\\/bedrocan.com\\\/de\\\/\",\"url\":\"https:\\\/\\\/bedrocan.com\\\/de\\\/\",\"name\":\"Standardisiertes medizinisches Cannabis von Bedrocan\",\"isPartOf\":{\"@id\":\"https:\\\/\\\/bedrocan.com\\\/de\\\/#website\"},\"primaryImageOfPage\":{\"@id\":\"https:\\\/\\\/bedrocan.com\\\/de\\\/#primaryimage\"},\"image\":{\"@id\":\"https:\\\/\\\/bedrocan.com\\\/de\\\/#primaryimage\"},\"thumbnailUrl\":\"https:\\\/\\\/bedrocan.com\\\/wp-content\\\/uploads\\\/omkleedprocedure-hoodie-handen-wassen-spiegel-8.jpg\",\"datePublished\":\"2025-06-06T11:45:02+00:00\",\"dateModified\":\"2026-03-17T16:44:26+00:00\",\"description\":\"Bedrocan ist weltweit das einzige Unternehmen, das standardisiertes medizinisches Cannabis mit einer konstanten Zusammensetzung herstellt.\",\"breadcrumb\":{\"@id\":\"https:\\\/\\\/bedrocan.com\\\/de\\\/#breadcrumb\"},\"inLanguage\":\"de\",\"potentialAction\":[{\"@type\":\"ReadAction\",\"target\":[\"https:\\\/\\\/bedrocan.com\\\/de\\\/\"]}]},{\"@type\":\"ImageObject\",\"inLanguage\":\"de\",\"@id\":\"https:\\\/\\\/bedrocan.com\\\/de\\\/#primaryimage\",\"url\":\"https:\\\/\\\/bedrocan.com\\\/wp-content\\\/uploads\\\/omkleedprocedure-hoodie-handen-wassen-spiegel-8.jpg\",\"contentUrl\":\"https:\\\/\\\/bedrocan.com\\\/wp-content\\\/uploads\\\/omkleedprocedure-hoodie-handen-wassen-spiegel-8.jpg\",\"width\":1280,\"height\":853,\"caption\":\"Standardisiertes medizinisches Cannabis von Bedrocan\"},{\"@type\":\"BreadcrumbList\",\"@id\":\"https:\\\/\\\/bedrocan.com\\\/de\\\/#breadcrumb\",\"itemListElement\":[{\"@type\":\"ListItem\",\"position\":1,\"name\":\"Home\",\"item\":\"https:\\\/\\\/bedrocan.com\\\/de\\\/\"},{\"@type\":\"ListItem\",\"position\":2,\"name\":\"Standardisiertes medizinisches Cannabis\"}]},{\"@type\":\"WebSite\",\"@id\":\"https:\\\/\\\/bedrocan.com\\\/de\\\/#website\",\"url\":\"https:\\\/\\\/bedrocan.com\\\/de\\\/\",\"name\":\"Bedrocan\",\"description\":\"medicinal cannabis\",\"publisher\":{\"@id\":\"https:\\\/\\\/bedrocan.com\\\/de\\\/#organization\"},\"potentialAction\":[{\"@type\":\"SearchAction\",\"target\":{\"@type\":\"EntryPoint\",\"urlTemplate\":\"https:\\\/\\\/bedrocan.com\\\/de\\\/?s={search_term_string}\"},\"query-input\":{\"@type\":\"PropertyValueSpecification\",\"valueRequired\":true,\"valueName\":\"search_term_string\"}}],\"inLanguage\":\"de\"},{\"@type\":\"Organization\",\"@id\":\"https:\\\/\\\/bedrocan.com\\\/de\\\/#organization\",\"name\":\"Bedrocan\",\"url\":\"https:\\\/\\\/bedrocan.com\\\/de\\\/\",\"logo\":{\"@type\":\"ImageObject\",\"inLanguage\":\"de\",\"@id\":\"https:\\\/\\\/bedrocan.com\\\/de\\\/#\\\/schema\\\/logo\\\/image\\\/\",\"url\":\"https:\\\/\\\/bedrocan.com\\\/wp-content\\\/uploads\\\/logo-bedrocan-mail.png\",\"contentUrl\":\"https:\\\/\\\/bedrocan.com\\\/wp-content\\\/uploads\\\/logo-bedrocan-mail.png\",\"width\":185,\"height\":31,\"caption\":\"Bedrocan\"},\"image\":{\"@id\":\"https:\\\/\\\/bedrocan.com\\\/de\\\/#\\\/schema\\\/logo\\\/image\\\/\"},\"sameAs\":[\"https:\\\/\\\/www.facebook.com\\\/Bedrocan\",\"https:\\\/\\\/www.linkedin.com\\\/company\\\/bedrocan\\\/\",\"https:\\\/\\\/www.instagram.com\\\/bedrocan_international\\\/\"]}]}<\/script>\n<!-- \/ Yoast SEO plugin. -->","yoast_head_json":{"title":"Standardisiertes medizinisches Cannabis von Bedrocan","description":"Bedrocan ist weltweit das einzige Unternehmen, das standardisiertes medizinisches Cannabis mit einer konstanten Zusammensetzung herstellt.","robots":{"index":"index","follow":"follow","max-snippet":"max-snippet:-1","max-image-preview":"max-image-preview:large","max-video-preview":"max-video-preview:-1"},"canonical":"https:\/\/bedrocan.com\/de\/","og_locale":"de_DE","og_type":"article","og_title":"Standardisiertes medizinisches Cannabis von Bedrocan","og_description":"Bedrocan ist weltweit das einzige Unternehmen, das standardisiertes medizinisches Cannabis mit einer konstanten Zusammensetzung herstellt.","og_url":"https:\/\/bedrocan.com\/de\/","og_site_name":"Bedrocan - standardised medicinal cannabis","article_publisher":"https:\/\/www.facebook.com\/Bedrocan","article_modified_time":"2026-03-17T16:44:26+00:00","og_image":[{"width":1280,"height":853,"url":"https:\/\/bedrocan.com\/wp-content\/uploads\/omkleedprocedure-hoodie-handen-wassen-spiegel-8.jpg","type":"image\/jpeg"}],"twitter_card":"summary_large_image","twitter_misc":{"Gesch\u00e4tzte Lesezeit":"5\u00a0Minuten"},"schema":{"@context":"https:\/\/schema.org","@graph":[{"@type":"WebPage","@id":"https:\/\/bedrocan.com\/de\/","url":"https:\/\/bedrocan.com\/de\/","name":"Standardisiertes medizinisches Cannabis von Bedrocan","isPartOf":{"@id":"https:\/\/bedrocan.com\/de\/#website"},"primaryImageOfPage":{"@id":"https:\/\/bedrocan.com\/de\/#primaryimage"},"image":{"@id":"https:\/\/bedrocan.com\/de\/#primaryimage"},"thumbnailUrl":"https:\/\/bedrocan.com\/wp-content\/uploads\/omkleedprocedure-hoodie-handen-wassen-spiegel-8.jpg","datePublished":"2025-06-06T11:45:02+00:00","dateModified":"2026-03-17T16:44:26+00:00","description":"Bedrocan ist weltweit das einzige Unternehmen, das standardisiertes medizinisches Cannabis mit einer konstanten Zusammensetzung herstellt.","breadcrumb":{"@id":"https:\/\/bedrocan.com\/de\/#breadcrumb"},"inLanguage":"de","potentialAction":[{"@type":"ReadAction","target":["https:\/\/bedrocan.com\/de\/"]}]},{"@type":"ImageObject","inLanguage":"de","@id":"https:\/\/bedrocan.com\/de\/#primaryimage","url":"https:\/\/bedrocan.com\/wp-content\/uploads\/omkleedprocedure-hoodie-handen-wassen-spiegel-8.jpg","contentUrl":"https:\/\/bedrocan.com\/wp-content\/uploads\/omkleedprocedure-hoodie-handen-wassen-spiegel-8.jpg","width":1280,"height":853,"caption":"Standardisiertes medizinisches Cannabis von Bedrocan"},{"@type":"BreadcrumbList","@id":"https:\/\/bedrocan.com\/de\/#breadcrumb","itemListElement":[{"@type":"ListItem","position":1,"name":"Home","item":"https:\/\/bedrocan.com\/de\/"},{"@type":"ListItem","position":2,"name":"Standardisiertes medizinisches Cannabis"}]},{"@type":"WebSite","@id":"https:\/\/bedrocan.com\/de\/#website","url":"https:\/\/bedrocan.com\/de\/","name":"Bedrocan","description":"medicinal cannabis","publisher":{"@id":"https:\/\/bedrocan.com\/de\/#organization"},"potentialAction":[{"@type":"SearchAction","target":{"@type":"EntryPoint","urlTemplate":"https:\/\/bedrocan.com\/de\/?s={search_term_string}"},"query-input":{"@type":"PropertyValueSpecification","valueRequired":true,"valueName":"search_term_string"}}],"inLanguage":"de"},{"@type":"Organization","@id":"https:\/\/bedrocan.com\/de\/#organization","name":"Bedrocan","url":"https:\/\/bedrocan.com\/de\/","logo":{"@type":"ImageObject","inLanguage":"de","@id":"https:\/\/bedrocan.com\/de\/#\/schema\/logo\/image\/","url":"https:\/\/bedrocan.com\/wp-content\/uploads\/logo-bedrocan-mail.png","contentUrl":"https:\/\/bedrocan.com\/wp-content\/uploads\/logo-bedrocan-mail.png","width":185,"height":31,"caption":"Bedrocan"},"image":{"@id":"https:\/\/bedrocan.com\/de\/#\/schema\/logo\/image\/"},"sameAs":["https:\/\/www.facebook.com\/Bedrocan","https:\/\/www.linkedin.com\/company\/bedrocan\/","https:\/\/www.instagram.com\/bedrocan_international\/"]}]}},"_links":{"self":[{"href":"https:\/\/bedrocan.com\/de\/wp-json\/wp\/v2\/pages\/8552","targetHints":{"allow":["GET"]}}],"collection":[{"href":"https:\/\/bedrocan.com\/de\/wp-json\/wp\/v2\/pages"}],"about":[{"href":"https:\/\/bedrocan.com\/de\/wp-json\/wp\/v2\/types\/page"}],"author":[{"embeddable":true,"href":"https:\/\/bedrocan.com\/de\/wp-json\/wp\/v2\/users\/3"}],"replies":[{"embeddable":true,"href":"https:\/\/bedrocan.com\/de\/wp-json\/wp\/v2\/comments?post=8552"}],"version-history":[{"count":14,"href":"https:\/\/bedrocan.com\/de\/wp-json\/wp\/v2\/pages\/8552\/revisions"}],"predecessor-version":[{"id":258815,"href":"https:\/\/bedrocan.com\/de\/wp-json\/wp\/v2\/pages\/8552\/revisions\/258815"}],"wp:featuredmedia":[{"embeddable":true,"href":"https:\/\/bedrocan.com\/de\/wp-json\/wp\/v2\/media\/127169"}],"wp:attachment":[{"href":"https:\/\/bedrocan.com\/de\/wp-json\/wp\/v2\/media?parent=8552"}],"curies":[{"name":"wp","href":"https:\/\/api.w.org\/{rel}","templated":true}]}}