{"id":8729,"date":"2021-02-01T10:00:23","date_gmt":"2021-02-01T09:00:23","guid":{"rendered":"http:\/\/bedrocan.com\/updates\/"},"modified":"2025-06-19T14:31:00","modified_gmt":"2025-06-19T12:31:00","slug":"entdecken","status":"publish","type":"page","link":"https:\/\/bedrocan.com\/de\/entdecken\/","title":{"rendered":"Entdecken"},"content":{"rendered":"<div class=\"wpb-content-wrapper\">[vc_row][vc_column][vc_empty_space height=&#8221;20px&#8221;][vc_column_text css=&#8221;.vc_custom_1612173631918{margin-bottom: 0px !important;}&#8221;]\n<h1>Entdecken<\/h1>\n[\/vc_column_text][vc_separator color=&#8221;custom&#8221; align=&#8221;align_left&#8221; border_width=&#8221;5&#8243; el_width=&#8221;10&#8243; accent_color=&#8221;#008752&#8243;][\/vc_column][\/vc_row][vc_row][vc_column][mk_padding_divider][vc_column_text css=&#8221;.vc_custom_1612174461640{margin-bottom: 0px !important;}&#8221;]In der Rubrik &#8216;Entdecken&#8217; finden Sie eine Auswahl an Artikeln aus unserem Newsletter. Einen vollst\u00e4ndigen \u00dcberblick finden Sie in unserem <a href=\"https:\/\/bedrocan.com\/de\/entdecken\/archiv\/\">Archiv<\/a>.<\/p>\n<p>Um auf dem Laufenden zu bleiben, k\u00f6nnen Sie sich auch f\u00fcr unseren <a href=\"https:\/\/bedrocan.activehosted.com\/f\/6\" target=\"_blank\" rel=\"noopener\">englischsprachigen Newsletter<\/a> anmelden.[\/vc_column_text][mk_padding_divider][\/vc_column][\/vc_row][vc_row][vc_column][mk_blog style=&#8221;grid&#8221; image_size=&#8221;blog-carousel&#8221; post_count=&#8221;12&#8243; full_content=&#8221;true&#8221; excerpt_length=&#8221;400&#8243; cat=&#8221;19&#8243; exclude_post_format=&#8221;&#8221;][\/vc_column][\/vc_row]\n<\/div>","protected":false},"excerpt":{"rendered":"<p>[vc_row][vc_column][vc_empty_space height=&#8221;20px&#8221;][vc_column_text css=&#8221;.vc_custom_1612173631918{margin-bottom: 0px !important;}&#8221;] Entdecken [\/vc_column_text][vc_separator color=&#8221;custom&#8221; align=&#8221;align_left&#8221; border_width=&#8221;5&#8243; el_width=&#8221;10&#8243; accent_color=&#8221;#008752&#8243;][\/vc_column][\/vc_row][vc_row][vc_column][mk_padding_divider][vc_column_text css=&#8221;.vc_custom_1612174461640{margin-bottom: 0px !important;}&#8221;]In der Rubrik &#8216;Entdecken&#8217; finden Sie eine Auswahl an Artikeln aus unserem Newsletter. Einen vollst\u00e4ndigen \u00dcberblick finden Sie in unserem Archiv. Um auf dem Laufenden zu bleiben, k\u00f6nnen Sie sich auch f\u00fcr unseren englischsprachigen Newsletter anmelden.[\/vc_column_text][mk_padding_divider][\/vc_column][\/vc_row][vc_row][vc_column][mk_blog style=&#8221;grid&#8221; image_size=&#8221;blog-carousel&#8221; post_count=&#8221;12&#8243; full_content=&#8221;true&#8221; excerpt_length=&#8221;400&#8243; [&hellip;]<\/p>\n","protected":false},"author":3,"featured_media":43887,"parent":0,"menu_order":39,"comment_status":"closed","ping_status":"closed","template":"","meta":{"footnotes":""},"class_list":["post-8729","page","type-page","status-publish","has-post-thumbnail","hentry"],"yoast_head":"<!-- This site is optimized with the Yoast SEO plugin v27.3 - https:\/\/yoast.com\/product\/yoast-seo-wordpress\/ -->\n<title>Entdecken - Eine interessante Auswahl an Newsletter-Artikeln.<\/title>\n<meta name=\"description\" content=\"Hier entdecken Sie eine Auswahl an Artikeln aus unserem Newsletter. Abonnieren Sie unseren Newsletter und bleiben Sie stets auf dem Laufenden.\" \/>\n<meta name=\"robots\" content=\"index, follow, max-snippet:-1, max-image-preview:large, max-video-preview:-1\" \/>\n<link rel=\"canonical\" href=\"https:\/\/bedrocan.com\/de\/entdecken\/\" \/>\n<meta property=\"og:locale\" content=\"de_DE\" \/>\n<meta property=\"og:type\" content=\"article\" \/>\n<meta property=\"og:title\" content=\"Entdecken - Eine interessante Auswahl an Newsletter-Artikeln.\" \/>\n<meta property=\"og:description\" content=\"Hier entdecken Sie eine Auswahl an Artikeln aus unserem Newsletter. Abonnieren Sie unseren Newsletter und bleiben Sie stets auf dem Laufenden.\" \/>\n<meta property=\"og:url\" content=\"https:\/\/bedrocan.com\/de\/entdecken\/\" \/>\n<meta property=\"og:site_name\" content=\"Bedrocan - standardised medicinal cannabis\" \/>\n<meta property=\"article:publisher\" content=\"https:\/\/www.facebook.com\/Bedrocan\" \/>\n<meta property=\"article:modified_time\" content=\"2025-06-19T12:31:00+00:00\" \/>\n<meta property=\"og:image\" content=\"https:\/\/bedrocan.com\/wp-content\/uploads\/bedrocan-business-setting_lr-51.jpg\" \/>\n\t<meta property=\"og:image:width\" content=\"1350\" \/>\n\t<meta property=\"og:image:height\" content=\"900\" \/>\n\t<meta property=\"og:image:type\" content=\"image\/jpeg\" \/>\n<meta name=\"twitter:card\" content=\"summary_large_image\" \/>\n<meta name=\"twitter:label1\" content=\"Gesch\u00e4tzte Lesezeit\" \/>\n\t<meta name=\"twitter:data1\" content=\"1\u00a0Minute\" \/>\n<script type=\"application\/ld+json\" class=\"yoast-schema-graph\">{\"@context\":\"https:\\\/\\\/schema.org\",\"@graph\":[{\"@type\":\"WebPage\",\"@id\":\"https:\\\/\\\/bedrocan.com\\\/de\\\/entdecken\\\/\",\"url\":\"https:\\\/\\\/bedrocan.com\\\/de\\\/entdecken\\\/\",\"name\":\"Entdecken - Eine interessante Auswahl an Newsletter-Artikeln.\",\"isPartOf\":{\"@id\":\"https:\\\/\\\/bedrocan.com\\\/de\\\/#website\"},\"primaryImageOfPage\":{\"@id\":\"https:\\\/\\\/bedrocan.com\\\/de\\\/entdecken\\\/#primaryimage\"},\"image\":{\"@id\":\"https:\\\/\\\/bedrocan.com\\\/de\\\/entdecken\\\/#primaryimage\"},\"thumbnailUrl\":\"https:\\\/\\\/bedrocan.com\\\/wp-content\\\/uploads\\\/bedrocan-business-setting_lr-51.jpg\",\"datePublished\":\"2021-02-01T09:00:23+00:00\",\"dateModified\":\"2025-06-19T12:31:00+00:00\",\"description\":\"Hier entdecken Sie eine Auswahl an Artikeln aus unserem Newsletter. Abonnieren Sie unseren Newsletter und bleiben Sie stets auf dem Laufenden.\",\"breadcrumb\":{\"@id\":\"https:\\\/\\\/bedrocan.com\\\/de\\\/entdecken\\\/#breadcrumb\"},\"inLanguage\":\"de\",\"potentialAction\":[{\"@type\":\"ReadAction\",\"target\":[\"https:\\\/\\\/bedrocan.com\\\/de\\\/entdecken\\\/\"]}]},{\"@type\":\"ImageObject\",\"inLanguage\":\"de\",\"@id\":\"https:\\\/\\\/bedrocan.com\\\/de\\\/entdecken\\\/#primaryimage\",\"url\":\"https:\\\/\\\/bedrocan.com\\\/wp-content\\\/uploads\\\/bedrocan-business-setting_lr-51.jpg\",\"contentUrl\":\"https:\\\/\\\/bedrocan.com\\\/wp-content\\\/uploads\\\/bedrocan-business-setting_lr-51.jpg\",\"width\":1350,\"height\":900,\"caption\":\"Entdecken\"},{\"@type\":\"BreadcrumbList\",\"@id\":\"https:\\\/\\\/bedrocan.com\\\/de\\\/entdecken\\\/#breadcrumb\",\"itemListElement\":[{\"@type\":\"ListItem\",\"position\":1,\"name\":\"Home\",\"item\":\"https:\\\/\\\/bedrocan.com\\\/de\\\/\"},{\"@type\":\"ListItem\",\"position\":2,\"name\":\"Entdecken\"}]},{\"@type\":\"WebSite\",\"@id\":\"https:\\\/\\\/bedrocan.com\\\/de\\\/#website\",\"url\":\"https:\\\/\\\/bedrocan.com\\\/de\\\/\",\"name\":\"Bedrocan\",\"description\":\"medicinal cannabis\",\"publisher\":{\"@id\":\"https:\\\/\\\/bedrocan.com\\\/de\\\/#organization\"},\"potentialAction\":[{\"@type\":\"SearchAction\",\"target\":{\"@type\":\"EntryPoint\",\"urlTemplate\":\"https:\\\/\\\/bedrocan.com\\\/de\\\/?s={search_term_string}\"},\"query-input\":{\"@type\":\"PropertyValueSpecification\",\"valueRequired\":true,\"valueName\":\"search_term_string\"}}],\"inLanguage\":\"de\"},{\"@type\":\"Organization\",\"@id\":\"https:\\\/\\\/bedrocan.com\\\/de\\\/#organization\",\"name\":\"Bedrocan\",\"url\":\"https:\\\/\\\/bedrocan.com\\\/de\\\/\",\"logo\":{\"@type\":\"ImageObject\",\"inLanguage\":\"de\",\"@id\":\"https:\\\/\\\/bedrocan.com\\\/de\\\/#\\\/schema\\\/logo\\\/image\\\/\",\"url\":\"https:\\\/\\\/bedrocan.com\\\/wp-content\\\/uploads\\\/logo-bedrocan-mail.png\",\"contentUrl\":\"https:\\\/\\\/bedrocan.com\\\/wp-content\\\/uploads\\\/logo-bedrocan-mail.png\",\"width\":185,\"height\":31,\"caption\":\"Bedrocan\"},\"image\":{\"@id\":\"https:\\\/\\\/bedrocan.com\\\/de\\\/#\\\/schema\\\/logo\\\/image\\\/\"},\"sameAs\":[\"https:\\\/\\\/www.facebook.com\\\/Bedrocan\",\"https:\\\/\\\/www.linkedin.com\\\/company\\\/bedrocan\\\/\",\"https:\\\/\\\/www.instagram.com\\\/bedrocan_international\\\/\"]}]}<\/script>\n<!-- \/ Yoast SEO plugin. -->","yoast_head_json":{"title":"Entdecken - Eine interessante Auswahl an Newsletter-Artikeln.","description":"Hier entdecken Sie eine Auswahl an Artikeln aus unserem Newsletter. Abonnieren Sie unseren Newsletter und bleiben Sie stets auf dem Laufenden.","robots":{"index":"index","follow":"follow","max-snippet":"max-snippet:-1","max-image-preview":"max-image-preview:large","max-video-preview":"max-video-preview:-1"},"canonical":"https:\/\/bedrocan.com\/de\/entdecken\/","og_locale":"de_DE","og_type":"article","og_title":"Entdecken - Eine interessante Auswahl an Newsletter-Artikeln.","og_description":"Hier entdecken Sie eine Auswahl an Artikeln aus unserem Newsletter. Abonnieren Sie unseren Newsletter und bleiben Sie stets auf dem Laufenden.","og_url":"https:\/\/bedrocan.com\/de\/entdecken\/","og_site_name":"Bedrocan - standardised medicinal cannabis","article_publisher":"https:\/\/www.facebook.com\/Bedrocan","article_modified_time":"2025-06-19T12:31:00+00:00","og_image":[{"width":1350,"height":900,"url":"https:\/\/bedrocan.com\/wp-content\/uploads\/bedrocan-business-setting_lr-51.jpg","type":"image\/jpeg"}],"twitter_card":"summary_large_image","twitter_misc":{"Gesch\u00e4tzte Lesezeit":"1\u00a0Minute"},"schema":{"@context":"https:\/\/schema.org","@graph":[{"@type":"WebPage","@id":"https:\/\/bedrocan.com\/de\/entdecken\/","url":"https:\/\/bedrocan.com\/de\/entdecken\/","name":"Entdecken - Eine interessante Auswahl an Newsletter-Artikeln.","isPartOf":{"@id":"https:\/\/bedrocan.com\/de\/#website"},"primaryImageOfPage":{"@id":"https:\/\/bedrocan.com\/de\/entdecken\/#primaryimage"},"image":{"@id":"https:\/\/bedrocan.com\/de\/entdecken\/#primaryimage"},"thumbnailUrl":"https:\/\/bedrocan.com\/wp-content\/uploads\/bedrocan-business-setting_lr-51.jpg","datePublished":"2021-02-01T09:00:23+00:00","dateModified":"2025-06-19T12:31:00+00:00","description":"Hier entdecken Sie eine Auswahl an Artikeln aus unserem Newsletter. Abonnieren Sie unseren Newsletter und bleiben Sie stets auf dem Laufenden.","breadcrumb":{"@id":"https:\/\/bedrocan.com\/de\/entdecken\/#breadcrumb"},"inLanguage":"de","potentialAction":[{"@type":"ReadAction","target":["https:\/\/bedrocan.com\/de\/entdecken\/"]}]},{"@type":"ImageObject","inLanguage":"de","@id":"https:\/\/bedrocan.com\/de\/entdecken\/#primaryimage","url":"https:\/\/bedrocan.com\/wp-content\/uploads\/bedrocan-business-setting_lr-51.jpg","contentUrl":"https:\/\/bedrocan.com\/wp-content\/uploads\/bedrocan-business-setting_lr-51.jpg","width":1350,"height":900,"caption":"Entdecken"},{"@type":"BreadcrumbList","@id":"https:\/\/bedrocan.com\/de\/entdecken\/#breadcrumb","itemListElement":[{"@type":"ListItem","position":1,"name":"Home","item":"https:\/\/bedrocan.com\/de\/"},{"@type":"ListItem","position":2,"name":"Entdecken"}]},{"@type":"WebSite","@id":"https:\/\/bedrocan.com\/de\/#website","url":"https:\/\/bedrocan.com\/de\/","name":"Bedrocan","description":"medicinal cannabis","publisher":{"@id":"https:\/\/bedrocan.com\/de\/#organization"},"potentialAction":[{"@type":"SearchAction","target":{"@type":"EntryPoint","urlTemplate":"https:\/\/bedrocan.com\/de\/?s={search_term_string}"},"query-input":{"@type":"PropertyValueSpecification","valueRequired":true,"valueName":"search_term_string"}}],"inLanguage":"de"},{"@type":"Organization","@id":"https:\/\/bedrocan.com\/de\/#organization","name":"Bedrocan","url":"https:\/\/bedrocan.com\/de\/","logo":{"@type":"ImageObject","inLanguage":"de","@id":"https:\/\/bedrocan.com\/de\/#\/schema\/logo\/image\/","url":"https:\/\/bedrocan.com\/wp-content\/uploads\/logo-bedrocan-mail.png","contentUrl":"https:\/\/bedrocan.com\/wp-content\/uploads\/logo-bedrocan-mail.png","width":185,"height":31,"caption":"Bedrocan"},"image":{"@id":"https:\/\/bedrocan.com\/de\/#\/schema\/logo\/image\/"},"sameAs":["https:\/\/www.facebook.com\/Bedrocan","https:\/\/www.linkedin.com\/company\/bedrocan\/","https:\/\/www.instagram.com\/bedrocan_international\/"]}]}},"_links":{"self":[{"href":"https:\/\/bedrocan.com\/de\/wp-json\/wp\/v2\/pages\/8729","targetHints":{"allow":["GET"]}}],"collection":[{"href":"https:\/\/bedrocan.com\/de\/wp-json\/wp\/v2\/pages"}],"about":[{"href":"https:\/\/bedrocan.com\/de\/wp-json\/wp\/v2\/types\/page"}],"author":[{"embeddable":true,"href":"https:\/\/bedrocan.com\/de\/wp-json\/wp\/v2\/users\/3"}],"replies":[{"embeddable":true,"href":"https:\/\/bedrocan.com\/de\/wp-json\/wp\/v2\/comments?post=8729"}],"version-history":[{"count":5,"href":"https:\/\/bedrocan.com\/de\/wp-json\/wp\/v2\/pages\/8729\/revisions"}],"predecessor-version":[{"id":203643,"href":"https:\/\/bedrocan.com\/de\/wp-json\/wp\/v2\/pages\/8729\/revisions\/203643"}],"wp:featuredmedia":[{"embeddable":true,"href":"https:\/\/bedrocan.com\/de\/wp-json\/wp\/v2\/media\/43887"}],"wp:attachment":[{"href":"https:\/\/bedrocan.com\/de\/wp-json\/wp\/v2\/media?parent=8729"}],"curies":[{"name":"wp","href":"https:\/\/api.w.org\/{rel}","templated":true}]}}