{"id":8756,"date":"2024-12-17T11:36:42","date_gmt":"2024-12-17T10:36:42","guid":{"rendered":"http:\/\/bedrocan.com\/produkte-services\/gesundheitswesen\/cannabis-oil\/"},"modified":"2025-06-19T15:37:47","modified_gmt":"2025-06-19T13:37:47","slug":"cannabis-oel","status":"publish","type":"page","link":"https:\/\/bedrocan.com\/de\/medizinische-fachkreise\/cannabis-oel\/","title":{"rendered":"Medizinisches Cannabis-\u00d6l"},"content":{"rendered":"<div class=\"wpb-content-wrapper\">[mk_page_section bg_image=&#8221;http:\/\/bedrocan.com\/wp-content\/uploads\/bedrocan_cannabisoil_header.jpg&#8221; bg_position=&#8221;center center&#8221; bg_repeat=&#8221;no-repeat&#8221; bg_stretch=&#8221;true&#8221; min_height=&#8221;300&#8243; full_width=&#8221;true&#8221; top_shape_color=&#8221;#ffffff&#8221; bottom_shape_color=&#8221;#ffffff&#8221; visibility=&#8221;hidden-sm&#8221; sidebar=&#8221;sidebar-1&#8243;][vc_column][\/vc_column][\/mk_page_section][vc_row][vc_column][vc_empty_space height=&#8221;45px&#8221;][vc_column_text css=&#8221;.vc_custom_1734432051067{margin-bottom: 0px !important;}&#8221;]\n<h1>Medizinisches Cannabis-\u00d6l<\/h1>\n[\/vc_column_text][vc_separator color=&#8221;custom&#8221; align=&#8221;align_left&#8221; border_width=&#8221;5&#8243; el_width=&#8221;10&#8243; css=&#8221;.vc_custom_1468403515259{margin-top: -10px !important;margin-bottom: 10px !important;}&#8221; accent_color=&#8221;#008752&#8243;][\/vc_column][\/vc_row][vc_row][vc_column][mk_padding_divider][vc_column_text css=&#8221;.vc_custom_1609849941823{margin-bottom: 0px !important;}&#8221;]Medizinisches Cannabis-\u00d6l oder konzentrierte Extrakte werden durch die Extraktion von Cannabinoiden aus den getrockneten Bl\u00fcten (Cannabis Flos) der Cannabispflanze gewonnen.<\/p>\n<p>Zweck der Herstellung von Cannabis-\u00f6l ist es, Cannabinoide und andere Bestandteile, z. B. Terpene in hochkonzentrierter Form verf\u00fcgbar zu machen.<\/p>\n<p>\u00d6le werden typischerweise f\u00fcr die orale sublinguale Verabreichung zubereitet. Sie erfreuen sich in den letzten Jahren zunehmender Beliebtheit. Das liegt zum Einen daran, dass sie im Vergleich zur Inhalation durch Verdampfen einfach zu handhaben sind. Zum Anderen sind verordnende \u00c4rzte und Apotheker mit der oralen Dosierung besser vertraut, was ihre Verwendung ebenfalls f\u00f6rdert.[\/vc_column_text][\/vc_column][\/vc_row][vc_row][vc_column][vc_column_text css=&#8221;.vc_custom_1749234013603{margin-bottom: 0px !important;}&#8221;]\n<h2>Medizinisches Cannabis\u00f6l<\/h2>\n<p>Medizinisches Cannabis\u00f6l, das aus den standardisierten Cannabisbl\u00fcten von Bedrocan gewonnen wird, ist bereits in den Niederlanden, Deutschland, Italien und einigen anderen L\u00e4ndern erh\u00e4ltlich. Es wird von Apotheken (als magistrale Zubereitungen) oder pharmazeutischen Unternehmen mit GMP-zertifizierten Produktionsmethoden extrahiert.<\/p>\n<p>Bedrocan produziert und verkauft kein \u00d6l f\u00fcr die orale sublinguale Verabreichung.<\/p>\n<p>Eine \u00dcbersicht der Compounding-Apotheker finden Sie auf unserer <em><a href=\"https:\/\/bedrocan.com\/de\/kontakt\/\">Kontaktseite<\/a><\/em>.[\/vc_column_text][mk_padding_divider][vc_separator color=&#8221;custom&#8221; border_width=&#8221;3&#8243; accent_color=&#8221;#008752&#8243;][\/vc_column][\/vc_row][vc_row][vc_column width=&#8221;1\/3&#8243;][vc_single_image image=&#8221;33327&#8243; img_size=&#8221;full&#8221; add_caption=&#8221;yes&#8221; alignment=&#8221;center&#8221;][\/vc_column][vc_column width=&#8221;1\/3&#8243;][vc_single_image image=&#8221;33321&#8243; img_size=&#8221;full&#8221; add_caption=&#8221;yes&#8221; alignment=&#8221;center&#8221;][\/vc_column][vc_column width=&#8221;1\/3&#8243;][vc_single_image image=&#8221;33315&#8243; img_size=&#8221;full&#8221; add_caption=&#8221;yes&#8221; alignment=&#8221;center&#8221;][\/vc_column][\/vc_row][vc_row][vc_column][vc_column_text css=&#8221;.vc_custom_1609849044755{margin-bottom: 0px !important;}&#8221;]<em>Apotheker f\u00fcllt leere Flasche mit medizinischem Cannabis\u00f6l in der Transvaal-Apotheke, Niederlande<\/em>[\/vc_column_text][vc_separator color=&#8221;custom&#8221; border_width=&#8221;3&#8243; accent_color=&#8221;#008752&#8243;][mk_padding_divider size=&#8221;25&#8243;][vc_column_text css=&#8221;.vc_custom_1749234043651{margin-bottom: 0px !important;}&#8221;]\n<h2>Nicht regulierte Herstellung f\u00fcr Medizinisches Cannabis-\u00f6l<\/h2>\n<p>Von der Zubereitung von Cannabis-\u00d6l oder Cannabis-Konzentraten zu Hause oder der Verwendung von unkontrollierten Cannabis\u00f6len oder Konzentraten ist abzuraten. Die h\u00e4usliche oder nicht regulierte Herstellung dieser Produkte kann f\u00fcr Patienten, die diese konsumieren, Risiken mit sich bringen.<\/p>\n<p>Die genaue Zusammensetzung der verschiedenen, frei erh\u00e4ltlichen \u00d6le ist h\u00e4ufig ungewiss. Diese werden weder von externen, zertifizierten Labors auf ihre Qualit\u00e4t hin \u00fcberpr\u00fcft, noch auf das Vorhandensein von L\u00f6sungsmittelr\u00fcckst\u00e4nden, auf Verunreinigungen wie Mikroben, Pestizide, Schwermetalle oder Mykotoxine untersucht.<\/p>\n<p>Die fehlende Standardisierung sowohl des Cannabis-Ausgangsmaterials als auch die der \u00d6le macht es unm\u00f6glich, ihre therapeutische Wirkung \u00fcber einen l\u00e4ngeren Zeitraum und damit ihren medizinischen Wert vollst\u00e4ndig zu bewerten.<\/p>\n<p>Daher ist es sehr wichtig, dass Patienten nur standardisierte und kontrollierte Cannabisextrakte verschrieben bekommen, die nach pharmazeutischen Richtlinien hergestellt wurden.<\/p>\n<h2>CBD-\u00d6l<\/h2>\n<p>In den vergangenen Jahren ist ein gro\u00dfer, nicht regulierter Markt f\u00fcr CBD-(Cannabidiol-)\u00d6le entstanden.<\/p>\n<p>Diese Produkte werden typischerweise aus faserartigen Cannabissorten (Hanf) gewonnen, die hohe Konzentrationen an CBD, aber nur einen geringen Anteil an THC enthalten.<\/p>\n<p>Die Herstellung von Konzentraten aus Cannabis ist in den meisten L\u00e4ndern verboten, da Cannabis eine kontrollierte Substanz ist. Gleichwohl sind zahlreiche CBD-reiche Extrakte auf dem Weltmarkt aufgetaucht.<\/p>\n<p>Weitere Informationen zu CBD-\u00d6l finden Sie in diesem Artikel: <em><a href=\"https:\/\/bedrocan.com\/de\/die-problematik-von-cbd-oel\/\">Die Problematik von CBD-\u00d6l.<\/a><\/em>[\/vc_column_text][vc_message color=&#8221;info&#8221;]Lesen Sie auch: <a href=\"https:\/\/bedrocan.com\/wp-content\/uploads\/2013-cannabis-oil-chemical-evaluation-of-an-upcoming-cannabis-based-medicine_romano.pdf\" target=\"_blank\" rel=\"noopener noreferrer\">Cannabis Oil: chemical evaluation of an upcoming cannabis-based medicine<\/a>[\/vc_message][mk_padding_divider][\/vc_column][\/vc_row]\n<\/div>","protected":false},"excerpt":{"rendered":"<p>[mk_page_section bg_image=&#8221;http:\/\/bedrocan.com\/wp-content\/uploads\/bedrocan_cannabisoil_header.jpg&#8221; bg_position=&#8221;center center&#8221; bg_repeat=&#8221;no-repeat&#8221; bg_stretch=&#8221;true&#8221; min_height=&#8221;300&#8243; full_width=&#8221;true&#8221; top_shape_color=&#8221;#ffffff&#8221; bottom_shape_color=&#8221;#ffffff&#8221; visibility=&#8221;hidden-sm&#8221; sidebar=&#8221;sidebar-1&#8243;][vc_column][\/vc_column][\/mk_page_section][vc_row][vc_column][vc_empty_space height=&#8221;45px&#8221;][vc_column_text css=&#8221;.vc_custom_1734432051067{margin-bottom: 0px !important;}&#8221;] Medizinisches Cannabis-\u00d6l [\/vc_column_text][vc_separator color=&#8221;custom&#8221; align=&#8221;align_left&#8221; border_width=&#8221;5&#8243; el_width=&#8221;10&#8243; css=&#8221;.vc_custom_1468403515259{margin-top: -10px !important;margin-bottom: 10px !important;}&#8221; accent_color=&#8221;#008752&#8243;][\/vc_column][\/vc_row][vc_row][vc_column][mk_padding_divider][vc_column_text css=&#8221;.vc_custom_1609849941823{margin-bottom: 0px !important;}&#8221;]Medizinisches Cannabis-\u00d6l oder konzentrierte Extrakte werden durch die Extraktion von Cannabinoiden aus den getrockneten Bl\u00fcten (Cannabis Flos) der Cannabispflanze gewonnen. Zweck der Herstellung von [&hellip;]<\/p>\n","protected":false},"author":3,"featured_media":153271,"parent":144210,"menu_order":6,"comment_status":"closed","ping_status":"closed","template":"","meta":{"footnotes":""},"class_list":["post-8756","page","type-page","status-publish","has-post-thumbnail","hentry"],"yoast_head":"<!-- This site is optimized with the Yoast SEO plugin v27.3 - https:\/\/yoast.com\/product\/yoast-seo-wordpress\/ -->\n<title>Medizinisches Cannabis-\u00d6l<\/title>\n<meta name=\"description\" content=\"Medizinisches Cannabis-\u00d6l werden durch die Extraktion von Cannabinoiden aus den getrockneten Bl\u00fcten der Cannabispflanze gewonnen.\" \/>\n<meta name=\"robots\" content=\"index, follow, max-snippet:-1, max-image-preview:large, max-video-preview:-1\" \/>\n<link rel=\"canonical\" href=\"https:\/\/bedrocan.com\/de\/medizinische-fachkreise\/cannabis-oel\/\" \/>\n<meta property=\"og:locale\" content=\"de_DE\" \/>\n<meta property=\"og:type\" content=\"article\" \/>\n<meta property=\"og:title\" content=\"Medizinisches Cannabis-\u00d6l\" \/>\n<meta property=\"og:description\" content=\"Medizinisches Cannabis-\u00d6l werden durch die Extraktion von Cannabinoiden aus den getrockneten Bl\u00fcten der Cannabispflanze gewonnen.\" \/>\n<meta property=\"og:url\" content=\"https:\/\/bedrocan.com\/de\/medizinische-fachkreise\/cannabis-oel\/\" \/>\n<meta property=\"og:site_name\" content=\"Bedrocan - standardised medicinal cannabis\" \/>\n<meta property=\"article:publisher\" content=\"https:\/\/www.facebook.com\/Bedrocan\" \/>\n<meta property=\"article:modified_time\" content=\"2025-06-19T13:37:47+00:00\" \/>\n<meta property=\"og:image\" content=\"https:\/\/bedrocan.com\/wp-content\/uploads\/cannabis-oil-medicinal-cannabis-by-bedrocan-12.png\" \/>\n\t<meta property=\"og:image:width\" content=\"1280\" \/>\n\t<meta property=\"og:image:height\" content=\"876\" \/>\n\t<meta property=\"og:image:type\" content=\"image\/png\" \/>\n<meta name=\"twitter:card\" content=\"summary_large_image\" \/>\n<meta name=\"twitter:label1\" content=\"Gesch\u00e4tzte Lesezeit\" \/>\n\t<meta name=\"twitter:data1\" content=\"3\u00a0Minuten\" \/>\n<script type=\"application\/ld+json\" class=\"yoast-schema-graph\">{\"@context\":\"https:\\\/\\\/schema.org\",\"@graph\":[{\"@type\":\"WebPage\",\"@id\":\"https:\\\/\\\/bedrocan.com\\\/de\\\/medizinische-fachkreise\\\/cannabis-oel\\\/\",\"url\":\"https:\\\/\\\/bedrocan.com\\\/de\\\/medizinische-fachkreise\\\/cannabis-oel\\\/\",\"name\":\"Medizinisches Cannabis-\u00d6l\",\"isPartOf\":{\"@id\":\"https:\\\/\\\/bedrocan.com\\\/de\\\/#website\"},\"primaryImageOfPage\":{\"@id\":\"https:\\\/\\\/bedrocan.com\\\/de\\\/medizinische-fachkreise\\\/cannabis-oel\\\/#primaryimage\"},\"image\":{\"@id\":\"https:\\\/\\\/bedrocan.com\\\/de\\\/medizinische-fachkreise\\\/cannabis-oel\\\/#primaryimage\"},\"thumbnailUrl\":\"https:\\\/\\\/bedrocan.com\\\/wp-content\\\/uploads\\\/cannabis-oil-medicinal-cannabis-by-bedrocan-12.png\",\"datePublished\":\"2024-12-17T10:36:42+00:00\",\"dateModified\":\"2025-06-19T13:37:47+00:00\",\"description\":\"Medizinisches Cannabis-\u00d6l werden durch die Extraktion von Cannabinoiden aus den getrockneten Bl\u00fcten der Cannabispflanze gewonnen.\",\"breadcrumb\":{\"@id\":\"https:\\\/\\\/bedrocan.com\\\/de\\\/medizinische-fachkreise\\\/cannabis-oel\\\/#breadcrumb\"},\"inLanguage\":\"de\",\"potentialAction\":[{\"@type\":\"ReadAction\",\"target\":[\"https:\\\/\\\/bedrocan.com\\\/de\\\/medizinische-fachkreise\\\/cannabis-oel\\\/\"]}]},{\"@type\":\"ImageObject\",\"inLanguage\":\"de\",\"@id\":\"https:\\\/\\\/bedrocan.com\\\/de\\\/medizinische-fachkreise\\\/cannabis-oel\\\/#primaryimage\",\"url\":\"https:\\\/\\\/bedrocan.com\\\/wp-content\\\/uploads\\\/cannabis-oil-medicinal-cannabis-by-bedrocan-12.png\",\"contentUrl\":\"https:\\\/\\\/bedrocan.com\\\/wp-content\\\/uploads\\\/cannabis-oil-medicinal-cannabis-by-bedrocan-12.png\",\"width\":1280,\"height\":876,\"caption\":\"Cannabis oil, THC oil or CBD oil made from cannabis flower\"},{\"@type\":\"BreadcrumbList\",\"@id\":\"https:\\\/\\\/bedrocan.com\\\/de\\\/medizinische-fachkreise\\\/cannabis-oel\\\/#breadcrumb\",\"itemListElement\":[{\"@type\":\"ListItem\",\"position\":1,\"name\":\"Home\",\"item\":\"https:\\\/\\\/bedrocan.com\\\/de\\\/\"},{\"@type\":\"ListItem\",\"position\":2,\"name\":\"Medizinische Fachkreise\",\"item\":\"https:\\\/\\\/bedrocan.com\\\/de\\\/medizinische-fachkreise\\\/\"},{\"@type\":\"ListItem\",\"position\":3,\"name\":\"Medizinisches Cannabis-\u00d6l\"}]},{\"@type\":\"WebSite\",\"@id\":\"https:\\\/\\\/bedrocan.com\\\/de\\\/#website\",\"url\":\"https:\\\/\\\/bedrocan.com\\\/de\\\/\",\"name\":\"Bedrocan\",\"description\":\"medicinal cannabis\",\"publisher\":{\"@id\":\"https:\\\/\\\/bedrocan.com\\\/de\\\/#organization\"},\"potentialAction\":[{\"@type\":\"SearchAction\",\"target\":{\"@type\":\"EntryPoint\",\"urlTemplate\":\"https:\\\/\\\/bedrocan.com\\\/de\\\/?s={search_term_string}\"},\"query-input\":{\"@type\":\"PropertyValueSpecification\",\"valueRequired\":true,\"valueName\":\"search_term_string\"}}],\"inLanguage\":\"de\"},{\"@type\":\"Organization\",\"@id\":\"https:\\\/\\\/bedrocan.com\\\/de\\\/#organization\",\"name\":\"Bedrocan\",\"url\":\"https:\\\/\\\/bedrocan.com\\\/de\\\/\",\"logo\":{\"@type\":\"ImageObject\",\"inLanguage\":\"de\",\"@id\":\"https:\\\/\\\/bedrocan.com\\\/de\\\/#\\\/schema\\\/logo\\\/image\\\/\",\"url\":\"https:\\\/\\\/bedrocan.com\\\/wp-content\\\/uploads\\\/logo-bedrocan-mail.png\",\"contentUrl\":\"https:\\\/\\\/bedrocan.com\\\/wp-content\\\/uploads\\\/logo-bedrocan-mail.png\",\"width\":185,\"height\":31,\"caption\":\"Bedrocan\"},\"image\":{\"@id\":\"https:\\\/\\\/bedrocan.com\\\/de\\\/#\\\/schema\\\/logo\\\/image\\\/\"},\"sameAs\":[\"https:\\\/\\\/www.facebook.com\\\/Bedrocan\",\"https:\\\/\\\/www.linkedin.com\\\/company\\\/bedrocan\\\/\",\"https:\\\/\\\/www.instagram.com\\\/bedrocan_international\\\/\"]}]}<\/script>\n<!-- \/ Yoast SEO plugin. -->","yoast_head_json":{"title":"Medizinisches Cannabis-\u00d6l","description":"Medizinisches Cannabis-\u00d6l werden durch die Extraktion von Cannabinoiden aus den getrockneten Bl\u00fcten der Cannabispflanze gewonnen.","robots":{"index":"index","follow":"follow","max-snippet":"max-snippet:-1","max-image-preview":"max-image-preview:large","max-video-preview":"max-video-preview:-1"},"canonical":"https:\/\/bedrocan.com\/de\/medizinische-fachkreise\/cannabis-oel\/","og_locale":"de_DE","og_type":"article","og_title":"Medizinisches Cannabis-\u00d6l","og_description":"Medizinisches Cannabis-\u00d6l werden durch die Extraktion von Cannabinoiden aus den getrockneten Bl\u00fcten der Cannabispflanze gewonnen.","og_url":"https:\/\/bedrocan.com\/de\/medizinische-fachkreise\/cannabis-oel\/","og_site_name":"Bedrocan - standardised medicinal cannabis","article_publisher":"https:\/\/www.facebook.com\/Bedrocan","article_modified_time":"2025-06-19T13:37:47+00:00","og_image":[{"width":1280,"height":876,"url":"https:\/\/bedrocan.com\/wp-content\/uploads\/cannabis-oil-medicinal-cannabis-by-bedrocan-12.png","type":"image\/png"}],"twitter_card":"summary_large_image","twitter_misc":{"Gesch\u00e4tzte Lesezeit":"3\u00a0Minuten"},"schema":{"@context":"https:\/\/schema.org","@graph":[{"@type":"WebPage","@id":"https:\/\/bedrocan.com\/de\/medizinische-fachkreise\/cannabis-oel\/","url":"https:\/\/bedrocan.com\/de\/medizinische-fachkreise\/cannabis-oel\/","name":"Medizinisches Cannabis-\u00d6l","isPartOf":{"@id":"https:\/\/bedrocan.com\/de\/#website"},"primaryImageOfPage":{"@id":"https:\/\/bedrocan.com\/de\/medizinische-fachkreise\/cannabis-oel\/#primaryimage"},"image":{"@id":"https:\/\/bedrocan.com\/de\/medizinische-fachkreise\/cannabis-oel\/#primaryimage"},"thumbnailUrl":"https:\/\/bedrocan.com\/wp-content\/uploads\/cannabis-oil-medicinal-cannabis-by-bedrocan-12.png","datePublished":"2024-12-17T10:36:42+00:00","dateModified":"2025-06-19T13:37:47+00:00","description":"Medizinisches Cannabis-\u00d6l werden durch die Extraktion von Cannabinoiden aus den getrockneten Bl\u00fcten der Cannabispflanze gewonnen.","breadcrumb":{"@id":"https:\/\/bedrocan.com\/de\/medizinische-fachkreise\/cannabis-oel\/#breadcrumb"},"inLanguage":"de","potentialAction":[{"@type":"ReadAction","target":["https:\/\/bedrocan.com\/de\/medizinische-fachkreise\/cannabis-oel\/"]}]},{"@type":"ImageObject","inLanguage":"de","@id":"https:\/\/bedrocan.com\/de\/medizinische-fachkreise\/cannabis-oel\/#primaryimage","url":"https:\/\/bedrocan.com\/wp-content\/uploads\/cannabis-oil-medicinal-cannabis-by-bedrocan-12.png","contentUrl":"https:\/\/bedrocan.com\/wp-content\/uploads\/cannabis-oil-medicinal-cannabis-by-bedrocan-12.png","width":1280,"height":876,"caption":"Cannabis oil, THC oil or CBD oil made from cannabis flower"},{"@type":"BreadcrumbList","@id":"https:\/\/bedrocan.com\/de\/medizinische-fachkreise\/cannabis-oel\/#breadcrumb","itemListElement":[{"@type":"ListItem","position":1,"name":"Home","item":"https:\/\/bedrocan.com\/de\/"},{"@type":"ListItem","position":2,"name":"Medizinische Fachkreise","item":"https:\/\/bedrocan.com\/de\/medizinische-fachkreise\/"},{"@type":"ListItem","position":3,"name":"Medizinisches Cannabis-\u00d6l"}]},{"@type":"WebSite","@id":"https:\/\/bedrocan.com\/de\/#website","url":"https:\/\/bedrocan.com\/de\/","name":"Bedrocan","description":"medicinal cannabis","publisher":{"@id":"https:\/\/bedrocan.com\/de\/#organization"},"potentialAction":[{"@type":"SearchAction","target":{"@type":"EntryPoint","urlTemplate":"https:\/\/bedrocan.com\/de\/?s={search_term_string}"},"query-input":{"@type":"PropertyValueSpecification","valueRequired":true,"valueName":"search_term_string"}}],"inLanguage":"de"},{"@type":"Organization","@id":"https:\/\/bedrocan.com\/de\/#organization","name":"Bedrocan","url":"https:\/\/bedrocan.com\/de\/","logo":{"@type":"ImageObject","inLanguage":"de","@id":"https:\/\/bedrocan.com\/de\/#\/schema\/logo\/image\/","url":"https:\/\/bedrocan.com\/wp-content\/uploads\/logo-bedrocan-mail.png","contentUrl":"https:\/\/bedrocan.com\/wp-content\/uploads\/logo-bedrocan-mail.png","width":185,"height":31,"caption":"Bedrocan"},"image":{"@id":"https:\/\/bedrocan.com\/de\/#\/schema\/logo\/image\/"},"sameAs":["https:\/\/www.facebook.com\/Bedrocan","https:\/\/www.linkedin.com\/company\/bedrocan\/","https:\/\/www.instagram.com\/bedrocan_international\/"]}]}},"_links":{"self":[{"href":"https:\/\/bedrocan.com\/de\/wp-json\/wp\/v2\/pages\/8756","targetHints":{"allow":["GET"]}}],"collection":[{"href":"https:\/\/bedrocan.com\/de\/wp-json\/wp\/v2\/pages"}],"about":[{"href":"https:\/\/bedrocan.com\/de\/wp-json\/wp\/v2\/types\/page"}],"author":[{"embeddable":true,"href":"https:\/\/bedrocan.com\/de\/wp-json\/wp\/v2\/users\/3"}],"replies":[{"embeddable":true,"href":"https:\/\/bedrocan.com\/de\/wp-json\/wp\/v2\/comments?post=8756"}],"version-history":[{"count":5,"href":"https:\/\/bedrocan.com\/de\/wp-json\/wp\/v2\/pages\/8756\/revisions"}],"predecessor-version":[{"id":204073,"href":"https:\/\/bedrocan.com\/de\/wp-json\/wp\/v2\/pages\/8756\/revisions\/204073"}],"up":[{"embeddable":true,"href":"https:\/\/bedrocan.com\/de\/wp-json\/wp\/v2\/pages\/144210"}],"wp:featuredmedia":[{"embeddable":true,"href":"https:\/\/bedrocan.com\/de\/wp-json\/wp\/v2\/media\/153271"}],"wp:attachment":[{"href":"https:\/\/bedrocan.com\/de\/wp-json\/wp\/v2\/media?parent=8756"}],"curies":[{"name":"wp","href":"https:\/\/api.w.org\/{rel}","templated":true}]}}