{"id":8781,"date":"2026-03-26T15:01:58","date_gmt":"2026-03-26T14:01:58","guid":{"rendered":"http:\/\/bedrocan.com\/produkte-services\/wissenschaft\/ordering\/"},"modified":"2026-03-26T17:42:28","modified_gmt":"2026-03-26T16:42:28","slug":"bestellvorgang-fuer-medizinales-cannabis","status":"publish","type":"page","link":"https:\/\/bedrocan.com\/de\/cannabis-produkte\/bestellvorgang-fuer-medizinales-cannabis\/","title":{"rendered":"Cannabis bestellen"},"content":{"rendered":"<div class=\"wpb-content-wrapper\">[mk_page_section bg_image=&#8221;http:\/\/bedrocan.com\/wp-content\/uploads\/ordering-computer-medicinal-cannabis-by-bedrocan-1280&#215;300.png&#8221; bg_position=&#8221;center center&#8221; bg_repeat=&#8221;no-repeat&#8221; bg_stretch=&#8221;true&#8221; min_height=&#8221;300&#8243; full_width=&#8221;true&#8221; top_shape_color=&#8221;#ffffff&#8221; bottom_shape_color=&#8221;#ffffff&#8221; visibility=&#8221;hidden-sm&#8221; sidebar=&#8221;sidebar-1&#8243;][vc_column][\/vc_column][\/mk_page_section][vc_row][vc_column][vc_empty_space height=&#8221;45px&#8221;][vc_column_text css=&#8221;.vc_custom_1749215940431{margin-bottom: 0px !important;}&#8221;]\n<h1>Bestellvorgang f\u00fcr medizinisches Cannabis<\/h1>\n[\/vc_column_text][vc_separator color=&#8221;custom&#8221; align=&#8221;align_left&#8221; border_width=&#8221;5&#8243; el_width=&#8221;10&#8243; css=&#8221;.vc_custom_1468403515259{margin-top: -10px !important;margin-bottom: 10px !important;}&#8221; accent_color=&#8221;#008752&#8243;][\/vc_column][\/vc_row][vc_row][vc_column][mk_padding_divider][vc_column_text css=&#8221;.vc_custom_1774542969280{margin-bottom: 0px !important;}&#8221;]F\u00fcr die Bestellvorgang f\u00fcr <a href=\"https:\/\/bedrocan.com\/de\/medizinische-fachkreise\/cannabis-als-medizin\/\">medizinisches\u00a0Cannabis<\/a> gibt es verschiedene Kan\u00e4le.<\/p>\n<h2>Apotheker oder Apothekerin?<\/h2>\n<p>Sie sind Apotheker oder Apothekerin aus Deutschland und m\u00f6chten medizinisches Cannabis von Bedrocan bestellen? Bitte kontaktieren Sie unseren ausgew\u00e4hlten pharmazeutischen Vertriebspartner Medios.[\/vc_column_text][\/vc_column][\/vc_row][vc_row][vc_column width=&#8221;1\/3&#8243;][\/vc_column][vc_column width=&#8221;1\/3&#8243;][mk_padding_divider][vc_column_text css=&#8221;.vc_custom_1768819751543{margin-bottom: 0px !important;}&#8221;]\n<h3>Medios Pharma GmbH<\/h3>\n<p>i:\u00a0<a href=\"https:\/\/medios.group\/\">medios.group<\/a><br \/>\ne:\u00a0<a href=\"&#109;&#x61;&#x69;&#108;&#x74;&#x6f;:&#x6f;&#x72;d&#101;&#x72;s&#64;&#x6d;e&#100;&#x69;o&#115;&#x2e;g&#114;&#x6f;&#x75;&#112;\">&#111;&#x72;&#100;&#x65;r&#x73;&#64;&#109;&#x65;&#100;&#x69;o&#x73;&#46;&#103;&#x72;&#111;&#x75;p<\/a><br \/>\nt: +49 (0)30 220 132 7000[\/vc_column_text][\/vc_column][vc_column width=&#8221;1\/3&#8243;][\/vc_column][\/vc_row][vc_row][vc_column][mk_padding_divider][vc_column_text css=&#8221;.vc_custom_1774543000644{margin-bottom: 0px !important;}&#8221;]\n<h2>Unternehmen<\/h2>\n<p>M\u00f6chten Sie als lizenziertes Unternehmen mehr \u00fcber unseren Bestellvorgang erfahren? Dann kontaktieren Sie unser Vertriebsteam.[\/vc_column_text][mk_padding_divider]\n<div class=\"wpcf7 no-js\" id=\"wpcf7-f253094-o1\" lang=\"en-US\" dir=\"ltr\" data-wpcf7-id=\"253094\">\n<div class=\"screen-reader-response\"><p role=\"status\" aria-live=\"polite\" aria-atomic=\"true\"><\/p> <ul><\/ul><\/div>\n<form action=\"\/de\/wp-json\/wp\/v2\/pages\/8781#wpcf7-f253094-o1\" method=\"post\" class=\"wpcf7-form init\" aria-label=\"Contact form\" novalidate=\"novalidate\" data-status=\"init\">\n<fieldset class=\"hidden-fields-container\"><input type=\"hidden\" name=\"_wpcf7\" value=\"253094\" \/><input type=\"hidden\" name=\"_wpcf7_version\" value=\"6.1.5\" \/><input type=\"hidden\" name=\"_wpcf7_locale\" value=\"en_US\" \/><input type=\"hidden\" name=\"_wpcf7_unit_tag\" value=\"wpcf7-f253094-o1\" \/><input type=\"hidden\" name=\"_wpcf7_container_post\" value=\"0\" \/><input type=\"hidden\" name=\"_wpcf7_posted_data_hash\" value=\"\" \/><input type=\"hidden\" name=\"_wpcf7_recaptcha_response\" value=\"\" \/>\n<\/fieldset>\n<p>Ihr Name <span style=\"color:#a00;\">*<\/span>\n<\/p>\n<p><span class=\"wpcf7-form-control-wrap\" data-name=\"your-name\"><input size=\"40\" maxlength=\"400\" class=\"wpcf7-form-control wpcf7-text wpcf7-validates-as-required\" aria-required=\"true\" aria-invalid=\"false\" value=\"\" type=\"text\" name=\"your-name\" \/><\/span>\n<\/p>\n<p>Ihre E-Mail <span style=\"color:#a00;\">*<\/span>\n<\/p>\n<p><span class=\"wpcf7-form-control-wrap\" data-name=\"your-email\"><input size=\"40\" maxlength=\"400\" class=\"wpcf7-form-control wpcf7-email wpcf7-validates-as-required wpcf7-text wpcf7-validates-as-email\" aria-required=\"true\" aria-invalid=\"false\" value=\"\" type=\"email\" name=\"your-email\" \/><\/span>\n<\/p>\n<p> Name der firma <span style=\"color:#a00;\">*<\/span>\n<\/p>\n<p><span class=\"wpcf7-form-control-wrap\" data-name=\"your-company\"><input size=\"40\" maxlength=\"400\" class=\"wpcf7-form-control wpcf7-text wpcf7-validates-as-required\" aria-required=\"true\" aria-invalid=\"false\" value=\"\" type=\"text\" name=\"your-company\" \/><\/span>\n<\/p>\n<p> Berufsbezeichnung <span style=\"color:#a00;\">*<\/span>\n<\/p>\n<p><span class=\"wpcf7-form-control-wrap\" data-name=\"your-job-title\"><input size=\"40\" maxlength=\"400\" class=\"wpcf7-form-control wpcf7-text wpcf7-validates-as-required\" aria-required=\"true\" aria-invalid=\"false\" value=\"\" type=\"text\" name=\"your-job-title\" \/><\/span>\n<\/p>\n<p>Betreff\n<\/p>\n<p><span class=\"wpcf7-form-control-wrap\" data-name=\"your-subject\"><input size=\"40\" maxlength=\"400\" class=\"wpcf7-form-control wpcf7-text\" aria-invalid=\"false\" value=\"\" type=\"text\" name=\"your-subject\" \/><\/span>\n<\/p>\n<p>Ihre Nachricht\n<\/p>\n<p><span class=\"wpcf7-form-control-wrap\" data-name=\"your-message\"><textarea cols=\"40\" rows=\"10\" maxlength=\"2000\" class=\"wpcf7-form-control wpcf7-textarea\" aria-invalid=\"false\" name=\"your-message\"><\/textarea><\/span>\n<\/p>\n<p>Datenschutzrichtlinie <span style=\"color:#a00;\">*<\/span>\n<\/p>\n<p><span class=\"wpcf7-form-control-wrap\" data-name=\"acceptance-897\"><span class=\"wpcf7-form-control wpcf7-acceptance\"><span class=\"wpcf7-list-item\"><label><input type=\"checkbox\" name=\"acceptance-897\" value=\"1\" aria-invalid=\"false\" \/><span class=\"wpcf7-list-item-label\">Wenn Sie auf die Schaltfl\u00e4che \"Senden\" klicken, erkl\u00e4ren Sie sich mit der <a href=\"http:\/\/bedrocan.com\/de\/kontakt\/datenschutzrichtlinie\/\" target=\"_blank\" >Datenschutzrichtlinie<\/span><\/label><\/span><\/span><\/span> von Bedrocan einverstanden.\n<\/p>\n<p><input class=\"wpcf7-form-control wpcf7-submit has-spinner\" type=\"submit\" value=\"Senden\" \/>\n<\/p>\n<p><span style=\"color:#a00;\">* Pflichtangabe<\/span>\n<\/p><p style=\"display: none !important;\" class=\"akismet-fields-container\" data-prefix=\"_wpcf7_ak_\"><label>&#916;<textarea name=\"_wpcf7_ak_hp_textarea\" cols=\"45\" rows=\"8\" maxlength=\"100\"><\/textarea><\/label><input type=\"hidden\" id=\"ak_js_1\" name=\"_wpcf7_ak_js\" value=\"161\"\/><script>document.getElementById( \"ak_js_1\" ).setAttribute( \"value\", ( new Date() ).getTime() );<\/script><\/p><div class=\"wpcf7-response-output\" aria-hidden=\"true\"><\/div>\n<\/form>\n<\/div>\n[mk_padding_divider][\/vc_column][\/vc_row][vc_row css=&#8221;.vc_custom_1758549874479{padding-top: 10px !important;padding-right: 10px !important;padding-bottom: 10px !important;padding-left: 10px !important;background-color: #F9F9F9 !important;border-color: #F9F9F9 !important;}&#8221;][vc_column][mk_padding_divider][vc_column_text css=&#8221;.vc_custom_1758549681608{margin-bottom: 0px !important;}&#8221;]\n<h3 style=\"text-align: center;\"><strong>Hinweis f\u00fcr Patienten<\/strong><\/h3>\n<p>Sie k\u00f6nnen auf dieser Website keine medizinischen Cannabis- oder Cannabis\u00f6l-Produkte bestellen, ebenso wenig liefern wir Produkte direkt an Patienten.<\/p>\n<p>Alle Cannabiserzeugnisse aus dem Hause Bedrocan sind ausschlie\u00dflich auf \u00e4rztliche Verordnung erh\u00e4ltlich.<\/p>\n<p>Ihr Hausarzt oder ein behandelnder Facharzt kann und darf Ihnen medizinisches Cannabis von Bedrocan verschreiben. Unter der Voraussetzung, dass die jeweilige Regierungsbeh\u00f6rde Ihres Landes medizinisches Cannabis freigibt, k\u00f6nnen Sie Ihr Rezept anschliessend in einer Apotheke einl\u00f6sen.[\/vc_column_text][mk_padding_divider][\/vc_column][\/vc_row][vc_row][vc_column][mk_padding_divider][\/vc_column][\/vc_row]\n<\/div>","protected":false},"excerpt":{"rendered":"<p>[mk_page_section bg_image=&#8221;http:\/\/bedrocan.com\/wp-content\/uploads\/ordering-computer-medicinal-cannabis-by-bedrocan-1280&#215;300.png&#8221; bg_position=&#8221;center center&#8221; bg_repeat=&#8221;no-repeat&#8221; bg_stretch=&#8221;true&#8221; min_height=&#8221;300&#8243; full_width=&#8221;true&#8221; top_shape_color=&#8221;#ffffff&#8221; bottom_shape_color=&#8221;#ffffff&#8221; visibility=&#8221;hidden-sm&#8221; sidebar=&#8221;sidebar-1&#8243;][vc_column][\/vc_column][\/mk_page_section][vc_row][vc_column][vc_empty_space height=&#8221;45px&#8221;][vc_column_text css=&#8221;.vc_custom_1749215940431{margin-bottom: 0px !important;}&#8221;] Bestellvorgang f\u00fcr medizinisches Cannabis [\/vc_column_text][vc_separator color=&#8221;custom&#8221; align=&#8221;align_left&#8221; border_width=&#8221;5&#8243; el_width=&#8221;10&#8243; css=&#8221;.vc_custom_1468403515259{margin-top: -10px !important;margin-bottom: 10px !important;}&#8221; accent_color=&#8221;#008752&#8243;][\/vc_column][\/vc_row][vc_row][vc_column][mk_padding_divider][vc_column_text css=&#8221;.vc_custom_1774542969280{margin-bottom: 0px !important;}&#8221;]F\u00fcr die Bestellvorgang f\u00fcr medizinisches\u00a0Cannabis gibt es verschiedene Kan\u00e4le. Apotheker oder Apothekerin? Sie sind Apotheker oder Apothekerin aus Deutschland und m\u00f6chten medizinisches [&hellip;]<\/p>\n","protected":false},"author":3,"featured_media":43358,"parent":8453,"menu_order":5,"comment_status":"closed","ping_status":"closed","template":"","meta":{"footnotes":""},"class_list":["post-8781","page","type-page","status-publish","has-post-thumbnail","hentry"],"yoast_head":"<!-- This site is optimized with the Yoast SEO plugin v27.4 - https:\/\/yoast.com\/product\/yoast-seo-wordpress\/ -->\n<title>Bestellvorgang Cannabis - bestellen, importieren und versenden<\/title>\n<meta name=\"description\" content=\"Hier finden Sie Informationen zum Bestellvorgang von medizinischem Cannabis f\u00fcr H\u00e4ndler und Pharmaunternehmen.\" \/>\n<meta name=\"robots\" content=\"index, follow, max-snippet:-1, max-image-preview:large, max-video-preview:-1\" \/>\n<link rel=\"canonical\" href=\"https:\/\/bedrocan.com\/de\/cannabis-produkte\/bestellvorgang-fuer-medizinales-cannabis\/\" \/>\n<meta property=\"og:locale\" content=\"de_DE\" \/>\n<meta property=\"og:type\" content=\"article\" \/>\n<meta property=\"og:title\" content=\"Bestellvorgang Cannabis - bestellen, importieren und versenden\" \/>\n<meta property=\"og:description\" content=\"Hier finden Sie Informationen zum Bestellvorgang von medizinischem Cannabis f\u00fcr H\u00e4ndler und Pharmaunternehmen.\" \/>\n<meta property=\"og:url\" content=\"https:\/\/bedrocan.com\/de\/cannabis-produkte\/bestellvorgang-fuer-medizinales-cannabis\/\" \/>\n<meta property=\"og:site_name\" content=\"Bedrocan - standardised medicinal cannabis\" \/>\n<meta property=\"article:publisher\" content=\"https:\/\/www.facebook.com\/Bedrocan\" \/>\n<meta property=\"article:modified_time\" content=\"2026-03-26T16:42:28+00:00\" \/>\n<meta property=\"og:image\" content=\"https:\/\/bedrocan.com\/wp-content\/uploads\/cannabis-flos_lr-23.jpg\" \/>\n\t<meta property=\"og:image:width\" content=\"1350\" \/>\n\t<meta property=\"og:image:height\" content=\"900\" \/>\n\t<meta property=\"og:image:type\" content=\"image\/jpeg\" \/>\n<meta name=\"twitter:card\" content=\"summary_large_image\" \/>\n<meta name=\"twitter:label1\" content=\"Gesch\u00e4tzte Lesezeit\" \/>\n\t<meta name=\"twitter:data1\" content=\"2\u00a0Minuten\" \/>\n<script type=\"application\/ld+json\" class=\"yoast-schema-graph\">{\"@context\":\"https:\\\/\\\/schema.org\",\"@graph\":[{\"@type\":\"WebPage\",\"@id\":\"https:\\\/\\\/bedrocan.com\\\/de\\\/cannabis-produkte\\\/bestellvorgang-fuer-medizinales-cannabis\\\/\",\"url\":\"https:\\\/\\\/bedrocan.com\\\/de\\\/cannabis-produkte\\\/bestellvorgang-fuer-medizinales-cannabis\\\/\",\"name\":\"Bestellvorgang Cannabis - bestellen, importieren und versenden\",\"isPartOf\":{\"@id\":\"https:\\\/\\\/bedrocan.com\\\/de\\\/#website\"},\"primaryImageOfPage\":{\"@id\":\"https:\\\/\\\/bedrocan.com\\\/de\\\/cannabis-produkte\\\/bestellvorgang-fuer-medizinales-cannabis\\\/#primaryimage\"},\"image\":{\"@id\":\"https:\\\/\\\/bedrocan.com\\\/de\\\/cannabis-produkte\\\/bestellvorgang-fuer-medizinales-cannabis\\\/#primaryimage\"},\"thumbnailUrl\":\"https:\\\/\\\/bedrocan.com\\\/wp-content\\\/uploads\\\/cannabis-flos_lr-23.jpg\",\"datePublished\":\"2026-03-26T14:01:58+00:00\",\"dateModified\":\"2026-03-26T16:42:28+00:00\",\"description\":\"Hier finden Sie Informationen zum Bestellvorgang von medizinischem Cannabis f\u00fcr H\u00e4ndler und Pharmaunternehmen.\",\"breadcrumb\":{\"@id\":\"https:\\\/\\\/bedrocan.com\\\/de\\\/cannabis-produkte\\\/bestellvorgang-fuer-medizinales-cannabis\\\/#breadcrumb\"},\"inLanguage\":\"de\",\"potentialAction\":[{\"@type\":\"ReadAction\",\"target\":[\"https:\\\/\\\/bedrocan.com\\\/de\\\/cannabis-produkte\\\/bestellvorgang-fuer-medizinales-cannabis\\\/\"]}]},{\"@type\":\"ImageObject\",\"inLanguage\":\"de\",\"@id\":\"https:\\\/\\\/bedrocan.com\\\/de\\\/cannabis-produkte\\\/bestellvorgang-fuer-medizinales-cannabis\\\/#primaryimage\",\"url\":\"https:\\\/\\\/bedrocan.com\\\/wp-content\\\/uploads\\\/cannabis-flos_lr-23.jpg\",\"contentUrl\":\"https:\\\/\\\/bedrocan.com\\\/wp-content\\\/uploads\\\/cannabis-flos_lr-23.jpg\",\"width\":1350,\"height\":900,\"caption\":\"Bestelvorgang Cannabis - importieren bestellen\"},{\"@type\":\"BreadcrumbList\",\"@id\":\"https:\\\/\\\/bedrocan.com\\\/de\\\/cannabis-produkte\\\/bestellvorgang-fuer-medizinales-cannabis\\\/#breadcrumb\",\"itemListElement\":[{\"@type\":\"ListItem\",\"position\":1,\"name\":\"Home\",\"item\":\"https:\\\/\\\/bedrocan.com\\\/de\\\/\"},{\"@type\":\"ListItem\",\"position\":2,\"name\":\"Produkte\",\"item\":\"https:\\\/\\\/bedrocan.com\\\/de\\\/cannabis-produkte\\\/\"},{\"@type\":\"ListItem\",\"position\":3,\"name\":\"Cannabis bestellen\"}]},{\"@type\":\"WebSite\",\"@id\":\"https:\\\/\\\/bedrocan.com\\\/de\\\/#website\",\"url\":\"https:\\\/\\\/bedrocan.com\\\/de\\\/\",\"name\":\"Bedrocan\",\"description\":\"medicinal cannabis\",\"publisher\":{\"@id\":\"https:\\\/\\\/bedrocan.com\\\/de\\\/#organization\"},\"potentialAction\":[{\"@type\":\"SearchAction\",\"target\":{\"@type\":\"EntryPoint\",\"urlTemplate\":\"https:\\\/\\\/bedrocan.com\\\/de\\\/?s={search_term_string}\"},\"query-input\":{\"@type\":\"PropertyValueSpecification\",\"valueRequired\":true,\"valueName\":\"search_term_string\"}}],\"inLanguage\":\"de\"},{\"@type\":\"Organization\",\"@id\":\"https:\\\/\\\/bedrocan.com\\\/de\\\/#organization\",\"name\":\"Bedrocan\",\"url\":\"https:\\\/\\\/bedrocan.com\\\/de\\\/\",\"logo\":{\"@type\":\"ImageObject\",\"inLanguage\":\"de\",\"@id\":\"https:\\\/\\\/bedrocan.com\\\/de\\\/#\\\/schema\\\/logo\\\/image\\\/\",\"url\":\"https:\\\/\\\/bedrocan.com\\\/wp-content\\\/uploads\\\/logo-bedrocan-mail.png\",\"contentUrl\":\"https:\\\/\\\/bedrocan.com\\\/wp-content\\\/uploads\\\/logo-bedrocan-mail.png\",\"width\":185,\"height\":31,\"caption\":\"Bedrocan\"},\"image\":{\"@id\":\"https:\\\/\\\/bedrocan.com\\\/de\\\/#\\\/schema\\\/logo\\\/image\\\/\"},\"sameAs\":[\"https:\\\/\\\/www.facebook.com\\\/Bedrocan\",\"https:\\\/\\\/www.linkedin.com\\\/company\\\/bedrocan\\\/\",\"https:\\\/\\\/www.instagram.com\\\/bedrocan_international\\\/\"]}]}<\/script>\n<!-- \/ Yoast SEO plugin. -->","yoast_head_json":{"title":"Bestellvorgang Cannabis - bestellen, importieren und versenden","description":"Hier finden Sie Informationen zum Bestellvorgang von medizinischem Cannabis f\u00fcr H\u00e4ndler und Pharmaunternehmen.","robots":{"index":"index","follow":"follow","max-snippet":"max-snippet:-1","max-image-preview":"max-image-preview:large","max-video-preview":"max-video-preview:-1"},"canonical":"https:\/\/bedrocan.com\/de\/cannabis-produkte\/bestellvorgang-fuer-medizinales-cannabis\/","og_locale":"de_DE","og_type":"article","og_title":"Bestellvorgang Cannabis - bestellen, importieren und versenden","og_description":"Hier finden Sie Informationen zum Bestellvorgang von medizinischem Cannabis f\u00fcr H\u00e4ndler und Pharmaunternehmen.","og_url":"https:\/\/bedrocan.com\/de\/cannabis-produkte\/bestellvorgang-fuer-medizinales-cannabis\/","og_site_name":"Bedrocan - standardised medicinal cannabis","article_publisher":"https:\/\/www.facebook.com\/Bedrocan","article_modified_time":"2026-03-26T16:42:28+00:00","og_image":[{"width":1350,"height":900,"url":"https:\/\/bedrocan.com\/wp-content\/uploads\/cannabis-flos_lr-23.jpg","type":"image\/jpeg"}],"twitter_card":"summary_large_image","twitter_misc":{"Gesch\u00e4tzte Lesezeit":"2\u00a0Minuten"},"schema":{"@context":"https:\/\/schema.org","@graph":[{"@type":"WebPage","@id":"https:\/\/bedrocan.com\/de\/cannabis-produkte\/bestellvorgang-fuer-medizinales-cannabis\/","url":"https:\/\/bedrocan.com\/de\/cannabis-produkte\/bestellvorgang-fuer-medizinales-cannabis\/","name":"Bestellvorgang Cannabis - bestellen, importieren und versenden","isPartOf":{"@id":"https:\/\/bedrocan.com\/de\/#website"},"primaryImageOfPage":{"@id":"https:\/\/bedrocan.com\/de\/cannabis-produkte\/bestellvorgang-fuer-medizinales-cannabis\/#primaryimage"},"image":{"@id":"https:\/\/bedrocan.com\/de\/cannabis-produkte\/bestellvorgang-fuer-medizinales-cannabis\/#primaryimage"},"thumbnailUrl":"https:\/\/bedrocan.com\/wp-content\/uploads\/cannabis-flos_lr-23.jpg","datePublished":"2026-03-26T14:01:58+00:00","dateModified":"2026-03-26T16:42:28+00:00","description":"Hier finden Sie Informationen zum Bestellvorgang von medizinischem Cannabis f\u00fcr H\u00e4ndler und Pharmaunternehmen.","breadcrumb":{"@id":"https:\/\/bedrocan.com\/de\/cannabis-produkte\/bestellvorgang-fuer-medizinales-cannabis\/#breadcrumb"},"inLanguage":"de","potentialAction":[{"@type":"ReadAction","target":["https:\/\/bedrocan.com\/de\/cannabis-produkte\/bestellvorgang-fuer-medizinales-cannabis\/"]}]},{"@type":"ImageObject","inLanguage":"de","@id":"https:\/\/bedrocan.com\/de\/cannabis-produkte\/bestellvorgang-fuer-medizinales-cannabis\/#primaryimage","url":"https:\/\/bedrocan.com\/wp-content\/uploads\/cannabis-flos_lr-23.jpg","contentUrl":"https:\/\/bedrocan.com\/wp-content\/uploads\/cannabis-flos_lr-23.jpg","width":1350,"height":900,"caption":"Bestelvorgang Cannabis - importieren bestellen"},{"@type":"BreadcrumbList","@id":"https:\/\/bedrocan.com\/de\/cannabis-produkte\/bestellvorgang-fuer-medizinales-cannabis\/#breadcrumb","itemListElement":[{"@type":"ListItem","position":1,"name":"Home","item":"https:\/\/bedrocan.com\/de\/"},{"@type":"ListItem","position":2,"name":"Produkte","item":"https:\/\/bedrocan.com\/de\/cannabis-produkte\/"},{"@type":"ListItem","position":3,"name":"Cannabis bestellen"}]},{"@type":"WebSite","@id":"https:\/\/bedrocan.com\/de\/#website","url":"https:\/\/bedrocan.com\/de\/","name":"Bedrocan","description":"medicinal cannabis","publisher":{"@id":"https:\/\/bedrocan.com\/de\/#organization"},"potentialAction":[{"@type":"SearchAction","target":{"@type":"EntryPoint","urlTemplate":"https:\/\/bedrocan.com\/de\/?s={search_term_string}"},"query-input":{"@type":"PropertyValueSpecification","valueRequired":true,"valueName":"search_term_string"}}],"inLanguage":"de"},{"@type":"Organization","@id":"https:\/\/bedrocan.com\/de\/#organization","name":"Bedrocan","url":"https:\/\/bedrocan.com\/de\/","logo":{"@type":"ImageObject","inLanguage":"de","@id":"https:\/\/bedrocan.com\/de\/#\/schema\/logo\/image\/","url":"https:\/\/bedrocan.com\/wp-content\/uploads\/logo-bedrocan-mail.png","contentUrl":"https:\/\/bedrocan.com\/wp-content\/uploads\/logo-bedrocan-mail.png","width":185,"height":31,"caption":"Bedrocan"},"image":{"@id":"https:\/\/bedrocan.com\/de\/#\/schema\/logo\/image\/"},"sameAs":["https:\/\/www.facebook.com\/Bedrocan","https:\/\/www.linkedin.com\/company\/bedrocan\/","https:\/\/www.instagram.com\/bedrocan_international\/"]}]}},"_links":{"self":[{"href":"https:\/\/bedrocan.com\/de\/wp-json\/wp\/v2\/pages\/8781","targetHints":{"allow":["GET"]}}],"collection":[{"href":"https:\/\/bedrocan.com\/de\/wp-json\/wp\/v2\/pages"}],"about":[{"href":"https:\/\/bedrocan.com\/de\/wp-json\/wp\/v2\/types\/page"}],"author":[{"embeddable":true,"href":"https:\/\/bedrocan.com\/de\/wp-json\/wp\/v2\/users\/3"}],"replies":[{"embeddable":true,"href":"https:\/\/bedrocan.com\/de\/wp-json\/wp\/v2\/comments?post=8781"}],"version-history":[{"count":11,"href":"https:\/\/bedrocan.com\/de\/wp-json\/wp\/v2\/pages\/8781\/revisions"}],"predecessor-version":[{"id":258927,"href":"https:\/\/bedrocan.com\/de\/wp-json\/wp\/v2\/pages\/8781\/revisions\/258927"}],"up":[{"embeddable":true,"href":"https:\/\/bedrocan.com\/de\/wp-json\/wp\/v2\/pages\/8453"}],"wp:featuredmedia":[{"embeddable":true,"href":"https:\/\/bedrocan.com\/de\/wp-json\/wp\/v2\/media\/43358"}],"wp:attachment":[{"href":"https:\/\/bedrocan.com\/de\/wp-json\/wp\/v2\/media?parent=8781"}],"curies":[{"name":"wp","href":"https:\/\/api.w.org\/{rel}","templated":true}]}}