{"id":10218,"date":"2025-12-29T11:40:47","date_gmt":"2025-12-29T10:40:47","guid":{"rendered":"http:\/\/bedrocan.com\/about-us\/"},"modified":"2025-12-29T12:07:22","modified_gmt":"2025-12-29T11:07:22","slug":"acerca-de-nosotros","status":"publish","type":"page","link":"https:\/\/bedrocan.com\/es\/acerca-de-nosotros\/","title":{"rendered":"Acerca de nosotros"},"content":{"rendered":"<div class=\"wpb-content-wrapper\">[mk_page_section bg_image=&#8221;http:\/\/bedrocan.com\/wp-content\/uploads\/about-us_header.jpg&#8221; bg_position=&#8221;center center&#8221; bg_repeat=&#8221;no-repeat&#8221; bg_stretch=&#8221;true&#8221; min_height=&#8221;300&#8243; full_width=&#8221;true&#8221; top_shape_color=&#8221;#ffffff&#8221; bottom_shape_color=&#8221;#ffffff&#8221; visibility=&#8221;hidden-sm&#8221; sidebar=&#8221;sidebar-1&#8243;][vc_column][\/vc_column][\/mk_page_section][vc_row][vc_column][vc_empty_space height=&#8221;45px&#8221;][vc_column_text margin_bottom=&#8221;0&#8243; css=&#8221;.vc_custom_1767004777040{margin-bottom: 0px !important;}&#8221;]\n<h1>Acerca de nosotros<\/h1>\n[\/vc_column_text][vc_separator color=&#8221;custom&#8221; align=&#8221;align_left&#8221; border_width=&#8221;5&#8243; el_width=&#8221;10&#8243; accent_color=&#8221;#008752&#8243;][\/vc_column][\/vc_row][vc_row][vc_column][mk_ornamental_title text_color=&#8221;#097a98&#8243; font_family=&#8221;none&#8221; font_size=&#8221;50&#8243; font_weight=&#8221;bold&#8221; font_style=&#8221;normal&#8221; ornament_style=&#8221;norman-single&#8221; ornament_color=&#8221;#097a98&#8243; ornament_thickness=&#8221;2&#8243; margin_top=&#8221;0&#8243; margin_bottom=&#8221;24&#8243; animation=&#8221;scale-up&#8221;]De la Planta al F\u00e1rmaco[\/mk_ornamental_title][\/vc_column][\/vc_row][vc_row][vc_column][mk_padding_divider size=&#8221;25&#8243;][vc_column_text margin_bottom=&#8221;0&#8243; css=&#8221;.vc_custom_1767005302395{margin-bottom: 0px !important;}&#8221;]Bedrocan produce cannabis para uso medicinal como\u00a0<a href=\"https:\/\/bedrocan.com\/es\/productos-de-cannabis\/principio-activo-y-materias-primas\/\" target=\"_blank\" rel=\"noopener\">principio activo y materia prima<\/a>. En nuestras plantas certificadas por BPF de la UE que se encuentran en los Pa\u00edses Bajos y Dinamarca, producimos distintas\u00a0<a href=\"https:\/\/bedrocan.com\/es\/productos-de-cannabis\/\">quimiovariedades<\/a>\u00a0de cannabis bajo condiciones totalmente estandarizadas. Cada variedad es gen\u00e9ticamente id\u00e9ntica y proporciona un contenido de cannabinoide constante en todo el lote.<\/p>\n<p>Nuestro principio activo de cannabis se utiliza en todo el mundo para:<\/p>\n<ul>\n<li>el desarrollo de formulaciones derivadas de cannabis de nivel farmac\u00e9utico<\/li>\n<li>Programas de <a href=\"https:\/\/bedrocan.com\/es\/profesionales-de-la-salud\/investigaciones-sobre-el-cannabis\/\" target=\"_blank\" rel=\"noopener\">investigaci\u00f3n cl\u00ednica<\/a><\/li>\n<li>Tratamiento de pacientes dentro de los programas regulados y compasivos de cannabis medicinal<\/li>\n<\/ul>\n[\/vc_column_text][mk_padding_divider][\/vc_column][\/vc_row][vc_row][vc_column][mk_padding_divider][vc_separator color=&#8221;custom&#8221; border_width=&#8221;3&#8243; accent_color=&#8221;#008752&#8243;][mk_fancy_title color=&#8221;#097a98&#8243; size=&#8221;32&#8243; line_height=&#8221;100&#8243; font_weight=&#8221;bold&#8221; letter_spacing=&#8221;0&#8243; margin_top=&#8221;0&#8243; margin_bottom=&#8221;20&#8243; font_family=&#8221;HelveticaNeue-Light, Helvetica Neue Light, Helvetica Neue, Helvetica, Arial, &#8220;Lucida Grande&#8220;, sans-serif&#8221; font_type=&#8221;safefont&#8221; align=&#8221;center&#8221;]\n<h2 style=\"text-align: center;\">Nuestra historia<\/h2>\n[\/mk_fancy_title][\/vc_column][\/vc_row][vc_row][vc_column width=&#8221;1\/2&#8243;][vc_column_text][\/vc_column_text][mk_custom_list margin_bottom=&#8221;30&#8243;]\n<ul>\n<li><strong>1984<\/strong> \u2013 Company founded by Tjalling Erkelens &amp; Freerk Bruining; focus on controlled indoor cultivation of vegetables and herbs.<\/li>\n<li><strong>1990s<\/strong> \u2013 Development of standardised, quality-controlled cannabis seeds<\/li>\n<li><strong>2003<\/strong> \u2013 Exclusive supplier to the Dutch Medicinal Cannabis Programme<\/li>\n<li><strong>2007<\/strong> \u2013 International exports begin<\/li>\n<li><strong>2014<\/strong>&#8211; New Dutch A2 facility begins operation.<\/li>\n<li><strong>2017<\/strong> \u2013 Bedrocan awarded Good Manufacturing Practice (GMP); new Dutch A5 facility opened.<\/li>\n<li><strong>2023<\/strong> \u2013 Reacquired Toronto facility, preparing the company&#8217;s return to the Canadian market.<\/li>\n<li><strong>2025<\/strong> \u2013 Opened EU-GMP-certified facility in Denmark.<\/li>\n<\/ul>\n[\/mk_custom_list][mk_padding_divider][\/vc_column][vc_column width=&#8221;1\/2&#8243;][mk_image src=&#8221;http:\/\/bedrocan.com\/wp-content\/uploads\/tjalling-en-freerk-1984-lr.jpg&#8221; image_size=&#8221;large&#8221; desc=&#8221;Founders Tjalling Erkelens en Freerk Bruining &#8211; 1984&#8243;][mk_padding_divider][\/vc_column][\/vc_row][vc_row][vc_column][vc_column_text][\/vc_column_text][vc_separator color=&#8221;custom&#8221; border_width=&#8221;3&#8243; accent_color=&#8221;#008752&#8243;][mk_fancy_title color=&#8221;#007f49&#8243; size=&#8221;32&#8243; line_height=&#8221;100&#8243; letter_spacing=&#8221;0&#8243; margin_top=&#8221;0&#8243; margin_bottom=&#8221;20&#8243; font_family=&#8221;HelveticaNeue-Light, Helvetica Neue Light, Helvetica Neue, Helvetica, Arial, &#8220;Lucida Grande&#8220;, sans-serif&#8221; font_type=&#8221;safefont&#8221; align=&#8221;center&#8221;]\n<h2 style=\"text-align: center;\">Nuestra misi\u00f3n<\/h2>\n[\/mk_fancy_title][vc_column_text margin_bottom=&#8221;0&#8243; css=&#8221;.vc_custom_1767006128170{margin-bottom: 0px !important;}&#8221;]Bedrocan aplica d\u00e9cadas de experiencia en la producci\u00f3n estandarizada de IFAs (principios activos) de cannabis. Operando bajo las normas BPF y rigurosos sistemas de calidad desde el cultivo hasta el envasado, y contribuimos al desarrollo farmac\u00e9utico de formulaciones derivadas del cannabis que brindan a los profesionales sanitarios confianza necesaria para prescribir.<\/p>\n[\/vc_column_text][mk_padding_divider][vc_separator color=&#8221;custom&#8221; border_width=&#8221;3&#8243; accent_color=&#8221;#008752&#8243;][mk_fancy_title color=&#8221;#007f49&#8243; size=&#8221;32&#8243; line_height=&#8221;100&#8243; letter_spacing=&#8221;0&#8243; margin_top=&#8221;0&#8243; margin_bottom=&#8221;20&#8243; font_family=&#8221;HelveticaNeue-Light, Helvetica Neue Light, Helvetica Neue, Helvetica, Arial, &#8220;Lucida Grande&#8220;, sans-serif&#8221; font_type=&#8221;safefont&#8221; align=&#8221;center&#8221;]\n<h2 style=\"text-align: center;\">Nuestra visi\u00f3n<\/h2>\n[\/mk_fancy_title][vc_column_text margin_bottom=&#8221;0&#8243; css=&#8221;.vc_custom_1767006118051{margin-bottom: 0px !important;}&#8221;]\n<p class=\"NormalText\"><span lang=\"ES\">Bedrocan busca el reconocimiento normativo formal de los IFAs de cannabis que apoye la autorizaci\u00f3n de la comercializaci\u00f3n de los medicamentos derivados del cannabis. Bedrocan tambi\u00e9n contribuye a la armonizaci\u00f3n de las normas de calidad mundiales para el cannabis de uso medicinal.<\/span><\/p>\n[\/vc_column_text][mk_padding_divider][\/vc_column][\/vc_row][vc_row][vc_column][vc_column_text][\/vc_column_text][mk_padding_divider][vc_separator color=&#8221;custom&#8221; border_width=&#8221;3&#8243; accent_color=&#8221;#008752&#8243;][mk_fancy_title color=&#8221;#007f49&#8243; size=&#8221;32&#8243; line_height=&#8221;100&#8243; letter_spacing=&#8221;0&#8243; margin_top=&#8221;0&#8243; margin_bottom=&#8221;20&#8243; font_family=&#8221;HelveticaNeue-Light, Helvetica Neue Light, Helvetica Neue, Helvetica, Arial, &#8220;Lucida Grande&#8220;, sans-serif&#8221; font_type=&#8221;safefont&#8221; align=&#8221;center&#8221;]\n<h2 style=\"text-align: center;\">Nuestras instalaciones<\/h2>\n[\/mk_fancy_title][\/vc_column][\/vc_row][vc_row][vc_column width=&#8221;1\/2&#8243;][vc_column_text margin_bottom=&#8221;0&#8243; css=&#8221;.vc_custom_1767006172792{margin-bottom: 0px !important;}&#8221;]\n<h2><strong>Pa\u00edses Bajos<\/strong><\/h2>\n<p class=\"NormalText\"><span lang=\"ES\">Dos plantas con una capacidad total de hasta 7\u00a0500\u00a0kg al a\u00f1o, que representan el suministro del programa de cannabis medicinal neerland\u00e9s desde 2003, as\u00ed como de empresas farmac\u00e9uticas.<\/span><\/p>\n[\/vc_column_text][mk_padding_divider][vc_column_text margin_bottom=&#8221;0&#8243; css=&#8221;.vc_custom_1767006201429{margin-bottom: 0px !important;}&#8221;]\n<h2>Dinamarca<\/h2>\n<p class=\"NormalText\"><span lang=\"ES\">Inaugurada en 2025, nuestra planta certificada seg\u00fan las BPF de la UE produce 2\u00a0300\u00a0kg al a\u00f1o y suministra a distribuidores y empresas farmac\u00e9uticas de todo el mundo.<\/span><\/p>\n[\/vc_column_text][mk_padding_divider][vc_column_text margin_bottom=&#8221;0&#8243; css=&#8221;.vc_custom_1767006215850{margin-bottom: 0px !important;}&#8221;]\n<h3><strong>Canad\u00e1<\/strong><\/h3>\n<p class=\"NormalText\"><span lang=\"ES\">Nuestra planta en Toronto, readquirida en 2023, marca el inicio de un nuevo enfoque operativo para comercializar el cannabis medicinal de calidad farmac\u00e9utica de Bedrocan en el mercado canadiense. <\/span><\/p>\n[\/vc_column_text][mk_padding_divider][\/vc_column][vc_column width=&#8221;1\/2&#8243;][mk_padding_divider][vc_single_image image=&#8221;256749&#8243; img_size=&#8221;500&#215;500&#8243; css=&#8221;&#8221;][mk_padding_divider][\/vc_column][\/vc_row][vc_row][vc_column][mk_padding_divider][mk_padding_divider][\/vc_column][\/vc_row]\n<\/div>","protected":false},"excerpt":{"rendered":"<p>[mk_page_section bg_image=&#8221;http:\/\/bedrocan.com\/wp-content\/uploads\/about-us_header.jpg&#8221; bg_position=&#8221;center center&#8221; bg_repeat=&#8221;no-repeat&#8221; bg_stretch=&#8221;true&#8221; min_height=&#8221;300&#8243; full_width=&#8221;true&#8221; top_shape_color=&#8221;#ffffff&#8221; bottom_shape_color=&#8221;#ffffff&#8221; visibility=&#8221;hidden-sm&#8221; sidebar=&#8221;sidebar-1&#8243;][vc_column][\/vc_column][\/mk_page_section][vc_row][vc_column][vc_empty_space height=&#8221;45px&#8221;][vc_column_text margin_bottom=&#8221;0&#8243; css=&#8221;.vc_custom_1767004777040{margin-bottom: 0px !important;}&#8221;] Acerca de nosotros [\/vc_column_text][vc_separator color=&#8221;custom&#8221; align=&#8221;align_left&#8221; border_width=&#8221;5&#8243; el_width=&#8221;10&#8243; accent_color=&#8221;#008752&#8243;][\/vc_column][\/vc_row][vc_row][vc_column][mk_ornamental_title text_color=&#8221;#097a98&#8243; font_family=&#8221;none&#8221; font_size=&#8221;50&#8243; font_weight=&#8221;bold&#8221; font_style=&#8221;normal&#8221; ornament_style=&#8221;norman-single&#8221; ornament_color=&#8221;#097a98&#8243; ornament_thickness=&#8221;2&#8243; margin_top=&#8221;0&#8243; margin_bottom=&#8221;24&#8243; animation=&#8221;scale-up&#8221;]De la Planta al F\u00e1rmaco[\/mk_ornamental_title][\/vc_column][\/vc_row][vc_row][vc_column][mk_padding_divider size=&#8221;25&#8243;][vc_column_text margin_bottom=&#8221;0&#8243; css=&#8221;.vc_custom_1767005302395{margin-bottom: 0px !important;}&#8221;]Bedrocan produce cannabis para uso medicinal como\u00a0principio activo y materia [&hellip;]<\/p>\n","protected":false},"author":3,"featured_media":128897,"parent":0,"menu_order":59,"comment_status":"closed","ping_status":"closed","template":"","meta":{"footnotes":""},"class_list":["post-10218","page","type-page","status-publish","has-post-thumbnail","hentry"],"yoast_head":"<!-- This site is optimized with the Yoast SEO plugin v27.3 - https:\/\/yoast.com\/product\/yoast-seo-wordpress\/ -->\n<title>Bedrocan Espa\u00f1a - Acerca de nosotros<\/title>\n<meta name=\"description\" content=\"Expertos en producci\u00f3n de cannabis medicinal legal bajo est\u00e1ndares BPF. De la Planta al F\u00e1rmaco: ciencia y calidad al servicio de la salud.\" \/>\n<meta name=\"robots\" content=\"index, follow, max-snippet:-1, max-image-preview:large, max-video-preview:-1\" \/>\n<link rel=\"canonical\" href=\"https:\/\/bedrocan.com\/es\/acerca-de-nosotros\/\" \/>\n<meta property=\"og:locale\" content=\"es_ES\" \/>\n<meta property=\"og:type\" content=\"article\" \/>\n<meta property=\"og:title\" content=\"Bedrocan Espa\u00f1a - Acerca de nosotros\" \/>\n<meta property=\"og:description\" content=\"Expertos en producci\u00f3n de cannabis medicinal legal bajo est\u00e1ndares BPF. De la Planta al F\u00e1rmaco: ciencia y calidad al servicio de la salud.\" \/>\n<meta property=\"og:url\" content=\"https:\/\/bedrocan.com\/es\/acerca-de-nosotros\/\" \/>\n<meta property=\"og:site_name\" content=\"Bedrocan\" \/>\n<meta property=\"article:publisher\" content=\"https:\/\/www.facebook.com\/Bedrocan\" \/>\n<meta property=\"article:modified_time\" content=\"2025-12-29T11:07:22+00:00\" \/>\n<meta property=\"og:image\" content=\"https:\/\/bedrocan.com\/wp-content\/uploads\/verwerking-personeel-emmeloord-bedrocan-31.jpg\" \/>\n\t<meta property=\"og:image:width\" content=\"1024\" \/>\n\t<meta property=\"og:image:height\" content=\"682\" \/>\n\t<meta property=\"og:image:type\" content=\"image\/jpeg\" \/>\n<meta name=\"twitter:card\" content=\"summary_large_image\" \/>\n<meta name=\"twitter:label1\" content=\"Tiempo de lectura\" \/>\n\t<meta name=\"twitter:data1\" content=\"3 minutos\" \/>\n<script type=\"application\/ld+json\" class=\"yoast-schema-graph\">{\"@context\":\"https:\\\/\\\/schema.org\",\"@graph\":[{\"@type\":\"WebPage\",\"@id\":\"https:\\\/\\\/bedrocan.com\\\/es\\\/acerca-de-nosotros\\\/\",\"url\":\"https:\\\/\\\/bedrocan.com\\\/es\\\/acerca-de-nosotros\\\/\",\"name\":\"Bedrocan Espa\u00f1a - Acerca de nosotros\",\"isPartOf\":{\"@id\":\"https:\\\/\\\/bedrocan.com\\\/es\\\/#website\"},\"primaryImageOfPage\":{\"@id\":\"https:\\\/\\\/bedrocan.com\\\/es\\\/acerca-de-nosotros\\\/#primaryimage\"},\"image\":{\"@id\":\"https:\\\/\\\/bedrocan.com\\\/es\\\/acerca-de-nosotros\\\/#primaryimage\"},\"thumbnailUrl\":\"https:\\\/\\\/bedrocan.com\\\/wp-content\\\/uploads\\\/verwerking-personeel-emmeloord-bedrocan-31.jpg\",\"datePublished\":\"2025-12-29T10:40:47+00:00\",\"dateModified\":\"2025-12-29T11:07:22+00:00\",\"description\":\"Expertos en producci\u00f3n de cannabis medicinal legal bajo est\u00e1ndares BPF. De la Planta al F\u00e1rmaco: ciencia y calidad al servicio de la salud.\",\"breadcrumb\":{\"@id\":\"https:\\\/\\\/bedrocan.com\\\/es\\\/acerca-de-nosotros\\\/#breadcrumb\"},\"inLanguage\":\"es\",\"potentialAction\":[{\"@type\":\"ReadAction\",\"target\":[\"https:\\\/\\\/bedrocan.com\\\/es\\\/acerca-de-nosotros\\\/\"]}]},{\"@type\":\"ImageObject\",\"inLanguage\":\"es\",\"@id\":\"https:\\\/\\\/bedrocan.com\\\/es\\\/acerca-de-nosotros\\\/#primaryimage\",\"url\":\"https:\\\/\\\/bedrocan.com\\\/wp-content\\\/uploads\\\/verwerking-personeel-emmeloord-bedrocan-31.jpg\",\"contentUrl\":\"https:\\\/\\\/bedrocan.com\\\/wp-content\\\/uploads\\\/verwerking-personeel-emmeloord-bedrocan-31.jpg\",\"width\":1024,\"height\":682,\"caption\":\"bedrocan Espa\u00f1a\"},{\"@type\":\"BreadcrumbList\",\"@id\":\"https:\\\/\\\/bedrocan.com\\\/es\\\/acerca-de-nosotros\\\/#breadcrumb\",\"itemListElement\":[{\"@type\":\"ListItem\",\"position\":1,\"name\":\"Home\",\"item\":\"https:\\\/\\\/bedrocan.com\\\/es\\\/\"},{\"@type\":\"ListItem\",\"position\":2,\"name\":\"Acerca de nosotros\"}]},{\"@type\":\"WebSite\",\"@id\":\"https:\\\/\\\/bedrocan.com\\\/es\\\/#website\",\"url\":\"https:\\\/\\\/bedrocan.com\\\/es\\\/\",\"name\":\"Bedrocan\",\"description\":\"medicinal cannabis\",\"publisher\":{\"@id\":\"https:\\\/\\\/bedrocan.com\\\/es\\\/#organization\"},\"potentialAction\":[{\"@type\":\"SearchAction\",\"target\":{\"@type\":\"EntryPoint\",\"urlTemplate\":\"https:\\\/\\\/bedrocan.com\\\/es\\\/?s={search_term_string}\"},\"query-input\":{\"@type\":\"PropertyValueSpecification\",\"valueRequired\":true,\"valueName\":\"search_term_string\"}}],\"inLanguage\":\"es\"},{\"@type\":\"Organization\",\"@id\":\"https:\\\/\\\/bedrocan.com\\\/es\\\/#organization\",\"name\":\"Bedrocan\",\"url\":\"https:\\\/\\\/bedrocan.com\\\/es\\\/\",\"logo\":{\"@type\":\"ImageObject\",\"inLanguage\":\"es\",\"@id\":\"https:\\\/\\\/bedrocan.com\\\/es\\\/#\\\/schema\\\/logo\\\/image\\\/\",\"url\":\"https:\\\/\\\/bedrocan.com\\\/wp-content\\\/uploads\\\/logo-bedrocan-mail.png\",\"contentUrl\":\"https:\\\/\\\/bedrocan.com\\\/wp-content\\\/uploads\\\/logo-bedrocan-mail.png\",\"width\":185,\"height\":31,\"caption\":\"Bedrocan\"},\"image\":{\"@id\":\"https:\\\/\\\/bedrocan.com\\\/es\\\/#\\\/schema\\\/logo\\\/image\\\/\"},\"sameAs\":[\"https:\\\/\\\/www.facebook.com\\\/Bedrocan\",\"https:\\\/\\\/www.linkedin.com\\\/company\\\/bedrocan\\\/\",\"https:\\\/\\\/www.instagram.com\\\/bedrocan_international\\\/\"]}]}<\/script>\n<!-- \/ Yoast SEO plugin. -->","yoast_head_json":{"title":"Bedrocan Espa\u00f1a - Acerca de nosotros","description":"Expertos en producci\u00f3n de cannabis medicinal legal bajo est\u00e1ndares BPF. De la Planta al F\u00e1rmaco: ciencia y calidad al servicio de la salud.","robots":{"index":"index","follow":"follow","max-snippet":"max-snippet:-1","max-image-preview":"max-image-preview:large","max-video-preview":"max-video-preview:-1"},"canonical":"https:\/\/bedrocan.com\/es\/acerca-de-nosotros\/","og_locale":"es_ES","og_type":"article","og_title":"Bedrocan Espa\u00f1a - Acerca de nosotros","og_description":"Expertos en producci\u00f3n de cannabis medicinal legal bajo est\u00e1ndares BPF. De la Planta al F\u00e1rmaco: ciencia y calidad al servicio de la salud.","og_url":"https:\/\/bedrocan.com\/es\/acerca-de-nosotros\/","og_site_name":"Bedrocan","article_publisher":"https:\/\/www.facebook.com\/Bedrocan","article_modified_time":"2025-12-29T11:07:22+00:00","og_image":[{"width":1024,"height":682,"url":"https:\/\/bedrocan.com\/wp-content\/uploads\/verwerking-personeel-emmeloord-bedrocan-31.jpg","type":"image\/jpeg"}],"twitter_card":"summary_large_image","twitter_misc":{"Tiempo de lectura":"3 minutos"},"schema":{"@context":"https:\/\/schema.org","@graph":[{"@type":"WebPage","@id":"https:\/\/bedrocan.com\/es\/acerca-de-nosotros\/","url":"https:\/\/bedrocan.com\/es\/acerca-de-nosotros\/","name":"Bedrocan Espa\u00f1a - Acerca de nosotros","isPartOf":{"@id":"https:\/\/bedrocan.com\/es\/#website"},"primaryImageOfPage":{"@id":"https:\/\/bedrocan.com\/es\/acerca-de-nosotros\/#primaryimage"},"image":{"@id":"https:\/\/bedrocan.com\/es\/acerca-de-nosotros\/#primaryimage"},"thumbnailUrl":"https:\/\/bedrocan.com\/wp-content\/uploads\/verwerking-personeel-emmeloord-bedrocan-31.jpg","datePublished":"2025-12-29T10:40:47+00:00","dateModified":"2025-12-29T11:07:22+00:00","description":"Expertos en producci\u00f3n de cannabis medicinal legal bajo est\u00e1ndares BPF. De la Planta al F\u00e1rmaco: ciencia y calidad al servicio de la salud.","breadcrumb":{"@id":"https:\/\/bedrocan.com\/es\/acerca-de-nosotros\/#breadcrumb"},"inLanguage":"es","potentialAction":[{"@type":"ReadAction","target":["https:\/\/bedrocan.com\/es\/acerca-de-nosotros\/"]}]},{"@type":"ImageObject","inLanguage":"es","@id":"https:\/\/bedrocan.com\/es\/acerca-de-nosotros\/#primaryimage","url":"https:\/\/bedrocan.com\/wp-content\/uploads\/verwerking-personeel-emmeloord-bedrocan-31.jpg","contentUrl":"https:\/\/bedrocan.com\/wp-content\/uploads\/verwerking-personeel-emmeloord-bedrocan-31.jpg","width":1024,"height":682,"caption":"bedrocan Espa\u00f1a"},{"@type":"BreadcrumbList","@id":"https:\/\/bedrocan.com\/es\/acerca-de-nosotros\/#breadcrumb","itemListElement":[{"@type":"ListItem","position":1,"name":"Home","item":"https:\/\/bedrocan.com\/es\/"},{"@type":"ListItem","position":2,"name":"Acerca de nosotros"}]},{"@type":"WebSite","@id":"https:\/\/bedrocan.com\/es\/#website","url":"https:\/\/bedrocan.com\/es\/","name":"Bedrocan","description":"medicinal cannabis","publisher":{"@id":"https:\/\/bedrocan.com\/es\/#organization"},"potentialAction":[{"@type":"SearchAction","target":{"@type":"EntryPoint","urlTemplate":"https:\/\/bedrocan.com\/es\/?s={search_term_string}"},"query-input":{"@type":"PropertyValueSpecification","valueRequired":true,"valueName":"search_term_string"}}],"inLanguage":"es"},{"@type":"Organization","@id":"https:\/\/bedrocan.com\/es\/#organization","name":"Bedrocan","url":"https:\/\/bedrocan.com\/es\/","logo":{"@type":"ImageObject","inLanguage":"es","@id":"https:\/\/bedrocan.com\/es\/#\/schema\/logo\/image\/","url":"https:\/\/bedrocan.com\/wp-content\/uploads\/logo-bedrocan-mail.png","contentUrl":"https:\/\/bedrocan.com\/wp-content\/uploads\/logo-bedrocan-mail.png","width":185,"height":31,"caption":"Bedrocan"},"image":{"@id":"https:\/\/bedrocan.com\/es\/#\/schema\/logo\/image\/"},"sameAs":["https:\/\/www.facebook.com\/Bedrocan","https:\/\/www.linkedin.com\/company\/bedrocan\/","https:\/\/www.instagram.com\/bedrocan_international\/"]}]}},"_links":{"self":[{"href":"https:\/\/bedrocan.com\/es\/wp-json\/wp\/v2\/pages\/10218","targetHints":{"allow":["GET"]}}],"collection":[{"href":"https:\/\/bedrocan.com\/es\/wp-json\/wp\/v2\/pages"}],"about":[{"href":"https:\/\/bedrocan.com\/es\/wp-json\/wp\/v2\/types\/page"}],"author":[{"embeddable":true,"href":"https:\/\/bedrocan.com\/es\/wp-json\/wp\/v2\/users\/3"}],"replies":[{"embeddable":true,"href":"https:\/\/bedrocan.com\/es\/wp-json\/wp\/v2\/comments?post=10218"}],"version-history":[{"count":5,"href":"https:\/\/bedrocan.com\/es\/wp-json\/wp\/v2\/pages\/10218\/revisions"}],"predecessor-version":[{"id":257225,"href":"https:\/\/bedrocan.com\/es\/wp-json\/wp\/v2\/pages\/10218\/revisions\/257225"}],"wp:featuredmedia":[{"embeddable":true,"href":"https:\/\/bedrocan.com\/es\/wp-json\/wp\/v2\/media\/128897"}],"wp:attachment":[{"href":"https:\/\/bedrocan.com\/es\/wp-json\/wp\/v2\/media?parent=10218"}],"curies":[{"name":"wp","href":"https:\/\/api.w.org\/{rel}","templated":true}]}}