{"id":10225,"date":"2025-01-29T10:40:47","date_gmt":"2025-01-29T09:40:47","guid":{"rendered":"http:\/\/bedrocan.com\/acerca-de-nosotros\/history\/"},"modified":"2025-06-19T14:37:35","modified_gmt":"2025-06-19T12:37:35","slug":"dosis-cannabis-medicinal","status":"publish","type":"page","link":"https:\/\/bedrocan.com\/es\/profesionales-de-la-salud\/dosis-cannabis-medicinal\/","title":{"rendered":"Dosis cannabis medicinal"},"content":{"rendered":"<div class=\"wpb-content-wrapper\">[mk_page_section bg_image=&#8221;http:\/\/bedrocan.com\/wp-content\/uploads\/bedrocan_aboutus_header-1.jpg&#8221; bg_position=&#8221;center center&#8221; bg_repeat=&#8221;no-repeat&#8221; bg_stretch=&#8221;true&#8221; min_height=&#8221;300&#8243; full_width=&#8221;true&#8221; top_shape_color=&#8221;#ffffff&#8221; bottom_shape_color=&#8221;#ffffff&#8221; visibility=&#8221;hidden-sm&#8221; sidebar=&#8221;sidebar-1&#8243;][vc_column][\/vc_column][\/mk_page_section][vc_row][vc_column][vc_empty_space height=&#8221;45px&#8221;][vc_column_text css=&#8221;.vc_custom_1738156444426{margin-bottom: 0px !important;}&#8221;]\n<h1>Dosis cannabis medicinal<\/h1>\n[\/vc_column_text][vc_separator color=&#8221;custom&#8221; align=&#8221;align_left&#8221; border_width=&#8221;5&#8243; el_width=&#8221;10&#8243; accent_color=&#8221;#008752&#8243;][\/vc_column][\/vc_row][vc_row][vc_column][mk_padding_divider][vc_column_text css=&#8221;.vc_custom_1636113804557{margin-bottom: 0px !important;}&#8221;]La dosis var\u00eda de paciente a paciente. Es importante que la dosis sea titulada (acumulada) lentamente, independientemente del producto que se use. Es importante encontrar la dosis correcta para cada paciente individual para que pueda beneficiarse plenamente de cannabis medicinal. La mayor\u00eda de los <a href=\"https:\/\/bedrocan.com\/es\/profesionales-de-la-salud\/efectos-secundarios-y-riesgos\/\">efectos secundarios<\/a> no deseados del cannabis medicinal se pueden prevenir siguiendo algunas pautas sencillas:<\/p>\n<h3>Dosis baja<\/h3>\n<p>Es mejor tomar varias dosis peque\u00f1as en un d\u00eda que suman para conseguir el resultado necesario, que experimentar con una sola dosis grande;<\/p>\n<h3>Paciencia<\/h3>\n<p>El cannabis puede tener un efecto diferente en cada paciente. Espere a que aparezca el efecto (si existe). Lo mejor es usar la misma (baja) dosis durante varios d\u00edas, y realizar el seguimiento de cualquier efecto que pudiese producirse;<\/p>\n<h3>Incrementar la dosis lentamente<\/h3>\n<p>Pasados unos d\u00edas, el paciente puede aumentar la dosis, pero lentamente. Tendr\u00e1 que esperar unos d\u00edas despu\u00e9s de cada aumento para supervisar el progreso.<\/p>\n<p>Cuando haya pasado de una a dos semanas, el paciente deber\u00e1 poder encontrar su propia dosis personalizada, aquella que le ofrezca los mayores efectos medicinales con unos\u00a0<a href=\"https:\/\/bedrocan.com\/es\/profesionales-de-la-salud\/efectos-secundarios-y-riesgos\/\">efectos secundarios<\/a>\u00a0m\u00ednimos.[\/vc_column_text][\/vc_column][\/vc_row][vc_row][vc_column][mk_padding_divider][vc_column_text css=&#8221;.vc_custom_1738156654685{margin-bottom: 0px !important;}&#8221;]\n<h2>Dosis cannabis medicinal: dosificaci\u00f3n y sobredosis<\/h2>\n<p>Por lo general, la <a href=\"https:\/\/bedrocan.com\/es\/profesionales-de-la-salud\/efectos-secundarios-y-riesgos\/#overdosing\">sobredosis<\/a> se puede evitar preparando un protocolo de tratamiento. Cuando se utilizan dosis excesivas que contienen THC, un paciente podr\u00eda sufrir una intoxicaci\u00f3n. Este estado se suele describir como una euforia leve o que provoca sedaci\u00f3n y somnolencia. A medida que pasa el tiempo, esto cambia y se convierte en una sensaci\u00f3n de estar contento y relajado. Algunas personas podr\u00edan experimentar leves fallos de memoria a corto plazo y un aumento del ritmo card\u00edaco. Otros efectos son la risa descontrolada y los cambios en la conciencia del entorno (colores, sonidos).<\/p>\n<p>En algunos casos, la sobredosis se puede presentar en forma de distorsi\u00f3n de la realidad, ansiedad leve y variaciones del ritmo card\u00edaco y la tensi\u00f3n arterial. En estos casos, la mayor\u00eda de las veces, es suficiente con que los pacientes se sienten o se recuesten en un lugar tranquilo y c\u00f3modo, preferiblemente con alguien conocido con quien puedan hablar.<\/p>\n<p>La sobredosis con dosis muy altas puede dar lugar a un estado psic\u00f3tico u otros problemas psiqui\u00e1tricos, en particular en aquellas personas que presenten una vulnerabilidad gen\u00e9tica preexistente.<\/p>\n<h3>Prevenci\u00f3n del efecto de euforia<\/h3>\n<p>Algunos pacientes experimentan un &#8216;high&#8217; (<a href=\"https:\/\/bedrocan.com\/es\/prevencion-del-efecto-de-euforia\/\">efecto de euforia<\/a>) no deseado. Por lo general, esto se puede prevenir consumiendo dosis m\u00e1s bajas o administrando la dosis lentamente durante un periodo m\u00e1s largo. La probabilidad de experimentar estos efectos es mayor cuando el cannabis medicinal se consume por v\u00eda oral, porque el sistema digestivo libera metabolitos de THC. Estas sustancias qu\u00edmicas son incluso m\u00e1s psicoactivas que el THC. Esta es una de las razones por las que el consumo por v\u00eda oral hace que se presenten problemas con sobredosis.<\/p>\n<p>Al consumir cannabis en forma de t\u00e9 (un l\u00edquido, que es m\u00e1s f\u00e1cil de digerir), esos efectos secundarios se producen con menos frecuencia. Se aconseja a los pacientes susceptibles a la psicosis que utilicen la variedad de cannabis <a href=\"https:\/\/bedrocan.com\/es\/productos-de-cannabis\/\">Bediol<\/a>\u00ae, ya que se ha demostrado que el CBD puede suprimir los efectos psicoactivos del THC.<\/p>\n<p>Consulte tambi\u00e9n el apartado <a href=\"https:\/\/bedrocan.com\/es\/profesionales-de-la-salud\/efectos-secundarios-y-riesgos\/\">Efectos secundarios y riesgos<\/a>.[\/vc_column_text][\/vc_column][\/vc_row][vc_row][vc_column][mk_padding_divider][\/vc_column][\/vc_row]\n<\/div>","protected":false},"excerpt":{"rendered":"<p>[mk_page_section bg_image=&#8221;http:\/\/bedrocan.com\/wp-content\/uploads\/bedrocan_aboutus_header-1.jpg&#8221; bg_position=&#8221;center center&#8221; bg_repeat=&#8221;no-repeat&#8221; bg_stretch=&#8221;true&#8221; min_height=&#8221;300&#8243; full_width=&#8221;true&#8221; top_shape_color=&#8221;#ffffff&#8221; bottom_shape_color=&#8221;#ffffff&#8221; visibility=&#8221;hidden-sm&#8221; sidebar=&#8221;sidebar-1&#8243;][vc_column][\/vc_column][\/mk_page_section][vc_row][vc_column][vc_empty_space height=&#8221;45px&#8221;][vc_column_text css=&#8221;.vc_custom_1738156444426{margin-bottom: 0px !important;}&#8221;] Dosis cannabis medicinal [\/vc_column_text][vc_separator color=&#8221;custom&#8221; align=&#8221;align_left&#8221; border_width=&#8221;5&#8243; el_width=&#8221;10&#8243; accent_color=&#8221;#008752&#8243;][\/vc_column][\/vc_row][vc_row][vc_column][mk_padding_divider][vc_column_text css=&#8221;.vc_custom_1636113804557{margin-bottom: 0px !important;}&#8221;]La dosis var\u00eda de paciente a paciente. Es importante que la dosis sea titulada (acumulada) lentamente, independientemente del producto que se use. Es importante encontrar la dosis correcta [&hellip;]<\/p>\n","protected":false},"author":3,"featured_media":158514,"parent":144212,"menu_order":2,"comment_status":"closed","ping_status":"closed","template":"","meta":{"footnotes":""},"class_list":["post-10225","page","type-page","status-publish","has-post-thumbnail","hentry"],"yoast_head":"<!-- This site is optimized with the Yoast SEO plugin v27.3 - https:\/\/yoast.com\/product\/yoast-seo-wordpress\/ -->\n<title>Dosis cannabis medicinal: dosificaci\u00f3n y sobredosis<\/title>\n<meta name=\"description\" content=\"La dosis cannabis medicinal var\u00eda de paciente a paciente. Es importante que la dosis sea titulada lentamente.\" \/>\n<meta name=\"robots\" content=\"index, follow, max-snippet:-1, max-image-preview:large, max-video-preview:-1\" \/>\n<link rel=\"canonical\" href=\"https:\/\/bedrocan.com\/es\/profesionales-de-la-salud\/dosis-cannabis-medicinal\/\" \/>\n<meta property=\"og:locale\" content=\"es_ES\" \/>\n<meta property=\"og:type\" content=\"article\" \/>\n<meta property=\"og:title\" content=\"Dosis cannabis medicinal: dosificaci\u00f3n y sobredosis\" \/>\n<meta property=\"og:description\" content=\"La dosis cannabis medicinal var\u00eda de paciente a paciente. Es importante que la dosis sea titulada lentamente.\" \/>\n<meta property=\"og:url\" content=\"https:\/\/bedrocan.com\/es\/profesionales-de-la-salud\/dosis-cannabis-medicinal\/\" \/>\n<meta property=\"og:site_name\" content=\"Bedrocan\" \/>\n<meta property=\"article:publisher\" content=\"https:\/\/www.facebook.com\/Bedrocan\" \/>\n<meta property=\"article:modified_time\" content=\"2025-06-19T12:37:35+00:00\" \/>\n<meta property=\"og:image\" content=\"https:\/\/bedrocan.com\/wp-content\/uploads\/bedica-medicinal-cannabis-by-bedrocan-18.png\" \/>\n\t<meta property=\"og:image:width\" content=\"1280\" \/>\n\t<meta property=\"og:image:height\" content=\"852\" \/>\n\t<meta property=\"og:image:type\" content=\"image\/png\" \/>\n<meta name=\"twitter:card\" content=\"summary_large_image\" \/>\n<meta name=\"twitter:label1\" content=\"Tiempo de lectura\" \/>\n\t<meta name=\"twitter:data1\" content=\"3 minutos\" \/>\n<script type=\"application\/ld+json\" class=\"yoast-schema-graph\">{\"@context\":\"https:\\\/\\\/schema.org\",\"@graph\":[{\"@type\":\"WebPage\",\"@id\":\"https:\\\/\\\/bedrocan.com\\\/es\\\/profesionales-de-la-salud\\\/dosis-cannabis-medicinal\\\/\",\"url\":\"https:\\\/\\\/bedrocan.com\\\/es\\\/profesionales-de-la-salud\\\/dosis-cannabis-medicinal\\\/\",\"name\":\"Dosis cannabis medicinal: dosificaci\u00f3n y sobredosis\",\"isPartOf\":{\"@id\":\"https:\\\/\\\/bedrocan.com\\\/es\\\/#website\"},\"primaryImageOfPage\":{\"@id\":\"https:\\\/\\\/bedrocan.com\\\/es\\\/profesionales-de-la-salud\\\/dosis-cannabis-medicinal\\\/#primaryimage\"},\"image\":{\"@id\":\"https:\\\/\\\/bedrocan.com\\\/es\\\/profesionales-de-la-salud\\\/dosis-cannabis-medicinal\\\/#primaryimage\"},\"thumbnailUrl\":\"https:\\\/\\\/bedrocan.com\\\/wp-content\\\/uploads\\\/bedica-medicinal-cannabis-by-bedrocan-18.png\",\"datePublished\":\"2025-01-29T09:40:47+00:00\",\"dateModified\":\"2025-06-19T12:37:35+00:00\",\"description\":\"La dosis cannabis medicinal var\u00eda de paciente a paciente. Es importante que la dosis sea titulada lentamente.\",\"breadcrumb\":{\"@id\":\"https:\\\/\\\/bedrocan.com\\\/es\\\/profesionales-de-la-salud\\\/dosis-cannabis-medicinal\\\/#breadcrumb\"},\"inLanguage\":\"es\",\"potentialAction\":[{\"@type\":\"ReadAction\",\"target\":[\"https:\\\/\\\/bedrocan.com\\\/es\\\/profesionales-de-la-salud\\\/dosis-cannabis-medicinal\\\/\"]}]},{\"@type\":\"ImageObject\",\"inLanguage\":\"es\",\"@id\":\"https:\\\/\\\/bedrocan.com\\\/es\\\/profesionales-de-la-salud\\\/dosis-cannabis-medicinal\\\/#primaryimage\",\"url\":\"https:\\\/\\\/bedrocan.com\\\/wp-content\\\/uploads\\\/bedica-medicinal-cannabis-by-bedrocan-18.png\",\"contentUrl\":\"https:\\\/\\\/bedrocan.com\\\/wp-content\\\/uploads\\\/bedica-medicinal-cannabis-by-bedrocan-18.png\",\"width\":1280,\"height\":852,\"caption\":\"dosis cannabis medicinal\"},{\"@type\":\"BreadcrumbList\",\"@id\":\"https:\\\/\\\/bedrocan.com\\\/es\\\/profesionales-de-la-salud\\\/dosis-cannabis-medicinal\\\/#breadcrumb\",\"itemListElement\":[{\"@type\":\"ListItem\",\"position\":1,\"name\":\"Home\",\"item\":\"https:\\\/\\\/bedrocan.com\\\/es\\\/\"},{\"@type\":\"ListItem\",\"position\":2,\"name\":\"Profesionales de la salud\",\"item\":\"https:\\\/\\\/bedrocan.com\\\/es\\\/profesionales-de-la-salud\\\/\"},{\"@type\":\"ListItem\",\"position\":3,\"name\":\"Dosis cannabis medicinal\"}]},{\"@type\":\"WebSite\",\"@id\":\"https:\\\/\\\/bedrocan.com\\\/es\\\/#website\",\"url\":\"https:\\\/\\\/bedrocan.com\\\/es\\\/\",\"name\":\"Bedrocan\",\"description\":\"medicinal cannabis\",\"publisher\":{\"@id\":\"https:\\\/\\\/bedrocan.com\\\/es\\\/#organization\"},\"potentialAction\":[{\"@type\":\"SearchAction\",\"target\":{\"@type\":\"EntryPoint\",\"urlTemplate\":\"https:\\\/\\\/bedrocan.com\\\/es\\\/?s={search_term_string}\"},\"query-input\":{\"@type\":\"PropertyValueSpecification\",\"valueRequired\":true,\"valueName\":\"search_term_string\"}}],\"inLanguage\":\"es\"},{\"@type\":\"Organization\",\"@id\":\"https:\\\/\\\/bedrocan.com\\\/es\\\/#organization\",\"name\":\"Bedrocan\",\"url\":\"https:\\\/\\\/bedrocan.com\\\/es\\\/\",\"logo\":{\"@type\":\"ImageObject\",\"inLanguage\":\"es\",\"@id\":\"https:\\\/\\\/bedrocan.com\\\/es\\\/#\\\/schema\\\/logo\\\/image\\\/\",\"url\":\"https:\\\/\\\/bedrocan.com\\\/wp-content\\\/uploads\\\/logo-bedrocan-mail.png\",\"contentUrl\":\"https:\\\/\\\/bedrocan.com\\\/wp-content\\\/uploads\\\/logo-bedrocan-mail.png\",\"width\":185,\"height\":31,\"caption\":\"Bedrocan\"},\"image\":{\"@id\":\"https:\\\/\\\/bedrocan.com\\\/es\\\/#\\\/schema\\\/logo\\\/image\\\/\"},\"sameAs\":[\"https:\\\/\\\/www.facebook.com\\\/Bedrocan\",\"https:\\\/\\\/www.linkedin.com\\\/company\\\/bedrocan\\\/\",\"https:\\\/\\\/www.instagram.com\\\/bedrocan_international\\\/\"]}]}<\/script>\n<!-- \/ Yoast SEO plugin. -->","yoast_head_json":{"title":"Dosis cannabis medicinal: dosificaci\u00f3n y sobredosis","description":"La dosis cannabis medicinal var\u00eda de paciente a paciente. Es importante que la dosis sea titulada lentamente.","robots":{"index":"index","follow":"follow","max-snippet":"max-snippet:-1","max-image-preview":"max-image-preview:large","max-video-preview":"max-video-preview:-1"},"canonical":"https:\/\/bedrocan.com\/es\/profesionales-de-la-salud\/dosis-cannabis-medicinal\/","og_locale":"es_ES","og_type":"article","og_title":"Dosis cannabis medicinal: dosificaci\u00f3n y sobredosis","og_description":"La dosis cannabis medicinal var\u00eda de paciente a paciente. Es importante que la dosis sea titulada lentamente.","og_url":"https:\/\/bedrocan.com\/es\/profesionales-de-la-salud\/dosis-cannabis-medicinal\/","og_site_name":"Bedrocan","article_publisher":"https:\/\/www.facebook.com\/Bedrocan","article_modified_time":"2025-06-19T12:37:35+00:00","og_image":[{"width":1280,"height":852,"url":"https:\/\/bedrocan.com\/wp-content\/uploads\/bedica-medicinal-cannabis-by-bedrocan-18.png","type":"image\/png"}],"twitter_card":"summary_large_image","twitter_misc":{"Tiempo de lectura":"3 minutos"},"schema":{"@context":"https:\/\/schema.org","@graph":[{"@type":"WebPage","@id":"https:\/\/bedrocan.com\/es\/profesionales-de-la-salud\/dosis-cannabis-medicinal\/","url":"https:\/\/bedrocan.com\/es\/profesionales-de-la-salud\/dosis-cannabis-medicinal\/","name":"Dosis cannabis medicinal: dosificaci\u00f3n y sobredosis","isPartOf":{"@id":"https:\/\/bedrocan.com\/es\/#website"},"primaryImageOfPage":{"@id":"https:\/\/bedrocan.com\/es\/profesionales-de-la-salud\/dosis-cannabis-medicinal\/#primaryimage"},"image":{"@id":"https:\/\/bedrocan.com\/es\/profesionales-de-la-salud\/dosis-cannabis-medicinal\/#primaryimage"},"thumbnailUrl":"https:\/\/bedrocan.com\/wp-content\/uploads\/bedica-medicinal-cannabis-by-bedrocan-18.png","datePublished":"2025-01-29T09:40:47+00:00","dateModified":"2025-06-19T12:37:35+00:00","description":"La dosis cannabis medicinal var\u00eda de paciente a paciente. Es importante que la dosis sea titulada lentamente.","breadcrumb":{"@id":"https:\/\/bedrocan.com\/es\/profesionales-de-la-salud\/dosis-cannabis-medicinal\/#breadcrumb"},"inLanguage":"es","potentialAction":[{"@type":"ReadAction","target":["https:\/\/bedrocan.com\/es\/profesionales-de-la-salud\/dosis-cannabis-medicinal\/"]}]},{"@type":"ImageObject","inLanguage":"es","@id":"https:\/\/bedrocan.com\/es\/profesionales-de-la-salud\/dosis-cannabis-medicinal\/#primaryimage","url":"https:\/\/bedrocan.com\/wp-content\/uploads\/bedica-medicinal-cannabis-by-bedrocan-18.png","contentUrl":"https:\/\/bedrocan.com\/wp-content\/uploads\/bedica-medicinal-cannabis-by-bedrocan-18.png","width":1280,"height":852,"caption":"dosis cannabis medicinal"},{"@type":"BreadcrumbList","@id":"https:\/\/bedrocan.com\/es\/profesionales-de-la-salud\/dosis-cannabis-medicinal\/#breadcrumb","itemListElement":[{"@type":"ListItem","position":1,"name":"Home","item":"https:\/\/bedrocan.com\/es\/"},{"@type":"ListItem","position":2,"name":"Profesionales de la salud","item":"https:\/\/bedrocan.com\/es\/profesionales-de-la-salud\/"},{"@type":"ListItem","position":3,"name":"Dosis cannabis medicinal"}]},{"@type":"WebSite","@id":"https:\/\/bedrocan.com\/es\/#website","url":"https:\/\/bedrocan.com\/es\/","name":"Bedrocan","description":"medicinal cannabis","publisher":{"@id":"https:\/\/bedrocan.com\/es\/#organization"},"potentialAction":[{"@type":"SearchAction","target":{"@type":"EntryPoint","urlTemplate":"https:\/\/bedrocan.com\/es\/?s={search_term_string}"},"query-input":{"@type":"PropertyValueSpecification","valueRequired":true,"valueName":"search_term_string"}}],"inLanguage":"es"},{"@type":"Organization","@id":"https:\/\/bedrocan.com\/es\/#organization","name":"Bedrocan","url":"https:\/\/bedrocan.com\/es\/","logo":{"@type":"ImageObject","inLanguage":"es","@id":"https:\/\/bedrocan.com\/es\/#\/schema\/logo\/image\/","url":"https:\/\/bedrocan.com\/wp-content\/uploads\/logo-bedrocan-mail.png","contentUrl":"https:\/\/bedrocan.com\/wp-content\/uploads\/logo-bedrocan-mail.png","width":185,"height":31,"caption":"Bedrocan"},"image":{"@id":"https:\/\/bedrocan.com\/es\/#\/schema\/logo\/image\/"},"sameAs":["https:\/\/www.facebook.com\/Bedrocan","https:\/\/www.linkedin.com\/company\/bedrocan\/","https:\/\/www.instagram.com\/bedrocan_international\/"]}]}},"_links":{"self":[{"href":"https:\/\/bedrocan.com\/es\/wp-json\/wp\/v2\/pages\/10225","targetHints":{"allow":["GET"]}}],"collection":[{"href":"https:\/\/bedrocan.com\/es\/wp-json\/wp\/v2\/pages"}],"about":[{"href":"https:\/\/bedrocan.com\/es\/wp-json\/wp\/v2\/types\/page"}],"author":[{"embeddable":true,"href":"https:\/\/bedrocan.com\/es\/wp-json\/wp\/v2\/users\/3"}],"replies":[{"embeddable":true,"href":"https:\/\/bedrocan.com\/es\/wp-json\/wp\/v2\/comments?post=10225"}],"version-history":[{"count":6,"href":"https:\/\/bedrocan.com\/es\/wp-json\/wp\/v2\/pages\/10225\/revisions"}],"predecessor-version":[{"id":203694,"href":"https:\/\/bedrocan.com\/es\/wp-json\/wp\/v2\/pages\/10225\/revisions\/203694"}],"up":[{"embeddable":true,"href":"https:\/\/bedrocan.com\/es\/wp-json\/wp\/v2\/pages\/144212"}],"wp:featuredmedia":[{"embeddable":true,"href":"https:\/\/bedrocan.com\/es\/wp-json\/wp\/v2\/media\/158514"}],"wp:attachment":[{"href":"https:\/\/bedrocan.com\/es\/wp-json\/wp\/v2\/media?parent=10225"}],"curies":[{"name":"wp","href":"https:\/\/api.w.org\/{rel}","templated":true}]}}