{"id":10229,"date":"2022-06-03T10:00:25","date_gmt":"2022-06-03T08:00:25","guid":{"rendered":"http:\/\/bedrocan.com\/acerca-de-nosotros\/our-method\/"},"modified":"2025-06-19T14:41:42","modified_gmt":"2025-06-19T12:41:42","slug":"estandarizacion-nuestro-metodo","status":"publish","type":"page","link":"https:\/\/bedrocan.com\/es\/acerca-de-nosotros\/estandarizacion-nuestro-metodo\/","title":{"rendered":"Nuestro m\u00e9todo"},"content":{"rendered":"<div class=\"wpb-content-wrapper\">[mk_page_section bg_image=&#8221;http:\/\/bedrocan.com\/wp-content\/uploads\/verwerking-personeel-emmeloord-bedrocan-57.jpg&#8221; bg_position=&#8221;center center&#8221; bg_repeat=&#8221;no-repeat&#8221; bg_stretch=&#8221;true&#8221; min_height=&#8221;300&#8243; full_width=&#8221;true&#8221; top_shape_color=&#8221;#ffffff&#8221; bottom_shape_color=&#8221;#ffffff&#8221; visibility=&#8221;hidden-sm&#8221; sidebar=&#8221;sidebar-1&#8243;][vc_column][\/vc_column][\/mk_page_section][vc_row][vc_column][vc_empty_space height=&#8221;45px&#8221;][vc_column_text css=&#8221;.vc_custom_1654245988159{margin-bottom: 0px !important;}&#8221;]\n<h1>Nuestro m\u00e9todo: Estandarizaci\u00f3n<\/h1>\n[\/vc_column_text][vc_separator color=&#8221;custom&#8221; align=&#8221;align_left&#8221; border_width=&#8221;5&#8243; el_width=&#8221;10&#8243; accent_color=&#8221;#008752&#8243;][\/vc_column][\/vc_row][vc_row][vc_column][mk_padding_divider][vc_column_text css=&#8221;.vc_custom_1654245998413{margin-bottom: 0px !important;}&#8221;]\n<h2>Coherencia a trav\u00e9s de la estandarizaci\u00f3n<\/h2>\n<p>Bedrocan es la \u00fanica empresa del mundo que tiene la capacidad probada de producir cannabis en flor estandarizado (flores secas, enteras). A trav\u00e9s de una combinaci\u00f3n de gen\u00e9tica de plantas estable, t\u00e9cnicas de producci\u00f3n automatizadas y alta tecnolog\u00eda, Bedrocan tiene la capacidad de cultivar, de forma constante, variedades que contienen niveles consistentes de cannabinoides.[\/vc_column_text][vc_column_text css=&#8221;.vc_custom_1654246202479{margin-bottom: 0px !important;}&#8221;]Adem\u00e1s, somos el primer y \u00fanico productor <a href=\"https:\/\/bedrocan.com\/es\/profesionales-de-la-salud\/cannabis-medicinal\/\">medicinal de cannabis<\/a> en el mundo en producir cannabis medicinal seg\u00fan las directrices de la Uni\u00f3n Europea sobre las Buenas Pr\u00e1cticas de Fabricaci\u00f3n (BPF). Todo nuestro proceso de producci\u00f3n &#8211; desde el cultivo hasta el embalaje &#8211; est\u00e1 certificado oficialmente.[\/vc_column_text][vc_btn title=&#8221;Certificado de BPF&#8221; link=&#8221;url:http%3A%2F%2Fbedrocan.com%2Fes%2Fbedrocan-se-convierte-en-el-primer-productor-mundial-de-bpf%2F|title:http%3A%2F%2Fbedrocan.com%2Fwp-content%2Fuploads%2Fgmp-certificaat-2021.pdf|target:%20_blank|&#8221;][\/vc_column][\/vc_row][vc_row][vc_column][vc_column_text disable_pattern=&#8221;false&#8221; el_class=&#8221;h2&#8243; css=&#8221;.vc_custom_1654246241750{margin-bottom: 0px !important;}&#8221;]\n<h2>La estandarizaci\u00f3n \u00bfPor qu\u00e9 deber\u00eda interesarle?<\/h2>\n<p>Por un lado, no solo se trata del contenido estable de THC y CBD de un lote a otro. Tambi\u00e9n se trata de equilibrar m\u00e1s de cien componentes activos potenciales, desde los cannabinoides hasta los terpenos.<\/p>\n<p>La estandarizaci\u00f3n es el \u00fanico m\u00e9todo para asegurar que los prescriptores y los pacientes puedan lograr un efecto terap\u00e9utico consistente en el tiempo.<\/p>\n<p>La estandarizaci\u00f3n ayuda a asegurar la composici\u00f3n de la dosificaci\u00f3n, la repetibilidad de la dosis y una mayor capacidad para los pacientes y los prescriptores de ajustar la dosis por titulaci\u00f3n. Esto permite un control adecuado de la eficacia del producto, la seguridad y los posibles efectos secundarios.<\/p>\n<p>La estandarizaci\u00f3n permite comparar los hallazgos de diferentes ensayos cl\u00ednicos y estudios a lo largo del tiempo. Es un factor cr\u00edtico para la construcci\u00f3n de la evidencia que forma la base de la eficacia del cannabis medicinal.[\/vc_column_text][mk_padding_divider size=&#8221;20&#8243;][vc_btn title=&#8221;El primer productor aprobado por BPF en el mundo &gt;&gt;&#8221; link=&#8221;url:http%3A%2F%2Fbedrocan.com%2Fes%2Fbedrocan-se-convierte-en-el-primer-productor-mundial-de-bpf%2F|||&#8221;][\/vc_column][\/vc_row][vc_row][vc_column][mk_padding_divider][vc_column_text]<strong>Sin molienda ni mezcla<\/strong><\/p>\n<p>Se podr\u00eda lograr un nivel de estandarizaci\u00f3n moliendo y mezclando variedades con diferentes contenidos de cannabinoides. Sin embargo, este proceso solo crea niveles iguales de uno o dos compuestos objetivo (normalmente THC y\/o CBD) y no para todo el perfil de cannabinoides y terpenos. En comparaci\u00f3n, el cannabis en flor de Bedrocan tiene un consistente perfil de cannabinoides y terpenos, lo que significa que se produce con el mismo rigor que los medicamentos tradicionales con receta.[\/vc_column_text][mk_padding_divider][vc_separator color=&#8221;custom&#8221; border_width=&#8221;3&#8243; accent_color=&#8221;#008752&#8243;][mk_padding_divider size=&#8221;50&#8243;][\/vc_column][\/vc_row][vc_row][vc_column][vc_column_text css=&#8221;.vc_custom_1654246065604{margin-bottom: 0px !important;}&#8221;]\n<h2>Las instalaciones de producci\u00f3n m\u00e1s avanzadas del mundo<\/h2>\n[\/vc_column_text][vc_column_text]En Bedrocan nos atenemos a las regulaciones nacionales de cada pa\u00eds en el que operamos.<\/p>\n<p>Las instalaciones de producci\u00f3n de Bedrocan incorporan el dise\u00f1o exclusivo, el software y las t\u00e9cnicas de producci\u00f3n estandarizados desarrollados durante d\u00e9cadas de experiencia en cultivo en los Pa\u00edses Bajos.[\/vc_column_text][vc_column_text]Nuestras salas de cultivo en interior utilizan tecnolog\u00edas de control ambiental de vanguardia para controlar todas las variables, incluyendo luz, temperatura, nutrientes y agua. Cada una de estas salas est\u00e1 sellada con puertas especiales para evitar el contacto con contaminantes a\u00e9reos. Nuestro proceso de producci\u00f3n ha sido espec\u00edficamente refinado para cultivar semillas de cannabis en flor estandarizado sin el uso de pesticidas. Adem\u00e1s, nuestras medidas internacionales de aseguramiento de la calidad se logran orgullosamente con est\u00e1ndares de higiene muy altos, requisitos de prueba relevantes y estrictas restricciones de pesticidas y fungicidas.<\/p>\n<p>Cada semana se puede recolectar un lote fresco, 52 semanas al a\u00f1o, siguiendo una planificaci\u00f3n que podemos predecir con a\u00f1os de antelaci\u00f3n.[\/vc_column_text][\/vc_column][\/vc_row][vc_row][vc_column][mk_padding_divider size=&#8221;30&#8243;][vc_separator color=&#8221;custom&#8221; border_width=&#8221;3&#8243; accent_color=&#8221;#008752&#8243;][mk_padding_divider][vc_column_text css=&#8221;.vc_custom_1654246080576{margin-bottom: 0px !important;}&#8221;]\n<h3>Cultivo<\/h3>\n<p>Cada una de nuestras variedades fueron cultivadas para satisfacer las diferentes y cambiantes necesidades de los pacientes que requieren acceso a m\u00faltiples variedades estandarizadas, con diferentes perfiles de cannabinoides y terpenos.<\/p>\n<p>Cada cultivo se origina de una sola semilla. Nuestras plantas se cultivan multiplicando el material vegetal original. Bedrocan utiliza t\u00e9cnicas de propagaci\u00f3n vegetativa patentadas para aportar a nuestros productos una notable estabilidad gen\u00e9tica. Este m\u00e9todo impide la \u201cderiva gen\u00e9tica\u201d, un problema resultante de la propagaci\u00f3n vegetativa repetida de las plantas madre, lo que puede causar grandes cambios y debilidad en la planta a lo largo del tiempo.<\/p>\n<p>Bedrocan se toma muy en serio la ciencia del cultivo de cannabis. Hemos desarrollado procesos exclusivos y patentados que proporcionan una precisi\u00f3n sin precedentes a la producci\u00f3n de cannabis. Durante todo el proceso de crecimiento y procesamiento, nos dedicamos a garantizar que los niveles de cannabinoides (THC, CBD) son constantes y que ning\u00fan microorganismo da\u00f1ino encuentra su camino hacia el producto final. Cada lote se comprueba para confirmar que cumple con los niveles requeridos de componentes esenciales (THC, CBD). Estas pruebas son requeridas por los reguladores gubernamentales y realizadas por laboratorios independientes. Una vez entregado <a href=\"https:\/\/english.cannabisbureau.nl\/doctor-and-pharmacists\/release-certificates\" target=\"_blank\" rel=\"noopener noreferrer\">el certificado de an\u00e1lisis<\/a>, el cannabis medicinal se puede liberar para entregarlo a las farmacias, investigadores y a la industria de todo el mundo.[\/vc_column_text][mk_padding_divider][\/vc_column][\/vc_row][vc_row equal_columns=&#8221;true&#8221;][vc_column width=&#8221;1\/3&#8243;][mk_image src=&#8221;http:\/\/bedrocan.com\/wp-content\/uploads\/bedrocan_motherplant.jpg&#8221;][vc_column_text]<em>Se obtiene un corte<\/em>[\/vc_column_text][\/vc_column][vc_column width=&#8221;1\/3&#8243;][mk_image src=&#8221;http:\/\/bedrocan.com\/wp-content\/uploads\/transplanting-medicinal-cannabis-by-bedrocan.jpg&#8221;][vc_column_text]<em>Las plantas se colocan en lana mineral<\/em>[\/vc_column_text][\/vc_column][vc_column width=&#8221;1\/3&#8243;][mk_image src=&#8221;http:\/\/bedrocan.com\/wp-content\/uploads\/bedrocan_growroom.jpg&#8221;][vc_column_text]<em>La planta se coloca en una sala de cultivo<\/em>[\/vc_column_text][\/vc_column][\/vc_row][vc_row][vc_column][mk_padding_divider][vc_separator color=&#8221;custom&#8221; border_width=&#8221;3&#8243; accent_color=&#8221;#008752&#8243;][mk_padding_divider][vc_column_text css=&#8221;.vc_custom_1654246090855{margin-bottom: 0px !important;}&#8221;]\n<h3>Secado, procesamiento y embalaje<\/h3>\n<p>El secado, el procesamiento y el embalaje se llevan a cabo en un lugar separado y especializado en nuestras instalaciones de cultivo. Despu\u00e9s de secar el cannabis, las flores se preparan. Este proceso de recorte se realiza manualmente, ya que garantiza un control de calidad visual adicional. Este m\u00e9todo tambi\u00e9n protege los tricomas, los brotes finos de la planta de cannabis que contienen los constituyentes activos importantes.[\/vc_column_text][mk_padding_divider][\/vc_column][\/vc_row][vc_row equal_columns=&#8221;true&#8221;][vc_column width=&#8221;1\/3&#8243;][mk_image src=&#8221;http:\/\/bedrocan.com\/wp-content\/uploads\/bedrocan_processing_aboutus.jpg&#8221;][vc_column_text]<em>La planta de cannabis cosechada se seca<\/em>[\/vc_column_text][\/vc_column][vc_column width=&#8221;1\/3&#8243;][mk_image src=&#8221;http:\/\/bedrocan.com\/wp-content\/uploads\/bedrocan_processing_aboutus2.jpg&#8221;][vc_column_text]<em>Se eliminan los tallos y las <\/em><em>hojas<\/em>[\/vc_column_text][\/vc_column][vc_column width=&#8221;1\/3&#8243;][mk_image src=&#8221;http:\/\/bedrocan.com\/wp-content\/uploads\/bedrocan_processing-aboutus3.jpg&#8221;][vc_column_text]<em>El cannabis en flor se embala<\/em>[\/vc_column_text][\/vc_column][\/vc_row][vc_row][vc_column][mk_padding_divider][vc_column_text]Todos los productos est\u00e1n expuestos a radiaci\u00f3n gamma para eliminar microorganismos objetables, como hongos y bacterias. Se ha demostrado que la radiaci\u00f3n gamma no afecta a la calidad del cannabis en flor. Este proceso garantiza que el cannabis en flor sea seguro para la vaporizaci\u00f3n y la inhalaci\u00f3n de pacientes inmunocomprometidos.[\/vc_column_text][vc_btn title=&#8221;La radiaci\u00f3n no afecta al cannabis medicinal &gt;&gt;&#8221; link=&#8221;url:http%3A%2F%2Fbedrocan.com%2Fes%2Fla-radiacion-no-afecta-al-cannabis-medicinal%2F|||&#8221;][mk_padding_divider size=&#8221;30&#8243;][vc_separator color=&#8221;custom&#8221; border_width=&#8221;3&#8243; accent_color=&#8221;#008752&#8243;][mk_padding_divider size=&#8221;30&#8243;][vc_column_text css=&#8221;.vc_custom_1654246105066{margin-bottom: 0px !important;}&#8221;]\n<h3>No contiene pesticidas o metales pesados<\/h3>\n<p>La planta de cannabis puede absorber r\u00e1pidamente metales pesados. Por lo tanto, cada lote se muestrea individualmente y se comprueba la presencia de metales pesados, tal y como se especifica en <a href=\"https:\/\/www.cannabisbureau.nl\/documenten\/2021\/11\/01\/omc-monograph-cannabis-flower-version-8.0-november-01-2021\" target=\"_blank\" rel=\"noopener noreferrer\">la monograf\u00eda holandesa<\/a>. Independientemente de esto, cada lote tambi\u00e9n se prueba para la ausencia de pesticidas, a pesar de que no usamos pesticidas en nuestro proceso de producci\u00f3n, en ning\u00fan momento.[\/vc_column_text][mk_padding_divider][mk_image_slideshow images=&#8221;33291,33285,32676&#8243; image_width=&#8221;950&#8243;][mk_padding_divider][\/vc_column][\/vc_row]\n<\/div>","protected":false},"excerpt":{"rendered":"<p>[mk_page_section bg_image=&#8221;http:\/\/bedrocan.com\/wp-content\/uploads\/verwerking-personeel-emmeloord-bedrocan-57.jpg&#8221; bg_position=&#8221;center center&#8221; bg_repeat=&#8221;no-repeat&#8221; bg_stretch=&#8221;true&#8221; min_height=&#8221;300&#8243; full_width=&#8221;true&#8221; top_shape_color=&#8221;#ffffff&#8221; bottom_shape_color=&#8221;#ffffff&#8221; visibility=&#8221;hidden-sm&#8221; sidebar=&#8221;sidebar-1&#8243;][vc_column][\/vc_column][\/mk_page_section][vc_row][vc_column][vc_empty_space height=&#8221;45px&#8221;][vc_column_text css=&#8221;.vc_custom_1654245988159{margin-bottom: 0px !important;}&#8221;] Nuestro m\u00e9todo: Estandarizaci\u00f3n [\/vc_column_text][vc_separator color=&#8221;custom&#8221; align=&#8221;align_left&#8221; border_width=&#8221;5&#8243; el_width=&#8221;10&#8243; accent_color=&#8221;#008752&#8243;][\/vc_column][\/vc_row][vc_row][vc_column][mk_padding_divider][vc_column_text css=&#8221;.vc_custom_1654245998413{margin-bottom: 0px !important;}&#8221;] Coherencia a trav\u00e9s de la estandarizaci\u00f3n Bedrocan es la \u00fanica empresa del mundo que tiene la capacidad probada de producir cannabis en flor estandarizado (flores secas, enteras). [&hellip;]<\/p>\n","protected":false},"author":3,"featured_media":120148,"parent":10218,"menu_order":2,"comment_status":"closed","ping_status":"closed","template":"","meta":{"footnotes":""},"class_list":["post-10229","page","type-page","status-publish","has-post-thumbnail","hentry"],"yoast_head":"<!-- This site is optimized with the Yoast SEO plugin v27.3 - https:\/\/yoast.com\/product\/yoast-seo-wordpress\/ -->\n<title>Estandarizaci\u00f3n del cannabis medicinal<\/title>\n<meta name=\"description\" content=\"La estandarizaci\u00f3n del cannabis solo es posible mediante una combinaci\u00f3n de gen\u00e9tica vegetal estable y las condiciones de cultivo adecuadas.\" \/>\n<meta name=\"robots\" content=\"index, follow, max-snippet:-1, max-image-preview:large, max-video-preview:-1\" \/>\n<link rel=\"canonical\" href=\"https:\/\/bedrocan.com\/es\/acerca-de-nosotros\/estandarizacion-nuestro-metodo\/\" \/>\n<meta property=\"og:locale\" content=\"es_ES\" \/>\n<meta property=\"og:type\" content=\"article\" \/>\n<meta property=\"og:title\" content=\"Estandarizaci\u00f3n del cannabis medicinal\" \/>\n<meta property=\"og:description\" content=\"La estandarizaci\u00f3n del cannabis solo es posible mediante una combinaci\u00f3n de gen\u00e9tica vegetal estable y las condiciones de cultivo adecuadas.\" \/>\n<meta property=\"og:url\" content=\"https:\/\/bedrocan.com\/es\/acerca-de-nosotros\/estandarizacion-nuestro-metodo\/\" \/>\n<meta property=\"og:site_name\" content=\"Bedrocan\" \/>\n<meta property=\"article:publisher\" content=\"https:\/\/www.facebook.com\/Bedrocan\" \/>\n<meta property=\"article:modified_time\" content=\"2025-06-19T12:41:42+00:00\" \/>\n<meta property=\"og:image\" content=\"https:\/\/bedrocan.com\/wp-content\/uploads\/processing-verwerking-emmeloord-bedrocan-1.jpg\" \/>\n\t<meta property=\"og:image:width\" content=\"1024\" \/>\n\t<meta property=\"og:image:height\" content=\"682\" \/>\n\t<meta property=\"og:image:type\" content=\"image\/jpeg\" \/>\n<meta name=\"twitter:card\" content=\"summary_large_image\" \/>\n<meta name=\"twitter:label1\" content=\"Tiempo de lectura\" \/>\n\t<meta name=\"twitter:data1\" content=\"5 minutos\" \/>\n<script type=\"application\/ld+json\" class=\"yoast-schema-graph\">{\"@context\":\"https:\\\/\\\/schema.org\",\"@graph\":[{\"@type\":\"WebPage\",\"@id\":\"https:\\\/\\\/bedrocan.com\\\/es\\\/acerca-de-nosotros\\\/estandarizacion-nuestro-metodo\\\/\",\"url\":\"https:\\\/\\\/bedrocan.com\\\/es\\\/acerca-de-nosotros\\\/estandarizacion-nuestro-metodo\\\/\",\"name\":\"Estandarizaci\u00f3n del cannabis medicinal\",\"isPartOf\":{\"@id\":\"https:\\\/\\\/bedrocan.com\\\/es\\\/#website\"},\"primaryImageOfPage\":{\"@id\":\"https:\\\/\\\/bedrocan.com\\\/es\\\/acerca-de-nosotros\\\/estandarizacion-nuestro-metodo\\\/#primaryimage\"},\"image\":{\"@id\":\"https:\\\/\\\/bedrocan.com\\\/es\\\/acerca-de-nosotros\\\/estandarizacion-nuestro-metodo\\\/#primaryimage\"},\"thumbnailUrl\":\"https:\\\/\\\/bedrocan.com\\\/wp-content\\\/uploads\\\/processing-verwerking-emmeloord-bedrocan-1.jpg\",\"datePublished\":\"2022-06-03T08:00:25+00:00\",\"dateModified\":\"2025-06-19T12:41:42+00:00\",\"description\":\"La estandarizaci\u00f3n del cannabis solo es posible mediante una combinaci\u00f3n de gen\u00e9tica vegetal estable y las condiciones de cultivo adecuadas.\",\"breadcrumb\":{\"@id\":\"https:\\\/\\\/bedrocan.com\\\/es\\\/acerca-de-nosotros\\\/estandarizacion-nuestro-metodo\\\/#breadcrumb\"},\"inLanguage\":\"es\",\"potentialAction\":[{\"@type\":\"ReadAction\",\"target\":[\"https:\\\/\\\/bedrocan.com\\\/es\\\/acerca-de-nosotros\\\/estandarizacion-nuestro-metodo\\\/\"]}]},{\"@type\":\"ImageObject\",\"inLanguage\":\"es\",\"@id\":\"https:\\\/\\\/bedrocan.com\\\/es\\\/acerca-de-nosotros\\\/estandarizacion-nuestro-metodo\\\/#primaryimage\",\"url\":\"https:\\\/\\\/bedrocan.com\\\/wp-content\\\/uploads\\\/processing-verwerking-emmeloord-bedrocan-1.jpg\",\"contentUrl\":\"https:\\\/\\\/bedrocan.com\\\/wp-content\\\/uploads\\\/processing-verwerking-emmeloord-bedrocan-1.jpg\",\"width\":1024,\"height\":682,\"caption\":\"Estandarizaci\u00f3n - Nuestro m\u00e9todo de procesamiento de cannabis medicinal\"},{\"@type\":\"BreadcrumbList\",\"@id\":\"https:\\\/\\\/bedrocan.com\\\/es\\\/acerca-de-nosotros\\\/estandarizacion-nuestro-metodo\\\/#breadcrumb\",\"itemListElement\":[{\"@type\":\"ListItem\",\"position\":1,\"name\":\"Home\",\"item\":\"https:\\\/\\\/bedrocan.com\\\/es\\\/\"},{\"@type\":\"ListItem\",\"position\":2,\"name\":\"Acerca de nosotros\",\"item\":\"https:\\\/\\\/bedrocan.com\\\/es\\\/acerca-de-nosotros\\\/\"},{\"@type\":\"ListItem\",\"position\":3,\"name\":\"Nuestro m\u00e9todo\"}]},{\"@type\":\"WebSite\",\"@id\":\"https:\\\/\\\/bedrocan.com\\\/es\\\/#website\",\"url\":\"https:\\\/\\\/bedrocan.com\\\/es\\\/\",\"name\":\"Bedrocan\",\"description\":\"medicinal cannabis\",\"publisher\":{\"@id\":\"https:\\\/\\\/bedrocan.com\\\/es\\\/#organization\"},\"potentialAction\":[{\"@type\":\"SearchAction\",\"target\":{\"@type\":\"EntryPoint\",\"urlTemplate\":\"https:\\\/\\\/bedrocan.com\\\/es\\\/?s={search_term_string}\"},\"query-input\":{\"@type\":\"PropertyValueSpecification\",\"valueRequired\":true,\"valueName\":\"search_term_string\"}}],\"inLanguage\":\"es\"},{\"@type\":\"Organization\",\"@id\":\"https:\\\/\\\/bedrocan.com\\\/es\\\/#organization\",\"name\":\"Bedrocan\",\"url\":\"https:\\\/\\\/bedrocan.com\\\/es\\\/\",\"logo\":{\"@type\":\"ImageObject\",\"inLanguage\":\"es\",\"@id\":\"https:\\\/\\\/bedrocan.com\\\/es\\\/#\\\/schema\\\/logo\\\/image\\\/\",\"url\":\"https:\\\/\\\/bedrocan.com\\\/wp-content\\\/uploads\\\/logo-bedrocan-mail.png\",\"contentUrl\":\"https:\\\/\\\/bedrocan.com\\\/wp-content\\\/uploads\\\/logo-bedrocan-mail.png\",\"width\":185,\"height\":31,\"caption\":\"Bedrocan\"},\"image\":{\"@id\":\"https:\\\/\\\/bedrocan.com\\\/es\\\/#\\\/schema\\\/logo\\\/image\\\/\"},\"sameAs\":[\"https:\\\/\\\/www.facebook.com\\\/Bedrocan\",\"https:\\\/\\\/www.linkedin.com\\\/company\\\/bedrocan\\\/\",\"https:\\\/\\\/www.instagram.com\\\/bedrocan_international\\\/\"]}]}<\/script>\n<!-- \/ Yoast SEO plugin. -->","yoast_head_json":{"title":"Estandarizaci\u00f3n del cannabis medicinal","description":"La estandarizaci\u00f3n del cannabis solo es posible mediante una combinaci\u00f3n de gen\u00e9tica vegetal estable y las condiciones de cultivo adecuadas.","robots":{"index":"index","follow":"follow","max-snippet":"max-snippet:-1","max-image-preview":"max-image-preview:large","max-video-preview":"max-video-preview:-1"},"canonical":"https:\/\/bedrocan.com\/es\/acerca-de-nosotros\/estandarizacion-nuestro-metodo\/","og_locale":"es_ES","og_type":"article","og_title":"Estandarizaci\u00f3n del cannabis medicinal","og_description":"La estandarizaci\u00f3n del cannabis solo es posible mediante una combinaci\u00f3n de gen\u00e9tica vegetal estable y las condiciones de cultivo adecuadas.","og_url":"https:\/\/bedrocan.com\/es\/acerca-de-nosotros\/estandarizacion-nuestro-metodo\/","og_site_name":"Bedrocan","article_publisher":"https:\/\/www.facebook.com\/Bedrocan","article_modified_time":"2025-06-19T12:41:42+00:00","og_image":[{"width":1024,"height":682,"url":"https:\/\/bedrocan.com\/wp-content\/uploads\/processing-verwerking-emmeloord-bedrocan-1.jpg","type":"image\/jpeg"}],"twitter_card":"summary_large_image","twitter_misc":{"Tiempo de lectura":"5 minutos"},"schema":{"@context":"https:\/\/schema.org","@graph":[{"@type":"WebPage","@id":"https:\/\/bedrocan.com\/es\/acerca-de-nosotros\/estandarizacion-nuestro-metodo\/","url":"https:\/\/bedrocan.com\/es\/acerca-de-nosotros\/estandarizacion-nuestro-metodo\/","name":"Estandarizaci\u00f3n del cannabis medicinal","isPartOf":{"@id":"https:\/\/bedrocan.com\/es\/#website"},"primaryImageOfPage":{"@id":"https:\/\/bedrocan.com\/es\/acerca-de-nosotros\/estandarizacion-nuestro-metodo\/#primaryimage"},"image":{"@id":"https:\/\/bedrocan.com\/es\/acerca-de-nosotros\/estandarizacion-nuestro-metodo\/#primaryimage"},"thumbnailUrl":"https:\/\/bedrocan.com\/wp-content\/uploads\/processing-verwerking-emmeloord-bedrocan-1.jpg","datePublished":"2022-06-03T08:00:25+00:00","dateModified":"2025-06-19T12:41:42+00:00","description":"La estandarizaci\u00f3n del cannabis solo es posible mediante una combinaci\u00f3n de gen\u00e9tica vegetal estable y las condiciones de cultivo adecuadas.","breadcrumb":{"@id":"https:\/\/bedrocan.com\/es\/acerca-de-nosotros\/estandarizacion-nuestro-metodo\/#breadcrumb"},"inLanguage":"es","potentialAction":[{"@type":"ReadAction","target":["https:\/\/bedrocan.com\/es\/acerca-de-nosotros\/estandarizacion-nuestro-metodo\/"]}]},{"@type":"ImageObject","inLanguage":"es","@id":"https:\/\/bedrocan.com\/es\/acerca-de-nosotros\/estandarizacion-nuestro-metodo\/#primaryimage","url":"https:\/\/bedrocan.com\/wp-content\/uploads\/processing-verwerking-emmeloord-bedrocan-1.jpg","contentUrl":"https:\/\/bedrocan.com\/wp-content\/uploads\/processing-verwerking-emmeloord-bedrocan-1.jpg","width":1024,"height":682,"caption":"Estandarizaci\u00f3n - Nuestro m\u00e9todo de procesamiento de cannabis medicinal"},{"@type":"BreadcrumbList","@id":"https:\/\/bedrocan.com\/es\/acerca-de-nosotros\/estandarizacion-nuestro-metodo\/#breadcrumb","itemListElement":[{"@type":"ListItem","position":1,"name":"Home","item":"https:\/\/bedrocan.com\/es\/"},{"@type":"ListItem","position":2,"name":"Acerca de nosotros","item":"https:\/\/bedrocan.com\/es\/acerca-de-nosotros\/"},{"@type":"ListItem","position":3,"name":"Nuestro m\u00e9todo"}]},{"@type":"WebSite","@id":"https:\/\/bedrocan.com\/es\/#website","url":"https:\/\/bedrocan.com\/es\/","name":"Bedrocan","description":"medicinal cannabis","publisher":{"@id":"https:\/\/bedrocan.com\/es\/#organization"},"potentialAction":[{"@type":"SearchAction","target":{"@type":"EntryPoint","urlTemplate":"https:\/\/bedrocan.com\/es\/?s={search_term_string}"},"query-input":{"@type":"PropertyValueSpecification","valueRequired":true,"valueName":"search_term_string"}}],"inLanguage":"es"},{"@type":"Organization","@id":"https:\/\/bedrocan.com\/es\/#organization","name":"Bedrocan","url":"https:\/\/bedrocan.com\/es\/","logo":{"@type":"ImageObject","inLanguage":"es","@id":"https:\/\/bedrocan.com\/es\/#\/schema\/logo\/image\/","url":"https:\/\/bedrocan.com\/wp-content\/uploads\/logo-bedrocan-mail.png","contentUrl":"https:\/\/bedrocan.com\/wp-content\/uploads\/logo-bedrocan-mail.png","width":185,"height":31,"caption":"Bedrocan"},"image":{"@id":"https:\/\/bedrocan.com\/es\/#\/schema\/logo\/image\/"},"sameAs":["https:\/\/www.facebook.com\/Bedrocan","https:\/\/www.linkedin.com\/company\/bedrocan\/","https:\/\/www.instagram.com\/bedrocan_international\/"]}]}},"_links":{"self":[{"href":"https:\/\/bedrocan.com\/es\/wp-json\/wp\/v2\/pages\/10229","targetHints":{"allow":["GET"]}}],"collection":[{"href":"https:\/\/bedrocan.com\/es\/wp-json\/wp\/v2\/pages"}],"about":[{"href":"https:\/\/bedrocan.com\/es\/wp-json\/wp\/v2\/types\/page"}],"author":[{"embeddable":true,"href":"https:\/\/bedrocan.com\/es\/wp-json\/wp\/v2\/users\/3"}],"replies":[{"embeddable":true,"href":"https:\/\/bedrocan.com\/es\/wp-json\/wp\/v2\/comments?post=10229"}],"version-history":[{"count":5,"href":"https:\/\/bedrocan.com\/es\/wp-json\/wp\/v2\/pages\/10229\/revisions"}],"predecessor-version":[{"id":203727,"href":"https:\/\/bedrocan.com\/es\/wp-json\/wp\/v2\/pages\/10229\/revisions\/203727"}],"up":[{"embeddable":true,"href":"https:\/\/bedrocan.com\/es\/wp-json\/wp\/v2\/pages\/10218"}],"wp:featuredmedia":[{"embeddable":true,"href":"https:\/\/bedrocan.com\/es\/wp-json\/wp\/v2\/media\/120148"}],"wp:attachment":[{"href":"https:\/\/bedrocan.com\/es\/wp-json\/wp\/v2\/media?parent=10229"}],"curies":[{"name":"wp","href":"https:\/\/api.w.org\/{rel}","templated":true}]}}