{"id":10237,"date":"2025-06-06T11:38:03","date_gmt":"2025-06-06T09:38:03","guid":{"rendered":"http:\/\/bedrocan.com\/acerca-de-nosotros\/gmp-certification\/"},"modified":"2025-06-19T15:02:31","modified_gmt":"2025-06-19T13:02:31","slug":"estandares-de-calidad","status":"publish","type":"page","link":"https:\/\/bedrocan.com\/es\/acerca-de-nosotros\/estandares-de-calidad\/","title":{"rendered":"Est\u00e1ndares de calidad"},"content":{"rendered":"<div class=\"wpb-content-wrapper\">[mk_page_section bg_image=&#8221;http:\/\/bedrocan.com\/wp-content\/uploads\/aankleedruimte-verwerking-emmeloord-bedrocan-5.jpg&#8221; bg_position=&#8221;center center&#8221; bg_repeat=&#8221;no-repeat&#8221; bg_stretch=&#8221;true&#8221; min_height=&#8221;300&#8243; full_width=&#8221;true&#8221; top_shape_color=&#8221;#ffffff&#8221; bottom_shape_color=&#8221;#ffffff&#8221; visibility=&#8221;hidden-sm&#8221; sidebar=&#8221;sidebar-1&#8243;][vc_column][\/vc_column][\/mk_page_section][vc_row][vc_column][vc_empty_space height=&#8221;45px&#8221;][vc_column_text css=&#8221;.vc_custom_1698326038670{margin-bottom: 0px !important;}&#8221;]\n<h1><strong>Est\u00e1ndares de calidad<\/strong><\/h1>\n[\/vc_column_text][vc_separator color=&#8221;custom&#8221; align=&#8221;align_left&#8221; border_width=&#8221;5&#8243; el_width=&#8221;10&#8243; accent_color=&#8221;#008752&#8243;][\/vc_column][\/vc_row][vc_row][vc_column][mk_padding_divider][vc_column_text css=&#8221;.vc_custom_1698328203333{margin-bottom: 0px !important;}&#8221;]\n<p class=\"NormalText\"><span lang=\"ES\">En Bedrocan producimos\u00a0<a href=\"https:\/\/bedrocan.com\/es\/contacto\/preguntas-frecuentes\/?faq-item=what-is-medicinal-cannabis-oil\">cannabis medicinal<\/a>\u00a0siguiendo los m\u00e1ximos est\u00e1ndares de calidad. Todo nuestro proceso de producci\u00f3n se somete a un estricto control de calidad. Esto es fundamental para suministrar un producto adecuado para su uso por pacientes y para la investigaci\u00f3n cient\u00edfica.<\/span><\/p>\n<p class=\"NormalText\"><span lang=\"ES\">Para el cultivo, seguimos nuestras Buenas Pr\u00e1cticas de Cultivo de Cannabis Medicinal (GMCCP, por sus siglas en ingl\u00e9s). Desde el secado hasta el embalado, seguimos las Buenas Pr\u00e1cticas de Fabricaci\u00f3n de la UE (BPF), para lo que tambi\u00e9n estamos certificados oficialmente.<\/span><\/p>\n[\/vc_column_text][\/vc_column][\/vc_row][vc_row][vc_column][mk_padding_divider][vc_single_image image=&#8221;139164&#8243; img_size=&#8221;full&#8221;][\/vc_column][\/vc_row][vc_row][vc_column][vc_column_text css=&#8221;.vc_custom_1698326300111{margin-bottom: 0px !important;}&#8221;]\n<h2><strong>GMCCP: Buenas Pr\u00e1cticas de Cultivo de Cannabis Medicinal<\/strong><\/h2>\n<p>Bedrocan va m\u00e1s all\u00e1 de los requisitos de las Buenas Pr\u00e1cticas Agr\u00edcolas y de Recolecci\u00f3n de la Uni\u00f3n Europea (EU-GACP, por sus siglas en ingl\u00e9s) para fabricar productos de calidad farmac\u00e9utica. Actualmente, las EU-GACP son el \u00fanico est\u00e1ndar que exigen las autoridades de regulaci\u00f3n de la UE para el cultivo de cannabis medicinal. Sin embargo, Bedrocan considera que las pautas de las EU-GACP no son suficientes para el cannabis destinado al uso medicinal y cient\u00edfico. Por ello, la empresa\u00a0<a href=\"https:\/\/bedrocan.com\/bedrocan-develops-new-practice-for-cannabis-cultivation\/\">ha creado sus propias Buenas Pr\u00e1cticas de Cultivo de Cannabis Medicinal (GMCCP)<\/a>.<\/p>\n<p>Las GMCCP de Bedrocan adoptan muchos de los principios de las GMP y responden a la complejidad del cultivo de la planta de cannabis para uso medicinal y cient\u00edfico. Proporcionan un sistema para gestionar la calidad del cultivo y la producci\u00f3n de la sustancia de partida del principio activo del cannabis en una instalaci\u00f3n interior totalmente controlada. Todas las instalaciones de Bedrocan cumplen rigurosamente las pautas de las GMCCP.[\/vc_column_text][\/vc_column][\/vc_row][vc_row][vc_column][mk_padding_divider][vc_cta h2=&#8221;GMCCP white paper&#8221; txt_align=&#8221;center&#8221; add_button=&#8221;bottom&#8221; btn_title=&#8221;Descarregar&#8221; btn_align=&#8221;center&#8221; btn_link=&#8221;url:http%3A%2F%2Fbedrocan.com%2Fwp-content%2Fuploads%2Fbedrocan_white-paper-good-medicinal-cannabis-cultivation-practice_july2022.pdf||target:%20_blank|&#8221;][\/vc_cta][mk_padding_divider][\/vc_column][\/vc_row][vc_row][vc_column][vc_column_text css=&#8221;.vc_custom_1709899739398{margin-bottom: 0px !important;}&#8221;]\n<h2><strong>GMP: Buenas Pr\u00e1cticas de Fabricaci\u00f3n<\/strong><\/h2>\n<p>Las Buenas Pr\u00e1cticas de Fabricaci\u00f3n (GMP) son fundamentales para garantizar que los productos m\u00e9dicos se fabrican y controlan sistem\u00e1ticamente de acuerdo con los niveles de calidad definidos.\u00a0<a href=\"https:\/\/bedrocan.com\/es\/bedrocan-se-convierte-en-el-primer-productor-mundial-de-bpf\/\" target=\"_blank\" rel=\"noopener\">Bedrocan fue la primera empresa de cannabis del mundo que obtuvo una certificaci\u00f3n de BPF<\/a>. Nuestro proceso de producci\u00f3n con certificaci\u00f3n de BPF incluye lo siguiente:[\/vc_column_text][mk_custom_list margin_bottom=&#8221;32&#8243; align=&#8221;left&#8221;]\n<ul>\n<li>Secado<\/li>\n<li>Procesamiento<\/li>\n<li>Embalaje a granel y etiquetado<\/li>\n<\/ul>\n[\/mk_custom_list][mk_padding_divider][\/vc_column][\/vc_row][vc_row][vc_column][\/vc_column][\/vc_row]\n<\/div>","protected":false},"excerpt":{"rendered":"<p>[mk_page_section bg_image=&#8221;http:\/\/bedrocan.com\/wp-content\/uploads\/aankleedruimte-verwerking-emmeloord-bedrocan-5.jpg&#8221; bg_position=&#8221;center center&#8221; bg_repeat=&#8221;no-repeat&#8221; bg_stretch=&#8221;true&#8221; min_height=&#8221;300&#8243; full_width=&#8221;true&#8221; top_shape_color=&#8221;#ffffff&#8221; bottom_shape_color=&#8221;#ffffff&#8221; visibility=&#8221;hidden-sm&#8221; sidebar=&#8221;sidebar-1&#8243;][vc_column][\/vc_column][\/mk_page_section][vc_row][vc_column][vc_empty_space height=&#8221;45px&#8221;][vc_column_text css=&#8221;.vc_custom_1698326038670{margin-bottom: 0px !important;}&#8221;] Est\u00e1ndares de calidad [\/vc_column_text][vc_separator color=&#8221;custom&#8221; align=&#8221;align_left&#8221; border_width=&#8221;5&#8243; el_width=&#8221;10&#8243; accent_color=&#8221;#008752&#8243;][\/vc_column][\/vc_row][vc_row][vc_column][mk_padding_divider][vc_column_text css=&#8221;.vc_custom_1698328203333{margin-bottom: 0px !important;}&#8221;] En Bedrocan producimos\u00a0cannabis medicinal\u00a0siguiendo los m\u00e1ximos est\u00e1ndares de calidad. Todo nuestro proceso de producci\u00f3n se somete a un estricto control de calidad. Esto es fundamental para suministrar [&hellip;]<\/p>\n","protected":false},"author":3,"featured_media":120189,"parent":10218,"menu_order":3,"comment_status":"closed","ping_status":"closed","template":"","meta":{"footnotes":""},"class_list":["post-10237","page","type-page","status-publish","has-post-thumbnail","hentry"],"yoast_head":"<!-- This site is optimized with the Yoast SEO plugin v27.4 - https:\/\/yoast.com\/product\/yoast-seo-wordpress\/ -->\n<title>Bedrocan est\u00e1ndares de calidad<\/title>\n<meta name=\"description\" content=\"En Bedrocan producimos cLos est\u00e1ndares de alta calidad son esenciales para el cannabis destinado a pacientes y en investigaci\u00f3n cient\u00edfica.\" \/>\n<meta name=\"robots\" content=\"index, follow, max-snippet:-1, max-image-preview:large, max-video-preview:-1\" \/>\n<link rel=\"canonical\" href=\"https:\/\/bedrocan.com\/es\/acerca-de-nosotros\/estandares-de-calidad\/\" \/>\n<meta property=\"og:locale\" content=\"es_ES\" \/>\n<meta property=\"og:type\" content=\"article\" \/>\n<meta property=\"og:title\" content=\"Bedrocan est\u00e1ndares de calidad\" \/>\n<meta property=\"og:description\" content=\"En Bedrocan producimos cLos est\u00e1ndares de alta calidad son esenciales para el cannabis destinado a pacientes y en investigaci\u00f3n cient\u00edfica.\" \/>\n<meta property=\"og:url\" content=\"https:\/\/bedrocan.com\/es\/acerca-de-nosotros\/estandares-de-calidad\/\" \/>\n<meta property=\"og:site_name\" content=\"Bedrocan\" \/>\n<meta property=\"article:publisher\" content=\"https:\/\/www.facebook.com\/Bedrocan\" \/>\n<meta property=\"article:modified_time\" content=\"2025-06-19T13:02:31+00:00\" \/>\n<meta property=\"og:image\" content=\"https:\/\/bedrocan.com\/wp-content\/uploads\/aankleedruimte-verwerking-emmeloord-bedrocan-5.jpg\" \/>\n\t<meta property=\"og:image:width\" content=\"1280\" \/>\n\t<meta property=\"og:image:height\" content=\"300\" \/>\n\t<meta property=\"og:image:type\" content=\"image\/jpeg\" \/>\n<meta name=\"twitter:card\" content=\"summary_large_image\" \/>\n<meta name=\"twitter:label1\" content=\"Tiempo de lectura\" \/>\n\t<meta name=\"twitter:data1\" content=\"2 minutos\" \/>\n<script type=\"application\/ld+json\" class=\"yoast-schema-graph\">{\"@context\":\"https:\\\/\\\/schema.org\",\"@graph\":[{\"@type\":\"WebPage\",\"@id\":\"https:\\\/\\\/bedrocan.com\\\/es\\\/acerca-de-nosotros\\\/estandares-de-calidad\\\/\",\"url\":\"https:\\\/\\\/bedrocan.com\\\/es\\\/acerca-de-nosotros\\\/estandares-de-calidad\\\/\",\"name\":\"Bedrocan est\u00e1ndares de calidad\",\"isPartOf\":{\"@id\":\"https:\\\/\\\/bedrocan.com\\\/es\\\/#website\"},\"primaryImageOfPage\":{\"@id\":\"https:\\\/\\\/bedrocan.com\\\/es\\\/acerca-de-nosotros\\\/estandares-de-calidad\\\/#primaryimage\"},\"image\":{\"@id\":\"https:\\\/\\\/bedrocan.com\\\/es\\\/acerca-de-nosotros\\\/estandares-de-calidad\\\/#primaryimage\"},\"thumbnailUrl\":\"https:\\\/\\\/bedrocan.com\\\/wp-content\\\/uploads\\\/aankleedruimte-verwerking-emmeloord-bedrocan-5.jpg\",\"datePublished\":\"2025-06-06T09:38:03+00:00\",\"dateModified\":\"2025-06-19T13:02:31+00:00\",\"description\":\"En Bedrocan producimos cLos est\u00e1ndares de alta calidad son esenciales para el cannabis destinado a pacientes y en investigaci\u00f3n cient\u00edfica.\",\"breadcrumb\":{\"@id\":\"https:\\\/\\\/bedrocan.com\\\/es\\\/acerca-de-nosotros\\\/estandares-de-calidad\\\/#breadcrumb\"},\"inLanguage\":\"es\",\"potentialAction\":[{\"@type\":\"ReadAction\",\"target\":[\"https:\\\/\\\/bedrocan.com\\\/es\\\/acerca-de-nosotros\\\/estandares-de-calidad\\\/\"]}]},{\"@type\":\"ImageObject\",\"inLanguage\":\"es\",\"@id\":\"https:\\\/\\\/bedrocan.com\\\/es\\\/acerca-de-nosotros\\\/estandares-de-calidad\\\/#primaryimage\",\"url\":\"https:\\\/\\\/bedrocan.com\\\/wp-content\\\/uploads\\\/aankleedruimte-verwerking-emmeloord-bedrocan-5.jpg\",\"contentUrl\":\"https:\\\/\\\/bedrocan.com\\\/wp-content\\\/uploads\\\/aankleedruimte-verwerking-emmeloord-bedrocan-5.jpg\",\"width\":1280,\"height\":300,\"caption\":\"Certificaci\u00f3n BPF\"},{\"@type\":\"BreadcrumbList\",\"@id\":\"https:\\\/\\\/bedrocan.com\\\/es\\\/acerca-de-nosotros\\\/estandares-de-calidad\\\/#breadcrumb\",\"itemListElement\":[{\"@type\":\"ListItem\",\"position\":1,\"name\":\"Home\",\"item\":\"https:\\\/\\\/bedrocan.com\\\/es\\\/\"},{\"@type\":\"ListItem\",\"position\":2,\"name\":\"Acerca de nosotros\",\"item\":\"https:\\\/\\\/bedrocan.com\\\/es\\\/acerca-de-nosotros\\\/\"},{\"@type\":\"ListItem\",\"position\":3,\"name\":\"Est\u00e1ndares de calidad\"}]},{\"@type\":\"WebSite\",\"@id\":\"https:\\\/\\\/bedrocan.com\\\/es\\\/#website\",\"url\":\"https:\\\/\\\/bedrocan.com\\\/es\\\/\",\"name\":\"Bedrocan\",\"description\":\"medicinal cannabis\",\"publisher\":{\"@id\":\"https:\\\/\\\/bedrocan.com\\\/es\\\/#organization\"},\"potentialAction\":[{\"@type\":\"SearchAction\",\"target\":{\"@type\":\"EntryPoint\",\"urlTemplate\":\"https:\\\/\\\/bedrocan.com\\\/es\\\/?s={search_term_string}\"},\"query-input\":{\"@type\":\"PropertyValueSpecification\",\"valueRequired\":true,\"valueName\":\"search_term_string\"}}],\"inLanguage\":\"es\"},{\"@type\":\"Organization\",\"@id\":\"https:\\\/\\\/bedrocan.com\\\/es\\\/#organization\",\"name\":\"Bedrocan\",\"url\":\"https:\\\/\\\/bedrocan.com\\\/es\\\/\",\"logo\":{\"@type\":\"ImageObject\",\"inLanguage\":\"es\",\"@id\":\"https:\\\/\\\/bedrocan.com\\\/es\\\/#\\\/schema\\\/logo\\\/image\\\/\",\"url\":\"https:\\\/\\\/bedrocan.com\\\/wp-content\\\/uploads\\\/logo-bedrocan-mail.png\",\"contentUrl\":\"https:\\\/\\\/bedrocan.com\\\/wp-content\\\/uploads\\\/logo-bedrocan-mail.png\",\"width\":185,\"height\":31,\"caption\":\"Bedrocan\"},\"image\":{\"@id\":\"https:\\\/\\\/bedrocan.com\\\/es\\\/#\\\/schema\\\/logo\\\/image\\\/\"},\"sameAs\":[\"https:\\\/\\\/www.facebook.com\\\/Bedrocan\",\"https:\\\/\\\/www.linkedin.com\\\/company\\\/bedrocan\\\/\",\"https:\\\/\\\/www.instagram.com\\\/bedrocan_international\\\/\"]}]}<\/script>\n<!-- \/ Yoast SEO plugin. -->","yoast_head_json":{"title":"Bedrocan est\u00e1ndares de calidad","description":"En Bedrocan producimos cLos est\u00e1ndares de alta calidad son esenciales para el cannabis destinado a pacientes y en investigaci\u00f3n cient\u00edfica.","robots":{"index":"index","follow":"follow","max-snippet":"max-snippet:-1","max-image-preview":"max-image-preview:large","max-video-preview":"max-video-preview:-1"},"canonical":"https:\/\/bedrocan.com\/es\/acerca-de-nosotros\/estandares-de-calidad\/","og_locale":"es_ES","og_type":"article","og_title":"Bedrocan est\u00e1ndares de calidad","og_description":"En Bedrocan producimos cLos est\u00e1ndares de alta calidad son esenciales para el cannabis destinado a pacientes y en investigaci\u00f3n cient\u00edfica.","og_url":"https:\/\/bedrocan.com\/es\/acerca-de-nosotros\/estandares-de-calidad\/","og_site_name":"Bedrocan","article_publisher":"https:\/\/www.facebook.com\/Bedrocan","article_modified_time":"2025-06-19T13:02:31+00:00","og_image":[{"width":1280,"height":300,"url":"https:\/\/bedrocan.com\/wp-content\/uploads\/aankleedruimte-verwerking-emmeloord-bedrocan-5.jpg","type":"image\/jpeg"}],"twitter_card":"summary_large_image","twitter_misc":{"Tiempo de lectura":"2 minutos"},"schema":{"@context":"https:\/\/schema.org","@graph":[{"@type":"WebPage","@id":"https:\/\/bedrocan.com\/es\/acerca-de-nosotros\/estandares-de-calidad\/","url":"https:\/\/bedrocan.com\/es\/acerca-de-nosotros\/estandares-de-calidad\/","name":"Bedrocan est\u00e1ndares de calidad","isPartOf":{"@id":"https:\/\/bedrocan.com\/es\/#website"},"primaryImageOfPage":{"@id":"https:\/\/bedrocan.com\/es\/acerca-de-nosotros\/estandares-de-calidad\/#primaryimage"},"image":{"@id":"https:\/\/bedrocan.com\/es\/acerca-de-nosotros\/estandares-de-calidad\/#primaryimage"},"thumbnailUrl":"https:\/\/bedrocan.com\/wp-content\/uploads\/aankleedruimte-verwerking-emmeloord-bedrocan-5.jpg","datePublished":"2025-06-06T09:38:03+00:00","dateModified":"2025-06-19T13:02:31+00:00","description":"En Bedrocan producimos cLos est\u00e1ndares de alta calidad son esenciales para el cannabis destinado a pacientes y en investigaci\u00f3n cient\u00edfica.","breadcrumb":{"@id":"https:\/\/bedrocan.com\/es\/acerca-de-nosotros\/estandares-de-calidad\/#breadcrumb"},"inLanguage":"es","potentialAction":[{"@type":"ReadAction","target":["https:\/\/bedrocan.com\/es\/acerca-de-nosotros\/estandares-de-calidad\/"]}]},{"@type":"ImageObject","inLanguage":"es","@id":"https:\/\/bedrocan.com\/es\/acerca-de-nosotros\/estandares-de-calidad\/#primaryimage","url":"https:\/\/bedrocan.com\/wp-content\/uploads\/aankleedruimte-verwerking-emmeloord-bedrocan-5.jpg","contentUrl":"https:\/\/bedrocan.com\/wp-content\/uploads\/aankleedruimte-verwerking-emmeloord-bedrocan-5.jpg","width":1280,"height":300,"caption":"Certificaci\u00f3n BPF"},{"@type":"BreadcrumbList","@id":"https:\/\/bedrocan.com\/es\/acerca-de-nosotros\/estandares-de-calidad\/#breadcrumb","itemListElement":[{"@type":"ListItem","position":1,"name":"Home","item":"https:\/\/bedrocan.com\/es\/"},{"@type":"ListItem","position":2,"name":"Acerca de nosotros","item":"https:\/\/bedrocan.com\/es\/acerca-de-nosotros\/"},{"@type":"ListItem","position":3,"name":"Est\u00e1ndares de calidad"}]},{"@type":"WebSite","@id":"https:\/\/bedrocan.com\/es\/#website","url":"https:\/\/bedrocan.com\/es\/","name":"Bedrocan","description":"medicinal cannabis","publisher":{"@id":"https:\/\/bedrocan.com\/es\/#organization"},"potentialAction":[{"@type":"SearchAction","target":{"@type":"EntryPoint","urlTemplate":"https:\/\/bedrocan.com\/es\/?s={search_term_string}"},"query-input":{"@type":"PropertyValueSpecification","valueRequired":true,"valueName":"search_term_string"}}],"inLanguage":"es"},{"@type":"Organization","@id":"https:\/\/bedrocan.com\/es\/#organization","name":"Bedrocan","url":"https:\/\/bedrocan.com\/es\/","logo":{"@type":"ImageObject","inLanguage":"es","@id":"https:\/\/bedrocan.com\/es\/#\/schema\/logo\/image\/","url":"https:\/\/bedrocan.com\/wp-content\/uploads\/logo-bedrocan-mail.png","contentUrl":"https:\/\/bedrocan.com\/wp-content\/uploads\/logo-bedrocan-mail.png","width":185,"height":31,"caption":"Bedrocan"},"image":{"@id":"https:\/\/bedrocan.com\/es\/#\/schema\/logo\/image\/"},"sameAs":["https:\/\/www.facebook.com\/Bedrocan","https:\/\/www.linkedin.com\/company\/bedrocan\/","https:\/\/www.instagram.com\/bedrocan_international\/"]}]}},"_links":{"self":[{"href":"https:\/\/bedrocan.com\/es\/wp-json\/wp\/v2\/pages\/10237","targetHints":{"allow":["GET"]}}],"collection":[{"href":"https:\/\/bedrocan.com\/es\/wp-json\/wp\/v2\/pages"}],"about":[{"href":"https:\/\/bedrocan.com\/es\/wp-json\/wp\/v2\/types\/page"}],"author":[{"embeddable":true,"href":"https:\/\/bedrocan.com\/es\/wp-json\/wp\/v2\/users\/3"}],"replies":[{"embeddable":true,"href":"https:\/\/bedrocan.com\/es\/wp-json\/wp\/v2\/comments?post=10237"}],"version-history":[{"count":6,"href":"https:\/\/bedrocan.com\/es\/wp-json\/wp\/v2\/pages\/10237\/revisions"}],"predecessor-version":[{"id":203890,"href":"https:\/\/bedrocan.com\/es\/wp-json\/wp\/v2\/pages\/10237\/revisions\/203890"}],"up":[{"embeddable":true,"href":"https:\/\/bedrocan.com\/es\/wp-json\/wp\/v2\/pages\/10218"}],"wp:featuredmedia":[{"embeddable":true,"href":"https:\/\/bedrocan.com\/es\/wp-json\/wp\/v2\/media\/120189"}],"wp:attachment":[{"href":"https:\/\/bedrocan.com\/es\/wp-json\/wp\/v2\/media?parent=10237"}],"curies":[{"name":"wp","href":"https:\/\/api.w.org\/{rel}","templated":true}]}}