{"id":10259,"date":"2021-11-02T13:40:47","date_gmt":"2021-11-02T12:40:47","guid":{"rendered":"http:\/\/bedrocan.com\/cannabis-inside\/"},"modified":"2025-06-19T15:36:35","modified_gmt":"2025-06-19T13:36:35","slug":"cannabis-medicinal","status":"publish","type":"page","link":"https:\/\/bedrocan.com\/es\/profesionales-de-la-salud\/cannabis-medicinal\/","title":{"rendered":"Cannabis medicinal"},"content":{"rendered":"<div class=\"wpb-content-wrapper\">[mk_page_section bg_image=&#8221;http:\/\/bedrocan.com\/wp-content\/uploads\/cannabis-inside.jpg&#8221; bg_repeat=&#8221;no-repeat&#8221; bg_stretch=&#8221;true&#8221; min_height=&#8221;300&#8243; full_width=&#8221;true&#8221; top_shape_color=&#8221;#ffffff&#8221; bottom_shape_color=&#8221;#ffffff&#8221; visibility=&#8221;hidden-sm&#8221; sidebar=&#8221;sidebar-1&#8243;][vc_column][\/vc_column][\/mk_page_section][vc_row][vc_column][vc_empty_space height=&#8221;45px&#8221;][vc_column_text css=&#8221;.vc_custom_1617127823087{margin-bottom: 0px !important;}&#8221;]\n<h1>Cannabis medicinal<\/h1>\n[\/vc_column_text][vc_separator color=&#8221;custom&#8221; align=&#8221;align_left&#8221; border_width=&#8221;5&#8243; el_width=&#8221;10&#8243; accent_color=&#8221;#008752&#8243;][\/vc_column][\/vc_row][vc_row][vc_column][mk_padding_divider][vc_column_text css=&#8221;.vc_custom_1636108571793{margin-bottom: 0px !important;}&#8221;]\n<p class=\"NormalText\"><span lang=\"ES\">El uso medicinal del cannabis est\u00e1 evolucionando r\u00e1pidamente en numerosos pa\u00edses. Lo que comenz\u00f3 como un llamamiento de los pacientes para acceder legalmente al cannabis herbario se ha convertido en una industria mundial y en una categor\u00eda de productos terap\u00e9uticos cada vez mayor. \u00bfQu\u00e9 es el cannabis medicinal y para qu\u00e9 se utiliza? \u00bfCu\u00e1les son sus <a href=\"https:\/\/bedrocan.com\/es\/profesionales-de-la-salud\/cannabis-medicinal\/#thc\">ingredientes activos<\/a> y sus <a href=\"https:\/\/bedrocan.com\/es\/profesionales-de-la-salud\/efectos-secundarios-y-riesgos\/\">efectos<\/a>?<\/span><\/p>\n[\/vc_column_text][\/vc_column][\/vc_row][vc_row][vc_column width=&#8221;2\/3&#8243;][mk_padding_divider][vc_column_text css=&#8221;.vc_custom_1636108488430{margin-bottom: 0px !important;}&#8221;]\n<h3>Cannabis medicinal<\/h3>\n<p>El cannabis (tambi\u00e9n llamado marihuana o weed) es una de las plantas medicinales conocidas m\u00e1s antiguas. En casi todos los manuales antiguos sobre fitoterapia se describe com\u00fanmente como una tintura o un t\u00e9. En algunas momias egipcias se han encontrado indicios que apuntan al uso del cannabis como alimento o medicina.<\/p>\n<p class=\"NormalText\"><span lang=\"ES\">El cannabis medicinal solo se vende en farmacias y tiene que ser recetado por un m\u00e9dico. Este determina el tipo y la dosificaci\u00f3n despu\u00e9s de hablar con el paciente. Tiene <a href=\"https:\/\/bedrocan.com\/es\/profesionales-de-la-salud\/administration-of-cannabis\/\">diversos\u00a0usos<\/a>, de entre los que el m\u00e1s conocido es el alivio del dolor. Bedrocan produce cinco\u00a0<a href=\"https:\/\/bedrocan.com\/es\/productos-de-cannabis\/\">variedades de cannabis<\/a>\u00a0distintas y \u00fanicas en nombre del gobierno de los Pa\u00edses Bajos.<\/span><\/p>\n[\/vc_column_text][\/vc_column][vc_column width=&#8221;1\/3&#8243;][mk_padding_divider][mk_padding_divider][vc_single_image image=&#8221;33302&#8243; img_size=&#8221;full&#8221; alignment=&#8221;center&#8221;][\/vc_column][\/vc_row][vc_row][vc_column][mk_padding_divider][vc_column_text css=&#8221;.vc_custom_1636107058042{margin-bottom: 0px !important;}&#8221;]\n<h3>Tambi\u00e9n lea sobre<\/h3>\n<ul>\n<li><a href=\"https:\/\/bedrocan.com\/es\/profesionales-de-la-salud\/cannabis-medicinal\/#thc\">Cannabinoides<\/a><\/li>\n<li><a href=\"#thc\">THC<\/a><\/li>\n<li><a href=\"#cbd\">CBD<\/a><\/li>\n<li><a href=\"#terpenos\">Terpenos<\/a><\/li>\n<\/ul>\n[\/vc_column_text][\/vc_column][\/vc_row][vc_row][vc_column][mk_padding_divider][vc_column_text css=&#8221;.vc_custom_1636120062530{margin-bottom: 0px !important;}&#8221;]\n<h3>Directrices farmac\u00e9uticas<\/h3>\n<p>El cannabis medicinal solo se considera tratamiento si se ha cultivado de acuerdo con las directrices farmac\u00e9uticas. Estas consisten en normas estrictas mediante las cuales se garantiza que el producto final no contiene metales pesados, pesticidas ni otros contaminantes. Al final de cada cosecha, un laboratorio independiente comprueba que el cannabis medicinal no contenga de estos contaminantes. Adem\u00e1s, la composici\u00f3n del cannabis medicinal es siempre la misma, igual que en los medicamentos normales. No ocurre as\u00ed con el cannabis de cafeter\u00eda o procedente del cultivo (dom\u00e9stico) ilegal. El m\u00e9dico prescriptor y el usuario final nunca saben qu\u00e9 contiene exactamente este cannabis y, por lo tanto, no pueden predecir sus efectos, ni ning\u00fan\u00a0<a href=\"https:\/\/bedrocan.com\/es\/profesionales-de-la-salud\/efectos-secundarios-y-riesgos\/\">efecto secundario<\/a>.[\/vc_column_text][\/vc_column][\/vc_row][vc_row][vc_column][vc_column_text css=&#8221;.vc_custom_1636108860144{margin-bottom: 0px !important;}&#8221;]\n<h2 class=\"pagejump\" style=\"text-align: left;\"><span id=\"cannabinoid\" style=\"z-index: 1;\">Cannabinoides<\/span><\/h2>\n<p>Los cannabinoides son los principales ingredientes activos que producen los efectos terap\u00e9uticos del cannabis. Por lo que sabemos, ninguna otra planta en el mundo produce cannabinoides.<\/p>\n<p>Debido a que se ha desarrollado una amplia gama de compuestos sint\u00e9ticos a lo largo de los a\u00f1os, actualmente los cannabinoides derivados de plantas se denominan fitocannabinoides.<\/p>\n<p>Las actividades biol\u00f3gicas atribuidas al cannabis se han relacionado principalmente con los fitocannabinoides delta-9-tetrahidrocannabinol (THC) y cannabidiol (CBD). Sin embargo, se cree que otros cannabinoides, presentes en menor medida en el cannabis a base de hierbas, est\u00e1n implicados en la sutil modulaci\u00f3n o mejora de los efectos medicinales. Este efecto puede ser el resultado de su actividad biol\u00f3gica independiente, o puede producirse por la sinergia con los principales cannabinoides THC y CBD.<\/p>\n<h3 class=\"pagejump\" style=\"text-align: left;\"><span id=\"thc\" style=\"z-index: 1;\">THC<\/span><\/h3>\n<p>El THC es el cannabinoide m\u00e1s conocido. El THC tambi\u00e9n es responsable de muchos de los efectos medicinales del cannabis. Esto puede incluir, entre otras cosas, la reducci\u00f3n de <a href=\"https:\/\/bedrocan.com\/es\/profesionales-de-la-salud\/administration-of-cannabis\/#nausea\">n\u00e1useas<\/a>, <a href=\"https:\/\/bedrocan.com\/es\/profesionales-de-la-salud\/administration-of-cannabis\/#nausea\">v\u00f3mitos<\/a>, <a href=\"https:\/\/bedrocan.com\/es\/profesionales-de-la-salud\/administration-of-cannabis\/#chronic_pain\">dolor<\/a> y <a href=\"https:\/\/bedrocan.com\/es\/profesionales-de-la-salud\/administration-of-cannabis\/#ms\">espasmos musculares<\/a>, y la mejora del sue\u00f1o y <a href=\"https:\/\/bedrocan.com\/es\/profesionales-de-la-salud\/administration-of-cannabis\/#nausea\">el apetito<\/a>.<\/p>\n<h3 class=\"pagejump\" style=\"text-align: left;\"><span id=\"cbd\" style=\"z-index: 1;\">CBD<\/span><\/h3>\n<p>El CBD es otro cannabinoide importante que recibe una atenci\u00f3n cient\u00edfica significativa. Tiene efectos medicinales, pero no induce a un estado psicotr\u00f3pico (es decir, su uso no produce sentimientos de intoxicaci\u00f3n). Por el contrario, el CBD puede reducir algunos de los efectos no deseados causados por dosis m\u00e1s altas de THC. Espec\u00edficamente, se ha demostrado que la administraci\u00f3n concomitante de CBD con THC reduce la incidencia o intensidad de los efectos secundarios t\u00edpicos del THC, incluyendo una euforia enaltecida (<a href=\"https:\/\/bedrocan.com\/es\/prevencion-del-efecto-de-euforia\/\">efecto de euforia<\/a>), ansiedad y p\u00e9rdida de memoria a corto plazo. Adem\u00e1s, los estudios indican que el CBD podr\u00eda ser eficaz para aliviar los s\u00edntomas de diversas enfermedades dif\u00edciles de controlar, como la artritis reumatoide, la diabetes, el trastorno de estr\u00e9s postraum\u00e1tico (TEPT), el trastorno de ansiedad y las infecciones resistentes a los antibi\u00f3ticos.<\/p>\n<h3 class=\"pagejump\" style=\"text-align: left;\"><span id=\"terpenos\" style=\"z-index: 1;\">Terpenos<\/span><\/h3>\n<p>Los terpenos son los compuestos arom\u00e1ticos que aportan a las variedades de cannabis sus olores y sabores distintivos.<\/p>\n<p>Hasta la fecha se han identificado m\u00e1s de 120 terpenos diferentes en el cannabis. A diferencia de los cannabinoides, todos los principales terpenos presentes en el cannabis (por ejemplo, mirceno, alfa-pineno y beta-cariofileno) pueden encontrarse en abundancia en la naturaleza.<\/p>\n<p>Se sospecha que estos terpenos est\u00e1n implicados en diferentes interacciones con los cannabinoides. Pueden trabajar sin\u00e9rgicamente con cannabinoides, para modificar o mejorar sus efectos terap\u00e9uticos de formas espec\u00edficas. Aunque la investigaci\u00f3n sobre las posibles interacciones entre los terpenos y los cannabinoides todav\u00eda se encuentra en sus inicios, se ha demostrado que los terpenos producen sus propios efectos farmacol\u00f3gicos: antiinflamatorio (mirceno), neuroprotector (mirceno) y analg\u00e9sico (beta-cariofileno).<\/p>\n<p>Debido a la variedad de terpenos de cannabis, hay muchas combinaciones diferentes en las que pueden estar presentes en una planta de cannabis. Cada tipo distinto (variedad, cepa) de cannabis tiene su propia composici\u00f3n \u00fanica de cannabinoides y terpenos.[\/vc_column_text][\/vc_column][\/vc_row][vc_row css=&#8221;.vc_custom_1612279166905{margin-left: 15px !important;padding-right: 25px !important;padding-left: 25px !important;background-color: #f5f5f5 !important;}&#8221;][vc_column][mk_padding_divider][vc_column_text css=&#8221;.vc_custom_1612279152428{margin-bottom: 0px !important;}&#8221;]\n<h3 style=\"text-align: center;\">Tenga en cuenta que<\/h3>\n<p>Si es un posible paciente, se le aconseja consultar a un profesional m\u00e9dico antes de consumir cannabis como medicamento, as\u00ed como estar bien informado sobre las leyes locales en relaci\u00f3n con el uso de cannabis.[\/vc_column_text][mk_padding_divider][\/vc_column][\/vc_row][vc_row][vc_column][mk_padding_divider][\/vc_column][\/vc_row]\n<\/div>","protected":false},"excerpt":{"rendered":"<p>[mk_page_section bg_image=&#8221;http:\/\/bedrocan.com\/wp-content\/uploads\/cannabis-inside.jpg&#8221; bg_repeat=&#8221;no-repeat&#8221; bg_stretch=&#8221;true&#8221; min_height=&#8221;300&#8243; full_width=&#8221;true&#8221; top_shape_color=&#8221;#ffffff&#8221; bottom_shape_color=&#8221;#ffffff&#8221; visibility=&#8221;hidden-sm&#8221; sidebar=&#8221;sidebar-1&#8243;][vc_column][\/vc_column][\/mk_page_section][vc_row][vc_column][vc_empty_space height=&#8221;45px&#8221;][vc_column_text css=&#8221;.vc_custom_1617127823087{margin-bottom: 0px !important;}&#8221;] Cannabis medicinal [\/vc_column_text][vc_separator color=&#8221;custom&#8221; align=&#8221;align_left&#8221; border_width=&#8221;5&#8243; el_width=&#8221;10&#8243; accent_color=&#8221;#008752&#8243;][\/vc_column][\/vc_row][vc_row][vc_column][mk_padding_divider][vc_column_text css=&#8221;.vc_custom_1636108571793{margin-bottom: 0px !important;}&#8221;] El uso medicinal del cannabis est\u00e1 evolucionando r\u00e1pidamente en numerosos pa\u00edses. Lo que comenz\u00f3 como un llamamiento de los pacientes para acceder legalmente al cannabis herbario se ha convertido en [&hellip;]<\/p>\n","protected":false},"author":3,"featured_media":49602,"parent":144212,"menu_order":358,"comment_status":"closed","ping_status":"closed","template":"","meta":{"footnotes":""},"class_list":["post-10259","page","type-page","status-publish","has-post-thumbnail","hentry"],"yoast_head":"<!-- This site is optimized with the Yoast SEO plugin v27.3 - https:\/\/yoast.com\/product\/yoast-seo-wordpress\/ -->\n<title>Cannabis medicinal de Bedrocan solo se vende en farmacias.<\/title>\n<meta name=\"description\" content=\"\u00bfQu\u00e9 es el cannabis medicinal y para qu\u00e9 se utiliza? \u00bfCu\u00e1les son sus ingredientes activos y sus efectos? Encuentra todas las respuestas aqu\u00ed.\" \/>\n<meta name=\"robots\" content=\"index, follow, max-snippet:-1, max-image-preview:large, max-video-preview:-1\" \/>\n<link rel=\"canonical\" href=\"https:\/\/bedrocan.com\/es\/profesionales-de-la-salud\/cannabis-medicinal\/\" \/>\n<meta property=\"og:locale\" content=\"es_ES\" \/>\n<meta property=\"og:type\" content=\"article\" \/>\n<meta property=\"og:title\" content=\"Cannabis medicinal de Bedrocan solo se vende en farmacias.\" \/>\n<meta property=\"og:description\" content=\"\u00bfQu\u00e9 es el cannabis medicinal y para qu\u00e9 se utiliza? \u00bfCu\u00e1les son sus ingredientes activos y sus efectos? Encuentra todas las respuestas aqu\u00ed.\" \/>\n<meta property=\"og:url\" content=\"https:\/\/bedrocan.com\/es\/profesionales-de-la-salud\/cannabis-medicinal\/\" \/>\n<meta property=\"og:site_name\" content=\"Bedrocan\" \/>\n<meta property=\"article:publisher\" content=\"https:\/\/www.facebook.com\/Bedrocan\" \/>\n<meta property=\"article:modified_time\" content=\"2025-06-19T13:36:35+00:00\" \/>\n<meta property=\"og:image\" content=\"https:\/\/bedrocan.com\/wp-content\/uploads\/growing-room-emmeloord_lr-79.jpg\" \/>\n\t<meta property=\"og:image:width\" content=\"1356\" \/>\n\t<meta property=\"og:image:height\" content=\"900\" \/>\n\t<meta property=\"og:image:type\" content=\"image\/jpeg\" \/>\n<meta name=\"twitter:card\" content=\"summary_large_image\" \/>\n<meta name=\"twitter:label1\" content=\"Tiempo de lectura\" \/>\n\t<meta name=\"twitter:data1\" content=\"4 minutos\" \/>\n<script type=\"application\/ld+json\" class=\"yoast-schema-graph\">{\"@context\":\"https:\\\/\\\/schema.org\",\"@graph\":[{\"@type\":\"WebPage\",\"@id\":\"https:\\\/\\\/bedrocan.com\\\/es\\\/profesionales-de-la-salud\\\/cannabis-medicinal\\\/\",\"url\":\"https:\\\/\\\/bedrocan.com\\\/es\\\/profesionales-de-la-salud\\\/cannabis-medicinal\\\/\",\"name\":\"Cannabis medicinal de Bedrocan solo se vende en farmacias.\",\"isPartOf\":{\"@id\":\"https:\\\/\\\/bedrocan.com\\\/es\\\/#website\"},\"primaryImageOfPage\":{\"@id\":\"https:\\\/\\\/bedrocan.com\\\/es\\\/profesionales-de-la-salud\\\/cannabis-medicinal\\\/#primaryimage\"},\"image\":{\"@id\":\"https:\\\/\\\/bedrocan.com\\\/es\\\/profesionales-de-la-salud\\\/cannabis-medicinal\\\/#primaryimage\"},\"thumbnailUrl\":\"https:\\\/\\\/bedrocan.com\\\/wp-content\\\/uploads\\\/growing-room-emmeloord_lr-79.jpg\",\"datePublished\":\"2021-11-02T12:40:47+00:00\",\"dateModified\":\"2025-06-19T13:36:35+00:00\",\"description\":\"\u00bfQu\u00e9 es el cannabis medicinal y para qu\u00e9 se utiliza? \u00bfCu\u00e1les son sus ingredientes activos y sus efectos? Encuentra todas las respuestas aqu\u00ed.\",\"breadcrumb\":{\"@id\":\"https:\\\/\\\/bedrocan.com\\\/es\\\/profesionales-de-la-salud\\\/cannabis-medicinal\\\/#breadcrumb\"},\"inLanguage\":\"es\",\"potentialAction\":[{\"@type\":\"ReadAction\",\"target\":[\"https:\\\/\\\/bedrocan.com\\\/es\\\/profesionales-de-la-salud\\\/cannabis-medicinal\\\/\"]}]},{\"@type\":\"ImageObject\",\"inLanguage\":\"es\",\"@id\":\"https:\\\/\\\/bedrocan.com\\\/es\\\/profesionales-de-la-salud\\\/cannabis-medicinal\\\/#primaryimage\",\"url\":\"https:\\\/\\\/bedrocan.com\\\/wp-content\\\/uploads\\\/growing-room-emmeloord_lr-79.jpg\",\"contentUrl\":\"https:\\\/\\\/bedrocan.com\\\/wp-content\\\/uploads\\\/growing-room-emmeloord_lr-79.jpg\",\"width\":1356,\"height\":900,\"caption\":\"profesionales de la salud\"},{\"@type\":\"BreadcrumbList\",\"@id\":\"https:\\\/\\\/bedrocan.com\\\/es\\\/profesionales-de-la-salud\\\/cannabis-medicinal\\\/#breadcrumb\",\"itemListElement\":[{\"@type\":\"ListItem\",\"position\":1,\"name\":\"Home\",\"item\":\"https:\\\/\\\/bedrocan.com\\\/es\\\/\"},{\"@type\":\"ListItem\",\"position\":2,\"name\":\"Profesionales de la salud\",\"item\":\"https:\\\/\\\/bedrocan.com\\\/es\\\/profesionales-de-la-salud\\\/\"},{\"@type\":\"ListItem\",\"position\":3,\"name\":\"Cannabis medicinal\"}]},{\"@type\":\"WebSite\",\"@id\":\"https:\\\/\\\/bedrocan.com\\\/es\\\/#website\",\"url\":\"https:\\\/\\\/bedrocan.com\\\/es\\\/\",\"name\":\"Bedrocan\",\"description\":\"medicinal cannabis\",\"publisher\":{\"@id\":\"https:\\\/\\\/bedrocan.com\\\/es\\\/#organization\"},\"potentialAction\":[{\"@type\":\"SearchAction\",\"target\":{\"@type\":\"EntryPoint\",\"urlTemplate\":\"https:\\\/\\\/bedrocan.com\\\/es\\\/?s={search_term_string}\"},\"query-input\":{\"@type\":\"PropertyValueSpecification\",\"valueRequired\":true,\"valueName\":\"search_term_string\"}}],\"inLanguage\":\"es\"},{\"@type\":\"Organization\",\"@id\":\"https:\\\/\\\/bedrocan.com\\\/es\\\/#organization\",\"name\":\"Bedrocan\",\"url\":\"https:\\\/\\\/bedrocan.com\\\/es\\\/\",\"logo\":{\"@type\":\"ImageObject\",\"inLanguage\":\"es\",\"@id\":\"https:\\\/\\\/bedrocan.com\\\/es\\\/#\\\/schema\\\/logo\\\/image\\\/\",\"url\":\"https:\\\/\\\/bedrocan.com\\\/wp-content\\\/uploads\\\/logo-bedrocan-mail.png\",\"contentUrl\":\"https:\\\/\\\/bedrocan.com\\\/wp-content\\\/uploads\\\/logo-bedrocan-mail.png\",\"width\":185,\"height\":31,\"caption\":\"Bedrocan\"},\"image\":{\"@id\":\"https:\\\/\\\/bedrocan.com\\\/es\\\/#\\\/schema\\\/logo\\\/image\\\/\"},\"sameAs\":[\"https:\\\/\\\/www.facebook.com\\\/Bedrocan\",\"https:\\\/\\\/www.linkedin.com\\\/company\\\/bedrocan\\\/\",\"https:\\\/\\\/www.instagram.com\\\/bedrocan_international\\\/\"]}]}<\/script>\n<!-- \/ Yoast SEO plugin. -->","yoast_head_json":{"title":"Cannabis medicinal de Bedrocan solo se vende en farmacias.","description":"\u00bfQu\u00e9 es el cannabis medicinal y para qu\u00e9 se utiliza? \u00bfCu\u00e1les son sus ingredientes activos y sus efectos? Encuentra todas las respuestas aqu\u00ed.","robots":{"index":"index","follow":"follow","max-snippet":"max-snippet:-1","max-image-preview":"max-image-preview:large","max-video-preview":"max-video-preview:-1"},"canonical":"https:\/\/bedrocan.com\/es\/profesionales-de-la-salud\/cannabis-medicinal\/","og_locale":"es_ES","og_type":"article","og_title":"Cannabis medicinal de Bedrocan solo se vende en farmacias.","og_description":"\u00bfQu\u00e9 es el cannabis medicinal y para qu\u00e9 se utiliza? \u00bfCu\u00e1les son sus ingredientes activos y sus efectos? Encuentra todas las respuestas aqu\u00ed.","og_url":"https:\/\/bedrocan.com\/es\/profesionales-de-la-salud\/cannabis-medicinal\/","og_site_name":"Bedrocan","article_publisher":"https:\/\/www.facebook.com\/Bedrocan","article_modified_time":"2025-06-19T13:36:35+00:00","og_image":[{"width":1356,"height":900,"url":"https:\/\/bedrocan.com\/wp-content\/uploads\/growing-room-emmeloord_lr-79.jpg","type":"image\/jpeg"}],"twitter_card":"summary_large_image","twitter_misc":{"Tiempo de lectura":"4 minutos"},"schema":{"@context":"https:\/\/schema.org","@graph":[{"@type":"WebPage","@id":"https:\/\/bedrocan.com\/es\/profesionales-de-la-salud\/cannabis-medicinal\/","url":"https:\/\/bedrocan.com\/es\/profesionales-de-la-salud\/cannabis-medicinal\/","name":"Cannabis medicinal de Bedrocan solo se vende en farmacias.","isPartOf":{"@id":"https:\/\/bedrocan.com\/es\/#website"},"primaryImageOfPage":{"@id":"https:\/\/bedrocan.com\/es\/profesionales-de-la-salud\/cannabis-medicinal\/#primaryimage"},"image":{"@id":"https:\/\/bedrocan.com\/es\/profesionales-de-la-salud\/cannabis-medicinal\/#primaryimage"},"thumbnailUrl":"https:\/\/bedrocan.com\/wp-content\/uploads\/growing-room-emmeloord_lr-79.jpg","datePublished":"2021-11-02T12:40:47+00:00","dateModified":"2025-06-19T13:36:35+00:00","description":"\u00bfQu\u00e9 es el cannabis medicinal y para qu\u00e9 se utiliza? \u00bfCu\u00e1les son sus ingredientes activos y sus efectos? Encuentra todas las respuestas aqu\u00ed.","breadcrumb":{"@id":"https:\/\/bedrocan.com\/es\/profesionales-de-la-salud\/cannabis-medicinal\/#breadcrumb"},"inLanguage":"es","potentialAction":[{"@type":"ReadAction","target":["https:\/\/bedrocan.com\/es\/profesionales-de-la-salud\/cannabis-medicinal\/"]}]},{"@type":"ImageObject","inLanguage":"es","@id":"https:\/\/bedrocan.com\/es\/profesionales-de-la-salud\/cannabis-medicinal\/#primaryimage","url":"https:\/\/bedrocan.com\/wp-content\/uploads\/growing-room-emmeloord_lr-79.jpg","contentUrl":"https:\/\/bedrocan.com\/wp-content\/uploads\/growing-room-emmeloord_lr-79.jpg","width":1356,"height":900,"caption":"profesionales de la salud"},{"@type":"BreadcrumbList","@id":"https:\/\/bedrocan.com\/es\/profesionales-de-la-salud\/cannabis-medicinal\/#breadcrumb","itemListElement":[{"@type":"ListItem","position":1,"name":"Home","item":"https:\/\/bedrocan.com\/es\/"},{"@type":"ListItem","position":2,"name":"Profesionales de la salud","item":"https:\/\/bedrocan.com\/es\/profesionales-de-la-salud\/"},{"@type":"ListItem","position":3,"name":"Cannabis medicinal"}]},{"@type":"WebSite","@id":"https:\/\/bedrocan.com\/es\/#website","url":"https:\/\/bedrocan.com\/es\/","name":"Bedrocan","description":"medicinal cannabis","publisher":{"@id":"https:\/\/bedrocan.com\/es\/#organization"},"potentialAction":[{"@type":"SearchAction","target":{"@type":"EntryPoint","urlTemplate":"https:\/\/bedrocan.com\/es\/?s={search_term_string}"},"query-input":{"@type":"PropertyValueSpecification","valueRequired":true,"valueName":"search_term_string"}}],"inLanguage":"es"},{"@type":"Organization","@id":"https:\/\/bedrocan.com\/es\/#organization","name":"Bedrocan","url":"https:\/\/bedrocan.com\/es\/","logo":{"@type":"ImageObject","inLanguage":"es","@id":"https:\/\/bedrocan.com\/es\/#\/schema\/logo\/image\/","url":"https:\/\/bedrocan.com\/wp-content\/uploads\/logo-bedrocan-mail.png","contentUrl":"https:\/\/bedrocan.com\/wp-content\/uploads\/logo-bedrocan-mail.png","width":185,"height":31,"caption":"Bedrocan"},"image":{"@id":"https:\/\/bedrocan.com\/es\/#\/schema\/logo\/image\/"},"sameAs":["https:\/\/www.facebook.com\/Bedrocan","https:\/\/www.linkedin.com\/company\/bedrocan\/","https:\/\/www.instagram.com\/bedrocan_international\/"]}]}},"_links":{"self":[{"href":"https:\/\/bedrocan.com\/es\/wp-json\/wp\/v2\/pages\/10259","targetHints":{"allow":["GET"]}}],"collection":[{"href":"https:\/\/bedrocan.com\/es\/wp-json\/wp\/v2\/pages"}],"about":[{"href":"https:\/\/bedrocan.com\/es\/wp-json\/wp\/v2\/types\/page"}],"author":[{"embeddable":true,"href":"https:\/\/bedrocan.com\/es\/wp-json\/wp\/v2\/users\/3"}],"replies":[{"embeddable":true,"href":"https:\/\/bedrocan.com\/es\/wp-json\/wp\/v2\/comments?post=10259"}],"version-history":[{"count":5,"href":"https:\/\/bedrocan.com\/es\/wp-json\/wp\/v2\/pages\/10259\/revisions"}],"predecessor-version":[{"id":204047,"href":"https:\/\/bedrocan.com\/es\/wp-json\/wp\/v2\/pages\/10259\/revisions\/204047"}],"up":[{"embeddable":true,"href":"https:\/\/bedrocan.com\/es\/wp-json\/wp\/v2\/pages\/144212"}],"wp:featuredmedia":[{"embeddable":true,"href":"https:\/\/bedrocan.com\/es\/wp-json\/wp\/v2\/media\/49602"}],"wp:attachment":[{"href":"https:\/\/bedrocan.com\/es\/wp-json\/wp\/v2\/media?parent=10259"}],"curies":[{"name":"wp","href":"https:\/\/api.w.org\/{rel}","templated":true}]}}