{"id":10849,"date":"2021-11-05T11:36:42","date_gmt":"2021-11-05T10:36:42","guid":{"rendered":"http:\/\/bedrocan.com\/productos-y-servicios\/cuidado-de-la-salud\/cannabis-oil\/"},"modified":"2025-06-19T15:45:33","modified_gmt":"2025-06-19T13:45:33","slug":"aceite-de-cannabis","status":"publish","type":"page","link":"https:\/\/bedrocan.com\/es\/profesionales-de-la-salud\/aceite-de-cannabis\/","title":{"rendered":"Aceite de cannabis"},"content":{"rendered":"<div class=\"wpb-content-wrapper\">[mk_page_section bg_image=&#8221;https:\/\/bedrocan.com\/wp-content\/uploads\/bedrocan_cannabisoil_header.jpg&#8221; bg_position=&#8221;center center&#8221; bg_repeat=&#8221;no-repeat&#8221; bg_stretch=&#8221;true&#8221; min_height=&#8221;300&#8243; full_width=&#8221;true&#8221; top_shape_color=&#8221;#ffffff&#8221; bottom_shape_color=&#8221;#ffffff&#8221; visibility=&#8221;hidden-sm&#8221; sidebar=&#8221;sidebar-1&#8243;][vc_column][\/vc_column][\/mk_page_section][vc_row][vc_column][vc_empty_space height=&#8221;45px&#8221;][vc_column_text css=&#8221;.vc_custom_1610542379800{margin-bottom: 0px !important;}&#8221;]\n<h1>Aceite de cannabis<\/h1>\n[\/vc_column_text][vc_separator color=&#8221;custom&#8221; align=&#8221;align_left&#8221; border_width=&#8221;5&#8243; el_width=&#8221;10&#8243; accent_color=&#8221;#008752&#8243; css=&#8221;.vc_custom_1468403515259{margin-top: -10px !important;margin-bottom: 10px !important;}&#8221;][\/vc_column][\/vc_row][vc_row][vc_column][mk_padding_divider][vc_column_text css=&#8221;.vc_custom_1636112398746{margin-bottom: 0px !important;}&#8221;]\n<p class=\"NormalText\"><span lang=\"ES\">Los aceites de cannabis o los extractos concentrados se obtienen mediante la extracci\u00f3n de los <a href=\"https:\/\/bedrocan.com\/es\/profesionales-de-la-salud\/cannabis-medicinal\/#cannabinoid\">cannabinoides<\/a> de las flores secas (flor de cannabis) de la planta de cannabis. El prop\u00f3sito de producir aceite de cannabis es hacer que los cannabinoides y otros componentes (por ejemplo, los <a href=\"https:\/\/bedrocan.com\/es\/profesionales-de-la-salud\/cannabis-medicinal\/#terpenos\">terpenos<\/a>) est\u00e9n disponibles con una elevada concentraci\u00f3n.<\/span><\/p>\n<p class=\"NormalText\"><span lang=\"ES\">La preparaci\u00f3n habitual de los aceites es para su administraci\u00f3n sublingual. En los \u00faltimos a\u00f1os se han popularizado enormemente. Ello se debe a que son f\u00e1ciles de usar en comparaci\u00f3n con la <a href=\"https:\/\/bedrocan.com\/es\/profesionales-de-la-salud\/administration-of-cannabis\/#vaporizing\">inhalaci\u00f3n por evaporaci\u00f3n<\/a>. Los m\u00e9dicos prescriptores y los farmac\u00e9uticos est\u00e1n m\u00e1s familiarizados con la dosificaci\u00f3n oral, que adem\u00e1s facilita el uso.<\/span><\/p>\n<p class=\"NormalText\"><span lang=\"ES\">El aceite de cannabis medicinal extra\u00eddo de la flor estandarizada de Bedrocan actualmente est\u00e1 disponible en los Pa\u00edses Bajos y otros pa\u00edses. Las farmacias o las empresas farmac\u00e9uticas lo extraen (en forma de preparaciones magistrales) aplicando pr\u00e1cticas de fabricaci\u00f3n adecuadas y certificadas.<\/span><\/p>\n<p class=\"NormalText\"><span lang=\"ES\">Bedrocan no fabrica ni vende aceite para su dosificaci\u00f3n sublingual. Consulte nuestra <a href=\"https:\/\/bedrocan.com\/es\/contacto\/\">p\u00e1gina de contacto<\/a>\u00a0para ver una lista de las farmacias holandesas que preparan formulaciones magistrales.<\/span><\/p>\n[\/vc_column_text][\/vc_column][\/vc_row][vc_row][vc_column width=&#8221;1\/3&#8243;][vc_single_image image=&#8221;33329&#8243; img_size=&#8221;full&#8221; alignment=&#8221;center&#8221;][\/vc_column][vc_column width=&#8221;1\/3&#8243;][vc_single_image image=&#8221;33323&#8243; img_size=&#8221;full&#8221; alignment=&#8221;center&#8221;][\/vc_column][vc_column width=&#8221;1\/3&#8243;][vc_single_image image=&#8221;33317&#8243; img_size=&#8221;full&#8221; alignment=&#8221;center&#8221;][\/vc_column][\/vc_row][vc_row][vc_column][vc_column_text css=&#8221;.vc_custom_1610542750244{margin-bottom: 0px !important;}&#8221;]<em>El farmac\u00e9utico prepara el aceite medicinal de cannabis en la <\/em><a href=\"https:\/\/transvaalapotheek.nl\/\"><em>farmacia Transvaal<\/em><\/a><em>, Pa\u00edses Bajos<\/em>[\/vc_column_text][vc_separator color=&#8221;custom&#8221; border_width=&#8221;3&#8243; accent_color=&#8221;#008752&#8243;][mk_padding_divider size=&#8221;25&#8243;][vc_column_text css=&#8221;.vc_custom_1636111853385{margin-bottom: 0px !important;}&#8221;]\n<h2><strong>Producci\u00f3n no controlada<\/strong><\/h2>\n<p>No se recomienda la preparaci\u00f3n de aceite de cannabis o concentrados de cannabis en casa o el uso de aceites o concentrados de cannabis no controlados.<\/p>\n<p>La producci\u00f3n casera o sin control puede suponer un riesgo para los pacientes que la consume. Normalmente se desconoce la composici\u00f3n exacta de los diferentes aceites disponibles. No se comprueba la calidad de los laboratorios externos certificados para detectar la presencia de disolventes residuales o contaminantes como microbios, pesticidas, metales pesados o micotoxinas. La falta de <a href=\"https:\/\/bedrocan.com\/es\/acerca-de-nosotros\/estandarizacion-nuestro-metodo\/\">estandarizaci\u00f3n<\/a>, tanto de sus materias primas de cannabis como de los aceites, hace imposible evaluar completamente sus efectos terap\u00e9uticos en el tiempo y, por lo tanto, su valor medicinal.<\/p>\n<p>En consecuencia, existe una necesidad significativa de normalizar y controlar los extractos de cannabis y de regular su distribuci\u00f3n como medicamentos potenciales.<\/p>\n<h2><strong>Aceite de CBD<\/strong><\/h2>\n<p>En los \u00faltimos a\u00f1os ha surgido un gran mercado no regulado para los aceites de <a href=\"https:\/\/bedrocan.com\/es\/profesionales-de-la-salud\/cannabis-medicinal\/#cbd\">CBD<\/a> (cannabidiol). Normalmente, estos productos se derivan de cepas de cannabis de tipo fibra (c\u00e1\u00f1amo) que contienen grandes concentraciones de CBD pero una cantidad insignificante de <a href=\"https:\/\/bedrocan.com\/es\/profesionales-de-la-salud\/cannabis-medicinal\/#thc\">THC<\/a>.<\/p>\n<p>En la mayor\u00eda de los pa\u00edses est\u00e1 prohibido crear concentrados a partir de cannabis, porque el cannabis es una sustancia controlada. Pero en el mercado de todo el mundo han aparecido numerosos extractos ricos en CBD.<\/p>\n<p>Para m\u00e1s informaci\u00f3n sobre el aceite de CBD, lea nuestro art\u00edculo\u00a0<a href=\"https:\/\/bedrocan.com\/es\/el-problema-del-aceite-de-cbd\/\">El problema del aceite de CBD<\/a>.[\/vc_column_text][vc_message color=&#8221;info&#8221;]Leer tambi\u00e9n: <a href=\"https:\/\/bedrocan.com\/wp-content\/uploads\/2013-cannabis-oil-chemical-evaluation-of-an-upcoming-cannabis-based-medicine_romano.pdf\" target=\"_blank\" rel=\"noopener noreferrer\">Cannabis Oil: chemical evaluation of an upcoming cannabis-based medicine<\/a>[\/vc_message][mk_padding_divider][\/vc_column][\/vc_row][vc_row][vc_column][vc_column_text css=&#8221;.vc_custom_1636113017804{margin-bottom: 0px !important;}&#8221;]\n<h3>Leer m\u00e1s sobre<\/h3>\n<ul>\n<li><a href=\"https:\/\/bedrocan.com\/es\/profesionales-de-la-salud\/administration-of-cannabis\/#chronic_pain\">Dolor cr\u00f3nico<\/a><\/li>\n<li><a href=\"https:\/\/bedrocan.com\/es\/profesionales-de-la-salud\/administration-of-cannabis\/#ms\">Esclerosis m\u00faltiple<\/a><\/li>\n<li><a href=\"https:\/\/bedrocan.com\/es\/profesionales-de-la-salud\/administration-of-cannabis\/#nausea\">N\u00e1useas, v\u00f3mitos y apetito<\/a><\/li>\n<li><a href=\"https:\/\/bedrocan.com\/es\/profesionales-de-la-salud\/administration-of-cannabis\/#tourette\">S\u00edndrome de Gilles de la Tourette<\/a><\/li>\n<li><a href=\"https:\/\/bedrocan.com\/es\/profesionales-de-la-salud\/administration-of-cannabis\/#glaucoma\">Glaucoma<\/a><\/li>\n<\/ul>\n<h3>Otras aplicaciones<\/h3>\n<ul>\n<li><a href=\"https:\/\/bedrocan.com\/es\/profesionales-de-la-salud\/administration-of-cannabis\/#cancer\">C\u00e1ncer<\/a><\/li>\n<li><a href=\"https:\/\/bedrocan.com\/es\/profesionales-de-la-salud\/administration-of-cannabis\/#epilepsy\">Epilepsia<\/a><\/li>\n<li><a href=\"https:\/\/bedrocan.com\/es\/profesionales-de-la-salud\/administration-of-cannabis\/#bowel\">Enfermedad inflamatoria intestinal<\/a><\/li>\n<li><a href=\"https:\/\/bedrocan.com\/es\/profesionales-de-la-salud\/administration-of-cannabis\/#parkinson\">Enfermedad de Parkinson<\/a><\/li>\n<li><a href=\"https:\/\/bedrocan.com\/es\/profesionales-de-la-salud\/administration-of-cannabis\/#psychiatric\">Trastornos psiqui\u00e1tricos<\/a><\/li>\n<\/ul>\n[\/vc_column_text][\/vc_column][\/vc_row]\n<\/div>","protected":false},"excerpt":{"rendered":"<p>[mk_page_section bg_image=&#8221;https:\/\/bedrocan.com\/wp-content\/uploads\/bedrocan_cannabisoil_header.jpg&#8221; bg_position=&#8221;center center&#8221; bg_repeat=&#8221;no-repeat&#8221; bg_stretch=&#8221;true&#8221; min_height=&#8221;300&#8243; full_width=&#8221;true&#8221; top_shape_color=&#8221;#ffffff&#8221; bottom_shape_color=&#8221;#ffffff&#8221; visibility=&#8221;hidden-sm&#8221; sidebar=&#8221;sidebar-1&#8243;][vc_column][\/vc_column][\/mk_page_section][vc_row][vc_column][vc_empty_space height=&#8221;45px&#8221;][vc_column_text css=&#8221;.vc_custom_1610542379800{margin-bottom: 0px !important;}&#8221;] Aceite de cannabis [\/vc_column_text][vc_separator color=&#8221;custom&#8221; align=&#8221;align_left&#8221; border_width=&#8221;5&#8243; el_width=&#8221;10&#8243; accent_color=&#8221;#008752&#8243; css=&#8221;.vc_custom_1468403515259{margin-top: -10px !important;margin-bottom: 10px !important;}&#8221;][\/vc_column][\/vc_row][vc_row][vc_column][mk_padding_divider][vc_column_text css=&#8221;.vc_custom_1636112398746{margin-bottom: 0px !important;}&#8221;] Los aceites de cannabis o los extractos concentrados se obtienen mediante la extracci\u00f3n de los cannabinoides de las flores secas (flor de [&hellip;]<\/p>\n","protected":false},"author":3,"featured_media":160488,"parent":144212,"menu_order":6,"comment_status":"closed","ping_status":"closed","template":"","meta":{"footnotes":""},"class_list":["post-10849","page","type-page","status-publish","has-post-thumbnail","hentry"],"yoast_head":"<!-- This site is optimized with the Yoast SEO plugin v27.3 - https:\/\/yoast.com\/product\/yoast-seo-wordpress\/ -->\n<title>Aceite de cannabis medicinal<\/title>\n<meta name=\"description\" content=\"La preparaci\u00f3n habitual del aceite de cannabis medicinal es para su administraci\u00f3n sublingual. Extra\u00eddo de la flor estandarizada de Bedrocan.\" \/>\n<meta name=\"robots\" content=\"index, follow, max-snippet:-1, max-image-preview:large, max-video-preview:-1\" \/>\n<link rel=\"canonical\" href=\"https:\/\/bedrocan.com\/es\/profesionales-de-la-salud\/aceite-de-cannabis\/\" \/>\n<meta property=\"og:locale\" content=\"es_ES\" \/>\n<meta property=\"og:type\" content=\"article\" \/>\n<meta property=\"og:title\" content=\"Aceite de cannabis medicinal\" \/>\n<meta property=\"og:description\" content=\"La preparaci\u00f3n habitual del aceite de cannabis medicinal es para su administraci\u00f3n sublingual. Extra\u00eddo de la flor estandarizada de Bedrocan.\" \/>\n<meta property=\"og:url\" content=\"https:\/\/bedrocan.com\/es\/profesionales-de-la-salud\/aceite-de-cannabis\/\" \/>\n<meta property=\"og:site_name\" content=\"Bedrocan\" \/>\n<meta property=\"article:publisher\" content=\"https:\/\/www.facebook.com\/Bedrocan\" \/>\n<meta property=\"article:modified_time\" content=\"2025-06-19T13:45:33+00:00\" \/>\n<meta property=\"og:image\" content=\"https:\/\/bedrocan.com\/wp-content\/uploads\/cannabis-oil-medicinal-cannabis-by-bedrocan-12.png\" \/>\n\t<meta property=\"og:image:width\" content=\"1280\" \/>\n\t<meta property=\"og:image:height\" content=\"876\" \/>\n\t<meta property=\"og:image:type\" content=\"image\/png\" \/>\n<meta name=\"twitter:card\" content=\"summary_large_image\" \/>\n<meta name=\"twitter:label1\" content=\"Tiempo de lectura\" \/>\n\t<meta name=\"twitter:data1\" content=\"3 minutos\" \/>\n<script type=\"application\/ld+json\" class=\"yoast-schema-graph\">{\"@context\":\"https:\\\/\\\/schema.org\",\"@graph\":[{\"@type\":\"WebPage\",\"@id\":\"https:\\\/\\\/bedrocan.com\\\/es\\\/profesionales-de-la-salud\\\/aceite-de-cannabis\\\/\",\"url\":\"https:\\\/\\\/bedrocan.com\\\/es\\\/profesionales-de-la-salud\\\/aceite-de-cannabis\\\/\",\"name\":\"Aceite de cannabis medicinal\",\"isPartOf\":{\"@id\":\"https:\\\/\\\/bedrocan.com\\\/es\\\/#website\"},\"primaryImageOfPage\":{\"@id\":\"https:\\\/\\\/bedrocan.com\\\/es\\\/profesionales-de-la-salud\\\/aceite-de-cannabis\\\/#primaryimage\"},\"image\":{\"@id\":\"https:\\\/\\\/bedrocan.com\\\/es\\\/profesionales-de-la-salud\\\/aceite-de-cannabis\\\/#primaryimage\"},\"thumbnailUrl\":\"https:\\\/\\\/bedrocan.com\\\/wp-content\\\/uploads\\\/cannabis-oil-medicinal-cannabis-by-bedrocan-12.png\",\"datePublished\":\"2021-11-05T10:36:42+00:00\",\"dateModified\":\"2025-06-19T13:45:33+00:00\",\"description\":\"La preparaci\u00f3n habitual del aceite de cannabis medicinal es para su administraci\u00f3n sublingual. Extra\u00eddo de la flor estandarizada de Bedrocan.\",\"breadcrumb\":{\"@id\":\"https:\\\/\\\/bedrocan.com\\\/es\\\/profesionales-de-la-salud\\\/aceite-de-cannabis\\\/#breadcrumb\"},\"inLanguage\":\"es\",\"potentialAction\":[{\"@type\":\"ReadAction\",\"target\":[\"https:\\\/\\\/bedrocan.com\\\/es\\\/profesionales-de-la-salud\\\/aceite-de-cannabis\\\/\"]}]},{\"@type\":\"ImageObject\",\"inLanguage\":\"es\",\"@id\":\"https:\\\/\\\/bedrocan.com\\\/es\\\/profesionales-de-la-salud\\\/aceite-de-cannabis\\\/#primaryimage\",\"url\":\"https:\\\/\\\/bedrocan.com\\\/wp-content\\\/uploads\\\/cannabis-oil-medicinal-cannabis-by-bedrocan-12.png\",\"contentUrl\":\"https:\\\/\\\/bedrocan.com\\\/wp-content\\\/uploads\\\/cannabis-oil-medicinal-cannabis-by-bedrocan-12.png\",\"width\":1280,\"height\":876,\"caption\":\"Cannabis oil, THC oil or CBD oil made from cannabis flower\"},{\"@type\":\"BreadcrumbList\",\"@id\":\"https:\\\/\\\/bedrocan.com\\\/es\\\/profesionales-de-la-salud\\\/aceite-de-cannabis\\\/#breadcrumb\",\"itemListElement\":[{\"@type\":\"ListItem\",\"position\":1,\"name\":\"Home\",\"item\":\"https:\\\/\\\/bedrocan.com\\\/es\\\/\"},{\"@type\":\"ListItem\",\"position\":2,\"name\":\"Profesionales de la salud\",\"item\":\"https:\\\/\\\/bedrocan.com\\\/es\\\/profesionales-de-la-salud\\\/\"},{\"@type\":\"ListItem\",\"position\":3,\"name\":\"Aceite de cannabis\"}]},{\"@type\":\"WebSite\",\"@id\":\"https:\\\/\\\/bedrocan.com\\\/es\\\/#website\",\"url\":\"https:\\\/\\\/bedrocan.com\\\/es\\\/\",\"name\":\"Bedrocan\",\"description\":\"medicinal cannabis\",\"publisher\":{\"@id\":\"https:\\\/\\\/bedrocan.com\\\/es\\\/#organization\"},\"potentialAction\":[{\"@type\":\"SearchAction\",\"target\":{\"@type\":\"EntryPoint\",\"urlTemplate\":\"https:\\\/\\\/bedrocan.com\\\/es\\\/?s={search_term_string}\"},\"query-input\":{\"@type\":\"PropertyValueSpecification\",\"valueRequired\":true,\"valueName\":\"search_term_string\"}}],\"inLanguage\":\"es\"},{\"@type\":\"Organization\",\"@id\":\"https:\\\/\\\/bedrocan.com\\\/es\\\/#organization\",\"name\":\"Bedrocan\",\"url\":\"https:\\\/\\\/bedrocan.com\\\/es\\\/\",\"logo\":{\"@type\":\"ImageObject\",\"inLanguage\":\"es\",\"@id\":\"https:\\\/\\\/bedrocan.com\\\/es\\\/#\\\/schema\\\/logo\\\/image\\\/\",\"url\":\"https:\\\/\\\/bedrocan.com\\\/wp-content\\\/uploads\\\/logo-bedrocan-mail.png\",\"contentUrl\":\"https:\\\/\\\/bedrocan.com\\\/wp-content\\\/uploads\\\/logo-bedrocan-mail.png\",\"width\":185,\"height\":31,\"caption\":\"Bedrocan\"},\"image\":{\"@id\":\"https:\\\/\\\/bedrocan.com\\\/es\\\/#\\\/schema\\\/logo\\\/image\\\/\"},\"sameAs\":[\"https:\\\/\\\/www.facebook.com\\\/Bedrocan\",\"https:\\\/\\\/www.linkedin.com\\\/company\\\/bedrocan\\\/\",\"https:\\\/\\\/www.instagram.com\\\/bedrocan_international\\\/\"]}]}<\/script>\n<!-- \/ Yoast SEO plugin. -->","yoast_head_json":{"title":"Aceite de cannabis medicinal","description":"La preparaci\u00f3n habitual del aceite de cannabis medicinal es para su administraci\u00f3n sublingual. Extra\u00eddo de la flor estandarizada de Bedrocan.","robots":{"index":"index","follow":"follow","max-snippet":"max-snippet:-1","max-image-preview":"max-image-preview:large","max-video-preview":"max-video-preview:-1"},"canonical":"https:\/\/bedrocan.com\/es\/profesionales-de-la-salud\/aceite-de-cannabis\/","og_locale":"es_ES","og_type":"article","og_title":"Aceite de cannabis medicinal","og_description":"La preparaci\u00f3n habitual del aceite de cannabis medicinal es para su administraci\u00f3n sublingual. Extra\u00eddo de la flor estandarizada de Bedrocan.","og_url":"https:\/\/bedrocan.com\/es\/profesionales-de-la-salud\/aceite-de-cannabis\/","og_site_name":"Bedrocan","article_publisher":"https:\/\/www.facebook.com\/Bedrocan","article_modified_time":"2025-06-19T13:45:33+00:00","og_image":[{"width":1280,"height":876,"url":"https:\/\/bedrocan.com\/wp-content\/uploads\/cannabis-oil-medicinal-cannabis-by-bedrocan-12.png","type":"image\/png"}],"twitter_card":"summary_large_image","twitter_misc":{"Tiempo de lectura":"3 minutos"},"schema":{"@context":"https:\/\/schema.org","@graph":[{"@type":"WebPage","@id":"https:\/\/bedrocan.com\/es\/profesionales-de-la-salud\/aceite-de-cannabis\/","url":"https:\/\/bedrocan.com\/es\/profesionales-de-la-salud\/aceite-de-cannabis\/","name":"Aceite de cannabis medicinal","isPartOf":{"@id":"https:\/\/bedrocan.com\/es\/#website"},"primaryImageOfPage":{"@id":"https:\/\/bedrocan.com\/es\/profesionales-de-la-salud\/aceite-de-cannabis\/#primaryimage"},"image":{"@id":"https:\/\/bedrocan.com\/es\/profesionales-de-la-salud\/aceite-de-cannabis\/#primaryimage"},"thumbnailUrl":"https:\/\/bedrocan.com\/wp-content\/uploads\/cannabis-oil-medicinal-cannabis-by-bedrocan-12.png","datePublished":"2021-11-05T10:36:42+00:00","dateModified":"2025-06-19T13:45:33+00:00","description":"La preparaci\u00f3n habitual del aceite de cannabis medicinal es para su administraci\u00f3n sublingual. Extra\u00eddo de la flor estandarizada de Bedrocan.","breadcrumb":{"@id":"https:\/\/bedrocan.com\/es\/profesionales-de-la-salud\/aceite-de-cannabis\/#breadcrumb"},"inLanguage":"es","potentialAction":[{"@type":"ReadAction","target":["https:\/\/bedrocan.com\/es\/profesionales-de-la-salud\/aceite-de-cannabis\/"]}]},{"@type":"ImageObject","inLanguage":"es","@id":"https:\/\/bedrocan.com\/es\/profesionales-de-la-salud\/aceite-de-cannabis\/#primaryimage","url":"https:\/\/bedrocan.com\/wp-content\/uploads\/cannabis-oil-medicinal-cannabis-by-bedrocan-12.png","contentUrl":"https:\/\/bedrocan.com\/wp-content\/uploads\/cannabis-oil-medicinal-cannabis-by-bedrocan-12.png","width":1280,"height":876,"caption":"Cannabis oil, THC oil or CBD oil made from cannabis flower"},{"@type":"BreadcrumbList","@id":"https:\/\/bedrocan.com\/es\/profesionales-de-la-salud\/aceite-de-cannabis\/#breadcrumb","itemListElement":[{"@type":"ListItem","position":1,"name":"Home","item":"https:\/\/bedrocan.com\/es\/"},{"@type":"ListItem","position":2,"name":"Profesionales de la salud","item":"https:\/\/bedrocan.com\/es\/profesionales-de-la-salud\/"},{"@type":"ListItem","position":3,"name":"Aceite de cannabis"}]},{"@type":"WebSite","@id":"https:\/\/bedrocan.com\/es\/#website","url":"https:\/\/bedrocan.com\/es\/","name":"Bedrocan","description":"medicinal cannabis","publisher":{"@id":"https:\/\/bedrocan.com\/es\/#organization"},"potentialAction":[{"@type":"SearchAction","target":{"@type":"EntryPoint","urlTemplate":"https:\/\/bedrocan.com\/es\/?s={search_term_string}"},"query-input":{"@type":"PropertyValueSpecification","valueRequired":true,"valueName":"search_term_string"}}],"inLanguage":"es"},{"@type":"Organization","@id":"https:\/\/bedrocan.com\/es\/#organization","name":"Bedrocan","url":"https:\/\/bedrocan.com\/es\/","logo":{"@type":"ImageObject","inLanguage":"es","@id":"https:\/\/bedrocan.com\/es\/#\/schema\/logo\/image\/","url":"https:\/\/bedrocan.com\/wp-content\/uploads\/logo-bedrocan-mail.png","contentUrl":"https:\/\/bedrocan.com\/wp-content\/uploads\/logo-bedrocan-mail.png","width":185,"height":31,"caption":"Bedrocan"},"image":{"@id":"https:\/\/bedrocan.com\/es\/#\/schema\/logo\/image\/"},"sameAs":["https:\/\/www.facebook.com\/Bedrocan","https:\/\/www.linkedin.com\/company\/bedrocan\/","https:\/\/www.instagram.com\/bedrocan_international\/"]}]}},"_links":{"self":[{"href":"https:\/\/bedrocan.com\/es\/wp-json\/wp\/v2\/pages\/10849","targetHints":{"allow":["GET"]}}],"collection":[{"href":"https:\/\/bedrocan.com\/es\/wp-json\/wp\/v2\/pages"}],"about":[{"href":"https:\/\/bedrocan.com\/es\/wp-json\/wp\/v2\/types\/page"}],"author":[{"embeddable":true,"href":"https:\/\/bedrocan.com\/es\/wp-json\/wp\/v2\/users\/3"}],"replies":[{"embeddable":true,"href":"https:\/\/bedrocan.com\/es\/wp-json\/wp\/v2\/comments?post=10849"}],"version-history":[{"count":6,"href":"https:\/\/bedrocan.com\/es\/wp-json\/wp\/v2\/pages\/10849\/revisions"}],"predecessor-version":[{"id":204152,"href":"https:\/\/bedrocan.com\/es\/wp-json\/wp\/v2\/pages\/10849\/revisions\/204152"}],"up":[{"embeddable":true,"href":"https:\/\/bedrocan.com\/es\/wp-json\/wp\/v2\/pages\/144212"}],"wp:featuredmedia":[{"embeddable":true,"href":"https:\/\/bedrocan.com\/es\/wp-json\/wp\/v2\/media\/160488"}],"wp:attachment":[{"href":"https:\/\/bedrocan.com\/es\/wp-json\/wp\/v2\/media?parent=10849"}],"curies":[{"name":"wp","href":"https:\/\/api.w.org\/{rel}","templated":true}]}}