{"id":10850,"date":"2023-11-01T08:37:05","date_gmt":"2023-11-01T07:37:05","guid":{"rendered":"http:\/\/bedrocan.com\/productos-y-servicios\/cuidado-de-la-salud\/availability\/"},"modified":"2026-02-16T11:32:54","modified_gmt":"2026-02-16T10:32:54","slug":"disponibilidad","status":"publish","type":"page","link":"https:\/\/bedrocan.com\/es\/productos-de-cannabis\/disponibilidad\/","title":{"rendered":"Disponibilidad"},"content":{"rendered":"<div class=\"wpb-content-wrapper\">[mk_page_section bg_image=&#8221;http:\/\/bedrocan.com\/wp-content\/uploads\/bedrocan_cannabis_header.jpg&#8221; bg_position=&#8221;center center&#8221; bg_repeat=&#8221;no-repeat&#8221; bg_stretch=&#8221;true&#8221; min_height=&#8221;300&#8243; full_width=&#8221;true&#8221; top_shape_color=&#8221;#ffffff&#8221; bottom_shape_color=&#8221;#ffffff&#8221; visibility=&#8221;hidden-sm&#8221; sidebar=&#8221;sidebar-1&#8243;][vc_column][\/vc_column][\/mk_page_section][vc_row][vc_column][vc_empty_space height=&#8221;45px&#8221;][vc_column_text css=&#8221;.vc_custom_1504618073538{margin-bottom: 0px !important;}&#8221;]\n<h1>Disponibilidad<\/h1>\n[\/vc_column_text][vc_separator color=&#8221;custom&#8221; align=&#8221;align_left&#8221; border_width=&#8221;5&#8243; el_width=&#8221;10&#8243; accent_color=&#8221;#008752&#8243; css=&#8221;.vc_custom_1468403515259{margin-top: -10px !important;margin-bottom: 10px !important;}&#8221;][\/vc_column][\/vc_row][vc_row][vc_column][mk_padding_divider][vc_column_text css=&#8221;.vc_custom_1612799274265{margin-bottom: 0px !important;}&#8221;]Actualmente, Bedrocan suministra <a href=\"https:\/\/bedrocan.com\/es\/productos-de-cannabis\/\">cannabis medicinal<\/a> a pacientes (bajo el seguimiento de un m\u00e9dico) e investigadores de todo el mundo. La disponibilidad por pa\u00eds se menciona a continuaci\u00f3n.[\/vc_column_text][mk_padding_divider][vc_column_text css=&#8221;.vc_custom_1698831867079{margin-bottom: 0px !important;}&#8221;]\n<h2 style=\"text-align: center;\">Disponibilidad por pa\u00eds<\/h2>\n[\/vc_column_text][\/vc_column][\/vc_row][vc_row][vc_column][mk_table]\n<table width=\"100%\">\n<thead>\n<tr>\n<th>Pa\u00eds<\/th>\n<th>Pacientes<\/th>\n<th>Investigaci\u00f3n<\/th>\n<th>M\u00e1s informaci\u00f3n<\/th>\n<\/tr>\n<\/thead>\n<tbody>\n<tr>\n<td>Alemania<\/td>\n<td style=\"text-align: center;\">s\u00ed<\/td>\n<td style=\"text-align: center;\">s\u00ed<\/td>\n<td style=\"text-align: center;\"><a href=\"https:\/\/www.bfarm.de\/DE\/Bundesopiumstelle\/Medizinisches-Cannabis\/_node.html\" target=\"_blank\" rel=\"noopener noreferrer\">Cannabisagentur<\/a><\/td>\n<\/tr>\n<tr>\n<td>Australia<\/td>\n<td style=\"text-align: center;\">s\u00ed<\/td>\n<td style=\"text-align: center;\">s\u00ed<\/td>\n<td style=\"text-align: center;\"><a href=\"https:\/\/www.tga.gov.au\/resources\/explore-topic\/medicinal-cannabis-hub\/medicinal-cannabis-information-patients\/accessing-medicinal-cannabis-patient\" target=\"_blank\" rel=\"noopener\">TGA<\/a><\/td>\n<\/tr>\n<tr>\n<td>Austria<\/td>\n<td style=\"text-align: center;\">no<\/td>\n<td style=\"text-align: center;\">s\u00ed<\/td>\n<td style=\"text-align: center;\"><a href=\"https:\/\/www.ages.at\/\" target=\"_blank\" rel=\"noopener noreferrer\">AGES<\/a><\/td>\n<\/tr>\n<tr>\n<td>Brasil<\/td>\n<td style=\"text-align: center;\">no<\/td>\n<td style=\"text-align: center;\">s\u00ed<\/td>\n<td style=\"text-align: center;\"><a href=\"https:\/\/www.gov.br\/anvisa\/pt-br\" target=\"_blank\" rel=\"noopener noreferrer\">ANVISA<\/a><\/td>\n<\/tr>\n<tr>\n<td>Canad\u00e1<\/td>\n<td style=\"text-align: center;\">no<\/td>\n<td style=\"text-align: center;\">s\u00ed<\/td>\n<td style=\"text-align: center;\"><a href=\"https:\/\/www.canada.ca\/en\/health-canada\/services\/drugs-medication\/cannabis.html\" target=\"_blank\" rel=\"noopener noreferrer\">Health Canada<\/a><\/td>\n<\/tr>\n<tr>\n<td>Dinamarca<\/td>\n<td style=\"text-align: center;\">s\u00ed<\/td>\n<td style=\"text-align: center;\">s\u00ed<\/td>\n<td style=\"text-align: center;\"><a href=\"https:\/\/laegemiddelstyrelsen.dk\/en\" target=\"_blank\" rel=\"noopener noreferrer\">L\u00e6gemiddelstyrelsen<\/a><\/td>\n<\/tr>\n<tr>\n<td>Estados Unidos<\/td>\n<td style=\"text-align: center;\">no<\/td>\n<td style=\"text-align: center;\">s\u00ed<\/td>\n<td style=\"text-align: center;\"><a href=\"https:\/\/www.fda.gov\/\" target=\"_blank\" rel=\"noopener noreferrer\">FDA<\/a><\/td>\n<\/tr>\n<tr>\n<td>Finlandia<\/td>\n<td style=\"text-align: center;\">limitado<\/td>\n<td style=\"text-align: center;\">s\u00ed<\/td>\n<td style=\"text-align: center;\"><a href=\"https:\/\/fimea.fi\/en\/frontpage\" target=\"_blank\" rel=\"noopener noreferrer\">Fimea<\/a><\/td>\n<\/tr>\n<tr>\n<td>Francia<\/td>\n<td style=\"text-align: center;\">limitado<\/td>\n<td style=\"text-align: center;\">s\u00ed<\/td>\n<td style=\"text-align: center;\"><a href=\"https:\/\/ansm.sante.fr\/\" target=\"_blank\" rel=\"noopener noreferrer\">ANSM<\/a><\/td>\n<\/tr>\n<tr>\n<td>Irlanda<\/td>\n<td style=\"text-align: center;\">s\u00ed<\/td>\n<td style=\"text-align: center;\">no<\/td>\n<td style=\"text-align: center;\"><a href=\"https:\/\/www.hpra.ie\/\" target=\"_blank\" rel=\"noopener noreferrer\">HPRA<\/a><\/td>\n<\/tr>\n<tr>\n<td>Israel<\/td>\n<td style=\"text-align: center;\">limitado<\/td>\n<td style=\"text-align: center;\">s\u00ed<\/td>\n<td style=\"text-align: center;\"><a href=\"https:\/\/www.gov.il\/en\/service\/cannabis-request\" target=\"_blank\" rel=\"noopener noreferrer\">MCU<\/a><\/td>\n<\/tr>\n<tr>\n<td>Italia<\/td>\n<td style=\"text-align: center;\">s\u00ed<\/td>\n<td style=\"text-align: center;\">s\u00ed<\/td>\n<td style=\"text-align: center;\"><a href=\"https:\/\/www.aifa.gov.it\" target=\"_blank\" rel=\"noopener noreferrer\">AIFA<\/a><\/td>\n<\/tr>\n<tr>\n<td>Macedonia<\/td>\n<td style=\"text-align: center;\">no<\/td>\n<td style=\"text-align: center;\">s\u00ed<\/td>\n<td style=\"text-align: center;\"><a href=\"https:\/\/www.iph.mk\/en\/\" target=\"_blank\" rel=\"noopener noreferrer\">IPH<\/a><\/td>\n<\/tr>\n<tr>\n<td>Mexico<\/td>\n<td style=\"text-align: center;\">no<\/td>\n<td style=\"text-align: center;\">no<\/td>\n<td style=\"text-align: center;\"><a href=\"https:\/\/www.gob.mx\/cofepris\/\" target=\"_blank\" rel=\"noopener noreferrer\">Cofepris<\/a><\/td>\n<\/tr>\n<tr>\n<td>Noruega<\/td>\n<td style=\"text-align: center;\">limitado<\/td>\n<td style=\"text-align: center;\">no<\/td>\n<td style=\"text-align: center;\"><a href=\"https:\/\/www.dmp.no\/en\" target=\"_blank\" rel=\"noopener noreferrer\">Statens legemiddelverk<\/a><\/td>\n<\/tr>\n<tr>\n<td>Pa\u00edses Bajos<\/td>\n<td style=\"text-align: center;\">s\u00ed<\/td>\n<td style=\"text-align: center;\">s\u00ed<\/td>\n<td style=\"text-align: center;\"><a href=\"https:\/\/english.cannabisbureau.nl\/\" target=\"_blank\" rel=\"noopener noreferrer\">OMC<\/a><\/td>\n<\/tr>\n<tr>\n<td>Polonia<\/td>\n<td style=\"text-align: center;\">limitado<\/td>\n<td style=\"text-align: center;\">s\u00ed<\/td>\n<td style=\"text-align: center;\"><a href=\"https:\/\/www.urpl.gov.pl\/en\/office\" target=\"_blank\" rel=\"noopener noreferrer\">URPL<\/a><\/td>\n<\/tr>\n<tr>\n<td>Reino Unido<\/td>\n<td style=\"text-align: center;\">no<\/td>\n<td style=\"text-align: center;\">no<\/td>\n<td style=\"text-align: center;\"><a href=\"https:\/\/www.gov.uk\/government\/collections\/drugs-licensing\" target=\"_blank\" rel=\"noopener noreferrer\">Home Office<\/a><\/td>\n<\/tr>\n<tr>\n<td>Rep\u00fablica Checa<\/td>\n<td style=\"text-align: center;\">s\u00ed<\/td>\n<td style=\"text-align: center;\">s\u00ed<\/td>\n<td style=\"text-align: center;\"><a href=\"https:\/\/sukl.gov.cz\/en\/\" target=\"_blank\" rel=\"noopener noreferrer\">Sakl<\/a><\/td>\n<\/tr>\n<tr>\n<td>Suecia<\/td>\n<td style=\"text-align: center;\">limitado<\/td>\n<td style=\"text-align: center;\">no<\/td>\n<td style=\"text-align: center;\"><a href=\"https:\/\/www.lakemedelsverket.se\/en\" target=\"_blank\" rel=\"noopener noreferrer\">L\u00e4kemedelsverket<\/a><\/td>\n<\/tr>\n<tr>\n<td>Suiza<\/td>\n<td style=\"text-align: center;\">limitado<\/td>\n<td style=\"text-align: center;\">no<\/td>\n<td style=\"text-align: center;\"><a href=\"https:\/\/www.bag.admin.ch\/de\" target=\"_blank\" rel=\"noopener noreferrer\">OFSP<\/a><\/td>\n<\/tr>\n<\/tbody>\n<\/table>\n[\/mk_table][mk_padding_divider][\/vc_column][\/vc_row]\n<\/div>","protected":false},"excerpt":{"rendered":"<p>[mk_page_section bg_image=&#8221;http:\/\/bedrocan.com\/wp-content\/uploads\/bedrocan_cannabis_header.jpg&#8221; bg_position=&#8221;center center&#8221; bg_repeat=&#8221;no-repeat&#8221; bg_stretch=&#8221;true&#8221; min_height=&#8221;300&#8243; full_width=&#8221;true&#8221; top_shape_color=&#8221;#ffffff&#8221; bottom_shape_color=&#8221;#ffffff&#8221; visibility=&#8221;hidden-sm&#8221; sidebar=&#8221;sidebar-1&#8243;][vc_column][\/vc_column][\/mk_page_section][vc_row][vc_column][vc_empty_space height=&#8221;45px&#8221;][vc_column_text css=&#8221;.vc_custom_1504618073538{margin-bottom: 0px !important;}&#8221;] Disponibilidad [\/vc_column_text][vc_separator color=&#8221;custom&#8221; align=&#8221;align_left&#8221; border_width=&#8221;5&#8243; el_width=&#8221;10&#8243; accent_color=&#8221;#008752&#8243; css=&#8221;.vc_custom_1468403515259{margin-top: -10px !important;margin-bottom: 10px !important;}&#8221;][\/vc_column][\/vc_row][vc_row][vc_column][mk_padding_divider][vc_column_text css=&#8221;.vc_custom_1612799274265{margin-bottom: 0px !important;}&#8221;]Actualmente, Bedrocan suministra cannabis medicinal a pacientes (bajo el seguimiento de un m\u00e9dico) e investigadores de todo el mundo. La disponibilidad por pa\u00eds se menciona [&hellip;]<\/p>\n","protected":false},"author":3,"featured_media":49827,"parent":10832,"menu_order":8,"comment_status":"closed","ping_status":"closed","template":"","meta":{"footnotes":""},"class_list":["post-10850","page","type-page","status-publish","has-post-thumbnail","hentry"],"yoast_head":"<!-- This site is optimized with the Yoast SEO plugin v27.3 - https:\/\/yoast.com\/product\/yoast-seo-wordpress\/ -->\n<title>La disponibilidad de Bedrocan<\/title>\n<meta name=\"description\" content=\"Disponibilidad - El cannabis medicinal Bedrocan est\u00e1 disponible en varios pa\u00edses, incluidos Alemania, Italia, Dinamarca y Australia.\" \/>\n<meta name=\"robots\" content=\"index, follow, max-snippet:-1, max-image-preview:large, max-video-preview:-1\" \/>\n<link rel=\"canonical\" href=\"https:\/\/bedrocan.com\/es\/productos-de-cannabis\/disponibilidad\/\" \/>\n<meta property=\"og:locale\" content=\"es_ES\" \/>\n<meta property=\"og:type\" content=\"article\" \/>\n<meta property=\"og:title\" content=\"La disponibilidad de Bedrocan\" \/>\n<meta property=\"og:description\" content=\"Disponibilidad - El cannabis medicinal Bedrocan est\u00e1 disponible en varios pa\u00edses, incluidos Alemania, Italia, Dinamarca y Australia.\" \/>\n<meta property=\"og:url\" content=\"https:\/\/bedrocan.com\/es\/productos-de-cannabis\/disponibilidad\/\" \/>\n<meta property=\"og:site_name\" content=\"Bedrocan\" \/>\n<meta property=\"article:publisher\" content=\"https:\/\/www.facebook.com\/Bedrocan\" \/>\n<meta property=\"article:modified_time\" content=\"2026-02-16T10:32:54+00:00\" \/>\n<meta property=\"og:image\" content=\"https:\/\/bedrocan.com\/wp-content\/uploads\/emmeloord-fault_lr-3.jpg\" \/>\n\t<meta property=\"og:image:width\" content=\"1350\" \/>\n\t<meta property=\"og:image:height\" content=\"900\" \/>\n\t<meta property=\"og:image:type\" content=\"image\/jpeg\" \/>\n<meta name=\"twitter:card\" content=\"summary_large_image\" \/>\n<meta name=\"twitter:label1\" content=\"Tiempo de lectura\" \/>\n\t<meta name=\"twitter:data1\" content=\"1 minuto\" \/>\n<script type=\"application\/ld+json\" class=\"yoast-schema-graph\">{\"@context\":\"https:\\\/\\\/schema.org\",\"@graph\":[{\"@type\":\"WebPage\",\"@id\":\"https:\\\/\\\/bedrocan.com\\\/es\\\/productos-de-cannabis\\\/disponibilidad\\\/\",\"url\":\"https:\\\/\\\/bedrocan.com\\\/es\\\/productos-de-cannabis\\\/disponibilidad\\\/\",\"name\":\"La disponibilidad de Bedrocan\",\"isPartOf\":{\"@id\":\"https:\\\/\\\/bedrocan.com\\\/es\\\/#website\"},\"primaryImageOfPage\":{\"@id\":\"https:\\\/\\\/bedrocan.com\\\/es\\\/productos-de-cannabis\\\/disponibilidad\\\/#primaryimage\"},\"image\":{\"@id\":\"https:\\\/\\\/bedrocan.com\\\/es\\\/productos-de-cannabis\\\/disponibilidad\\\/#primaryimage\"},\"thumbnailUrl\":\"https:\\\/\\\/bedrocan.com\\\/wp-content\\\/uploads\\\/emmeloord-fault_lr-3.jpg\",\"datePublished\":\"2023-11-01T07:37:05+00:00\",\"dateModified\":\"2026-02-16T10:32:54+00:00\",\"description\":\"Disponibilidad - El cannabis medicinal Bedrocan est\u00e1 disponible en varios pa\u00edses, incluidos Alemania, Italia, Dinamarca y Australia.\",\"breadcrumb\":{\"@id\":\"https:\\\/\\\/bedrocan.com\\\/es\\\/productos-de-cannabis\\\/disponibilidad\\\/#breadcrumb\"},\"inLanguage\":\"es\",\"potentialAction\":[{\"@type\":\"ReadAction\",\"target\":[\"https:\\\/\\\/bedrocan.com\\\/es\\\/productos-de-cannabis\\\/disponibilidad\\\/\"]}]},{\"@type\":\"ImageObject\",\"inLanguage\":\"es\",\"@id\":\"https:\\\/\\\/bedrocan.com\\\/es\\\/productos-de-cannabis\\\/disponibilidad\\\/#primaryimage\",\"url\":\"https:\\\/\\\/bedrocan.com\\\/wp-content\\\/uploads\\\/emmeloord-fault_lr-3.jpg\",\"contentUrl\":\"https:\\\/\\\/bedrocan.com\\\/wp-content\\\/uploads\\\/emmeloord-fault_lr-3.jpg\",\"width\":1350,\"height\":900,\"caption\":\"Disponibilidad\"},{\"@type\":\"BreadcrumbList\",\"@id\":\"https:\\\/\\\/bedrocan.com\\\/es\\\/productos-de-cannabis\\\/disponibilidad\\\/#breadcrumb\",\"itemListElement\":[{\"@type\":\"ListItem\",\"position\":1,\"name\":\"Home\",\"item\":\"https:\\\/\\\/bedrocan.com\\\/es\\\/\"},{\"@type\":\"ListItem\",\"position\":2,\"name\":\"Productos\",\"item\":\"https:\\\/\\\/bedrocan.com\\\/es\\\/productos-de-cannabis\\\/\"},{\"@type\":\"ListItem\",\"position\":3,\"name\":\"Disponibilidad\"}]},{\"@type\":\"WebSite\",\"@id\":\"https:\\\/\\\/bedrocan.com\\\/es\\\/#website\",\"url\":\"https:\\\/\\\/bedrocan.com\\\/es\\\/\",\"name\":\"Bedrocan\",\"description\":\"medicinal cannabis\",\"publisher\":{\"@id\":\"https:\\\/\\\/bedrocan.com\\\/es\\\/#organization\"},\"potentialAction\":[{\"@type\":\"SearchAction\",\"target\":{\"@type\":\"EntryPoint\",\"urlTemplate\":\"https:\\\/\\\/bedrocan.com\\\/es\\\/?s={search_term_string}\"},\"query-input\":{\"@type\":\"PropertyValueSpecification\",\"valueRequired\":true,\"valueName\":\"search_term_string\"}}],\"inLanguage\":\"es\"},{\"@type\":\"Organization\",\"@id\":\"https:\\\/\\\/bedrocan.com\\\/es\\\/#organization\",\"name\":\"Bedrocan\",\"url\":\"https:\\\/\\\/bedrocan.com\\\/es\\\/\",\"logo\":{\"@type\":\"ImageObject\",\"inLanguage\":\"es\",\"@id\":\"https:\\\/\\\/bedrocan.com\\\/es\\\/#\\\/schema\\\/logo\\\/image\\\/\",\"url\":\"https:\\\/\\\/bedrocan.com\\\/wp-content\\\/uploads\\\/logo-bedrocan-mail.png\",\"contentUrl\":\"https:\\\/\\\/bedrocan.com\\\/wp-content\\\/uploads\\\/logo-bedrocan-mail.png\",\"width\":185,\"height\":31,\"caption\":\"Bedrocan\"},\"image\":{\"@id\":\"https:\\\/\\\/bedrocan.com\\\/es\\\/#\\\/schema\\\/logo\\\/image\\\/\"},\"sameAs\":[\"https:\\\/\\\/www.facebook.com\\\/Bedrocan\",\"https:\\\/\\\/www.linkedin.com\\\/company\\\/bedrocan\\\/\",\"https:\\\/\\\/www.instagram.com\\\/bedrocan_international\\\/\"]}]}<\/script>\n<!-- \/ Yoast SEO plugin. -->","yoast_head_json":{"title":"La disponibilidad de Bedrocan","description":"Disponibilidad - El cannabis medicinal Bedrocan est\u00e1 disponible en varios pa\u00edses, incluidos Alemania, Italia, Dinamarca y Australia.","robots":{"index":"index","follow":"follow","max-snippet":"max-snippet:-1","max-image-preview":"max-image-preview:large","max-video-preview":"max-video-preview:-1"},"canonical":"https:\/\/bedrocan.com\/es\/productos-de-cannabis\/disponibilidad\/","og_locale":"es_ES","og_type":"article","og_title":"La disponibilidad de Bedrocan","og_description":"Disponibilidad - El cannabis medicinal Bedrocan est\u00e1 disponible en varios pa\u00edses, incluidos Alemania, Italia, Dinamarca y Australia.","og_url":"https:\/\/bedrocan.com\/es\/productos-de-cannabis\/disponibilidad\/","og_site_name":"Bedrocan","article_publisher":"https:\/\/www.facebook.com\/Bedrocan","article_modified_time":"2026-02-16T10:32:54+00:00","og_image":[{"width":1350,"height":900,"url":"https:\/\/bedrocan.com\/wp-content\/uploads\/emmeloord-fault_lr-3.jpg","type":"image\/jpeg"}],"twitter_card":"summary_large_image","twitter_misc":{"Tiempo de lectura":"1 minuto"},"schema":{"@context":"https:\/\/schema.org","@graph":[{"@type":"WebPage","@id":"https:\/\/bedrocan.com\/es\/productos-de-cannabis\/disponibilidad\/","url":"https:\/\/bedrocan.com\/es\/productos-de-cannabis\/disponibilidad\/","name":"La disponibilidad de Bedrocan","isPartOf":{"@id":"https:\/\/bedrocan.com\/es\/#website"},"primaryImageOfPage":{"@id":"https:\/\/bedrocan.com\/es\/productos-de-cannabis\/disponibilidad\/#primaryimage"},"image":{"@id":"https:\/\/bedrocan.com\/es\/productos-de-cannabis\/disponibilidad\/#primaryimage"},"thumbnailUrl":"https:\/\/bedrocan.com\/wp-content\/uploads\/emmeloord-fault_lr-3.jpg","datePublished":"2023-11-01T07:37:05+00:00","dateModified":"2026-02-16T10:32:54+00:00","description":"Disponibilidad - El cannabis medicinal Bedrocan est\u00e1 disponible en varios pa\u00edses, incluidos Alemania, Italia, Dinamarca y Australia.","breadcrumb":{"@id":"https:\/\/bedrocan.com\/es\/productos-de-cannabis\/disponibilidad\/#breadcrumb"},"inLanguage":"es","potentialAction":[{"@type":"ReadAction","target":["https:\/\/bedrocan.com\/es\/productos-de-cannabis\/disponibilidad\/"]}]},{"@type":"ImageObject","inLanguage":"es","@id":"https:\/\/bedrocan.com\/es\/productos-de-cannabis\/disponibilidad\/#primaryimage","url":"https:\/\/bedrocan.com\/wp-content\/uploads\/emmeloord-fault_lr-3.jpg","contentUrl":"https:\/\/bedrocan.com\/wp-content\/uploads\/emmeloord-fault_lr-3.jpg","width":1350,"height":900,"caption":"Disponibilidad"},{"@type":"BreadcrumbList","@id":"https:\/\/bedrocan.com\/es\/productos-de-cannabis\/disponibilidad\/#breadcrumb","itemListElement":[{"@type":"ListItem","position":1,"name":"Home","item":"https:\/\/bedrocan.com\/es\/"},{"@type":"ListItem","position":2,"name":"Productos","item":"https:\/\/bedrocan.com\/es\/productos-de-cannabis\/"},{"@type":"ListItem","position":3,"name":"Disponibilidad"}]},{"@type":"WebSite","@id":"https:\/\/bedrocan.com\/es\/#website","url":"https:\/\/bedrocan.com\/es\/","name":"Bedrocan","description":"medicinal cannabis","publisher":{"@id":"https:\/\/bedrocan.com\/es\/#organization"},"potentialAction":[{"@type":"SearchAction","target":{"@type":"EntryPoint","urlTemplate":"https:\/\/bedrocan.com\/es\/?s={search_term_string}"},"query-input":{"@type":"PropertyValueSpecification","valueRequired":true,"valueName":"search_term_string"}}],"inLanguage":"es"},{"@type":"Organization","@id":"https:\/\/bedrocan.com\/es\/#organization","name":"Bedrocan","url":"https:\/\/bedrocan.com\/es\/","logo":{"@type":"ImageObject","inLanguage":"es","@id":"https:\/\/bedrocan.com\/es\/#\/schema\/logo\/image\/","url":"https:\/\/bedrocan.com\/wp-content\/uploads\/logo-bedrocan-mail.png","contentUrl":"https:\/\/bedrocan.com\/wp-content\/uploads\/logo-bedrocan-mail.png","width":185,"height":31,"caption":"Bedrocan"},"image":{"@id":"https:\/\/bedrocan.com\/es\/#\/schema\/logo\/image\/"},"sameAs":["https:\/\/www.facebook.com\/Bedrocan","https:\/\/www.linkedin.com\/company\/bedrocan\/","https:\/\/www.instagram.com\/bedrocan_international\/"]}]}},"_links":{"self":[{"href":"https:\/\/bedrocan.com\/es\/wp-json\/wp\/v2\/pages\/10850","targetHints":{"allow":["GET"]}}],"collection":[{"href":"https:\/\/bedrocan.com\/es\/wp-json\/wp\/v2\/pages"}],"about":[{"href":"https:\/\/bedrocan.com\/es\/wp-json\/wp\/v2\/types\/page"}],"author":[{"embeddable":true,"href":"https:\/\/bedrocan.com\/es\/wp-json\/wp\/v2\/users\/3"}],"replies":[{"embeddable":true,"href":"https:\/\/bedrocan.com\/es\/wp-json\/wp\/v2\/comments?post=10850"}],"version-history":[{"count":5,"href":"https:\/\/bedrocan.com\/es\/wp-json\/wp\/v2\/pages\/10850\/revisions"}],"predecessor-version":[{"id":258287,"href":"https:\/\/bedrocan.com\/es\/wp-json\/wp\/v2\/pages\/10850\/revisions\/258287"}],"up":[{"embeddable":true,"href":"https:\/\/bedrocan.com\/es\/wp-json\/wp\/v2\/pages\/10832"}],"wp:featuredmedia":[{"embeddable":true,"href":"https:\/\/bedrocan.com\/es\/wp-json\/wp\/v2\/media\/49827"}],"wp:attachment":[{"href":"https:\/\/bedrocan.com\/es\/wp-json\/wp\/v2\/media?parent=10850"}],"curies":[{"name":"wp","href":"https:\/\/api.w.org\/{rel}","templated":true}]}}