{"id":10882,"date":"2023-11-01T09:01:58","date_gmt":"2023-11-01T08:01:58","guid":{"rendered":"http:\/\/bedrocan.com\/productos-y-servicios\/scientists\/ordering\/"},"modified":"2025-06-17T16:37:37","modified_gmt":"2025-06-17T14:37:37","slug":"como-hacer-un-pedido","status":"publish","type":"page","link":"https:\/\/bedrocan.com\/es\/productos-de-cannabis\/como-hacer-un-pedido\/","title":{"rendered":"Comprar cannabis medicinal"},"content":{"rendered":"<div class=\"wpb-content-wrapper\">[mk_page_section bg_image=&#8221;http:\/\/bedrocan.com\/wp-content\/uploads\/ordering-computer-medicinal-cannabis-by-bedrocan-1280&#215;300.png&#8221; bg_position=&#8221;center center&#8221; bg_repeat=&#8221;no-repeat&#8221; bg_stretch=&#8221;true&#8221; min_height=&#8221;300&#8243; full_width=&#8221;true&#8221; top_shape_color=&#8221;#ffffff&#8221; bottom_shape_color=&#8221;#ffffff&#8221; visibility=&#8221;hidden-sm&#8221; sidebar=&#8221;sidebar-1&#8243;][vc_column][\/vc_column][\/mk_page_section][vc_row][vc_column][vc_empty_space height=&#8221;45px&#8221;][vc_column_text css=&#8221;.vc_custom_1610544934601{margin-bottom: 0px !important;}&#8221;]\n<h1><strong>Comprar cannabis medicinal<\/strong><\/h1>\n[\/vc_column_text][vc_separator color=&#8221;custom&#8221; align=&#8221;align_left&#8221; border_width=&#8221;5&#8243; el_width=&#8221;10&#8243; css=&#8221;.vc_custom_1468403515259{margin-top: -10px !important;margin-bottom: 10px !important;}&#8221; accent_color=&#8221;#008752&#8243;][\/vc_column][\/vc_row][vc_row][vc_column][mk_padding_divider][vc_column_text css=&#8221;.vc_custom_1749233722298{margin-bottom: 0px !important;}&#8221;]El cannabis medicinal puede comprarse a trav\u00e9s de distintos canales. Los pedidos de cannabis medicinal como principio activo pueden hacerse directamente a la Oficina Neerlandesa de Cannabis Medicinal (OMC). Esta oficina estatal es la responsable de la distribuci\u00f3n y la exportaci\u00f3n. Por lo tanto, los negocios e investigadores que deseen utilizar los productos de Bedrocan deben contactar siempre con la OMC. Sus datos de contacto est\u00e1n disponibles en el\u00a0<a href=\"https:\/\/english.cannabisbureau.nl\/\" target=\"_blank\" rel=\"noopener\">sitio web de la OMC<\/a>.[\/vc_column_text][\/vc_column][\/vc_row][vc_row][vc_column][vc_column_text css=&#8221;.vc_custom_1698836117175{margin-bottom: 0px !important;}&#8221;]\n<h2>Comprar cannabis medicinal: Importaci\u00f3n<\/h2>\n<p>Despu\u00e9s de contactar con la OMC, las partes interesadas deben enviar los siguientes documentos:<\/p>\n<ul>\n<li>Dos copias originales de la licencia de importaci\u00f3n de las autoridades locales.<\/li>\n<li>Una carta adjunta que describa la cantidad y el tipo de sustancia que necesita, as\u00ed como el fin para el que se va a utilizar.<\/li>\n<\/ul>\n<p>Una vez recibidos los documentos, la OMC elaborar\u00e1 un contrato por duplicado y facilitar\u00e1 la factura. Una vez recibidos todos los documentos necesarios, la OMC solicitar\u00e1 una licencia de exportaci\u00f3n al Cuerpo de Inspectores de la Sanidad Holandesa(Inspectie Gezondheidszorg en Jeugd) en funci\u00f3n de la licencia de importaci\u00f3n facilitada anteriormente. Una vez que se haya devuelto el contrato firmado, la OMC puede enviar la cantidad solicitada de cannabis medicinal.<\/p>\n<p><strong>Tenga en cuenta lo siguiente:\u00a0<\/strong>El proceso anterior podr\u00eda modificarse y podr\u00edan pedirse documentos adicionales. Contacte con la <a href=\"https:\/\/english.cannabisbureau.nl\/service\/contact\">OMC<\/a>\u00a0para conocer la informaci\u00f3n m\u00e1s reciente.<\/p>\n<h2>Comprar cannabis medicinal: Coste y env\u00edo<\/h2>\n<h3>Coste<\/h3>\n<p>La OMC es el actual distribuidor de los productos de cannabis medicinal de Bedrocan. Cuando Bedrocan env\u00eda los productos fabricados con cannabis a la OMC, el producto es irradiado y embalado por otras empresas contratadas por la OMC. La OMC determina el precio final y entrega una factura. El precio final incluye los costes del cannabis medicinal, las tasas de solicitud del permiso de exportaci\u00f3n y los gastos de env\u00edo.<\/p>\n<h3>Tama\u00f1o<\/h3>\n<p>La OMC env\u00eda el principio activo de cannabis en paquetes a granel con 400 gramos de sustancia vegetal, o en jarras de 5 gramos para uso medicinal.<\/p>\n<h3>Plazo de entrega<\/h3>\n<p>Bedrocan fabrica sus productos de cannabis con regularidad. No obstante, antes de que sea posible estimar el plazo de entrega, el cannabis solicitado debe ser incluido en el programa de producci\u00f3n. Solo entonces la OMC podr\u00e1 calcular la fecha de entrega esperada.<\/p>\n<h3>Env\u00edo<\/h3>\n<p>La OMC tiene una amplia experiencia en el env\u00edo de productos de cannabis en todo el mundo, y utiliza un servicio de mensajer\u00eda de confianza para que se ocupe del env\u00edo.[\/vc_column_text][mk_padding_divider][\/vc_column][\/vc_row][vc_row css=&#8221;.vc_custom_1610703271112{margin-left: 25px !important;padding-right: 25px !important;padding-left: 25px !important;background-color: #f5f5f5 !important;}&#8221;][vc_column][mk_padding_divider][vc_column_text css=&#8221;.vc_custom_1698836132200{margin-bottom: 0px !important;}&#8221;]\n<h3><\/h3>\n<h3><\/h3>\n<h3 style=\"text-align: center;\">Nota a los pacientes<\/h3>\n<p>En esta p\u00e1gina web no puede comprar productos de cannabis o aceite medicinal. No enviamos los productos directamente a los pacientes. Los productos de cannabis de Bedrocan solo est\u00e1n disponibles con receta m\u00e9dica. Por lo tanto, su m\u00e9dico de cabecera o el especialista que le est\u00e9 tratando puede recetarle el cannabis medicinal de Bedrocan. Si en su pa\u00eds est\u00e1 permitido el cannabis medicinal, puede llevar la receta a una farmacia.[\/vc_column_text][mk_padding_divider][\/vc_column][\/vc_row][vc_row][vc_column][mk_padding_divider][\/vc_column][\/vc_row]\n<\/div>","protected":false},"excerpt":{"rendered":"<p>[mk_page_section bg_image=&#8221;http:\/\/bedrocan.com\/wp-content\/uploads\/ordering-computer-medicinal-cannabis-by-bedrocan-1280&#215;300.png&#8221; bg_position=&#8221;center center&#8221; bg_repeat=&#8221;no-repeat&#8221; bg_stretch=&#8221;true&#8221; min_height=&#8221;300&#8243; full_width=&#8221;true&#8221; top_shape_color=&#8221;#ffffff&#8221; bottom_shape_color=&#8221;#ffffff&#8221; visibility=&#8221;hidden-sm&#8221; sidebar=&#8221;sidebar-1&#8243;][vc_column][\/vc_column][\/mk_page_section][vc_row][vc_column][vc_empty_space height=&#8221;45px&#8221;][vc_column_text css=&#8221;.vc_custom_1610544934601{margin-bottom: 0px !important;}&#8221;] Comprar cannabis medicinal [\/vc_column_text][vc_separator color=&#8221;custom&#8221; align=&#8221;align_left&#8221; border_width=&#8221;5&#8243; el_width=&#8221;10&#8243; css=&#8221;.vc_custom_1468403515259{margin-top: -10px !important;margin-bottom: 10px !important;}&#8221; accent_color=&#8221;#008752&#8243;][\/vc_column][\/vc_row][vc_row][vc_column][mk_padding_divider][vc_column_text css=&#8221;.vc_custom_1749233722298{margin-bottom: 0px !important;}&#8221;]El cannabis medicinal puede comprarse a trav\u00e9s de distintos canales. Los pedidos de cannabis medicinal como principio activo pueden hacerse directamente a la [&hellip;]<\/p>\n","protected":false},"author":3,"featured_media":43360,"parent":10832,"menu_order":7,"comment_status":"closed","ping_status":"closed","template":"","meta":{"footnotes":""},"class_list":["post-10882","page","type-page","status-publish","has-post-thumbnail","hentry"],"yoast_head":"<!-- This site is optimized with the Yoast SEO plugin v27.4 - https:\/\/yoast.com\/product\/yoast-seo-wordpress\/ -->\n<title>Comprar cannabis medicinal: Importaci\u00f3n y env\u00edo<\/title>\n<meta name=\"description\" content=\"Comprar cannabis medicinal o placebo. Los pedidos pueden hacerse directamente a la Oficina Holandesa de Cannabis Medicinal.\" \/>\n<meta name=\"robots\" content=\"index, follow, max-snippet:-1, max-image-preview:large, max-video-preview:-1\" \/>\n<link rel=\"canonical\" href=\"https:\/\/bedrocan.com\/es\/productos-de-cannabis\/como-hacer-un-pedido\/\" \/>\n<meta property=\"og:locale\" content=\"es_ES\" \/>\n<meta property=\"og:type\" content=\"article\" \/>\n<meta property=\"og:title\" content=\"Comprar cannabis medicinal: Importaci\u00f3n y env\u00edo\" \/>\n<meta property=\"og:description\" content=\"Comprar cannabis medicinal o placebo. Los pedidos pueden hacerse directamente a la Oficina Holandesa de Cannabis Medicinal.\" \/>\n<meta property=\"og:url\" content=\"https:\/\/bedrocan.com\/es\/productos-de-cannabis\/como-hacer-un-pedido\/\" \/>\n<meta property=\"og:site_name\" content=\"Bedrocan\" \/>\n<meta property=\"article:publisher\" content=\"https:\/\/www.facebook.com\/Bedrocan\" \/>\n<meta property=\"article:modified_time\" content=\"2025-06-17T14:37:37+00:00\" \/>\n<meta property=\"og:image\" content=\"https:\/\/bedrocan.com\/wp-content\/uploads\/cannabis-flos_lr-23.jpg\" \/>\n\t<meta property=\"og:image:width\" content=\"1350\" \/>\n\t<meta property=\"og:image:height\" content=\"900\" \/>\n\t<meta property=\"og:image:type\" content=\"image\/jpeg\" \/>\n<meta name=\"twitter:card\" content=\"summary_large_image\" \/>\n<meta name=\"twitter:label1\" content=\"Tiempo de lectura\" \/>\n\t<meta name=\"twitter:data1\" content=\"3 minutos\" \/>\n<script type=\"application\/ld+json\" class=\"yoast-schema-graph\">{\"@context\":\"https:\\\/\\\/schema.org\",\"@graph\":[{\"@type\":\"WebPage\",\"@id\":\"https:\\\/\\\/bedrocan.com\\\/es\\\/productos-de-cannabis\\\/como-hacer-un-pedido\\\/\",\"url\":\"https:\\\/\\\/bedrocan.com\\\/es\\\/productos-de-cannabis\\\/como-hacer-un-pedido\\\/\",\"name\":\"Comprar cannabis medicinal: Importaci\u00f3n y env\u00edo\",\"isPartOf\":{\"@id\":\"https:\\\/\\\/bedrocan.com\\\/es\\\/#website\"},\"primaryImageOfPage\":{\"@id\":\"https:\\\/\\\/bedrocan.com\\\/es\\\/productos-de-cannabis\\\/como-hacer-un-pedido\\\/#primaryimage\"},\"image\":{\"@id\":\"https:\\\/\\\/bedrocan.com\\\/es\\\/productos-de-cannabis\\\/como-hacer-un-pedido\\\/#primaryimage\"},\"thumbnailUrl\":\"https:\\\/\\\/bedrocan.com\\\/wp-content\\\/uploads\\\/cannabis-flos_lr-23.jpg\",\"datePublished\":\"2023-11-01T08:01:58+00:00\",\"dateModified\":\"2025-06-17T14:37:37+00:00\",\"description\":\"Comprar cannabis medicinal o placebo. Los pedidos pueden hacerse directamente a la Oficina Holandesa de Cannabis Medicinal.\",\"breadcrumb\":{\"@id\":\"https:\\\/\\\/bedrocan.com\\\/es\\\/productos-de-cannabis\\\/como-hacer-un-pedido\\\/#breadcrumb\"},\"inLanguage\":\"es\",\"potentialAction\":[{\"@type\":\"ReadAction\",\"target\":[\"https:\\\/\\\/bedrocan.com\\\/es\\\/productos-de-cannabis\\\/como-hacer-un-pedido\\\/\"]}]},{\"@type\":\"ImageObject\",\"inLanguage\":\"es\",\"@id\":\"https:\\\/\\\/bedrocan.com\\\/es\\\/productos-de-cannabis\\\/como-hacer-un-pedido\\\/#primaryimage\",\"url\":\"https:\\\/\\\/bedrocan.com\\\/wp-content\\\/uploads\\\/cannabis-flos_lr-23.jpg\",\"contentUrl\":\"https:\\\/\\\/bedrocan.com\\\/wp-content\\\/uploads\\\/cannabis-flos_lr-23.jpg\",\"width\":1350,\"height\":900,\"caption\":\"Comprar Cannabis\"},{\"@type\":\"BreadcrumbList\",\"@id\":\"https:\\\/\\\/bedrocan.com\\\/es\\\/productos-de-cannabis\\\/como-hacer-un-pedido\\\/#breadcrumb\",\"itemListElement\":[{\"@type\":\"ListItem\",\"position\":1,\"name\":\"Home\",\"item\":\"https:\\\/\\\/bedrocan.com\\\/es\\\/\"},{\"@type\":\"ListItem\",\"position\":2,\"name\":\"Productos\",\"item\":\"https:\\\/\\\/bedrocan.com\\\/es\\\/productos-de-cannabis\\\/\"},{\"@type\":\"ListItem\",\"position\":3,\"name\":\"Comprar cannabis medicinal\"}]},{\"@type\":\"WebSite\",\"@id\":\"https:\\\/\\\/bedrocan.com\\\/es\\\/#website\",\"url\":\"https:\\\/\\\/bedrocan.com\\\/es\\\/\",\"name\":\"Bedrocan\",\"description\":\"medicinal cannabis\",\"publisher\":{\"@id\":\"https:\\\/\\\/bedrocan.com\\\/es\\\/#organization\"},\"potentialAction\":[{\"@type\":\"SearchAction\",\"target\":{\"@type\":\"EntryPoint\",\"urlTemplate\":\"https:\\\/\\\/bedrocan.com\\\/es\\\/?s={search_term_string}\"},\"query-input\":{\"@type\":\"PropertyValueSpecification\",\"valueRequired\":true,\"valueName\":\"search_term_string\"}}],\"inLanguage\":\"es\"},{\"@type\":\"Organization\",\"@id\":\"https:\\\/\\\/bedrocan.com\\\/es\\\/#organization\",\"name\":\"Bedrocan\",\"url\":\"https:\\\/\\\/bedrocan.com\\\/es\\\/\",\"logo\":{\"@type\":\"ImageObject\",\"inLanguage\":\"es\",\"@id\":\"https:\\\/\\\/bedrocan.com\\\/es\\\/#\\\/schema\\\/logo\\\/image\\\/\",\"url\":\"https:\\\/\\\/bedrocan.com\\\/wp-content\\\/uploads\\\/logo-bedrocan-mail.png\",\"contentUrl\":\"https:\\\/\\\/bedrocan.com\\\/wp-content\\\/uploads\\\/logo-bedrocan-mail.png\",\"width\":185,\"height\":31,\"caption\":\"Bedrocan\"},\"image\":{\"@id\":\"https:\\\/\\\/bedrocan.com\\\/es\\\/#\\\/schema\\\/logo\\\/image\\\/\"},\"sameAs\":[\"https:\\\/\\\/www.facebook.com\\\/Bedrocan\",\"https:\\\/\\\/www.linkedin.com\\\/company\\\/bedrocan\\\/\",\"https:\\\/\\\/www.instagram.com\\\/bedrocan_international\\\/\"]}]}<\/script>\n<!-- \/ Yoast SEO plugin. -->","yoast_head_json":{"title":"Comprar cannabis medicinal: Importaci\u00f3n y env\u00edo","description":"Comprar cannabis medicinal o placebo. Los pedidos pueden hacerse directamente a la Oficina Holandesa de Cannabis Medicinal.","robots":{"index":"index","follow":"follow","max-snippet":"max-snippet:-1","max-image-preview":"max-image-preview:large","max-video-preview":"max-video-preview:-1"},"canonical":"https:\/\/bedrocan.com\/es\/productos-de-cannabis\/como-hacer-un-pedido\/","og_locale":"es_ES","og_type":"article","og_title":"Comprar cannabis medicinal: Importaci\u00f3n y env\u00edo","og_description":"Comprar cannabis medicinal o placebo. Los pedidos pueden hacerse directamente a la Oficina Holandesa de Cannabis Medicinal.","og_url":"https:\/\/bedrocan.com\/es\/productos-de-cannabis\/como-hacer-un-pedido\/","og_site_name":"Bedrocan","article_publisher":"https:\/\/www.facebook.com\/Bedrocan","article_modified_time":"2025-06-17T14:37:37+00:00","og_image":[{"width":1350,"height":900,"url":"https:\/\/bedrocan.com\/wp-content\/uploads\/cannabis-flos_lr-23.jpg","type":"image\/jpeg"}],"twitter_card":"summary_large_image","twitter_misc":{"Tiempo de lectura":"3 minutos"},"schema":{"@context":"https:\/\/schema.org","@graph":[{"@type":"WebPage","@id":"https:\/\/bedrocan.com\/es\/productos-de-cannabis\/como-hacer-un-pedido\/","url":"https:\/\/bedrocan.com\/es\/productos-de-cannabis\/como-hacer-un-pedido\/","name":"Comprar cannabis medicinal: Importaci\u00f3n y env\u00edo","isPartOf":{"@id":"https:\/\/bedrocan.com\/es\/#website"},"primaryImageOfPage":{"@id":"https:\/\/bedrocan.com\/es\/productos-de-cannabis\/como-hacer-un-pedido\/#primaryimage"},"image":{"@id":"https:\/\/bedrocan.com\/es\/productos-de-cannabis\/como-hacer-un-pedido\/#primaryimage"},"thumbnailUrl":"https:\/\/bedrocan.com\/wp-content\/uploads\/cannabis-flos_lr-23.jpg","datePublished":"2023-11-01T08:01:58+00:00","dateModified":"2025-06-17T14:37:37+00:00","description":"Comprar cannabis medicinal o placebo. Los pedidos pueden hacerse directamente a la Oficina Holandesa de Cannabis Medicinal.","breadcrumb":{"@id":"https:\/\/bedrocan.com\/es\/productos-de-cannabis\/como-hacer-un-pedido\/#breadcrumb"},"inLanguage":"es","potentialAction":[{"@type":"ReadAction","target":["https:\/\/bedrocan.com\/es\/productos-de-cannabis\/como-hacer-un-pedido\/"]}]},{"@type":"ImageObject","inLanguage":"es","@id":"https:\/\/bedrocan.com\/es\/productos-de-cannabis\/como-hacer-un-pedido\/#primaryimage","url":"https:\/\/bedrocan.com\/wp-content\/uploads\/cannabis-flos_lr-23.jpg","contentUrl":"https:\/\/bedrocan.com\/wp-content\/uploads\/cannabis-flos_lr-23.jpg","width":1350,"height":900,"caption":"Comprar Cannabis"},{"@type":"BreadcrumbList","@id":"https:\/\/bedrocan.com\/es\/productos-de-cannabis\/como-hacer-un-pedido\/#breadcrumb","itemListElement":[{"@type":"ListItem","position":1,"name":"Home","item":"https:\/\/bedrocan.com\/es\/"},{"@type":"ListItem","position":2,"name":"Productos","item":"https:\/\/bedrocan.com\/es\/productos-de-cannabis\/"},{"@type":"ListItem","position":3,"name":"Comprar cannabis medicinal"}]},{"@type":"WebSite","@id":"https:\/\/bedrocan.com\/es\/#website","url":"https:\/\/bedrocan.com\/es\/","name":"Bedrocan","description":"medicinal cannabis","publisher":{"@id":"https:\/\/bedrocan.com\/es\/#organization"},"potentialAction":[{"@type":"SearchAction","target":{"@type":"EntryPoint","urlTemplate":"https:\/\/bedrocan.com\/es\/?s={search_term_string}"},"query-input":{"@type":"PropertyValueSpecification","valueRequired":true,"valueName":"search_term_string"}}],"inLanguage":"es"},{"@type":"Organization","@id":"https:\/\/bedrocan.com\/es\/#organization","name":"Bedrocan","url":"https:\/\/bedrocan.com\/es\/","logo":{"@type":"ImageObject","inLanguage":"es","@id":"https:\/\/bedrocan.com\/es\/#\/schema\/logo\/image\/","url":"https:\/\/bedrocan.com\/wp-content\/uploads\/logo-bedrocan-mail.png","contentUrl":"https:\/\/bedrocan.com\/wp-content\/uploads\/logo-bedrocan-mail.png","width":185,"height":31,"caption":"Bedrocan"},"image":{"@id":"https:\/\/bedrocan.com\/es\/#\/schema\/logo\/image\/"},"sameAs":["https:\/\/www.facebook.com\/Bedrocan","https:\/\/www.linkedin.com\/company\/bedrocan\/","https:\/\/www.instagram.com\/bedrocan_international\/"]}]}},"_links":{"self":[{"href":"https:\/\/bedrocan.com\/es\/wp-json\/wp\/v2\/pages\/10882","targetHints":{"allow":["GET"]}}],"collection":[{"href":"https:\/\/bedrocan.com\/es\/wp-json\/wp\/v2\/pages"}],"about":[{"href":"https:\/\/bedrocan.com\/es\/wp-json\/wp\/v2\/types\/page"}],"author":[{"embeddable":true,"href":"https:\/\/bedrocan.com\/es\/wp-json\/wp\/v2\/users\/3"}],"replies":[{"embeddable":true,"href":"https:\/\/bedrocan.com\/es\/wp-json\/wp\/v2\/comments?post=10882"}],"version-history":[{"count":5,"href":"https:\/\/bedrocan.com\/es\/wp-json\/wp\/v2\/pages\/10882\/revisions"}],"predecessor-version":[{"id":202833,"href":"https:\/\/bedrocan.com\/es\/wp-json\/wp\/v2\/pages\/10882\/revisions\/202833"}],"up":[{"embeddable":true,"href":"https:\/\/bedrocan.com\/es\/wp-json\/wp\/v2\/pages\/10832"}],"wp:featuredmedia":[{"embeddable":true,"href":"https:\/\/bedrocan.com\/es\/wp-json\/wp\/v2\/media\/43360"}],"wp:attachment":[{"href":"https:\/\/bedrocan.com\/es\/wp-json\/wp\/v2\/media?parent=10882"}],"curies":[{"name":"wp","href":"https:\/\/api.w.org\/{rel}","templated":true}]}}