{"id":10883,"date":"2021-06-20T14:43:01","date_gmt":"2021-06-20T12:43:01","guid":{"rendered":"http:\/\/bedrocan.com\/productos-y-servicios\/pharma\/"},"modified":"2025-07-04T14:19:20","modified_gmt":"2025-07-04T12:19:20","slug":"principio-activo-y-materias-primas","status":"publish","type":"page","link":"https:\/\/bedrocan.com\/es\/productos-de-cannabis\/principio-activo-y-materias-primas\/","title":{"rendered":"Principio activo y materias primas"},"content":{"rendered":"<div class=\"wpb-content-wrapper\">[mk_page_section bg_image=&#8221;http:\/\/bedrocan.com\/wp-content\/uploads\/female-cannabis-flower-with-trichomes-bedrocan-.jpg&#8221; bg_position=&#8221;center center&#8221; bg_repeat=&#8221;no-repeat&#8221; bg_stretch=&#8221;true&#8221; min_height=&#8221;300&#8243; full_width=&#8221;true&#8221; top_shape_color=&#8221;#ffffff&#8221; bottom_shape_color=&#8221;#ffffff&#8221; visibility=&#8221;hidden-sm&#8221; sidebar=&#8221;sidebar-1&#8243;][vc_column][\/vc_column][\/mk_page_section][vc_row][vc_column][vc_empty_space height=&#8221;45px&#8221;][vc_column_text css=&#8221;.vc_custom_1610715589294{margin-bottom: 0px !important;}&#8221;]\n<h1>Principio activo y materias primas<\/h1>\n[\/vc_column_text][vc_separator color=&#8221;custom&#8221; align=&#8221;align_left&#8221; border_width=&#8221;5&#8243; el_width=&#8221;10&#8243; css=&#8221;.vc_custom_1468403515259{margin-top: -10px !important;margin-bottom: 10px !important;}&#8221; accent_color=&#8221;#008752&#8243;][\/vc_column][\/vc_row][vc_row][vc_column][mk_padding_divider][vc_column_text css=&#8221;.vc_custom_1750427286342{margin-bottom: 0px !important;}&#8221;]Bedrocan es la \u00fanica empresa del mundo con la capacidad probada de producir cannabis en flor estandarizado (flores secas, enteras) en forma de principio activo. A trav\u00e9s de una combinaci\u00f3n de gen\u00e9tica de plantas estable, t\u00e9cnicas de producci\u00f3n automatizadas y alta tecnolog\u00eda, Bedrocan tiene la capacidad de cultivar constantemente variedades que contienen niveles consistentes de cannabinoides y terpenos.<\/p>\n<h2>Flor o versi\u00f3n industrial<\/h2>\n<p>Todos los <a href=\"https:\/\/bedrocan.com\/es\/productos-de-cannabis\/\">productos Bedrocan<\/a>\u00a0est\u00e1n disponibles como un todo, en forma de flor seca o en versi\u00f3n industrial. Las variedades en forma de flor seca pueden utilizarse como materia prima para el desarrollo de productos farmac\u00e9uticos o como principio activo. La forma industrial puede utilizarse como materia primapara el desarrollo de productos farmac\u00e9uticos.<\/p>\n<h2>Principio activo: polvo de tricoma<\/h2>\n<p>Bedrocan tambi\u00e9n puede suministrar las cinco variedades, previa autorizaci\u00f3n, en forma de extractos secos o polvo de\u00a0<a href=\"https:\/\/es.wikipedia.org\/wiki\/Tricoma\" target=\"_blank\" rel=\"noopener\">tricoma<\/a>. El polvo de tricoma puede utilizarse como ingrediente activo para producir aislados de THC o CBD, as\u00ed como aceite de cannabis de espectro completo. Debido a sus elevadas concentraciones, el uso del polvo es mucho m\u00e1s rentable para los fabricantes de un producto final que el uso de toda la flor de cannabis comomateria prima, lo que incluye tanto los tricomas como las sustancias vegetales. Adem\u00e1s, el aceite preparado a partir de este polvo es mucho m\u00e1s puro que lo que[\/vc_column_text][\/vc_column][\/vc_row][vc_row][vc_column][mk_padding_divider][vc_column_text css=&#8221;.vc_custom_1750427422145{margin-bottom: 0px !important;}&#8221;]\n<h2>Pedidos<\/h2>\n[\/vc_column_text][vc_column_text css=&#8221;.vc_custom_1750427449519{margin-bottom: 0px !important;}&#8221;]Contacte con nuestro equipo comercial:[\/vc_column_text][vc_column_text css=&#8221;.vc_custom_1751631491358{margin-bottom: 0px !important;}&#8221;]\n<div class=\"wpcf7 no-js\" id=\"wpcf7-f12611-o1\" lang=\"en-US\" dir=\"ltr\" data-wpcf7-id=\"12611\">\n<div class=\"screen-reader-response\"><p role=\"status\" aria-live=\"polite\" aria-atomic=\"true\"><\/p> <ul><\/ul><\/div>\n<form action=\"\/es\/wp-json\/wp\/v2\/pages\/10883#wpcf7-f12611-o1\" method=\"post\" class=\"wpcf7-form init\" aria-label=\"Contact form\" novalidate=\"novalidate\" data-status=\"init\">\n<fieldset class=\"hidden-fields-container\"><input type=\"hidden\" name=\"_wpcf7\" value=\"12611\" \/><input type=\"hidden\" name=\"_wpcf7_version\" value=\"6.1.5\" \/><input type=\"hidden\" name=\"_wpcf7_locale\" value=\"en_US\" \/><input type=\"hidden\" name=\"_wpcf7_unit_tag\" value=\"wpcf7-f12611-o1\" \/><input type=\"hidden\" name=\"_wpcf7_container_post\" value=\"0\" \/><input type=\"hidden\" name=\"_wpcf7_posted_data_hash\" value=\"\" \/><input type=\"hidden\" name=\"_wpcf7_recaptcha_response\" value=\"\" \/>\n<\/fieldset>\n<p>Nombre <span style=\"color:#a00;\">*<\/span>\n<\/p>\n<p><span class=\"wpcf7-form-control-wrap\" data-name=\"your-name\"><input size=\"40\" maxlength=\"400\" class=\"wpcf7-form-control wpcf7-text wpcf7-validates-as-required\" aria-required=\"true\" aria-invalid=\"false\" value=\"\" type=\"text\" name=\"your-name\" \/><\/span>\n<\/p>\n<p>Correo electr\u00f3nico <span style=\"color:#a00;\">*<\/span>\n<\/p>\n<p><span class=\"wpcf7-form-control-wrap\" data-name=\"your-email\"><input size=\"40\" maxlength=\"400\" class=\"wpcf7-form-control wpcf7-email wpcf7-validates-as-required wpcf7-text wpcf7-validates-as-email\" aria-required=\"true\" aria-invalid=\"false\" value=\"\" type=\"email\" name=\"your-email\" \/><\/span>\n<\/p>\n<p>Asunto\n<\/p>\n<p><span class=\"wpcf7-form-control-wrap\" data-name=\"your-subject\"><input size=\"40\" maxlength=\"400\" class=\"wpcf7-form-control wpcf7-text\" aria-invalid=\"false\" value=\"\" type=\"text\" name=\"your-subject\" \/><\/span>\n<\/p>\n<p>Mensaje\n<\/p>\n<p><span class=\"wpcf7-form-control-wrap\" data-name=\"your-message\"><textarea cols=\"40\" rows=\"10\" maxlength=\"2000\" class=\"wpcf7-form-control wpcf7-textarea\" aria-invalid=\"false\" name=\"your-message\"><\/textarea><\/span>\n<\/p>\n<p>Pol\u00edtica de privacidad <span style=\"color:#a00;\">*<\/span>\n<\/p>\n<p><span class=\"wpcf7-form-control-wrap\" data-name=\"acceptance-897\"><span class=\"wpcf7-form-control wpcf7-acceptance\"><span class=\"wpcf7-list-item\"><label><input type=\"checkbox\" name=\"acceptance-897\" value=\"1\" aria-invalid=\"false\" \/><span class=\"wpcf7-list-item-label\">Haciendo clic en el bot\u00f3n Enviar acepta la <a href=\"http:\/\/bedrocan.com\/es\/contacto\/politica-de-privacidad\/\" target=\"_blank\">pol\u00edtica de privacidad<\/span><\/label><\/span><\/span><\/span> de Bedrocan.\n<\/p>\n<p><input class=\"wpcf7-form-control wpcf7-submit has-spinner\" type=\"submit\" value=\"Enviar\" \/>\n<\/p>\n<p><span style=\"color:#a00;\">* Requerido<\/span>\n<\/p><p style=\"display: none !important;\" class=\"akismet-fields-container\" data-prefix=\"_wpcf7_ak_\"><label>&#916;<textarea name=\"_wpcf7_ak_hp_textarea\" cols=\"45\" rows=\"8\" maxlength=\"100\"><\/textarea><\/label><input type=\"hidden\" id=\"ak_js_1\" name=\"_wpcf7_ak_js\" value=\"201\"\/><script>document.getElementById( \"ak_js_1\" ).setAttribute( \"value\", ( new Date() ).getTime() );<\/script><\/p><div class=\"wpcf7-response-output\" aria-hidden=\"true\"><\/div>\n<\/form>\n<\/div>\n[\/vc_column_text][mk_padding_divider][mk_padding_divider][\/vc_column][\/vc_row]\n<\/div>","protected":false},"excerpt":{"rendered":"<p>[mk_page_section bg_image=&#8221;http:\/\/bedrocan.com\/wp-content\/uploads\/female-cannabis-flower-with-trichomes-bedrocan-.jpg&#8221; bg_position=&#8221;center center&#8221; bg_repeat=&#8221;no-repeat&#8221; bg_stretch=&#8221;true&#8221; min_height=&#8221;300&#8243; full_width=&#8221;true&#8221; top_shape_color=&#8221;#ffffff&#8221; bottom_shape_color=&#8221;#ffffff&#8221; visibility=&#8221;hidden-sm&#8221; sidebar=&#8221;sidebar-1&#8243;][vc_column][\/vc_column][\/mk_page_section][vc_row][vc_column][vc_empty_space height=&#8221;45px&#8221;][vc_column_text css=&#8221;.vc_custom_1610715589294{margin-bottom: 0px !important;}&#8221;] Principio activo y materias primas [\/vc_column_text][vc_separator color=&#8221;custom&#8221; align=&#8221;align_left&#8221; border_width=&#8221;5&#8243; el_width=&#8221;10&#8243; css=&#8221;.vc_custom_1468403515259{margin-top: -10px !important;margin-bottom: 10px !important;}&#8221; accent_color=&#8221;#008752&#8243;][\/vc_column][\/vc_row][vc_row][vc_column][mk_padding_divider][vc_column_text css=&#8221;.vc_custom_1750427286342{margin-bottom: 0px !important;}&#8221;]Bedrocan es la \u00fanica empresa del mundo con la capacidad probada de producir cannabis en flor estandarizado (flores secas, enteras) en [&hellip;]<\/p>\n","protected":false},"author":3,"featured_media":43378,"parent":10832,"menu_order":1,"comment_status":"closed","ping_status":"closed","template":"","meta":{"footnotes":""},"class_list":["post-10883","page","type-page","status-publish","has-post-thumbnail","hentry"],"yoast_head":"<!-- This site is optimized with the Yoast SEO plugin v27.3 - https:\/\/yoast.com\/product\/yoast-seo-wordpress\/ -->\n<title>Cannabis estandarizado en forma de Principio activo<\/title>\n<meta name=\"description\" content=\"Bedrocan produce cannabis estandarizado en forma de Principio activo para empresas de desarrollo de f\u00e1rmacos\" \/>\n<meta name=\"robots\" content=\"index, follow, max-snippet:-1, max-image-preview:large, max-video-preview:-1\" \/>\n<link rel=\"canonical\" href=\"https:\/\/bedrocan.com\/es\/productos-de-cannabis\/principio-activo-y-materias-primas\/\" \/>\n<meta property=\"og:locale\" content=\"es_ES\" \/>\n<meta property=\"og:type\" content=\"article\" \/>\n<meta property=\"og:title\" content=\"Cannabis estandarizado en forma de Principio activo\" \/>\n<meta property=\"og:description\" content=\"Bedrocan produce cannabis estandarizado en forma de Principio activo para empresas de desarrollo de f\u00e1rmacos\" \/>\n<meta property=\"og:url\" content=\"https:\/\/bedrocan.com\/es\/productos-de-cannabis\/principio-activo-y-materias-primas\/\" \/>\n<meta property=\"og:site_name\" content=\"Bedrocan\" \/>\n<meta property=\"article:publisher\" content=\"https:\/\/www.facebook.com\/Bedrocan\" \/>\n<meta property=\"article:modified_time\" content=\"2025-07-04T12:19:20+00:00\" \/>\n<meta property=\"og:image\" content=\"https:\/\/bedrocan.com\/wp-content\/uploads\/cannabis-flos_lr-36.jpg\" \/>\n\t<meta property=\"og:image:width\" content=\"900\" \/>\n\t<meta property=\"og:image:height\" content=\"1350\" \/>\n\t<meta property=\"og:image:type\" content=\"image\/jpeg\" \/>\n<meta name=\"twitter:card\" content=\"summary_large_image\" \/>\n<meta name=\"twitter:label1\" content=\"Tiempo de lectura\" \/>\n\t<meta name=\"twitter:data1\" content=\"2 minutos\" \/>\n<script type=\"application\/ld+json\" class=\"yoast-schema-graph\">{\"@context\":\"https:\\\/\\\/schema.org\",\"@graph\":[{\"@type\":\"WebPage\",\"@id\":\"https:\\\/\\\/bedrocan.com\\\/es\\\/productos-de-cannabis\\\/principio-activo-y-materias-primas\\\/\",\"url\":\"https:\\\/\\\/bedrocan.com\\\/es\\\/productos-de-cannabis\\\/principio-activo-y-materias-primas\\\/\",\"name\":\"Cannabis estandarizado en forma de Principio activo\",\"isPartOf\":{\"@id\":\"https:\\\/\\\/bedrocan.com\\\/es\\\/#website\"},\"primaryImageOfPage\":{\"@id\":\"https:\\\/\\\/bedrocan.com\\\/es\\\/productos-de-cannabis\\\/principio-activo-y-materias-primas\\\/#primaryimage\"},\"image\":{\"@id\":\"https:\\\/\\\/bedrocan.com\\\/es\\\/productos-de-cannabis\\\/principio-activo-y-materias-primas\\\/#primaryimage\"},\"thumbnailUrl\":\"https:\\\/\\\/bedrocan.com\\\/wp-content\\\/uploads\\\/cannabis-flos_lr-36.jpg\",\"datePublished\":\"2021-06-20T12:43:01+00:00\",\"dateModified\":\"2025-07-04T12:19:20+00:00\",\"description\":\"Bedrocan produce cannabis estandarizado en forma de Principio activo para empresas de desarrollo de f\u00e1rmacos\",\"breadcrumb\":{\"@id\":\"https:\\\/\\\/bedrocan.com\\\/es\\\/productos-de-cannabis\\\/principio-activo-y-materias-primas\\\/#breadcrumb\"},\"inLanguage\":\"es\",\"potentialAction\":[{\"@type\":\"ReadAction\",\"target\":[\"https:\\\/\\\/bedrocan.com\\\/es\\\/productos-de-cannabis\\\/principio-activo-y-materias-primas\\\/\"]}]},{\"@type\":\"ImageObject\",\"inLanguage\":\"es\",\"@id\":\"https:\\\/\\\/bedrocan.com\\\/es\\\/productos-de-cannabis\\\/principio-activo-y-materias-primas\\\/#primaryimage\",\"url\":\"https:\\\/\\\/bedrocan.com\\\/wp-content\\\/uploads\\\/cannabis-flos_lr-36.jpg\",\"contentUrl\":\"https:\\\/\\\/bedrocan.com\\\/wp-content\\\/uploads\\\/cannabis-flos_lr-36.jpg\",\"width\":900,\"height\":1350,\"caption\":\"El uso del cannabis como principio activo\"},{\"@type\":\"BreadcrumbList\",\"@id\":\"https:\\\/\\\/bedrocan.com\\\/es\\\/productos-de-cannabis\\\/principio-activo-y-materias-primas\\\/#breadcrumb\",\"itemListElement\":[{\"@type\":\"ListItem\",\"position\":1,\"name\":\"Home\",\"item\":\"https:\\\/\\\/bedrocan.com\\\/es\\\/\"},{\"@type\":\"ListItem\",\"position\":2,\"name\":\"Productos\",\"item\":\"https:\\\/\\\/bedrocan.com\\\/es\\\/productos-de-cannabis\\\/\"},{\"@type\":\"ListItem\",\"position\":3,\"name\":\"Principio activo y materias primas\"}]},{\"@type\":\"WebSite\",\"@id\":\"https:\\\/\\\/bedrocan.com\\\/es\\\/#website\",\"url\":\"https:\\\/\\\/bedrocan.com\\\/es\\\/\",\"name\":\"Bedrocan\",\"description\":\"medicinal cannabis\",\"publisher\":{\"@id\":\"https:\\\/\\\/bedrocan.com\\\/es\\\/#organization\"},\"potentialAction\":[{\"@type\":\"SearchAction\",\"target\":{\"@type\":\"EntryPoint\",\"urlTemplate\":\"https:\\\/\\\/bedrocan.com\\\/es\\\/?s={search_term_string}\"},\"query-input\":{\"@type\":\"PropertyValueSpecification\",\"valueRequired\":true,\"valueName\":\"search_term_string\"}}],\"inLanguage\":\"es\"},{\"@type\":\"Organization\",\"@id\":\"https:\\\/\\\/bedrocan.com\\\/es\\\/#organization\",\"name\":\"Bedrocan\",\"url\":\"https:\\\/\\\/bedrocan.com\\\/es\\\/\",\"logo\":{\"@type\":\"ImageObject\",\"inLanguage\":\"es\",\"@id\":\"https:\\\/\\\/bedrocan.com\\\/es\\\/#\\\/schema\\\/logo\\\/image\\\/\",\"url\":\"https:\\\/\\\/bedrocan.com\\\/wp-content\\\/uploads\\\/logo-bedrocan-mail.png\",\"contentUrl\":\"https:\\\/\\\/bedrocan.com\\\/wp-content\\\/uploads\\\/logo-bedrocan-mail.png\",\"width\":185,\"height\":31,\"caption\":\"Bedrocan\"},\"image\":{\"@id\":\"https:\\\/\\\/bedrocan.com\\\/es\\\/#\\\/schema\\\/logo\\\/image\\\/\"},\"sameAs\":[\"https:\\\/\\\/www.facebook.com\\\/Bedrocan\",\"https:\\\/\\\/www.linkedin.com\\\/company\\\/bedrocan\\\/\",\"https:\\\/\\\/www.instagram.com\\\/bedrocan_international\\\/\"]}]}<\/script>\n<!-- \/ Yoast SEO plugin. -->","yoast_head_json":{"title":"Cannabis estandarizado en forma de Principio activo","description":"Bedrocan produce cannabis estandarizado en forma de Principio activo para empresas de desarrollo de f\u00e1rmacos","robots":{"index":"index","follow":"follow","max-snippet":"max-snippet:-1","max-image-preview":"max-image-preview:large","max-video-preview":"max-video-preview:-1"},"canonical":"https:\/\/bedrocan.com\/es\/productos-de-cannabis\/principio-activo-y-materias-primas\/","og_locale":"es_ES","og_type":"article","og_title":"Cannabis estandarizado en forma de Principio activo","og_description":"Bedrocan produce cannabis estandarizado en forma de Principio activo para empresas de desarrollo de f\u00e1rmacos","og_url":"https:\/\/bedrocan.com\/es\/productos-de-cannabis\/principio-activo-y-materias-primas\/","og_site_name":"Bedrocan","article_publisher":"https:\/\/www.facebook.com\/Bedrocan","article_modified_time":"2025-07-04T12:19:20+00:00","og_image":[{"width":900,"height":1350,"url":"https:\/\/bedrocan.com\/wp-content\/uploads\/cannabis-flos_lr-36.jpg","type":"image\/jpeg"}],"twitter_card":"summary_large_image","twitter_misc":{"Tiempo de lectura":"2 minutos"},"schema":{"@context":"https:\/\/schema.org","@graph":[{"@type":"WebPage","@id":"https:\/\/bedrocan.com\/es\/productos-de-cannabis\/principio-activo-y-materias-primas\/","url":"https:\/\/bedrocan.com\/es\/productos-de-cannabis\/principio-activo-y-materias-primas\/","name":"Cannabis estandarizado en forma de Principio activo","isPartOf":{"@id":"https:\/\/bedrocan.com\/es\/#website"},"primaryImageOfPage":{"@id":"https:\/\/bedrocan.com\/es\/productos-de-cannabis\/principio-activo-y-materias-primas\/#primaryimage"},"image":{"@id":"https:\/\/bedrocan.com\/es\/productos-de-cannabis\/principio-activo-y-materias-primas\/#primaryimage"},"thumbnailUrl":"https:\/\/bedrocan.com\/wp-content\/uploads\/cannabis-flos_lr-36.jpg","datePublished":"2021-06-20T12:43:01+00:00","dateModified":"2025-07-04T12:19:20+00:00","description":"Bedrocan produce cannabis estandarizado en forma de Principio activo para empresas de desarrollo de f\u00e1rmacos","breadcrumb":{"@id":"https:\/\/bedrocan.com\/es\/productos-de-cannabis\/principio-activo-y-materias-primas\/#breadcrumb"},"inLanguage":"es","potentialAction":[{"@type":"ReadAction","target":["https:\/\/bedrocan.com\/es\/productos-de-cannabis\/principio-activo-y-materias-primas\/"]}]},{"@type":"ImageObject","inLanguage":"es","@id":"https:\/\/bedrocan.com\/es\/productos-de-cannabis\/principio-activo-y-materias-primas\/#primaryimage","url":"https:\/\/bedrocan.com\/wp-content\/uploads\/cannabis-flos_lr-36.jpg","contentUrl":"https:\/\/bedrocan.com\/wp-content\/uploads\/cannabis-flos_lr-36.jpg","width":900,"height":1350,"caption":"El uso del cannabis como principio activo"},{"@type":"BreadcrumbList","@id":"https:\/\/bedrocan.com\/es\/productos-de-cannabis\/principio-activo-y-materias-primas\/#breadcrumb","itemListElement":[{"@type":"ListItem","position":1,"name":"Home","item":"https:\/\/bedrocan.com\/es\/"},{"@type":"ListItem","position":2,"name":"Productos","item":"https:\/\/bedrocan.com\/es\/productos-de-cannabis\/"},{"@type":"ListItem","position":3,"name":"Principio activo y materias primas"}]},{"@type":"WebSite","@id":"https:\/\/bedrocan.com\/es\/#website","url":"https:\/\/bedrocan.com\/es\/","name":"Bedrocan","description":"medicinal cannabis","publisher":{"@id":"https:\/\/bedrocan.com\/es\/#organization"},"potentialAction":[{"@type":"SearchAction","target":{"@type":"EntryPoint","urlTemplate":"https:\/\/bedrocan.com\/es\/?s={search_term_string}"},"query-input":{"@type":"PropertyValueSpecification","valueRequired":true,"valueName":"search_term_string"}}],"inLanguage":"es"},{"@type":"Organization","@id":"https:\/\/bedrocan.com\/es\/#organization","name":"Bedrocan","url":"https:\/\/bedrocan.com\/es\/","logo":{"@type":"ImageObject","inLanguage":"es","@id":"https:\/\/bedrocan.com\/es\/#\/schema\/logo\/image\/","url":"https:\/\/bedrocan.com\/wp-content\/uploads\/logo-bedrocan-mail.png","contentUrl":"https:\/\/bedrocan.com\/wp-content\/uploads\/logo-bedrocan-mail.png","width":185,"height":31,"caption":"Bedrocan"},"image":{"@id":"https:\/\/bedrocan.com\/es\/#\/schema\/logo\/image\/"},"sameAs":["https:\/\/www.facebook.com\/Bedrocan","https:\/\/www.linkedin.com\/company\/bedrocan\/","https:\/\/www.instagram.com\/bedrocan_international\/"]}]}},"_links":{"self":[{"href":"https:\/\/bedrocan.com\/es\/wp-json\/wp\/v2\/pages\/10883","targetHints":{"allow":["GET"]}}],"collection":[{"href":"https:\/\/bedrocan.com\/es\/wp-json\/wp\/v2\/pages"}],"about":[{"href":"https:\/\/bedrocan.com\/es\/wp-json\/wp\/v2\/types\/page"}],"author":[{"embeddable":true,"href":"https:\/\/bedrocan.com\/es\/wp-json\/wp\/v2\/users\/3"}],"replies":[{"embeddable":true,"href":"https:\/\/bedrocan.com\/es\/wp-json\/wp\/v2\/comments?post=10883"}],"version-history":[{"count":6,"href":"https:\/\/bedrocan.com\/es\/wp-json\/wp\/v2\/pages\/10883\/revisions"}],"predecessor-version":[{"id":205844,"href":"https:\/\/bedrocan.com\/es\/wp-json\/wp\/v2\/pages\/10883\/revisions\/205844"}],"up":[{"embeddable":true,"href":"https:\/\/bedrocan.com\/es\/wp-json\/wp\/v2\/pages\/10832"}],"wp:featuredmedia":[{"embeddable":true,"href":"https:\/\/bedrocan.com\/es\/wp-json\/wp\/v2\/media\/43378"}],"wp:attachment":[{"href":"https:\/\/bedrocan.com\/es\/wp-json\/wp\/v2\/media?parent=10883"}],"curies":[{"name":"wp","href":"https:\/\/api.w.org\/{rel}","templated":true}]}}