{"id":10884,"date":"2021-02-01T10:13:23","date_gmt":"2021-02-01T09:13:23","guid":{"rendered":"http:\/\/bedrocan.com\/updates\/"},"modified":"2025-06-19T14:31:09","modified_gmt":"2025-06-19T12:31:09","slug":"novedades","status":"publish","type":"page","link":"https:\/\/bedrocan.com\/es\/novedades\/","title":{"rendered":"Novedades"},"content":{"rendered":"<div class=\"wpb-content-wrapper\">[vc_row][vc_column][vc_empty_space height=&#8221;20px&#8221;][vc_column_text css=&#8221;.vc_custom_1612175124042{margin-bottom: 0px !important;}&#8221;]\n<h1>Novedades<\/h1>\n[\/vc_column_text][vc_separator color=&#8221;custom&#8221; align=&#8221;align_left&#8221; border_width=&#8221;5&#8243; el_width=&#8221;10&#8243; accent_color=&#8221;#008752&#8243;][\/vc_column][\/vc_row][vc_row][vc_column][mk_padding_divider][vc_column_text css=&#8221;.vc_custom_1612175265964{margin-bottom: 0px !important;}&#8221;]En esta secci\u00f3n de Novedades, encontrar\u00e1 una selecci\u00f3n de art\u00edculos que se publicaron en nuestro bolet\u00edn. Para consultarlos todos, vaya a nuestro <a href=\"https:\/\/bedrocan.com\/es\/novedades\/archivo\/\">Archivo<\/a>.[\/vc_column_text][mk_padding_divider][\/vc_column][\/vc_row][vc_row][vc_column][mk_blog style=&#8221;grid&#8221; image_size=&#8221;blog-carousel&#8221; post_count=&#8221;12&#8243; full_content=&#8221;true&#8221; excerpt_length=&#8221;400&#8243; cat=&#8221;19&#8243; exclude_post_format=&#8221;&#8221;][\/vc_column][\/vc_row]\n<\/div>","protected":false},"excerpt":{"rendered":"<p>[vc_row][vc_column][vc_empty_space height=&#8221;20px&#8221;][vc_column_text css=&#8221;.vc_custom_1612175124042{margin-bottom: 0px !important;}&#8221;] Novedades [\/vc_column_text][vc_separator color=&#8221;custom&#8221; align=&#8221;align_left&#8221; border_width=&#8221;5&#8243; el_width=&#8221;10&#8243; accent_color=&#8221;#008752&#8243;][\/vc_column][\/vc_row][vc_row][vc_column][mk_padding_divider][vc_column_text css=&#8221;.vc_custom_1612175265964{margin-bottom: 0px !important;}&#8221;]En esta secci\u00f3n de Novedades, encontrar\u00e1 una selecci\u00f3n de art\u00edculos que se publicaron en nuestro bolet\u00edn. Para consultarlos todos, vaya a nuestro Archivo.[\/vc_column_text][mk_padding_divider][\/vc_column][\/vc_row][vc_row][vc_column][mk_blog style=&#8221;grid&#8221; image_size=&#8221;blog-carousel&#8221; post_count=&#8221;12&#8243; full_content=&#8221;true&#8221; excerpt_length=&#8221;400&#8243; cat=&#8221;19&#8243; exclude_post_format=&#8221;&#8221;][\/vc_column][\/vc_row]<\/p>\n","protected":false},"author":3,"featured_media":43889,"parent":0,"menu_order":361,"comment_status":"closed","ping_status":"closed","template":"","meta":{"footnotes":""},"class_list":["post-10884","page","type-page","status-publish","has-post-thumbnail","hentry"],"yoast_head":"<!-- This site is optimized with the Yoast SEO plugin v27.4 - https:\/\/yoast.com\/product\/yoast-seo-wordpress\/ -->\n<title>Novedades - una selecci\u00f3n de los art\u00edculos publicados<\/title>\n<meta name=\"description\" content=\"Novedades: aqu\u00ed encontrar\u00e1 una selecci\u00f3n de art\u00edculos que se publicaron en nuestro bolet\u00edn. Suscr\u00edbase y mant\u00e9ngase informado.\" \/>\n<meta name=\"robots\" content=\"index, follow, max-snippet:-1, max-image-preview:large, max-video-preview:-1\" \/>\n<link rel=\"canonical\" href=\"https:\/\/bedrocan.com\/es\/novedades\/\" \/>\n<meta property=\"og:locale\" content=\"es_ES\" \/>\n<meta property=\"og:type\" content=\"article\" \/>\n<meta property=\"og:title\" content=\"Novedades - una selecci\u00f3n de los art\u00edculos publicados\" \/>\n<meta property=\"og:description\" content=\"Novedades: aqu\u00ed encontrar\u00e1 una selecci\u00f3n de art\u00edculos que se publicaron en nuestro bolet\u00edn. Suscr\u00edbase y mant\u00e9ngase informado.\" \/>\n<meta property=\"og:url\" content=\"https:\/\/bedrocan.com\/es\/novedades\/\" \/>\n<meta property=\"og:site_name\" content=\"Bedrocan\" \/>\n<meta property=\"article:publisher\" content=\"https:\/\/www.facebook.com\/Bedrocan\" \/>\n<meta property=\"article:modified_time\" content=\"2025-06-19T12:31:09+00:00\" \/>\n<meta property=\"og:image\" content=\"https:\/\/bedrocan.com\/wp-content\/uploads\/bedrocan-business-setting_lr-51.jpg\" \/>\n\t<meta property=\"og:image:width\" content=\"1350\" \/>\n\t<meta property=\"og:image:height\" content=\"900\" \/>\n\t<meta property=\"og:image:type\" content=\"image\/jpeg\" \/>\n<meta name=\"twitter:card\" content=\"summary_large_image\" \/>\n<meta name=\"twitter:label1\" content=\"Tiempo de lectura\" \/>\n\t<meta name=\"twitter:data1\" content=\"1 minuto\" \/>\n<script type=\"application\/ld+json\" class=\"yoast-schema-graph\">{\"@context\":\"https:\\\/\\\/schema.org\",\"@graph\":[{\"@type\":\"WebPage\",\"@id\":\"https:\\\/\\\/bedrocan.com\\\/es\\\/novedades\\\/\",\"url\":\"https:\\\/\\\/bedrocan.com\\\/es\\\/novedades\\\/\",\"name\":\"Novedades - una selecci\u00f3n de los art\u00edculos publicados\",\"isPartOf\":{\"@id\":\"https:\\\/\\\/bedrocan.com\\\/es\\\/#website\"},\"primaryImageOfPage\":{\"@id\":\"https:\\\/\\\/bedrocan.com\\\/es\\\/novedades\\\/#primaryimage\"},\"image\":{\"@id\":\"https:\\\/\\\/bedrocan.com\\\/es\\\/novedades\\\/#primaryimage\"},\"thumbnailUrl\":\"https:\\\/\\\/bedrocan.com\\\/wp-content\\\/uploads\\\/bedrocan-business-setting_lr-51.jpg\",\"datePublished\":\"2021-02-01T09:13:23+00:00\",\"dateModified\":\"2025-06-19T12:31:09+00:00\",\"description\":\"Novedades: aqu\u00ed encontrar\u00e1 una selecci\u00f3n de art\u00edculos que se publicaron en nuestro bolet\u00edn. Suscr\u00edbase y mant\u00e9ngase informado.\",\"breadcrumb\":{\"@id\":\"https:\\\/\\\/bedrocan.com\\\/es\\\/novedades\\\/#breadcrumb\"},\"inLanguage\":\"es\",\"potentialAction\":[{\"@type\":\"ReadAction\",\"target\":[\"https:\\\/\\\/bedrocan.com\\\/es\\\/novedades\\\/\"]}]},{\"@type\":\"ImageObject\",\"inLanguage\":\"es\",\"@id\":\"https:\\\/\\\/bedrocan.com\\\/es\\\/novedades\\\/#primaryimage\",\"url\":\"https:\\\/\\\/bedrocan.com\\\/wp-content\\\/uploads\\\/bedrocan-business-setting_lr-51.jpg\",\"contentUrl\":\"https:\\\/\\\/bedrocan.com\\\/wp-content\\\/uploads\\\/bedrocan-business-setting_lr-51.jpg\",\"width\":1350,\"height\":900,\"caption\":\"Novedades\"},{\"@type\":\"BreadcrumbList\",\"@id\":\"https:\\\/\\\/bedrocan.com\\\/es\\\/novedades\\\/#breadcrumb\",\"itemListElement\":[{\"@type\":\"ListItem\",\"position\":1,\"name\":\"Home\",\"item\":\"https:\\\/\\\/bedrocan.com\\\/es\\\/\"},{\"@type\":\"ListItem\",\"position\":2,\"name\":\"Novedades\"}]},{\"@type\":\"WebSite\",\"@id\":\"https:\\\/\\\/bedrocan.com\\\/es\\\/#website\",\"url\":\"https:\\\/\\\/bedrocan.com\\\/es\\\/\",\"name\":\"Bedrocan\",\"description\":\"medicinal cannabis\",\"publisher\":{\"@id\":\"https:\\\/\\\/bedrocan.com\\\/es\\\/#organization\"},\"potentialAction\":[{\"@type\":\"SearchAction\",\"target\":{\"@type\":\"EntryPoint\",\"urlTemplate\":\"https:\\\/\\\/bedrocan.com\\\/es\\\/?s={search_term_string}\"},\"query-input\":{\"@type\":\"PropertyValueSpecification\",\"valueRequired\":true,\"valueName\":\"search_term_string\"}}],\"inLanguage\":\"es\"},{\"@type\":\"Organization\",\"@id\":\"https:\\\/\\\/bedrocan.com\\\/es\\\/#organization\",\"name\":\"Bedrocan\",\"url\":\"https:\\\/\\\/bedrocan.com\\\/es\\\/\",\"logo\":{\"@type\":\"ImageObject\",\"inLanguage\":\"es\",\"@id\":\"https:\\\/\\\/bedrocan.com\\\/es\\\/#\\\/schema\\\/logo\\\/image\\\/\",\"url\":\"https:\\\/\\\/bedrocan.com\\\/wp-content\\\/uploads\\\/logo-bedrocan-mail.png\",\"contentUrl\":\"https:\\\/\\\/bedrocan.com\\\/wp-content\\\/uploads\\\/logo-bedrocan-mail.png\",\"width\":185,\"height\":31,\"caption\":\"Bedrocan\"},\"image\":{\"@id\":\"https:\\\/\\\/bedrocan.com\\\/es\\\/#\\\/schema\\\/logo\\\/image\\\/\"},\"sameAs\":[\"https:\\\/\\\/www.facebook.com\\\/Bedrocan\",\"https:\\\/\\\/www.linkedin.com\\\/company\\\/bedrocan\\\/\",\"https:\\\/\\\/www.instagram.com\\\/bedrocan_international\\\/\"]}]}<\/script>\n<!-- \/ Yoast SEO plugin. -->","yoast_head_json":{"title":"Novedades - una selecci\u00f3n de los art\u00edculos publicados","description":"Novedades: aqu\u00ed encontrar\u00e1 una selecci\u00f3n de art\u00edculos que se publicaron en nuestro bolet\u00edn. Suscr\u00edbase y mant\u00e9ngase informado.","robots":{"index":"index","follow":"follow","max-snippet":"max-snippet:-1","max-image-preview":"max-image-preview:large","max-video-preview":"max-video-preview:-1"},"canonical":"https:\/\/bedrocan.com\/es\/novedades\/","og_locale":"es_ES","og_type":"article","og_title":"Novedades - una selecci\u00f3n de los art\u00edculos publicados","og_description":"Novedades: aqu\u00ed encontrar\u00e1 una selecci\u00f3n de art\u00edculos que se publicaron en nuestro bolet\u00edn. Suscr\u00edbase y mant\u00e9ngase informado.","og_url":"https:\/\/bedrocan.com\/es\/novedades\/","og_site_name":"Bedrocan","article_publisher":"https:\/\/www.facebook.com\/Bedrocan","article_modified_time":"2025-06-19T12:31:09+00:00","og_image":[{"width":1350,"height":900,"url":"https:\/\/bedrocan.com\/wp-content\/uploads\/bedrocan-business-setting_lr-51.jpg","type":"image\/jpeg"}],"twitter_card":"summary_large_image","twitter_misc":{"Tiempo de lectura":"1 minuto"},"schema":{"@context":"https:\/\/schema.org","@graph":[{"@type":"WebPage","@id":"https:\/\/bedrocan.com\/es\/novedades\/","url":"https:\/\/bedrocan.com\/es\/novedades\/","name":"Novedades - una selecci\u00f3n de los art\u00edculos publicados","isPartOf":{"@id":"https:\/\/bedrocan.com\/es\/#website"},"primaryImageOfPage":{"@id":"https:\/\/bedrocan.com\/es\/novedades\/#primaryimage"},"image":{"@id":"https:\/\/bedrocan.com\/es\/novedades\/#primaryimage"},"thumbnailUrl":"https:\/\/bedrocan.com\/wp-content\/uploads\/bedrocan-business-setting_lr-51.jpg","datePublished":"2021-02-01T09:13:23+00:00","dateModified":"2025-06-19T12:31:09+00:00","description":"Novedades: aqu\u00ed encontrar\u00e1 una selecci\u00f3n de art\u00edculos que se publicaron en nuestro bolet\u00edn. Suscr\u00edbase y mant\u00e9ngase informado.","breadcrumb":{"@id":"https:\/\/bedrocan.com\/es\/novedades\/#breadcrumb"},"inLanguage":"es","potentialAction":[{"@type":"ReadAction","target":["https:\/\/bedrocan.com\/es\/novedades\/"]}]},{"@type":"ImageObject","inLanguage":"es","@id":"https:\/\/bedrocan.com\/es\/novedades\/#primaryimage","url":"https:\/\/bedrocan.com\/wp-content\/uploads\/bedrocan-business-setting_lr-51.jpg","contentUrl":"https:\/\/bedrocan.com\/wp-content\/uploads\/bedrocan-business-setting_lr-51.jpg","width":1350,"height":900,"caption":"Novedades"},{"@type":"BreadcrumbList","@id":"https:\/\/bedrocan.com\/es\/novedades\/#breadcrumb","itemListElement":[{"@type":"ListItem","position":1,"name":"Home","item":"https:\/\/bedrocan.com\/es\/"},{"@type":"ListItem","position":2,"name":"Novedades"}]},{"@type":"WebSite","@id":"https:\/\/bedrocan.com\/es\/#website","url":"https:\/\/bedrocan.com\/es\/","name":"Bedrocan","description":"medicinal cannabis","publisher":{"@id":"https:\/\/bedrocan.com\/es\/#organization"},"potentialAction":[{"@type":"SearchAction","target":{"@type":"EntryPoint","urlTemplate":"https:\/\/bedrocan.com\/es\/?s={search_term_string}"},"query-input":{"@type":"PropertyValueSpecification","valueRequired":true,"valueName":"search_term_string"}}],"inLanguage":"es"},{"@type":"Organization","@id":"https:\/\/bedrocan.com\/es\/#organization","name":"Bedrocan","url":"https:\/\/bedrocan.com\/es\/","logo":{"@type":"ImageObject","inLanguage":"es","@id":"https:\/\/bedrocan.com\/es\/#\/schema\/logo\/image\/","url":"https:\/\/bedrocan.com\/wp-content\/uploads\/logo-bedrocan-mail.png","contentUrl":"https:\/\/bedrocan.com\/wp-content\/uploads\/logo-bedrocan-mail.png","width":185,"height":31,"caption":"Bedrocan"},"image":{"@id":"https:\/\/bedrocan.com\/es\/#\/schema\/logo\/image\/"},"sameAs":["https:\/\/www.facebook.com\/Bedrocan","https:\/\/www.linkedin.com\/company\/bedrocan\/","https:\/\/www.instagram.com\/bedrocan_international\/"]}]}},"_links":{"self":[{"href":"https:\/\/bedrocan.com\/es\/wp-json\/wp\/v2\/pages\/10884","targetHints":{"allow":["GET"]}}],"collection":[{"href":"https:\/\/bedrocan.com\/es\/wp-json\/wp\/v2\/pages"}],"about":[{"href":"https:\/\/bedrocan.com\/es\/wp-json\/wp\/v2\/types\/page"}],"author":[{"embeddable":true,"href":"https:\/\/bedrocan.com\/es\/wp-json\/wp\/v2\/users\/3"}],"replies":[{"embeddable":true,"href":"https:\/\/bedrocan.com\/es\/wp-json\/wp\/v2\/comments?post=10884"}],"version-history":[{"count":5,"href":"https:\/\/bedrocan.com\/es\/wp-json\/wp\/v2\/pages\/10884\/revisions"}],"predecessor-version":[{"id":203645,"href":"https:\/\/bedrocan.com\/es\/wp-json\/wp\/v2\/pages\/10884\/revisions\/203645"}],"wp:featuredmedia":[{"embeddable":true,"href":"https:\/\/bedrocan.com\/es\/wp-json\/wp\/v2\/media\/43889"}],"wp:attachment":[{"href":"https:\/\/bedrocan.com\/es\/wp-json\/wp\/v2\/media?parent=10884"}],"curies":[{"name":"wp","href":"https:\/\/api.w.org\/{rel}","templated":true}]}}