{"id":10885,"date":"2023-11-01T09:43:37","date_gmt":"2023-11-01T08:43:37","guid":{"rendered":"http:\/\/bedrocan.com\/updates\/archive\/"},"modified":"2025-06-17T17:47:02","modified_gmt":"2025-06-17T15:47:02","slug":"archivo","status":"publish","type":"page","link":"https:\/\/bedrocan.com\/es\/novedades\/archivo\/","title":{"rendered":"Archivo"},"content":{"rendered":"<div class=\"wpb-content-wrapper\">[vc_row][vc_column][vc_empty_space][vc_column_text css=&#8221;.vc_custom_1602506321041{margin-bottom: 0px !important;}&#8221;]\n<h1>Archivo<\/h1>\n[\/vc_column_text][vc_separator color=&#8221;custom&#8221; align=&#8221;align_left&#8221; border_width=&#8221;5&#8243; el_width=&#8221;10&#8243; accent_color=&#8221;#008752&#8243;][mk_padding_divider][vc_column_text css=&#8221;.vc_custom_1698836773535{margin-bottom: 0px !important;}&#8221;]En este Archivo encontrar\u00e1 un resumen de todas las noticias, entrevistas y otros art\u00edculos publicados previamente en el sitio web de Bedrocan. En la secci\u00f3n <a href=\"https:\/\/bedrocan.com\/es\/novedades\/\">Novedades<\/a> encontrar\u00e1 los art\u00edculos publicados recientemente en nuestro bolet\u00edn.<\/p>\n<h2>Nuestro Bolet\u00edn<\/h2>\n<p>Si quiere estar a la \u00faltima, tambi\u00e9n puede suscribirse a <a href=\"https:\/\/bedrocan.activehosted.com\/f\/32\" target=\"_blank\" rel=\"noopener\">nuestro bolet\u00edn<\/a> para mantenerse informado de las \u00faltimas novedades.[\/vc_column_text][mk_padding_divider][\/vc_column][\/vc_row][vc_row][vc_column][mk_blog style=&#8221;grid&#8221; image_size=&#8221;blog-carousel&#8221; post_count=&#8221;-1&#8243; post_offset=&#8221;12&#8243; excerpt_length=&#8221;400&#8243; cat=&#8221;970&#8243;][\/vc_column][\/vc_row]\n<\/div>","protected":false},"excerpt":{"rendered":"<p>[vc_row][vc_column][vc_empty_space][vc_column_text css=&#8221;.vc_custom_1602506321041{margin-bottom: 0px !important;}&#8221;] Archivo [\/vc_column_text][vc_separator color=&#8221;custom&#8221; align=&#8221;align_left&#8221; border_width=&#8221;5&#8243; el_width=&#8221;10&#8243; accent_color=&#8221;#008752&#8243;][mk_padding_divider][vc_column_text css=&#8221;.vc_custom_1698836773535{margin-bottom: 0px !important;}&#8221;]En este Archivo encontrar\u00e1 un resumen de todas las noticias, entrevistas y otros art\u00edculos publicados previamente en el sitio web de Bedrocan. En la secci\u00f3n Novedades encontrar\u00e1 los art\u00edculos publicados recientemente en nuestro bolet\u00edn. Nuestro Bolet\u00edn Si quiere estar a la \u00faltima, [&hellip;]<\/p>\n","protected":false},"author":3,"featured_media":43873,"parent":10884,"menu_order":8,"comment_status":"closed","ping_status":"closed","template":"","meta":{"footnotes":""},"class_list":["post-10885","page","type-page","status-publish","has-post-thumbnail","hentry"],"yoast_head":"<!-- This site is optimized with the Yoast SEO plugin v27.2 - https:\/\/yoast.com\/product\/yoast-seo-wordpress\/ -->\n<title>Archivo: aqu\u00ed encontrar\u00e1 todos los art\u00edculos publicados<\/title>\n<meta name=\"description\" content=\"En esta secci\u00f3n del Archivo encontrar\u00e1 todos los art\u00edculos publicados en nuestro bolet\u00edn. Suscr\u00edbase a nuestro bolet\u00edn y mant\u00e9ngase informado.\" \/>\n<meta name=\"robots\" content=\"index, follow, max-snippet:-1, max-image-preview:large, max-video-preview:-1\" \/>\n<link rel=\"canonical\" href=\"https:\/\/bedrocan.com\/es\/novedades\/archivo\/\" \/>\n<meta property=\"og:locale\" content=\"es_ES\" \/>\n<meta property=\"og:type\" content=\"article\" \/>\n<meta property=\"og:title\" content=\"Archivo: aqu\u00ed encontrar\u00e1 todos los art\u00edculos publicados\" \/>\n<meta property=\"og:description\" content=\"En esta secci\u00f3n del Archivo encontrar\u00e1 todos los art\u00edculos publicados en nuestro bolet\u00edn. Suscr\u00edbase a nuestro bolet\u00edn y mant\u00e9ngase informado.\" \/>\n<meta property=\"og:url\" content=\"https:\/\/bedrocan.com\/es\/novedades\/archivo\/\" \/>\n<meta property=\"og:site_name\" content=\"Bedrocan\" \/>\n<meta property=\"article:publisher\" content=\"https:\/\/www.facebook.com\/Bedrocan\" \/>\n<meta property=\"article:modified_time\" content=\"2025-06-17T15:47:02+00:00\" \/>\n<meta property=\"og:image\" content=\"https:\/\/bedrocan.com\/wp-content\/uploads\/bedrocan-business-setting_lr-36.jpg\" \/>\n\t<meta property=\"og:image:width\" content=\"900\" \/>\n\t<meta property=\"og:image:height\" content=\"1350\" \/>\n\t<meta property=\"og:image:type\" content=\"image\/jpeg\" \/>\n<meta name=\"twitter:card\" content=\"summary_large_image\" \/>\n<meta name=\"twitter:label1\" content=\"Tiempo de lectura\" \/>\n\t<meta name=\"twitter:data1\" content=\"1 minuto\" \/>\n<script type=\"application\/ld+json\" class=\"yoast-schema-graph\">{\"@context\":\"https:\/\/schema.org\",\"@graph\":[{\"@type\":\"WebPage\",\"@id\":\"https:\/\/bedrocan.com\/es\/novedades\/archivo\/\",\"url\":\"https:\/\/bedrocan.com\/es\/novedades\/archivo\/\",\"name\":\"Archivo: aqu\u00ed encontrar\u00e1 todos los art\u00edculos publicados\",\"isPartOf\":{\"@id\":\"https:\/\/bedrocan.com\/es\/#website\"},\"primaryImageOfPage\":{\"@id\":\"https:\/\/bedrocan.com\/es\/novedades\/archivo\/#primaryimage\"},\"image\":{\"@id\":\"https:\/\/bedrocan.com\/es\/novedades\/archivo\/#primaryimage\"},\"thumbnailUrl\":\"https:\/\/bedrocan.com\/wp-content\/uploads\/bedrocan-business-setting_lr-36.jpg\",\"datePublished\":\"2023-11-01T08:43:37+00:00\",\"dateModified\":\"2025-06-17T15:47:02+00:00\",\"description\":\"En esta secci\u00f3n del Archivo encontrar\u00e1 todos los art\u00edculos publicados en nuestro bolet\u00edn. Suscr\u00edbase a nuestro bolet\u00edn y mant\u00e9ngase informado.\",\"breadcrumb\":{\"@id\":\"https:\/\/bedrocan.com\/es\/novedades\/archivo\/#breadcrumb\"},\"inLanguage\":\"es\",\"potentialAction\":[{\"@type\":\"ReadAction\",\"target\":[\"https:\/\/bedrocan.com\/es\/novedades\/archivo\/\"]}]},{\"@type\":\"ImageObject\",\"inLanguage\":\"es\",\"@id\":\"https:\/\/bedrocan.com\/es\/novedades\/archivo\/#primaryimage\",\"url\":\"https:\/\/bedrocan.com\/wp-content\/uploads\/bedrocan-business-setting_lr-36.jpg\",\"contentUrl\":\"https:\/\/bedrocan.com\/wp-content\/uploads\/bedrocan-business-setting_lr-36.jpg\",\"width\":900,\"height\":1350,\"caption\":\"Archivo\"},{\"@type\":\"BreadcrumbList\",\"@id\":\"https:\/\/bedrocan.com\/es\/novedades\/archivo\/#breadcrumb\",\"itemListElement\":[{\"@type\":\"ListItem\",\"position\":1,\"name\":\"Home\",\"item\":\"https:\/\/bedrocan.com\/es\/\"},{\"@type\":\"ListItem\",\"position\":2,\"name\":\"Novedades\",\"item\":\"https:\/\/bedrocan.com\/es\/novedades\/\"},{\"@type\":\"ListItem\",\"position\":3,\"name\":\"Archivo\"}]},{\"@type\":\"WebSite\",\"@id\":\"https:\/\/bedrocan.com\/es\/#website\",\"url\":\"https:\/\/bedrocan.com\/es\/\",\"name\":\"Bedrocan\",\"description\":\"medicinal cannabis\",\"publisher\":{\"@id\":\"https:\/\/bedrocan.com\/es\/#organization\"},\"potentialAction\":[{\"@type\":\"SearchAction\",\"target\":{\"@type\":\"EntryPoint\",\"urlTemplate\":\"https:\/\/bedrocan.com\/es\/?s={search_term_string}\"},\"query-input\":{\"@type\":\"PropertyValueSpecification\",\"valueRequired\":true,\"valueName\":\"search_term_string\"}}],\"inLanguage\":\"es\"},{\"@type\":\"Organization\",\"@id\":\"https:\/\/bedrocan.com\/es\/#organization\",\"name\":\"Bedrocan\",\"url\":\"https:\/\/bedrocan.com\/es\/\",\"logo\":{\"@type\":\"ImageObject\",\"inLanguage\":\"es\",\"@id\":\"https:\/\/bedrocan.com\/es\/#\/schema\/logo\/image\/\",\"url\":\"https:\/\/bedrocan.com\/wp-content\/uploads\/logo-bedrocan-mail.png\",\"contentUrl\":\"https:\/\/bedrocan.com\/wp-content\/uploads\/logo-bedrocan-mail.png\",\"width\":185,\"height\":31,\"caption\":\"Bedrocan\"},\"image\":{\"@id\":\"https:\/\/bedrocan.com\/es\/#\/schema\/logo\/image\/\"},\"sameAs\":[\"https:\/\/www.facebook.com\/Bedrocan\",\"https:\/\/www.linkedin.com\/company\/bedrocan\/\",\"https:\/\/www.instagram.com\/bedrocan_international\/\"]}]}<\/script>\n<!-- \/ Yoast SEO plugin. -->","yoast_head_json":{"title":"Archivo: aqu\u00ed encontrar\u00e1 todos los art\u00edculos publicados","description":"En esta secci\u00f3n del Archivo encontrar\u00e1 todos los art\u00edculos publicados en nuestro bolet\u00edn. Suscr\u00edbase a nuestro bolet\u00edn y mant\u00e9ngase informado.","robots":{"index":"index","follow":"follow","max-snippet":"max-snippet:-1","max-image-preview":"max-image-preview:large","max-video-preview":"max-video-preview:-1"},"canonical":"https:\/\/bedrocan.com\/es\/novedades\/archivo\/","og_locale":"es_ES","og_type":"article","og_title":"Archivo: aqu\u00ed encontrar\u00e1 todos los art\u00edculos publicados","og_description":"En esta secci\u00f3n del Archivo encontrar\u00e1 todos los art\u00edculos publicados en nuestro bolet\u00edn. Suscr\u00edbase a nuestro bolet\u00edn y mant\u00e9ngase informado.","og_url":"https:\/\/bedrocan.com\/es\/novedades\/archivo\/","og_site_name":"Bedrocan","article_publisher":"https:\/\/www.facebook.com\/Bedrocan","article_modified_time":"2025-06-17T15:47:02+00:00","og_image":[{"width":900,"height":1350,"url":"https:\/\/bedrocan.com\/wp-content\/uploads\/bedrocan-business-setting_lr-36.jpg","type":"image\/jpeg"}],"twitter_card":"summary_large_image","twitter_misc":{"Tiempo de lectura":"1 minuto"},"schema":{"@context":"https:\/\/schema.org","@graph":[{"@type":"WebPage","@id":"https:\/\/bedrocan.com\/es\/novedades\/archivo\/","url":"https:\/\/bedrocan.com\/es\/novedades\/archivo\/","name":"Archivo: aqu\u00ed encontrar\u00e1 todos los art\u00edculos publicados","isPartOf":{"@id":"https:\/\/bedrocan.com\/es\/#website"},"primaryImageOfPage":{"@id":"https:\/\/bedrocan.com\/es\/novedades\/archivo\/#primaryimage"},"image":{"@id":"https:\/\/bedrocan.com\/es\/novedades\/archivo\/#primaryimage"},"thumbnailUrl":"https:\/\/bedrocan.com\/wp-content\/uploads\/bedrocan-business-setting_lr-36.jpg","datePublished":"2023-11-01T08:43:37+00:00","dateModified":"2025-06-17T15:47:02+00:00","description":"En esta secci\u00f3n del Archivo encontrar\u00e1 todos los art\u00edculos publicados en nuestro bolet\u00edn. Suscr\u00edbase a nuestro bolet\u00edn y mant\u00e9ngase informado.","breadcrumb":{"@id":"https:\/\/bedrocan.com\/es\/novedades\/archivo\/#breadcrumb"},"inLanguage":"es","potentialAction":[{"@type":"ReadAction","target":["https:\/\/bedrocan.com\/es\/novedades\/archivo\/"]}]},{"@type":"ImageObject","inLanguage":"es","@id":"https:\/\/bedrocan.com\/es\/novedades\/archivo\/#primaryimage","url":"https:\/\/bedrocan.com\/wp-content\/uploads\/bedrocan-business-setting_lr-36.jpg","contentUrl":"https:\/\/bedrocan.com\/wp-content\/uploads\/bedrocan-business-setting_lr-36.jpg","width":900,"height":1350,"caption":"Archivo"},{"@type":"BreadcrumbList","@id":"https:\/\/bedrocan.com\/es\/novedades\/archivo\/#breadcrumb","itemListElement":[{"@type":"ListItem","position":1,"name":"Home","item":"https:\/\/bedrocan.com\/es\/"},{"@type":"ListItem","position":2,"name":"Novedades","item":"https:\/\/bedrocan.com\/es\/novedades\/"},{"@type":"ListItem","position":3,"name":"Archivo"}]},{"@type":"WebSite","@id":"https:\/\/bedrocan.com\/es\/#website","url":"https:\/\/bedrocan.com\/es\/","name":"Bedrocan","description":"medicinal cannabis","publisher":{"@id":"https:\/\/bedrocan.com\/es\/#organization"},"potentialAction":[{"@type":"SearchAction","target":{"@type":"EntryPoint","urlTemplate":"https:\/\/bedrocan.com\/es\/?s={search_term_string}"},"query-input":{"@type":"PropertyValueSpecification","valueRequired":true,"valueName":"search_term_string"}}],"inLanguage":"es"},{"@type":"Organization","@id":"https:\/\/bedrocan.com\/es\/#organization","name":"Bedrocan","url":"https:\/\/bedrocan.com\/es\/","logo":{"@type":"ImageObject","inLanguage":"es","@id":"https:\/\/bedrocan.com\/es\/#\/schema\/logo\/image\/","url":"https:\/\/bedrocan.com\/wp-content\/uploads\/logo-bedrocan-mail.png","contentUrl":"https:\/\/bedrocan.com\/wp-content\/uploads\/logo-bedrocan-mail.png","width":185,"height":31,"caption":"Bedrocan"},"image":{"@id":"https:\/\/bedrocan.com\/es\/#\/schema\/logo\/image\/"},"sameAs":["https:\/\/www.facebook.com\/Bedrocan","https:\/\/www.linkedin.com\/company\/bedrocan\/","https:\/\/www.instagram.com\/bedrocan_international\/"]}]}},"_links":{"self":[{"href":"https:\/\/bedrocan.com\/es\/wp-json\/wp\/v2\/pages\/10885","targetHints":{"allow":["GET"]}}],"collection":[{"href":"https:\/\/bedrocan.com\/es\/wp-json\/wp\/v2\/pages"}],"about":[{"href":"https:\/\/bedrocan.com\/es\/wp-json\/wp\/v2\/types\/page"}],"author":[{"embeddable":true,"href":"https:\/\/bedrocan.com\/es\/wp-json\/wp\/v2\/users\/3"}],"replies":[{"embeddable":true,"href":"https:\/\/bedrocan.com\/es\/wp-json\/wp\/v2\/comments?post=10885"}],"version-history":[{"count":5,"href":"https:\/\/bedrocan.com\/es\/wp-json\/wp\/v2\/pages\/10885\/revisions"}],"predecessor-version":[{"id":202976,"href":"https:\/\/bedrocan.com\/es\/wp-json\/wp\/v2\/pages\/10885\/revisions\/202976"}],"up":[{"embeddable":true,"href":"https:\/\/bedrocan.com\/es\/wp-json\/wp\/v2\/pages\/10884"}],"wp:featuredmedia":[{"embeddable":true,"href":"https:\/\/bedrocan.com\/es\/wp-json\/wp\/v2\/media\/43873"}],"wp:attachment":[{"href":"https:\/\/bedrocan.com\/es\/wp-json\/wp\/v2\/media?parent=10885"}],"curies":[{"name":"wp","href":"https:\/\/api.w.org\/{rel}","templated":true}]}}