{"id":10940,"date":"2026-01-09T11:24:02","date_gmt":"2026-01-09T10:24:02","guid":{"rendered":"http:\/\/bedrocan.com\/home\/"},"modified":"2026-03-17T17:51:51","modified_gmt":"2026-03-17T16:51:51","slug":"inicio","status":"publish","type":"page","link":"https:\/\/bedrocan.com\/es\/","title":{"rendered":"Inicio"},"content":{"rendered":"<div class=\"wpb-content-wrapper\">[mk_page_section bg_color=&#8221;#ffffff&#8221; speed_factor=&#8221;0.4&#8243; full_width=&#8221;true&#8221; padding_bottom=&#8221;0&#8243; sidebar=&#8221;sidebar-1&#8243;][vc_column][mk_padding_divider][mk_edge_slider swiper_bg=&#8221;#000000&#8243; order=&#8221;ASC&#8221; orderby=&#8221;post__in&#8221; full_height=&#8221;false&#8221; height=&#8221;500&#8243; slideshow_speed=&#8221;9000&#8243; direction_nav=&#8221;round&#8221; skip_arrow=&#8221;false&#8221; slides=&#8221;143776, 10944, 10945, 10943&#8243;][\/vc_column][\/mk_page_section][vc_row css=&#8221;.vc_custom_1730301364905{background-color: #ffffff !important;}&#8221;][vc_column][mk_page_section min_height=&#8221;47&#8243; sidebar=&#8221;sidebar-1&#8243;][\/mk_page_section][\/vc_column][\/vc_row][mk_page_section bg_color=&#8221;#f9f9f9&#8243; min_height=&#8221;2&#8243; js_vertical_centered=&#8221;true&#8221; padding_top=&#8221;0&#8243; padding_bottom=&#8221;0&#8243; margin_bottom=&#8221;50&#8243; sidebar=&#8221;sidebar-1&#8243;][vc_column width=&#8221;1\/2&#8243; css=&#8221;.vc_custom_1730392271757{padding-top: 15px !important;padding-bottom: 15px !important;}&#8221;][vc_single_image image=&#8221;255703&#8243; img_size=&#8221;full&#8221; alignment=&#8221;right&#8221; onclick=&#8221;custom_link&#8221; css=&#8221;.vc_custom_1767966658878{padding-top: 30px !important;padding-right: 30px !important;padding-left: 30px !important;}&#8221; link=&#8221;https:\/\/bedrocan.com\/es\/acerca-de-nosotros\/&#8221;][\/vc_column][vc_column width=&#8221;1\/2&#8243;][mk_padding_divider][vc_column_text css=&#8221;.vc_custom_1767966691582{margin-bottom: 0px !important;padding-top: 30px !important;padding-right: 30px !important;padding-left: 30px !important;}&#8221;]\n<h1><a href=\"https:\/\/bedrocan.com\/es\/acerca-de-nosotros\/\" rel=\"noopener\">Acerca de Bedrocan<\/a><\/h1>\n<p>Bedrocan es un productor de cannabis medicinal estandarizado y de calidad farmac\u00e9utica, certificado seg\u00fan las BPF de la UE. Nuestros productos de alta calidad se utilizan como materias primas farmac\u00e9uticas y principios activos farmac\u00e9uticos.[\/vc_column_text][vc_cta h2=&#8221;&#8221; add_button=&#8221;bottom&#8221; btn_title=&#8221;Acerca de nosotros&#8221; css=&#8221;.vc_custom_1767966704745{padding-top: 15px !important;padding-right: 15px !important;padding-bottom: 15px !important;padding-left: 30px !important;background-color: #F9F9F9 !important;border-color: #f9f9f9 !important;}&#8221; btn_link=&#8221;url:https%3A%2F%2Fbedrocan.com%2Fes%2Facerca-de-nosotros%2F&#8221;][\/vc_cta][\/vc_column][\/mk_page_section][vc_row css=&#8221;.vc_custom_1726213884477{background-color: #ffffff !important;}&#8221;][vc_column][mk_padding_divider][\/vc_column][\/vc_row][mk_page_section bg_color=&#8221;#f9f9f9&#8243; margin_bottom=&#8221;49&#8243; sidebar=&#8221;sidebar-1&#8243;][vc_column width=&#8221;1\/2&#8243;][mk_padding_divider][vc_column_text css=&#8221;.vc_custom_1767966716916{margin-bottom: 0px !important;padding-top: 30px !important;padding-right: 30px !important;padding-left: 30px !important;}&#8221;]\n<h2><a href=\"https:\/\/bedrocan.com\/es\/acerca-de-nosotros\/estandarizacion-nuestro-metodo\/\" rel=\"noopener\">Estandarizaci\u00f3n del cannabis<\/a><\/h2>\n<p>Bedrocan ha desarrollado m\u00e9todos \u00fanicos de producci\u00f3n de cannabis con una composici\u00f3n de cannabinoides constante en todos los lotes. Esto es lo que llamamos estandarizaci\u00f3n del cannabis. El cannabis medicinal estandarizado es el \u00fanico m\u00e9todo que garantiza que los pacientes y participantes de ensayos cl\u00ednicos experimenten efectos terap\u00e9uticos consistentes a lo largo del tiempo.[\/vc_column_text][vc_cta h2=&#8221;&#8221; add_button=&#8221;bottom&#8221; btn_title=&#8221;M\u00e1s informaci\u00f3n&#8221; css=&#8221;.vc_custom_1767966738592{padding-top: 15px !important;padding-right: 15px !important;padding-bottom: 15px !important;padding-left: 30px !important;background-color: #f9f9f9 !important;border-color: #f9f9f9 !important;}&#8221; btn_link=&#8221;url:https%3A%2F%2Fbedrocan.com%2Fes%2Facerca-de-nosotros%2Festandarizacion-nuestro-metodo%2F&#8221;][\/vc_cta][\/vc_column][vc_column width=&#8221;1\/2&#8243;][vc_single_image image=&#8221;255709&#8243; img_size=&#8221;full&#8221; onclick=&#8221;custom_link&#8221; css=&#8221;.vc_custom_1767966826687{padding-top: 30px !important;padding-right: 30px !important;padding-left: 30px !important;}&#8221; link=&#8221;https:\/\/bedrocan.com\/es\/acerca-de-nosotros\/estandarizacion-nuestro-metodo\/&#8221;][\/vc_column][\/mk_page_section][vc_row css=&#8221;.vc_custom_1726213884477{background-color: #ffffff !important;}&#8221;][vc_column][mk_padding_divider][\/vc_column][\/vc_row][mk_page_section bg_color=&#8221;#f9f9f9&#8243; margin_bottom=&#8221;50&#8243; sidebar=&#8221;sidebar-1&#8243;][vc_column width=&#8221;1\/2&#8243;][mk_padding_divider][vc_column_text css=&#8221;.vc_custom_1767966841018{margin-bottom: 0px !important;padding-top: 30px !important;padding-right: 30px !important;padding-left: 30px !important;}&#8221;]\n<h2><a href=\"https:\/\/bedrocan.com\/es\/profesionales-de-la-salud\/investigaciones-sobre-el-cannabis\/\" rel=\"noopener\">Investigaciones sobre el cannabis<\/a><\/h2>\n<p>Bedrocan tiene su propio departamento de investigaci\u00f3n cl\u00ednica que lleva a cabo investigaciones sobre los efectos del cannabis medicinal. Adem\u00e1s, nuestro equipo de investigaci\u00f3n y desarrollo realizan investigaciones anal\u00edticas y sobre plantas para aprender m\u00e1s sobre las propiedades medicinales del cannabis y otras plantas. Siempre hemos apoyado los ensayos cl\u00ednicos y hemos aportado recursos a proyectos de investigaci\u00f3n de todo el mundo.[\/vc_column_text][vc_cta h2=&#8221;&#8221; add_button=&#8221;bottom&#8221; btn_title=&#8221;Ver ensayos&#8221; css=&#8221;.vc_custom_1767966853019{padding-top: 15px !important;padding-right: 15px !important;padding-bottom: 15px !important;padding-left: 30px !important;background-color: #f9f9f9 !important;border-color: #f9f9f9 !important;}&#8221; btn_link=&#8221;url:https%3A%2F%2Fbedrocan.com%2Fes%2Fhealthcare-professionals%2Finvestigaciones-sobre-el-cannabis%2F&#8221;][\/vc_cta][\/vc_column][vc_column width=&#8221;1\/2&#8243;][vc_single_image image=&#8221;252131&#8243; img_size=&#8221;full&#8221; onclick=&#8221;custom_link&#8221; css=&#8221;.vc_custom_1767966956719{padding-top: 30px !important;padding-right: 30px !important;padding-left: 30px !important;}&#8221; link=&#8221;https:\/\/bedrocan.com\/es\/profesionales-de-la-salud\/investigaciones-sobre-el-cannabis\/&#8221;][\/vc_column][\/mk_page_section][vc_row css=&#8221;.vc_custom_1726213884477{background-color: #ffffff !important;}&#8221;][vc_column][mk_padding_divider][\/vc_column][\/vc_row][mk_page_section bg_color=&#8221;#f9f9f9&#8243; min_height=&#8221;50&#8243; sidebar=&#8221;sidebar-1&#8243;][vc_column width=&#8221;1\/2&#8243;][vc_single_image image=&#8221;142055&#8243; img_size=&#8221;full&#8221; alignment=&#8221;right&#8221; onclick=&#8221;custom_link&#8221; css=&#8221;.vc_custom_1767967340103{padding-top: 30px !important;padding-right: 30px !important;padding-left: 30px !important;background-color: #F9F9F9 !important;}&#8221; link=&#8221;https:\/\/bedrocan.com\/es\/acerca-de-nosotros\/estandares-de-calidad\/&#8221;][\/vc_column][vc_column width=&#8221;1\/2&#8243;][mk_padding_divider][vc_column_text css=&#8221;.vc_custom_1767966969384{margin-bottom: 0px !important;padding-top: 30px !important;padding-right: 30px !important;padding-left: 30px !important;}&#8221;]\n<h2><a href=\"https:\/\/bedrocan.com\/es\/acerca-de-nosotros\/estandares-de-calidad\/\" rel=\"noopener\">Cannabis medicinal de calidad farmac\u00e9utica<\/a><\/h2>\n<p>Todo el proceso de producci\u00f3n de Bedrocan se somete a un estricto control de calidad. Hemos sido la primera empresa del mundo en obtener la certificaci\u00f3n seg\u00fan las BPF de la UE para la producci\u00f3n de cannabis medicinal. Tambi\u00e9n hemos ido m\u00e1s all\u00e1 de las Buenas pr\u00e1cticas agr\u00edcolas y de recolecci\u00f3n (BPAR) y hemos creado nuestros propios est\u00e1ndares de calidad para el cultivo: Good Medicinal Cannabis Cultivation Practice (GMCCP, buenas pr\u00e1cticas para el cultivo de cannabis medicinal).[\/vc_column_text][vc_cta h2=&#8221;&#8221; add_button=&#8221;bottom&#8221; btn_title=&#8221;Est\u00e1ndares de calidad&#8221; css=&#8221;.vc_custom_1767966986166{padding-top: 15px !important;padding-right: 15px !important;padding-bottom: 15px !important;padding-left: 30px !important;background-color: #f9f9f9 !important;border-color: #f9f9f9 !important;}&#8221; btn_link=&#8221;url:https%3A%2F%2Fbedrocan.com%2Fes%2Facerca-de-nosotros%2Festandares-de-calidad%2F&#8221;][\/vc_cta][\/vc_column][\/mk_page_section][mk_page_section][vc_column][mk_padding_divider][\/vc_column][\/mk_page_section][mk_page_section full_width=&#8221;true&#8221; padding_bottom=&#8221;30&#8243; sidebar=&#8221;sidebar-1&#8243;][vc_column][vc_row_inner attached=&#8221;true&#8221; is_fullwidth_content=&#8221;false&#8221; css=&#8221;.vc_custom_1730455793531{background-color: #097a98 !important;}&#8221;][vc_column_inner width=&#8221;1\/2&#8243; css=&#8221;.vc_custom_1730455780626{margin-bottom: 0px !important;padding-bottom: 6px !important;padding-left: 30px !important;background-color: #097a98 !important;}&#8221;][mk_padding_divider][vc_single_image image=&#8221;143508&#8243; img_size=&#8221;400&#215;300&#8243; alignment=&#8221;right&#8221; onclick=&#8221;custom_link&#8221; css=&#8221;&#8221; link=&#8221;https:\/\/bedrocan.com\/newsletter\/&#8221;][\/vc_column_inner][vc_column_inner width=&#8221;1\/2&#8243; css=&#8221;.vc_custom_1730456050377{padding-bottom: 30px !important;background-color: #097a98 !important;}&#8221;][vc_raw_html css=&#8221;&#8221;]JTNDZGl2JTIwY2xhc3MlM0QlMjJob21lLW9wdGluJTIyJTNFJTBEJTBBJTNDcCUzRSUzQyUyRnAlM0UlMEQlMEElNUJhY3RpdmVjYW1wYWlnbiUyMGZvcm0lM0Q5NiUyMGNzcyUzRDElNUQlMEQlMEElM0NwJTNFJTNDJTJGcCUzRSUwRCUwQSUzQ3AlM0UlM0NzcGFuJTIwc3R5bGUlM0QlMjJjb2xvciUzQSUyM0ZGRkZGRiUyMiUzRUxlYSUyMHklMjBhY2VwdGUlMjBsYSUzQ2ElMjBzdHlsZSUzRCUyMmNvbG9yJTNBJTIzOERDQkQ3JTIyJTIwaHJlZiUzRCUyMmh0dHBzJTNBJTJGJTJGYmVkcm9jYW4uY29tJTJGZXMlMkZjb250YWN0byUyRnBvbGl0aWNhLWRlLXByaXZhY2lkYWQlMkYlMjIlMjB0YXJnZXQlM0QlMjJfYmxhbmslMjIlM0UlMjBwb2wlQzMlQUR0aWNhJTIwZGUlMjBwcml2YWNpZGFkLiUzQyUyRmElM0UlM0MlMkZzcGFuJTNFZGUlMjBCZWRyb2NhbiUzQyUyRnAlM0UlMEQlMEElM0MlMkZkaXYlM0UlMEQlMEE=[\/vc_raw_html][\/vc_column_inner][\/vc_row_inner][\/vc_column][\/mk_page_section][vc_row css=&#8221;.vc_custom_1726216598844{background-color: #ffffff !important;}&#8221;][vc_column][mk_padding_divider][\/vc_column][\/vc_row][vc_row][vc_column el_class=&#8221;test&#8221;][vc_column_text css=&#8221;.vc_custom_1657886735978{margin-bottom: 0px !important;}&#8221;][\/vc_column_text][mk_padding_divider size=&#8221;35&#8243;][mk_blog_carousel count=&#8221;4&#8243; view_all=&#8221;191&#8243;][mk_padding_divider size=&#8221;60&#8243;][\/vc_column][\/vc_row]\n<\/div>","protected":false},"excerpt":{"rendered":"<p>[mk_page_section bg_color=&#8221;#ffffff&#8221; speed_factor=&#8221;0.4&#8243; full_width=&#8221;true&#8221; padding_bottom=&#8221;0&#8243; sidebar=&#8221;sidebar-1&#8243;][vc_column][mk_padding_divider][mk_edge_slider swiper_bg=&#8221;#000000&#8243; order=&#8221;ASC&#8221; orderby=&#8221;post__in&#8221; full_height=&#8221;false&#8221; height=&#8221;500&#8243; slideshow_speed=&#8221;9000&#8243; direction_nav=&#8221;round&#8221; skip_arrow=&#8221;false&#8221; slides=&#8221;143776, 10944, 10945, 10943&#8243;][\/vc_column][\/mk_page_section][vc_row css=&#8221;.vc_custom_1730301364905{background-color: #ffffff !important;}&#8221;][vc_column][mk_page_section min_height=&#8221;47&#8243; sidebar=&#8221;sidebar-1&#8243;][\/mk_page_section][\/vc_column][\/vc_row][mk_page_section bg_color=&#8221;#f9f9f9&#8243; min_height=&#8221;2&#8243; js_vertical_centered=&#8221;true&#8221; padding_top=&#8221;0&#8243; padding_bottom=&#8221;0&#8243; margin_bottom=&#8221;50&#8243; sidebar=&#8221;sidebar-1&#8243;][vc_column width=&#8221;1\/2&#8243; css=&#8221;.vc_custom_1730392271757{padding-top: 15px !important;padding-bottom: 15px !important;}&#8221;][vc_single_image image=&#8221;255703&#8243; img_size=&#8221;full&#8221; alignment=&#8221;right&#8221; onclick=&#8221;custom_link&#8221; css=&#8221;.vc_custom_1767966658878{padding-top: 30px !important;padding-right: 30px !important;padding-left: 30px !important;}&#8221; link=&#8221;https:\/\/bedrocan.com\/es\/acerca-de-nosotros\/&#8221;][\/vc_column][vc_column width=&#8221;1\/2&#8243;][mk_padding_divider][vc_column_text css=&#8221;.vc_custom_1767966691582{margin-bottom: 0px !important;padding-top: 30px !important;padding-right: 30px [&hellip;]<\/p>\n","protected":false},"author":3,"featured_media":131961,"parent":0,"menu_order":355,"comment_status":"closed","ping_status":"closed","template":"","meta":{"footnotes":""},"class_list":["post-10940","page","type-page","status-publish","has-post-thumbnail","hentry"],"yoast_head":"<!-- This site is optimized with the Yoast SEO plugin v27.3 - https:\/\/yoast.com\/product\/yoast-seo-wordpress\/ -->\n<title>Cannabis medicinal de Bedrocan<\/title>\n<meta name=\"description\" content=\"Bedrocan es la \u00fanica empresa del mundo que puede suministrar cannabis medicinal. Todas nuestras variedades tienen una composici\u00f3n constantes.\" \/>\n<meta name=\"robots\" content=\"index, follow, max-snippet:-1, max-image-preview:large, max-video-preview:-1\" \/>\n<link rel=\"canonical\" href=\"https:\/\/bedrocan.com\/es\/\" \/>\n<meta property=\"og:locale\" content=\"es_ES\" \/>\n<meta property=\"og:type\" content=\"article\" \/>\n<meta property=\"og:title\" content=\"Cannabis medicinal de Bedrocan\" \/>\n<meta property=\"og:description\" content=\"Bedrocan es la \u00fanica empresa del mundo que puede suministrar cannabis medicinal. Todas nuestras variedades tienen una composici\u00f3n constantes.\" \/>\n<meta property=\"og:url\" content=\"https:\/\/bedrocan.com\/es\/\" \/>\n<meta property=\"og:site_name\" content=\"Bedrocan\" \/>\n<meta property=\"article:publisher\" content=\"https:\/\/www.facebook.com\/Bedrocan\" \/>\n<meta property=\"article:modified_time\" content=\"2026-03-17T16:51:51+00:00\" \/>\n<meta property=\"og:image\" content=\"https:\/\/bedrocan.com\/wp-content\/uploads\/bedrocan-flos-lr-12.jpg\" \/>\n\t<meta property=\"og:image:width\" content=\"1350\" \/>\n\t<meta property=\"og:image:height\" content=\"900\" \/>\n\t<meta property=\"og:image:type\" content=\"image\/jpeg\" \/>\n<meta name=\"twitter:card\" content=\"summary_large_image\" \/>\n<meta name=\"twitter:label1\" content=\"Tiempo de lectura\" \/>\n\t<meta name=\"twitter:data1\" content=\"4 minutos\" \/>\n<script type=\"application\/ld+json\" class=\"yoast-schema-graph\">{\"@context\":\"https:\\\/\\\/schema.org\",\"@graph\":[{\"@type\":\"WebPage\",\"@id\":\"https:\\\/\\\/bedrocan.com\\\/es\\\/\",\"url\":\"https:\\\/\\\/bedrocan.com\\\/es\\\/\",\"name\":\"Cannabis medicinal de Bedrocan\",\"isPartOf\":{\"@id\":\"https:\\\/\\\/bedrocan.com\\\/es\\\/#website\"},\"primaryImageOfPage\":{\"@id\":\"https:\\\/\\\/bedrocan.com\\\/es\\\/#primaryimage\"},\"image\":{\"@id\":\"https:\\\/\\\/bedrocan.com\\\/es\\\/#primaryimage\"},\"thumbnailUrl\":\"https:\\\/\\\/bedrocan.com\\\/wp-content\\\/uploads\\\/bedrocan-flos-lr-12.jpg\",\"datePublished\":\"2026-01-09T10:24:02+00:00\",\"dateModified\":\"2026-03-17T16:51:51+00:00\",\"description\":\"Bedrocan es la \u00fanica empresa del mundo que puede suministrar cannabis medicinal. Todas nuestras variedades tienen una composici\u00f3n constantes.\",\"breadcrumb\":{\"@id\":\"https:\\\/\\\/bedrocan.com\\\/es\\\/#breadcrumb\"},\"inLanguage\":\"es\",\"potentialAction\":[{\"@type\":\"ReadAction\",\"target\":[\"https:\\\/\\\/bedrocan.com\\\/es\\\/\"]}]},{\"@type\":\"ImageObject\",\"inLanguage\":\"es\",\"@id\":\"https:\\\/\\\/bedrocan.com\\\/es\\\/#primaryimage\",\"url\":\"https:\\\/\\\/bedrocan.com\\\/wp-content\\\/uploads\\\/bedrocan-flos-lr-12.jpg\",\"contentUrl\":\"https:\\\/\\\/bedrocan.com\\\/wp-content\\\/uploads\\\/bedrocan-flos-lr-12.jpg\",\"width\":1350,\"height\":900,\"caption\":\"Cannabis medicinal de Bedrocan\"},{\"@type\":\"BreadcrumbList\",\"@id\":\"https:\\\/\\\/bedrocan.com\\\/es\\\/#breadcrumb\",\"itemListElement\":[{\"@type\":\"ListItem\",\"position\":1,\"name\":\"Home\",\"item\":\"https:\\\/\\\/bedrocan.com\\\/es\\\/\"},{\"@type\":\"ListItem\",\"position\":2,\"name\":\"Inicio\"}]},{\"@type\":\"WebSite\",\"@id\":\"https:\\\/\\\/bedrocan.com\\\/es\\\/#website\",\"url\":\"https:\\\/\\\/bedrocan.com\\\/es\\\/\",\"name\":\"Bedrocan\",\"description\":\"medicinal cannabis\",\"publisher\":{\"@id\":\"https:\\\/\\\/bedrocan.com\\\/es\\\/#organization\"},\"potentialAction\":[{\"@type\":\"SearchAction\",\"target\":{\"@type\":\"EntryPoint\",\"urlTemplate\":\"https:\\\/\\\/bedrocan.com\\\/es\\\/?s={search_term_string}\"},\"query-input\":{\"@type\":\"PropertyValueSpecification\",\"valueRequired\":true,\"valueName\":\"search_term_string\"}}],\"inLanguage\":\"es\"},{\"@type\":\"Organization\",\"@id\":\"https:\\\/\\\/bedrocan.com\\\/es\\\/#organization\",\"name\":\"Bedrocan\",\"url\":\"https:\\\/\\\/bedrocan.com\\\/es\\\/\",\"logo\":{\"@type\":\"ImageObject\",\"inLanguage\":\"es\",\"@id\":\"https:\\\/\\\/bedrocan.com\\\/es\\\/#\\\/schema\\\/logo\\\/image\\\/\",\"url\":\"https:\\\/\\\/bedrocan.com\\\/wp-content\\\/uploads\\\/logo-bedrocan-mail.png\",\"contentUrl\":\"https:\\\/\\\/bedrocan.com\\\/wp-content\\\/uploads\\\/logo-bedrocan-mail.png\",\"width\":185,\"height\":31,\"caption\":\"Bedrocan\"},\"image\":{\"@id\":\"https:\\\/\\\/bedrocan.com\\\/es\\\/#\\\/schema\\\/logo\\\/image\\\/\"},\"sameAs\":[\"https:\\\/\\\/www.facebook.com\\\/Bedrocan\",\"https:\\\/\\\/www.linkedin.com\\\/company\\\/bedrocan\\\/\",\"https:\\\/\\\/www.instagram.com\\\/bedrocan_international\\\/\"]}]}<\/script>\n<!-- \/ Yoast SEO plugin. -->","yoast_head_json":{"title":"Cannabis medicinal de Bedrocan","description":"Bedrocan es la \u00fanica empresa del mundo que puede suministrar cannabis medicinal. Todas nuestras variedades tienen una composici\u00f3n constantes.","robots":{"index":"index","follow":"follow","max-snippet":"max-snippet:-1","max-image-preview":"max-image-preview:large","max-video-preview":"max-video-preview:-1"},"canonical":"https:\/\/bedrocan.com\/es\/","og_locale":"es_ES","og_type":"article","og_title":"Cannabis medicinal de Bedrocan","og_description":"Bedrocan es la \u00fanica empresa del mundo que puede suministrar cannabis medicinal. Todas nuestras variedades tienen una composici\u00f3n constantes.","og_url":"https:\/\/bedrocan.com\/es\/","og_site_name":"Bedrocan","article_publisher":"https:\/\/www.facebook.com\/Bedrocan","article_modified_time":"2026-03-17T16:51:51+00:00","og_image":[{"width":1350,"height":900,"url":"https:\/\/bedrocan.com\/wp-content\/uploads\/bedrocan-flos-lr-12.jpg","type":"image\/jpeg"}],"twitter_card":"summary_large_image","twitter_misc":{"Tiempo de lectura":"4 minutos"},"schema":{"@context":"https:\/\/schema.org","@graph":[{"@type":"WebPage","@id":"https:\/\/bedrocan.com\/es\/","url":"https:\/\/bedrocan.com\/es\/","name":"Cannabis medicinal de Bedrocan","isPartOf":{"@id":"https:\/\/bedrocan.com\/es\/#website"},"primaryImageOfPage":{"@id":"https:\/\/bedrocan.com\/es\/#primaryimage"},"image":{"@id":"https:\/\/bedrocan.com\/es\/#primaryimage"},"thumbnailUrl":"https:\/\/bedrocan.com\/wp-content\/uploads\/bedrocan-flos-lr-12.jpg","datePublished":"2026-01-09T10:24:02+00:00","dateModified":"2026-03-17T16:51:51+00:00","description":"Bedrocan es la \u00fanica empresa del mundo que puede suministrar cannabis medicinal. Todas nuestras variedades tienen una composici\u00f3n constantes.","breadcrumb":{"@id":"https:\/\/bedrocan.com\/es\/#breadcrumb"},"inLanguage":"es","potentialAction":[{"@type":"ReadAction","target":["https:\/\/bedrocan.com\/es\/"]}]},{"@type":"ImageObject","inLanguage":"es","@id":"https:\/\/bedrocan.com\/es\/#primaryimage","url":"https:\/\/bedrocan.com\/wp-content\/uploads\/bedrocan-flos-lr-12.jpg","contentUrl":"https:\/\/bedrocan.com\/wp-content\/uploads\/bedrocan-flos-lr-12.jpg","width":1350,"height":900,"caption":"Cannabis medicinal de Bedrocan"},{"@type":"BreadcrumbList","@id":"https:\/\/bedrocan.com\/es\/#breadcrumb","itemListElement":[{"@type":"ListItem","position":1,"name":"Home","item":"https:\/\/bedrocan.com\/es\/"},{"@type":"ListItem","position":2,"name":"Inicio"}]},{"@type":"WebSite","@id":"https:\/\/bedrocan.com\/es\/#website","url":"https:\/\/bedrocan.com\/es\/","name":"Bedrocan","description":"medicinal cannabis","publisher":{"@id":"https:\/\/bedrocan.com\/es\/#organization"},"potentialAction":[{"@type":"SearchAction","target":{"@type":"EntryPoint","urlTemplate":"https:\/\/bedrocan.com\/es\/?s={search_term_string}"},"query-input":{"@type":"PropertyValueSpecification","valueRequired":true,"valueName":"search_term_string"}}],"inLanguage":"es"},{"@type":"Organization","@id":"https:\/\/bedrocan.com\/es\/#organization","name":"Bedrocan","url":"https:\/\/bedrocan.com\/es\/","logo":{"@type":"ImageObject","inLanguage":"es","@id":"https:\/\/bedrocan.com\/es\/#\/schema\/logo\/image\/","url":"https:\/\/bedrocan.com\/wp-content\/uploads\/logo-bedrocan-mail.png","contentUrl":"https:\/\/bedrocan.com\/wp-content\/uploads\/logo-bedrocan-mail.png","width":185,"height":31,"caption":"Bedrocan"},"image":{"@id":"https:\/\/bedrocan.com\/es\/#\/schema\/logo\/image\/"},"sameAs":["https:\/\/www.facebook.com\/Bedrocan","https:\/\/www.linkedin.com\/company\/bedrocan\/","https:\/\/www.instagram.com\/bedrocan_international\/"]}]}},"_links":{"self":[{"href":"https:\/\/bedrocan.com\/es\/wp-json\/wp\/v2\/pages\/10940","targetHints":{"allow":["GET"]}}],"collection":[{"href":"https:\/\/bedrocan.com\/es\/wp-json\/wp\/v2\/pages"}],"about":[{"href":"https:\/\/bedrocan.com\/es\/wp-json\/wp\/v2\/types\/page"}],"author":[{"embeddable":true,"href":"https:\/\/bedrocan.com\/es\/wp-json\/wp\/v2\/users\/3"}],"replies":[{"embeddable":true,"href":"https:\/\/bedrocan.com\/es\/wp-json\/wp\/v2\/comments?post=10940"}],"version-history":[{"count":10,"href":"https:\/\/bedrocan.com\/es\/wp-json\/wp\/v2\/pages\/10940\/revisions"}],"predecessor-version":[{"id":258819,"href":"https:\/\/bedrocan.com\/es\/wp-json\/wp\/v2\/pages\/10940\/revisions\/258819"}],"wp:featuredmedia":[{"embeddable":true,"href":"https:\/\/bedrocan.com\/es\/wp-json\/wp\/v2\/media\/131961"}],"wp:attachment":[{"href":"https:\/\/bedrocan.com\/es\/wp-json\/wp\/v2\/media?parent=10940"}],"curies":[{"name":"wp","href":"https:\/\/api.w.org\/{rel}","templated":true}]}}