{"id":121441,"date":"2025-01-15T09:24:31","date_gmt":"2025-01-15T08:24:31","guid":{"rendered":"http:\/\/bedrocan.com\/?page_id=121441"},"modified":"2025-12-17T15:52:58","modified_gmt":"2025-12-17T14:52:58","slug":"conozca-bedrocan","status":"publish","type":"page","link":"https:\/\/bedrocan.com\/es\/acerca-de-nosotros\/conozca-bedrocan\/","title":{"rendered":"Conozca Bedrocan"},"content":{"rendered":"<div class=\"wpb-content-wrapper\">[mk_page_section bg_image=&#8221;http:\/\/bedrocan.com\/wp-content\/uploads\/guys-again.png&#8221; bg_repeat=&#8221;no-repeat&#8221; bg_stretch=&#8221;true&#8221; min_height=&#8221;300&#8243; full_width=&#8221;true&#8221; top_shape_color=&#8221;#ffffff&#8221; bottom_shape_color=&#8221;#ffffff&#8221; visibility=&#8221;hidden-sm&#8221; sidebar=&#8221;sidebar-1&#8243;][vc_column][\/vc_column][\/mk_page_section][vc_row][vc_column][vc_empty_space height=&#8221;45px&#8221;][vc_column_text css=&#8221;.vc_custom_1733129079304{margin-bottom: 0px !important;}&#8221;]\n<h1 class=\"NormalText\"><b>Conozca Bedrocan<\/b><\/h1>\n[\/vc_column_text][vc_separator color=&#8221;custom&#8221; align=&#8221;align_left&#8221; border_width=&#8221;5&#8243; el_width=&#8221;10&#8243; css=&#8221;.vc_custom_1468403515259{margin-top: -10px !important;margin-bottom: 10px !important;}&#8221; accent_color=&#8221;#008752&#8243;][mk_padding_divider size=&#8221;25&#8243;][mk_padding_divider size=&#8221;25&#8243;][\/vc_column][\/vc_row][vc_row css=&#8221;.vc_custom_1619095851838{margin-right: 0px !important;margin-left: 0px !important;padding-top: 15px !important;padding-bottom: 15px !important;background-color: #f9f9f9 !important;}&#8221;][vc_column width=&#8221;1\/3&#8243; css=&#8221;.vc_custom_1476360903475{border-right-width: 1px !important;border-right-color: #ffffff !important;}&#8221;][mk_padding_divider size=&#8221;25&#8243;][vc_single_image image=&#8221;252138&#8243; img_size=&#8221;150&#215;225&#8243; alignment=&#8221;center&#8221; css=&#8221;.vc_custom_1733326781051{margin-bottom: 0px !important;}&#8221;][mk_padding_divider size=&#8221;25&#8243;][vc_column_text align=&#8221;center&#8221; css=&#8221;.vc_custom_1733129095880{margin-bottom: 0px !important;}&#8221;]\n<h2 style=\"text-align: center;\">Tjalling Erkelens<\/h2>\n<h3 style=\"text-align: center;\">Fundador \/ Presidente<\/h3>\n[\/vc_column_text][mk_padding_divider size=&#8221;25&#8243;][\/vc_column][vc_column width=&#8221;1\/3&#8243;][mk_padding_divider size=&#8221;25&#8243;][vc_single_image image=&#8221;252144&#8243; img_size=&#8221;150&#215;225&#8243; alignment=&#8221;center&#8221; css=&#8221;.vc_custom_1733326790673{margin-bottom: 0px !important;}&#8221;][mk_padding_divider size=&#8221;25&#8243;][vc_column_text align=&#8221;center&#8221; css=&#8221;.vc_custom_1698829829601{margin-bottom: 0px !important;}&#8221;]\n<h2 style=\"text-align: center;\">Jaap Erkelens<\/h2>\n<h3 style=\"text-align: center;\">CEO<\/h3>\n[\/vc_column_text][mk_padding_divider size=&#8221;25&#8243;][\/vc_column][vc_column width=&#8221;1\/3&#8243;][mk_padding_divider size=&#8221;25&#8243;][vc_single_image image=&#8221;252150&#8243; img_size=&#8221;150&#215;225&#8243; alignment=&#8221;center&#8221; css=&#8221;.vc_custom_1736940151960{margin-bottom: 0px !important;}&#8221;][mk_padding_divider size=&#8221;25&#8243;][vc_column_text align=&#8221;center&#8221; css=&#8221;.vc_custom_1698829810233{margin-bottom: 0px !important;}&#8221;]\n<h2 style=\"text-align: center;\">Hans Spits<\/h2>\n<h3 style=\"text-align: center;\">CFO<\/h3>\n[\/vc_column_text][mk_padding_divider size=&#8221;25&#8243;][\/vc_column][\/vc_row][vc_row][vc_column][mk_padding_divider size=&#8221;25&#8243;][vc_column_text css=&#8221;.vc_custom_1733129134522{margin-bottom: 0px !important;}&#8221;]A lo largo de los a\u00f1os, Bedrocan ha crecido hasta convertirse en una organizaci\u00f3n con aproximadamente un centenar de empleados repartidos por varios lugares de los Pa\u00edses Bajos. Si desea conocer mejor <a href=\"https:\/\/bedrocan.com\/es\/acerca-de-nosotros\/\">nuestra organizaci\u00f3n<\/a> o <a href=\"https:\/\/bedrocan.com\/es\/productos-de-cannabis\/\">nuestros productos<\/a>, contacte con uno de los representantes que figuran a continuaci\u00f3n.[\/vc_column_text][\/vc_column][\/vc_row][vc_row css=&#8221;.vc_custom_1698829970183{margin-right: 0px !important;margin-left: 0px !important;padding-top: 15px !important;padding-right: 15px !important;padding-bottom: 15px !important;padding-left: 15px !important;background-color: #f9f9f9 !important;}&#8221;][vc_column width=&#8221;1\/2&#8243;][vc_single_image image=&#8221;252160&#8243; img_size=&#8221;150&#215;225&#8243; alignment=&#8221;center&#8221; css=&#8221;.vc_custom_1760025638499{margin-bottom: 0px !important;}&#8221;][mk_padding_divider size=&#8221;25&#8243;][vc_column_text align=&#8221;center&#8221; el_class=&#8221;presenting-name&#8221; css=&#8221;.vc_custom_1732182153162{margin-bottom: 0px !important;}&#8221;]\n<h2 style=\"text-align: center;\">Dr. Mikael Kowal<\/h2>\n<h3 style=\"text-align: center;\">Chief Scientific Officer, PhD<strong><br \/>\n<\/strong><\/h3>\n[\/vc_column_text][vc_column_text css=&#8221;.vc_custom_1727376664071{margin-bottom: 0px !important;}&#8221;]\n<p style=\"text-align: center;\"><a href=\"&#x6d;&#x61;&#105;&#108;to&#x3a;&#x6d;&#x2e;&#107;ow&#x61;&#x6c;&#x40;&#98;&#101;d&#x72;&#x6f;&#x63;&#97;&#110;&#46;&#x63;&#x6f;&#x6d;\">&#x6d;&#46;&#x6b;&#111;w&#x61;&#108;&#x40;&#98;e&#x64;&#114;&#x6f;&#99;a&#x6e;&#46;&#x63;&#x6f;m<\/a><\/p>\n<p style=\"text-align: center;\"><a href=\"https:\/\/www.researchgate.net\/profile\/Mikael-Kowal\" target=\"_blank\" rel=\"noopener\">ResearchGate<\/a><\/p>\n[\/vc_column_text][\/vc_column][vc_column width=&#8221;1\/2&#8243;][vc_single_image image=&#8221;252162&#8243; img_size=&#8221;150&#215;225&#8243; alignment=&#8221;center&#8221; css=&#8221;.vc_custom_1736939773322{margin-bottom: 0px !important;}&#8221;][mk_padding_divider size=&#8221;25&#8243;][vc_column_text align=&#8221;center&#8221; el_class=&#8221;presenting-name&#8221; css=&#8221;.vc_custom_1760025287442{margin-bottom: 0px !important;}&#8221;]\n<h2 style=\"text-align: center;\">Karolina Ostapenko<\/h2>\n<h3 style=\"text-align: center;\">Head of Business Development<\/h3>\n[\/vc_column_text][vc_column_text css=&#8221;.vc_custom_1727376670660{margin-bottom: 0px !important;}&#8221;]\n<p style=\"text-align: center;\"><a href=\"m&#97;&#105;&#x6c;&#x74;&#x6f;:k&#46;&#111;&#x73;&#x74;&#x61;p&#101;&#110;&#107;&#x6f;&#x40;&#x62;e&#100;&#114;&#x6f;&#x63;&#x61;n&#46;&#99;&#111;&#x6d;\">&#107;&#x2e;o&#115;&#x74;a&#112;&#x65;n&#107;&#x6f;&#64;&#98;&#x65;d&#114;&#x6f;c&#97;&#x6e;&#46;&#99;&#x6f;m<\/a><\/p>\n[\/vc_column_text][\/vc_column][\/vc_row][vc_row css=&#8221;.vc_custom_1698829970183{margin-right: 0px !important;margin-left: 0px !important;padding-top: 15px !important;padding-right: 15px !important;padding-bottom: 15px !important;padding-left: 15px !important;background-color: #f9f9f9 !important;}&#8221;][vc_column width=&#8221;1\/2&#8243;][vc_single_image image=&#8221;252168&#8243; img_size=&#8221;150&#215;225&#8243; alignment=&#8221;center&#8221; css=&#8221;.vc_custom_1733326873327{margin-bottom: 0px !important;}&#8221;][mk_padding_divider size=&#8221;25&#8243;][vc_column_text align=&#8221;center&#8221; el_class=&#8221;presenting-name&#8221; css=&#8221;.vc_custom_1732182104188{margin-bottom: 0px !important;}&#8221;]\n<h2 style=\"text-align: center;\"><strong>Nino Raki<\/strong><strong>\u0107<\/strong><\/h2>\n<h3 style=\"text-align: center;\">Product Manager<\/h3>\n[\/vc_column_text][vc_column_text css=&#8221;.vc_custom_1732195399300{margin-bottom: 0px !important;}&#8221;]\n<p style=\"text-align: center;\"><a href=\"&#x6d;&#x61;&#x69;&#108;&#116;o:&#x76;&#x2e;&#x61;&#x72;&#111;&#114;a&#64;&#x62;&#x65;&#x64;&#114;&#111;&#99;an&#x2e;&#x63;&#x6f;&#109;\">&#x6e;&#46;&#x72;a&#x6b;&#105;&#x63;&#64;b&#x65;d&#x72;&#111;&#x63;&#97;&#x6e;&#46;c&#x6f;m<\/a><\/p>\n[\/vc_column_text][\/vc_column][vc_column width=&#8221;1\/2&#8243;][vc_single_image image=&#8221;252173&#8243; img_size=&#8221;150&#215;225&#8243; alignment=&#8221;center&#8221; css=&#8221;.vc_custom_1733326862670{margin-bottom: 0px !important;}&#8221;][mk_padding_divider size=&#8221;25&#8243;][vc_column_text align=&#8221;center&#8221; el_class=&#8221;presenting-name&#8221; css=&#8221;.vc_custom_1732182145105{margin-bottom: 0px !important;}&#8221;]\n<h2 style=\"text-align: center;\">Femke Starrenburg<\/h2>\n<h3 style=\"text-align: center;\">Head of Corporate &amp; Integrated<br \/>\nMarketing Communications<\/h3>\n[\/vc_column_text][vc_column_text css=&#8221;.vc_custom_1732539066365{margin-bottom: 0px !important;}&#8221;]\n<p style=\"text-align: center;\"><a href=\"&#109;a&#x69;l&#x74;o&#x3a;&#109;&#x2e;&#107;&#x6f;&#119;a&#x6c;&#64;&#x62;e&#x64;&#114;&#x6f;&#99;&#x61;&#110;&#x2e;&#99;o&#x6d;\">press&#64;&#98;&#101;&#100;&#114;&#111;&#99;&#97;&#x6e;&#x2e;&#x63;&#x6f;&#x6d;<\/a><\/p>\n[\/vc_column_text][\/vc_column][\/vc_row][vc_row][vc_column][mk_padding_divider size=&#8221;25&#8243;][\/vc_column][\/vc_row]\n<\/div>","protected":false},"excerpt":{"rendered":"<p>[mk_page_section bg_image=&#8221;http:\/\/bedrocan.com\/wp-content\/uploads\/guys-again.png&#8221; bg_repeat=&#8221;no-repeat&#8221; bg_stretch=&#8221;true&#8221; min_height=&#8221;300&#8243; full_width=&#8221;true&#8221; top_shape_color=&#8221;#ffffff&#8221; bottom_shape_color=&#8221;#ffffff&#8221; visibility=&#8221;hidden-sm&#8221; sidebar=&#8221;sidebar-1&#8243;][vc_column][\/vc_column][\/mk_page_section][vc_row][vc_column][vc_empty_space height=&#8221;45px&#8221;][vc_column_text css=&#8221;.vc_custom_1733129079304{margin-bottom: 0px !important;}&#8221;] Conozca Bedrocan [\/vc_column_text][vc_separator color=&#8221;custom&#8221; align=&#8221;align_left&#8221; border_width=&#8221;5&#8243; el_width=&#8221;10&#8243; css=&#8221;.vc_custom_1468403515259{margin-top: -10px !important;margin-bottom: 10px !important;}&#8221; accent_color=&#8221;#008752&#8243;][mk_padding_divider size=&#8221;25&#8243;][mk_padding_divider size=&#8221;25&#8243;][\/vc_column][\/vc_row][vc_row css=&#8221;.vc_custom_1619095851838{margin-right: 0px !important;margin-left: 0px !important;padding-top: 15px !important;padding-bottom: 15px !important;background-color: #f9f9f9 !important;}&#8221;][vc_column width=&#8221;1\/3&#8243; css=&#8221;.vc_custom_1476360903475{border-right-width: 1px !important;border-right-color: #ffffff !important;}&#8221;][mk_padding_divider size=&#8221;25&#8243;][vc_single_image image=&#8221;252138&#8243; img_size=&#8221;150&#215;225&#8243; alignment=&#8221;center&#8221; css=&#8221;.vc_custom_1733326781051{margin-bottom: 0px !important;}&#8221;][mk_padding_divider size=&#8221;25&#8243;][vc_column_text align=&#8221;center&#8221; [&hellip;]<\/p>\n","protected":false},"author":3,"featured_media":127225,"parent":10218,"menu_order":0,"comment_status":"closed","ping_status":"closed","template":"","meta":{"footnotes":""},"class_list":["post-121441","page","type-page","status-publish","has-post-thumbnail","hentry"],"yoast_head":"<!-- This site is optimized with the Yoast SEO plugin v27.3 - https:\/\/yoast.com\/product\/yoast-seo-wordpress\/ -->\n<title>Conozca Bedrocan - Si desea conocer mejor nuestra organizaci\u00f3n<\/title>\n<meta name=\"description\" content=\"Bedrocan ha crecido hasta convertirse en una organizaci\u00f3n con aproximadamente un centenar de empleados repartidos por varios lugares.\" \/>\n<meta name=\"robots\" content=\"index, follow, max-snippet:-1, max-image-preview:large, max-video-preview:-1\" \/>\n<link rel=\"canonical\" href=\"https:\/\/bedrocan.com\/es\/acerca-de-nosotros\/conozca-bedrocan\/\" \/>\n<meta property=\"og:locale\" content=\"es_ES\" \/>\n<meta property=\"og:type\" content=\"article\" \/>\n<meta property=\"og:title\" content=\"Conozca Bedrocan - Si desea conocer mejor nuestra organizaci\u00f3n\" \/>\n<meta property=\"og:description\" content=\"Bedrocan ha crecido hasta convertirse en una organizaci\u00f3n con aproximadamente un centenar de empleados repartidos por varios lugares.\" \/>\n<meta property=\"og:url\" content=\"https:\/\/bedrocan.com\/es\/acerca-de-nosotros\/conozca-bedrocan\/\" \/>\n<meta property=\"og:site_name\" content=\"Bedrocan\" \/>\n<meta property=\"article:publisher\" content=\"https:\/\/www.facebook.com\/Bedrocan\" \/>\n<meta property=\"article:modified_time\" content=\"2025-12-17T14:52:58+00:00\" \/>\n<meta property=\"og:image\" content=\"https:\/\/bedrocan.com\/wp-content\/uploads\/verwerking-eerste-knip-personeel-emmeloord-a5-1.jpg\" \/>\n\t<meta property=\"og:image:width\" content=\"1280\" \/>\n\t<meta property=\"og:image:height\" content=\"853\" \/>\n\t<meta property=\"og:image:type\" content=\"image\/jpeg\" \/>\n<meta name=\"twitter:card\" content=\"summary_large_image\" \/>\n<meta name=\"twitter:label1\" content=\"Tiempo de lectura\" \/>\n\t<meta name=\"twitter:data1\" content=\"3 minutos\" \/>\n<script type=\"application\/ld+json\" class=\"yoast-schema-graph\">{\"@context\":\"https:\\\/\\\/schema.org\",\"@graph\":[{\"@type\":\"WebPage\",\"@id\":\"https:\\\/\\\/bedrocan.com\\\/es\\\/acerca-de-nosotros\\\/conozca-bedrocan\\\/\",\"url\":\"https:\\\/\\\/bedrocan.com\\\/es\\\/acerca-de-nosotros\\\/conozca-bedrocan\\\/\",\"name\":\"Conozca Bedrocan - Si desea conocer mejor nuestra organizaci\u00f3n\",\"isPartOf\":{\"@id\":\"https:\\\/\\\/bedrocan.com\\\/es\\\/#website\"},\"primaryImageOfPage\":{\"@id\":\"https:\\\/\\\/bedrocan.com\\\/es\\\/acerca-de-nosotros\\\/conozca-bedrocan\\\/#primaryimage\"},\"image\":{\"@id\":\"https:\\\/\\\/bedrocan.com\\\/es\\\/acerca-de-nosotros\\\/conozca-bedrocan\\\/#primaryimage\"},\"thumbnailUrl\":\"https:\\\/\\\/bedrocan.com\\\/wp-content\\\/uploads\\\/verwerking-eerste-knip-personeel-emmeloord-a5-1.jpg\",\"datePublished\":\"2025-01-15T08:24:31+00:00\",\"dateModified\":\"2025-12-17T14:52:58+00:00\",\"description\":\"Bedrocan ha crecido hasta convertirse en una organizaci\u00f3n con aproximadamente un centenar de empleados repartidos por varios lugares.\",\"breadcrumb\":{\"@id\":\"https:\\\/\\\/bedrocan.com\\\/es\\\/acerca-de-nosotros\\\/conozca-bedrocan\\\/#breadcrumb\"},\"inLanguage\":\"es\",\"potentialAction\":[{\"@type\":\"ReadAction\",\"target\":[\"https:\\\/\\\/bedrocan.com\\\/es\\\/acerca-de-nosotros\\\/conozca-bedrocan\\\/\"]}]},{\"@type\":\"ImageObject\",\"inLanguage\":\"es\",\"@id\":\"https:\\\/\\\/bedrocan.com\\\/es\\\/acerca-de-nosotros\\\/conozca-bedrocan\\\/#primaryimage\",\"url\":\"https:\\\/\\\/bedrocan.com\\\/wp-content\\\/uploads\\\/verwerking-eerste-knip-personeel-emmeloord-a5-1.jpg\",\"contentUrl\":\"https:\\\/\\\/bedrocan.com\\\/wp-content\\\/uploads\\\/verwerking-eerste-knip-personeel-emmeloord-a5-1.jpg\",\"width\":1280,\"height\":853,\"caption\":\"Conozca Bedrocan\"},{\"@type\":\"BreadcrumbList\",\"@id\":\"https:\\\/\\\/bedrocan.com\\\/es\\\/acerca-de-nosotros\\\/conozca-bedrocan\\\/#breadcrumb\",\"itemListElement\":[{\"@type\":\"ListItem\",\"position\":1,\"name\":\"Home\",\"item\":\"https:\\\/\\\/bedrocan.com\\\/es\\\/\"},{\"@type\":\"ListItem\",\"position\":2,\"name\":\"Acerca de nosotros\",\"item\":\"https:\\\/\\\/bedrocan.com\\\/es\\\/acerca-de-nosotros\\\/\"},{\"@type\":\"ListItem\",\"position\":3,\"name\":\"Conozca Bedrocan\"}]},{\"@type\":\"WebSite\",\"@id\":\"https:\\\/\\\/bedrocan.com\\\/es\\\/#website\",\"url\":\"https:\\\/\\\/bedrocan.com\\\/es\\\/\",\"name\":\"Bedrocan\",\"description\":\"medicinal cannabis\",\"publisher\":{\"@id\":\"https:\\\/\\\/bedrocan.com\\\/es\\\/#organization\"},\"potentialAction\":[{\"@type\":\"SearchAction\",\"target\":{\"@type\":\"EntryPoint\",\"urlTemplate\":\"https:\\\/\\\/bedrocan.com\\\/es\\\/?s={search_term_string}\"},\"query-input\":{\"@type\":\"PropertyValueSpecification\",\"valueRequired\":true,\"valueName\":\"search_term_string\"}}],\"inLanguage\":\"es\"},{\"@type\":\"Organization\",\"@id\":\"https:\\\/\\\/bedrocan.com\\\/es\\\/#organization\",\"name\":\"Bedrocan\",\"url\":\"https:\\\/\\\/bedrocan.com\\\/es\\\/\",\"logo\":{\"@type\":\"ImageObject\",\"inLanguage\":\"es\",\"@id\":\"https:\\\/\\\/bedrocan.com\\\/es\\\/#\\\/schema\\\/logo\\\/image\\\/\",\"url\":\"https:\\\/\\\/bedrocan.com\\\/wp-content\\\/uploads\\\/logo-bedrocan-mail.png\",\"contentUrl\":\"https:\\\/\\\/bedrocan.com\\\/wp-content\\\/uploads\\\/logo-bedrocan-mail.png\",\"width\":185,\"height\":31,\"caption\":\"Bedrocan\"},\"image\":{\"@id\":\"https:\\\/\\\/bedrocan.com\\\/es\\\/#\\\/schema\\\/logo\\\/image\\\/\"},\"sameAs\":[\"https:\\\/\\\/www.facebook.com\\\/Bedrocan\",\"https:\\\/\\\/www.linkedin.com\\\/company\\\/bedrocan\\\/\",\"https:\\\/\\\/www.instagram.com\\\/bedrocan_international\\\/\"]}]}<\/script>\n<!-- \/ Yoast SEO plugin. -->","yoast_head_json":{"title":"Conozca Bedrocan - Si desea conocer mejor nuestra organizaci\u00f3n","description":"Bedrocan ha crecido hasta convertirse en una organizaci\u00f3n con aproximadamente un centenar de empleados repartidos por varios lugares.","robots":{"index":"index","follow":"follow","max-snippet":"max-snippet:-1","max-image-preview":"max-image-preview:large","max-video-preview":"max-video-preview:-1"},"canonical":"https:\/\/bedrocan.com\/es\/acerca-de-nosotros\/conozca-bedrocan\/","og_locale":"es_ES","og_type":"article","og_title":"Conozca Bedrocan - Si desea conocer mejor nuestra organizaci\u00f3n","og_description":"Bedrocan ha crecido hasta convertirse en una organizaci\u00f3n con aproximadamente un centenar de empleados repartidos por varios lugares.","og_url":"https:\/\/bedrocan.com\/es\/acerca-de-nosotros\/conozca-bedrocan\/","og_site_name":"Bedrocan","article_publisher":"https:\/\/www.facebook.com\/Bedrocan","article_modified_time":"2025-12-17T14:52:58+00:00","og_image":[{"width":1280,"height":853,"url":"https:\/\/bedrocan.com\/wp-content\/uploads\/verwerking-eerste-knip-personeel-emmeloord-a5-1.jpg","type":"image\/jpeg"}],"twitter_card":"summary_large_image","twitter_misc":{"Tiempo de lectura":"3 minutos"},"schema":{"@context":"https:\/\/schema.org","@graph":[{"@type":"WebPage","@id":"https:\/\/bedrocan.com\/es\/acerca-de-nosotros\/conozca-bedrocan\/","url":"https:\/\/bedrocan.com\/es\/acerca-de-nosotros\/conozca-bedrocan\/","name":"Conozca Bedrocan - Si desea conocer mejor nuestra organizaci\u00f3n","isPartOf":{"@id":"https:\/\/bedrocan.com\/es\/#website"},"primaryImageOfPage":{"@id":"https:\/\/bedrocan.com\/es\/acerca-de-nosotros\/conozca-bedrocan\/#primaryimage"},"image":{"@id":"https:\/\/bedrocan.com\/es\/acerca-de-nosotros\/conozca-bedrocan\/#primaryimage"},"thumbnailUrl":"https:\/\/bedrocan.com\/wp-content\/uploads\/verwerking-eerste-knip-personeel-emmeloord-a5-1.jpg","datePublished":"2025-01-15T08:24:31+00:00","dateModified":"2025-12-17T14:52:58+00:00","description":"Bedrocan ha crecido hasta convertirse en una organizaci\u00f3n con aproximadamente un centenar de empleados repartidos por varios lugares.","breadcrumb":{"@id":"https:\/\/bedrocan.com\/es\/acerca-de-nosotros\/conozca-bedrocan\/#breadcrumb"},"inLanguage":"es","potentialAction":[{"@type":"ReadAction","target":["https:\/\/bedrocan.com\/es\/acerca-de-nosotros\/conozca-bedrocan\/"]}]},{"@type":"ImageObject","inLanguage":"es","@id":"https:\/\/bedrocan.com\/es\/acerca-de-nosotros\/conozca-bedrocan\/#primaryimage","url":"https:\/\/bedrocan.com\/wp-content\/uploads\/verwerking-eerste-knip-personeel-emmeloord-a5-1.jpg","contentUrl":"https:\/\/bedrocan.com\/wp-content\/uploads\/verwerking-eerste-knip-personeel-emmeloord-a5-1.jpg","width":1280,"height":853,"caption":"Conozca Bedrocan"},{"@type":"BreadcrumbList","@id":"https:\/\/bedrocan.com\/es\/acerca-de-nosotros\/conozca-bedrocan\/#breadcrumb","itemListElement":[{"@type":"ListItem","position":1,"name":"Home","item":"https:\/\/bedrocan.com\/es\/"},{"@type":"ListItem","position":2,"name":"Acerca de nosotros","item":"https:\/\/bedrocan.com\/es\/acerca-de-nosotros\/"},{"@type":"ListItem","position":3,"name":"Conozca Bedrocan"}]},{"@type":"WebSite","@id":"https:\/\/bedrocan.com\/es\/#website","url":"https:\/\/bedrocan.com\/es\/","name":"Bedrocan","description":"medicinal cannabis","publisher":{"@id":"https:\/\/bedrocan.com\/es\/#organization"},"potentialAction":[{"@type":"SearchAction","target":{"@type":"EntryPoint","urlTemplate":"https:\/\/bedrocan.com\/es\/?s={search_term_string}"},"query-input":{"@type":"PropertyValueSpecification","valueRequired":true,"valueName":"search_term_string"}}],"inLanguage":"es"},{"@type":"Organization","@id":"https:\/\/bedrocan.com\/es\/#organization","name":"Bedrocan","url":"https:\/\/bedrocan.com\/es\/","logo":{"@type":"ImageObject","inLanguage":"es","@id":"https:\/\/bedrocan.com\/es\/#\/schema\/logo\/image\/","url":"https:\/\/bedrocan.com\/wp-content\/uploads\/logo-bedrocan-mail.png","contentUrl":"https:\/\/bedrocan.com\/wp-content\/uploads\/logo-bedrocan-mail.png","width":185,"height":31,"caption":"Bedrocan"},"image":{"@id":"https:\/\/bedrocan.com\/es\/#\/schema\/logo\/image\/"},"sameAs":["https:\/\/www.facebook.com\/Bedrocan","https:\/\/www.linkedin.com\/company\/bedrocan\/","https:\/\/www.instagram.com\/bedrocan_international\/"]}]}},"_links":{"self":[{"href":"https:\/\/bedrocan.com\/es\/wp-json\/wp\/v2\/pages\/121441","targetHints":{"allow":["GET"]}}],"collection":[{"href":"https:\/\/bedrocan.com\/es\/wp-json\/wp\/v2\/pages"}],"about":[{"href":"https:\/\/bedrocan.com\/es\/wp-json\/wp\/v2\/types\/page"}],"author":[{"embeddable":true,"href":"https:\/\/bedrocan.com\/es\/wp-json\/wp\/v2\/users\/3"}],"replies":[{"embeddable":true,"href":"https:\/\/bedrocan.com\/es\/wp-json\/wp\/v2\/comments?post=121441"}],"version-history":[{"count":10,"href":"https:\/\/bedrocan.com\/es\/wp-json\/wp\/v2\/pages\/121441\/revisions"}],"predecessor-version":[{"id":257141,"href":"https:\/\/bedrocan.com\/es\/wp-json\/wp\/v2\/pages\/121441\/revisions\/257141"}],"up":[{"embeddable":true,"href":"https:\/\/bedrocan.com\/es\/wp-json\/wp\/v2\/pages\/10218"}],"wp:featuredmedia":[{"embeddable":true,"href":"https:\/\/bedrocan.com\/es\/wp-json\/wp\/v2\/media\/127225"}],"wp:attachment":[{"href":"https:\/\/bedrocan.com\/es\/wp-json\/wp\/v2\/media?parent=121441"}],"curies":[{"name":"wp","href":"https:\/\/api.w.org\/{rel}","templated":true}]}}