{"id":144212,"date":"2025-01-29T10:34:59","date_gmt":"2025-01-29T09:34:59","guid":{"rendered":"https:\/\/bedrocan.com\/?page_id=144212"},"modified":"2025-09-10T11:20:43","modified_gmt":"2025-09-10T09:20:43","slug":"profesionales-de-la-salud","status":"publish","type":"page","link":"https:\/\/bedrocan.com\/es\/profesionales-de-la-salud\/","title":{"rendered":"Profesionales de la salud"},"content":{"rendered":"<div class=\"wpb-content-wrapper\">[mk_page_section bg_image=&#8221;http:\/\/bedrocan.com\/wp-content\/uploads\/cannabis-inside.jpg&#8221; bg_repeat=&#8221;no-repeat&#8221; bg_stretch=&#8221;true&#8221; min_height=&#8221;300&#8243; full_width=&#8221;true&#8221; top_shape_color=&#8221;#ffffff&#8221; bottom_shape_color=&#8221;#ffffff&#8221; visibility=&#8221;hidden-sm&#8221; sidebar=&#8221;sidebar-1&#8243;][vc_column][\/vc_column][\/mk_page_section][vc_row][vc_column][vc_empty_space height=&#8221;45px&#8221;][vc_column_text css=&#8221;.vc_custom_1738155601766{margin-bottom: 0px !important;}&#8221;]\n<h1>Profesionales de la salud<\/h1>\n[\/vc_column_text][vc_separator color=&#8221;custom&#8221; align=&#8221;align_left&#8221; border_width=&#8221;5&#8243; el_width=&#8221;10&#8243; css=&#8221;&#8221; accent_color=&#8221;#048da8&#8243;][\/vc_column][\/vc_row][vc_row][vc_column][mk_padding_divider size=&#8221;20&#8243;][vc_column_text css=&#8221;.vc_custom_1738155626999{margin-bottom: 0px !important;}&#8221;]Esta secci\u00f3n est\u00e1 dirigida a profesionales sanitarios.[\/vc_column_text][mk_padding_divider size=&#8221;20&#8243;][\/vc_column][\/vc_row][vc_row][vc_column border_color=&#8221;#f5f5f5&#8243; blend_mode=&#8221;darken&#8221; width=&#8221;2\/5&#8243; css=&#8221;.vc_custom_1727365772715{border-color: #f5f5f5 !important;}&#8221;][mk_padding_divider][vc_column_text css=&#8221;.vc_custom_1749234435001{margin-bottom: 0px !important;}&#8221;]\n<h2 style=\"text-align: center;\"><a href=\"https:\/\/bedrocan.com\/es\/profesionales-de-la-salud\/cannabis-medicinal\/\"><span style=\"color: #048da8;\">Cannabis medicinal<\/span><\/a><\/h2>\n[\/vc_column_text][vc_single_image image=&#8221;252195&#8243; alignment=&#8221;center&#8221; onclick=&#8221;custom_link&#8221; css=&#8221;&#8221; link=&#8221;https:\/\/bedrocan.com\/es\/healthcare-professionals\/cannabis-medicinal\/&#8221;][vc_btn title=&#8221;\u00bfQu\u00e9 es el cannabis medicinal?&#8221; align=&#8221;center&#8221; css=&#8221;&#8221; el_class=&#8221;blue&#8221; link=&#8221;url:https%3A%2F%2Fbedrocan.com%2Fes%2Fhealthcare-professionals%2Fcannabis-medicinal%2F&#8221;][\/vc_column][vc_column width=&#8221;1\/12&#8243;][\/vc_column][vc_column border_color=&#8221;#f5f5f5&#8243; blend_mode=&#8221;darken&#8221; width=&#8221;2\/5&#8243; css=&#8221;.vc_custom_1727365989117{border-color: #f5f5f5 !important;}&#8221;][mk_padding_divider][vc_column_text css=&#8221;.vc_custom_1749234732672{margin-bottom: 0px !important;}&#8221;]\n<h2 style=\"text-align: center;\"><a href=\"https:\/\/bedrocan.com\/healthcare-professionals\/hcp-materials\/\"><span style=\"color: #048da8;\">Folletos m\u00e9dicos<\/span><\/a><\/h2>\n[\/vc_column_text][vc_single_image image=&#8221;252201&#8243; alignment=&#8221;center&#8221; onclick=&#8221;custom_link&#8221; css=&#8221;&#8221; link=&#8221;https:\/\/bedrocan.com\/healthcare-professionals\/hcp-material\/&#8221;][vc_btn title=&#8221;Descargar folletos&#8221; align=&#8221;center&#8221; css=&#8221;&#8221; el_class=&#8221;blue&#8221; link=&#8221;url:https%3A%2F%2Fbedrocan.com%2Fhealthcare-professionals%2Fhcp-material%2F&#8221;][\/vc_column][\/vc_row][vc_row][vc_column][mk_padding_divider][\/vc_column][\/vc_row][vc_row][vc_column border_color=&#8221;#f5f5f5&#8243; blend_mode=&#8221;darken&#8221; width=&#8221;2\/5&#8243; css=&#8221;.vc_custom_1727365899417{border-color: #f5f5f5 !important;}&#8221;][mk_padding_divider][vc_column_text css=&#8221;.vc_custom_1749234706259{margin-bottom: 0px !important;}&#8221;]\n<h2 style=\"text-align: center;\"><a href=\"https:\/\/bedrocan.com\/es\/profesionales-de-la-salud\/investigaciones-sobre-el-cannabis\/\"><span style=\"color: #048da8;\">Investigaciones cannabis<\/span><\/a><\/h2>\n[\/vc_column_text][vc_single_image image=&#8221;252207&#8243; alignment=&#8221;center&#8221; onclick=&#8221;custom_link&#8221; css=&#8221;&#8221; link=&#8221;https:\/\/bedrocan.com\/es\/healthcare-professionals\/investigaciones-sobre-el-cannabis\/&#8221;][vc_btn title=&#8221;Ver la p\u00e1gina de descripci\u00f3n general&#8221; align=&#8221;center&#8221; css=&#8221;&#8221; el_class=&#8221;blue&#8221; link=&#8221;url:https%3A%2F%2Fbedrocan.com%2Fes%2Fhealthcare-professionals%2Finvestigaciones-sobre-el-cannabis%2F&#8221;][\/vc_column][vc_column width=&#8221;1\/12&#8243;][\/vc_column][vc_column border_color=&#8221;#f5f5f5&#8243; blend_mode=&#8221;darken&#8221; width=&#8221;2\/5&#8243; css=&#8221;.vc_custom_1727366250822{border-color: #f5f5f5 !important;}&#8221;][mk_padding_divider][vc_column_text css=&#8221;.vc_custom_1749234669258{margin-bottom: 0px !important;}&#8221;]\n<h2 style=\"text-align: center;\"><a href=\"https:\/\/bedrocan.com\/es\/productos-de-cannabis\/\"><span style=\"color: #048da8;\">Productos de cannabis<\/span><\/a><\/h2>\n[\/vc_column_text][vc_single_image image=&#8221;252212&#8243; alignment=&#8221;center&#8221; onclick=&#8221;custom_link&#8221; css=&#8221;&#8221; link=&#8221;https:\/\/bedrocan.com\/es\/productos\/&#8221;][vc_btn title=&#8221;Productos de cannabis&#8221; align=&#8221;center&#8221; css=&#8221;&#8221; el_class=&#8221;blue&#8221; link=&#8221;url:https%3A%2F%2Fbedrocan.com%2Fes%2Fproductos%2F&#8221;][\/vc_column][\/vc_row]\n<\/div>","protected":false},"excerpt":{"rendered":"<p>[mk_page_section bg_image=&#8221;http:\/\/bedrocan.com\/wp-content\/uploads\/cannabis-inside.jpg&#8221; bg_repeat=&#8221;no-repeat&#8221; bg_stretch=&#8221;true&#8221; min_height=&#8221;300&#8243; full_width=&#8221;true&#8221; top_shape_color=&#8221;#ffffff&#8221; bottom_shape_color=&#8221;#ffffff&#8221; visibility=&#8221;hidden-sm&#8221; sidebar=&#8221;sidebar-1&#8243;][vc_column][\/vc_column][\/mk_page_section][vc_row][vc_column][vc_empty_space height=&#8221;45px&#8221;][vc_column_text css=&#8221;.vc_custom_1738155601766{margin-bottom: 0px !important;}&#8221;] Profesionales de la salud [\/vc_column_text][vc_separator color=&#8221;custom&#8221; align=&#8221;align_left&#8221; border_width=&#8221;5&#8243; el_width=&#8221;10&#8243; css=&#8221;&#8221; accent_color=&#8221;#048da8&#8243;][\/vc_column][\/vc_row][vc_row][vc_column][mk_padding_divider size=&#8221;20&#8243;][vc_column_text css=&#8221;.vc_custom_1738155626999{margin-bottom: 0px !important;}&#8221;]Esta secci\u00f3n est\u00e1 dirigida a profesionales sanitarios.[\/vc_column_text][mk_padding_divider size=&#8221;20&#8243;][\/vc_column][\/vc_row][vc_row][vc_column border_color=&#8221;#f5f5f5&#8243; blend_mode=&#8221;darken&#8221; width=&#8221;2\/5&#8243; css=&#8221;.vc_custom_1727365772715{border-color: #f5f5f5 !important;}&#8221;][mk_padding_divider][vc_column_text css=&#8221;.vc_custom_1749234435001{margin-bottom: 0px !important;}&#8221;] Cannabis medicinal [\/vc_column_text][vc_single_image image=&#8221;252195&#8243; alignment=&#8221;center&#8221; onclick=&#8221;custom_link&#8221; css=&#8221;&#8221; link=&#8221;https:\/\/bedrocan.com\/es\/healthcare-professionals\/cannabis-medicinal\/&#8221;][vc_btn title=&#8221;\u00bfQu\u00e9 es [&hellip;]<\/p>\n","protected":false},"author":3,"featured_media":158993,"parent":0,"menu_order":63,"comment_status":"closed","ping_status":"closed","template":"","meta":{"footnotes":""},"class_list":["post-144212","page","type-page","status-publish","has-post-thumbnail","hentry"],"yoast_head":"<!-- This site is optimized with the Yoast SEO plugin v27.3 - https:\/\/yoast.com\/product\/yoast-seo-wordpress\/ -->\n<title>Profesionales de la salud y cannabis medicinal<\/title>\n<meta name=\"description\" content=\"\u00bfQu\u00e9 es el cannabis medicinal y para qu\u00e9 se utiliza? \u00bfCu\u00e1les son sus efectos y c\u00f3mo prescribirlo? Informaci\u00f3n para profesionales sanitarios.\" \/>\n<meta name=\"robots\" content=\"index, follow, max-snippet:-1, max-image-preview:large, max-video-preview:-1\" \/>\n<link rel=\"canonical\" href=\"https:\/\/bedrocan.com\/es\/profesionales-de-la-salud\/\" \/>\n<meta property=\"og:locale\" content=\"es_ES\" \/>\n<meta property=\"og:type\" content=\"article\" \/>\n<meta property=\"og:title\" content=\"Profesionales de la salud y cannabis medicinal\" \/>\n<meta property=\"og:description\" content=\"\u00bfQu\u00e9 es el cannabis medicinal y para qu\u00e9 se utiliza? \u00bfCu\u00e1les son sus efectos y c\u00f3mo prescribirlo? Informaci\u00f3n para profesionales sanitarios.\" \/>\n<meta property=\"og:url\" content=\"https:\/\/bedrocan.com\/es\/profesionales-de-la-salud\/\" \/>\n<meta property=\"og:site_name\" content=\"Bedrocan\" \/>\n<meta property=\"article:publisher\" content=\"https:\/\/www.facebook.com\/Bedrocan\" \/>\n<meta property=\"article:modified_time\" content=\"2025-09-10T09:20:43+00:00\" \/>\n<meta property=\"og:image\" content=\"https:\/\/bedrocan.com\/wp-content\/uploads\/laboratory-medicinal-cannabis-by-bedrocan-14-3.png\" \/>\n\t<meta property=\"og:image:width\" content=\"1280\" \/>\n\t<meta property=\"og:image:height\" content=\"755\" \/>\n\t<meta property=\"og:image:type\" content=\"image\/png\" \/>\n<meta name=\"twitter:card\" content=\"summary_large_image\" \/>\n<meta name=\"twitter:label1\" content=\"Tiempo de lectura\" \/>\n\t<meta name=\"twitter:data1\" content=\"1 minuto\" \/>\n<script type=\"application\/ld+json\" class=\"yoast-schema-graph\">{\"@context\":\"https:\\\/\\\/schema.org\",\"@graph\":[{\"@type\":\"WebPage\",\"@id\":\"https:\\\/\\\/bedrocan.com\\\/es\\\/profesionales-de-la-salud\\\/\",\"url\":\"https:\\\/\\\/bedrocan.com\\\/es\\\/profesionales-de-la-salud\\\/\",\"name\":\"Profesionales de la salud y cannabis medicinal\",\"isPartOf\":{\"@id\":\"https:\\\/\\\/bedrocan.com\\\/es\\\/#website\"},\"primaryImageOfPage\":{\"@id\":\"https:\\\/\\\/bedrocan.com\\\/es\\\/profesionales-de-la-salud\\\/#primaryimage\"},\"image\":{\"@id\":\"https:\\\/\\\/bedrocan.com\\\/es\\\/profesionales-de-la-salud\\\/#primaryimage\"},\"thumbnailUrl\":\"https:\\\/\\\/bedrocan.com\\\/wp-content\\\/uploads\\\/laboratory-medicinal-cannabis-by-bedrocan-14-3.png\",\"datePublished\":\"2025-01-29T09:34:59+00:00\",\"dateModified\":\"2025-09-10T09:20:43+00:00\",\"description\":\"\u00bfQu\u00e9 es el cannabis medicinal y para qu\u00e9 se utiliza? \u00bfCu\u00e1les son sus efectos y c\u00f3mo prescribirlo? Informaci\u00f3n para profesionales sanitarios.\",\"breadcrumb\":{\"@id\":\"https:\\\/\\\/bedrocan.com\\\/es\\\/profesionales-de-la-salud\\\/#breadcrumb\"},\"inLanguage\":\"es\",\"potentialAction\":[{\"@type\":\"ReadAction\",\"target\":[\"https:\\\/\\\/bedrocan.com\\\/es\\\/profesionales-de-la-salud\\\/\"]}]},{\"@type\":\"ImageObject\",\"inLanguage\":\"es\",\"@id\":\"https:\\\/\\\/bedrocan.com\\\/es\\\/profesionales-de-la-salud\\\/#primaryimage\",\"url\":\"https:\\\/\\\/bedrocan.com\\\/wp-content\\\/uploads\\\/laboratory-medicinal-cannabis-by-bedrocan-14-3.png\",\"contentUrl\":\"https:\\\/\\\/bedrocan.com\\\/wp-content\\\/uploads\\\/laboratory-medicinal-cannabis-by-bedrocan-14-3.png\",\"width\":1280,\"height\":755,\"caption\":\"Healthcare professionals\"},{\"@type\":\"BreadcrumbList\",\"@id\":\"https:\\\/\\\/bedrocan.com\\\/es\\\/profesionales-de-la-salud\\\/#breadcrumb\",\"itemListElement\":[{\"@type\":\"ListItem\",\"position\":1,\"name\":\"Home\",\"item\":\"https:\\\/\\\/bedrocan.com\\\/es\\\/\"},{\"@type\":\"ListItem\",\"position\":2,\"name\":\"Profesionales de la salud\"}]},{\"@type\":\"WebSite\",\"@id\":\"https:\\\/\\\/bedrocan.com\\\/es\\\/#website\",\"url\":\"https:\\\/\\\/bedrocan.com\\\/es\\\/\",\"name\":\"Bedrocan\",\"description\":\"medicinal cannabis\",\"publisher\":{\"@id\":\"https:\\\/\\\/bedrocan.com\\\/es\\\/#organization\"},\"potentialAction\":[{\"@type\":\"SearchAction\",\"target\":{\"@type\":\"EntryPoint\",\"urlTemplate\":\"https:\\\/\\\/bedrocan.com\\\/es\\\/?s={search_term_string}\"},\"query-input\":{\"@type\":\"PropertyValueSpecification\",\"valueRequired\":true,\"valueName\":\"search_term_string\"}}],\"inLanguage\":\"es\"},{\"@type\":\"Organization\",\"@id\":\"https:\\\/\\\/bedrocan.com\\\/es\\\/#organization\",\"name\":\"Bedrocan\",\"url\":\"https:\\\/\\\/bedrocan.com\\\/es\\\/\",\"logo\":{\"@type\":\"ImageObject\",\"inLanguage\":\"es\",\"@id\":\"https:\\\/\\\/bedrocan.com\\\/es\\\/#\\\/schema\\\/logo\\\/image\\\/\",\"url\":\"https:\\\/\\\/bedrocan.com\\\/wp-content\\\/uploads\\\/logo-bedrocan-mail.png\",\"contentUrl\":\"https:\\\/\\\/bedrocan.com\\\/wp-content\\\/uploads\\\/logo-bedrocan-mail.png\",\"width\":185,\"height\":31,\"caption\":\"Bedrocan\"},\"image\":{\"@id\":\"https:\\\/\\\/bedrocan.com\\\/es\\\/#\\\/schema\\\/logo\\\/image\\\/\"},\"sameAs\":[\"https:\\\/\\\/www.facebook.com\\\/Bedrocan\",\"https:\\\/\\\/www.linkedin.com\\\/company\\\/bedrocan\\\/\",\"https:\\\/\\\/www.instagram.com\\\/bedrocan_international\\\/\"]}]}<\/script>\n<!-- \/ Yoast SEO plugin. -->","yoast_head_json":{"title":"Profesionales de la salud y cannabis medicinal","description":"\u00bfQu\u00e9 es el cannabis medicinal y para qu\u00e9 se utiliza? \u00bfCu\u00e1les son sus efectos y c\u00f3mo prescribirlo? Informaci\u00f3n para profesionales sanitarios.","robots":{"index":"index","follow":"follow","max-snippet":"max-snippet:-1","max-image-preview":"max-image-preview:large","max-video-preview":"max-video-preview:-1"},"canonical":"https:\/\/bedrocan.com\/es\/profesionales-de-la-salud\/","og_locale":"es_ES","og_type":"article","og_title":"Profesionales de la salud y cannabis medicinal","og_description":"\u00bfQu\u00e9 es el cannabis medicinal y para qu\u00e9 se utiliza? \u00bfCu\u00e1les son sus efectos y c\u00f3mo prescribirlo? Informaci\u00f3n para profesionales sanitarios.","og_url":"https:\/\/bedrocan.com\/es\/profesionales-de-la-salud\/","og_site_name":"Bedrocan","article_publisher":"https:\/\/www.facebook.com\/Bedrocan","article_modified_time":"2025-09-10T09:20:43+00:00","og_image":[{"width":1280,"height":755,"url":"https:\/\/bedrocan.com\/wp-content\/uploads\/laboratory-medicinal-cannabis-by-bedrocan-14-3.png","type":"image\/png"}],"twitter_card":"summary_large_image","twitter_misc":{"Tiempo de lectura":"1 minuto"},"schema":{"@context":"https:\/\/schema.org","@graph":[{"@type":"WebPage","@id":"https:\/\/bedrocan.com\/es\/profesionales-de-la-salud\/","url":"https:\/\/bedrocan.com\/es\/profesionales-de-la-salud\/","name":"Profesionales de la salud y cannabis medicinal","isPartOf":{"@id":"https:\/\/bedrocan.com\/es\/#website"},"primaryImageOfPage":{"@id":"https:\/\/bedrocan.com\/es\/profesionales-de-la-salud\/#primaryimage"},"image":{"@id":"https:\/\/bedrocan.com\/es\/profesionales-de-la-salud\/#primaryimage"},"thumbnailUrl":"https:\/\/bedrocan.com\/wp-content\/uploads\/laboratory-medicinal-cannabis-by-bedrocan-14-3.png","datePublished":"2025-01-29T09:34:59+00:00","dateModified":"2025-09-10T09:20:43+00:00","description":"\u00bfQu\u00e9 es el cannabis medicinal y para qu\u00e9 se utiliza? \u00bfCu\u00e1les son sus efectos y c\u00f3mo prescribirlo? Informaci\u00f3n para profesionales sanitarios.","breadcrumb":{"@id":"https:\/\/bedrocan.com\/es\/profesionales-de-la-salud\/#breadcrumb"},"inLanguage":"es","potentialAction":[{"@type":"ReadAction","target":["https:\/\/bedrocan.com\/es\/profesionales-de-la-salud\/"]}]},{"@type":"ImageObject","inLanguage":"es","@id":"https:\/\/bedrocan.com\/es\/profesionales-de-la-salud\/#primaryimage","url":"https:\/\/bedrocan.com\/wp-content\/uploads\/laboratory-medicinal-cannabis-by-bedrocan-14-3.png","contentUrl":"https:\/\/bedrocan.com\/wp-content\/uploads\/laboratory-medicinal-cannabis-by-bedrocan-14-3.png","width":1280,"height":755,"caption":"Healthcare professionals"},{"@type":"BreadcrumbList","@id":"https:\/\/bedrocan.com\/es\/profesionales-de-la-salud\/#breadcrumb","itemListElement":[{"@type":"ListItem","position":1,"name":"Home","item":"https:\/\/bedrocan.com\/es\/"},{"@type":"ListItem","position":2,"name":"Profesionales de la salud"}]},{"@type":"WebSite","@id":"https:\/\/bedrocan.com\/es\/#website","url":"https:\/\/bedrocan.com\/es\/","name":"Bedrocan","description":"medicinal cannabis","publisher":{"@id":"https:\/\/bedrocan.com\/es\/#organization"},"potentialAction":[{"@type":"SearchAction","target":{"@type":"EntryPoint","urlTemplate":"https:\/\/bedrocan.com\/es\/?s={search_term_string}"},"query-input":{"@type":"PropertyValueSpecification","valueRequired":true,"valueName":"search_term_string"}}],"inLanguage":"es"},{"@type":"Organization","@id":"https:\/\/bedrocan.com\/es\/#organization","name":"Bedrocan","url":"https:\/\/bedrocan.com\/es\/","logo":{"@type":"ImageObject","inLanguage":"es","@id":"https:\/\/bedrocan.com\/es\/#\/schema\/logo\/image\/","url":"https:\/\/bedrocan.com\/wp-content\/uploads\/logo-bedrocan-mail.png","contentUrl":"https:\/\/bedrocan.com\/wp-content\/uploads\/logo-bedrocan-mail.png","width":185,"height":31,"caption":"Bedrocan"},"image":{"@id":"https:\/\/bedrocan.com\/es\/#\/schema\/logo\/image\/"},"sameAs":["https:\/\/www.facebook.com\/Bedrocan","https:\/\/www.linkedin.com\/company\/bedrocan\/","https:\/\/www.instagram.com\/bedrocan_international\/"]}]}},"_links":{"self":[{"href":"https:\/\/bedrocan.com\/es\/wp-json\/wp\/v2\/pages\/144212","targetHints":{"allow":["GET"]}}],"collection":[{"href":"https:\/\/bedrocan.com\/es\/wp-json\/wp\/v2\/pages"}],"about":[{"href":"https:\/\/bedrocan.com\/es\/wp-json\/wp\/v2\/types\/page"}],"author":[{"embeddable":true,"href":"https:\/\/bedrocan.com\/es\/wp-json\/wp\/v2\/users\/3"}],"replies":[{"embeddable":true,"href":"https:\/\/bedrocan.com\/es\/wp-json\/wp\/v2\/comments?post=144212"}],"version-history":[{"count":6,"href":"https:\/\/bedrocan.com\/es\/wp-json\/wp\/v2\/pages\/144212\/revisions"}],"predecessor-version":[{"id":252224,"href":"https:\/\/bedrocan.com\/es\/wp-json\/wp\/v2\/pages\/144212\/revisions\/252224"}],"wp:featuredmedia":[{"embeddable":true,"href":"https:\/\/bedrocan.com\/es\/wp-json\/wp\/v2\/media\/158993"}],"wp:attachment":[{"href":"https:\/\/bedrocan.com\/es\/wp-json\/wp\/v2\/media?parent=144212"}],"curies":[{"name":"wp","href":"https:\/\/api.w.org\/{rel}","templated":true}]}}