{"id":14103,"date":"2025-05-05T09:00:43","date_gmt":"2025-05-05T07:00:43","guid":{"rendered":"http:\/\/bedrocan.com\/chi-siamo\/career\/"},"modified":"2025-07-14T21:17:47","modified_gmt":"2025-07-14T19:17:47","slug":"career","status":"publish","type":"page","link":"https:\/\/bedrocan.com\/it\/chi-siamo\/career\/","title":{"rendered":"Career"},"content":{"rendered":"<div class=\"wpb-content-wrapper\">[mk_page_section bg_image=&#8221;http:\/\/bedrocan.com\/wp-content\/uploads\/header_history.jpg&#8221; bg_repeat=&#8221;no-repeat&#8221; bg_stretch=&#8221;true&#8221; min_height=&#8221;300&#8243; full_width=&#8221;true&#8221; top_shape_color=&#8221;#ffffff&#8221; bottom_shape_color=&#8221;#ffffff&#8221; visibility=&#8221;hidden-sm&#8221; sidebar=&#8221;sidebar-1&#8243;][vc_column][\/vc_column][\/mk_page_section][vc_row][vc_column][vc_empty_space height=&#8221;45px&#8221;][vc_column_text]\n<h1>Career<\/h1>\n[\/vc_column_text][vc_separator color=&#8221;custom&#8221; align=&#8221;align_left&#8221; border_width=&#8221;5&#8243; el_width=&#8221;10&#8243; css=&#8221;.vc_custom_1468403515259{margin-top: -10px !important;margin-bottom: 10px !important;}&#8221; accent_color=&#8221;#008752&#8243;][mk_padding_divider][vc_row_inner][vc_column_inner][vc_column_text css=&#8221;.vc_custom_1736164676347{margin-bottom: 0px !important;}&#8221;]Are you looking for a fresh alternative to the standard job options? Then consider a career at Bedrocan. We currently have the following open positions:[\/vc_column_text][\/vc_column_inner][\/vc_row_inner][\/vc_column][\/vc_row][vc_row][vc_column][mk_padding_divider][vc_cta h2=&#8221;QA Coordinator (DK)&#8221; txt_align=&#8221;center&#8221; add_button=&#8221;bottom&#8221; btn_title=&#8221;Job description&#8221; btn_align=&#8221;center&#8221; css=&#8221;&#8221; btn_link=&#8221;url:https%3A%2F%2Fbedrocan.com%2Fwp-content%2Fuploads%2Fqa-coordinator-bedrocan-2.pdf|target:_blank&#8221;]We are looking for a Danish-speaking QA coordinator for our Facility in K\u00f8ge, Denmark.[\/vc_cta][\/vc_column][\/vc_row][vc_row][vc_column][mk_divider style=&#8221;thin_solid&#8221; thin_single_color=&#8221;#08752&#8243;][\/vc_column][\/vc_row][vc_row][vc_column][mk_padding_divider][vc_cta h2=&#8221;Meet the team&#8221; add_button=&#8221;bottom&#8221; btn_title=&#8221;Our representatives&#8221; btn_link=&#8221;url:http%3A%2F%2Fbedrocan.com%2Fabout-us%2Fmeet-bedrocan%2F|||&#8221;]Over the years, Bedrocan has grown into an organisation with approximately one hundred colleagues, spread over various sites.[\/vc_cta][\/vc_column][\/vc_row][vc_row][vc_column][mk_padding_divider][vc_cta h2=&#8221;Career opportunities on LinkedIn&#8221; add_button=&#8221;bottom&#8221; btn_title=&#8221;Follow us on LinkedIn&#8221; btn_i_type=&#8221;monosocial&#8221; btn_i_icon_monosocial=&#8221;vc-mono vc-mono-linkedin&#8221; btn_add_icon=&#8221;true&#8221; btn_link=&#8221;url:https%3A%2F%2Fwww.linkedin.com%2Fcompany%2Fbedrocan%2F||target:%20_blank|&#8221;]If you want to stay informed about career opportunities at Bedrocan, follow us on <a href=\"https:\/\/www.linkedin.com\/company\/bedrocan\/\" target=\"_blank\" rel=\"noopener\">LinkedIn<\/a>. We post all our vacancies there.[\/vc_cta][\/vc_column][\/vc_row][vc_row][vc_column width=&#8221;1\/2&#8243;][vc_empty_space height=&#8221;45px&#8221;][vc_column_text css=&#8221;.vc_custom_1610537379144{margin-bottom: 0px !important;}&#8221;]\n<h3>Career<\/h3>\n[\/vc_column_text][vc_column_text css=&#8221;.vc_custom_1658922077194{margin-bottom: 0px !important;}&#8221;]Please do not send us any unsolicited applications. As soon as we have an open position, we will publish the job description on this career page.<\/p>\n<p>Thank you for your understanding.[\/vc_column_text][\/vc_column][vc_column width=&#8221;1\/2&#8243;][vc_empty_space height=&#8221;45px&#8221;][vc_column_text css=&#8221;.vc_custom_1519307957705{margin-bottom: 0px !important;}&#8221;]\n<h3>Karriere<\/h3>\n[\/vc_column_text][vc_column_text css=&#8221;.vc_custom_1548170707551{margin-bottom: 0px !important;}&#8221;]Schicken Sie uns bitte keine unaufgeforderten Bewerbungen. Sobald wir eine offene Stelle haben, werden wir an dieser Stelle eine entsprechende Stellenbeschreibung publizieren.<\/p>\n<p>Vielen Dank f\u00fcr Ihr Verst\u00e4ndnis.[\/vc_column_text][\/vc_column][\/vc_row][vc_row][vc_column width=&#8221;1\/2&#8243;][vc_empty_space height=&#8221;45px&#8221;][vc_column_text css=&#8221;.vc_custom_1610537830126{margin-bottom: 0px !important;}&#8221;]\n<h3>Vacatures<\/h3>\n[\/vc_column_text][vc_column_text css=&#8221;.vc_custom_1692981471600{margin-bottom: 0px !important;}&#8221;]<span class=\"JLqJ4b ChMk0b\" data-language-for-alternatives=\"nl\" data-language-to-translate-into=\"en\" data-phrase-index=\"0\">Stuur ons liever geen open sollicitaties.<\/span> <span class=\"JLqJ4b ChMk0b\" data-language-for-alternatives=\"nl\" data-language-to-translate-into=\"en\" data-phrase-index=\"1\">Zodra we een vacature hebben, publiceren we de functieomschrijving op deze website.<\/span><\/p>\n<p><span class=\"JLqJ4b ChMk0b\" data-language-for-alternatives=\"nl\" data-language-to-translate-into=\"en\" data-phrase-index=\"3\">Bedankt voor je begrip.<\/span>[\/vc_column_text][\/vc_column][vc_column width=&#8221;1\/2&#8243;][vc_empty_space height=&#8221;45px&#8221;][vc_column_text css=&#8221;.vc_custom_1519307934444{margin-bottom: 0px !important;}&#8221;]\n<h3>Empleo<\/h3>\n[\/vc_column_text][vc_column_text css=&#8221;.vc_custom_1548170715970{margin-bottom: 0px !important;}&#8221;]Rogamos no env\u00ede solicitudes de empleo espont\u00e1neas. En cuanto tengamos una vacante disponible publicaremos una descripci\u00f3n en esta p\u00e1gina.<\/p>\n<p>Agradecemos su comprensi\u00f3n.[\/vc_column_text][\/vc_column][\/vc_row][vc_row][vc_column][mk_padding_divider][\/vc_column][\/vc_row]\n<\/div>","protected":false},"excerpt":{"rendered":"<p>[mk_page_section bg_image=&#8221;http:\/\/bedrocan.com\/wp-content\/uploads\/header_history.jpg&#8221; bg_repeat=&#8221;no-repeat&#8221; bg_stretch=&#8221;true&#8221; min_height=&#8221;300&#8243; full_width=&#8221;true&#8221; top_shape_color=&#8221;#ffffff&#8221; bottom_shape_color=&#8221;#ffffff&#8221; visibility=&#8221;hidden-sm&#8221; sidebar=&#8221;sidebar-1&#8243;][vc_column][\/vc_column][\/mk_page_section][vc_row][vc_column][vc_empty_space height=&#8221;45px&#8221;][vc_column_text] Career [\/vc_column_text][vc_separator color=&#8221;custom&#8221; align=&#8221;align_left&#8221; border_width=&#8221;5&#8243; el_width=&#8221;10&#8243; css=&#8221;.vc_custom_1468403515259{margin-top: -10px !important;margin-bottom: 10px !important;}&#8221; accent_color=&#8221;#008752&#8243;][mk_padding_divider][vc_row_inner][vc_column_inner][vc_column_text css=&#8221;.vc_custom_1736164676347{margin-bottom: 0px !important;}&#8221;]Are you looking for a fresh alternative to the standard job options? Then consider a career at Bedrocan. We currently have the following open positions:[\/vc_column_text][\/vc_column_inner][\/vc_row_inner][\/vc_column][\/vc_row][vc_row][vc_column][mk_padding_divider][vc_cta h2=&#8221;QA Coordinator (DK)&#8221; txt_align=&#8221;center&#8221; add_button=&#8221;bottom&#8221; [&hellip;]<\/p>\n","protected":false},"author":3,"featured_media":151234,"parent":8864,"menu_order":4,"comment_status":"closed","ping_status":"closed","template":"","meta":{"footnotes":""},"class_list":["post-14103","page","type-page","status-publish","has-post-thumbnail","hentry"],"yoast_head":"<!-- This site is optimized with the Yoast SEO plugin v27.3 - https:\/\/yoast.com\/product\/yoast-seo-wordpress\/ -->\n<title>Career | Empleo | Karriere | Vacatures | Posti Vacanti<\/title>\n<meta name=\"description\" content=\"As soon as we have a career opportunity, we will publish the job description on our website. Check now if there is an open position.\" \/>\n<meta name=\"robots\" content=\"noindex, follow\" \/>\n<meta property=\"og:locale\" content=\"it_IT\" \/>\n<meta property=\"og:type\" content=\"article\" \/>\n<meta property=\"og:title\" content=\"Career | Empleo | Karriere | Vacatures | Posti Vacanti\" \/>\n<meta property=\"og:description\" content=\"As soon as we have a career opportunity, we will publish the job description on our website. Check now if there is an open position.\" \/>\n<meta property=\"og:url\" content=\"https:\/\/bedrocan.com\/about-us\/career\/\" \/>\n<meta property=\"og:site_name\" content=\"Bedrocan\" \/>\n<meta property=\"article:publisher\" content=\"https:\/\/www.facebook.com\/Bedrocan\" \/>\n<meta property=\"article:modified_time\" content=\"2025-07-14T19:17:47+00:00\" \/>\n<meta property=\"og:image\" content=\"https:\/\/bedrocan.com\/wp-content\/uploads\/bedrocan-business-setting_lr-60.jpg\" \/>\n\t<meta property=\"og:image:width\" content=\"1480\" \/>\n\t<meta property=\"og:image:height\" content=\"900\" \/>\n\t<meta property=\"og:image:type\" content=\"image\/jpeg\" \/>\n<meta name=\"twitter:card\" content=\"summary_large_image\" \/>\n<meta name=\"twitter:label1\" content=\"Tempo di lettura stimato\" \/>\n\t<meta name=\"twitter:data1\" content=\"2 minuti\" \/>\n<script type=\"application\/ld+json\" class=\"yoast-schema-graph\">{\"@context\":\"https:\\\/\\\/schema.org\",\"@graph\":[{\"@type\":\"WebPage\",\"@id\":\"https:\\\/\\\/bedrocan.com\\\/it\\\/chi-siamo\\\/career\\\/\",\"url\":\"https:\\\/\\\/bedrocan.com\\\/about-us\\\/career\\\/\",\"name\":\"Career | Empleo | Karriere | Vacatures | Posti Vacanti\",\"isPartOf\":{\"@id\":\"https:\\\/\\\/bedrocan.com\\\/it\\\/#website\"},\"primaryImageOfPage\":{\"@id\":\"https:\\\/\\\/bedrocan.com\\\/about-us\\\/career\\\/#primaryimage\"},\"image\":{\"@id\":\"https:\\\/\\\/bedrocan.com\\\/about-us\\\/career\\\/#primaryimage\"},\"thumbnailUrl\":\"https:\\\/\\\/bedrocan.com\\\/wp-content\\\/uploads\\\/bedrocan-business-setting_lr-60.jpg\",\"datePublished\":\"2025-05-05T07:00:43+00:00\",\"dateModified\":\"2025-07-14T19:17:47+00:00\",\"description\":\"As soon as we have a career opportunity, we will publish the job description on our website. Check now if there is an open position.\",\"breadcrumb\":{\"@id\":\"https:\\\/\\\/bedrocan.com\\\/about-us\\\/career\\\/#breadcrumb\"},\"inLanguage\":\"it-IT\",\"potentialAction\":[{\"@type\":\"ReadAction\",\"target\":[\"https:\\\/\\\/bedrocan.com\\\/about-us\\\/career\\\/\"]}]},{\"@type\":\"ImageObject\",\"inLanguage\":\"it-IT\",\"@id\":\"https:\\\/\\\/bedrocan.com\\\/about-us\\\/career\\\/#primaryimage\",\"url\":\"https:\\\/\\\/bedrocan.com\\\/wp-content\\\/uploads\\\/bedrocan-business-setting_lr-60.jpg\",\"contentUrl\":\"https:\\\/\\\/bedrocan.com\\\/wp-content\\\/uploads\\\/bedrocan-business-setting_lr-60.jpg\",\"width\":1480,\"height\":900},{\"@type\":\"BreadcrumbList\",\"@id\":\"https:\\\/\\\/bedrocan.com\\\/about-us\\\/career\\\/#breadcrumb\",\"itemListElement\":[{\"@type\":\"ListItem\",\"position\":1,\"name\":\"Home\",\"item\":\"https:\\\/\\\/bedrocan.com\\\/it\\\/\"},{\"@type\":\"ListItem\",\"position\":2,\"name\":\"Chi siamo\",\"item\":\"https:\\\/\\\/bedrocan.com\\\/it\\\/chi-siamo\\\/\"},{\"@type\":\"ListItem\",\"position\":3,\"name\":\"Career\"}]},{\"@type\":\"WebSite\",\"@id\":\"https:\\\/\\\/bedrocan.com\\\/it\\\/#website\",\"url\":\"https:\\\/\\\/bedrocan.com\\\/it\\\/\",\"name\":\"Bedrocan\",\"description\":\"medicinal cannabis\",\"publisher\":{\"@id\":\"https:\\\/\\\/bedrocan.com\\\/it\\\/#organization\"},\"potentialAction\":[{\"@type\":\"SearchAction\",\"target\":{\"@type\":\"EntryPoint\",\"urlTemplate\":\"https:\\\/\\\/bedrocan.com\\\/it\\\/?s={search_term_string}\"},\"query-input\":{\"@type\":\"PropertyValueSpecification\",\"valueRequired\":true,\"valueName\":\"search_term_string\"}}],\"inLanguage\":\"it-IT\"},{\"@type\":\"Organization\",\"@id\":\"https:\\\/\\\/bedrocan.com\\\/it\\\/#organization\",\"name\":\"Bedrocan\",\"url\":\"https:\\\/\\\/bedrocan.com\\\/it\\\/\",\"logo\":{\"@type\":\"ImageObject\",\"inLanguage\":\"it-IT\",\"@id\":\"https:\\\/\\\/bedrocan.com\\\/it\\\/#\\\/schema\\\/logo\\\/image\\\/\",\"url\":\"https:\\\/\\\/bedrocan.com\\\/wp-content\\\/uploads\\\/logo-bedrocan-mail.png\",\"contentUrl\":\"https:\\\/\\\/bedrocan.com\\\/wp-content\\\/uploads\\\/logo-bedrocan-mail.png\",\"width\":185,\"height\":31,\"caption\":\"Bedrocan\"},\"image\":{\"@id\":\"https:\\\/\\\/bedrocan.com\\\/it\\\/#\\\/schema\\\/logo\\\/image\\\/\"},\"sameAs\":[\"https:\\\/\\\/www.facebook.com\\\/Bedrocan\",\"https:\\\/\\\/www.linkedin.com\\\/company\\\/bedrocan\\\/\",\"https:\\\/\\\/www.instagram.com\\\/bedrocan_international\\\/\"]}]}<\/script>\n<!-- \/ Yoast SEO plugin. -->","yoast_head_json":{"title":"Career | Empleo | Karriere | Vacatures | Posti Vacanti","description":"As soon as we have a career opportunity, we will publish the job description on our website. Check now if there is an open position.","robots":{"index":"noindex","follow":"follow"},"og_locale":"it_IT","og_type":"article","og_title":"Career | Empleo | Karriere | Vacatures | Posti Vacanti","og_description":"As soon as we have a career opportunity, we will publish the job description on our website. Check now if there is an open position.","og_url":"https:\/\/bedrocan.com\/about-us\/career\/","og_site_name":"Bedrocan","article_publisher":"https:\/\/www.facebook.com\/Bedrocan","article_modified_time":"2025-07-14T19:17:47+00:00","og_image":[{"width":1480,"height":900,"url":"https:\/\/bedrocan.com\/wp-content\/uploads\/bedrocan-business-setting_lr-60.jpg","type":"image\/jpeg"}],"twitter_card":"summary_large_image","twitter_misc":{"Tempo di lettura stimato":"2 minuti"},"schema":{"@context":"https:\/\/schema.org","@graph":[{"@type":"WebPage","@id":"https:\/\/bedrocan.com\/it\/chi-siamo\/career\/","url":"https:\/\/bedrocan.com\/about-us\/career\/","name":"Career | Empleo | Karriere | Vacatures | Posti Vacanti","isPartOf":{"@id":"https:\/\/bedrocan.com\/it\/#website"},"primaryImageOfPage":{"@id":"https:\/\/bedrocan.com\/about-us\/career\/#primaryimage"},"image":{"@id":"https:\/\/bedrocan.com\/about-us\/career\/#primaryimage"},"thumbnailUrl":"https:\/\/bedrocan.com\/wp-content\/uploads\/bedrocan-business-setting_lr-60.jpg","datePublished":"2025-05-05T07:00:43+00:00","dateModified":"2025-07-14T19:17:47+00:00","description":"As soon as we have a career opportunity, we will publish the job description on our website. Check now if there is an open position.","breadcrumb":{"@id":"https:\/\/bedrocan.com\/about-us\/career\/#breadcrumb"},"inLanguage":"it-IT","potentialAction":[{"@type":"ReadAction","target":["https:\/\/bedrocan.com\/about-us\/career\/"]}]},{"@type":"ImageObject","inLanguage":"it-IT","@id":"https:\/\/bedrocan.com\/about-us\/career\/#primaryimage","url":"https:\/\/bedrocan.com\/wp-content\/uploads\/bedrocan-business-setting_lr-60.jpg","contentUrl":"https:\/\/bedrocan.com\/wp-content\/uploads\/bedrocan-business-setting_lr-60.jpg","width":1480,"height":900},{"@type":"BreadcrumbList","@id":"https:\/\/bedrocan.com\/about-us\/career\/#breadcrumb","itemListElement":[{"@type":"ListItem","position":1,"name":"Home","item":"https:\/\/bedrocan.com\/it\/"},{"@type":"ListItem","position":2,"name":"Chi siamo","item":"https:\/\/bedrocan.com\/it\/chi-siamo\/"},{"@type":"ListItem","position":3,"name":"Career"}]},{"@type":"WebSite","@id":"https:\/\/bedrocan.com\/it\/#website","url":"https:\/\/bedrocan.com\/it\/","name":"Bedrocan","description":"medicinal cannabis","publisher":{"@id":"https:\/\/bedrocan.com\/it\/#organization"},"potentialAction":[{"@type":"SearchAction","target":{"@type":"EntryPoint","urlTemplate":"https:\/\/bedrocan.com\/it\/?s={search_term_string}"},"query-input":{"@type":"PropertyValueSpecification","valueRequired":true,"valueName":"search_term_string"}}],"inLanguage":"it-IT"},{"@type":"Organization","@id":"https:\/\/bedrocan.com\/it\/#organization","name":"Bedrocan","url":"https:\/\/bedrocan.com\/it\/","logo":{"@type":"ImageObject","inLanguage":"it-IT","@id":"https:\/\/bedrocan.com\/it\/#\/schema\/logo\/image\/","url":"https:\/\/bedrocan.com\/wp-content\/uploads\/logo-bedrocan-mail.png","contentUrl":"https:\/\/bedrocan.com\/wp-content\/uploads\/logo-bedrocan-mail.png","width":185,"height":31,"caption":"Bedrocan"},"image":{"@id":"https:\/\/bedrocan.com\/it\/#\/schema\/logo\/image\/"},"sameAs":["https:\/\/www.facebook.com\/Bedrocan","https:\/\/www.linkedin.com\/company\/bedrocan\/","https:\/\/www.instagram.com\/bedrocan_international\/"]}]}},"_links":{"self":[{"href":"https:\/\/bedrocan.com\/it\/wp-json\/wp\/v2\/pages\/14103","targetHints":{"allow":["GET"]}}],"collection":[{"href":"https:\/\/bedrocan.com\/it\/wp-json\/wp\/v2\/pages"}],"about":[{"href":"https:\/\/bedrocan.com\/it\/wp-json\/wp\/v2\/types\/page"}],"author":[{"embeddable":true,"href":"https:\/\/bedrocan.com\/it\/wp-json\/wp\/v2\/users\/3"}],"replies":[{"embeddable":true,"href":"https:\/\/bedrocan.com\/it\/wp-json\/wp\/v2\/comments?post=14103"}],"version-history":[{"count":5,"href":"https:\/\/bedrocan.com\/it\/wp-json\/wp\/v2\/pages\/14103\/revisions"}],"predecessor-version":[{"id":164296,"href":"https:\/\/bedrocan.com\/it\/wp-json\/wp\/v2\/pages\/14103\/revisions\/164296"}],"up":[{"embeddable":true,"href":"https:\/\/bedrocan.com\/it\/wp-json\/wp\/v2\/pages\/8864"}],"wp:featuredmedia":[{"embeddable":true,"href":"https:\/\/bedrocan.com\/it\/wp-json\/wp\/v2\/media\/151234"}],"wp:attachment":[{"href":"https:\/\/bedrocan.com\/it\/wp-json\/wp\/v2\/media?parent=14103"}],"curies":[{"name":"wp","href":"https:\/\/api.w.org\/{rel}","templated":true}]}}