{"id":145953,"date":"2025-05-16T10:07:06","date_gmt":"2025-05-16T08:07:06","guid":{"rendered":"https:\/\/bedrocan.com\/healthcare-professionals\/hcp-materials\/"},"modified":"2025-10-09T10:46:51","modified_gmt":"2025-10-09T08:46:51","slug":"info-medica-sulla-cannabis","status":"publish","type":"page","link":"https:\/\/bedrocan.com\/it\/professionista-sanitario\/info-medica-sulla-cannabis\/","title":{"rendered":"Info medica sulla cannabis"},"content":{"rendered":"<div class=\"wpb-content-wrapper\">[mk_page_section bg_image=&#8221;http:\/\/bedrocan.com\/wp-content\/uploads\/header_cannabinoids.jpg&#8221; bg_repeat=&#8221;no-repeat&#8221; bg_stretch=&#8221;true&#8221; min_height=&#8221;300&#8243; full_width=&#8221;true&#8221; top_shape_color=&#8221;#ffffff&#8221; bottom_shape_color=&#8221;#ffffff&#8221; visibility=&#8221;hidden-sm&#8221; sidebar=&#8221;sidebar-1&#8243;][vc_column][\/vc_column][\/mk_page_section][vc_row][vc_column][vc_empty_space height=&#8221;45px&#8221;][vc_column_text css=&#8221;.vc_custom_1746610291766{margin-bottom: 0px !important;}&#8221;]\n<h1>Info medica sulla cannabis<\/h1>\n[\/vc_column_text][vc_separator color=&#8221;custom&#8221; align=&#8221;align_left&#8221; border_width=&#8221;5&#8243; el_width=&#8221;10&#8243; css=&#8221;.vc_custom_1727366679318{margin-top: -10px !important;margin-bottom: 10px !important;}&#8221; accent_color=&#8221;#048da8&#8243;][\/vc_column][\/vc_row][vc_row][vc_column][mk_padding_divider][vc_column_text css=&#8221;.vc_custom_1730727371814{margin-bottom: 0px !important;}&#8221;]\n<h2 class=\"pagejump\" style=\"text-align: center;\"><span id=\"primer\">Guida clinica introduttiva<\/span><\/h2>\n[\/vc_column_text][vc_column_text css=&#8221;.vc_custom_1730727402253{margin-bottom: 0px !important;}&#8221;]\n<p class=\"NormalText\"><span lang=\"IT\">Guida per un uso razionale dei farmaci a base di cannabis. La disponibilit\u00e0 di farmaci a base di cannabis \u00e8 in aumento a livello mondiale. \u00c8 quindi importante che operatori sanitari prescrittori, farmacisti e infermieri dispongano di linee guida pratiche, basate sulla ricerca scientifica, per agevolare il processo decisionale e facilitare la comunicazione dei benefici e dei rischi di questi farmaci ai pazienti. Questa <i>Guida clinica introduttiva<\/i> si basa su ricerche, osservazioni cliniche ed esperienza professionale, offrendo spunti pratici e concreti per un uso consapevole dei farmaci a base di cannabis.<\/span><\/p>\n[\/vc_column_text][\/vc_column][\/vc_row][vc_row css=&#8221;.vc_custom_1529591045321{background-color: #f5f5f5 !important;}&#8221;][vc_column width=&#8221;1\/3&#8243;][mk_padding_divider][vc_single_image image=&#8221;255872&#8243; alignment=&#8221;center&#8221; css=&#8221;&#8221;][mk_padding_divider][\/vc_column][vc_column width=&#8221;1\/3&#8243;][mk_padding_divider][vc_column_text css=&#8221;.vc_custom_1730727418186{margin-bottom: 0px !important;}&#8221;]\n<p class=\"NormalText\"><span lang=\"IT\">Per scaricare una copia dell\u2019opuscolo <i>Guida clinica introduttiva<\/i> vi chiediamo di fornire informazioni di contatto dettagliate. \u00c8 anche possibile indicare se desiderate ricevere la nostra newsletter.<\/span><\/p>\n[\/vc_column_text][\/vc_column][vc_column width=&#8221;1\/3&#8243;][mk_padding_divider][mk_padding_divider][mk_padding_divider][vc_raw_js]JTNDc2NyaXB0JTNFJTBBJTA5JTA5JTJGJTJGJTIwS2xpayUyMG9wJTIwZGUlMjBkb3dubG9hZCUyMG9tJTIwaGV0JTIwdHdlZWRlJTIwZGVlbCUyMHRlJTIwb3BlbmVuJTBBJTA5JTA5alF1ZXJ5JTI4ZG9jdW1lbnQlMjkucmVhZHklMjhmdW5jdGlvbiUyOCUyNCUyOSU3QiUwQSUwOSUwOSUwOSUyNCUyOCUyMiUyM2Zvcm0taXQlMjIlMjkuaGlkZSUyOCUyOSUzQiUwQSUwOSUwOSUwOSUyNCUyOCUyMiUyM3NlY29uZC1zdGVwLWRvd25sb2FkLWl0JTIyJTI5LmNsaWNrJTI4ZnVuY3Rpb24lMjhldmVudCUyOSU3QiUwQSUwOSUwOSUwOSUwOWV2ZW50LnByZXZlbnREZWZhdWx0JTI4JTI5JTNCJTBBJTA5JTA5JTA5JTA5JTI0JTI4JTIyJTIzZm9ybS1pdCUyMiUyOS50b2dnbGUlMjglMjklM0IlMEElMDklMDklMDklN0QlMjklM0IlMEElMDklMDklN0QlMjklM0IlMEElMDklM0MlMkZzY3JpcHQlM0U=[\/vc_raw_js][vc_btn title=&#8221;Scarica il libretto&#8221; align=&#8221;center&#8221; css=&#8221;&#8221; link=&#8221;||target:%20_blank|&#8221; el_id=&#8221;second-step-download-it&#8221; el_class=&#8221;blue&#8221;][vc_raw_html css=&#8221;&#8221;]JTNDZGl2JTIwY2xhc3MlM0QlMjJkb3dubG9hZC1zZWNvbmQtc3RlcCUyMiUyMGlkJTNEJTIyZm9ybS1pdCUyMiUzRSUzQ2RpdiUyMGNsYXNzJTNEJTIyX2Zvcm1fNzQlMjIlM0UlM0MlMkZkaXYlM0UlM0NzY3JpcHQlMjBzcmMlM0QlMjJodHRwcyUzQSUyRiUyRmJlZHJvY2FuLmFjdGl2ZWhvc3RlZC5jb20lMkZmJTJGZW1iZWQucGhwJTNGaWQlM0Q3NCUyMiUyMHR5cGUlM0QlMjJ0ZXh0JTJGamF2YXNjcmlwdCUyMiUyMGNoYXJzZXQlM0QlMjJ1dGYtOCUyMiUzRSUzQyUyRnNjcmlwdCUzRSUzQyUyRmRpdiUzRQ==[\/vc_raw_html][\/vc_column][\/vc_row][vc_row][vc_column][mk_padding_divider][\/vc_column][\/vc_row][vc_row css=&#8221;.vc_custom_1729783588955{padding-right: 30px !important;padding-left: 30px !important;background-color: #F5F5F5 !important;}&#8221;][vc_column][mk_padding_divider][vc_column_text css=&#8221;.vc_custom_1746607787825{margin-bottom: 0px !important;}&#8221;]\n<h3>Come prescrivere Bedrocan\u00ae \u2013 Piano terapeutico<\/h3>\n[\/vc_column_text][vc_column_text css=&#8221;.vc_custom_1746607811950{margin-bottom: 0px !important;}&#8221;]\n<p class=\"NormalText\"><span lang=\"IT\">\u00c8 importante che gli operatori sanitari prescrittori dispongano di linee guida pratiche che siano basate sulla ricerca scientifica. La <em>Piano terapeutico<\/em>\u00a0\u00e8 una guida rapida per la prescrizione della cannabis di Bedrocan\u00ae, includendo la modalit\u00e0 di somministrazione, il dosaggio, la farmacocinetica, le avvertenze e precauzioni, ed una pianificazione della terapia semplificata.<\/span><\/p>\n[\/vc_column_text][vc_btn title=&#8221;Pianificazione della terapia&#8221; align=&#8221;right&#8221; css=&#8221;&#8221; link=&#8221;url:https%3A%2F%2Fbedrocan.com%2Fwp-content%2Fuploads%2Fprescribing-bedrocan-treatment-planning-it-digital-010525.pdf|target:_blank&#8221; el_class=&#8221;blue&#8221;][\/vc_column][\/vc_row][vc_row][vc_column][mk_padding_divider][\/vc_column][\/vc_row][vc_row css=&#8221;.vc_custom_1729783611232{padding-right: 30px !important;padding-left: 30px !important;background-color: #F5F5F5 !important;}&#8221;][vc_column][mk_padding_divider][vc_column_text css=&#8221;.vc_custom_1746607882463{margin-bottom: 0px !important;}&#8221;]\n<h3>Aggiornamento per glioperatori sanitari prescrittori &#8211; Revisione della ricerca clinica<\/h3>\n[\/vc_column_text][vc_column_text css=&#8221;.vc_custom_1746607938371{margin-bottom: 0px !important;}&#8221;]La <em>Revisione della ricerca clinica<\/em> \u00e8 un aggiornamento periodico degli studi clinici condotti sulla cannabis di Bedrocan\u00ae. Offre una panoramica delle pi\u00f9 recenti pubblicazioni scientifiche sulla tolleranza ed efficacia di Bedrocan.\u00a0Con una panoramica su diverse questioni cliniche, l\u2019<em>Aggiornamento per glioperatori sanitari prescrittori<\/em> \u00e8 una lettura assolutamente da non perdere.[\/vc_column_text][vc_btn title=&#8221;Rassegna di ricerca clinica&#8221; align=&#8221;right&#8221; css=&#8221;&#8221; link=&#8221;url:https%3A%2F%2Fbedrocan.com%2Fwp-content%2Fuploads%2Fprescribing-bedrocan-clinical-research-update-it-digital-010525.pdf|target:_blank&#8221; el_class=&#8221;blue&#8221;][\/vc_column][\/vc_row][vc_row][vc_column][mk_padding_divider][\/vc_column][\/vc_row]\n<\/div>","protected":false},"excerpt":{"rendered":"<p>[mk_page_section bg_image=&#8221;http:\/\/bedrocan.com\/wp-content\/uploads\/header_cannabinoids.jpg&#8221; bg_repeat=&#8221;no-repeat&#8221; bg_stretch=&#8221;true&#8221; min_height=&#8221;300&#8243; full_width=&#8221;true&#8221; top_shape_color=&#8221;#ffffff&#8221; bottom_shape_color=&#8221;#ffffff&#8221; visibility=&#8221;hidden-sm&#8221; sidebar=&#8221;sidebar-1&#8243;][vc_column][\/vc_column][\/mk_page_section][vc_row][vc_column][vc_empty_space height=&#8221;45px&#8221;][vc_column_text css=&#8221;.vc_custom_1746610291766{margin-bottom: 0px !important;}&#8221;] Info medica sulla cannabis [\/vc_column_text][vc_separator color=&#8221;custom&#8221; align=&#8221;align_left&#8221; border_width=&#8221;5&#8243; el_width=&#8221;10&#8243; css=&#8221;.vc_custom_1727366679318{margin-top: -10px !important;margin-bottom: 10px !important;}&#8221; accent_color=&#8221;#048da8&#8243;][\/vc_column][\/vc_row][vc_row][vc_column][mk_padding_divider][vc_column_text css=&#8221;.vc_custom_1730727371814{margin-bottom: 0px !important;}&#8221;] Guida clinica introduttiva [\/vc_column_text][vc_column_text css=&#8221;.vc_custom_1730727402253{margin-bottom: 0px !important;}&#8221;] Guida per un uso razionale dei farmaci a base di cannabis. La disponibilit\u00e0 di farmaci a [&hellip;]<\/p>\n","protected":false},"author":3,"featured_media":150873,"parent":144213,"menu_order":6,"comment_status":"closed","ping_status":"closed","template":"","meta":{"footnotes":""},"class_list":["post-145953","page","type-page","status-publish","has-post-thumbnail","hentry"],"yoast_head":"<!-- This site is optimized with the Yoast SEO plugin v27.4 - https:\/\/yoast.com\/product\/yoast-seo-wordpress\/ -->\n<title>Info medica - Scarica il nostro materiale sulla cannabis<\/title>\n<meta name=\"description\" content=\"Vorresti saperne di pi\u00f9 sulla cannabis terapeutica e su come prescriverla? Allora scarica una delle nostre info medica.\" \/>\n<meta name=\"robots\" content=\"index, follow, max-snippet:-1, max-image-preview:large, max-video-preview:-1\" \/>\n<link rel=\"canonical\" href=\"https:\/\/bedrocan.com\/it\/professionista-sanitario\/info-medica-sulla-cannabis\/\" \/>\n<meta property=\"og:locale\" content=\"it_IT\" \/>\n<meta property=\"og:type\" content=\"article\" \/>\n<meta property=\"og:title\" content=\"Info medica - Scarica il nostro materiale sulla cannabis\" \/>\n<meta property=\"og:description\" content=\"Vorresti saperne di pi\u00f9 sulla cannabis terapeutica e su come prescriverla? Allora scarica una delle nostre info medica.\" \/>\n<meta property=\"og:url\" content=\"https:\/\/bedrocan.com\/it\/professionista-sanitario\/info-medica-sulla-cannabis\/\" \/>\n<meta property=\"og:site_name\" content=\"Bedrocan\" \/>\n<meta property=\"article:publisher\" content=\"https:\/\/www.facebook.com\/Bedrocan\" \/>\n<meta property=\"article:modified_time\" content=\"2025-10-09T08:46:51+00:00\" \/>\n<meta property=\"og:image\" content=\"https:\/\/bedrocan.com\/wp-content\/uploads\/bedrocan-business-setting_lr-24-1.jpg\" \/>\n\t<meta property=\"og:image:width\" content=\"1329\" \/>\n\t<meta property=\"og:image:height\" content=\"900\" \/>\n\t<meta property=\"og:image:type\" content=\"image\/jpeg\" \/>\n<meta name=\"twitter:card\" content=\"summary_large_image\" \/>\n<meta name=\"twitter:label1\" content=\"Tempo di lettura stimato\" \/>\n\t<meta name=\"twitter:data1\" content=\"2 minuti\" \/>\n<script type=\"application\/ld+json\" class=\"yoast-schema-graph\">{\"@context\":\"https:\\\/\\\/schema.org\",\"@graph\":[{\"@type\":\"WebPage\",\"@id\":\"https:\\\/\\\/bedrocan.com\\\/it\\\/professionista-sanitario\\\/info-medica-sulla-cannabis\\\/\",\"url\":\"https:\\\/\\\/bedrocan.com\\\/it\\\/professionista-sanitario\\\/info-medica-sulla-cannabis\\\/\",\"name\":\"Info medica - Scarica il nostro materiale sulla cannabis\",\"isPartOf\":{\"@id\":\"https:\\\/\\\/bedrocan.com\\\/it\\\/#website\"},\"primaryImageOfPage\":{\"@id\":\"https:\\\/\\\/bedrocan.com\\\/it\\\/professionista-sanitario\\\/info-medica-sulla-cannabis\\\/#primaryimage\"},\"image\":{\"@id\":\"https:\\\/\\\/bedrocan.com\\\/it\\\/professionista-sanitario\\\/info-medica-sulla-cannabis\\\/#primaryimage\"},\"thumbnailUrl\":\"https:\\\/\\\/bedrocan.com\\\/wp-content\\\/uploads\\\/bedrocan-business-setting_lr-24-1.jpg\",\"datePublished\":\"2025-05-16T08:07:06+00:00\",\"dateModified\":\"2025-10-09T08:46:51+00:00\",\"description\":\"Vorresti saperne di pi\u00f9 sulla cannabis terapeutica e su come prescriverla? Allora scarica una delle nostre info medica.\",\"breadcrumb\":{\"@id\":\"https:\\\/\\\/bedrocan.com\\\/it\\\/professionista-sanitario\\\/info-medica-sulla-cannabis\\\/#breadcrumb\"},\"inLanguage\":\"it-IT\",\"potentialAction\":[{\"@type\":\"ReadAction\",\"target\":[\"https:\\\/\\\/bedrocan.com\\\/it\\\/professionista-sanitario\\\/info-medica-sulla-cannabis\\\/\"]}]},{\"@type\":\"ImageObject\",\"inLanguage\":\"it-IT\",\"@id\":\"https:\\\/\\\/bedrocan.com\\\/it\\\/professionista-sanitario\\\/info-medica-sulla-cannabis\\\/#primaryimage\",\"url\":\"https:\\\/\\\/bedrocan.com\\\/wp-content\\\/uploads\\\/bedrocan-business-setting_lr-24-1.jpg\",\"contentUrl\":\"https:\\\/\\\/bedrocan.com\\\/wp-content\\\/uploads\\\/bedrocan-business-setting_lr-24-1.jpg\",\"width\":1329,\"height\":900,\"caption\":\"Informazioni mediche sulla cura della cannabis per gli operatori sanitari specializzati\"},{\"@type\":\"BreadcrumbList\",\"@id\":\"https:\\\/\\\/bedrocan.com\\\/it\\\/professionista-sanitario\\\/info-medica-sulla-cannabis\\\/#breadcrumb\",\"itemListElement\":[{\"@type\":\"ListItem\",\"position\":1,\"name\":\"Home\",\"item\":\"https:\\\/\\\/bedrocan.com\\\/it\\\/\"},{\"@type\":\"ListItem\",\"position\":2,\"name\":\"Professionista sanitario\",\"item\":\"https:\\\/\\\/bedrocan.com\\\/it\\\/professionista-sanitario\\\/\"},{\"@type\":\"ListItem\",\"position\":3,\"name\":\"Info medica sulla cannabis\"}]},{\"@type\":\"WebSite\",\"@id\":\"https:\\\/\\\/bedrocan.com\\\/it\\\/#website\",\"url\":\"https:\\\/\\\/bedrocan.com\\\/it\\\/\",\"name\":\"Bedrocan\",\"description\":\"medicinal cannabis\",\"publisher\":{\"@id\":\"https:\\\/\\\/bedrocan.com\\\/it\\\/#organization\"},\"potentialAction\":[{\"@type\":\"SearchAction\",\"target\":{\"@type\":\"EntryPoint\",\"urlTemplate\":\"https:\\\/\\\/bedrocan.com\\\/it\\\/?s={search_term_string}\"},\"query-input\":{\"@type\":\"PropertyValueSpecification\",\"valueRequired\":true,\"valueName\":\"search_term_string\"}}],\"inLanguage\":\"it-IT\"},{\"@type\":\"Organization\",\"@id\":\"https:\\\/\\\/bedrocan.com\\\/it\\\/#organization\",\"name\":\"Bedrocan\",\"url\":\"https:\\\/\\\/bedrocan.com\\\/it\\\/\",\"logo\":{\"@type\":\"ImageObject\",\"inLanguage\":\"it-IT\",\"@id\":\"https:\\\/\\\/bedrocan.com\\\/it\\\/#\\\/schema\\\/logo\\\/image\\\/\",\"url\":\"https:\\\/\\\/bedrocan.com\\\/wp-content\\\/uploads\\\/logo-bedrocan-mail.png\",\"contentUrl\":\"https:\\\/\\\/bedrocan.com\\\/wp-content\\\/uploads\\\/logo-bedrocan-mail.png\",\"width\":185,\"height\":31,\"caption\":\"Bedrocan\"},\"image\":{\"@id\":\"https:\\\/\\\/bedrocan.com\\\/it\\\/#\\\/schema\\\/logo\\\/image\\\/\"},\"sameAs\":[\"https:\\\/\\\/www.facebook.com\\\/Bedrocan\",\"https:\\\/\\\/www.linkedin.com\\\/company\\\/bedrocan\\\/\",\"https:\\\/\\\/www.instagram.com\\\/bedrocan_international\\\/\"]}]}<\/script>\n<!-- \/ Yoast SEO plugin. -->","yoast_head_json":{"title":"Info medica - Scarica il nostro materiale sulla cannabis","description":"Vorresti saperne di pi\u00f9 sulla cannabis terapeutica e su come prescriverla? Allora scarica una delle nostre info medica.","robots":{"index":"index","follow":"follow","max-snippet":"max-snippet:-1","max-image-preview":"max-image-preview:large","max-video-preview":"max-video-preview:-1"},"canonical":"https:\/\/bedrocan.com\/it\/professionista-sanitario\/info-medica-sulla-cannabis\/","og_locale":"it_IT","og_type":"article","og_title":"Info medica - Scarica il nostro materiale sulla cannabis","og_description":"Vorresti saperne di pi\u00f9 sulla cannabis terapeutica e su come prescriverla? Allora scarica una delle nostre info medica.","og_url":"https:\/\/bedrocan.com\/it\/professionista-sanitario\/info-medica-sulla-cannabis\/","og_site_name":"Bedrocan","article_publisher":"https:\/\/www.facebook.com\/Bedrocan","article_modified_time":"2025-10-09T08:46:51+00:00","og_image":[{"width":1329,"height":900,"url":"https:\/\/bedrocan.com\/wp-content\/uploads\/bedrocan-business-setting_lr-24-1.jpg","type":"image\/jpeg"}],"twitter_card":"summary_large_image","twitter_misc":{"Tempo di lettura stimato":"2 minuti"},"schema":{"@context":"https:\/\/schema.org","@graph":[{"@type":"WebPage","@id":"https:\/\/bedrocan.com\/it\/professionista-sanitario\/info-medica-sulla-cannabis\/","url":"https:\/\/bedrocan.com\/it\/professionista-sanitario\/info-medica-sulla-cannabis\/","name":"Info medica - Scarica il nostro materiale sulla cannabis","isPartOf":{"@id":"https:\/\/bedrocan.com\/it\/#website"},"primaryImageOfPage":{"@id":"https:\/\/bedrocan.com\/it\/professionista-sanitario\/info-medica-sulla-cannabis\/#primaryimage"},"image":{"@id":"https:\/\/bedrocan.com\/it\/professionista-sanitario\/info-medica-sulla-cannabis\/#primaryimage"},"thumbnailUrl":"https:\/\/bedrocan.com\/wp-content\/uploads\/bedrocan-business-setting_lr-24-1.jpg","datePublished":"2025-05-16T08:07:06+00:00","dateModified":"2025-10-09T08:46:51+00:00","description":"Vorresti saperne di pi\u00f9 sulla cannabis terapeutica e su come prescriverla? Allora scarica una delle nostre info medica.","breadcrumb":{"@id":"https:\/\/bedrocan.com\/it\/professionista-sanitario\/info-medica-sulla-cannabis\/#breadcrumb"},"inLanguage":"it-IT","potentialAction":[{"@type":"ReadAction","target":["https:\/\/bedrocan.com\/it\/professionista-sanitario\/info-medica-sulla-cannabis\/"]}]},{"@type":"ImageObject","inLanguage":"it-IT","@id":"https:\/\/bedrocan.com\/it\/professionista-sanitario\/info-medica-sulla-cannabis\/#primaryimage","url":"https:\/\/bedrocan.com\/wp-content\/uploads\/bedrocan-business-setting_lr-24-1.jpg","contentUrl":"https:\/\/bedrocan.com\/wp-content\/uploads\/bedrocan-business-setting_lr-24-1.jpg","width":1329,"height":900,"caption":"Informazioni mediche sulla cura della cannabis per gli operatori sanitari specializzati"},{"@type":"BreadcrumbList","@id":"https:\/\/bedrocan.com\/it\/professionista-sanitario\/info-medica-sulla-cannabis\/#breadcrumb","itemListElement":[{"@type":"ListItem","position":1,"name":"Home","item":"https:\/\/bedrocan.com\/it\/"},{"@type":"ListItem","position":2,"name":"Professionista sanitario","item":"https:\/\/bedrocan.com\/it\/professionista-sanitario\/"},{"@type":"ListItem","position":3,"name":"Info medica sulla cannabis"}]},{"@type":"WebSite","@id":"https:\/\/bedrocan.com\/it\/#website","url":"https:\/\/bedrocan.com\/it\/","name":"Bedrocan","description":"medicinal cannabis","publisher":{"@id":"https:\/\/bedrocan.com\/it\/#organization"},"potentialAction":[{"@type":"SearchAction","target":{"@type":"EntryPoint","urlTemplate":"https:\/\/bedrocan.com\/it\/?s={search_term_string}"},"query-input":{"@type":"PropertyValueSpecification","valueRequired":true,"valueName":"search_term_string"}}],"inLanguage":"it-IT"},{"@type":"Organization","@id":"https:\/\/bedrocan.com\/it\/#organization","name":"Bedrocan","url":"https:\/\/bedrocan.com\/it\/","logo":{"@type":"ImageObject","inLanguage":"it-IT","@id":"https:\/\/bedrocan.com\/it\/#\/schema\/logo\/image\/","url":"https:\/\/bedrocan.com\/wp-content\/uploads\/logo-bedrocan-mail.png","contentUrl":"https:\/\/bedrocan.com\/wp-content\/uploads\/logo-bedrocan-mail.png","width":185,"height":31,"caption":"Bedrocan"},"image":{"@id":"https:\/\/bedrocan.com\/it\/#\/schema\/logo\/image\/"},"sameAs":["https:\/\/www.facebook.com\/Bedrocan","https:\/\/www.linkedin.com\/company\/bedrocan\/","https:\/\/www.instagram.com\/bedrocan_international\/"]}]}},"_links":{"self":[{"href":"https:\/\/bedrocan.com\/it\/wp-json\/wp\/v2\/pages\/145953","targetHints":{"allow":["GET"]}}],"collection":[{"href":"https:\/\/bedrocan.com\/it\/wp-json\/wp\/v2\/pages"}],"about":[{"href":"https:\/\/bedrocan.com\/it\/wp-json\/wp\/v2\/types\/page"}],"author":[{"embeddable":true,"href":"https:\/\/bedrocan.com\/it\/wp-json\/wp\/v2\/users\/3"}],"replies":[{"embeddable":true,"href":"https:\/\/bedrocan.com\/it\/wp-json\/wp\/v2\/comments?post=145953"}],"version-history":[{"count":5,"href":"https:\/\/bedrocan.com\/it\/wp-json\/wp\/v2\/pages\/145953\/revisions"}],"predecessor-version":[{"id":255877,"href":"https:\/\/bedrocan.com\/it\/wp-json\/wp\/v2\/pages\/145953\/revisions\/255877"}],"up":[{"embeddable":true,"href":"https:\/\/bedrocan.com\/it\/wp-json\/wp\/v2\/pages\/144213"}],"wp:featuredmedia":[{"embeddable":true,"href":"https:\/\/bedrocan.com\/it\/wp-json\/wp\/v2\/media\/150873"}],"wp:attachment":[{"href":"https:\/\/bedrocan.com\/it\/wp-json\/wp\/v2\/media?parent=145953"}],"curies":[{"name":"wp","href":"https:\/\/api.w.org\/{rel}","templated":true}]}}