{"id":257263,"date":"2026-01-02T14:15:29","date_gmt":"2026-01-02T13:15:29","guid":{"rendered":"https:\/\/bedrocan.com\/contattaci\/newsletter\/"},"modified":"2026-01-02T14:32:00","modified_gmt":"2026-01-02T13:32:00","slug":"newsletter","status":"publish","type":"page","link":"https:\/\/bedrocan.com\/it\/contattaci\/newsletter\/","title":{"rendered":"Newsletter"},"content":{"rendered":"<div class=\"wpb-content-wrapper\">[mk_page_section bg_image=&#8221;http:\/\/bedrocan.com\/wp-content\/uploads\/llt20160714_009.jpg&#8221; bg_position=&#8221;center center&#8221; bg_repeat=&#8221;no-repeat&#8221; bg_stretch=&#8221;true&#8221; min_height=&#8221;300&#8243; full_width=&#8221;true&#8221; top_shape_color=&#8221;#ffffff&#8221; bottom_shape_color=&#8221;#ffffff&#8221; visibility=&#8221;hidden-sm&#8221; sidebar=&#8221;sidebar-1&#8243;][vc_column][\/vc_column][\/mk_page_section][vc_row][vc_column][vc_empty_space height=&#8221;45px&#8221;][vc_column_text css=&#8221;.vc_custom_1723036246262{margin-bottom: 0px !important;}&#8221;]\n<h1>Newsletter<\/h1>\n[\/vc_column_text][vc_separator color=&#8221;custom&#8221; align=&#8221;align_left&#8221; border_width=&#8221;5&#8243; el_width=&#8221;10&#8243; css=&#8221;.vc_custom_1480948060188{margin-top: -10px !important;margin-bottom: 10px !important;}&#8221; accent_color=&#8221;#008752&#8243;][\/vc_column][\/vc_row][vc_row][vc_column][mk_padding_divider][\/vc_column][\/vc_row][vc_row][vc_column][vc_column_text css=&#8221;.vc_custom_1767359708932{margin-bottom: 0px !important;}&#8221;]\n<h2>\u00c8 un professionista sanitario?<\/h2>\n[\/vc_column_text][vc_column_text css=&#8221;.vc_custom_1723451047261{margin-bottom: 0px !important;}&#8221;]Se \u00e8 un professionista sanitario, la preghiamo di selezionare il tipo di newsletter desiderato. In questo modo, Bedrocan potr\u00e0 inviarle contenuti e aggiornamenti specificamente mirati alla sua figura professionale.[\/vc_column_text][\/vc_column][\/vc_row][vc_row][vc_column][vc_raw_html css=&#8221;&#8221;]JTNDZGl2JTIwY2xhc3MlM0QlMjJfZm9ybV8xMTAlMjIlM0UlM0MlMkZkaXYlM0UlM0NzY3JpcHQlMjBzcmMlM0QlMjJodHRwcyUzQSUyRiUyRmJlZHJvY2FuLmFjdGl2ZWhvc3RlZC5jb20lMkZmJTJGZW1iZWQucGhwJTNGaWQlM0QxMTAlMjIlMjBjaGFyc2V0JTNEJTIydXRmLTglMjIlM0UlM0MlMkZzY3JpcHQlM0U=[\/vc_raw_html][\/vc_column][\/vc_row][vc_row][vc_column][mk_padding_divider][vc_column_text css=&#8221;.vc_custom_1724403580377{margin-bottom: 0px !important;}&#8221;]\n<h2>Non sei ancora iscritto alla nostra newsletter?<\/h2>\n[\/vc_column_text][vc_column_text css=&#8221;.vc_custom_1724406997191{margin-bottom: 0px !important;}&#8221;]Siamo lieti che desideri rimanere aggiornato sui nostri sviluppi. Se non si \u00e8 mai registrato in precedenza, pu\u00f2 utilizzare comodamente il modulo sopra indicato.[\/vc_column_text][\/vc_column][\/vc_row][vc_row][vc_column][vc_column_text css=&#8221;.vc_custom_1723036763744{margin-bottom: 0px !important;}&#8221;]\n<h2>Desidera aggiornare il suo profilo attuale?<\/h2>\n[\/vc_column_text][vc_column_text css=&#8221;.vc_custom_1723451075372{margin-bottom: 0px !important;}&#8221;]\u00c8 gi\u00e0 iscritto alla nostra newsletter ma desidera modificare i suoi dati di contatto? Clicchi sul pulsante sottostante.[\/vc_column_text][vc_btn title=&#8221;Aggiorna i miei dati&#8221; css=&#8221;&#8221; link=&#8221;url:https%3A%2F%2Fbedrocan.activehosted.com%2Ff%2F108|target:_blank&#8221;][mk_padding_divider][\/vc_column][\/vc_row][vc_row css=&#8221;.vc_custom_1723036524185{padding-right: 30px !important;padding-left: 30px !important;background-color: #f5f5f5 !important;}&#8221;][vc_column][mk_padding_divider][vc_column_text css=&#8221;.vc_custom_1723034866688{margin-bottom: 0px !important;}&#8221;]\n<h2>Desidera saperne di pi\u00f9 sui prodotti Bedrocan?<\/h2>\n[\/vc_column_text][vc_column_text css=&#8221;.vc_custom_1767357417861{margin-bottom: 0px !important;}&#8221;]\nBedrocan produce attualmente diverse variet\u00e0 (chemovar) per uso terapeutico e come principio attivo farmaceutico (API). Ogni prodotto \u00e8 standardizzato secondo i requisiti di qualit\u00e0 farmaceutica, con una composizione di principi attivi definita e costante. Questo profilo chimico riproducibile permette ai medici di monitorare il dosaggio e l&#8217;andamento della patologia, come avviene per qualsiasi altro prodotto terapeutico certificato.<br \/>\n[\/vc_column_text][vc_btn title=&#8221;Visualizza i prodotti&#8221; css=&#8221;&#8221; link=&#8221;url:https%3A%2F%2Fbedrocan.com%2Fit%2Fprodotti%2F|title:Prodotti|&#8221;][mk_padding_divider][\/vc_column][\/vc_row][vc_row][vc_column][mk_padding_divider][\/vc_column][\/vc_row]\n<\/div>","protected":false},"excerpt":{"rendered":"<p>[mk_page_section bg_image=&#8221;http:\/\/bedrocan.com\/wp-content\/uploads\/llt20160714_009.jpg&#8221; bg_position=&#8221;center center&#8221; bg_repeat=&#8221;no-repeat&#8221; bg_stretch=&#8221;true&#8221; min_height=&#8221;300&#8243; full_width=&#8221;true&#8221; top_shape_color=&#8221;#ffffff&#8221; bottom_shape_color=&#8221;#ffffff&#8221; visibility=&#8221;hidden-sm&#8221; sidebar=&#8221;sidebar-1&#8243;][vc_column][\/vc_column][\/mk_page_section][vc_row][vc_column][vc_empty_space height=&#8221;45px&#8221;][vc_column_text css=&#8221;.vc_custom_1723036246262{margin-bottom: 0px !important;}&#8221;] Newsletter [\/vc_column_text][vc_separator color=&#8221;custom&#8221; align=&#8221;align_left&#8221; border_width=&#8221;5&#8243; el_width=&#8221;10&#8243; css=&#8221;.vc_custom_1480948060188{margin-top: -10px !important;margin-bottom: 10px !important;}&#8221; accent_color=&#8221;#008752&#8243;][\/vc_column][\/vc_row][vc_row][vc_column][mk_padding_divider][\/vc_column][\/vc_row][vc_row][vc_column][vc_column_text css=&#8221;.vc_custom_1767359708932{margin-bottom: 0px !important;}&#8221;] \u00c8 un professionista sanitario? [\/vc_column_text][vc_column_text css=&#8221;.vc_custom_1723451047261{margin-bottom: 0px !important;}&#8221;]Se \u00e8 un professionista sanitario, la preghiamo di selezionare il tipo di newsletter desiderato. In questo modo, [&hellip;]<\/p>\n","protected":false},"author":3,"featured_media":164006,"parent":8397,"menu_order":0,"comment_status":"closed","ping_status":"closed","template":"","meta":{"footnotes":""},"class_list":["post-257263","page","type-page","status-publish","has-post-thumbnail","hentry"],"yoast_head":"<!-- This site is optimized with the Yoast SEO plugin v27.3 - https:\/\/yoast.com\/product\/yoast-seo-wordpress\/ -->\n<title>Newsletter Bedrocan \u2013 Iscriviti qui<\/title>\n<meta name=\"description\" content=\"Ti invitiamo a scegliere il tipo di newsletter a cui desideri iscriverti.\" \/>\n<meta name=\"robots\" content=\"index, follow, max-snippet:-1, max-image-preview:large, max-video-preview:-1\" \/>\n<link rel=\"canonical\" href=\"https:\/\/bedrocan.com\/it\/contattaci\/newsletter\/\" \/>\n<meta property=\"og:locale\" content=\"it_IT\" \/>\n<meta property=\"og:type\" content=\"article\" \/>\n<meta property=\"og:title\" content=\"Newsletter Bedrocan \u2013 Iscriviti qui\" \/>\n<meta property=\"og:description\" content=\"Ti invitiamo a scegliere il tipo di newsletter a cui desideri iscriverti.\" \/>\n<meta property=\"og:url\" content=\"https:\/\/bedrocan.com\/it\/contattaci\/newsletter\/\" \/>\n<meta property=\"og:site_name\" content=\"Bedrocan\" \/>\n<meta property=\"article:publisher\" content=\"https:\/\/www.facebook.com\/Bedrocan\" \/>\n<meta property=\"article:modified_time\" content=\"2026-01-02T13:32:00+00:00\" \/>\n<meta property=\"og:image\" content=\"https:\/\/bedrocan.com\/wp-content\/uploads\/bedrocan-business-setting_lr-32.jpg\" \/>\n\t<meta property=\"og:image:width\" content=\"1422\" \/>\n\t<meta property=\"og:image:height\" content=\"900\" \/>\n\t<meta property=\"og:image:type\" content=\"image\/jpeg\" \/>\n<meta name=\"twitter:card\" content=\"summary_large_image\" \/>\n<meta name=\"twitter:label1\" content=\"Tempo di lettura stimato\" \/>\n\t<meta name=\"twitter:data1\" content=\"2 minuti\" \/>\n<script type=\"application\/ld+json\" class=\"yoast-schema-graph\">{\"@context\":\"https:\\\/\\\/schema.org\",\"@graph\":[{\"@type\":\"WebPage\",\"@id\":\"https:\\\/\\\/bedrocan.com\\\/it\\\/contattaci\\\/newsletter\\\/\",\"url\":\"https:\\\/\\\/bedrocan.com\\\/it\\\/contattaci\\\/newsletter\\\/\",\"name\":\"Newsletter Bedrocan \u2013 Iscriviti qui\",\"isPartOf\":{\"@id\":\"https:\\\/\\\/bedrocan.com\\\/it\\\/#website\"},\"primaryImageOfPage\":{\"@id\":\"https:\\\/\\\/bedrocan.com\\\/it\\\/contattaci\\\/newsletter\\\/#primaryimage\"},\"image\":{\"@id\":\"https:\\\/\\\/bedrocan.com\\\/it\\\/contattaci\\\/newsletter\\\/#primaryimage\"},\"thumbnailUrl\":\"https:\\\/\\\/bedrocan.com\\\/wp-content\\\/uploads\\\/bedrocan-business-setting_lr-32.jpg\",\"datePublished\":\"2026-01-02T13:15:29+00:00\",\"dateModified\":\"2026-01-02T13:32:00+00:00\",\"description\":\"Ti invitiamo a scegliere il tipo di newsletter a cui desideri iscriverti.\",\"breadcrumb\":{\"@id\":\"https:\\\/\\\/bedrocan.com\\\/it\\\/contattaci\\\/newsletter\\\/#breadcrumb\"},\"inLanguage\":\"it-IT\",\"potentialAction\":[{\"@type\":\"ReadAction\",\"target\":[\"https:\\\/\\\/bedrocan.com\\\/it\\\/contattaci\\\/newsletter\\\/\"]}]},{\"@type\":\"ImageObject\",\"inLanguage\":\"it-IT\",\"@id\":\"https:\\\/\\\/bedrocan.com\\\/it\\\/contattaci\\\/newsletter\\\/#primaryimage\",\"url\":\"https:\\\/\\\/bedrocan.com\\\/wp-content\\\/uploads\\\/bedrocan-business-setting_lr-32.jpg\",\"contentUrl\":\"https:\\\/\\\/bedrocan.com\\\/wp-content\\\/uploads\\\/bedrocan-business-setting_lr-32.jpg\",\"width\":1422,\"height\":900,\"caption\":\"Bedrocan website - newsletter\"},{\"@type\":\"BreadcrumbList\",\"@id\":\"https:\\\/\\\/bedrocan.com\\\/it\\\/contattaci\\\/newsletter\\\/#breadcrumb\",\"itemListElement\":[{\"@type\":\"ListItem\",\"position\":1,\"name\":\"Home\",\"item\":\"https:\\\/\\\/bedrocan.com\\\/it\\\/\"},{\"@type\":\"ListItem\",\"position\":2,\"name\":\"Contattaci\",\"item\":\"https:\\\/\\\/bedrocan.com\\\/it\\\/contact-bedrocan\\\/\"},{\"@type\":\"ListItem\",\"position\":3,\"name\":\"Newsletter\"}]},{\"@type\":\"WebSite\",\"@id\":\"https:\\\/\\\/bedrocan.com\\\/it\\\/#website\",\"url\":\"https:\\\/\\\/bedrocan.com\\\/it\\\/\",\"name\":\"Bedrocan\",\"description\":\"medicinal cannabis\",\"publisher\":{\"@id\":\"https:\\\/\\\/bedrocan.com\\\/it\\\/#organization\"},\"potentialAction\":[{\"@type\":\"SearchAction\",\"target\":{\"@type\":\"EntryPoint\",\"urlTemplate\":\"https:\\\/\\\/bedrocan.com\\\/it\\\/?s={search_term_string}\"},\"query-input\":{\"@type\":\"PropertyValueSpecification\",\"valueRequired\":true,\"valueName\":\"search_term_string\"}}],\"inLanguage\":\"it-IT\"},{\"@type\":\"Organization\",\"@id\":\"https:\\\/\\\/bedrocan.com\\\/it\\\/#organization\",\"name\":\"Bedrocan\",\"url\":\"https:\\\/\\\/bedrocan.com\\\/it\\\/\",\"logo\":{\"@type\":\"ImageObject\",\"inLanguage\":\"it-IT\",\"@id\":\"https:\\\/\\\/bedrocan.com\\\/it\\\/#\\\/schema\\\/logo\\\/image\\\/\",\"url\":\"https:\\\/\\\/bedrocan.com\\\/wp-content\\\/uploads\\\/logo-bedrocan-mail.png\",\"contentUrl\":\"https:\\\/\\\/bedrocan.com\\\/wp-content\\\/uploads\\\/logo-bedrocan-mail.png\",\"width\":185,\"height\":31,\"caption\":\"Bedrocan\"},\"image\":{\"@id\":\"https:\\\/\\\/bedrocan.com\\\/it\\\/#\\\/schema\\\/logo\\\/image\\\/\"},\"sameAs\":[\"https:\\\/\\\/www.facebook.com\\\/Bedrocan\",\"https:\\\/\\\/www.linkedin.com\\\/company\\\/bedrocan\\\/\",\"https:\\\/\\\/www.instagram.com\\\/bedrocan_international\\\/\"]}]}<\/script>\n<!-- \/ Yoast SEO plugin. -->","yoast_head_json":{"title":"Newsletter Bedrocan \u2013 Iscriviti qui","description":"Ti invitiamo a scegliere il tipo di newsletter a cui desideri iscriverti.","robots":{"index":"index","follow":"follow","max-snippet":"max-snippet:-1","max-image-preview":"max-image-preview:large","max-video-preview":"max-video-preview:-1"},"canonical":"https:\/\/bedrocan.com\/it\/contattaci\/newsletter\/","og_locale":"it_IT","og_type":"article","og_title":"Newsletter Bedrocan \u2013 Iscriviti qui","og_description":"Ti invitiamo a scegliere il tipo di newsletter a cui desideri iscriverti.","og_url":"https:\/\/bedrocan.com\/it\/contattaci\/newsletter\/","og_site_name":"Bedrocan","article_publisher":"https:\/\/www.facebook.com\/Bedrocan","article_modified_time":"2026-01-02T13:32:00+00:00","og_image":[{"width":1422,"height":900,"url":"https:\/\/bedrocan.com\/wp-content\/uploads\/bedrocan-business-setting_lr-32.jpg","type":"image\/jpeg"}],"twitter_card":"summary_large_image","twitter_misc":{"Tempo di lettura stimato":"2 minuti"},"schema":{"@context":"https:\/\/schema.org","@graph":[{"@type":"WebPage","@id":"https:\/\/bedrocan.com\/it\/contattaci\/newsletter\/","url":"https:\/\/bedrocan.com\/it\/contattaci\/newsletter\/","name":"Newsletter Bedrocan \u2013 Iscriviti qui","isPartOf":{"@id":"https:\/\/bedrocan.com\/it\/#website"},"primaryImageOfPage":{"@id":"https:\/\/bedrocan.com\/it\/contattaci\/newsletter\/#primaryimage"},"image":{"@id":"https:\/\/bedrocan.com\/it\/contattaci\/newsletter\/#primaryimage"},"thumbnailUrl":"https:\/\/bedrocan.com\/wp-content\/uploads\/bedrocan-business-setting_lr-32.jpg","datePublished":"2026-01-02T13:15:29+00:00","dateModified":"2026-01-02T13:32:00+00:00","description":"Ti invitiamo a scegliere il tipo di newsletter a cui desideri iscriverti.","breadcrumb":{"@id":"https:\/\/bedrocan.com\/it\/contattaci\/newsletter\/#breadcrumb"},"inLanguage":"it-IT","potentialAction":[{"@type":"ReadAction","target":["https:\/\/bedrocan.com\/it\/contattaci\/newsletter\/"]}]},{"@type":"ImageObject","inLanguage":"it-IT","@id":"https:\/\/bedrocan.com\/it\/contattaci\/newsletter\/#primaryimage","url":"https:\/\/bedrocan.com\/wp-content\/uploads\/bedrocan-business-setting_lr-32.jpg","contentUrl":"https:\/\/bedrocan.com\/wp-content\/uploads\/bedrocan-business-setting_lr-32.jpg","width":1422,"height":900,"caption":"Bedrocan website - newsletter"},{"@type":"BreadcrumbList","@id":"https:\/\/bedrocan.com\/it\/contattaci\/newsletter\/#breadcrumb","itemListElement":[{"@type":"ListItem","position":1,"name":"Home","item":"https:\/\/bedrocan.com\/it\/"},{"@type":"ListItem","position":2,"name":"Contattaci","item":"https:\/\/bedrocan.com\/it\/contact-bedrocan\/"},{"@type":"ListItem","position":3,"name":"Newsletter"}]},{"@type":"WebSite","@id":"https:\/\/bedrocan.com\/it\/#website","url":"https:\/\/bedrocan.com\/it\/","name":"Bedrocan","description":"medicinal cannabis","publisher":{"@id":"https:\/\/bedrocan.com\/it\/#organization"},"potentialAction":[{"@type":"SearchAction","target":{"@type":"EntryPoint","urlTemplate":"https:\/\/bedrocan.com\/it\/?s={search_term_string}"},"query-input":{"@type":"PropertyValueSpecification","valueRequired":true,"valueName":"search_term_string"}}],"inLanguage":"it-IT"},{"@type":"Organization","@id":"https:\/\/bedrocan.com\/it\/#organization","name":"Bedrocan","url":"https:\/\/bedrocan.com\/it\/","logo":{"@type":"ImageObject","inLanguage":"it-IT","@id":"https:\/\/bedrocan.com\/it\/#\/schema\/logo\/image\/","url":"https:\/\/bedrocan.com\/wp-content\/uploads\/logo-bedrocan-mail.png","contentUrl":"https:\/\/bedrocan.com\/wp-content\/uploads\/logo-bedrocan-mail.png","width":185,"height":31,"caption":"Bedrocan"},"image":{"@id":"https:\/\/bedrocan.com\/it\/#\/schema\/logo\/image\/"},"sameAs":["https:\/\/www.facebook.com\/Bedrocan","https:\/\/www.linkedin.com\/company\/bedrocan\/","https:\/\/www.instagram.com\/bedrocan_international\/"]}]}},"_links":{"self":[{"href":"https:\/\/bedrocan.com\/it\/wp-json\/wp\/v2\/pages\/257263","targetHints":{"allow":["GET"]}}],"collection":[{"href":"https:\/\/bedrocan.com\/it\/wp-json\/wp\/v2\/pages"}],"about":[{"href":"https:\/\/bedrocan.com\/it\/wp-json\/wp\/v2\/types\/page"}],"author":[{"embeddable":true,"href":"https:\/\/bedrocan.com\/it\/wp-json\/wp\/v2\/users\/3"}],"replies":[{"embeddable":true,"href":"https:\/\/bedrocan.com\/it\/wp-json\/wp\/v2\/comments?post=257263"}],"version-history":[{"count":5,"href":"https:\/\/bedrocan.com\/it\/wp-json\/wp\/v2\/pages\/257263\/revisions"}],"predecessor-version":[{"id":257350,"href":"https:\/\/bedrocan.com\/it\/wp-json\/wp\/v2\/pages\/257263\/revisions\/257350"}],"up":[{"embeddable":true,"href":"https:\/\/bedrocan.com\/it\/wp-json\/wp\/v2\/pages\/8397"}],"wp:featuredmedia":[{"embeddable":true,"href":"https:\/\/bedrocan.com\/it\/wp-json\/wp\/v2\/media\/164006"}],"wp:attachment":[{"href":"https:\/\/bedrocan.com\/it\/wp-json\/wp\/v2\/media?parent=257263"}],"curies":[{"name":"wp","href":"https:\/\/api.w.org\/{rel}","templated":true}]}}