{"id":46624,"date":"2025-06-06T14:24:46","date_gmt":"2025-06-06T12:24:46","guid":{"rendered":"http:\/\/bedrocan.com\/?page_id=46624"},"modified":"2025-06-19T15:02:30","modified_gmt":"2025-06-19T13:02:30","slug":"standard-di-qualita","status":"publish","type":"page","link":"https:\/\/bedrocan.com\/it\/chi-siamo\/standard-di-qualita\/","title":{"rendered":"Standard di qualit\u00e0"},"content":{"rendered":"<div class=\"wpb-content-wrapper\">[mk_page_section bg_image=&#8221;http:\/\/bedrocan.com\/wp-content\/uploads\/aankleedruimte-verwerking-emmeloord-bedrocan-5.jpg&#8221; bg_repeat=&#8221;no-repeat&#8221; bg_stretch=&#8221;true&#8221; min_height=&#8221;300&#8243; full_width=&#8221;true&#8221; top_shape_color=&#8221;#ffffff&#8221; bottom_shape_color=&#8221;#ffffff&#8221; visibility=&#8221;hidden-sm&#8221; sidebar=&#8221;sidebar-1&#8243;][vc_column][\/vc_column][\/mk_page_section][vc_row][vc_column][vc_empty_space height=&#8221;45px&#8221;][vc_column_text css=&#8221;.vc_custom_1698322310792{margin-bottom: 0px !important;}&#8221;]\n<h1><strong>Standard di qualit\u00e0<\/strong><\/h1>\n[\/vc_column_text][vc_separator color=&#8221;custom&#8221; align=&#8221;align_left&#8221; border_width=&#8221;5&#8243; el_width=&#8221;10&#8243; css=&#8221;.vc_custom_1468403515259{margin-top: -10px !important;margin-bottom: 10px !important;}&#8221; accent_color=&#8221;#008752&#8243;][\/vc_column][\/vc_row][vc_row][vc_column][mk_padding_divider][vc_column_text css=&#8221;.vc_custom_1698322812902{margin-bottom: 0px !important;}&#8221;]\n<p class=\"NormalText\"><span lang=\"IT\">A Bedrocan, produciamo\u00a0<a href=\"https:\/\/bedrocan.com\/it\/contattaci\/domande-frequenti\/?faq-item=what-is-medicinal-cannabis-oil\" target=\"_blank\" rel=\"noopener\">cannabis a uso medico<\/a>\u00a0seguendo i pi\u00f9 elevati standard di qualit\u00e0. L&#8217;intero processo produttivo \u00e8 sottoposto a un rigoroso controllo di qualit\u00e0. Questo \u00e8 essenziale per fornire un prodotto adatto all&#8217;uso da parte dei pazienti e alla ricerca scientifica.<\/span><\/p>\n<p class=\"NormalText\"><span lang=\"IT\">Per quanto riguarda la coltivazione, ci atteniamo alle linee guida per le Buone pratiche di coltivazione della cannabis a uso medico (GMCCP). Dall&#8217;essiccazione al confezionamento, seguiamo le linee guida dell&#8217;UE sulle Buone Pratiche di Fabbricazione (GMP), per le quali siamo anche ufficialmente certificati.<\/span><\/p>\n[\/vc_column_text][\/vc_column][\/vc_row][vc_row][vc_column][mk_padding_divider][vc_single_image image=&#8221;139172&#8243; img_size=&#8221;full&#8221;][\/vc_column][\/vc_row][vc_row][vc_column][vc_column_text css=&#8221;.vc_custom_1698322533016{margin-bottom: 0px !important;}&#8221;]\n<h2><strong>GMCCP- Buone pratiche di coltivazione della cannabis a uso medico<\/strong><\/h2>\n<p>Bedrocan va oltre i requisiti della Buone Pratiche Agricole e di Raccolta Europee (EU-GACP) per produrre prodotti di qualit\u00e0 farmaceutica. Al momento, l&#8217;EU-GACP \u00e8 l&#8217;unico standard richiesto dalle autorit\u00e0 di regolamentazione all&#8217;interno dell&#8217;UE per la coltivazione della cannabis a uso medico. Tuttavia, Bedrocan ritiene che le linee guida UE-GACP non siano sufficienti per la cannabis destinata all&#8217;uso medico e scientifico. Ecco perch\u00e9 l\u2019azienda\u00a0<a href=\"https:\/\/bedrocan.com\/bedrocan-develops-new-practice-for-cannabis-cultivation\/\">ha sviluppato le sue personali linee guida per le Buone pratiche di coltivazione della cannabis a uso medico (GMCCP)<\/a>.<\/p>\n<p>Le GMCCP di Bedrocan adottano molti principi GMP e tengono conto della complessit\u00e0 della coltivazione della pianta di cannabis per uso medico e scientifico. Fornisce un sistema per la gestione della qualit\u00e0 nella coltivazione e nella produzione di materiale vegetale di partenza di cannabis API all&#8217;interno di una struttura indoor completamente controllata. Tutte le strutture Bedrocan seguono diligentemente le linee guida GMCCP.[\/vc_column_text][\/vc_column][\/vc_row][vc_row][vc_column][mk_padding_divider][vc_cta h2=&#8221;GMCCP whipe paper&#8221; txt_align=&#8221;center&#8221; add_button=&#8221;bottom&#8221; btn_title=&#8221;Download&#8221; btn_align=&#8221;center&#8221; btn_link=&#8221;url:http%3A%2F%2Fbedrocan.com%2Fwp-content%2Fuploads%2Fbedrocan_white-paper-good-medicinal-cannabis-cultivation-practice_july2022.pdf||target:%20_blank|&#8221;][\/vc_cta][mk_padding_divider][\/vc_column][\/vc_row][vc_row][vc_column][vc_column_text css=&#8221;.vc_custom_1709899462088{margin-bottom: 0px !important;}&#8221;]\n<h2><strong>GMP &#8211; Buone pratiche di fabbricazione<\/strong><\/h2>\n<p>Le Buone Pratiche di Fabbricazione (GMP) sono di fondamentale importanza per garantire che i prodotti medicali siano prodotti e controllati in modo coerente secondo gli standard di qualit\u00e0 definiti.\u00a0<a href=\"https:\/\/bedrocan.com\/bedrocan-becomes-worlds-first-gmp-approved-medicinal-cannabis-producer\/\" target=\"_blank\" rel=\"noopener\">Bedrocan \u00e8 stata la prima azienda di cannabis al mondo a ottenere una certificazione GMP<\/a>. Il nostro processo di produzione, approvato GMP, comprende quanto segue:[\/vc_column_text][mk_custom_list margin_bottom=&#8221;32&#8243; align=&#8221;left&#8221;]\n<ul>\n<li>Essiccazione<\/li>\n<li>Lavorazione<\/li>\n<li>Imballaggio alla rinfusa ed etichettatura<\/li>\n<\/ul>\n[\/mk_custom_list][mk_padding_divider][\/vc_column][\/vc_row][vc_row][vc_column][vc_column_text][\/vc_column_text][\/vc_column][\/vc_row]\n<\/div>","protected":false},"excerpt":{"rendered":"<p>[mk_page_section bg_image=&#8221;http:\/\/bedrocan.com\/wp-content\/uploads\/aankleedruimte-verwerking-emmeloord-bedrocan-5.jpg&#8221; bg_repeat=&#8221;no-repeat&#8221; bg_stretch=&#8221;true&#8221; min_height=&#8221;300&#8243; full_width=&#8221;true&#8221; top_shape_color=&#8221;#ffffff&#8221; bottom_shape_color=&#8221;#ffffff&#8221; visibility=&#8221;hidden-sm&#8221; sidebar=&#8221;sidebar-1&#8243;][vc_column][\/vc_column][\/mk_page_section][vc_row][vc_column][vc_empty_space height=&#8221;45px&#8221;][vc_column_text css=&#8221;.vc_custom_1698322310792{margin-bottom: 0px !important;}&#8221;] Standard di qualit\u00e0 [\/vc_column_text][vc_separator color=&#8221;custom&#8221; align=&#8221;align_left&#8221; border_width=&#8221;5&#8243; el_width=&#8221;10&#8243; css=&#8221;.vc_custom_1468403515259{margin-top: -10px !important;margin-bottom: 10px !important;}&#8221; accent_color=&#8221;#008752&#8243;][\/vc_column][\/vc_row][vc_row][vc_column][mk_padding_divider][vc_column_text css=&#8221;.vc_custom_1698322812902{margin-bottom: 0px !important;}&#8221;] A Bedrocan, produciamo\u00a0cannabis a uso medico\u00a0seguendo i pi\u00f9 elevati standard di qualit\u00e0. L&#8217;intero processo produttivo \u00e8 sottoposto a un rigoroso controllo di qualit\u00e0. Questo [&hellip;]<\/p>\n","protected":false},"author":3,"featured_media":120188,"parent":8864,"menu_order":0,"comment_status":"closed","ping_status":"closed","template":"","meta":{"footnotes":""},"class_list":["post-46624","page","type-page","status-publish","has-post-thumbnail","hentry"],"yoast_head":"<!-- This site is optimized with the Yoast SEO plugin v27.4 - https:\/\/yoast.com\/product\/yoast-seo-wordpress\/ -->\n<title>Bedrocan standard di qualit\u00e0<\/title>\n<meta name=\"description\" content=\"Standard di alta qualit\u00e0 sono essenziali per la cannabis destinata all\u2019uso da parte dei pazienti e nella ricerca scientifica.\" \/>\n<meta name=\"robots\" content=\"index, follow, max-snippet:-1, max-image-preview:large, max-video-preview:-1\" \/>\n<link rel=\"canonical\" href=\"https:\/\/bedrocan.com\/it\/chi-siamo\/standard-di-qualita\/\" \/>\n<meta property=\"og:locale\" content=\"it_IT\" \/>\n<meta property=\"og:type\" content=\"article\" \/>\n<meta property=\"og:title\" content=\"Bedrocan standard di qualit\u00e0\" \/>\n<meta property=\"og:description\" content=\"Standard di alta qualit\u00e0 sono essenziali per la cannabis destinata all\u2019uso da parte dei pazienti e nella ricerca scientifica.\" \/>\n<meta property=\"og:url\" content=\"https:\/\/bedrocan.com\/it\/chi-siamo\/standard-di-qualita\/\" \/>\n<meta property=\"og:site_name\" content=\"Bedrocan\" \/>\n<meta property=\"article:publisher\" content=\"https:\/\/www.facebook.com\/Bedrocan\" \/>\n<meta property=\"article:modified_time\" content=\"2025-06-19T13:02:30+00:00\" \/>\n<meta property=\"og:image\" content=\"https:\/\/bedrocan.com\/wp-content\/uploads\/aankleedruimte-verwerking-emmeloord-bedrocan-5.jpg\" \/>\n\t<meta property=\"og:image:width\" content=\"1280\" \/>\n\t<meta property=\"og:image:height\" content=\"300\" \/>\n\t<meta property=\"og:image:type\" content=\"image\/jpeg\" \/>\n<meta name=\"twitter:card\" content=\"summary_large_image\" \/>\n<meta name=\"twitter:label1\" content=\"Tempo di lettura stimato\" \/>\n\t<meta name=\"twitter:data1\" content=\"2 minuti\" \/>\n<script type=\"application\/ld+json\" class=\"yoast-schema-graph\">{\"@context\":\"https:\\\/\\\/schema.org\",\"@graph\":[{\"@type\":\"WebPage\",\"@id\":\"https:\\\/\\\/bedrocan.com\\\/it\\\/chi-siamo\\\/standard-di-qualita\\\/\",\"url\":\"https:\\\/\\\/bedrocan.com\\\/it\\\/chi-siamo\\\/standard-di-qualita\\\/\",\"name\":\"Bedrocan standard di qualit\u00e0\",\"isPartOf\":{\"@id\":\"https:\\\/\\\/bedrocan.com\\\/it\\\/#website\"},\"primaryImageOfPage\":{\"@id\":\"https:\\\/\\\/bedrocan.com\\\/it\\\/chi-siamo\\\/standard-di-qualita\\\/#primaryimage\"},\"image\":{\"@id\":\"https:\\\/\\\/bedrocan.com\\\/it\\\/chi-siamo\\\/standard-di-qualita\\\/#primaryimage\"},\"thumbnailUrl\":\"https:\\\/\\\/bedrocan.com\\\/wp-content\\\/uploads\\\/aankleedruimte-verwerking-emmeloord-bedrocan-5.jpg\",\"datePublished\":\"2025-06-06T12:24:46+00:00\",\"dateModified\":\"2025-06-19T13:02:30+00:00\",\"description\":\"Standard di alta qualit\u00e0 sono essenziali per la cannabis destinata all\u2019uso da parte dei pazienti e nella ricerca scientifica.\",\"breadcrumb\":{\"@id\":\"https:\\\/\\\/bedrocan.com\\\/it\\\/chi-siamo\\\/standard-di-qualita\\\/#breadcrumb\"},\"inLanguage\":\"it-IT\",\"potentialAction\":[{\"@type\":\"ReadAction\",\"target\":[\"https:\\\/\\\/bedrocan.com\\\/it\\\/chi-siamo\\\/standard-di-qualita\\\/\"]}]},{\"@type\":\"ImageObject\",\"inLanguage\":\"it-IT\",\"@id\":\"https:\\\/\\\/bedrocan.com\\\/it\\\/chi-siamo\\\/standard-di-qualita\\\/#primaryimage\",\"url\":\"https:\\\/\\\/bedrocan.com\\\/wp-content\\\/uploads\\\/aankleedruimte-verwerking-emmeloord-bedrocan-5.jpg\",\"contentUrl\":\"https:\\\/\\\/bedrocan.com\\\/wp-content\\\/uploads\\\/aankleedruimte-verwerking-emmeloord-bedrocan-5.jpg\",\"width\":1280,\"height\":300,\"caption\":\"Certificazione di conformit\u00e0 GMP\"},{\"@type\":\"BreadcrumbList\",\"@id\":\"https:\\\/\\\/bedrocan.com\\\/it\\\/chi-siamo\\\/standard-di-qualita\\\/#breadcrumb\",\"itemListElement\":[{\"@type\":\"ListItem\",\"position\":1,\"name\":\"Home\",\"item\":\"https:\\\/\\\/bedrocan.com\\\/it\\\/\"},{\"@type\":\"ListItem\",\"position\":2,\"name\":\"Chi siamo\",\"item\":\"https:\\\/\\\/bedrocan.com\\\/it\\\/chi-siamo\\\/\"},{\"@type\":\"ListItem\",\"position\":3,\"name\":\"Standard di qualit\u00e0\"}]},{\"@type\":\"WebSite\",\"@id\":\"https:\\\/\\\/bedrocan.com\\\/it\\\/#website\",\"url\":\"https:\\\/\\\/bedrocan.com\\\/it\\\/\",\"name\":\"Bedrocan\",\"description\":\"medicinal cannabis\",\"publisher\":{\"@id\":\"https:\\\/\\\/bedrocan.com\\\/it\\\/#organization\"},\"potentialAction\":[{\"@type\":\"SearchAction\",\"target\":{\"@type\":\"EntryPoint\",\"urlTemplate\":\"https:\\\/\\\/bedrocan.com\\\/it\\\/?s={search_term_string}\"},\"query-input\":{\"@type\":\"PropertyValueSpecification\",\"valueRequired\":true,\"valueName\":\"search_term_string\"}}],\"inLanguage\":\"it-IT\"},{\"@type\":\"Organization\",\"@id\":\"https:\\\/\\\/bedrocan.com\\\/it\\\/#organization\",\"name\":\"Bedrocan\",\"url\":\"https:\\\/\\\/bedrocan.com\\\/it\\\/\",\"logo\":{\"@type\":\"ImageObject\",\"inLanguage\":\"it-IT\",\"@id\":\"https:\\\/\\\/bedrocan.com\\\/it\\\/#\\\/schema\\\/logo\\\/image\\\/\",\"url\":\"https:\\\/\\\/bedrocan.com\\\/wp-content\\\/uploads\\\/logo-bedrocan-mail.png\",\"contentUrl\":\"https:\\\/\\\/bedrocan.com\\\/wp-content\\\/uploads\\\/logo-bedrocan-mail.png\",\"width\":185,\"height\":31,\"caption\":\"Bedrocan\"},\"image\":{\"@id\":\"https:\\\/\\\/bedrocan.com\\\/it\\\/#\\\/schema\\\/logo\\\/image\\\/\"},\"sameAs\":[\"https:\\\/\\\/www.facebook.com\\\/Bedrocan\",\"https:\\\/\\\/www.linkedin.com\\\/company\\\/bedrocan\\\/\",\"https:\\\/\\\/www.instagram.com\\\/bedrocan_international\\\/\"]}]}<\/script>\n<!-- \/ Yoast SEO plugin. -->","yoast_head_json":{"title":"Bedrocan standard di qualit\u00e0","description":"Standard di alta qualit\u00e0 sono essenziali per la cannabis destinata all\u2019uso da parte dei pazienti e nella ricerca scientifica.","robots":{"index":"index","follow":"follow","max-snippet":"max-snippet:-1","max-image-preview":"max-image-preview:large","max-video-preview":"max-video-preview:-1"},"canonical":"https:\/\/bedrocan.com\/it\/chi-siamo\/standard-di-qualita\/","og_locale":"it_IT","og_type":"article","og_title":"Bedrocan standard di qualit\u00e0","og_description":"Standard di alta qualit\u00e0 sono essenziali per la cannabis destinata all\u2019uso da parte dei pazienti e nella ricerca scientifica.","og_url":"https:\/\/bedrocan.com\/it\/chi-siamo\/standard-di-qualita\/","og_site_name":"Bedrocan","article_publisher":"https:\/\/www.facebook.com\/Bedrocan","article_modified_time":"2025-06-19T13:02:30+00:00","og_image":[{"width":1280,"height":300,"url":"https:\/\/bedrocan.com\/wp-content\/uploads\/aankleedruimte-verwerking-emmeloord-bedrocan-5.jpg","type":"image\/jpeg"}],"twitter_card":"summary_large_image","twitter_misc":{"Tempo di lettura stimato":"2 minuti"},"schema":{"@context":"https:\/\/schema.org","@graph":[{"@type":"WebPage","@id":"https:\/\/bedrocan.com\/it\/chi-siamo\/standard-di-qualita\/","url":"https:\/\/bedrocan.com\/it\/chi-siamo\/standard-di-qualita\/","name":"Bedrocan standard di qualit\u00e0","isPartOf":{"@id":"https:\/\/bedrocan.com\/it\/#website"},"primaryImageOfPage":{"@id":"https:\/\/bedrocan.com\/it\/chi-siamo\/standard-di-qualita\/#primaryimage"},"image":{"@id":"https:\/\/bedrocan.com\/it\/chi-siamo\/standard-di-qualita\/#primaryimage"},"thumbnailUrl":"https:\/\/bedrocan.com\/wp-content\/uploads\/aankleedruimte-verwerking-emmeloord-bedrocan-5.jpg","datePublished":"2025-06-06T12:24:46+00:00","dateModified":"2025-06-19T13:02:30+00:00","description":"Standard di alta qualit\u00e0 sono essenziali per la cannabis destinata all\u2019uso da parte dei pazienti e nella ricerca scientifica.","breadcrumb":{"@id":"https:\/\/bedrocan.com\/it\/chi-siamo\/standard-di-qualita\/#breadcrumb"},"inLanguage":"it-IT","potentialAction":[{"@type":"ReadAction","target":["https:\/\/bedrocan.com\/it\/chi-siamo\/standard-di-qualita\/"]}]},{"@type":"ImageObject","inLanguage":"it-IT","@id":"https:\/\/bedrocan.com\/it\/chi-siamo\/standard-di-qualita\/#primaryimage","url":"https:\/\/bedrocan.com\/wp-content\/uploads\/aankleedruimte-verwerking-emmeloord-bedrocan-5.jpg","contentUrl":"https:\/\/bedrocan.com\/wp-content\/uploads\/aankleedruimte-verwerking-emmeloord-bedrocan-5.jpg","width":1280,"height":300,"caption":"Certificazione di conformit\u00e0 GMP"},{"@type":"BreadcrumbList","@id":"https:\/\/bedrocan.com\/it\/chi-siamo\/standard-di-qualita\/#breadcrumb","itemListElement":[{"@type":"ListItem","position":1,"name":"Home","item":"https:\/\/bedrocan.com\/it\/"},{"@type":"ListItem","position":2,"name":"Chi siamo","item":"https:\/\/bedrocan.com\/it\/chi-siamo\/"},{"@type":"ListItem","position":3,"name":"Standard di qualit\u00e0"}]},{"@type":"WebSite","@id":"https:\/\/bedrocan.com\/it\/#website","url":"https:\/\/bedrocan.com\/it\/","name":"Bedrocan","description":"medicinal cannabis","publisher":{"@id":"https:\/\/bedrocan.com\/it\/#organization"},"potentialAction":[{"@type":"SearchAction","target":{"@type":"EntryPoint","urlTemplate":"https:\/\/bedrocan.com\/it\/?s={search_term_string}"},"query-input":{"@type":"PropertyValueSpecification","valueRequired":true,"valueName":"search_term_string"}}],"inLanguage":"it-IT"},{"@type":"Organization","@id":"https:\/\/bedrocan.com\/it\/#organization","name":"Bedrocan","url":"https:\/\/bedrocan.com\/it\/","logo":{"@type":"ImageObject","inLanguage":"it-IT","@id":"https:\/\/bedrocan.com\/it\/#\/schema\/logo\/image\/","url":"https:\/\/bedrocan.com\/wp-content\/uploads\/logo-bedrocan-mail.png","contentUrl":"https:\/\/bedrocan.com\/wp-content\/uploads\/logo-bedrocan-mail.png","width":185,"height":31,"caption":"Bedrocan"},"image":{"@id":"https:\/\/bedrocan.com\/it\/#\/schema\/logo\/image\/"},"sameAs":["https:\/\/www.facebook.com\/Bedrocan","https:\/\/www.linkedin.com\/company\/bedrocan\/","https:\/\/www.instagram.com\/bedrocan_international\/"]}]}},"_links":{"self":[{"href":"https:\/\/bedrocan.com\/it\/wp-json\/wp\/v2\/pages\/46624","targetHints":{"allow":["GET"]}}],"collection":[{"href":"https:\/\/bedrocan.com\/it\/wp-json\/wp\/v2\/pages"}],"about":[{"href":"https:\/\/bedrocan.com\/it\/wp-json\/wp\/v2\/types\/page"}],"author":[{"embeddable":true,"href":"https:\/\/bedrocan.com\/it\/wp-json\/wp\/v2\/users\/3"}],"replies":[{"embeddable":true,"href":"https:\/\/bedrocan.com\/it\/wp-json\/wp\/v2\/comments?post=46624"}],"version-history":[{"count":6,"href":"https:\/\/bedrocan.com\/it\/wp-json\/wp\/v2\/pages\/46624\/revisions"}],"predecessor-version":[{"id":203889,"href":"https:\/\/bedrocan.com\/it\/wp-json\/wp\/v2\/pages\/46624\/revisions\/203889"}],"up":[{"embeddable":true,"href":"https:\/\/bedrocan.com\/it\/wp-json\/wp\/v2\/pages\/8864"}],"wp:featuredmedia":[{"embeddable":true,"href":"https:\/\/bedrocan.com\/it\/wp-json\/wp\/v2\/media\/120188"}],"wp:attachment":[{"href":"https:\/\/bedrocan.com\/it\/wp-json\/wp\/v2\/media?parent=46624"}],"curies":[{"name":"wp","href":"https:\/\/api.w.org\/{rel}","templated":true}]}}