{"id":47058,"date":"2021-01-12T14:27:11","date_gmt":"2021-01-12T13:27:11","guid":{"rendered":"http:\/\/bedrocan.com\/?page_id=47058"},"modified":"2025-06-19T14:34:43","modified_gmt":"2025-06-19T12:34:43","slug":"effetti-collaterali-e-rischi","status":"publish","type":"page","link":"https:\/\/bedrocan.com\/it\/professionista-sanitario\/effetti-collaterali-e-rischi\/","title":{"rendered":"Effetti collaterali e rischi"},"content":{"rendered":"<div class=\"wpb-content-wrapper\">[mk_page_section bg_image=&#8221;http:\/\/bedrocan.com\/wp-content\/uploads\/header_side-effects.jpg&#8221; bg_repeat=&#8221;no-repeat&#8221; bg_stretch=&#8221;true&#8221; min_height=&#8221;300&#8243; full_width=&#8221;true&#8221; top_shape_color=&#8221;#ffffff&#8221; bottom_shape_color=&#8221;#ffffff&#8221; visibility=&#8221;hidden-sm&#8221; sidebar=&#8221;sidebar-1&#8243;][vc_column][\/vc_column][\/mk_page_section][vc_row][vc_column][vc_empty_space height=&#8221;45px&#8221;][vc_column_text css=&#8221;.vc_custom_1610456843018{margin-bottom: 0px !important;}&#8221;]\n<h1><strong>Effetti collaterali e rischi<\/strong><\/h1>\n[\/vc_column_text][vc_separator color=&#8221;custom&#8221; align=&#8221;align_left&#8221; border_width=&#8221;5&#8243; el_width=&#8221;10&#8243; accent_color=&#8221;#008752&#8243; css=&#8221;.vc_custom_1468403515259{margin-top: -10px !important;margin-bottom: 10px !important;}&#8221;][\/vc_column][\/vc_row][vc_row][vc_column][mk_padding_divider][vc_column_text disable_pattern=&#8221;false&#8221; css=&#8221;.vc_custom_1610456958476{margin-bottom: 0px !important;}&#8221;]\n<p class=\"NormalText\"><span lang=\"IT\">In generale i pazienti sembrano tollerare bene la cannabis a uso medicinale. Tuttavia, l&#8217;uso di cannabis a uso medicinale presenta effetti collaterali e rischi. Gli effetti collaterali tipici durano poco tempo, sono per lo pi\u00f9 benigni e si risolvono con l&#8217;aumentare della tolleranza. Gli effetti collaterali e i rischi si verificano principalmente dopo l&#8217;assunzione di dosi elevate o quando la cannabis a uso medicinale viene utilizzata unitamente ad altre sostanze come l&#8217;alcol o particolari farmaci.<\/span><\/p>\n[\/vc_column_text][\/vc_column][\/vc_row][vc_row][vc_column][mk_padding_divider size=&#8221;30&#8243;][vc_column_text css=&#8221;.vc_custom_1619007905800{margin-bottom: 0px !important;}&#8221;]\n<h2><strong>Effetti collaterali<\/strong><\/h2>\n<p>Uno studio degli effetti dell&#8217;uso medicinale dei cannabinoidi ha indicato che le categorie pi\u00f9 frequenti di effetti avversi si riferiscono a disturbi respiratori, gastrointestinali e del sistema nervoso. I comuni effetti collaterali acuti dati da alte dosi di cannabis si manifestano subito dopo il consumo:<\/p>\n<ul>\n<li>Secchezza delle fauci<\/li>\n<li>Rossore degli occhi<\/li>\n<li>Aumento dell&#8217;appetito<\/li>\n<li>Lieve euforia<\/li>\n<li>Riduzione dell&#8217;attenzione dell&#8217;utente, soprattutto nelle ore immediatamente successive al consumo.<\/li>\n<li>Aumento della frequenza cardiaca<\/li>\n<li>Abbassamento della pressione sanguigna e vertigini<\/li>\n<\/ul>\n<p>In generale, tutti gli effetti collaterali diminuiscono lentamente per poi scomparire nel giro di poche ore. Questo dipende dalla\u00a0<a href=\"https:\/\/bedrocan.com\/it\/professionista-sanitario\/cannabis-ad-uso-medico\/\">dose assunta<\/a>\u00a0e dalla modalit\u00e0 di\u00a0<a href=\"https:\/\/bedrocan.com\/it\/professionista-sanitario\/somministrazione\/\">somministrazione<\/a>.[\/vc_column_text][mk_padding_divider][\/vc_column][\/vc_row][vc_row css=&#8221;.vc_custom_1599223189677{margin-left: 15px !important;padding-right: 25px !important;padding-left: 25px !important;background-color: #f5f5f5 !important;}&#8221;][vc_column][mk_padding_divider size=&#8221;20&#8243;][vc_column_text css=&#8221;.vc_custom_1610457191174{margin-bottom: 0px !important;}&#8221;]\n<h3 style=\"text-align: center;\"><strong>Effetti collaterali e rischi: la qualit\u00e0 \u00e8 fondamentale<\/strong><\/h3>\n<p>Quando si usa cannabis di origine sconosciuta, spesso illegale, esiste sempre la possibilit\u00e0 che il prodotto sia contaminato da pesticidi, stimolatori della crescita, metalli pesanti o microbi. Questi contaminanti sono molto dannosi per la salute del paziente.\u00a0La cannabis a uso medicinale di Bedrocan \u00e8 di qualit\u00e0 controllata da un laboratorio esterno certificato a livello internazionale. I risultati delle analisi di ogni lotto sono riportati in un certificato di analisi (CoA). Questo livello di garanzia della qualit\u00e0 dimostra che i nostri prodotti sono privi di contaminanti nocivi. Inoltre, l&#8217;uso di prodotti a base di\u00a0<a href=\"https:\/\/bedrocan.com\/it\/chi-siamo\/il-nostro-metodo\/\">cannabis a uso medicinale standardizzata<\/a>\u00a0\u00e8 fondamentale per garantire che ogni volta venga assunta la stessa dose. Questo riduce il rischio di sovradosaggio e di conseguenza quello di effetti collaterali indesiderati.[\/vc_column_text][mk_padding_divider size=&#8221;20&#8243;][\/vc_column][\/vc_row][vc_row][vc_column][mk_padding_divider size=&#8221;25&#8243;][mk_padding_divider size=&#8221;25&#8243;][vc_column_text css=&#8221;.vc_custom_1619008613244{margin-bottom: 0px !important;}&#8221;]\n<h2><strong>Prevenire gli effetti collaterali e rischi<\/strong><\/h2>\n<p>La maggior parte degli effetti collaterali indesiderati dati dalla somministrazione di cannabis a uso medicinale possono essere evitati adottando le seguenti linee guida:<\/p>\n<ul>\n<li>Iniziare con una\u00a0dose ridotta &#8211; \u00e8 consigliabile assumere varie dosi ridotte in una giornata<\/li>\n<li>Avere pazienza e aspettare che gli effetti si manifestino<\/li>\n<li>Utilizzare la stessa dose (ridotta) per diversi giorni e monitorare gli eventuali effetti collaterali che possono verificarsi<\/li>\n<li>Aumentare la dose lentamente nel tempo fino a quando si individua la dose ottimale<\/li>\n<li>Tenersi in un ambiente sicuro quando si avviano terapie a base di cannabis (soprattutto durante le prime amministrazioni)<\/li>\n<li>Poter contare su una persona di fiducia per il supporto durante il periodo iniziale<\/li>\n<\/ul>\n[\/vc_column_text][mk_padding_divider size=&#8221;25&#8243;][\/vc_column][\/vc_row][vc_row css=&#8221;.vc_custom_1599223179457{margin-left: 15px !important;padding-right: 25px !important;padding-left: 25px !important;background-color: #f5f5f5 !important;}&#8221;][vc_column][mk_padding_divider size=&#8221;25&#8243;][vc_column_text css=&#8221;.vc_custom_1610457356609{margin-bottom: 0px !important;}&#8221;]\n<h3 style=\"text-align: center;\"><strong>Effetti collaterali e rischi:\u00a0 un&#8217;avvertenza speciale<\/strong><\/h3>\n<p>I pazienti con un rischio ereditario di psicosi o altre condizioni psichiatriche (ad esempio schizofrenia o depressione) e i pazienti con problemi cardiaci\/coronarici devono evitare l&#8217;uso di cannabis e cannabinoidi, in quanto tale utilizzo pu\u00f2 peggiorare tali condizioni.[\/vc_column_text][mk_padding_divider size=&#8221;30&#8243;][\/vc_column][\/vc_row][vc_row][vc_column][mk_padding_divider size=&#8221;30&#8243;][vc_column_text css=&#8221;.vc_custom_1619012990365{margin-bottom: 0px !important;}&#8221;]\n<h2><strong>Rischi<\/strong><\/h2>\n<p>Come ogni altro farmaco, la cannabis a uso medicinale non \u00e8 certamente priva di rischi. I fattori di rischio principali sono:<\/p>\n<ul>\n<li><a href=\"#psychosis\">Psicosi<\/a><\/li>\n<li><a href=\"#heart\">Malattie cardiache<\/a><\/li>\n<li><a href=\"#pregnancy\">Gravidanza e allattamento<\/a><\/li>\n<li><a href=\"#liver\">Malattie epatiche<\/a><\/li>\n<li><a href=\"#addiction\">Dipendenza<\/a><\/li>\n<li><a href=\"#overdosing\">Sovradosaggio<\/a><\/li>\n<li><a href=\"#driving\">Guida e azionamento di macchinari<\/a><\/li>\n<\/ul>\n[\/vc_column_text][mk_padding_divider][\/vc_column][\/vc_row][vc_row][vc_column][mk_padding_divider size=&#8221;30&#8243;][mk_padding_divider size=&#8221;30&#8243;][vc_column_text css=&#8221;.vc_custom_1619008500546{margin-bottom: 0px !important;}&#8221;]\n<h3 class=\"pagejump\" style=\"text-align: left;\"><span id=\"psychosis\" style=\"z-index: 1;\">Psicosi<\/span><\/h3>\n<p>In rare occasioni l&#8217;uso di cannabis pu\u00f2 indurre uno stato di psicosi in individui con una predisposizione genetica. Di conseguenza, i pazienti con una storia (familiare) di disturbi psicotici, in particolare schizofrenia e disturbo bipolare, devono essere sottoposti a un attento monitoraggio psichiatrico quando assumono cannabis a uso medicinale. Inoltre, un breve episodio psicotico di tipo acuto (che coinvolge l&#8217;ansia e il pensiero catastrofico) pu\u00f2 verificarsi anche in individui non predisposti, in particolare in caso di assunzione di dosi molto elevate di THC.<\/p>\n<p>Occasionalmente vengono pubblicati nuovi studi scientifici sugli effetti della cannabis correlati al rischio di psicosi. Tuttavia, non \u00e8 stato ancora stabilito un legame diretto tra cannabis e psicosi. Il discorso ruota attorno alla seguente domanda: la cannabis induce psicosi in individui che diversamente sarebbero totalmente sani o la vulnerabilit\u00e0 genetica alla psicosi preesistente si traduce in esiti negativi dati dal consumo di cannabis?<\/p>\n<p>Studi scientifici recenti in materia suggeriscono che una piccola parte della popolazione presenta predisposizioni genetiche che aumentano il rischio di sviluppare sintomi psicotici cronici in caso di assunzione di cannabis (come farmaco o altro).<\/p>\n<h3 class=\"pagejump\" style=\"text-align: left;\"><span id=\"heart\" style=\"z-index: 1;\"><br \/>\nMalattie cardiache<\/span><\/h3>\n<p>I cannabinoidi possono presentare un forte, ma temporaneo, effetto sulla frequenza cardiaca e sulla pressione sanguigna. I pazienti con malattie cardiache pregresse o che assumono farmaci per tali malattie devono evitare l\u2019assunzione di cannabinoidi o assumerli solo sotto l&#8217;attento controllo di un medico.<\/p>\n<h3 class=\"pagejump\" style=\"text-align: left;\"><span id=\"pregnancy\" style=\"z-index: 1;\"><br \/>\nGravidanza e allattamento<\/span><\/h3>\n<p>L&#8217;uso di cannabis durante la gravidanza pu\u00f2 influire sullo sviluppo del feto. Poich\u00e9 alcuni cannabinoidi &#8211; incluso il THC &#8211; sono escreti nel latte materno, l&#8217;assunzione di cannabis a uso medicinale \u00e8 sconsigliata anche durante l&#8217;allattamento.<\/p>\n<h3 class=\"pagejump\" style=\"text-align: left;\"><span id=\"liver\" style=\"z-index: 1;\"><br \/>\nMalattie epatiche<\/span><\/h3>\n<p>Una volta assunta la cannabis, il fegato \u00e8 l&#8217;organo principalmente coinvolto nell&#8217;alterazione chimica dei cannabinoidi come parte della sua funzione di elaborare ed espellere sostanze esterne dal corpo (metabolismo). Gli effetti della cannabis possono quindi essere significativamente diversi nei pazienti affetti da patologie epatiche. Pertanto, questi pazienti devono essere monitorati durante la fase iniziale per garantire che la dose assunta non superi la capacit\u00e0 del fegato di metabolizzare.<\/p>\n<h3 class=\"pagejump\" style=\"text-align: left;\"><span id=\"addiction\" style=\"z-index: 1;\"><br \/>\nDipendenza<\/span><\/h3>\n<p>Dall\u2019esperienza pratica si evince che il rischio di sviluppare una dipendenza dalla cannabis quando viene assunta come medicinale \u00e8 minimo. La dose raccomandata per l&#8217;uso medicinale \u00e8 spesso inferiore a quella per uso ricreativo e un professionista medico deve sempre essere coinvolto nel trattamento e nel monitoraggio del paziente.<\/p>\n<p>Tuttavia, i pazienti devono prestare particolare attenzione qualora avessero riscontrato problemi in caso di assunzioni precedenti della sostanza. Dosi elevate di cannabis a uso medicinale assunte per lunghi periodi possono portare ad un aumento della dose e a un uso improprio. Inoltre, la brusca cessazione (abbandono) pu\u00f2 causare sintomi di astinenza, come forme lievi di irrequietezza, irritabilit\u00e0, insonnia, sogni vividi e diminuzione dell&#8217;appetito.<\/p>\n<h3 class=\"pagejump\" style=\"text-align: left;\"><span id=\"overdosing\" style=\"z-index: 1;\"><br \/>\nSovradosaggio<\/span><\/h3>\n<p>Non \u00e8 stato dimostrato che il consumo di cannabis a uso medicinale porti ad eventi avversi pericolosi per la vita, anche a dosi molto elevate. Tuttavia, un sovradosaggio di cannabis (THC) pu\u00f2 provocare una serie di effetti avversi, con un&#8217;elevata variabilit\u00e0 nella tolleranza tra i soggetti. L&#8217;effetto avverso pi\u00f9 comune del sovradosaggio di una singola dose di THC \u00e8 l&#8217;ansia, che, in alcuni casi, pu\u00f2 portare a lievi stati psicotici acuti (attacchi di panico). Inoltre, pu\u00f2 verificarsi un aumento della frequenza cardiaca e variazioni della pressione sanguigna.<\/p>\n<p>In particolare, \u00e8 possibile che un sovradosaggio di THC provochi ipotensione acuta e\/o tachicardia. In alcuni casi si possono osservare anche nausea, vomito e diarrea. Oltre a tali fenomeni, la compromissione della funzione esecutiva e del controllo motorio pu\u00f2 portare a sentimenti di confusione, spersonalizzazione, perdita di controllo o addirittura impossibilit\u00e0 a reagire. Anche gli occhi arrossati e la secchezza delle fauci possono essere vissuti come molto sgradevoli per alcuni individui. La maggior parte degli effetti negativi si risolvono spontaneamente, di solito entro poche ore, quando i livelli di THC nel siero diminuiscono.<\/p>\n<p>Da alcune fonti risulta che in un ridotto numero di casi il THC \u00e8 in grado di far aumentare la psicosi, con deliri e allucinazioni. Questi effetti collaterali si verificano raramente, poich\u00e9 molto probabilmente richiedono dosi molto elevate di THC somministrato per un periodo di tempo prolungato o una vulnerabilit\u00e0 genetica preesistente. Tuttavia, vi sono motivi sufficienti per essere prudenti e informare di questi rischi in modo equo ed equilibrato.<\/p>\n<h3 class=\"pagejump\" style=\"text-align: left;\"><span id=\"driving\" style=\"z-index: 1;\">Guida e azionamento di macchinari<\/span><\/h3>\n<p>A dosi terapeutiche, la cannabis pu\u00f2 produrre effetti indesiderati come vertigini e sonnolenza che possono compromettere il giudizio e le prestazioni. I pazienti non devono guidare, azionare macchinari o svolgere attivit\u00e0 potenzialmente pericolose sotto l&#8217;influenza della cannabis a uso medicinale o dei cannabinoidi terapeutici che contengono THC.[\/vc_column_text][mk_padding_divider][\/vc_column][\/vc_row]\n<\/div>","protected":false},"excerpt":{"rendered":"<p>[mk_page_section bg_image=&#8221;http:\/\/bedrocan.com\/wp-content\/uploads\/header_side-effects.jpg&#8221; bg_repeat=&#8221;no-repeat&#8221; bg_stretch=&#8221;true&#8221; min_height=&#8221;300&#8243; full_width=&#8221;true&#8221; top_shape_color=&#8221;#ffffff&#8221; bottom_shape_color=&#8221;#ffffff&#8221; visibility=&#8221;hidden-sm&#8221; sidebar=&#8221;sidebar-1&#8243;][vc_column][\/vc_column][\/mk_page_section][vc_row][vc_column][vc_empty_space height=&#8221;45px&#8221;][vc_column_text css=&#8221;.vc_custom_1610456843018{margin-bottom: 0px !important;}&#8221;] Effetti collaterali e rischi [\/vc_column_text][vc_separator color=&#8221;custom&#8221; align=&#8221;align_left&#8221; border_width=&#8221;5&#8243; el_width=&#8221;10&#8243; accent_color=&#8221;#008752&#8243; css=&#8221;.vc_custom_1468403515259{margin-top: -10px !important;margin-bottom: 10px !important;}&#8221;][\/vc_column][\/vc_row][vc_row][vc_column][mk_padding_divider][vc_column_text disable_pattern=&#8221;false&#8221; css=&#8221;.vc_custom_1610456958476{margin-bottom: 0px !important;}&#8221;] In generale i pazienti sembrano tollerare bene la cannabis a uso medicinale. Tuttavia, l&#8217;uso di cannabis a uso medicinale presenta effetti collaterali [&hellip;]<\/p>\n","protected":false},"author":3,"featured_media":160452,"parent":144213,"menu_order":0,"comment_status":"closed","ping_status":"closed","template":"","meta":{"footnotes":""},"class_list":["post-47058","page","type-page","status-publish","has-post-thumbnail","hentry"],"yoast_head":"<!-- This site is optimized with the Yoast SEO plugin v27.4 - https:\/\/yoast.com\/product\/yoast-seo-wordpress\/ -->\n<title>L&#039;uso di effetti collaterali e rischi della cannabis medicinale.<\/title>\n<meta name=\"description\" content=\"Leggi qui gli effetti collaterali e i rischi associati all&#039;uso della cannabis per uso medico e come prevenirli.\" \/>\n<meta name=\"robots\" content=\"index, follow, max-snippet:-1, max-image-preview:large, max-video-preview:-1\" \/>\n<link rel=\"canonical\" href=\"https:\/\/bedrocan.com\/it\/professionista-sanitario\/effetti-collaterali-e-rischi\/\" \/>\n<meta property=\"og:locale\" content=\"it_IT\" \/>\n<meta property=\"og:type\" content=\"article\" \/>\n<meta property=\"og:title\" content=\"L&#039;uso di effetti collaterali e rischi della cannabis medicinale.\" \/>\n<meta property=\"og:description\" content=\"Leggi qui gli effetti collaterali e i rischi associati all&#039;uso della cannabis per uso medico e come prevenirli.\" \/>\n<meta property=\"og:url\" content=\"https:\/\/bedrocan.com\/it\/professionista-sanitario\/effetti-collaterali-e-rischi\/\" \/>\n<meta property=\"og:site_name\" content=\"Bedrocan\" \/>\n<meta property=\"article:publisher\" content=\"https:\/\/www.facebook.com\/Bedrocan\" \/>\n<meta property=\"article:modified_time\" content=\"2025-06-19T12:34:43+00:00\" \/>\n<meta property=\"og:image\" content=\"https:\/\/bedrocan.com\/wp-content\/uploads\/cannabis-flos_lr-11.jpg\" \/>\n\t<meta property=\"og:image:width\" content=\"900\" \/>\n\t<meta property=\"og:image:height\" content=\"978\" \/>\n\t<meta property=\"og:image:type\" content=\"image\/jpeg\" \/>\n<meta name=\"twitter:card\" content=\"summary_large_image\" \/>\n<meta name=\"twitter:label1\" content=\"Tempo di lettura stimato\" \/>\n\t<meta name=\"twitter:data1\" content=\"7 minuti\" \/>\n<script type=\"application\/ld+json\" class=\"yoast-schema-graph\">{\"@context\":\"https:\\\/\\\/schema.org\",\"@graph\":[{\"@type\":\"WebPage\",\"@id\":\"https:\\\/\\\/bedrocan.com\\\/it\\\/professionista-sanitario\\\/effetti-collaterali-e-rischi\\\/\",\"url\":\"https:\\\/\\\/bedrocan.com\\\/it\\\/professionista-sanitario\\\/effetti-collaterali-e-rischi\\\/\",\"name\":\"L'uso di effetti collaterali e rischi della cannabis medicinale.\",\"isPartOf\":{\"@id\":\"https:\\\/\\\/bedrocan.com\\\/it\\\/#website\"},\"primaryImageOfPage\":{\"@id\":\"https:\\\/\\\/bedrocan.com\\\/it\\\/professionista-sanitario\\\/effetti-collaterali-e-rischi\\\/#primaryimage\"},\"image\":{\"@id\":\"https:\\\/\\\/bedrocan.com\\\/it\\\/professionista-sanitario\\\/effetti-collaterali-e-rischi\\\/#primaryimage\"},\"thumbnailUrl\":\"https:\\\/\\\/bedrocan.com\\\/wp-content\\\/uploads\\\/cannabis-flos_lr-11.jpg\",\"datePublished\":\"2021-01-12T13:27:11+00:00\",\"dateModified\":\"2025-06-19T12:34:43+00:00\",\"description\":\"Leggi qui gli effetti collaterali e i rischi associati all'uso della cannabis per uso medico e come prevenirli.\",\"breadcrumb\":{\"@id\":\"https:\\\/\\\/bedrocan.com\\\/it\\\/professionista-sanitario\\\/effetti-collaterali-e-rischi\\\/#breadcrumb\"},\"inLanguage\":\"it-IT\",\"potentialAction\":[{\"@type\":\"ReadAction\",\"target\":[\"https:\\\/\\\/bedrocan.com\\\/it\\\/professionista-sanitario\\\/effetti-collaterali-e-rischi\\\/\"]}]},{\"@type\":\"ImageObject\",\"inLanguage\":\"it-IT\",\"@id\":\"https:\\\/\\\/bedrocan.com\\\/it\\\/professionista-sanitario\\\/effetti-collaterali-e-rischi\\\/#primaryimage\",\"url\":\"https:\\\/\\\/bedrocan.com\\\/wp-content\\\/uploads\\\/cannabis-flos_lr-11.jpg\",\"contentUrl\":\"https:\\\/\\\/bedrocan.com\\\/wp-content\\\/uploads\\\/cannabis-flos_lr-11.jpg\",\"width\":900,\"height\":978,\"caption\":\"Cannabis side effects and risks\"},{\"@type\":\"BreadcrumbList\",\"@id\":\"https:\\\/\\\/bedrocan.com\\\/it\\\/professionista-sanitario\\\/effetti-collaterali-e-rischi\\\/#breadcrumb\",\"itemListElement\":[{\"@type\":\"ListItem\",\"position\":1,\"name\":\"Home\",\"item\":\"https:\\\/\\\/bedrocan.com\\\/it\\\/\"},{\"@type\":\"ListItem\",\"position\":2,\"name\":\"Professionista sanitario\",\"item\":\"https:\\\/\\\/bedrocan.com\\\/it\\\/professionista-sanitario\\\/\"},{\"@type\":\"ListItem\",\"position\":3,\"name\":\"Effetti collaterali e rischi\"}]},{\"@type\":\"WebSite\",\"@id\":\"https:\\\/\\\/bedrocan.com\\\/it\\\/#website\",\"url\":\"https:\\\/\\\/bedrocan.com\\\/it\\\/\",\"name\":\"Bedrocan\",\"description\":\"medicinal cannabis\",\"publisher\":{\"@id\":\"https:\\\/\\\/bedrocan.com\\\/it\\\/#organization\"},\"potentialAction\":[{\"@type\":\"SearchAction\",\"target\":{\"@type\":\"EntryPoint\",\"urlTemplate\":\"https:\\\/\\\/bedrocan.com\\\/it\\\/?s={search_term_string}\"},\"query-input\":{\"@type\":\"PropertyValueSpecification\",\"valueRequired\":true,\"valueName\":\"search_term_string\"}}],\"inLanguage\":\"it-IT\"},{\"@type\":\"Organization\",\"@id\":\"https:\\\/\\\/bedrocan.com\\\/it\\\/#organization\",\"name\":\"Bedrocan\",\"url\":\"https:\\\/\\\/bedrocan.com\\\/it\\\/\",\"logo\":{\"@type\":\"ImageObject\",\"inLanguage\":\"it-IT\",\"@id\":\"https:\\\/\\\/bedrocan.com\\\/it\\\/#\\\/schema\\\/logo\\\/image\\\/\",\"url\":\"https:\\\/\\\/bedrocan.com\\\/wp-content\\\/uploads\\\/logo-bedrocan-mail.png\",\"contentUrl\":\"https:\\\/\\\/bedrocan.com\\\/wp-content\\\/uploads\\\/logo-bedrocan-mail.png\",\"width\":185,\"height\":31,\"caption\":\"Bedrocan\"},\"image\":{\"@id\":\"https:\\\/\\\/bedrocan.com\\\/it\\\/#\\\/schema\\\/logo\\\/image\\\/\"},\"sameAs\":[\"https:\\\/\\\/www.facebook.com\\\/Bedrocan\",\"https:\\\/\\\/www.linkedin.com\\\/company\\\/bedrocan\\\/\",\"https:\\\/\\\/www.instagram.com\\\/bedrocan_international\\\/\"]}]}<\/script>\n<!-- \/ Yoast SEO plugin. -->","yoast_head_json":{"title":"L'uso di effetti collaterali e rischi della cannabis medicinale.","description":"Leggi qui gli effetti collaterali e i rischi associati all'uso della cannabis per uso medico e come prevenirli.","robots":{"index":"index","follow":"follow","max-snippet":"max-snippet:-1","max-image-preview":"max-image-preview:large","max-video-preview":"max-video-preview:-1"},"canonical":"https:\/\/bedrocan.com\/it\/professionista-sanitario\/effetti-collaterali-e-rischi\/","og_locale":"it_IT","og_type":"article","og_title":"L'uso di effetti collaterali e rischi della cannabis medicinale.","og_description":"Leggi qui gli effetti collaterali e i rischi associati all'uso della cannabis per uso medico e come prevenirli.","og_url":"https:\/\/bedrocan.com\/it\/professionista-sanitario\/effetti-collaterali-e-rischi\/","og_site_name":"Bedrocan","article_publisher":"https:\/\/www.facebook.com\/Bedrocan","article_modified_time":"2025-06-19T12:34:43+00:00","og_image":[{"width":900,"height":978,"url":"https:\/\/bedrocan.com\/wp-content\/uploads\/cannabis-flos_lr-11.jpg","type":"image\/jpeg"}],"twitter_card":"summary_large_image","twitter_misc":{"Tempo di lettura stimato":"7 minuti"},"schema":{"@context":"https:\/\/schema.org","@graph":[{"@type":"WebPage","@id":"https:\/\/bedrocan.com\/it\/professionista-sanitario\/effetti-collaterali-e-rischi\/","url":"https:\/\/bedrocan.com\/it\/professionista-sanitario\/effetti-collaterali-e-rischi\/","name":"L'uso di effetti collaterali e rischi della cannabis medicinale.","isPartOf":{"@id":"https:\/\/bedrocan.com\/it\/#website"},"primaryImageOfPage":{"@id":"https:\/\/bedrocan.com\/it\/professionista-sanitario\/effetti-collaterali-e-rischi\/#primaryimage"},"image":{"@id":"https:\/\/bedrocan.com\/it\/professionista-sanitario\/effetti-collaterali-e-rischi\/#primaryimage"},"thumbnailUrl":"https:\/\/bedrocan.com\/wp-content\/uploads\/cannabis-flos_lr-11.jpg","datePublished":"2021-01-12T13:27:11+00:00","dateModified":"2025-06-19T12:34:43+00:00","description":"Leggi qui gli effetti collaterali e i rischi associati all'uso della cannabis per uso medico e come prevenirli.","breadcrumb":{"@id":"https:\/\/bedrocan.com\/it\/professionista-sanitario\/effetti-collaterali-e-rischi\/#breadcrumb"},"inLanguage":"it-IT","potentialAction":[{"@type":"ReadAction","target":["https:\/\/bedrocan.com\/it\/professionista-sanitario\/effetti-collaterali-e-rischi\/"]}]},{"@type":"ImageObject","inLanguage":"it-IT","@id":"https:\/\/bedrocan.com\/it\/professionista-sanitario\/effetti-collaterali-e-rischi\/#primaryimage","url":"https:\/\/bedrocan.com\/wp-content\/uploads\/cannabis-flos_lr-11.jpg","contentUrl":"https:\/\/bedrocan.com\/wp-content\/uploads\/cannabis-flos_lr-11.jpg","width":900,"height":978,"caption":"Cannabis side effects and risks"},{"@type":"BreadcrumbList","@id":"https:\/\/bedrocan.com\/it\/professionista-sanitario\/effetti-collaterali-e-rischi\/#breadcrumb","itemListElement":[{"@type":"ListItem","position":1,"name":"Home","item":"https:\/\/bedrocan.com\/it\/"},{"@type":"ListItem","position":2,"name":"Professionista sanitario","item":"https:\/\/bedrocan.com\/it\/professionista-sanitario\/"},{"@type":"ListItem","position":3,"name":"Effetti collaterali e rischi"}]},{"@type":"WebSite","@id":"https:\/\/bedrocan.com\/it\/#website","url":"https:\/\/bedrocan.com\/it\/","name":"Bedrocan","description":"medicinal cannabis","publisher":{"@id":"https:\/\/bedrocan.com\/it\/#organization"},"potentialAction":[{"@type":"SearchAction","target":{"@type":"EntryPoint","urlTemplate":"https:\/\/bedrocan.com\/it\/?s={search_term_string}"},"query-input":{"@type":"PropertyValueSpecification","valueRequired":true,"valueName":"search_term_string"}}],"inLanguage":"it-IT"},{"@type":"Organization","@id":"https:\/\/bedrocan.com\/it\/#organization","name":"Bedrocan","url":"https:\/\/bedrocan.com\/it\/","logo":{"@type":"ImageObject","inLanguage":"it-IT","@id":"https:\/\/bedrocan.com\/it\/#\/schema\/logo\/image\/","url":"https:\/\/bedrocan.com\/wp-content\/uploads\/logo-bedrocan-mail.png","contentUrl":"https:\/\/bedrocan.com\/wp-content\/uploads\/logo-bedrocan-mail.png","width":185,"height":31,"caption":"Bedrocan"},"image":{"@id":"https:\/\/bedrocan.com\/it\/#\/schema\/logo\/image\/"},"sameAs":["https:\/\/www.facebook.com\/Bedrocan","https:\/\/www.linkedin.com\/company\/bedrocan\/","https:\/\/www.instagram.com\/bedrocan_international\/"]}]}},"_links":{"self":[{"href":"https:\/\/bedrocan.com\/it\/wp-json\/wp\/v2\/pages\/47058","targetHints":{"allow":["GET"]}}],"collection":[{"href":"https:\/\/bedrocan.com\/it\/wp-json\/wp\/v2\/pages"}],"about":[{"href":"https:\/\/bedrocan.com\/it\/wp-json\/wp\/v2\/types\/page"}],"author":[{"embeddable":true,"href":"https:\/\/bedrocan.com\/it\/wp-json\/wp\/v2\/users\/3"}],"replies":[{"embeddable":true,"href":"https:\/\/bedrocan.com\/it\/wp-json\/wp\/v2\/comments?post=47058"}],"version-history":[{"count":6,"href":"https:\/\/bedrocan.com\/it\/wp-json\/wp\/v2\/pages\/47058\/revisions"}],"predecessor-version":[{"id":203660,"href":"https:\/\/bedrocan.com\/it\/wp-json\/wp\/v2\/pages\/47058\/revisions\/203660"}],"up":[{"embeddable":true,"href":"https:\/\/bedrocan.com\/it\/wp-json\/wp\/v2\/pages\/144213"}],"wp:featuredmedia":[{"embeddable":true,"href":"https:\/\/bedrocan.com\/it\/wp-json\/wp\/v2\/media\/160452"}],"wp:attachment":[{"href":"https:\/\/bedrocan.com\/it\/wp-json\/wp\/v2\/media?parent=47058"}],"curies":[{"name":"wp","href":"https:\/\/api.w.org\/{rel}","templated":true}]}}