{"id":47071,"date":"2026-01-30T15:18:11","date_gmt":"2026-01-30T14:18:11","guid":{"rendered":"http:\/\/bedrocan.com\/?page_id=47071"},"modified":"2026-01-30T17:21:13","modified_gmt":"2026-01-30T16:21:13","slug":"dosaggio-della-cannabis","status":"publish","type":"page","link":"https:\/\/bedrocan.com\/it\/professionista-sanitario\/dosaggio-della-cannabis\/","title":{"rendered":"Dosaggio della cannabis"},"content":{"rendered":"<div class=\"wpb-content-wrapper\">[mk_page_section bg_image=&#8221;http:\/\/bedrocan.com\/wp-content\/uploads\/header_cannabinoids.jpg&#8221; bg_repeat=&#8221;no-repeat&#8221; bg_stretch=&#8221;true&#8221; min_height=&#8221;300&#8243; full_width=&#8221;true&#8221; top_shape_color=&#8221;#ffffff&#8221; bottom_shape_color=&#8221;#ffffff&#8221; visibility=&#8221;hidden-sm&#8221; sidebar=&#8221;sidebar-1&#8243;][vc_column][\/vc_column][\/mk_page_section][vc_row][vc_column][vc_empty_space height=&#8221;45px&#8221;][vc_column_text css=&#8221;.vc_custom_1610460801356{margin-bottom: 0px !important;}&#8221;]\n<h1><strong>Dosaggio della cannabis<\/strong><\/h1>\n[\/vc_column_text][vc_separator color=&#8221;custom&#8221; align=&#8221;align_left&#8221; border_width=&#8221;5&#8243; el_width=&#8221;10&#8243; css=&#8221;.vc_custom_1468403515259{margin-top: -10px !important;margin-bottom: 10px !important;}&#8221; accent_color=&#8221;#008752&#8243;][\/vc_column][\/vc_row][vc_row][vc_column][mk_padding_divider][vc_column_text css=&#8221;.vc_custom_1610460888061{margin-bottom: 0px !important;}&#8221;]Il dosaggio della cannabis non \u00e8 cos\u00ec facile da determinare. Esso varia da paziente a paziente.\u00a0Come con altri farmaci, i singoli pazienti rispondono in modo diverso alla cannabis a uso medicinale. La loro risposta dipende dal prodotto a base di cannabis utilizzato e dalla patologia trattata. Anche la durata del trattamento, la somministrazione e le predisposizioni genetiche costituiscono fattori importanti.<\/p>\n<p>\u00c8 importante che il dosaggio sia titolato (aumentato) lentamente indipendentemente dal prodotto utilizzato. \u00c8 importante trovare la giusta dose per ogni singolo paziente affinch\u00e9 possa trarre pieno beneficio dalla cannabis a uso medicinale. La maggior parte degli effetti collaterali indesiderati della cannabis a uso medicinale possono essere evitati seguendo alcune semplici linee guida:<\/p>\n<ul>\n<li><strong>Dose ridotta<\/strong>&#8211; \u00e8 consigliabile assumere varie dosi ridotte in una giornata per giungere al risultato mirato anzich\u00e9 sperimentare l\u2019assunzione di una sola dose elevata.<\/li>\n<li><strong>Pazienza<\/strong>&#8211; la cannabis pu\u00f2 esercitare un effetto diverso su ogni paziente. \u00c8 necessario attendere che l&#8217;effetto (se presente) si manifesti. \u00c8 consigliabile somministrare la stessa dose (ridotta) per diversi giorni e monitorare gli eventuali effetti che possono verificarsi.<\/li>\n<li><strong>Aumentare la dose lentamente<\/strong>&#8211; dopo qualche giorno il paziente pu\u00f2 aumentare la dose ma ci\u00f2 deve avvenire lentamente. Lasciare trascorrere qualche giorno dopo ogni aumento per monitorare i progressi.<\/li>\n<\/ul>\n<p>In circa 1-2 settimane il paziente dovrebbe essere in grado di trovare la propria dose personalizzata che permette di ottenere i maggiori effetti medicinali con i minori\u00a0<a href=\"https:\/\/bedrocan.com\/it\/professionista-sanitario\/effetti-collaterali-e-rischi\/\">effetti collaterali<\/a>.[\/vc_column_text][mk_padding_divider][\/vc_column][\/vc_row][vc_row][vc_column][mk_blog_showcase offset=&#8221;0&#8243; excerpt_length=&#8221;200&#8243; posts=&#8221;38557, 162599&#8243;][mk_padding_divider][\/vc_column][\/vc_row][vc_row][vc_column][vc_column_text margin_bottom=&#8221;0&#8243; css=&#8221;.vc_custom_1769789865258{margin-bottom: 0px !important;}&#8221;]\n<h2><strong>Dosaggio e sovradosaggio della cannabis<\/strong><\/h2>\n<p>Il sovradosaggio pu\u00f2 solitamente essere evitato preparando un protocollo di trattamento. Quando si usano dosi troppo elevate di THC il paziente pu\u00f2 essere intossicato. Tale intossicazione si manifesta spesso sotto forma di leggera euforia o come sedazione e sonnolenza.\u00a0Con il trascorrere del tempo questo si trasforma in un senso di appagamento e di rilassamento. Alcuni soggetti possono soffrire di un lieve deterioramento della memoria a breve termine e di un aumento della frequenza cardiaca. Altri effetti sono costituiti da un riso incontrollato e cambiamenti nella consapevolezza dell&#8217;ambiente circostante (colori, suoni).<\/p>\n<p>In alcuni casi, il sovradosaggio pu\u00f2 manifestarsi come una distorsione della realt\u00e0, una leggera ansia, cambiamenti nella frequenza cardiaca e nella pressione sanguigna. In questi casi, il pi\u00f9 delle volte \u00e8 sufficiente che i pazienti si siedano o si sdraino in un luogo tranquillo e confortevole, preferibilmente in compagnia di conoscenti con cui parlare.<\/p>\n<p>Un sovradosaggio con dosi molto elevate pu\u00f2 provocare uno stato psicotico o altre condizioni psichiatriche, in particolare in soggetti che presentano una vulnerabilit\u00e0 genetica preesistente.<\/p>\n<h2><strong>Evitare lo stato di alterazione<\/strong><\/h2>\n<p>Alcuni pazienti sperimentano uno stato di alterazione indesiderato. Questo pu\u00f2 essere solitamente evitato assumendo dosi pi\u00f9 ridotte o somministrando la dose lentamente per un periodo pi\u00f9 lungo. La possibilit\u00e0 di riscontrare questi effetti \u00e8 maggiore nei casi in cui la cannabis a uso medicinale viene somministrata per via orale, poich\u00e9 l\u2019apparato digerente rilascia metaboliti di THC. Queste sostanze chimiche svolgono un\u2019azione ancora pi\u00f9 psicoattiva del THC stesso. Questo \u00e8 uno dei motivi per cui la somministrazione per via orale della cannabis porta facilmente a problemi di sovradosaggio.<\/p>\n<p>Quando si assume la cannabis sotto forma di t\u00e8 (una sostanza liquida, come tale pi\u00f9 facile da digerire), questi effetti collaterali si verificano meno frequentemente. Ai pazienti soggetti a psicosi si consiglia di assumere la cannabis <a href=\"https:\/\/bedrocan.com\/it\/prodotti-di-cannabis\/\">Bediol<\/a>\u00ae, poich\u00e9 \u00e8 stato dimostrato che il CBD \u00e8 in grado di sopprimere gli effetti psicoattivi del THC.<\/p>\n<p>Si veda anche la sezione\u00a0<a href=\"https:\/\/bedrocan.com\/it\/professionista-sanitario\/effetti-collaterali-e-rischi\/\">Effetti collaterali e rischi<\/a>.[\/vc_column_text][mk_padding_divider][\/vc_column][\/vc_row]\n<\/div>","protected":false},"excerpt":{"rendered":"<p>[mk_page_section bg_image=&#8221;http:\/\/bedrocan.com\/wp-content\/uploads\/header_cannabinoids.jpg&#8221; bg_repeat=&#8221;no-repeat&#8221; bg_stretch=&#8221;true&#8221; min_height=&#8221;300&#8243; full_width=&#8221;true&#8221; top_shape_color=&#8221;#ffffff&#8221; bottom_shape_color=&#8221;#ffffff&#8221; visibility=&#8221;hidden-sm&#8221; sidebar=&#8221;sidebar-1&#8243;][vc_column][\/vc_column][\/mk_page_section][vc_row][vc_column][vc_empty_space height=&#8221;45px&#8221;][vc_column_text css=&#8221;.vc_custom_1610460801356{margin-bottom: 0px !important;}&#8221;] Dosaggio della cannabis [\/vc_column_text][vc_separator color=&#8221;custom&#8221; align=&#8221;align_left&#8221; border_width=&#8221;5&#8243; el_width=&#8221;10&#8243; css=&#8221;.vc_custom_1468403515259{margin-top: -10px !important;margin-bottom: 10px !important;}&#8221; accent_color=&#8221;#008752&#8243;][\/vc_column][\/vc_row][vc_row][vc_column][mk_padding_divider][vc_column_text css=&#8221;.vc_custom_1610460888061{margin-bottom: 0px !important;}&#8221;]Il dosaggio della cannabis non \u00e8 cos\u00ec facile da determinare. Esso varia da paziente a paziente.\u00a0Come con altri farmaci, i singoli pazienti rispondono in modo [&hellip;]<\/p>\n","protected":false},"author":3,"featured_media":158515,"parent":144213,"menu_order":0,"comment_status":"closed","ping_status":"closed","template":"","meta":{"footnotes":""},"class_list":["post-47071","page","type-page","status-publish","has-post-thumbnail","hentry"],"yoast_head":"<!-- This site is optimized with the Yoast SEO plugin v27.3 - https:\/\/yoast.com\/product\/yoast-seo-wordpress\/ -->\n<title>Dosaggio della cannabis non \u00e8 facile da determinare<\/title>\n<meta name=\"description\" content=\"Il dosaggio della cannabis varia da paziente a paziente e deve essere aumentato lentamente, indipendentemente dal prodotto utilizzato.\" \/>\n<meta name=\"robots\" content=\"index, follow, max-snippet:-1, max-image-preview:large, max-video-preview:-1\" \/>\n<link rel=\"canonical\" href=\"https:\/\/bedrocan.com\/it\/professionista-sanitario\/dosaggio-della-cannabis\/\" \/>\n<meta property=\"og:locale\" content=\"it_IT\" \/>\n<meta property=\"og:type\" content=\"article\" \/>\n<meta property=\"og:title\" content=\"Dosaggio della cannabis non \u00e8 facile da determinare\" \/>\n<meta property=\"og:description\" content=\"Il dosaggio della cannabis varia da paziente a paziente e deve essere aumentato lentamente, indipendentemente dal prodotto utilizzato.\" \/>\n<meta property=\"og:url\" content=\"https:\/\/bedrocan.com\/it\/professionista-sanitario\/dosaggio-della-cannabis\/\" \/>\n<meta property=\"og:site_name\" content=\"Bedrocan\" \/>\n<meta property=\"article:publisher\" content=\"https:\/\/www.facebook.com\/Bedrocan\" \/>\n<meta property=\"article:modified_time\" content=\"2026-01-30T16:21:13+00:00\" \/>\n<meta property=\"og:image\" content=\"https:\/\/bedrocan.com\/wp-content\/uploads\/bedica-medicinal-cannabis-by-bedrocan-18.png\" \/>\n\t<meta property=\"og:image:width\" content=\"1280\" \/>\n\t<meta property=\"og:image:height\" content=\"852\" \/>\n\t<meta property=\"og:image:type\" content=\"image\/png\" \/>\n<meta name=\"twitter:card\" content=\"summary_large_image\" \/>\n<meta name=\"twitter:label1\" content=\"Tempo di lettura stimato\" \/>\n\t<meta name=\"twitter:data1\" content=\"3 minuti\" \/>\n<script type=\"application\/ld+json\" class=\"yoast-schema-graph\">{\"@context\":\"https:\\\/\\\/schema.org\",\"@graph\":[{\"@type\":\"WebPage\",\"@id\":\"https:\\\/\\\/bedrocan.com\\\/it\\\/professionista-sanitario\\\/dosaggio-della-cannabis\\\/\",\"url\":\"https:\\\/\\\/bedrocan.com\\\/it\\\/professionista-sanitario\\\/dosaggio-della-cannabis\\\/\",\"name\":\"Dosaggio della cannabis non \u00e8 facile da determinare\",\"isPartOf\":{\"@id\":\"https:\\\/\\\/bedrocan.com\\\/it\\\/#website\"},\"primaryImageOfPage\":{\"@id\":\"https:\\\/\\\/bedrocan.com\\\/it\\\/professionista-sanitario\\\/dosaggio-della-cannabis\\\/#primaryimage\"},\"image\":{\"@id\":\"https:\\\/\\\/bedrocan.com\\\/it\\\/professionista-sanitario\\\/dosaggio-della-cannabis\\\/#primaryimage\"},\"thumbnailUrl\":\"https:\\\/\\\/bedrocan.com\\\/wp-content\\\/uploads\\\/bedica-medicinal-cannabis-by-bedrocan-18.png\",\"datePublished\":\"2026-01-30T14:18:11+00:00\",\"dateModified\":\"2026-01-30T16:21:13+00:00\",\"description\":\"Il dosaggio della cannabis varia da paziente a paziente e deve essere aumentato lentamente, indipendentemente dal prodotto utilizzato.\",\"breadcrumb\":{\"@id\":\"https:\\\/\\\/bedrocan.com\\\/it\\\/professionista-sanitario\\\/dosaggio-della-cannabis\\\/#breadcrumb\"},\"inLanguage\":\"it-IT\",\"potentialAction\":[{\"@type\":\"ReadAction\",\"target\":[\"https:\\\/\\\/bedrocan.com\\\/it\\\/professionista-sanitario\\\/dosaggio-della-cannabis\\\/\"]}]},{\"@type\":\"ImageObject\",\"inLanguage\":\"it-IT\",\"@id\":\"https:\\\/\\\/bedrocan.com\\\/it\\\/professionista-sanitario\\\/dosaggio-della-cannabis\\\/#primaryimage\",\"url\":\"https:\\\/\\\/bedrocan.com\\\/wp-content\\\/uploads\\\/bedica-medicinal-cannabis-by-bedrocan-18.png\",\"contentUrl\":\"https:\\\/\\\/bedrocan.com\\\/wp-content\\\/uploads\\\/bedica-medicinal-cannabis-by-bedrocan-18.png\",\"width\":1280,\"height\":852,\"caption\":\"dosis cannabis medicinal dosaggio della cannabis\"},{\"@type\":\"BreadcrumbList\",\"@id\":\"https:\\\/\\\/bedrocan.com\\\/it\\\/professionista-sanitario\\\/dosaggio-della-cannabis\\\/#breadcrumb\",\"itemListElement\":[{\"@type\":\"ListItem\",\"position\":1,\"name\":\"Home\",\"item\":\"https:\\\/\\\/bedrocan.com\\\/it\\\/\"},{\"@type\":\"ListItem\",\"position\":2,\"name\":\"Professionista sanitario\",\"item\":\"https:\\\/\\\/bedrocan.com\\\/it\\\/professionista-sanitario\\\/\"},{\"@type\":\"ListItem\",\"position\":3,\"name\":\"Dosaggio della cannabis\"}]},{\"@type\":\"WebSite\",\"@id\":\"https:\\\/\\\/bedrocan.com\\\/it\\\/#website\",\"url\":\"https:\\\/\\\/bedrocan.com\\\/it\\\/\",\"name\":\"Bedrocan\",\"description\":\"medicinal cannabis\",\"publisher\":{\"@id\":\"https:\\\/\\\/bedrocan.com\\\/it\\\/#organization\"},\"potentialAction\":[{\"@type\":\"SearchAction\",\"target\":{\"@type\":\"EntryPoint\",\"urlTemplate\":\"https:\\\/\\\/bedrocan.com\\\/it\\\/?s={search_term_string}\"},\"query-input\":{\"@type\":\"PropertyValueSpecification\",\"valueRequired\":true,\"valueName\":\"search_term_string\"}}],\"inLanguage\":\"it-IT\"},{\"@type\":\"Organization\",\"@id\":\"https:\\\/\\\/bedrocan.com\\\/it\\\/#organization\",\"name\":\"Bedrocan\",\"url\":\"https:\\\/\\\/bedrocan.com\\\/it\\\/\",\"logo\":{\"@type\":\"ImageObject\",\"inLanguage\":\"it-IT\",\"@id\":\"https:\\\/\\\/bedrocan.com\\\/it\\\/#\\\/schema\\\/logo\\\/image\\\/\",\"url\":\"https:\\\/\\\/bedrocan.com\\\/wp-content\\\/uploads\\\/logo-bedrocan-mail.png\",\"contentUrl\":\"https:\\\/\\\/bedrocan.com\\\/wp-content\\\/uploads\\\/logo-bedrocan-mail.png\",\"width\":185,\"height\":31,\"caption\":\"Bedrocan\"},\"image\":{\"@id\":\"https:\\\/\\\/bedrocan.com\\\/it\\\/#\\\/schema\\\/logo\\\/image\\\/\"},\"sameAs\":[\"https:\\\/\\\/www.facebook.com\\\/Bedrocan\",\"https:\\\/\\\/www.linkedin.com\\\/company\\\/bedrocan\\\/\",\"https:\\\/\\\/www.instagram.com\\\/bedrocan_international\\\/\"]}]}<\/script>\n<!-- \/ Yoast SEO plugin. -->","yoast_head_json":{"title":"Dosaggio della cannabis non \u00e8 facile da determinare","description":"Il dosaggio della cannabis varia da paziente a paziente e deve essere aumentato lentamente, indipendentemente dal prodotto utilizzato.","robots":{"index":"index","follow":"follow","max-snippet":"max-snippet:-1","max-image-preview":"max-image-preview:large","max-video-preview":"max-video-preview:-1"},"canonical":"https:\/\/bedrocan.com\/it\/professionista-sanitario\/dosaggio-della-cannabis\/","og_locale":"it_IT","og_type":"article","og_title":"Dosaggio della cannabis non \u00e8 facile da determinare","og_description":"Il dosaggio della cannabis varia da paziente a paziente e deve essere aumentato lentamente, indipendentemente dal prodotto utilizzato.","og_url":"https:\/\/bedrocan.com\/it\/professionista-sanitario\/dosaggio-della-cannabis\/","og_site_name":"Bedrocan","article_publisher":"https:\/\/www.facebook.com\/Bedrocan","article_modified_time":"2026-01-30T16:21:13+00:00","og_image":[{"width":1280,"height":852,"url":"https:\/\/bedrocan.com\/wp-content\/uploads\/bedica-medicinal-cannabis-by-bedrocan-18.png","type":"image\/png"}],"twitter_card":"summary_large_image","twitter_misc":{"Tempo di lettura stimato":"3 minuti"},"schema":{"@context":"https:\/\/schema.org","@graph":[{"@type":"WebPage","@id":"https:\/\/bedrocan.com\/it\/professionista-sanitario\/dosaggio-della-cannabis\/","url":"https:\/\/bedrocan.com\/it\/professionista-sanitario\/dosaggio-della-cannabis\/","name":"Dosaggio della cannabis non \u00e8 facile da determinare","isPartOf":{"@id":"https:\/\/bedrocan.com\/it\/#website"},"primaryImageOfPage":{"@id":"https:\/\/bedrocan.com\/it\/professionista-sanitario\/dosaggio-della-cannabis\/#primaryimage"},"image":{"@id":"https:\/\/bedrocan.com\/it\/professionista-sanitario\/dosaggio-della-cannabis\/#primaryimage"},"thumbnailUrl":"https:\/\/bedrocan.com\/wp-content\/uploads\/bedica-medicinal-cannabis-by-bedrocan-18.png","datePublished":"2026-01-30T14:18:11+00:00","dateModified":"2026-01-30T16:21:13+00:00","description":"Il dosaggio della cannabis varia da paziente a paziente e deve essere aumentato lentamente, indipendentemente dal prodotto utilizzato.","breadcrumb":{"@id":"https:\/\/bedrocan.com\/it\/professionista-sanitario\/dosaggio-della-cannabis\/#breadcrumb"},"inLanguage":"it-IT","potentialAction":[{"@type":"ReadAction","target":["https:\/\/bedrocan.com\/it\/professionista-sanitario\/dosaggio-della-cannabis\/"]}]},{"@type":"ImageObject","inLanguage":"it-IT","@id":"https:\/\/bedrocan.com\/it\/professionista-sanitario\/dosaggio-della-cannabis\/#primaryimage","url":"https:\/\/bedrocan.com\/wp-content\/uploads\/bedica-medicinal-cannabis-by-bedrocan-18.png","contentUrl":"https:\/\/bedrocan.com\/wp-content\/uploads\/bedica-medicinal-cannabis-by-bedrocan-18.png","width":1280,"height":852,"caption":"dosis cannabis medicinal dosaggio della cannabis"},{"@type":"BreadcrumbList","@id":"https:\/\/bedrocan.com\/it\/professionista-sanitario\/dosaggio-della-cannabis\/#breadcrumb","itemListElement":[{"@type":"ListItem","position":1,"name":"Home","item":"https:\/\/bedrocan.com\/it\/"},{"@type":"ListItem","position":2,"name":"Professionista sanitario","item":"https:\/\/bedrocan.com\/it\/professionista-sanitario\/"},{"@type":"ListItem","position":3,"name":"Dosaggio della cannabis"}]},{"@type":"WebSite","@id":"https:\/\/bedrocan.com\/it\/#website","url":"https:\/\/bedrocan.com\/it\/","name":"Bedrocan","description":"medicinal cannabis","publisher":{"@id":"https:\/\/bedrocan.com\/it\/#organization"},"potentialAction":[{"@type":"SearchAction","target":{"@type":"EntryPoint","urlTemplate":"https:\/\/bedrocan.com\/it\/?s={search_term_string}"},"query-input":{"@type":"PropertyValueSpecification","valueRequired":true,"valueName":"search_term_string"}}],"inLanguage":"it-IT"},{"@type":"Organization","@id":"https:\/\/bedrocan.com\/it\/#organization","name":"Bedrocan","url":"https:\/\/bedrocan.com\/it\/","logo":{"@type":"ImageObject","inLanguage":"it-IT","@id":"https:\/\/bedrocan.com\/it\/#\/schema\/logo\/image\/","url":"https:\/\/bedrocan.com\/wp-content\/uploads\/logo-bedrocan-mail.png","contentUrl":"https:\/\/bedrocan.com\/wp-content\/uploads\/logo-bedrocan-mail.png","width":185,"height":31,"caption":"Bedrocan"},"image":{"@id":"https:\/\/bedrocan.com\/it\/#\/schema\/logo\/image\/"},"sameAs":["https:\/\/www.facebook.com\/Bedrocan","https:\/\/www.linkedin.com\/company\/bedrocan\/","https:\/\/www.instagram.com\/bedrocan_international\/"]}]}},"_links":{"self":[{"href":"https:\/\/bedrocan.com\/it\/wp-json\/wp\/v2\/pages\/47071","targetHints":{"allow":["GET"]}}],"collection":[{"href":"https:\/\/bedrocan.com\/it\/wp-json\/wp\/v2\/pages"}],"about":[{"href":"https:\/\/bedrocan.com\/it\/wp-json\/wp\/v2\/types\/page"}],"author":[{"embeddable":true,"href":"https:\/\/bedrocan.com\/it\/wp-json\/wp\/v2\/users\/3"}],"replies":[{"embeddable":true,"href":"https:\/\/bedrocan.com\/it\/wp-json\/wp\/v2\/comments?post=47071"}],"version-history":[{"count":5,"href":"https:\/\/bedrocan.com\/it\/wp-json\/wp\/v2\/pages\/47071\/revisions"}],"predecessor-version":[{"id":257774,"href":"https:\/\/bedrocan.com\/it\/wp-json\/wp\/v2\/pages\/47071\/revisions\/257774"}],"up":[{"embeddable":true,"href":"https:\/\/bedrocan.com\/it\/wp-json\/wp\/v2\/pages\/144213"}],"wp:featuredmedia":[{"embeddable":true,"href":"https:\/\/bedrocan.com\/it\/wp-json\/wp\/v2\/media\/158515"}],"wp:attachment":[{"href":"https:\/\/bedrocan.com\/it\/wp-json\/wp\/v2\/media?parent=47071"}],"curies":[{"name":"wp","href":"https:\/\/api.w.org\/{rel}","templated":true}]}}