{"id":47142,"date":"2021-01-13T08:30:32","date_gmt":"2021-01-13T07:30:32","guid":{"rendered":"http:\/\/bedrocan.com\/?page_id=47142"},"modified":"2025-06-19T14:02:33","modified_gmt":"2025-06-19T12:02:33","slug":"olio-di-cannabis","status":"publish","type":"page","link":"https:\/\/bedrocan.com\/it\/professionista-sanitario\/olio-di-cannabis\/","title":{"rendered":"Olio di cannabis"},"content":{"rendered":"<div class=\"wpb-content-wrapper\">[mk_page_section bg_image=&#8221;http:\/\/bedrocan.com\/wp-content\/uploads\/bedrocan_cannabisoil_header.jpg&#8221; bg_position=&#8221;center center&#8221; bg_repeat=&#8221;no-repeat&#8221; bg_stretch=&#8221;true&#8221; min_height=&#8221;300&#8243; full_width=&#8221;true&#8221; top_shape_color=&#8221;#ffffff&#8221; bottom_shape_color=&#8221;#ffffff&#8221; visibility=&#8221;hidden-sm&#8221; sidebar=&#8221;sidebar-1&#8243;][vc_column][\/vc_column][\/mk_page_section][vc_row][vc_column][vc_empty_space height=&#8221;45px&#8221;][vc_column_text css=&#8221;.vc_custom_1610521815146{margin-bottom: 0px !important;}&#8221;]\n<h1><strong>Olio di cannabis<\/strong><\/h1>\n[\/vc_column_text][vc_separator color=&#8221;custom&#8221; align=&#8221;align_left&#8221; border_width=&#8221;5&#8243; el_width=&#8221;10&#8243; accent_color=&#8221;#008752&#8243; css=&#8221;.vc_custom_1468403515259{margin-top: -10px !important;margin-bottom: 10px !important;}&#8221;][\/vc_column][\/vc_row][vc_row][vc_column][mk_padding_divider][vc_column_text css=&#8221;.vc_custom_1610521894069{margin-bottom: 0px !important;}&#8221;]\n<p class=\"NormalText\"><span lang=\"IT\">Gli oli di cannabis o gli estratti concentrati si ottengono dall&#8217;estrazione dei cannabinoidi dai fiori secchi (fiore di cannabis) della pianta di cannabis. Lo scopo della produzione dell\u2019olio di cannabis \u00e8 quello di rendere disponibili i cannabinoidi e altri componenti (ovvero i terpeni) in forma altamente concentrata.<\/span><\/p>\n<p class=\"NormalText\"><span lang=\"IT\">Gli oli vengono solitamente preparati per la somministrazione orale sublinguale. Negli ultimi anni sono diventati sempre pi\u00f9 in voga. Questo perch\u00e9 sono facili da usare rispetto all&#8217;inalazione per vaporizzazione. I medici e i farmacisti hanno maggiore familiarit\u00e0 con il dosaggio orale, il che ne favorisce anche l&#8217;uso.<\/span><\/p>\n<p class=\"NormalText\"><span lang=\"IT\">L&#8217;olio di cannabis a uso medicinale estratto dai fiori standardizzati di Bedrocan \u00e8 attualmente disponibile nei Paesi Bassi e in vari altri paesi. Viene estratto dalle farmacie (come preparati magistrali) o da aziende farmaceutiche che utilizzano metodi di produzione certificati secondo le regole GMP.<\/span><\/p>\n<p class=\"NormalText\"><span lang=\"IT\">Bedrocan non produce n\u00e9 vende olio per il dosaggio orale sublinguale. Per una panoramica dei farmacisti olandesi che si occupano di compounding\/preparazioni galeniche si veda la nostra\u00a0<a href=\"https:\/\/bedrocan.com\/it\/contattaci\/\">pagina dei contatti<\/a>\u00a0.<\/span><\/p>\n[\/vc_column_text][\/vc_column][\/vc_row][vc_row][vc_column width=&#8221;1\/3&#8243;][vc_single_image image=&#8221;45385&#8243; img_size=&#8221;full&#8221; alignment=&#8221;center&#8221;][\/vc_column][vc_column width=&#8221;1\/3&#8243;][vc_single_image image=&#8221;33322&#8243; img_size=&#8221;full&#8221; alignment=&#8221;center&#8221;][\/vc_column][vc_column width=&#8221;1\/3&#8243;][vc_single_image image=&#8221;33316&#8243; img_size=&#8221;full&#8221; alignment=&#8221;center&#8221;][\/vc_column][\/vc_row][vc_row][vc_column][vc_column_text css=&#8221;.vc_custom_1610521927016{margin-bottom: 0px !important;}&#8221;]<em>Il farmacista prepara l&#8217;olio di cannabis a uso medicinale presso la\u00a0<\/em><a href=\"https:\/\/transvaalapotheek.nl\/\"><em>Farmacia Transvaal<\/em><\/a><em>, Paesi Bassi<\/em>[\/vc_column_text][vc_separator color=&#8221;custom&#8221; border_width=&#8221;3&#8243; accent_color=&#8221;#008752&#8243;][mk_padding_divider size=&#8221;25&#8243;][vc_column_text css=&#8221;.vc_custom_1610522040545{margin-bottom: 0px !important;}&#8221;]\n<h2><strong>Produzione non regolamentata<\/strong><\/h2>\n<p>Si sconsiglia la preparazione di olio di cannabis o di concentrati di cannabis in casa, cos\u00ec come si sconsiglia l&#8217;uso di oli o concentrati di cannabis prodotti secondo procedure non regolamentate.<\/p>\n<p>La produzione domestica o non regolamentata pu\u00f2 costituire un rischio per i consumatori. L&#8217;esatta composizione dei vari oli disponibili \u00e8 spesso sconosciuta. La loro qualit\u00e0 non viene controllata da laboratori esterni certificati per verificare la presenza di solventi residui o contaminanti come microbi, pesticidi, metalli pesanti o micotossine. La mancanza di standardizzazione sia del materiale di partenza della cannabis che degli oli rende impossibile valutare appieno i loro effetti terapeutici nel tempo e, quindi, il loro valore farmacologico.<\/p>\n<p>Di conseguenza, vi \u00e8 una significativa necessit\u00e0 di standardizzare e controllare gli estratti di cannabis e di regolarne la distribuzione come potenziali prodotti medicinali.<\/p>\n<h2><strong>Olio di CBD<\/strong><\/h2>\n<p>Negli ultimi anni \u00e8 emerso un grande mercato non regolamentato per gli oli CBD (cannabidiolo). Questi prodotti sono tipicamente derivati da ceppi di cannabis fibrosa (canapa) contenenti concentrazioni elevate di CBD ma quantit\u00e0 trascurabili di THC.<\/p>\n<p>Nella maggior parte dei paesi \u00e8 vietato creare concentrati a partire dalla cannabis, poich\u00e9 si tratta di una sostanza controllata. Ciononostante, la comparsa di numerosi estratti ricchi di CBD \u00e8 apparsa sul mercato globale.<\/p>\n<p>Per maggiori informazioni sull&#8217;olio di CBD si rimanda al nostro articolo\u00a0<a href=\"https:\/\/bedrocan.com\/it\/il-problema-con-lolio-di-cbd\/\">Il problema dell&#8217;olio di CBD<\/a>.[\/vc_column_text][vc_message color=&#8221;info&#8221;]Also read:\u00a0<a href=\"https:\/\/bedrocan.com\/wp-content\/uploads\/2013-cannabis-oil-chemical-evaluation-of-an-upcoming-cannabis-based-medicine_romano.pdf\" target=\"_blank\" rel=\"noopener noreferrer\">Cannabis Oil: chemical evaluation of an upcoming cannabis-based medicine<\/a>[\/vc_message][mk_padding_divider][\/vc_column][\/vc_row][vc_row][vc_column][mk_blog style=&#8221;newspaper&#8221; grid_image_height=&#8221;220&#8243; post_count=&#8221;3&#8243; pagination=&#8221;false&#8221; posts=&#8221;14607, 18524, 17491&#8243;][\/vc_column][\/vc_row]\n<\/div>","protected":false},"excerpt":{"rendered":"<p>[mk_page_section bg_image=&#8221;http:\/\/bedrocan.com\/wp-content\/uploads\/bedrocan_cannabisoil_header.jpg&#8221; bg_position=&#8221;center center&#8221; bg_repeat=&#8221;no-repeat&#8221; bg_stretch=&#8221;true&#8221; min_height=&#8221;300&#8243; full_width=&#8221;true&#8221; top_shape_color=&#8221;#ffffff&#8221; bottom_shape_color=&#8221;#ffffff&#8221; visibility=&#8221;hidden-sm&#8221; sidebar=&#8221;sidebar-1&#8243;][vc_column][\/vc_column][\/mk_page_section][vc_row][vc_column][vc_empty_space height=&#8221;45px&#8221;][vc_column_text css=&#8221;.vc_custom_1610521815146{margin-bottom: 0px !important;}&#8221;] Olio di cannabis [\/vc_column_text][vc_separator color=&#8221;custom&#8221; align=&#8221;align_left&#8221; border_width=&#8221;5&#8243; el_width=&#8221;10&#8243; accent_color=&#8221;#008752&#8243; css=&#8221;.vc_custom_1468403515259{margin-top: -10px !important;margin-bottom: 10px !important;}&#8221;][\/vc_column][\/vc_row][vc_row][vc_column][mk_padding_divider][vc_column_text css=&#8221;.vc_custom_1610521894069{margin-bottom: 0px !important;}&#8221;] Gli oli di cannabis o gli estratti concentrati si ottengono dall&#8217;estrazione dei cannabinoidi dai fiori secchi (fiore di cannabis) della pianta di [&hellip;]<\/p>\n","protected":false},"author":3,"featured_media":160487,"parent":144213,"menu_order":0,"comment_status":"closed","ping_status":"closed","template":"","meta":{"footnotes":""},"class_list":["post-47142","page","type-page","status-publish","has-post-thumbnail","hentry"],"yoast_head":"<!-- This site is optimized with the Yoast SEO plugin v27.3 - https:\/\/yoast.com\/product\/yoast-seo-wordpress\/ -->\n<title>Olio a base di cannabis per uso medicinale<\/title>\n<meta name=\"description\" content=\"L&#039;olio di cannabis viene solitamente preparato per la somministrazione orale sublinguale.\" \/>\n<meta name=\"robots\" content=\"index, follow, max-snippet:-1, max-image-preview:large, max-video-preview:-1\" \/>\n<link rel=\"canonical\" href=\"https:\/\/bedrocan.com\/it\/professionista-sanitario\/olio-di-cannabis\/\" \/>\n<meta property=\"og:locale\" content=\"it_IT\" \/>\n<meta property=\"og:type\" content=\"article\" \/>\n<meta property=\"og:title\" content=\"Olio a base di cannabis per uso medicinale\" \/>\n<meta property=\"og:description\" content=\"L&#039;olio di cannabis viene solitamente preparato per la somministrazione orale sublinguale.\" \/>\n<meta property=\"og:url\" content=\"https:\/\/bedrocan.com\/it\/professionista-sanitario\/olio-di-cannabis\/\" \/>\n<meta property=\"og:site_name\" content=\"Bedrocan\" \/>\n<meta property=\"article:publisher\" content=\"https:\/\/www.facebook.com\/Bedrocan\" \/>\n<meta property=\"article:modified_time\" content=\"2025-06-19T12:02:33+00:00\" \/>\n<meta property=\"og:image\" content=\"https:\/\/bedrocan.com\/wp-content\/uploads\/cannabis-oil-medicinal-cannabis-by-bedrocan-12.png\" \/>\n\t<meta property=\"og:image:width\" content=\"1280\" \/>\n\t<meta property=\"og:image:height\" content=\"876\" \/>\n\t<meta property=\"og:image:type\" content=\"image\/png\" \/>\n<meta name=\"twitter:card\" content=\"summary_large_image\" \/>\n<meta name=\"twitter:label1\" content=\"Tempo di lettura stimato\" \/>\n\t<meta name=\"twitter:data1\" content=\"3 minuti\" \/>\n<script type=\"application\/ld+json\" class=\"yoast-schema-graph\">{\"@context\":\"https:\\\/\\\/schema.org\",\"@graph\":[{\"@type\":\"WebPage\",\"@id\":\"https:\\\/\\\/bedrocan.com\\\/it\\\/professionista-sanitario\\\/olio-di-cannabis\\\/\",\"url\":\"https:\\\/\\\/bedrocan.com\\\/it\\\/professionista-sanitario\\\/olio-di-cannabis\\\/\",\"name\":\"Olio a base di cannabis per uso medicinale\",\"isPartOf\":{\"@id\":\"https:\\\/\\\/bedrocan.com\\\/it\\\/#website\"},\"primaryImageOfPage\":{\"@id\":\"https:\\\/\\\/bedrocan.com\\\/it\\\/professionista-sanitario\\\/olio-di-cannabis\\\/#primaryimage\"},\"image\":{\"@id\":\"https:\\\/\\\/bedrocan.com\\\/it\\\/professionista-sanitario\\\/olio-di-cannabis\\\/#primaryimage\"},\"thumbnailUrl\":\"https:\\\/\\\/bedrocan.com\\\/wp-content\\\/uploads\\\/cannabis-oil-medicinal-cannabis-by-bedrocan-12.png\",\"datePublished\":\"2021-01-13T07:30:32+00:00\",\"dateModified\":\"2025-06-19T12:02:33+00:00\",\"description\":\"L'olio di cannabis viene solitamente preparato per la somministrazione orale sublinguale.\",\"breadcrumb\":{\"@id\":\"https:\\\/\\\/bedrocan.com\\\/it\\\/professionista-sanitario\\\/olio-di-cannabis\\\/#breadcrumb\"},\"inLanguage\":\"it-IT\",\"potentialAction\":[{\"@type\":\"ReadAction\",\"target\":[\"https:\\\/\\\/bedrocan.com\\\/it\\\/professionista-sanitario\\\/olio-di-cannabis\\\/\"]}]},{\"@type\":\"ImageObject\",\"inLanguage\":\"it-IT\",\"@id\":\"https:\\\/\\\/bedrocan.com\\\/it\\\/professionista-sanitario\\\/olio-di-cannabis\\\/#primaryimage\",\"url\":\"https:\\\/\\\/bedrocan.com\\\/wp-content\\\/uploads\\\/cannabis-oil-medicinal-cannabis-by-bedrocan-12.png\",\"contentUrl\":\"https:\\\/\\\/bedrocan.com\\\/wp-content\\\/uploads\\\/cannabis-oil-medicinal-cannabis-by-bedrocan-12.png\",\"width\":1280,\"height\":876,\"caption\":\"Cannabis oil, THC oil or CBD oil made from cannabis flower\"},{\"@type\":\"BreadcrumbList\",\"@id\":\"https:\\\/\\\/bedrocan.com\\\/it\\\/professionista-sanitario\\\/olio-di-cannabis\\\/#breadcrumb\",\"itemListElement\":[{\"@type\":\"ListItem\",\"position\":1,\"name\":\"Home\",\"item\":\"https:\\\/\\\/bedrocan.com\\\/it\\\/\"},{\"@type\":\"ListItem\",\"position\":2,\"name\":\"Professionista sanitario\",\"item\":\"https:\\\/\\\/bedrocan.com\\\/it\\\/professionista-sanitario\\\/\"},{\"@type\":\"ListItem\",\"position\":3,\"name\":\"Olio di cannabis\"}]},{\"@type\":\"WebSite\",\"@id\":\"https:\\\/\\\/bedrocan.com\\\/it\\\/#website\",\"url\":\"https:\\\/\\\/bedrocan.com\\\/it\\\/\",\"name\":\"Bedrocan\",\"description\":\"medicinal cannabis\",\"publisher\":{\"@id\":\"https:\\\/\\\/bedrocan.com\\\/it\\\/#organization\"},\"potentialAction\":[{\"@type\":\"SearchAction\",\"target\":{\"@type\":\"EntryPoint\",\"urlTemplate\":\"https:\\\/\\\/bedrocan.com\\\/it\\\/?s={search_term_string}\"},\"query-input\":{\"@type\":\"PropertyValueSpecification\",\"valueRequired\":true,\"valueName\":\"search_term_string\"}}],\"inLanguage\":\"it-IT\"},{\"@type\":\"Organization\",\"@id\":\"https:\\\/\\\/bedrocan.com\\\/it\\\/#organization\",\"name\":\"Bedrocan\",\"url\":\"https:\\\/\\\/bedrocan.com\\\/it\\\/\",\"logo\":{\"@type\":\"ImageObject\",\"inLanguage\":\"it-IT\",\"@id\":\"https:\\\/\\\/bedrocan.com\\\/it\\\/#\\\/schema\\\/logo\\\/image\\\/\",\"url\":\"https:\\\/\\\/bedrocan.com\\\/wp-content\\\/uploads\\\/logo-bedrocan-mail.png\",\"contentUrl\":\"https:\\\/\\\/bedrocan.com\\\/wp-content\\\/uploads\\\/logo-bedrocan-mail.png\",\"width\":185,\"height\":31,\"caption\":\"Bedrocan\"},\"image\":{\"@id\":\"https:\\\/\\\/bedrocan.com\\\/it\\\/#\\\/schema\\\/logo\\\/image\\\/\"},\"sameAs\":[\"https:\\\/\\\/www.facebook.com\\\/Bedrocan\",\"https:\\\/\\\/www.linkedin.com\\\/company\\\/bedrocan\\\/\",\"https:\\\/\\\/www.instagram.com\\\/bedrocan_international\\\/\"]}]}<\/script>\n<!-- \/ Yoast SEO plugin. -->","yoast_head_json":{"title":"Olio a base di cannabis per uso medicinale","description":"L'olio di cannabis viene solitamente preparato per la somministrazione orale sublinguale.","robots":{"index":"index","follow":"follow","max-snippet":"max-snippet:-1","max-image-preview":"max-image-preview:large","max-video-preview":"max-video-preview:-1"},"canonical":"https:\/\/bedrocan.com\/it\/professionista-sanitario\/olio-di-cannabis\/","og_locale":"it_IT","og_type":"article","og_title":"Olio a base di cannabis per uso medicinale","og_description":"L'olio di cannabis viene solitamente preparato per la somministrazione orale sublinguale.","og_url":"https:\/\/bedrocan.com\/it\/professionista-sanitario\/olio-di-cannabis\/","og_site_name":"Bedrocan","article_publisher":"https:\/\/www.facebook.com\/Bedrocan","article_modified_time":"2025-06-19T12:02:33+00:00","og_image":[{"width":1280,"height":876,"url":"https:\/\/bedrocan.com\/wp-content\/uploads\/cannabis-oil-medicinal-cannabis-by-bedrocan-12.png","type":"image\/png"}],"twitter_card":"summary_large_image","twitter_misc":{"Tempo di lettura stimato":"3 minuti"},"schema":{"@context":"https:\/\/schema.org","@graph":[{"@type":"WebPage","@id":"https:\/\/bedrocan.com\/it\/professionista-sanitario\/olio-di-cannabis\/","url":"https:\/\/bedrocan.com\/it\/professionista-sanitario\/olio-di-cannabis\/","name":"Olio a base di cannabis per uso medicinale","isPartOf":{"@id":"https:\/\/bedrocan.com\/it\/#website"},"primaryImageOfPage":{"@id":"https:\/\/bedrocan.com\/it\/professionista-sanitario\/olio-di-cannabis\/#primaryimage"},"image":{"@id":"https:\/\/bedrocan.com\/it\/professionista-sanitario\/olio-di-cannabis\/#primaryimage"},"thumbnailUrl":"https:\/\/bedrocan.com\/wp-content\/uploads\/cannabis-oil-medicinal-cannabis-by-bedrocan-12.png","datePublished":"2021-01-13T07:30:32+00:00","dateModified":"2025-06-19T12:02:33+00:00","description":"L'olio di cannabis viene solitamente preparato per la somministrazione orale sublinguale.","breadcrumb":{"@id":"https:\/\/bedrocan.com\/it\/professionista-sanitario\/olio-di-cannabis\/#breadcrumb"},"inLanguage":"it-IT","potentialAction":[{"@type":"ReadAction","target":["https:\/\/bedrocan.com\/it\/professionista-sanitario\/olio-di-cannabis\/"]}]},{"@type":"ImageObject","inLanguage":"it-IT","@id":"https:\/\/bedrocan.com\/it\/professionista-sanitario\/olio-di-cannabis\/#primaryimage","url":"https:\/\/bedrocan.com\/wp-content\/uploads\/cannabis-oil-medicinal-cannabis-by-bedrocan-12.png","contentUrl":"https:\/\/bedrocan.com\/wp-content\/uploads\/cannabis-oil-medicinal-cannabis-by-bedrocan-12.png","width":1280,"height":876,"caption":"Cannabis oil, THC oil or CBD oil made from cannabis flower"},{"@type":"BreadcrumbList","@id":"https:\/\/bedrocan.com\/it\/professionista-sanitario\/olio-di-cannabis\/#breadcrumb","itemListElement":[{"@type":"ListItem","position":1,"name":"Home","item":"https:\/\/bedrocan.com\/it\/"},{"@type":"ListItem","position":2,"name":"Professionista sanitario","item":"https:\/\/bedrocan.com\/it\/professionista-sanitario\/"},{"@type":"ListItem","position":3,"name":"Olio di cannabis"}]},{"@type":"WebSite","@id":"https:\/\/bedrocan.com\/it\/#website","url":"https:\/\/bedrocan.com\/it\/","name":"Bedrocan","description":"medicinal cannabis","publisher":{"@id":"https:\/\/bedrocan.com\/it\/#organization"},"potentialAction":[{"@type":"SearchAction","target":{"@type":"EntryPoint","urlTemplate":"https:\/\/bedrocan.com\/it\/?s={search_term_string}"},"query-input":{"@type":"PropertyValueSpecification","valueRequired":true,"valueName":"search_term_string"}}],"inLanguage":"it-IT"},{"@type":"Organization","@id":"https:\/\/bedrocan.com\/it\/#organization","name":"Bedrocan","url":"https:\/\/bedrocan.com\/it\/","logo":{"@type":"ImageObject","inLanguage":"it-IT","@id":"https:\/\/bedrocan.com\/it\/#\/schema\/logo\/image\/","url":"https:\/\/bedrocan.com\/wp-content\/uploads\/logo-bedrocan-mail.png","contentUrl":"https:\/\/bedrocan.com\/wp-content\/uploads\/logo-bedrocan-mail.png","width":185,"height":31,"caption":"Bedrocan"},"image":{"@id":"https:\/\/bedrocan.com\/it\/#\/schema\/logo\/image\/"},"sameAs":["https:\/\/www.facebook.com\/Bedrocan","https:\/\/www.linkedin.com\/company\/bedrocan\/","https:\/\/www.instagram.com\/bedrocan_international\/"]}]}},"_links":{"self":[{"href":"https:\/\/bedrocan.com\/it\/wp-json\/wp\/v2\/pages\/47142","targetHints":{"allow":["GET"]}}],"collection":[{"href":"https:\/\/bedrocan.com\/it\/wp-json\/wp\/v2\/pages"}],"about":[{"href":"https:\/\/bedrocan.com\/it\/wp-json\/wp\/v2\/types\/page"}],"author":[{"embeddable":true,"href":"https:\/\/bedrocan.com\/it\/wp-json\/wp\/v2\/users\/3"}],"replies":[{"embeddable":true,"href":"https:\/\/bedrocan.com\/it\/wp-json\/wp\/v2\/comments?post=47142"}],"version-history":[{"count":5,"href":"https:\/\/bedrocan.com\/it\/wp-json\/wp\/v2\/pages\/47142\/revisions"}],"predecessor-version":[{"id":203426,"href":"https:\/\/bedrocan.com\/it\/wp-json\/wp\/v2\/pages\/47142\/revisions\/203426"}],"up":[{"embeddable":true,"href":"https:\/\/bedrocan.com\/it\/wp-json\/wp\/v2\/pages\/144213"}],"wp:featuredmedia":[{"embeddable":true,"href":"https:\/\/bedrocan.com\/it\/wp-json\/wp\/v2\/media\/160487"}],"wp:attachment":[{"href":"https:\/\/bedrocan.com\/it\/wp-json\/wp\/v2\/media?parent=47142"}],"curies":[{"name":"wp","href":"https:\/\/api.w.org\/{rel}","templated":true}]}}