{"id":47383,"date":"2020-11-24T16:43:01","date_gmt":"2020-11-24T15:43:01","guid":{"rendered":"http:\/\/bedrocan.com\/prodotti\/api-raw-materials\/"},"modified":"2025-07-14T12:11:13","modified_gmt":"2025-07-14T10:11:13","slug":"api-e-materie-prime","status":"publish","type":"page","link":"https:\/\/bedrocan.com\/it\/prodotti-di-cannabis\/api-e-materie-prime\/","title":{"rendered":"API e materie prime"},"content":{"rendered":"<div class=\"wpb-content-wrapper\">[mk_page_section bg_image=&#8221;http:\/\/bedrocan.com\/wp-content\/uploads\/female-cannabis-flower-with-trichomes-bedrocan-.jpg&#8221; bg_position=&#8221;center center&#8221; bg_repeat=&#8221;no-repeat&#8221; bg_stretch=&#8221;true&#8221; min_height=&#8221;300&#8243; full_width=&#8221;true&#8221; top_shape_color=&#8221;#ffffff&#8221; bottom_shape_color=&#8221;#ffffff&#8221; visibility=&#8221;hidden-sm&#8221; sidebar=&#8221;sidebar-1&#8243;][vc_column][\/vc_column][\/mk_page_section][vc_row][vc_column][vc_empty_space height=&#8221;45px&#8221;][vc_column_text css=&#8221;.vc_custom_1610636039934{margin-bottom: 0px !important;}&#8221;]\n<h1>API e materie prime<\/h1>\n[\/vc_column_text][vc_separator color=&#8221;custom&#8221; align=&#8221;align_left&#8221; border_width=&#8221;5&#8243; el_width=&#8221;10&#8243; css=&#8221;.vc_custom_1468403515259{margin-top: -10px !important;margin-bottom: 10px !important;}&#8221; accent_color=&#8221;#008752&#8243;][\/vc_column][\/vc_row][vc_row][vc_column][mk_padding_divider][vc_column_text css=&#8221;.vc_custom_1750427137814{margin-bottom: 0px !important;}&#8221;]Bedrocan \u00e8 l&#8217;unica azienda al mondo con la comprovata capacit\u00e0 di produrre fiori di cannabis standardizzati (fiore intero essiccato) come API (principio attivo farmaceutico). Attraverso una combinazione di genetica vegetale stabile e tecniche di produzione automatizzate ad alta tecnologia Bedrocan \u00e8 in grado di coltivare variet\u00e0 contenenti livelli costanti di cannabinoidi e terpeni.<\/p>\n<h2>Fiore o formato industriale<\/h2>\n<p>Tutti i\u00a0<a href=\"https:\/\/bedrocan.com\/it\/prodotti-di-cannabis\/\">prodotti Bedrocan<\/a>\u00a0sono disponibili in versione integrale, come fiore essiccato e in formato industriale. Le variet\u00e0 sotto forma di fiore essiccato possono essere utilizzate come materia prima per lo sviluppo di prodotti farmaceutici o come API. Il formato industriale pu\u00f2 essere utilizzato come materia prima per lo sviluppo di prodotti farmaceutici.<\/p>\n<h2>API &#8211; Tricomi in polvere<\/h2>\n<p>Bedrocan \u00e8 anche in grado di fornire le cinque variet\u00e0, previa autorizzazione regolamentare, come estratti secchi o <a href=\"https:\/\/en.wikipedia.org\/wiki\/Trichome\" target=\"_blank\" rel=\"noopener\">tricomi<\/a>\u00a0in polvere. I tricomi in polvere possono essere utilizzati come API per la produzione di isolati di THC o CBD e di olio di cannabis a spettro completo. Grazie alle sue alte concentrazioni, l&#8217;uso della polvere \u00e8 molto pi\u00f9 efficienteper i produttori di un prodotto finale rispetto all&#8217;uso dell&#8217;intero fiore di cannabis come materiale di partenza, che comprende sia i tricomi che la materiale vegetale. Inoltre, l&#8217;olio preparato con questa polvere \u00e8 molto pi\u00f9 pulito rispetto a quello che \u00e8 ora disponibile nelle farmacie di compounding, poich\u00e9 durante il processo di estrazione non vengono utilizzati materiali vegetali e solventi.[\/vc_column_text][mk_padding_divider][\/vc_column][\/vc_row][vc_row][vc_column][mk_padding_divider][vc_column_text css=&#8221;.vc_custom_1752487776588{margin-bottom: 0px !important;}&#8221;]\n<h2>Richiedi informazioni<\/h2>\n[\/vc_column_text][vc_column_text css=&#8221;.vc_custom_1752487792572{margin-bottom: 0px !important;}&#8221;]Vuoi sapere come ordinare questi prodotti? Contatta il nostro team commerciale:[\/vc_column_text]\n<div class=\"wpcf7 no-js\" id=\"wpcf7-f204274-o1\" lang=\"en-US\" dir=\"ltr\" data-wpcf7-id=\"204274\">\n<div class=\"screen-reader-response\"><p role=\"status\" aria-live=\"polite\" aria-atomic=\"true\"><\/p> <ul><\/ul><\/div>\n<form action=\"\/it\/wp-json\/wp\/v2\/pages\/47383#wpcf7-f204274-o1\" method=\"post\" class=\"wpcf7-form init\" aria-label=\"Contact form\" novalidate=\"novalidate\" data-status=\"init\">\n<fieldset class=\"hidden-fields-container\"><input type=\"hidden\" name=\"_wpcf7\" value=\"204274\" \/><input type=\"hidden\" name=\"_wpcf7_version\" value=\"6.1.5\" \/><input type=\"hidden\" name=\"_wpcf7_locale\" value=\"en_US\" \/><input type=\"hidden\" name=\"_wpcf7_unit_tag\" value=\"wpcf7-f204274-o1\" \/><input type=\"hidden\" name=\"_wpcf7_container_post\" value=\"0\" \/><input type=\"hidden\" name=\"_wpcf7_posted_data_hash\" value=\"\" \/><input type=\"hidden\" name=\"_wpcf7_recaptcha_response\" value=\"\" \/>\n<\/fieldset>\n<p>Nome <span style=\"color:#a00;\">*<\/span>\n<\/p>\n<p><span class=\"wpcf7-form-control-wrap\" data-name=\"your-name\"><input size=\"40\" maxlength=\"400\" class=\"wpcf7-form-control wpcf7-text wpcf7-validates-as-required\" aria-required=\"true\" aria-invalid=\"false\" value=\"\" type=\"text\" name=\"your-name\" \/><\/span>\n<\/p>\n<p>Email <span style=\"color:#a00;\">*<\/span>\n<\/p>\n<p><span class=\"wpcf7-form-control-wrap\" data-name=\"your-email\"><input size=\"40\" maxlength=\"400\" class=\"wpcf7-form-control wpcf7-email wpcf7-validates-as-required wpcf7-text wpcf7-validates-as-email\" aria-required=\"true\" aria-invalid=\"false\" value=\"\" type=\"email\" name=\"your-email\" \/><\/span>\n<\/p>\n<p>Soggetto\n<\/p>\n<p><span class=\"wpcf7-form-control-wrap\" data-name=\"your-subject\"><input size=\"40\" maxlength=\"400\" class=\"wpcf7-form-control wpcf7-text\" aria-invalid=\"false\" value=\"\" type=\"text\" name=\"your-subject\" \/><\/span>\n<\/p>\n<p>Commenti\n<\/p>\n<p><span class=\"wpcf7-form-control-wrap\" data-name=\"your-message\"><textarea cols=\"40\" rows=\"10\" maxlength=\"2000\" class=\"wpcf7-form-control wpcf7-textarea\" aria-invalid=\"false\" name=\"your-message\"><\/textarea><\/span>\n<\/p>\n<p>Informativa sulla privacy <span style=\"color:#a00;\">*<\/span>\n<\/p>\n<p><span class=\"wpcf7-form-control-wrap\" data-name=\"acceptance-897\"><span class=\"wpcf7-form-control wpcf7-acceptance\"><span class=\"wpcf7-list-item\"><label><input type=\"checkbox\" name=\"acceptance-897\" value=\"1\" aria-invalid=\"false\" \/><span class=\"wpcf7-list-item-label\">Facendo clic sul pulsante Invia accetti l' <a href=\"http:\/\/bedrocan.com\/it\/contattaci\/informativa-sulla-privacy\/\" target=\"_blank\">informativa sulla privacy di Bedrocan.<\/span><\/label><\/span><\/span><\/span>\n<\/p>\n<p><input class=\"wpcf7-form-control wpcf7-submit has-spinner\" type=\"submit\" value=\"Invia\" \/>\n<\/p>\n<p><span style=\"color:#a00;\">* richiesto<\/span>\n<\/p><p style=\"display: none !important;\" class=\"akismet-fields-container\" data-prefix=\"_wpcf7_ak_\"><label>&#916;<textarea name=\"_wpcf7_ak_hp_textarea\" cols=\"45\" rows=\"8\" maxlength=\"100\"><\/textarea><\/label><input type=\"hidden\" id=\"ak_js_1\" name=\"_wpcf7_ak_js\" value=\"184\"\/><script>document.getElementById( \"ak_js_1\" ).setAttribute( \"value\", ( new Date() ).getTime() );<\/script><\/p><div class=\"wpcf7-response-output\" aria-hidden=\"true\"><\/div>\n<\/form>\n<\/div>\n[mk_padding_divider][\/vc_column][\/vc_row]\n<\/div>","protected":false},"excerpt":{"rendered":"<p>[mk_page_section bg_image=&#8221;http:\/\/bedrocan.com\/wp-content\/uploads\/female-cannabis-flower-with-trichomes-bedrocan-.jpg&#8221; bg_position=&#8221;center center&#8221; bg_repeat=&#8221;no-repeat&#8221; bg_stretch=&#8221;true&#8221; min_height=&#8221;300&#8243; full_width=&#8221;true&#8221; top_shape_color=&#8221;#ffffff&#8221; bottom_shape_color=&#8221;#ffffff&#8221; visibility=&#8221;hidden-sm&#8221; sidebar=&#8221;sidebar-1&#8243;][vc_column][\/vc_column][\/mk_page_section][vc_row][vc_column][vc_empty_space height=&#8221;45px&#8221;][vc_column_text css=&#8221;.vc_custom_1610636039934{margin-bottom: 0px !important;}&#8221;] API e materie prime [\/vc_column_text][vc_separator color=&#8221;custom&#8221; align=&#8221;align_left&#8221; border_width=&#8221;5&#8243; el_width=&#8221;10&#8243; css=&#8221;.vc_custom_1468403515259{margin-top: -10px !important;margin-bottom: 10px !important;}&#8221; accent_color=&#8221;#008752&#8243;][\/vc_column][\/vc_row][vc_row][vc_column][mk_padding_divider][vc_column_text css=&#8221;.vc_custom_1750427137814{margin-bottom: 0px !important;}&#8221;]Bedrocan \u00e8 l&#8217;unica azienda al mondo con la comprovata capacit\u00e0 di produrre fiori di cannabis standardizzati (fiore intero essiccato) come API (principio [&hellip;]<\/p>\n","protected":false},"author":3,"featured_media":43377,"parent":8989,"menu_order":0,"comment_status":"closed","ping_status":"closed","template":"","meta":{"footnotes":""},"class_list":["post-47383","page","type-page","status-publish","has-post-thumbnail","hentry"],"yoast_head":"<!-- This site is optimized with the Yoast SEO plugin v27.3 - https:\/\/yoast.com\/product\/yoast-seo-wordpress\/ -->\n<title>(API) Principio attivo farmaceutico, cannabis di Bedrocan<\/title>\n<meta name=\"description\" content=\"Bedrocan produce cannabis standardizzata come (API) Principio attivo farmaceutico per soddisfare le esigenze delle aziende farmaceutiche.\" \/>\n<meta name=\"robots\" content=\"index, follow, max-snippet:-1, max-image-preview:large, max-video-preview:-1\" \/>\n<link rel=\"canonical\" href=\"https:\/\/bedrocan.com\/it\/prodotti-di-cannabis\/api-e-materie-prime\/\" \/>\n<meta property=\"og:locale\" content=\"it_IT\" \/>\n<meta property=\"og:type\" content=\"article\" \/>\n<meta property=\"og:title\" content=\"(API) Principio attivo farmaceutico, cannabis di Bedrocan\" \/>\n<meta property=\"og:description\" content=\"Bedrocan produce cannabis standardizzata come (API) Principio attivo farmaceutico per soddisfare le esigenze delle aziende farmaceutiche.\" \/>\n<meta property=\"og:url\" content=\"https:\/\/bedrocan.com\/it\/prodotti-di-cannabis\/api-e-materie-prime\/\" \/>\n<meta property=\"og:site_name\" content=\"Bedrocan\" \/>\n<meta property=\"article:publisher\" content=\"https:\/\/www.facebook.com\/Bedrocan\" \/>\n<meta property=\"article:modified_time\" content=\"2025-07-14T10:11:13+00:00\" \/>\n<meta property=\"og:image\" content=\"https:\/\/bedrocan.com\/wp-content\/uploads\/cannabis-flos_lr-36.jpg\" \/>\n\t<meta property=\"og:image:width\" content=\"900\" \/>\n\t<meta property=\"og:image:height\" content=\"1350\" \/>\n\t<meta property=\"og:image:type\" content=\"image\/jpeg\" \/>\n<meta name=\"twitter:card\" content=\"summary_large_image\" \/>\n<meta name=\"twitter:label1\" content=\"Tempo di lettura stimato\" \/>\n\t<meta name=\"twitter:data1\" content=\"2 minuti\" \/>\n<script type=\"application\/ld+json\" class=\"yoast-schema-graph\">{\"@context\":\"https:\\\/\\\/schema.org\",\"@graph\":[{\"@type\":\"WebPage\",\"@id\":\"https:\\\/\\\/bedrocan.com\\\/it\\\/prodotti-di-cannabis\\\/api-e-materie-prime\\\/\",\"url\":\"https:\\\/\\\/bedrocan.com\\\/it\\\/prodotti-di-cannabis\\\/api-e-materie-prime\\\/\",\"name\":\"(API) Principio attivo farmaceutico, cannabis di Bedrocan\",\"isPartOf\":{\"@id\":\"https:\\\/\\\/bedrocan.com\\\/it\\\/#website\"},\"primaryImageOfPage\":{\"@id\":\"https:\\\/\\\/bedrocan.com\\\/it\\\/prodotti-di-cannabis\\\/api-e-materie-prime\\\/#primaryimage\"},\"image\":{\"@id\":\"https:\\\/\\\/bedrocan.com\\\/it\\\/prodotti-di-cannabis\\\/api-e-materie-prime\\\/#primaryimage\"},\"thumbnailUrl\":\"https:\\\/\\\/bedrocan.com\\\/wp-content\\\/uploads\\\/cannabis-flos_lr-36.jpg\",\"datePublished\":\"2020-11-24T15:43:01+00:00\",\"dateModified\":\"2025-07-14T10:11:13+00:00\",\"description\":\"Bedrocan produce cannabis standardizzata come (API) Principio attivo farmaceutico per soddisfare le esigenze delle aziende farmaceutiche.\",\"breadcrumb\":{\"@id\":\"https:\\\/\\\/bedrocan.com\\\/it\\\/prodotti-di-cannabis\\\/api-e-materie-prime\\\/#breadcrumb\"},\"inLanguage\":\"it-IT\",\"potentialAction\":[{\"@type\":\"ReadAction\",\"target\":[\"https:\\\/\\\/bedrocan.com\\\/it\\\/prodotti-di-cannabis\\\/api-e-materie-prime\\\/\"]}]},{\"@type\":\"ImageObject\",\"inLanguage\":\"it-IT\",\"@id\":\"https:\\\/\\\/bedrocan.com\\\/it\\\/prodotti-di-cannabis\\\/api-e-materie-prime\\\/#primaryimage\",\"url\":\"https:\\\/\\\/bedrocan.com\\\/wp-content\\\/uploads\\\/cannabis-flos_lr-36.jpg\",\"contentUrl\":\"https:\\\/\\\/bedrocan.com\\\/wp-content\\\/uploads\\\/cannabis-flos_lr-36.jpg\",\"width\":900,\"height\":1350,\"caption\":\"Cannabis come API - principio attivo farmaceutico\"},{\"@type\":\"BreadcrumbList\",\"@id\":\"https:\\\/\\\/bedrocan.com\\\/it\\\/prodotti-di-cannabis\\\/api-e-materie-prime\\\/#breadcrumb\",\"itemListElement\":[{\"@type\":\"ListItem\",\"position\":1,\"name\":\"Home\",\"item\":\"https:\\\/\\\/bedrocan.com\\\/it\\\/\"},{\"@type\":\"ListItem\",\"position\":2,\"name\":\"Prodotti\",\"item\":\"https:\\\/\\\/bedrocan.com\\\/it\\\/prodotti-di-cannabis\\\/\"},{\"@type\":\"ListItem\",\"position\":3,\"name\":\"API e materie prime\"}]},{\"@type\":\"WebSite\",\"@id\":\"https:\\\/\\\/bedrocan.com\\\/it\\\/#website\",\"url\":\"https:\\\/\\\/bedrocan.com\\\/it\\\/\",\"name\":\"Bedrocan\",\"description\":\"medicinal cannabis\",\"publisher\":{\"@id\":\"https:\\\/\\\/bedrocan.com\\\/it\\\/#organization\"},\"potentialAction\":[{\"@type\":\"SearchAction\",\"target\":{\"@type\":\"EntryPoint\",\"urlTemplate\":\"https:\\\/\\\/bedrocan.com\\\/it\\\/?s={search_term_string}\"},\"query-input\":{\"@type\":\"PropertyValueSpecification\",\"valueRequired\":true,\"valueName\":\"search_term_string\"}}],\"inLanguage\":\"it-IT\"},{\"@type\":\"Organization\",\"@id\":\"https:\\\/\\\/bedrocan.com\\\/it\\\/#organization\",\"name\":\"Bedrocan\",\"url\":\"https:\\\/\\\/bedrocan.com\\\/it\\\/\",\"logo\":{\"@type\":\"ImageObject\",\"inLanguage\":\"it-IT\",\"@id\":\"https:\\\/\\\/bedrocan.com\\\/it\\\/#\\\/schema\\\/logo\\\/image\\\/\",\"url\":\"https:\\\/\\\/bedrocan.com\\\/wp-content\\\/uploads\\\/logo-bedrocan-mail.png\",\"contentUrl\":\"https:\\\/\\\/bedrocan.com\\\/wp-content\\\/uploads\\\/logo-bedrocan-mail.png\",\"width\":185,\"height\":31,\"caption\":\"Bedrocan\"},\"image\":{\"@id\":\"https:\\\/\\\/bedrocan.com\\\/it\\\/#\\\/schema\\\/logo\\\/image\\\/\"},\"sameAs\":[\"https:\\\/\\\/www.facebook.com\\\/Bedrocan\",\"https:\\\/\\\/www.linkedin.com\\\/company\\\/bedrocan\\\/\",\"https:\\\/\\\/www.instagram.com\\\/bedrocan_international\\\/\"]}]}<\/script>\n<!-- \/ Yoast SEO plugin. -->","yoast_head_json":{"title":"(API) Principio attivo farmaceutico, cannabis di Bedrocan","description":"Bedrocan produce cannabis standardizzata come (API) Principio attivo farmaceutico per soddisfare le esigenze delle aziende farmaceutiche.","robots":{"index":"index","follow":"follow","max-snippet":"max-snippet:-1","max-image-preview":"max-image-preview:large","max-video-preview":"max-video-preview:-1"},"canonical":"https:\/\/bedrocan.com\/it\/prodotti-di-cannabis\/api-e-materie-prime\/","og_locale":"it_IT","og_type":"article","og_title":"(API) Principio attivo farmaceutico, cannabis di Bedrocan","og_description":"Bedrocan produce cannabis standardizzata come (API) Principio attivo farmaceutico per soddisfare le esigenze delle aziende farmaceutiche.","og_url":"https:\/\/bedrocan.com\/it\/prodotti-di-cannabis\/api-e-materie-prime\/","og_site_name":"Bedrocan","article_publisher":"https:\/\/www.facebook.com\/Bedrocan","article_modified_time":"2025-07-14T10:11:13+00:00","og_image":[{"width":900,"height":1350,"url":"https:\/\/bedrocan.com\/wp-content\/uploads\/cannabis-flos_lr-36.jpg","type":"image\/jpeg"}],"twitter_card":"summary_large_image","twitter_misc":{"Tempo di lettura stimato":"2 minuti"},"schema":{"@context":"https:\/\/schema.org","@graph":[{"@type":"WebPage","@id":"https:\/\/bedrocan.com\/it\/prodotti-di-cannabis\/api-e-materie-prime\/","url":"https:\/\/bedrocan.com\/it\/prodotti-di-cannabis\/api-e-materie-prime\/","name":"(API) Principio attivo farmaceutico, cannabis di Bedrocan","isPartOf":{"@id":"https:\/\/bedrocan.com\/it\/#website"},"primaryImageOfPage":{"@id":"https:\/\/bedrocan.com\/it\/prodotti-di-cannabis\/api-e-materie-prime\/#primaryimage"},"image":{"@id":"https:\/\/bedrocan.com\/it\/prodotti-di-cannabis\/api-e-materie-prime\/#primaryimage"},"thumbnailUrl":"https:\/\/bedrocan.com\/wp-content\/uploads\/cannabis-flos_lr-36.jpg","datePublished":"2020-11-24T15:43:01+00:00","dateModified":"2025-07-14T10:11:13+00:00","description":"Bedrocan produce cannabis standardizzata come (API) Principio attivo farmaceutico per soddisfare le esigenze delle aziende farmaceutiche.","breadcrumb":{"@id":"https:\/\/bedrocan.com\/it\/prodotti-di-cannabis\/api-e-materie-prime\/#breadcrumb"},"inLanguage":"it-IT","potentialAction":[{"@type":"ReadAction","target":["https:\/\/bedrocan.com\/it\/prodotti-di-cannabis\/api-e-materie-prime\/"]}]},{"@type":"ImageObject","inLanguage":"it-IT","@id":"https:\/\/bedrocan.com\/it\/prodotti-di-cannabis\/api-e-materie-prime\/#primaryimage","url":"https:\/\/bedrocan.com\/wp-content\/uploads\/cannabis-flos_lr-36.jpg","contentUrl":"https:\/\/bedrocan.com\/wp-content\/uploads\/cannabis-flos_lr-36.jpg","width":900,"height":1350,"caption":"Cannabis come API - principio attivo farmaceutico"},{"@type":"BreadcrumbList","@id":"https:\/\/bedrocan.com\/it\/prodotti-di-cannabis\/api-e-materie-prime\/#breadcrumb","itemListElement":[{"@type":"ListItem","position":1,"name":"Home","item":"https:\/\/bedrocan.com\/it\/"},{"@type":"ListItem","position":2,"name":"Prodotti","item":"https:\/\/bedrocan.com\/it\/prodotti-di-cannabis\/"},{"@type":"ListItem","position":3,"name":"API e materie prime"}]},{"@type":"WebSite","@id":"https:\/\/bedrocan.com\/it\/#website","url":"https:\/\/bedrocan.com\/it\/","name":"Bedrocan","description":"medicinal cannabis","publisher":{"@id":"https:\/\/bedrocan.com\/it\/#organization"},"potentialAction":[{"@type":"SearchAction","target":{"@type":"EntryPoint","urlTemplate":"https:\/\/bedrocan.com\/it\/?s={search_term_string}"},"query-input":{"@type":"PropertyValueSpecification","valueRequired":true,"valueName":"search_term_string"}}],"inLanguage":"it-IT"},{"@type":"Organization","@id":"https:\/\/bedrocan.com\/it\/#organization","name":"Bedrocan","url":"https:\/\/bedrocan.com\/it\/","logo":{"@type":"ImageObject","inLanguage":"it-IT","@id":"https:\/\/bedrocan.com\/it\/#\/schema\/logo\/image\/","url":"https:\/\/bedrocan.com\/wp-content\/uploads\/logo-bedrocan-mail.png","contentUrl":"https:\/\/bedrocan.com\/wp-content\/uploads\/logo-bedrocan-mail.png","width":185,"height":31,"caption":"Bedrocan"},"image":{"@id":"https:\/\/bedrocan.com\/it\/#\/schema\/logo\/image\/"},"sameAs":["https:\/\/www.facebook.com\/Bedrocan","https:\/\/www.linkedin.com\/company\/bedrocan\/","https:\/\/www.instagram.com\/bedrocan_international\/"]}]}},"_links":{"self":[{"href":"https:\/\/bedrocan.com\/it\/wp-json\/wp\/v2\/pages\/47383","targetHints":{"allow":["GET"]}}],"collection":[{"href":"https:\/\/bedrocan.com\/it\/wp-json\/wp\/v2\/pages"}],"about":[{"href":"https:\/\/bedrocan.com\/it\/wp-json\/wp\/v2\/types\/page"}],"author":[{"embeddable":true,"href":"https:\/\/bedrocan.com\/it\/wp-json\/wp\/v2\/users\/3"}],"replies":[{"embeddable":true,"href":"https:\/\/bedrocan.com\/it\/wp-json\/wp\/v2\/comments?post=47383"}],"version-history":[{"count":19,"href":"https:\/\/bedrocan.com\/it\/wp-json\/wp\/v2\/pages\/47383\/revisions"}],"predecessor-version":[{"id":206197,"href":"https:\/\/bedrocan.com\/it\/wp-json\/wp\/v2\/pages\/47383\/revisions\/206197"}],"up":[{"embeddable":true,"href":"https:\/\/bedrocan.com\/it\/wp-json\/wp\/v2\/pages\/8989"}],"wp:featuredmedia":[{"embeddable":true,"href":"https:\/\/bedrocan.com\/it\/wp-json\/wp\/v2\/media\/43377"}],"wp:attachment":[{"href":"https:\/\/bedrocan.com\/it\/wp-json\/wp\/v2\/media?parent=47383"}],"curies":[{"name":"wp","href":"https:\/\/api.w.org\/{rel}","templated":true}]}}