{"id":8942,"date":"2021-04-03T10:57:25","date_gmt":"2021-04-03T08:57:25","guid":{"rendered":"http:\/\/bedrocan.com\/riguardo-a-noi\/our-method\/"},"modified":"2025-06-19T14:59:41","modified_gmt":"2025-06-19T12:59:41","slug":"il-nostro-metodo","status":"publish","type":"page","link":"https:\/\/bedrocan.com\/it\/chi-siamo\/il-nostro-metodo\/","title":{"rendered":"Il nostro metodo"},"content":{"rendered":"<div class=\"wpb-content-wrapper\">[mk_page_section bg_image=&#8221;http:\/\/bedrocan.com\/wp-content\/uploads\/verwerking-personeel-emmeloord-bedrocan-57.jpg&#8221; bg_position=&#8221;center center&#8221; bg_repeat=&#8221;no-repeat&#8221; bg_stretch=&#8221;true&#8221; min_height=&#8221;300&#8243; full_width=&#8221;true&#8221; top_shape_color=&#8221;#ffffff&#8221; bottom_shape_color=&#8221;#ffffff&#8221; visibility=&#8221;hidden-sm&#8221; sidebar=&#8221;sidebar-1&#8243;][vc_column][\/vc_column][\/mk_page_section][vc_row][vc_column][vc_empty_space height=&#8221;45px&#8221;][vc_column_text]\n<h1>Il nostro metodo<\/h1>\n[\/vc_column_text][vc_separator color=&#8221;custom&#8221; align=&#8221;align_left&#8221; border_width=&#8221;5&#8243; el_width=&#8221;10&#8243; accent_color=&#8221;#008752&#8243;][\/vc_column][\/vc_row][vc_row][vc_column][mk_padding_divider][vc_column_text css=&#8221;.vc_custom_1698832338049{margin-bottom: 0px !important;}&#8221;]\n<h2>Qualit\u00e0<\/h2>\n<p>Ci atteniamo agli standard di qualit\u00e0 pi\u00f9 elevati possibili. Durante l&#8217;intero processo di coltivazione e di lavorazione profondiamo il massimo impegno per garantire che i livelli di componenti funzionali (THC, CBD) siano costanti e che il prodotto non venga contaminato da microrganismi nocivi. Ogni lotto viene campionato individualmente e controllato in relazione alla presenza di pesticidi e metalli pesanti. Tali lotti vengono inoltre controllati per assicurarsi che soddisfino i livelli richiesti di componenti essenziali (THC, CBD). I test sono richiesti dal governo e vengono eseguiti da un laboratorio indipendente.[\/vc_column_text][\/vc_column][\/vc_row][vc_row equal_columns=&#8221;true&#8221;][vc_column width=&#8221;1\/3&#8243;][mk_image src=&#8221;http:\/\/bedrocan.com\/wp-content\/uploads\/bedrocan_motherplant.jpg&#8221;][\/vc_column][vc_column width=&#8221;1\/3&#8243;][mk_image src=&#8221;http:\/\/bedrocan.com\/wp-content\/uploads\/transplanting-medicinal-cannabis-by-bedrocan.jpg&#8221;][\/vc_column][vc_column width=&#8221;1\/3&#8243;][mk_image src=&#8221;http:\/\/bedrocan.com\/wp-content\/uploads\/bedrocan_growroom.jpg&#8221;][\/vc_column][\/vc_row][vc_row][vc_column][mk_padding_divider][vc_separator color=&#8221;custom&#8221; border_width=&#8221;3&#8243; accent_color=&#8221;#008752&#8243;][mk_padding_divider][vc_column_text css=&#8221;.vc_custom_1698832355722{margin-bottom: 0px !important;}&#8221;]\n<h2>Standardizzazione<\/h2>\n<p>Le persone con problemi di salute spesso non possono scegliere il prodotto medico pi\u00f9 efficace nel loro caso. Per questo motivo i farmaci che utilizziamo devono essere sicuri, efficaci e affidabili.<\/p>\n<p>Le normative assicurano che tutti i farmaci presentino livelli predefiniti di principi attivi e inquinanti, in modo tale da potere somministrare ai pazienti un determinato dosaggio in maniera affidabile volta per volta. In medicina, la caratteristica che indica se un farmaco soddisfa tali livelli \u00e8 detta \u201cqualit\u00e0.\u201d In un farmaco vegetale, questa omogeneit\u00e0 chimica lotto per lotto \u00e8 detta standardizzazione.<\/p>\n<p>La standardizzazione \u00e8 critica per i pazienti e per i medici, poich\u00e9 i farmaci disomogenei possono causare problemi. Essi possono interagire in maniera imprevedibile con altri farmaci, produrre effetti collaterali inattesi, accentuare problemi di salute gi\u00e0 presenti (o causarne di nuovi) o possono non avere l&#8217;effetto desiderato. I singoli che utilizzano cannabis non standardizzata a volte dichiarano di utilizzarne molte variet\u00e0 diverse prima di trovare quella efficace per loro. Questo pu\u00f2 essere in parte dovuto alla disomogeneit\u00e0 del prodotto che utilizzano.<\/p>\n<p>La standardizzazione permette di monitorare con certezza la sicurezza e l&#8217;efficacia della cannabis.<\/p>\n<p>La standardizzazione \u00e8 inoltre essenziale per la ricerca, poich\u00e9 se la composizione di un farmaco non \u00e8 omogenea, i risultati di studi diversi non possono essere confrontati tra loro. L&#8217;applicabilit\u00e0 della ricerca \u00e8 inoltre limitata se la composizione di un farmaco utilizzato nella ricerca non \u00e8 la stessa di quella utilizzata dai pazienti. Per questi motivi la standardizzazione \u00e8 necessaria nelle prove finalizzate a registrare un prodotto come farmaco.[\/vc_column_text][mk_padding_divider][\/vc_column][\/vc_row][vc_row equal_columns=&#8221;true&#8221;][vc_column width=&#8221;1\/3&#8243;][mk_image src=&#8221;http:\/\/bedrocan.com\/wp-content\/uploads\/bedrocan_processing_aboutus.jpg&#8221;][\/vc_column][vc_column width=&#8221;1\/3&#8243;][mk_image src=&#8221;http:\/\/bedrocan.com\/wp-content\/uploads\/bedrocan_processing_aboutus2.jpg&#8221;][\/vc_column][vc_column width=&#8221;1\/3&#8243;][mk_image src=&#8221;http:\/\/bedrocan.com\/wp-content\/uploads\/bedrocan_processing-aboutus3.jpg&#8221;][\/vc_column][\/vc_row][vc_row][vc_column][mk_padding_divider][vc_column_text css=&#8221;.vc_custom_1698832504472{margin-bottom: 0px !important;}&#8221;]\n<h2>GMP<\/h2>\n<p>La standardizzazione deve essere convalidata e comprovata. Le certificazioni di enti quali l&#8217;Organizzazione Internazionale per la Standardizzazione (ISO) o l&#8217;adesione alle Buone Pratiche di Produzione (<a href=\"https:\/\/bedrocan.com\/it\/chi-siamo\/standard-di-qualita\/\">GMP<\/a>) pu\u00f2 essere indice di produzione standardizzata. I criteri di standardizzazione sono sviluppati in maniera caratteristica e la conformit\u00e0 approvata dagli enti normativi a livello governativo. Ad esempio, i livelli di tolleranza per la cannabis standardizzata sono stati stabiliti dal ministero della Salute dei Paesi Bassi a +\/-20% del valore dichiarato di principi attivi THC, CBD e CBN per tre lotti consecutivi. Una volta standardizzati, i lotti non conformi ai livelli di tolleranza stabiliti non possono essere venduti.<\/p>\n<p>I farmaci vegetali vengono standardizzati solitamente diluendo (miscelando) parti della pianta con varie concentrazioni del composto desiderato, per raggiungere in un lotto o partita la concentrazione omogenea e predeterminata di composti entro i limiti definiti. Questo permette di avere una miscela base uniforme di parti di pianta.<\/p>\n<h2>Processo unico<\/h2>\n<p>Tuttavia, Bedrocan ha sviluppato un processo unico per standardizzare la cannabis in una forma completamente germogliata. Anzich\u00e9 miscelare le parti diverse della pianta, la standardizzazione si ottiene durante la coltivazione della pianta stessa. Il risultato \u00e8 un prodotto finale a base di cannabis completamente standardizzato nella sua forma originale germogliata.[\/vc_column_text][mk_padding_divider][\/vc_column][\/vc_row]\n<\/div>","protected":false},"excerpt":{"rendered":"<p>[mk_page_section bg_image=&#8221;http:\/\/bedrocan.com\/wp-content\/uploads\/verwerking-personeel-emmeloord-bedrocan-57.jpg&#8221; bg_position=&#8221;center center&#8221; bg_repeat=&#8221;no-repeat&#8221; bg_stretch=&#8221;true&#8221; min_height=&#8221;300&#8243; full_width=&#8221;true&#8221; top_shape_color=&#8221;#ffffff&#8221; bottom_shape_color=&#8221;#ffffff&#8221; visibility=&#8221;hidden-sm&#8221; sidebar=&#8221;sidebar-1&#8243;][vc_column][\/vc_column][\/mk_page_section][vc_row][vc_column][vc_empty_space height=&#8221;45px&#8221;][vc_column_text] Il nostro metodo [\/vc_column_text][vc_separator color=&#8221;custom&#8221; align=&#8221;align_left&#8221; border_width=&#8221;5&#8243; el_width=&#8221;10&#8243; accent_color=&#8221;#008752&#8243;][\/vc_column][\/vc_row][vc_row][vc_column][mk_padding_divider][vc_column_text css=&#8221;.vc_custom_1698832338049{margin-bottom: 0px !important;}&#8221;] Qualit\u00e0 Ci atteniamo agli standard di qualit\u00e0 pi\u00f9 elevati possibili. Durante l&#8217;intero processo di coltivazione e di lavorazione profondiamo il massimo impegno per garantire che i livelli di componenti funzionali [&hellip;]<\/p>\n","protected":false},"author":3,"featured_media":120147,"parent":8864,"menu_order":2,"comment_status":"closed","ping_status":"closed","template":"","meta":{"footnotes":""},"class_list":["post-8942","page","type-page","status-publish","has-post-thumbnail","hentry"],"yoast_head":"<!-- This site is optimized with the Yoast SEO plugin v27.3 - https:\/\/yoast.com\/product\/yoast-seo-wordpress\/ -->\n<title>Il nostro metodo &#8212; Bedrocan<\/title>\n<meta name=\"description\" content=\"La standardizzazione \u00e8 critica per i pazienti e per i medici, poich\u00e9 i farmaci disomogenei possono causare problemi.\" \/>\n<meta name=\"robots\" content=\"index, follow, max-snippet:-1, max-image-preview:large, max-video-preview:-1\" \/>\n<link rel=\"canonical\" href=\"https:\/\/bedrocan.com\/it\/chi-siamo\/il-nostro-metodo\/\" \/>\n<meta property=\"og:locale\" content=\"it_IT\" \/>\n<meta property=\"og:type\" content=\"article\" \/>\n<meta property=\"og:title\" content=\"Il nostro metodo &#8212; Bedrocan\" \/>\n<meta property=\"og:description\" content=\"La standardizzazione \u00e8 critica per i pazienti e per i medici, poich\u00e9 i farmaci disomogenei possono causare problemi.\" \/>\n<meta property=\"og:url\" content=\"https:\/\/bedrocan.com\/it\/chi-siamo\/il-nostro-metodo\/\" \/>\n<meta property=\"og:site_name\" content=\"Bedrocan\" \/>\n<meta property=\"article:publisher\" content=\"https:\/\/www.facebook.com\/Bedrocan\" \/>\n<meta property=\"article:modified_time\" content=\"2025-06-19T12:59:41+00:00\" \/>\n<meta property=\"og:image\" content=\"https:\/\/bedrocan.com\/wp-content\/uploads\/processing-verwerking-emmeloord-bedrocan-1.jpg\" \/>\n\t<meta property=\"og:image:width\" content=\"1024\" \/>\n\t<meta property=\"og:image:height\" content=\"682\" \/>\n\t<meta property=\"og:image:type\" content=\"image\/jpeg\" \/>\n<meta name=\"twitter:card\" content=\"summary_large_image\" \/>\n<meta name=\"twitter:label1\" content=\"Tempo di lettura stimato\" \/>\n\t<meta name=\"twitter:data1\" content=\"3 minuti\" \/>\n<script type=\"application\/ld+json\" class=\"yoast-schema-graph\">{\"@context\":\"https:\\\/\\\/schema.org\",\"@graph\":[{\"@type\":\"WebPage\",\"@id\":\"https:\\\/\\\/bedrocan.com\\\/it\\\/chi-siamo\\\/il-nostro-metodo\\\/\",\"url\":\"https:\\\/\\\/bedrocan.com\\\/it\\\/chi-siamo\\\/il-nostro-metodo\\\/\",\"name\":\"Il nostro metodo &#8212; Bedrocan\",\"isPartOf\":{\"@id\":\"https:\\\/\\\/bedrocan.com\\\/it\\\/#website\"},\"primaryImageOfPage\":{\"@id\":\"https:\\\/\\\/bedrocan.com\\\/it\\\/chi-siamo\\\/il-nostro-metodo\\\/#primaryimage\"},\"image\":{\"@id\":\"https:\\\/\\\/bedrocan.com\\\/it\\\/chi-siamo\\\/il-nostro-metodo\\\/#primaryimage\"},\"thumbnailUrl\":\"https:\\\/\\\/bedrocan.com\\\/wp-content\\\/uploads\\\/processing-verwerking-emmeloord-bedrocan-1.jpg\",\"datePublished\":\"2021-04-03T08:57:25+00:00\",\"dateModified\":\"2025-06-19T12:59:41+00:00\",\"description\":\"La standardizzazione \u00e8 critica per i pazienti e per i medici, poich\u00e9 i farmaci disomogenei possono causare problemi.\",\"breadcrumb\":{\"@id\":\"https:\\\/\\\/bedrocan.com\\\/it\\\/chi-siamo\\\/il-nostro-metodo\\\/#breadcrumb\"},\"inLanguage\":\"it-IT\",\"potentialAction\":[{\"@type\":\"ReadAction\",\"target\":[\"https:\\\/\\\/bedrocan.com\\\/it\\\/chi-siamo\\\/il-nostro-metodo\\\/\"]}]},{\"@type\":\"ImageObject\",\"inLanguage\":\"it-IT\",\"@id\":\"https:\\\/\\\/bedrocan.com\\\/it\\\/chi-siamo\\\/il-nostro-metodo\\\/#primaryimage\",\"url\":\"https:\\\/\\\/bedrocan.com\\\/wp-content\\\/uploads\\\/processing-verwerking-emmeloord-bedrocan-1.jpg\",\"contentUrl\":\"https:\\\/\\\/bedrocan.com\\\/wp-content\\\/uploads\\\/processing-verwerking-emmeloord-bedrocan-1.jpg\",\"width\":1024,\"height\":682,\"caption\":\"Il nostro metodo di lavorazione della cannabis medicinale\"},{\"@type\":\"BreadcrumbList\",\"@id\":\"https:\\\/\\\/bedrocan.com\\\/it\\\/chi-siamo\\\/il-nostro-metodo\\\/#breadcrumb\",\"itemListElement\":[{\"@type\":\"ListItem\",\"position\":1,\"name\":\"Home\",\"item\":\"https:\\\/\\\/bedrocan.com\\\/it\\\/\"},{\"@type\":\"ListItem\",\"position\":2,\"name\":\"Chi siamo\",\"item\":\"https:\\\/\\\/bedrocan.com\\\/it\\\/chi-siamo\\\/\"},{\"@type\":\"ListItem\",\"position\":3,\"name\":\"Il nostro metodo\"}]},{\"@type\":\"WebSite\",\"@id\":\"https:\\\/\\\/bedrocan.com\\\/it\\\/#website\",\"url\":\"https:\\\/\\\/bedrocan.com\\\/it\\\/\",\"name\":\"Bedrocan\",\"description\":\"medicinal cannabis\",\"publisher\":{\"@id\":\"https:\\\/\\\/bedrocan.com\\\/it\\\/#organization\"},\"potentialAction\":[{\"@type\":\"SearchAction\",\"target\":{\"@type\":\"EntryPoint\",\"urlTemplate\":\"https:\\\/\\\/bedrocan.com\\\/it\\\/?s={search_term_string}\"},\"query-input\":{\"@type\":\"PropertyValueSpecification\",\"valueRequired\":true,\"valueName\":\"search_term_string\"}}],\"inLanguage\":\"it-IT\"},{\"@type\":\"Organization\",\"@id\":\"https:\\\/\\\/bedrocan.com\\\/it\\\/#organization\",\"name\":\"Bedrocan\",\"url\":\"https:\\\/\\\/bedrocan.com\\\/it\\\/\",\"logo\":{\"@type\":\"ImageObject\",\"inLanguage\":\"it-IT\",\"@id\":\"https:\\\/\\\/bedrocan.com\\\/it\\\/#\\\/schema\\\/logo\\\/image\\\/\",\"url\":\"https:\\\/\\\/bedrocan.com\\\/wp-content\\\/uploads\\\/logo-bedrocan-mail.png\",\"contentUrl\":\"https:\\\/\\\/bedrocan.com\\\/wp-content\\\/uploads\\\/logo-bedrocan-mail.png\",\"width\":185,\"height\":31,\"caption\":\"Bedrocan\"},\"image\":{\"@id\":\"https:\\\/\\\/bedrocan.com\\\/it\\\/#\\\/schema\\\/logo\\\/image\\\/\"},\"sameAs\":[\"https:\\\/\\\/www.facebook.com\\\/Bedrocan\",\"https:\\\/\\\/www.linkedin.com\\\/company\\\/bedrocan\\\/\",\"https:\\\/\\\/www.instagram.com\\\/bedrocan_international\\\/\"]}]}<\/script>\n<!-- \/ Yoast SEO plugin. -->","yoast_head_json":{"title":"Il nostro metodo &#8212; Bedrocan","description":"La standardizzazione \u00e8 critica per i pazienti e per i medici, poich\u00e9 i farmaci disomogenei possono causare problemi.","robots":{"index":"index","follow":"follow","max-snippet":"max-snippet:-1","max-image-preview":"max-image-preview:large","max-video-preview":"max-video-preview:-1"},"canonical":"https:\/\/bedrocan.com\/it\/chi-siamo\/il-nostro-metodo\/","og_locale":"it_IT","og_type":"article","og_title":"Il nostro metodo &#8212; Bedrocan","og_description":"La standardizzazione \u00e8 critica per i pazienti e per i medici, poich\u00e9 i farmaci disomogenei possono causare problemi.","og_url":"https:\/\/bedrocan.com\/it\/chi-siamo\/il-nostro-metodo\/","og_site_name":"Bedrocan","article_publisher":"https:\/\/www.facebook.com\/Bedrocan","article_modified_time":"2025-06-19T12:59:41+00:00","og_image":[{"width":1024,"height":682,"url":"https:\/\/bedrocan.com\/wp-content\/uploads\/processing-verwerking-emmeloord-bedrocan-1.jpg","type":"image\/jpeg"}],"twitter_card":"summary_large_image","twitter_misc":{"Tempo di lettura stimato":"3 minuti"},"schema":{"@context":"https:\/\/schema.org","@graph":[{"@type":"WebPage","@id":"https:\/\/bedrocan.com\/it\/chi-siamo\/il-nostro-metodo\/","url":"https:\/\/bedrocan.com\/it\/chi-siamo\/il-nostro-metodo\/","name":"Il nostro metodo &#8212; Bedrocan","isPartOf":{"@id":"https:\/\/bedrocan.com\/it\/#website"},"primaryImageOfPage":{"@id":"https:\/\/bedrocan.com\/it\/chi-siamo\/il-nostro-metodo\/#primaryimage"},"image":{"@id":"https:\/\/bedrocan.com\/it\/chi-siamo\/il-nostro-metodo\/#primaryimage"},"thumbnailUrl":"https:\/\/bedrocan.com\/wp-content\/uploads\/processing-verwerking-emmeloord-bedrocan-1.jpg","datePublished":"2021-04-03T08:57:25+00:00","dateModified":"2025-06-19T12:59:41+00:00","description":"La standardizzazione \u00e8 critica per i pazienti e per i medici, poich\u00e9 i farmaci disomogenei possono causare problemi.","breadcrumb":{"@id":"https:\/\/bedrocan.com\/it\/chi-siamo\/il-nostro-metodo\/#breadcrumb"},"inLanguage":"it-IT","potentialAction":[{"@type":"ReadAction","target":["https:\/\/bedrocan.com\/it\/chi-siamo\/il-nostro-metodo\/"]}]},{"@type":"ImageObject","inLanguage":"it-IT","@id":"https:\/\/bedrocan.com\/it\/chi-siamo\/il-nostro-metodo\/#primaryimage","url":"https:\/\/bedrocan.com\/wp-content\/uploads\/processing-verwerking-emmeloord-bedrocan-1.jpg","contentUrl":"https:\/\/bedrocan.com\/wp-content\/uploads\/processing-verwerking-emmeloord-bedrocan-1.jpg","width":1024,"height":682,"caption":"Il nostro metodo di lavorazione della cannabis medicinale"},{"@type":"BreadcrumbList","@id":"https:\/\/bedrocan.com\/it\/chi-siamo\/il-nostro-metodo\/#breadcrumb","itemListElement":[{"@type":"ListItem","position":1,"name":"Home","item":"https:\/\/bedrocan.com\/it\/"},{"@type":"ListItem","position":2,"name":"Chi siamo","item":"https:\/\/bedrocan.com\/it\/chi-siamo\/"},{"@type":"ListItem","position":3,"name":"Il nostro metodo"}]},{"@type":"WebSite","@id":"https:\/\/bedrocan.com\/it\/#website","url":"https:\/\/bedrocan.com\/it\/","name":"Bedrocan","description":"medicinal cannabis","publisher":{"@id":"https:\/\/bedrocan.com\/it\/#organization"},"potentialAction":[{"@type":"SearchAction","target":{"@type":"EntryPoint","urlTemplate":"https:\/\/bedrocan.com\/it\/?s={search_term_string}"},"query-input":{"@type":"PropertyValueSpecification","valueRequired":true,"valueName":"search_term_string"}}],"inLanguage":"it-IT"},{"@type":"Organization","@id":"https:\/\/bedrocan.com\/it\/#organization","name":"Bedrocan","url":"https:\/\/bedrocan.com\/it\/","logo":{"@type":"ImageObject","inLanguage":"it-IT","@id":"https:\/\/bedrocan.com\/it\/#\/schema\/logo\/image\/","url":"https:\/\/bedrocan.com\/wp-content\/uploads\/logo-bedrocan-mail.png","contentUrl":"https:\/\/bedrocan.com\/wp-content\/uploads\/logo-bedrocan-mail.png","width":185,"height":31,"caption":"Bedrocan"},"image":{"@id":"https:\/\/bedrocan.com\/it\/#\/schema\/logo\/image\/"},"sameAs":["https:\/\/www.facebook.com\/Bedrocan","https:\/\/www.linkedin.com\/company\/bedrocan\/","https:\/\/www.instagram.com\/bedrocan_international\/"]}]}},"_links":{"self":[{"href":"https:\/\/bedrocan.com\/it\/wp-json\/wp\/v2\/pages\/8942","targetHints":{"allow":["GET"]}}],"collection":[{"href":"https:\/\/bedrocan.com\/it\/wp-json\/wp\/v2\/pages"}],"about":[{"href":"https:\/\/bedrocan.com\/it\/wp-json\/wp\/v2\/types\/page"}],"author":[{"embeddable":true,"href":"https:\/\/bedrocan.com\/it\/wp-json\/wp\/v2\/users\/3"}],"replies":[{"embeddable":true,"href":"https:\/\/bedrocan.com\/it\/wp-json\/wp\/v2\/comments?post=8942"}],"version-history":[{"count":5,"href":"https:\/\/bedrocan.com\/it\/wp-json\/wp\/v2\/pages\/8942\/revisions"}],"predecessor-version":[{"id":203838,"href":"https:\/\/bedrocan.com\/it\/wp-json\/wp\/v2\/pages\/8942\/revisions\/203838"}],"up":[{"embeddable":true,"href":"https:\/\/bedrocan.com\/it\/wp-json\/wp\/v2\/pages\/8864"}],"wp:featuredmedia":[{"embeddable":true,"href":"https:\/\/bedrocan.com\/it\/wp-json\/wp\/v2\/media\/120147"}],"wp:attachment":[{"href":"https:\/\/bedrocan.com\/it\/wp-json\/wp\/v2\/media?parent=8942"}],"curies":[{"name":"wp","href":"https:\/\/api.w.org\/{rel}","templated":true}]}}