{"id":9085,"date":"2024-10-29T10:40:47","date_gmt":"2024-10-29T09:40:47","guid":{"rendered":"http:\/\/bedrocan.com\/cannabis-inside\/"},"modified":"2025-06-19T15:10:43","modified_gmt":"2025-06-19T13:10:43","slug":"cannabis-ad-uso-medico","status":"publish","type":"page","link":"https:\/\/bedrocan.com\/it\/professionista-sanitario\/cannabis-ad-uso-medico\/","title":{"rendered":"Cannabis ad uso medico"},"content":{"rendered":"<div class=\"wpb-content-wrapper\">[mk_page_section bg_image=&#8221;http:\/\/bedrocan.com\/wp-content\/uploads\/cannabis-inside.jpg&#8221; bg_repeat=&#8221;no-repeat&#8221; bg_stretch=&#8221;true&#8221; min_height=&#8221;300&#8243; full_width=&#8221;true&#8221; top_shape_color=&#8221;#ffffff&#8221; bottom_shape_color=&#8221;#ffffff&#8221; visibility=&#8221;hidden-sm&#8221; sidebar=&#8221;sidebar-1&#8243;][vc_column][\/vc_column][\/mk_page_section][vc_row][vc_column][vc_empty_space height=&#8221;45px&#8221;][vc_column_text css=&#8221;.vc_custom_1730202328366{margin-bottom: 0px !important;}&#8221;]\n<h1>Cannabis ad uso medico<\/h1>\n[\/vc_column_text][vc_separator color=&#8221;custom&#8221; align=&#8221;align_left&#8221; border_width=&#8221;5&#8243; el_width=&#8221;10&#8243; accent_color=&#8221;#008752&#8243;][\/vc_column][\/vc_row][vc_row][vc_column][vc_column_text css=&#8221;.vc_custom_1623246501231{margin-bottom: 0px !important;}&#8221;]\n<p class=\"NormalText\"><span lang=\"IT\">L&#8217;uso medicinale della cannabis si sta evolvendo rapidamente in molti paesi. Ci\u00f2 che \u00e8 iniziato come una richiesta dei pazienti per un utilizzo legale della cannabis in forma erbacea si \u00e8 sviluppato in un&#8217;industria mondiale e in una classe di prodotti terapeutici in espansione. Cos&#8217;\u00e8 la cannabis terapeutica e qual \u00e8 la sua finalit\u00e0 di utilizzo? Quali sono i suoi principi attivi e quali effetti provoca?<\/span><\/p>\n[\/vc_column_text][\/vc_column][\/vc_row][vc_row][vc_column][vc_column_text css=&#8221;.vc_custom_1657803991611{margin-bottom: 0px !important;}&#8221;]\n<h3>Leggi anche:<\/h3>\n<ul>\n<li><a href=\"#cannabinoiden\">I cannabinoidi<\/a><\/li>\n<li><a href=\"#cbd\">CBD<\/a><\/li>\n<li><a href=\"#thc\">THC<\/a><\/li>\n<li><a href=\"#thc\">CBG e THCV<\/a><\/li>\n<li><a href=\"#terpenen\">Terpenes<\/a><\/li>\n<\/ul>\n[\/vc_column_text][\/vc_column][\/vc_row][vc_row][vc_column][vc_column_text css=&#8221;.vc_custom_1615388138460{margin-bottom: 0px !important;}&#8221;]\n<h4>Uso medicinale della cannabis<\/h4>\n<p>La cannabis \u00e8 una delle pi\u00f9 antiche piante medicinali conosciute. In quasi tutti gli antichi manuali di medicina vegetale \u00e8 descritta comunemente sotto forma di tintura o di t\u00e8. In antiche mummie egizie sono stati ritrovati indizi che indicano l&#8217;uso della cannabis come cibo o medicinale.[\/vc_column_text][\/vc_column][\/vc_row][vc_row][vc_column][mk_padding_divider][vc_column_text css=&#8221;.vc_custom_1623246274713{margin-bottom: 0px !important;}&#8221;]\n<p class=\"NormalText\"><span lang=\"IT\">La cannabis a uso medicinale \u00e8 disponibile solo nelle farmacie ed \u00e8 prescritta da un medico. Quest&#8217;ultimo determina il tipo e il dosaggio previo colloquio con il paziente. La cannabis trova varie\u00a0<a href=\"https:\/\/bedrocan.com\/it\/professionista-sanitario\/applicazioni\/\">applicazioni<\/a>, di cui la funzione antidolorifica \u00e8 la pi\u00f9 nota. Bedrocan produce cinque <a href=\"https:\/\/bedrocan.com\/it\/prodotti-di-cannabis\/\">variet\u00e0 di cannabis<\/a> diverse e uniche per conto del governo olandese.<br \/>\n<\/span><\/p>\n<h4>Linee guida farmaceutiche<\/h4>\n<p>La cannabis terapeutica \u00e8 considerata utilizzabile a fini terapeutici solo se \u00e8 stata coltivata secondo le linee guida farmaceutiche. Si tratta di linee guida rigorose che garantiscono che il prodotto finale sia privo di metalli pesanti, pesticidi e altre sostanze inquinanti. L\u2019assenza di tali contaminanti nella cannabis a uso medicinale \u00e8 testata da un laboratorio indipendente dopo ogni raccolto. Inoltre, la composizione della cannabis a uso medicinale \u00e8 sempre la stessa, proprio come accade per i farmaci ordinari. La cannabis che si trova nei coffee shop o quella che proviene da coltivazione illegale (domestica), ad esempio, non lo \u00e8. Il medico che la prescrive o l&#8217;utente finale non sa mai cosa contiene esattamente questa cannabis, pertanto non \u00e8 in grado di prevederne l\u2019effetto o gli eventuali <a href=\"https:\/\/bedrocan.com\/it\/professionista-sanitario\/effetti-collaterali-e-rischi\/\">effetti collaterali<\/a>.<\/p>\n<p class=\"NormalText\"><span lang=\"IT\">\u00a0<\/span><\/p>\n[\/vc_column_text][\/vc_column][\/vc_row][vc_row][vc_column][vc_column_text css=&#8221;.vc_custom_1657804154327{margin-bottom: 0px !important;}&#8221;]\n<h2 class=\"pagejump\" style=\"text-align: left;\"><span id=\"cannabinoiden\" style=\"z-index: 1;\">I cannabinoidi<\/span><\/h2>\n<p>I cannabinoidi sono considerati i principali costituenti, terapeuticamente attivi, della pianta di <a href=\"https:\/\/it.wikipedia.org\/wiki\/Cannabis_sativa\" target=\"_blank\" rel=\"noopener\">cannabis<\/a>. Essi sono prodotti solo dalla pianta di cannabis e non si ritrovano in alcun altro luogo in natura. Attualmente sono stati identificati oltre 100 fitocannabinoidi, con strutture chimiche molto somiglianti tra loro. La ricerca farmacologica \u00e8 oggi in grado di produrre molti cannabinoidi sintetici.<\/p>\n<h3 class=\"pagejump\" style=\"text-align: left;\"><span id=\"thc\" style=\"z-index: 1;\">THC<\/span><\/h3>\n<p>Il pi\u00f9 famoso tra i cannabinoidi \u00e8 il delta-9-tetraidrocannabinolo, pi\u00f9 comunemente noto come THC. Oltre ad una piacevole sensazione di \u2018sballo\u2018, il THC genera molti degli effetti medicinali della cannabis. Ci\u00f2 include, tra le altre cose, la riduzione di nausea, vomito, dolore e spasmi muscolari, e, inoltre, il miglioramento del sonno e dell\u2018appetito.<\/p>\n<h3 class=\"pagejump\" style=\"text-align: left;\"><span id=\"cbd\" style=\"z-index: 1;\">CBD<\/span><\/h3>\n<p>Un altro cannabinoide scientificamente interessante \u00e8 il cannabidiolo, o CBD. Esso ha effetti terapeutici, ma non provoca effetti psicotropi. Al contrario, il CBD riduce notevolmente alcuni degli effetti indesiderati, causati da dosaggi pi\u00f9 elevati di THC. Gli studi indicano che il CBD potrebbe essere efficace per alleviare i sintomi di varie condizioni difficili da controllare, come artrite reumatoide, diabete, PTSD, disturbi d\u2018ansia, e infezioni resistenti agli antibiotici.<\/p>\n<h3 class=\"pagejump\" style=\"text-align: left;\"><span id=\"thcv\" style=\"z-index: 1;\">CBG e THCV<\/span><\/h3>\n<p>Altri esempi di cannabinoidi medicinali includono il cannabigerolo (CBG), che ha effetti anti-infiammatori, e la Tetraidrocannabivarina (THCV), che \u00e8 in fase di studio per il trattamento dell\u2019epilessia e il morbo di Parkinson. A causa delle loro diverse propriet\u00e0 terapeutiche, lo specifico mix di cannabinoidi presenti nel fiore di cannabis, ne determina le propriet\u00e0 mediche.<\/p>\n<h3 class=\"pagejump\" style=\"text-align: left;\"><span id=\"terpenen\" style=\"z-index: 1;\">Terpenes<\/span><\/h3>\n<p>I terpeni conferiscono alla cannabis il tipico odore e sapore. Ad oggi ne sono stati identificati pi\u00f9 di 120 tipi differenti. A differenza dei cannabinoidi, tutti i principali terpenoidi presenti nella cannabis (con nomi evocativi come mircene, alfa-pinene, e beta-cariofillene) possono essere trovati in abbondanza in natura. I terpeni possono modulare alcuni degli effetti indesiderati del THC, per esempio riducendo la perdita della memoria a breve termine o l\u2018ansia indotta dal consumo di cannabis. I terpeni possono anche produrre propri effetti farmacologici; alcuni di essi, per esempio, sono potenti antibiotici, mentre altri hanno propriet\u00e0 analgesiche o antinfiammatorie.<\/p>\n<p>Un cos\u00ec alto numero di terpeni nella cannabis rende possibili molte combinazioni differenti nelle piante. Proprio come accade con i cannabinoidi, ogni mix specifico di terpeni pu\u00f2 portare ad un effetto curativo unico. I terpeni sono composti molto volatili, responsabili del tipico odore della cannabis, e sono inalati o col fumo o con la vaporizzazione. Purtroppo, solo pochi studi sono stati condotti sulle potenziali interazioni tra i terpeni e i cannabinoidi. Generalmente si crede che ogni tipo distinto (variet\u00e0, ceppo) di cannabis abbia una propria e singolare composizione di cannabinoidi e terpeni.[\/vc_column_text][mk_padding_divider][\/vc_column][\/vc_row][vc_row css=&#8221;.vc_custom_1612277470153{padding-right: 15px !important;padding-left: 15px !important;background-color: #f5f5f5 !important;}&#8221;][vc_column][mk_padding_divider][vc_column_text css=&#8221;.vc_custom_1612277456052{margin-bottom: 0px !important;}&#8221;]\n<h3 style=\"text-align: center;\">Notare che<\/h3>\n<p>Si ricorda che le informazioni fornite hanno solo uno scopo informativo. L&#8217;informazione espresse in <span lang=\"it\">questo sito web\u00a0<\/span>non vanno intese come diagnosi o cura per qualsiasi condizione medica o malattia. Si consiglia di consultare un medico prima di usare la cannabis come medicina e di essere ben informati sulle leggi riguardo la cannabis nel proprio Paese.[\/vc_column_text][mk_padding_divider][\/vc_column][\/vc_row][vc_row][vc_column][mk_padding_divider][\/vc_column][\/vc_row]\n<\/div>","protected":false},"excerpt":{"rendered":"<p>[mk_page_section bg_image=&#8221;http:\/\/bedrocan.com\/wp-content\/uploads\/cannabis-inside.jpg&#8221; bg_repeat=&#8221;no-repeat&#8221; bg_stretch=&#8221;true&#8221; min_height=&#8221;300&#8243; full_width=&#8221;true&#8221; top_shape_color=&#8221;#ffffff&#8221; bottom_shape_color=&#8221;#ffffff&#8221; visibility=&#8221;hidden-sm&#8221; sidebar=&#8221;sidebar-1&#8243;][vc_column][\/vc_column][\/mk_page_section][vc_row][vc_column][vc_empty_space height=&#8221;45px&#8221;][vc_column_text css=&#8221;.vc_custom_1730202328366{margin-bottom: 0px !important;}&#8221;] Cannabis ad uso medico [\/vc_column_text][vc_separator color=&#8221;custom&#8221; align=&#8221;align_left&#8221; border_width=&#8221;5&#8243; el_width=&#8221;10&#8243; accent_color=&#8221;#008752&#8243;][\/vc_column][\/vc_row][vc_row][vc_column][vc_column_text css=&#8221;.vc_custom_1623246501231{margin-bottom: 0px !important;}&#8221;] L&#8217;uso medicinale della cannabis si sta evolvendo rapidamente in molti paesi. Ci\u00f2 che \u00e8 iniziato come una richiesta dei pazienti per un utilizzo legale della cannabis in forma [&hellip;]<\/p>\n","protected":false},"author":3,"featured_media":49600,"parent":144213,"menu_order":379,"comment_status":"closed","ping_status":"closed","template":"","meta":{"footnotes":""},"class_list":["post-9085","page","type-page","status-publish","has-post-thumbnail","hentry"],"yoast_head":"<!-- This site is optimized with the Yoast SEO plugin v27.3 - https:\/\/yoast.com\/product\/yoast-seo-wordpress\/ -->\n<title>Cannabis ad uso medico - Tutto quello che vuoi sapere<\/title>\n<meta name=\"description\" content=\"Cos&#039;\u00e8 la cannabis ad uso medico e a cosa serve? Quali sono i principi attivi e quali sono gli effetti? Qui otterrai tutte le risposte.\" \/>\n<meta name=\"robots\" content=\"index, follow, max-snippet:-1, max-image-preview:large, max-video-preview:-1\" \/>\n<link rel=\"canonical\" href=\"https:\/\/bedrocan.com\/it\/professionista-sanitario\/cannabis-ad-uso-medico\/\" \/>\n<meta property=\"og:locale\" content=\"it_IT\" \/>\n<meta property=\"og:type\" content=\"article\" \/>\n<meta property=\"og:title\" content=\"Cannabis ad uso medico - Tutto quello che vuoi sapere\" \/>\n<meta property=\"og:description\" content=\"Cos&#039;\u00e8 la cannabis ad uso medico e a cosa serve? Quali sono i principi attivi e quali sono gli effetti? Qui otterrai tutte le risposte.\" \/>\n<meta property=\"og:url\" content=\"https:\/\/bedrocan.com\/it\/professionista-sanitario\/cannabis-ad-uso-medico\/\" \/>\n<meta property=\"og:site_name\" content=\"Bedrocan\" \/>\n<meta property=\"article:publisher\" content=\"https:\/\/www.facebook.com\/Bedrocan\" \/>\n<meta property=\"article:modified_time\" content=\"2025-06-19T13:10:43+00:00\" \/>\n<meta property=\"og:image\" content=\"https:\/\/bedrocan.com\/wp-content\/uploads\/growing-room-emmeloord_lr-79.jpg\" \/>\n\t<meta property=\"og:image:width\" content=\"1356\" \/>\n\t<meta property=\"og:image:height\" content=\"900\" \/>\n\t<meta property=\"og:image:type\" content=\"image\/jpeg\" \/>\n<meta name=\"twitter:card\" content=\"summary_large_image\" \/>\n<meta name=\"twitter:label1\" content=\"Tempo di lettura stimato\" \/>\n\t<meta name=\"twitter:data1\" content=\"4 minuti\" \/>\n<script type=\"application\/ld+json\" class=\"yoast-schema-graph\">{\"@context\":\"https:\\\/\\\/schema.org\",\"@graph\":[{\"@type\":\"WebPage\",\"@id\":\"https:\\\/\\\/bedrocan.com\\\/it\\\/professionista-sanitario\\\/cannabis-ad-uso-medico\\\/\",\"url\":\"https:\\\/\\\/bedrocan.com\\\/it\\\/professionista-sanitario\\\/cannabis-ad-uso-medico\\\/\",\"name\":\"Cannabis ad uso medico - Tutto quello che vuoi sapere\",\"isPartOf\":{\"@id\":\"https:\\\/\\\/bedrocan.com\\\/it\\\/#website\"},\"primaryImageOfPage\":{\"@id\":\"https:\\\/\\\/bedrocan.com\\\/it\\\/professionista-sanitario\\\/cannabis-ad-uso-medico\\\/#primaryimage\"},\"image\":{\"@id\":\"https:\\\/\\\/bedrocan.com\\\/it\\\/professionista-sanitario\\\/cannabis-ad-uso-medico\\\/#primaryimage\"},\"thumbnailUrl\":\"https:\\\/\\\/bedrocan.com\\\/wp-content\\\/uploads\\\/growing-room-emmeloord_lr-79.jpg\",\"datePublished\":\"2024-10-29T09:40:47+00:00\",\"dateModified\":\"2025-06-19T13:10:43+00:00\",\"description\":\"Cos'\u00e8 la cannabis ad uso medico e a cosa serve? Quali sono i principi attivi e quali sono gli effetti? Qui otterrai tutte le risposte.\",\"breadcrumb\":{\"@id\":\"https:\\\/\\\/bedrocan.com\\\/it\\\/professionista-sanitario\\\/cannabis-ad-uso-medico\\\/#breadcrumb\"},\"inLanguage\":\"it-IT\",\"potentialAction\":[{\"@type\":\"ReadAction\",\"target\":[\"https:\\\/\\\/bedrocan.com\\\/it\\\/professionista-sanitario\\\/cannabis-ad-uso-medico\\\/\"]}]},{\"@type\":\"ImageObject\",\"inLanguage\":\"it-IT\",\"@id\":\"https:\\\/\\\/bedrocan.com\\\/it\\\/professionista-sanitario\\\/cannabis-ad-uso-medico\\\/#primaryimage\",\"url\":\"https:\\\/\\\/bedrocan.com\\\/wp-content\\\/uploads\\\/growing-room-emmeloord_lr-79.jpg\",\"contentUrl\":\"https:\\\/\\\/bedrocan.com\\\/wp-content\\\/uploads\\\/growing-room-emmeloord_lr-79.jpg\",\"width\":1356,\"height\":900,\"caption\":\"professionista sanitario\"},{\"@type\":\"BreadcrumbList\",\"@id\":\"https:\\\/\\\/bedrocan.com\\\/it\\\/professionista-sanitario\\\/cannabis-ad-uso-medico\\\/#breadcrumb\",\"itemListElement\":[{\"@type\":\"ListItem\",\"position\":1,\"name\":\"Home\",\"item\":\"https:\\\/\\\/bedrocan.com\\\/it\\\/\"},{\"@type\":\"ListItem\",\"position\":2,\"name\":\"Professionista sanitario\",\"item\":\"https:\\\/\\\/bedrocan.com\\\/it\\\/professionista-sanitario\\\/\"},{\"@type\":\"ListItem\",\"position\":3,\"name\":\"Cannabis ad uso medico\"}]},{\"@type\":\"WebSite\",\"@id\":\"https:\\\/\\\/bedrocan.com\\\/it\\\/#website\",\"url\":\"https:\\\/\\\/bedrocan.com\\\/it\\\/\",\"name\":\"Bedrocan\",\"description\":\"medicinal cannabis\",\"publisher\":{\"@id\":\"https:\\\/\\\/bedrocan.com\\\/it\\\/#organization\"},\"potentialAction\":[{\"@type\":\"SearchAction\",\"target\":{\"@type\":\"EntryPoint\",\"urlTemplate\":\"https:\\\/\\\/bedrocan.com\\\/it\\\/?s={search_term_string}\"},\"query-input\":{\"@type\":\"PropertyValueSpecification\",\"valueRequired\":true,\"valueName\":\"search_term_string\"}}],\"inLanguage\":\"it-IT\"},{\"@type\":\"Organization\",\"@id\":\"https:\\\/\\\/bedrocan.com\\\/it\\\/#organization\",\"name\":\"Bedrocan\",\"url\":\"https:\\\/\\\/bedrocan.com\\\/it\\\/\",\"logo\":{\"@type\":\"ImageObject\",\"inLanguage\":\"it-IT\",\"@id\":\"https:\\\/\\\/bedrocan.com\\\/it\\\/#\\\/schema\\\/logo\\\/image\\\/\",\"url\":\"https:\\\/\\\/bedrocan.com\\\/wp-content\\\/uploads\\\/logo-bedrocan-mail.png\",\"contentUrl\":\"https:\\\/\\\/bedrocan.com\\\/wp-content\\\/uploads\\\/logo-bedrocan-mail.png\",\"width\":185,\"height\":31,\"caption\":\"Bedrocan\"},\"image\":{\"@id\":\"https:\\\/\\\/bedrocan.com\\\/it\\\/#\\\/schema\\\/logo\\\/image\\\/\"},\"sameAs\":[\"https:\\\/\\\/www.facebook.com\\\/Bedrocan\",\"https:\\\/\\\/www.linkedin.com\\\/company\\\/bedrocan\\\/\",\"https:\\\/\\\/www.instagram.com\\\/bedrocan_international\\\/\"]}]}<\/script>\n<!-- \/ Yoast SEO plugin. -->","yoast_head_json":{"title":"Cannabis ad uso medico - Tutto quello che vuoi sapere","description":"Cos'\u00e8 la cannabis ad uso medico e a cosa serve? Quali sono i principi attivi e quali sono gli effetti? Qui otterrai tutte le risposte.","robots":{"index":"index","follow":"follow","max-snippet":"max-snippet:-1","max-image-preview":"max-image-preview:large","max-video-preview":"max-video-preview:-1"},"canonical":"https:\/\/bedrocan.com\/it\/professionista-sanitario\/cannabis-ad-uso-medico\/","og_locale":"it_IT","og_type":"article","og_title":"Cannabis ad uso medico - Tutto quello che vuoi sapere","og_description":"Cos'\u00e8 la cannabis ad uso medico e a cosa serve? Quali sono i principi attivi e quali sono gli effetti? Qui otterrai tutte le risposte.","og_url":"https:\/\/bedrocan.com\/it\/professionista-sanitario\/cannabis-ad-uso-medico\/","og_site_name":"Bedrocan","article_publisher":"https:\/\/www.facebook.com\/Bedrocan","article_modified_time":"2025-06-19T13:10:43+00:00","og_image":[{"width":1356,"height":900,"url":"https:\/\/bedrocan.com\/wp-content\/uploads\/growing-room-emmeloord_lr-79.jpg","type":"image\/jpeg"}],"twitter_card":"summary_large_image","twitter_misc":{"Tempo di lettura stimato":"4 minuti"},"schema":{"@context":"https:\/\/schema.org","@graph":[{"@type":"WebPage","@id":"https:\/\/bedrocan.com\/it\/professionista-sanitario\/cannabis-ad-uso-medico\/","url":"https:\/\/bedrocan.com\/it\/professionista-sanitario\/cannabis-ad-uso-medico\/","name":"Cannabis ad uso medico - Tutto quello che vuoi sapere","isPartOf":{"@id":"https:\/\/bedrocan.com\/it\/#website"},"primaryImageOfPage":{"@id":"https:\/\/bedrocan.com\/it\/professionista-sanitario\/cannabis-ad-uso-medico\/#primaryimage"},"image":{"@id":"https:\/\/bedrocan.com\/it\/professionista-sanitario\/cannabis-ad-uso-medico\/#primaryimage"},"thumbnailUrl":"https:\/\/bedrocan.com\/wp-content\/uploads\/growing-room-emmeloord_lr-79.jpg","datePublished":"2024-10-29T09:40:47+00:00","dateModified":"2025-06-19T13:10:43+00:00","description":"Cos'\u00e8 la cannabis ad uso medico e a cosa serve? Quali sono i principi attivi e quali sono gli effetti? Qui otterrai tutte le risposte.","breadcrumb":{"@id":"https:\/\/bedrocan.com\/it\/professionista-sanitario\/cannabis-ad-uso-medico\/#breadcrumb"},"inLanguage":"it-IT","potentialAction":[{"@type":"ReadAction","target":["https:\/\/bedrocan.com\/it\/professionista-sanitario\/cannabis-ad-uso-medico\/"]}]},{"@type":"ImageObject","inLanguage":"it-IT","@id":"https:\/\/bedrocan.com\/it\/professionista-sanitario\/cannabis-ad-uso-medico\/#primaryimage","url":"https:\/\/bedrocan.com\/wp-content\/uploads\/growing-room-emmeloord_lr-79.jpg","contentUrl":"https:\/\/bedrocan.com\/wp-content\/uploads\/growing-room-emmeloord_lr-79.jpg","width":1356,"height":900,"caption":"professionista sanitario"},{"@type":"BreadcrumbList","@id":"https:\/\/bedrocan.com\/it\/professionista-sanitario\/cannabis-ad-uso-medico\/#breadcrumb","itemListElement":[{"@type":"ListItem","position":1,"name":"Home","item":"https:\/\/bedrocan.com\/it\/"},{"@type":"ListItem","position":2,"name":"Professionista sanitario","item":"https:\/\/bedrocan.com\/it\/professionista-sanitario\/"},{"@type":"ListItem","position":3,"name":"Cannabis ad uso medico"}]},{"@type":"WebSite","@id":"https:\/\/bedrocan.com\/it\/#website","url":"https:\/\/bedrocan.com\/it\/","name":"Bedrocan","description":"medicinal cannabis","publisher":{"@id":"https:\/\/bedrocan.com\/it\/#organization"},"potentialAction":[{"@type":"SearchAction","target":{"@type":"EntryPoint","urlTemplate":"https:\/\/bedrocan.com\/it\/?s={search_term_string}"},"query-input":{"@type":"PropertyValueSpecification","valueRequired":true,"valueName":"search_term_string"}}],"inLanguage":"it-IT"},{"@type":"Organization","@id":"https:\/\/bedrocan.com\/it\/#organization","name":"Bedrocan","url":"https:\/\/bedrocan.com\/it\/","logo":{"@type":"ImageObject","inLanguage":"it-IT","@id":"https:\/\/bedrocan.com\/it\/#\/schema\/logo\/image\/","url":"https:\/\/bedrocan.com\/wp-content\/uploads\/logo-bedrocan-mail.png","contentUrl":"https:\/\/bedrocan.com\/wp-content\/uploads\/logo-bedrocan-mail.png","width":185,"height":31,"caption":"Bedrocan"},"image":{"@id":"https:\/\/bedrocan.com\/it\/#\/schema\/logo\/image\/"},"sameAs":["https:\/\/www.facebook.com\/Bedrocan","https:\/\/www.linkedin.com\/company\/bedrocan\/","https:\/\/www.instagram.com\/bedrocan_international\/"]}]}},"_links":{"self":[{"href":"https:\/\/bedrocan.com\/it\/wp-json\/wp\/v2\/pages\/9085","targetHints":{"allow":["GET"]}}],"collection":[{"href":"https:\/\/bedrocan.com\/it\/wp-json\/wp\/v2\/pages"}],"about":[{"href":"https:\/\/bedrocan.com\/it\/wp-json\/wp\/v2\/types\/page"}],"author":[{"embeddable":true,"href":"https:\/\/bedrocan.com\/it\/wp-json\/wp\/v2\/users\/3"}],"replies":[{"embeddable":true,"href":"https:\/\/bedrocan.com\/it\/wp-json\/wp\/v2\/comments?post=9085"}],"version-history":[{"count":6,"href":"https:\/\/bedrocan.com\/it\/wp-json\/wp\/v2\/pages\/9085\/revisions"}],"predecessor-version":[{"id":203945,"href":"https:\/\/bedrocan.com\/it\/wp-json\/wp\/v2\/pages\/9085\/revisions\/203945"}],"up":[{"embeddable":true,"href":"https:\/\/bedrocan.com\/it\/wp-json\/wp\/v2\/pages\/144213"}],"wp:featuredmedia":[{"embeddable":true,"href":"https:\/\/bedrocan.com\/it\/wp-json\/wp\/v2\/media\/49600"}],"wp:attachment":[{"href":"https:\/\/bedrocan.com\/it\/wp-json\/wp\/v2\/media?parent=9085"}],"curies":[{"name":"wp","href":"https:\/\/api.w.org\/{rel}","templated":true}]}}