{"id":9106,"date":"2026-01-06T09:24:02","date_gmt":"2026-01-06T08:24:02","guid":{"rendered":"http:\/\/bedrocan.com\/home\/"},"modified":"2026-03-17T17:51:55","modified_gmt":"2026-03-17T16:51:55","slug":"home","status":"publish","type":"page","link":"https:\/\/bedrocan.com\/it\/","title":{"rendered":"Home"},"content":{"rendered":"<div class=\"wpb-content-wrapper\">[mk_page_section bg_color=&#8221;#ffffff&#8221; speed_factor=&#8221;0.4&#8243; full_width=&#8221;true&#8221; padding_bottom=&#8221;0&#8243; sidebar=&#8221;sidebar-1&#8243;][vc_column][mk_padding_divider][mk_edge_slider swiper_bg=&#8221;#000000&#8243; order=&#8221;ASC&#8221; orderby=&#8221;post__in&#8221; full_height=&#8221;false&#8221; height=&#8221;500&#8243; slideshow_speed=&#8221;9000&#8243; direction_nav=&#8221;round&#8221; skip_arrow=&#8221;false&#8221; slides=&#8221;38505, 38506, 38503, 143777&#8243;][\/vc_column][\/mk_page_section][vc_row css=&#8221;.vc_custom_1730301364905{background-color: #ffffff !important;}&#8221;][vc_column][mk_page_section min_height=&#8221;47&#8243; sidebar=&#8221;sidebar-1&#8243;][\/mk_page_section][\/vc_column][\/vc_row][vc_row css=&#8221;.vc_custom_1726213884477{background-color: #ffffff !important;}&#8221;][vc_column][mk_padding_divider][\/vc_column][\/vc_row][mk_page_section bg_color=&#8221;#f9f9f9&#8243; min_height=&#8221;2&#8243; js_vertical_centered=&#8221;true&#8221; padding_top=&#8221;0&#8243; padding_bottom=&#8221;0&#8243; margin_bottom=&#8221;50&#8243; sidebar=&#8221;sidebar-1&#8243;][vc_column width=&#8221;1\/2&#8243; css=&#8221;.vc_custom_1730392271757{padding-top: 15px !important;padding-bottom: 15px !important;}&#8221;][mk_padding_divider][vc_single_image image=&#8221;255699&#8243; img_size=&#8221;373&#215;249&#8243; alignment=&#8221;right&#8221; onclick=&#8221;custom_link&#8221; css=&#8221;.vc_custom_1767955495517{padding-top: 30px !important;padding-right: 30px !important;padding-left: 30px !important;}&#8221; link=&#8221;https:\/\/bedrocan.com\/it\/chi-siamo\/&#8221;][\/vc_column][vc_column width=&#8221;1\/2&#8243;][mk_padding_divider][vc_column_text css=&#8221;.vc_custom_1730469245890{margin-bottom: 0px !important;padding-top: 30px !important;padding-right: 30px !important;padding-left: 30px !important;}&#8221;]\n<h1><a href=\"https:\/\/bedrocan.com\/it\/chi-siamo\/\">Presentazione di Bedrocan<\/a><\/h1>\n<p>Bedrocan \u00e8 un produttore certificato GMP dell\u2019UE di cannabis ad uso medico standardizzata e di grado farmaceutico. I nostri prodotti di alta qualit\u00e0 sono utilizzati come materie prime e principi attivi farmaceutici (API).[\/vc_column_text][vc_cta h2=&#8221;&#8221; add_button=&#8221;bottom&#8221; btn_title=&#8221;Chi siamo&#8221; css=&#8221;.vc_custom_1730469309904{padding-top: 15px !important;padding-right: 15px !important;padding-bottom: 15px !important;padding-left: 30px !important;background-color: #F9F9F9 !important;border-color: #f9f9f9 !important;}&#8221; btn_link=&#8221;url:https%3A%2F%2Fbedrocan.com%2Fit%2Fchi-siamo%2F|target:_blank|&#8221;][\/vc_cta][\/vc_column][\/mk_page_section][vc_row css=&#8221;.vc_custom_1726213884477{background-color: #ffffff !important;}&#8221;][vc_column][mk_padding_divider][\/vc_column][\/vc_row][mk_page_section bg_color=&#8221;#f9f9f9&#8243; margin_bottom=&#8221;49&#8243; sidebar=&#8221;sidebar-1&#8243;][vc_column width=&#8221;1\/2&#8243;][vc_column_text css=&#8221;.vc_custom_1749549016008{margin-bottom: 0px !important;padding-top: 30px !important;padding-right: 30px !important;padding-left: 30px !important;}&#8221;]\n<h2><a href=\"https:\/\/bedrocan.com\/it\/chi-siamo\/il-nostro-metodo\/\">Cos\u2019\u00e8 la standardizzazione della cannabis?<\/a><\/h2>\n<p class=\"NormalText\"><span lang=\"IT\" style=\"color: windowtext;\">Bedrocan ha sviluppato dei metodi unici per produrre cannabis con una composizione costante di cannabinoidi in ogni lotto. Questo \u00e8 ci\u00f2 che chiamiamo standardizzazione della cannabis. La cannabis medicinale standardizzata \u00e8 l\u2019unico metodo per garantire che i pazienti e i soggetti delle ricerche cliniche sperimentino effetti terapeutici costanti nel tempo.<\/span><\/p>\n[\/vc_column_text][vc_cta h2=&#8221;&#8221; add_button=&#8221;bottom&#8221; btn_title=&#8221;Scopri di pi\u00f9&#8221; css=&#8221;.vc_custom_1767953892874{padding-top: 15px !important;padding-right: 15px !important;padding-bottom: 15px !important;padding-left: 30px !important;background-color: #f9f9f9 !important;border-color: #f9f9f9 !important;}&#8221; btn_link=&#8221;url:https%3A%2F%2Fbedrocan.com%2Fit%2Fchi-siamo%2Fil-nostro-metodo%2F&#8221;][\/vc_cta][\/vc_column][vc_column width=&#8221;1\/2&#8243;][mk_padding_divider][vc_single_image image=&#8221;255705&#8243; img_size=&#8221;373&#215;249&#8243; onclick=&#8221;custom_link&#8221; css=&#8221;.vc_custom_1767955536596{padding-top: 30px !important;padding-right: 30px !important;padding-left: 30px !important;}&#8221; link=&#8221;https:\/\/bedrocan.com\/it\/chi-siamo\/il-nostro-metodo\/&#8221;][\/vc_column][\/mk_page_section][vc_row css=&#8221;.vc_custom_1726213884477{background-color: #ffffff !important;}&#8221;][vc_column][mk_padding_divider][\/vc_column][\/vc_row][mk_page_section bg_color=&#8221;#f9f9f9&#8243; margin_bottom=&#8221;27&#8243; sidebar=&#8221;sidebar-1&#8243;][vc_column width=&#8221;1\/2&#8243;][mk_padding_divider][vc_single_image image=&#8221;257422&#8243; img_size=&#8221;373&#215;249&#8243; alignment=&#8221;right&#8221; onclick=&#8221;custom_link&#8221; css=&#8221;.vc_custom_1767955555810{padding-top: 30px !important;padding-right: 30px !important;padding-left: 30px !important;}&#8221; link=&#8221;https:\/\/bedrocan.com\/it\/professionista-sanitario\/&#8221;][\/vc_column][vc_column width=&#8221;1\/2&#8243;][mk_padding_divider][vc_column_text css=&#8221;.vc_custom_1767954110345{margin-bottom: 0px !important;padding-top: 30px !important;padding-right: 30px !important;padding-left: 30px !important;}&#8221;]\n<h2><a href=\"https:\/\/bedrocan.com\/it\/professionista-sanitario\/\">Lei \u00e8 un operatore sanitario?<\/a><\/h2>\n<p class=\"NormalText\"><span lang=\"IT\" style=\"color: windowtext;\">Bedrocan si impegna a sensibilizzare gli operatori sanitari sull\u2019uso medicinale della cannabis. Sosteniamo la diffusione di informazioni basate sull\u2019evidenza su come prescrivere, dosare e somministrare i prodotti a base di cannabis. Mettiamo a disposizione una serie di utili opuscoli informativi sulla cannabis medicinale per guidare gli operatori sanitari.<\/span><\/p>\n[\/vc_column_text][vc_cta h2=&#8221;&#8221; add_button=&#8221;bottom&#8221; btn_title=&#8221;Download&#8221; css=&#8221;.vc_custom_1767954126264{padding-top: 15px !important;padding-right: 30px !important;padding-bottom: 15px !important;padding-left: 30px !important;background-color: #F9F9F9 !important;border-color: #F9F9F9 !important;}&#8221; btn_link=&#8221;url:https%3A%2F%2Fbedrocan.com%2Fit%2Fprofessionista-sanitario%2F&#8221;][\/vc_cta][\/vc_column][\/mk_page_section][vc_row css=&#8221;.vc_custom_1730464617710{padding-top: 10px !important;padding-bottom: 10px !important;background-color: #ffffff !important;}&#8221;][vc_column][mk_padding_divider][\/vc_column][\/vc_row][mk_page_section bg_color=&#8221;#f9f9f9&#8243; margin_bottom=&#8221;50&#8243; sidebar=&#8221;sidebar-1&#8243;][vc_column width=&#8221;1\/2&#8243;][vc_column_text css=&#8221;.vc_custom_1767954173220{margin-bottom: 0px !important;padding-top: 30px !important;padding-right: 30px !important;padding-left: 30px !important;}&#8221;]\n<h2><a href=\"https:\/\/bedrocan.com\/it\/professionista-sanitario\/ricerca-sulla-cannabis\/\">Ricerca sulla cannabis<\/a><\/h2>\n<p>Bedrocan possiede una proprio centro di ricerca clinica dove vengono condotte ricerche sugli effetti della cannabis ad uso medico. Inoltre, il nostro gruppo di Ricerca e Sviluppo conduce ricerche sulle piante e ricerche analitiche per approfondire le propriet\u00e0 medicinali della cannabis e di altre piante.\u00a0Da sempre sosteniamo gli studi clinici e offriamo risorse ai progetti di ricerca in tutto il mondo.[\/vc_column_text][vc_cta h2=&#8221;&#8221; add_button=&#8221;bottom&#8221; btn_title=&#8221;Vedi gli studi&#8221; css=&#8221;.vc_custom_1767954186344{padding-top: 15px !important;padding-right: 15px !important;padding-bottom: 15px !important;padding-left: 30px !important;background-color: #f9f9f9 !important;border-color: #f9f9f9 !important;}&#8221; btn_link=&#8221;url:https%3A%2F%2Fbedrocan.com%2Fit%2Fprofessionista-sanitario%2Fricerca-sulla-cannabis%2F&#8221;][\/vc_cta][\/vc_column][vc_column width=&#8221;1\/2&#8243;][mk_padding_divider][vc_single_image image=&#8221;255711&#8243; img_size=&#8221;373&#215;249&#8243; onclick=&#8221;custom_link&#8221; css=&#8221;.vc_custom_1767955564054{padding-top: 30px !important;padding-right: 30px !important;padding-left: 30px !important;}&#8221; link=&#8221;https:\/\/bedrocan.com\/healthcare-professionals\/cannabis-research\/&#8221;][\/vc_column][\/mk_page_section][vc_row css=&#8221;.vc_custom_1726213884477{background-color: #ffffff !important;}&#8221;][vc_column][mk_padding_divider][\/vc_column][\/vc_row][mk_page_section bg_color=&#8221;#f9f9f9&#8243; min_height=&#8221;50&#8243; sidebar=&#8221;sidebar-1&#8243;][vc_column width=&#8221;1\/2&#8243;][mk_padding_divider][vc_single_image image=&#8221;142055&#8243; img_size=&#8221;373&#215;249&#8243; alignment=&#8221;right&#8221; onclick=&#8221;custom_link&#8221; css=&#8221;.vc_custom_1767955571761{padding-top: 30px !important;padding-right: 30px !important;padding-left: 30px !important;background-color: #F9F9F9 !important;}&#8221; link=&#8221;https:\/\/bedrocan.com\/it\/chi-siamo\/standard-di-qualita\/&#8221;][\/vc_column][vc_column width=&#8221;1\/2&#8243;][vc_column_text css=&#8221;.vc_custom_1767955657273{margin-bottom: 0px !important;padding-top: 30px !important;padding-right: 30px !important;padding-left: 30px !important;}&#8221;]\n<h2><a href=\"https:\/\/bedrocan.com\/it\/chi-siamo\/standard-di-qualita\/\">Cannabis medicinale di qualit\u00e0 farmaceutica<\/a><\/h2>\n<p>L\u2019intero processo produttivo di Bedrocan \u00e8 sottoposto ad un rigoroso controllo di qualit\u00e0. Siamo stati la prima azienda al mondo a ottenere la certificazione EU-GMP per la produzione di cannabis ad uso medico. Inoltre, siamo andati al di l\u00e0 dei requisiti delle Buone pratiche agricole e di raccolta (GACP) e abbiamo creato i nostri standard di qualit\u00e0 per la coltivazione: le Buone pratiche di coltivazione della cannabis medicinale (GMCCP).[\/vc_column_text][vc_cta h2=&#8221;&#8221; add_button=&#8221;bottom&#8221; btn_title=&#8221;Standard di qualit\u00e0&#8221; css=&#8221;.vc_custom_1767954257694{padding-top: 15px !important;padding-right: 15px !important;padding-bottom: 15px !important;padding-left: 30px !important;background-color: #f9f9f9 !important;border-color: #f9f9f9 !important;}&#8221; btn_link=&#8221;url:https%3A%2F%2Fbedrocan.com%2Fit%2Fchi-siamo%2Fstandard-di-qualita%2F&#8221;][\/vc_cta][\/vc_column][\/mk_page_section][mk_page_section][vc_column][mk_padding_divider][\/vc_column][\/mk_page_section][mk_page_section full_width=&#8221;true&#8221; padding_bottom=&#8221;30&#8243; sidebar=&#8221;sidebar-1&#8243;][vc_column][vc_row_inner attached=&#8221;true&#8221; is_fullwidth_content=&#8221;false&#8221; css=&#8221;.vc_custom_1730455793531{background-color: #097a98 !important;}&#8221;][vc_column_inner width=&#8221;1\/2&#8243; css=&#8221;.vc_custom_1730455780626{margin-bottom: 0px !important;padding-bottom: 6px !important;padding-left: 30px !important;background-color: #097a98 !important;}&#8221;][mk_padding_divider][vc_single_image image=&#8221;143508&#8243; img_size=&#8221;400&#215;300&#8243; alignment=&#8221;right&#8221; onclick=&#8221;custom_link&#8221; css=&#8221;&#8221; link=&#8221;https:\/\/bedrocan.com\/newsletter\/&#8221;][\/vc_column_inner][vc_column_inner width=&#8221;1\/2&#8243; css=&#8221;.vc_custom_1730456050377{padding-bottom: 30px !important;background-color: #097a98 !important;}&#8221;][vc_raw_html css=&#8221;&#8221;]JTNDZGl2JTIwY2xhc3MlM0QlMjJob21lLW9wdGluJTIyJTNFJTBBJTNDcCUzRSUzQyUyRnAlM0UlMEElNUJhY3RpdmVjYW1wYWlnbiUyMGZvcm0lM0Q5OCUyMGNzcyUzRDElNUQlMEElM0NwJTNFJTNDJTJGcCUzRSUwQSUzQ3AlM0UlM0NzcGFuJTIwc3R5bGUlM0QlMjJjb2xvciUzQSUyM0ZGRkZGRiUyMiUzRUxlZ2dpJTIwZSUyMGFjY2V0dGElMjAlM0NhJTIwc3R5bGUlM0QlMjJjb2xvciUzQSUyMzhEQ0JENyUyMiUyMGhyZWYlM0RodHRwcyUzQSUyRiUyRmJlZHJvY2FuLmNvbSUyRml0JTJGY29udGF0dGFjaSUyRmluZm9ybWF0aXZhLXN1bGxhLXByaXZhY3klMkYlMjB0YXJnZXQlM0QlMjJfYmxhbmslMjIlM0VsJTI3aW5mb3JtYXRpdmElMjBzdWxsYSUyMHByaXZhY3klM0MlMkZhJTNFJTNDJTJGc3BhbiUzRSUyMGRpJTIwQmVkcm9jYW4uJTNDJTJGcCUzRSUwQSUzQyUyRmRpdiUzRQ==[\/vc_raw_html][\/vc_column_inner][\/vc_row_inner][\/vc_column][\/mk_page_section][vc_row css=&#8221;.vc_custom_1726216598844{background-color: #ffffff !important;}&#8221;][vc_column][mk_padding_divider][\/vc_column][\/vc_row][vc_row][vc_column el_class=&#8221;test&#8221;][vc_column_text css=&#8221;.vc_custom_1657886735978{margin-bottom: 0px !important;}&#8221;][\/vc_column_text][mk_padding_divider size=&#8221;35&#8243;][mk_blog_carousel count=&#8221;4&#8243; view_all=&#8221;191&#8243;][mk_padding_divider size=&#8221;60&#8243;][\/vc_column][\/vc_row]\n<\/div>","protected":false},"excerpt":{"rendered":"<p>[mk_page_section bg_color=&#8221;#ffffff&#8221; speed_factor=&#8221;0.4&#8243; full_width=&#8221;true&#8221; padding_bottom=&#8221;0&#8243; sidebar=&#8221;sidebar-1&#8243;][vc_column][mk_padding_divider][mk_edge_slider swiper_bg=&#8221;#000000&#8243; order=&#8221;ASC&#8221; orderby=&#8221;post__in&#8221; full_height=&#8221;false&#8221; height=&#8221;500&#8243; slideshow_speed=&#8221;9000&#8243; direction_nav=&#8221;round&#8221; skip_arrow=&#8221;false&#8221; slides=&#8221;38505, 38506, 38503, 143777&#8243;][\/vc_column][\/mk_page_section][vc_row css=&#8221;.vc_custom_1730301364905{background-color: #ffffff !important;}&#8221;][vc_column][mk_page_section min_height=&#8221;47&#8243; sidebar=&#8221;sidebar-1&#8243;][\/mk_page_section][\/vc_column][\/vc_row][vc_row css=&#8221;.vc_custom_1726213884477{background-color: #ffffff !important;}&#8221;][vc_column][mk_padding_divider][\/vc_column][\/vc_row][mk_page_section bg_color=&#8221;#f9f9f9&#8243; min_height=&#8221;2&#8243; js_vertical_centered=&#8221;true&#8221; padding_top=&#8221;0&#8243; padding_bottom=&#8221;0&#8243; margin_bottom=&#8221;50&#8243; sidebar=&#8221;sidebar-1&#8243;][vc_column width=&#8221;1\/2&#8243; css=&#8221;.vc_custom_1730392271757{padding-top: 15px !important;padding-bottom: 15px !important;}&#8221;][mk_padding_divider][vc_single_image image=&#8221;255699&#8243; img_size=&#8221;373&#215;249&#8243; alignment=&#8221;right&#8221; onclick=&#8221;custom_link&#8221; css=&#8221;.vc_custom_1767955495517{padding-top: 30px !important;padding-right: 30px !important;padding-left: 30px !important;}&#8221; link=&#8221;https:\/\/bedrocan.com\/it\/chi-siamo\/&#8221;][\/vc_column][vc_column width=&#8221;1\/2&#8243;][mk_padding_divider][vc_column_text css=&#8221;.vc_custom_1730469245890{margin-bottom: 0px !important;padding-top: [&hellip;]<\/p>\n","protected":false},"author":3,"featured_media":131948,"parent":0,"menu_order":377,"comment_status":"closed","ping_status":"closed","template":"","meta":{"footnotes":""},"class_list":["post-9106","page","type-page","status-publish","has-post-thumbnail","hentry"],"yoast_head":"<!-- This site is optimized with the Yoast SEO plugin v27.4 - https:\/\/yoast.com\/product\/yoast-seo-wordpress\/ -->\n<title>Cannabis medicinale standardizzata di Bedrocan<\/title>\n<meta name=\"description\" content=\"Cannabis medicinale s\u2019intende la cannabis che soddisfa gli standard qualitativi per l\u2019uso del prodotto come farmaco.\" \/>\n<meta name=\"robots\" content=\"index, follow, max-snippet:-1, max-image-preview:large, max-video-preview:-1\" \/>\n<link rel=\"canonical\" href=\"https:\/\/bedrocan.com\/it\/\" \/>\n<meta property=\"og:locale\" content=\"it_IT\" \/>\n<meta property=\"og:type\" content=\"article\" \/>\n<meta property=\"og:title\" content=\"Cannabis medicinale standardizzata di Bedrocan\" \/>\n<meta property=\"og:description\" content=\"Cannabis medicinale s\u2019intende la cannabis che soddisfa gli standard qualitativi per l\u2019uso del prodotto come farmaco.\" \/>\n<meta property=\"og:url\" content=\"https:\/\/bedrocan.com\/it\/\" \/>\n<meta property=\"og:site_name\" content=\"Bedrocan\" \/>\n<meta property=\"article:publisher\" content=\"https:\/\/www.facebook.com\/Bedrocan\" \/>\n<meta property=\"article:modified_time\" content=\"2026-03-17T16:51:55+00:00\" \/>\n<meta property=\"og:image\" content=\"https:\/\/bedrocan.com\/wp-content\/uploads\/cannabis-flos_lr-47.jpg\" \/>\n\t<meta property=\"og:image:width\" content=\"1350\" \/>\n\t<meta property=\"og:image:height\" content=\"900\" \/>\n\t<meta property=\"og:image:type\" content=\"image\/jpeg\" \/>\n<meta name=\"twitter:card\" content=\"summary_large_image\" \/>\n<meta name=\"twitter:label1\" content=\"Tempo di lettura stimato\" \/>\n\t<meta name=\"twitter:data1\" content=\"5 minuti\" \/>\n<script type=\"application\/ld+json\" class=\"yoast-schema-graph\">{\"@context\":\"https:\\\/\\\/schema.org\",\"@graph\":[{\"@type\":\"WebPage\",\"@id\":\"https:\\\/\\\/bedrocan.com\\\/it\\\/\",\"url\":\"https:\\\/\\\/bedrocan.com\\\/it\\\/\",\"name\":\"Cannabis medicinale standardizzata di Bedrocan\",\"isPartOf\":{\"@id\":\"https:\\\/\\\/bedrocan.com\\\/it\\\/#website\"},\"primaryImageOfPage\":{\"@id\":\"https:\\\/\\\/bedrocan.com\\\/it\\\/#primaryimage\"},\"image\":{\"@id\":\"https:\\\/\\\/bedrocan.com\\\/it\\\/#primaryimage\"},\"thumbnailUrl\":\"https:\\\/\\\/bedrocan.com\\\/wp-content\\\/uploads\\\/cannabis-flos_lr-47.jpg\",\"datePublished\":\"2026-01-06T08:24:02+00:00\",\"dateModified\":\"2026-03-17T16:51:55+00:00\",\"description\":\"Cannabis medicinale s\u2019intende la cannabis che soddisfa gli standard qualitativi per l\u2019uso del prodotto come farmaco.\",\"breadcrumb\":{\"@id\":\"https:\\\/\\\/bedrocan.com\\\/it\\\/#breadcrumb\"},\"inLanguage\":\"it-IT\",\"potentialAction\":[{\"@type\":\"ReadAction\",\"target\":[\"https:\\\/\\\/bedrocan.com\\\/it\\\/\"]}]},{\"@type\":\"ImageObject\",\"inLanguage\":\"it-IT\",\"@id\":\"https:\\\/\\\/bedrocan.com\\\/it\\\/#primaryimage\",\"url\":\"https:\\\/\\\/bedrocan.com\\\/wp-content\\\/uploads\\\/cannabis-flos_lr-47.jpg\",\"contentUrl\":\"https:\\\/\\\/bedrocan.com\\\/wp-content\\\/uploads\\\/cannabis-flos_lr-47.jpg\",\"width\":1350,\"height\":900,\"caption\":\"Cannabis medicinale\"},{\"@type\":\"BreadcrumbList\",\"@id\":\"https:\\\/\\\/bedrocan.com\\\/it\\\/#breadcrumb\",\"itemListElement\":[{\"@type\":\"ListItem\",\"position\":1,\"name\":\"Home\",\"item\":\"https:\\\/\\\/bedrocan.com\\\/it\\\/\"},{\"@type\":\"ListItem\",\"position\":2,\"name\":\"Home\"}]},{\"@type\":\"WebSite\",\"@id\":\"https:\\\/\\\/bedrocan.com\\\/it\\\/#website\",\"url\":\"https:\\\/\\\/bedrocan.com\\\/it\\\/\",\"name\":\"Bedrocan\",\"description\":\"medicinal cannabis\",\"publisher\":{\"@id\":\"https:\\\/\\\/bedrocan.com\\\/it\\\/#organization\"},\"potentialAction\":[{\"@type\":\"SearchAction\",\"target\":{\"@type\":\"EntryPoint\",\"urlTemplate\":\"https:\\\/\\\/bedrocan.com\\\/it\\\/?s={search_term_string}\"},\"query-input\":{\"@type\":\"PropertyValueSpecification\",\"valueRequired\":true,\"valueName\":\"search_term_string\"}}],\"inLanguage\":\"it-IT\"},{\"@type\":\"Organization\",\"@id\":\"https:\\\/\\\/bedrocan.com\\\/it\\\/#organization\",\"name\":\"Bedrocan\",\"url\":\"https:\\\/\\\/bedrocan.com\\\/it\\\/\",\"logo\":{\"@type\":\"ImageObject\",\"inLanguage\":\"it-IT\",\"@id\":\"https:\\\/\\\/bedrocan.com\\\/it\\\/#\\\/schema\\\/logo\\\/image\\\/\",\"url\":\"https:\\\/\\\/bedrocan.com\\\/wp-content\\\/uploads\\\/logo-bedrocan-mail.png\",\"contentUrl\":\"https:\\\/\\\/bedrocan.com\\\/wp-content\\\/uploads\\\/logo-bedrocan-mail.png\",\"width\":185,\"height\":31,\"caption\":\"Bedrocan\"},\"image\":{\"@id\":\"https:\\\/\\\/bedrocan.com\\\/it\\\/#\\\/schema\\\/logo\\\/image\\\/\"},\"sameAs\":[\"https:\\\/\\\/www.facebook.com\\\/Bedrocan\",\"https:\\\/\\\/www.linkedin.com\\\/company\\\/bedrocan\\\/\",\"https:\\\/\\\/www.instagram.com\\\/bedrocan_international\\\/\"]}]}<\/script>\n<!-- \/ Yoast SEO plugin. -->","yoast_head_json":{"title":"Cannabis medicinale standardizzata di Bedrocan","description":"Cannabis medicinale s\u2019intende la cannabis che soddisfa gli standard qualitativi per l\u2019uso del prodotto come farmaco.","robots":{"index":"index","follow":"follow","max-snippet":"max-snippet:-1","max-image-preview":"max-image-preview:large","max-video-preview":"max-video-preview:-1"},"canonical":"https:\/\/bedrocan.com\/it\/","og_locale":"it_IT","og_type":"article","og_title":"Cannabis medicinale standardizzata di Bedrocan","og_description":"Cannabis medicinale s\u2019intende la cannabis che soddisfa gli standard qualitativi per l\u2019uso del prodotto come farmaco.","og_url":"https:\/\/bedrocan.com\/it\/","og_site_name":"Bedrocan","article_publisher":"https:\/\/www.facebook.com\/Bedrocan","article_modified_time":"2026-03-17T16:51:55+00:00","og_image":[{"width":1350,"height":900,"url":"https:\/\/bedrocan.com\/wp-content\/uploads\/cannabis-flos_lr-47.jpg","type":"image\/jpeg"}],"twitter_card":"summary_large_image","twitter_misc":{"Tempo di lettura stimato":"5 minuti"},"schema":{"@context":"https:\/\/schema.org","@graph":[{"@type":"WebPage","@id":"https:\/\/bedrocan.com\/it\/","url":"https:\/\/bedrocan.com\/it\/","name":"Cannabis medicinale standardizzata di Bedrocan","isPartOf":{"@id":"https:\/\/bedrocan.com\/it\/#website"},"primaryImageOfPage":{"@id":"https:\/\/bedrocan.com\/it\/#primaryimage"},"image":{"@id":"https:\/\/bedrocan.com\/it\/#primaryimage"},"thumbnailUrl":"https:\/\/bedrocan.com\/wp-content\/uploads\/cannabis-flos_lr-47.jpg","datePublished":"2026-01-06T08:24:02+00:00","dateModified":"2026-03-17T16:51:55+00:00","description":"Cannabis medicinale s\u2019intende la cannabis che soddisfa gli standard qualitativi per l\u2019uso del prodotto come farmaco.","breadcrumb":{"@id":"https:\/\/bedrocan.com\/it\/#breadcrumb"},"inLanguage":"it-IT","potentialAction":[{"@type":"ReadAction","target":["https:\/\/bedrocan.com\/it\/"]}]},{"@type":"ImageObject","inLanguage":"it-IT","@id":"https:\/\/bedrocan.com\/it\/#primaryimage","url":"https:\/\/bedrocan.com\/wp-content\/uploads\/cannabis-flos_lr-47.jpg","contentUrl":"https:\/\/bedrocan.com\/wp-content\/uploads\/cannabis-flos_lr-47.jpg","width":1350,"height":900,"caption":"Cannabis medicinale"},{"@type":"BreadcrumbList","@id":"https:\/\/bedrocan.com\/it\/#breadcrumb","itemListElement":[{"@type":"ListItem","position":1,"name":"Home","item":"https:\/\/bedrocan.com\/it\/"},{"@type":"ListItem","position":2,"name":"Home"}]},{"@type":"WebSite","@id":"https:\/\/bedrocan.com\/it\/#website","url":"https:\/\/bedrocan.com\/it\/","name":"Bedrocan","description":"medicinal cannabis","publisher":{"@id":"https:\/\/bedrocan.com\/it\/#organization"},"potentialAction":[{"@type":"SearchAction","target":{"@type":"EntryPoint","urlTemplate":"https:\/\/bedrocan.com\/it\/?s={search_term_string}"},"query-input":{"@type":"PropertyValueSpecification","valueRequired":true,"valueName":"search_term_string"}}],"inLanguage":"it-IT"},{"@type":"Organization","@id":"https:\/\/bedrocan.com\/it\/#organization","name":"Bedrocan","url":"https:\/\/bedrocan.com\/it\/","logo":{"@type":"ImageObject","inLanguage":"it-IT","@id":"https:\/\/bedrocan.com\/it\/#\/schema\/logo\/image\/","url":"https:\/\/bedrocan.com\/wp-content\/uploads\/logo-bedrocan-mail.png","contentUrl":"https:\/\/bedrocan.com\/wp-content\/uploads\/logo-bedrocan-mail.png","width":185,"height":31,"caption":"Bedrocan"},"image":{"@id":"https:\/\/bedrocan.com\/it\/#\/schema\/logo\/image\/"},"sameAs":["https:\/\/www.facebook.com\/Bedrocan","https:\/\/www.linkedin.com\/company\/bedrocan\/","https:\/\/www.instagram.com\/bedrocan_international\/"]}]}},"_links":{"self":[{"href":"https:\/\/bedrocan.com\/it\/wp-json\/wp\/v2\/pages\/9106","targetHints":{"allow":["GET"]}}],"collection":[{"href":"https:\/\/bedrocan.com\/it\/wp-json\/wp\/v2\/pages"}],"about":[{"href":"https:\/\/bedrocan.com\/it\/wp-json\/wp\/v2\/types\/page"}],"author":[{"embeddable":true,"href":"https:\/\/bedrocan.com\/it\/wp-json\/wp\/v2\/users\/3"}],"replies":[{"embeddable":true,"href":"https:\/\/bedrocan.com\/it\/wp-json\/wp\/v2\/comments?post=9106"}],"version-history":[{"count":11,"href":"https:\/\/bedrocan.com\/it\/wp-json\/wp\/v2\/pages\/9106\/revisions"}],"predecessor-version":[{"id":258820,"href":"https:\/\/bedrocan.com\/it\/wp-json\/wp\/v2\/pages\/9106\/revisions\/258820"}],"wp:featuredmedia":[{"embeddable":true,"href":"https:\/\/bedrocan.com\/it\/wp-json\/wp\/v2\/media\/131948"}],"wp:attachment":[{"href":"https:\/\/bedrocan.com\/it\/wp-json\/wp\/v2\/media?parent=9106"}],"curies":[{"name":"wp","href":"https:\/\/api.w.org\/{rel}","templated":true}]}}