{"id":8861,"date":"2024-03-11T10:40:47","date_gmt":"2024-03-11T09:40:47","guid":{"rendered":"http:\/\/bedrocan.com\/about-us\/"},"modified":"2025-06-19T15:38:39","modified_gmt":"2025-06-19T13:38:39","slug":"over-bedrocan","status":"publish","type":"page","link":"https:\/\/bedrocan.com\/nl\/over-bedrocan\/","title":{"rendered":"Over Bedrocan"},"content":{"rendered":"<div class=\"wpb-content-wrapper\">[mk_page_section bg_image=&#8221;http:\/\/bedrocan.com\/wp-content\/uploads\/bediol-granulate-medicinal-cannabis-by-bedrocan-2.png&#8221; bg_position=&#8221;center center&#8221; bg_repeat=&#8221;no-repeat&#8221; bg_stretch=&#8221;true&#8221; min_height=&#8221;300&#8243; full_width=&#8221;true&#8221; top_shape_color=&#8221;#ffffff&#8221; bottom_shape_color=&#8221;#ffffff&#8221; visibility=&#8221;hidden-sm&#8221; sidebar=&#8221;sidebar-1&#8243;][vc_column][\/vc_column][\/mk_page_section][vc_row][vc_column][vc_empty_space height=&#8221;45px&#8221;][vc_column_text css=&#8221;.vc_custom_1617122111733{margin-bottom: 0px !important;}&#8221;]\n<h1>Over Bedrocan<\/h1>\n[\/vc_column_text][vc_separator color=&#8221;custom&#8221; align=&#8221;align_left&#8221; border_width=&#8221;5&#8243; el_width=&#8221;10&#8243; accent_color=&#8221;#008752&#8243; css=&#8221;.vc_custom_1480948060188{margin-top: -10px !important;margin-bottom: 10px !important;}&#8221;][\/vc_column][\/vc_row][vc_row][vc_column][mk_padding_divider][vc_column_text css=&#8221;.vc_custom_1697455371661{margin-bottom: 0px !important;}&#8221;]Sinds 2003 produceert Bedrocan Nederland medicinale cannabis in opdracht van het Nederlandse ministerie van Volksgezondheid, Welzijn en Sport. De overheidsinstelling Bureau voor Medicinale Cannabis (<a href=\"https:\/\/www.cannabisbureau.nl\/\" target=\"_blank\" rel=\"noopener\">BMC<\/a>) is verantwoordelijk voor de uitvoering van het Nederlandse cannabisprogramma, dat bestaat uit de productie, verpakking en levering aan Nederlandse apothekers. Ook dragen zij zorg voor export vanuit Nederland naar &#8211; onder andere &#8211; Australi\u00eb, Denemarken, Duitsland, Ierland, Isra\u00ebl, Itali\u00eb, Oostenrijk, Polen en Tsjechi\u00eb, evenals naar onderzoekers over de hele wereld.[\/vc_column_text][\/vc_column][\/vc_row][vc_row][vc_column][vc_column_text css=&#8221;.vc_custom_1697455466387{margin-bottom: 0px !important;}&#8221;]\n<h2>Bedrocan Nederland<\/h2>\n[\/vc_column_text][vc_column_text css=&#8221;.vc_custom_1710162259009{margin-bottom: 0px !important;}&#8221;]Bedrocan Nederland heeft al meer dan twintig jaar ervaring met het kweken van cannabis en is daarmee de meest ervaren producent van legale medicinale cannabis ter wereld.[\/vc_column_text][\/vc_column][\/vc_row][vc_row][vc_column width=&#8221;2\/3&#8243;][vc_column_text css=&#8221;.vc_custom_1675676835605{margin-bottom: 0px !important;}&#8221;]Daarnaast is Bedrocan het enige bedrijf dat momenteel in staat is om gestandaardiseerde medicinale cannabis te produceren. Standaardisatie houdt in dat de werkzame inhoudsstoffen, waaronder <a href=\"https:\/\/bedrocan.com\/nl\/zorgverleners\/medicinale-cannabis\/#cannabinoiden\">cannabino\u00efden<\/a> en <a href=\"https:\/\/bedrocan.com\/nl\/zorgverleners\/medicinale-cannabis\/#terpenen\">terpenen<\/a>, voor iedere productsoort hetzelfde zijn.\u00a0Dit is mogelijk door de unieke kweekmethode en door de cannabis onder strikte <a href=\"https:\/\/bedrocan.com\/nl\/over-bedrocan\/kwaliteitsnormen\/\">farmaceutische richtlijnen<\/a> (GMP) te produceren.<\/p>\n<p>De farmaceutische kwaliteit, de diversiteit aan producten en de mogelijkheid de cannabis te exporteren zijn voor meerdere overheden, wetenschappers en farmaceutische bedrijven redenen om met Bedrocan samen te werken.[\/vc_column_text][vc_column_text css=&#8221;.vc_custom_1710162441958{margin-bottom: 0px !important;}&#8221;]\n<h2>Cannabisproducten<\/h2>\n<p>Bedrocan produceert momenteel\u00a0vijf verschillende <a href=\"https:\/\/bedrocan.com\/nl\/cannabis-producten\/\">cannabissoorten<\/a> die aan dezelfde kwaliteitsstandaarden voldoen als andere geneesmiddelen. Het gehele productieproces voldoet aan good manufacturing practice (<a href=\"https:\/\/bedrocan.com\/nl\/over-bedrocan\/kwaliteitsnormen\/\">GMP<\/a>). In Nederland staan twee kweekfaciliteiten. Ook is Bedrocan internationaal actief. Vanuit Denemarken bedient Bedrocan zakelijke klanten.[\/vc_column_text][vc_column_text css=&#8221;.vc_custom_1697455082446{margin-bottom: 0px !important;}&#8221;]\n<h2 style=\"text-align: center;\">Onze visie<\/h2>\n[\/vc_column_text][vc_column_text]Bedrocan streeft ernaar het volledige medische potentieel van de cannabisplant tot ontwikkeling te brengen en wereldwijd beschikbaar te stellen aan diegenen die het nodig hebben.[\/vc_column_text][vc_column_text css=&#8221;.vc_custom_1697455100425{margin-bottom: 0px !important;}&#8221;]\n<h2 style=\"text-align: center;\">Onze missie<\/h2>\n[\/vc_column_text][vc_column_text css=&#8221;.vc_custom_1543418543362{margin-bottom: 0px !important;}&#8221;]Bedrocan wil de kloof tussen de wereldwijde vraag naar medicinale cannabis enerzijds en de kwaliteitsstandaard van de moderne geneeskunde anderzijds zo goed mogelijk overbruggen.<\/p>\n<p>Bedrocan vindt dat bij de productie van medicinale cannabis aan alle bestaande wet- en regelgeving voor geneesmiddelen moet \u00e9n kan worden voldaan. Veiligheid, kwaliteit en de garantie dat medicinale cannabis altijd dezelfde werkzame stoffen bevat, staan daarbij voorop.[\/vc_column_text][\/vc_column][vc_column width=&#8221;1\/3&#8243; css=&#8221;.vc_custom_1543417602615{padding-right: 25px !important;padding-left: 25px !important;background-color: #f5f5f5 !important;}&#8221;][mk_padding_divider][mk_image src=&#8221;http:\/\/bedrocan.com\/wp-content\/uploads\/tjalling-en-freerk-1984-lr.jpg&#8221; image_size=&#8221;full&#8221; desc=&#8221;Oprichters Tjalling Erkelens en Freerk Bruining &#8211; 1984&#8243;][vc_column_text css=&#8221;.vc_custom_1697455159334{margin-bottom: 0px !important;}&#8221;]\n<h3>Oorsprong in Groningen<\/h3>\n[\/vc_column_text][vc_column_text css=&#8221;.vc_custom_1697455442243{margin-bottom: 0px !important;}&#8221;]Bedrocan Nederland is ooit begonnen als Gronings familiebedrijf en, ook nu we blijven groeien, zijn we trots op onze afkomst. Onze wortels liggen in de agrarische tradities van Noord-Nederland. In 1984 begon Bedrocan met gespecialiseerde binnenteelt van witlof, kruiden, potplanten en andere gewassen. Voortbouwend op deze ervaring is Bedrocan in de jaren 90 overgestapt op de ontwikkeling van gestandaardiseerde, op kwaliteit gecontroleerde <a href=\"https:\/\/bedrocan.com\/nl\/zorgverleners\/medicinale-cannabis\/\">medicinale cannabis<\/a>.[\/vc_column_text][\/vc_column][\/vc_row][vc_row][vc_column][vc_column_text][\/vc_column_text][vc_column_text css=&#8221;.vc_custom_1638198124616{margin-bottom: 0px !important;}&#8221;]Het uiteindelijk doel is om, in samenwerking met pati\u00ebnten, overheidsinstanties en zorgprofessionals, cannabis als officieel geneesmiddel geregistreerd te krijgen. Goed onderbouwde wetenschappelijke kennis en gestandaardiseerde testmethodes zijn daarbij cruciaal. Om dit doel te bereiken:<\/p>\n<ul>\n<li>Doen wij actief mee aan onderzoeksprogramma\u2019s en delen we onze kennis door middel van wetenschappelijke publicaties<\/li>\n<li>Stellen wij onze medicinale cannabis van farmaceutische kwaliteit via overheidsprogramma\u2019s wereldwijd beschikbaar<\/li>\n<\/ul>\n[\/vc_column_text][mk_padding_divider][\/vc_column][\/vc_row]\n<\/div>","protected":false},"excerpt":{"rendered":"<p>[mk_page_section bg_image=&#8221;http:\/\/bedrocan.com\/wp-content\/uploads\/bediol-granulate-medicinal-cannabis-by-bedrocan-2.png&#8221; bg_position=&#8221;center center&#8221; bg_repeat=&#8221;no-repeat&#8221; bg_stretch=&#8221;true&#8221; min_height=&#8221;300&#8243; full_width=&#8221;true&#8221; top_shape_color=&#8221;#ffffff&#8221; bottom_shape_color=&#8221;#ffffff&#8221; visibility=&#8221;hidden-sm&#8221; sidebar=&#8221;sidebar-1&#8243;][vc_column][\/vc_column][\/mk_page_section][vc_row][vc_column][vc_empty_space height=&#8221;45px&#8221;][vc_column_text css=&#8221;.vc_custom_1617122111733{margin-bottom: 0px !important;}&#8221;] Over Bedrocan [\/vc_column_text][vc_separator color=&#8221;custom&#8221; align=&#8221;align_left&#8221; border_width=&#8221;5&#8243; el_width=&#8221;10&#8243; accent_color=&#8221;#008752&#8243; css=&#8221;.vc_custom_1480948060188{margin-top: -10px !important;margin-bottom: 10px !important;}&#8221;][\/vc_column][\/vc_row][vc_row][vc_column][mk_padding_divider][vc_column_text css=&#8221;.vc_custom_1697455371661{margin-bottom: 0px !important;}&#8221;]Sinds 2003 produceert Bedrocan Nederland medicinale cannabis in opdracht van het Nederlandse ministerie van Volksgezondheid, Welzijn en Sport. De overheidsinstelling Bureau voor Medicinale Cannabis [&hellip;]<\/p>\n","protected":false},"author":3,"featured_media":119280,"parent":0,"menu_order":385,"comment_status":"closed","ping_status":"closed","template":"","meta":{"footnotes":""},"class_list":["post-8861","page","type-page","status-publish","has-post-thumbnail","hentry"],"yoast_head":"<!-- This site is optimized with the Yoast SEO plugin v27.4 - https:\/\/yoast.com\/product\/yoast-seo-wordpress\/ -->\n<title>Bedrocan Nederland produceert medicinale cannabis<\/title>\n<meta name=\"description\" content=\"Bedrocan Nederland is de meest ervaren producent van legale medicinale cannabis ter wereld. Onze cannabis wordt onder GMP geteeld.\" \/>\n<meta name=\"robots\" content=\"index, follow, max-snippet:-1, max-image-preview:large, max-video-preview:-1\" \/>\n<link rel=\"canonical\" href=\"https:\/\/bedrocan.com\/nl\/over-bedrocan\/\" \/>\n<meta property=\"og:locale\" content=\"nl_NL\" \/>\n<meta property=\"og:type\" content=\"article\" \/>\n<meta property=\"og:title\" content=\"Bedrocan Nederland produceert medicinale cannabis\" \/>\n<meta property=\"og:description\" content=\"Bedrocan Nederland is de meest ervaren producent van legale medicinale cannabis ter wereld. Onze cannabis wordt onder GMP geteeld.\" \/>\n<meta property=\"og:url\" content=\"https:\/\/bedrocan.com\/nl\/over-bedrocan\/\" \/>\n<meta property=\"og:site_name\" content=\"Bedrocan International\" \/>\n<meta property=\"article:publisher\" content=\"https:\/\/www.facebook.com\/Bedrocan\" \/>\n<meta property=\"article:modified_time\" content=\"2025-06-19T13:38:39+00:00\" \/>\n<meta property=\"og:image\" content=\"https:\/\/bedrocan.com\/wp-content\/uploads\/bediol-granulate-medicinal-cannabis-by-bedrocan-2.png\" \/>\n\t<meta property=\"og:image:width\" content=\"1280\" \/>\n\t<meta property=\"og:image:height\" content=\"742\" \/>\n\t<meta property=\"og:image:type\" content=\"image\/png\" \/>\n<meta name=\"twitter:card\" content=\"summary_large_image\" \/>\n<meta name=\"twitter:label1\" content=\"Geschatte leestijd\" \/>\n\t<meta name=\"twitter:data1\" content=\"3 minuten\" \/>\n<script type=\"application\/ld+json\" class=\"yoast-schema-graph\">{\"@context\":\"https:\\\/\\\/schema.org\",\"@graph\":[{\"@type\":\"WebPage\",\"@id\":\"https:\\\/\\\/bedrocan.com\\\/nl\\\/over-bedrocan\\\/\",\"url\":\"https:\\\/\\\/bedrocan.com\\\/nl\\\/over-bedrocan\\\/\",\"name\":\"Bedrocan Nederland produceert medicinale cannabis\",\"isPartOf\":{\"@id\":\"https:\\\/\\\/bedrocan.com\\\/nl\\\/#website\"},\"primaryImageOfPage\":{\"@id\":\"https:\\\/\\\/bedrocan.com\\\/nl\\\/over-bedrocan\\\/#primaryimage\"},\"image\":{\"@id\":\"https:\\\/\\\/bedrocan.com\\\/nl\\\/over-bedrocan\\\/#primaryimage\"},\"thumbnailUrl\":\"https:\\\/\\\/bedrocan.com\\\/wp-content\\\/uploads\\\/bediol-granulate-medicinal-cannabis-by-bedrocan-2.png\",\"datePublished\":\"2024-03-11T09:40:47+00:00\",\"dateModified\":\"2025-06-19T13:38:39+00:00\",\"description\":\"Bedrocan Nederland is de meest ervaren producent van legale medicinale cannabis ter wereld. Onze cannabis wordt onder GMP geteeld.\",\"breadcrumb\":{\"@id\":\"https:\\\/\\\/bedrocan.com\\\/nl\\\/over-bedrocan\\\/#breadcrumb\"},\"inLanguage\":\"nl-NL\",\"potentialAction\":[{\"@type\":\"ReadAction\",\"target\":[\"https:\\\/\\\/bedrocan.com\\\/nl\\\/over-bedrocan\\\/\"]}]},{\"@type\":\"ImageObject\",\"inLanguage\":\"nl-NL\",\"@id\":\"https:\\\/\\\/bedrocan.com\\\/nl\\\/over-bedrocan\\\/#primaryimage\",\"url\":\"https:\\\/\\\/bedrocan.com\\\/wp-content\\\/uploads\\\/bediol-granulate-medicinal-cannabis-by-bedrocan-2.png\",\"contentUrl\":\"https:\\\/\\\/bedrocan.com\\\/wp-content\\\/uploads\\\/bediol-granulate-medicinal-cannabis-by-bedrocan-2.png\",\"width\":1280,\"height\":742,\"caption\":\"Bedrocan\"},{\"@type\":\"BreadcrumbList\",\"@id\":\"https:\\\/\\\/bedrocan.com\\\/nl\\\/over-bedrocan\\\/#breadcrumb\",\"itemListElement\":[{\"@type\":\"ListItem\",\"position\":1,\"name\":\"Home\",\"item\":\"https:\\\/\\\/bedrocan.com\\\/nl\\\/\"},{\"@type\":\"ListItem\",\"position\":2,\"name\":\"Over Bedrocan\"}]},{\"@type\":\"WebSite\",\"@id\":\"https:\\\/\\\/bedrocan.com\\\/nl\\\/#website\",\"url\":\"https:\\\/\\\/bedrocan.com\\\/nl\\\/\",\"name\":\"Bedrocan\",\"description\":\"pharmaceutical cannabis only\",\"publisher\":{\"@id\":\"https:\\\/\\\/bedrocan.com\\\/nl\\\/#organization\"},\"potentialAction\":[{\"@type\":\"SearchAction\",\"target\":{\"@type\":\"EntryPoint\",\"urlTemplate\":\"https:\\\/\\\/bedrocan.com\\\/nl\\\/?s={search_term_string}\"},\"query-input\":{\"@type\":\"PropertyValueSpecification\",\"valueRequired\":true,\"valueName\":\"search_term_string\"}}],\"inLanguage\":\"nl-NL\"},{\"@type\":\"Organization\",\"@id\":\"https:\\\/\\\/bedrocan.com\\\/nl\\\/#organization\",\"name\":\"Bedrocan\",\"url\":\"https:\\\/\\\/bedrocan.com\\\/nl\\\/\",\"logo\":{\"@type\":\"ImageObject\",\"inLanguage\":\"nl-NL\",\"@id\":\"https:\\\/\\\/bedrocan.com\\\/nl\\\/#\\\/schema\\\/logo\\\/image\\\/\",\"url\":\"https:\\\/\\\/bedrocan.com\\\/wp-content\\\/uploads\\\/logo-bedrocan-mail.png\",\"contentUrl\":\"https:\\\/\\\/bedrocan.com\\\/wp-content\\\/uploads\\\/logo-bedrocan-mail.png\",\"width\":185,\"height\":31,\"caption\":\"Bedrocan\"},\"image\":{\"@id\":\"https:\\\/\\\/bedrocan.com\\\/nl\\\/#\\\/schema\\\/logo\\\/image\\\/\"},\"sameAs\":[\"https:\\\/\\\/www.facebook.com\\\/Bedrocan\",\"https:\\\/\\\/www.linkedin.com\\\/company\\\/bedrocan\\\/\",\"https:\\\/\\\/www.instagram.com\\\/bedrocan_international\\\/\"]}]}<\/script>\n<!-- \/ Yoast SEO plugin. -->","yoast_head_json":{"title":"Bedrocan Nederland produceert medicinale cannabis","description":"Bedrocan Nederland is de meest ervaren producent van legale medicinale cannabis ter wereld. Onze cannabis wordt onder GMP geteeld.","robots":{"index":"index","follow":"follow","max-snippet":"max-snippet:-1","max-image-preview":"max-image-preview:large","max-video-preview":"max-video-preview:-1"},"canonical":"https:\/\/bedrocan.com\/nl\/over-bedrocan\/","og_locale":"nl_NL","og_type":"article","og_title":"Bedrocan Nederland produceert medicinale cannabis","og_description":"Bedrocan Nederland is de meest ervaren producent van legale medicinale cannabis ter wereld. Onze cannabis wordt onder GMP geteeld.","og_url":"https:\/\/bedrocan.com\/nl\/over-bedrocan\/","og_site_name":"Bedrocan International","article_publisher":"https:\/\/www.facebook.com\/Bedrocan","article_modified_time":"2025-06-19T13:38:39+00:00","og_image":[{"width":1280,"height":742,"url":"https:\/\/bedrocan.com\/wp-content\/uploads\/bediol-granulate-medicinal-cannabis-by-bedrocan-2.png","type":"image\/png"}],"twitter_card":"summary_large_image","twitter_misc":{"Geschatte leestijd":"3 minuten"},"schema":{"@context":"https:\/\/schema.org","@graph":[{"@type":"WebPage","@id":"https:\/\/bedrocan.com\/nl\/over-bedrocan\/","url":"https:\/\/bedrocan.com\/nl\/over-bedrocan\/","name":"Bedrocan Nederland produceert medicinale cannabis","isPartOf":{"@id":"https:\/\/bedrocan.com\/nl\/#website"},"primaryImageOfPage":{"@id":"https:\/\/bedrocan.com\/nl\/over-bedrocan\/#primaryimage"},"image":{"@id":"https:\/\/bedrocan.com\/nl\/over-bedrocan\/#primaryimage"},"thumbnailUrl":"https:\/\/bedrocan.com\/wp-content\/uploads\/bediol-granulate-medicinal-cannabis-by-bedrocan-2.png","datePublished":"2024-03-11T09:40:47+00:00","dateModified":"2025-06-19T13:38:39+00:00","description":"Bedrocan Nederland is de meest ervaren producent van legale medicinale cannabis ter wereld. Onze cannabis wordt onder GMP geteeld.","breadcrumb":{"@id":"https:\/\/bedrocan.com\/nl\/over-bedrocan\/#breadcrumb"},"inLanguage":"nl-NL","potentialAction":[{"@type":"ReadAction","target":["https:\/\/bedrocan.com\/nl\/over-bedrocan\/"]}]},{"@type":"ImageObject","inLanguage":"nl-NL","@id":"https:\/\/bedrocan.com\/nl\/over-bedrocan\/#primaryimage","url":"https:\/\/bedrocan.com\/wp-content\/uploads\/bediol-granulate-medicinal-cannabis-by-bedrocan-2.png","contentUrl":"https:\/\/bedrocan.com\/wp-content\/uploads\/bediol-granulate-medicinal-cannabis-by-bedrocan-2.png","width":1280,"height":742,"caption":"Bedrocan"},{"@type":"BreadcrumbList","@id":"https:\/\/bedrocan.com\/nl\/over-bedrocan\/#breadcrumb","itemListElement":[{"@type":"ListItem","position":1,"name":"Home","item":"https:\/\/bedrocan.com\/nl\/"},{"@type":"ListItem","position":2,"name":"Over Bedrocan"}]},{"@type":"WebSite","@id":"https:\/\/bedrocan.com\/nl\/#website","url":"https:\/\/bedrocan.com\/nl\/","name":"Bedrocan","description":"pharmaceutical cannabis only","publisher":{"@id":"https:\/\/bedrocan.com\/nl\/#organization"},"potentialAction":[{"@type":"SearchAction","target":{"@type":"EntryPoint","urlTemplate":"https:\/\/bedrocan.com\/nl\/?s={search_term_string}"},"query-input":{"@type":"PropertyValueSpecification","valueRequired":true,"valueName":"search_term_string"}}],"inLanguage":"nl-NL"},{"@type":"Organization","@id":"https:\/\/bedrocan.com\/nl\/#organization","name":"Bedrocan","url":"https:\/\/bedrocan.com\/nl\/","logo":{"@type":"ImageObject","inLanguage":"nl-NL","@id":"https:\/\/bedrocan.com\/nl\/#\/schema\/logo\/image\/","url":"https:\/\/bedrocan.com\/wp-content\/uploads\/logo-bedrocan-mail.png","contentUrl":"https:\/\/bedrocan.com\/wp-content\/uploads\/logo-bedrocan-mail.png","width":185,"height":31,"caption":"Bedrocan"},"image":{"@id":"https:\/\/bedrocan.com\/nl\/#\/schema\/logo\/image\/"},"sameAs":["https:\/\/www.facebook.com\/Bedrocan","https:\/\/www.linkedin.com\/company\/bedrocan\/","https:\/\/www.instagram.com\/bedrocan_international\/"]}]}},"_links":{"self":[{"href":"https:\/\/bedrocan.com\/nl\/wp-json\/wp\/v2\/pages\/8861","targetHints":{"allow":["GET"]}}],"collection":[{"href":"https:\/\/bedrocan.com\/nl\/wp-json\/wp\/v2\/pages"}],"about":[{"href":"https:\/\/bedrocan.com\/nl\/wp-json\/wp\/v2\/types\/page"}],"author":[{"embeddable":true,"href":"https:\/\/bedrocan.com\/nl\/wp-json\/wp\/v2\/users\/3"}],"replies":[{"embeddable":true,"href":"https:\/\/bedrocan.com\/nl\/wp-json\/wp\/v2\/comments?post=8861"}],"version-history":[{"count":6,"href":"https:\/\/bedrocan.com\/nl\/wp-json\/wp\/v2\/pages\/8861\/revisions"}],"predecessor-version":[{"id":204104,"href":"https:\/\/bedrocan.com\/nl\/wp-json\/wp\/v2\/pages\/8861\/revisions\/204104"}],"wp:featuredmedia":[{"embeddable":true,"href":"https:\/\/bedrocan.com\/nl\/wp-json\/wp\/v2\/media\/119280"}],"wp:attachment":[{"href":"https:\/\/bedrocan.com\/nl\/wp-json\/wp\/v2\/media?parent=8861"}],"curies":[{"name":"wp","href":"https:\/\/api.w.org\/{rel}","templated":true}]}}