{"id":8933,"date":"2025-11-28T09:40:47","date_gmt":"2025-11-28T08:40:47","guid":{"rendered":"http:\/\/bedrocan.com\/over-ons\/history\/"},"modified":"2025-11-28T10:33:55","modified_gmt":"2025-11-28T09:33:55","slug":"dosering-van-cannabis","status":"publish","type":"page","link":"https:\/\/bedrocan.com\/nl\/zorgverleners\/dosering-van-cannabis\/","title":{"rendered":"Dosering van cannabis"},"content":{"rendered":"<div class=\"wpb-content-wrapper\">[mk_page_section bg_image=&#8221;http:\/\/bedrocan.com\/wp-content\/uploads\/llt20160714_009.jpg&#8221; bg_position=&#8221;center center&#8221; bg_repeat=&#8221;no-repeat&#8221; bg_stretch=&#8221;true&#8221; min_height=&#8221;300&#8243; full_width=&#8221;true&#8221; top_shape_color=&#8221;#ffffff&#8221; bottom_shape_color=&#8221;#ffffff&#8221; visibility=&#8221;hidden-sm&#8221; sidebar=&#8221;sidebar-1&#8243;][vc_column][\/vc_column][\/mk_page_section][vc_row][vc_column][vc_empty_space height=&#8221;45px&#8221;][vc_column_text css=&#8221;.vc_custom_1738078690887{margin-bottom: 0px !important;}&#8221;]\n<h1>Dosering van medicinale cannabis<\/h1>\n[\/vc_column_text][vc_separator color=&#8221;custom&#8221; align=&#8221;align_left&#8221; border_width=&#8221;5&#8243; el_width=&#8221;10&#8243; css=&#8221;.vc_custom_1480948060188{margin-top: -10px !important;margin-bottom: 10px !important;}&#8221; accent_color=&#8221;#008752&#8243;][\/vc_column][\/vc_row][vc_row][vc_column][mk_padding_divider][vc_column_text css=&#8221;.vc_custom_1738080048650{margin-bottom: 0px !important;}&#8221;]Het vinden van een juiste dosering van cannabis is niet eenvoudig. Zoals bij alle geneesmiddelen, reageren individuele pati\u00ebnten allemaal anders op medicinale cannabis. De reactie hangt af van het gebruikte cannabisproduct, de te behandelen aandoening, de duur van de behandeling, de wijze van toediening en erfelijke aanleg.<\/p>\n<h2>Praktische overwegingen bij dosering<\/h2>\n<p>De juiste dosering van cannabis is de laagst mogelijke dosering die het gewenste klinische effect bereikt met een minimaal bijwerkingenprofiel.<\/p>\n<p>Een conservatief doseringsprotocol moet worden gebruikt bij het behandelen van kwetsbare en oudere pati\u00ebnten, pati\u00ebnten met comorbiditeiten, of pati\u00ebnten die meerdere medicijnen gebruiken \u2013 met name medicijnen waarvan bekend is dat ze interacteren met cannabino\u00efden.<\/p>\n<h2>Titratie<\/h2>\n<p>Er is een titratieperiode nodig om de gepersonaliseerde dosis cannabis van de pati\u00ebnt te bereiken. Afhankelijk van de indicatie wordt voorgesteld dat tijdens de eerste titratie de doses gelijkmatig over de dag worden verdeeld. Pati\u00ebnten kunnen de dosis geleidelijk verhogen totdat ze een optimale dagelijkse dosering bereiken. Het is belangrijk dat de dosering langzaam wordt getitreerd.<\/p>\n<h2>Richtlijnen<\/h2>\n<p>De meest ongewenste <a href=\"https:\/\/bedrocan.com\/nl\/zorgverleners\/bijwerkingen-risicos\/\">bijwerkingen<\/a> kunnen worden voorkomen door deze richtlijnen te volgen:<\/p>\n<ul>\n<li><strong>Lage dosering<\/strong> \u2013 het is beter om meerdere kleine doses per dag te nemen die samen de vereiste dosis vormen, in plaats van te experimenteren met \u00e9\u00e9n grote dosis. Blijf bij een lage<br \/>\ndagelijkse dosering, toegediend over meerdere momenten.<\/li>\n<li><strong>Geduld<\/strong> \u2013 cannabino\u00efden kunnen op elke pati\u00ebnt een ander effect hebben. Wacht tot het effect, indien aanwezig, optreedt. Het is beter om dezelfde lage dosering meerdere dagen toe te passen, en eventuele effecten die kunnen optreden in de gaten te houden.<\/li>\n<li><strong>Verhoog de dosering langzaam<\/strong> \u2013 na een paar dagen kan de pati\u00ebnt de dosering verhogen. Neem na elke verhoging\u00a0een \u200b\u200bpaar dagen de tijd om de voortgang te controleren. Adviseer pati\u00ebnten dat het tussen een en twee weken kan duren om de optimale dosering te bereiken (de grootste medicinale effecten met minimale bijwerkingen).<\/li>\n<\/ul>\n[\/vc_column_text][\/vc_column][\/vc_row][vc_row][vc_column][mk_padding_divider][vc_column_text css=&#8221;.vc_custom_1738080436191{margin-bottom: 0px !important;}&#8221;]\n<h2><span class=\"fontstyle0\">Cannabis overdosering<\/span><\/h2>\n<p><span class=\"fontstyle1\">Overdosering kan in veel gevallen worden voorkomen door een behandelprotocol op te stellen. Bij gebruik van te grote doses THC kan een pati\u00ebnt het gevoel van bedwelming ervaren. Dit wordt vaak omschreven als een milde euforie of resulteert in sedatie en slaperigheid. Met het verstrijken van de tijd verandert dit in gevoelens van tevredenheid en ontspanning. Sommige personen bemerken een lichte verslechtering van het korte-termijngeheugen en een versnelde hartslag. Andere effecten zijn ongecontroleerd lachen en een ander bewustzijn van de omgeving (kleuren, geluiden).<br \/>\n<\/span><\/p>\n<p><span class=\"fontstyle1\">In sommige gevallen wordt de overdosis ervaren als een vertekening van de werkelijkheid en milde angst, soms gepaard met veranderingen in hartslag en bloeddruk. In deze gevallen is het meestal voldoende dat pati\u00ebnten op een rustige en comfortabele plek gaan zitten of liggen, bij voorkeur met een vertrouwd persoon om mee te praten. Overdosering met zeer hoge doses kan leiden tot een psychotische toestand of andere psychiatrische aandoeningen, vooral bij degenen met een reeds bestaande genetische kwetsbaarheid.\u00a0<\/span><\/p>\n<h3 id=\"tw-target-text\" class=\"tw-data-text tw-text-large XcVN5d tw-ta\" dir=\"ltr\" data-placeholder=\"Vertaling\"><span lang=\"nl\">Een &#8216;high&#8217; voorkomen<\/span><\/h3>\n<p class=\"tw-data-text tw-text-large XcVN5d tw-ta\" dir=\"ltr\" data-placeholder=\"Vertaling\"><span lang=\"nl\"> Sommige pati\u00ebnten ervaren een ongewenste &#8216;high&#8217;. Dit kan meestal worden voorkomen door lagere doses te consumeren of door de dosis langzaam en verdeeld over een langere periode toe te dienen. De kans op het ervaren van deze effecten is groter bij orale consumptie van medicinale cannabis, omdat het spijsverteringssysteem THC-metabolieten afgeeft. Deze chemicali\u00ebn zijn zelfs nog psychoactiever dan THC zelf. Dit is een van de redenen waarom eetwaren vaak leiden tot doseringsproblemen. Bij het consumeren van cannabis in de vorm van thee (een vloeistof die gemakkelijker verteerbaar is) komen dergelijke bijwerkingen minder vaak voor.\u00a0<\/span><\/p>\n<p dir=\"ltr\" data-placeholder=\"Vertaling\">Zie ook: <a href=\"https:\/\/bedrocan.com\/nl\/zorgverleners\/bijwerkingen-risicos\/\">Bijwerkingen en risico&#8217;s<\/a><\/p>\n[\/vc_column_text][\/vc_column][\/vc_row][vc_row][vc_column][mk_padding_divider][\/vc_column][\/vc_row][vc_row css=&#8221;.vc_custom_1738078857479{background-color: #FFFFFF !important;}&#8221;][vc_column][vc_cta h2=&#8221;Meer informatie over dosering van cannabis&#8221; h2_font_container=&#8221;tag:h2|text_align:center|color:%23FFFFFF&#8221; h2_use_theme_fonts=&#8221;yes&#8221; h4=&#8221;Download A clinical primer&#8221; h4_font_container=&#8221;tag:h3|text_align:center&#8221; h4_use_theme_fonts=&#8221;yes&#8221; txt_align=&#8221;center&#8221; add_button=&#8221;bottom&#8221; btn_title=&#8221;Ga naar brochures&#8221; btn_align=&#8221;center&#8221; css=&#8221;.vc_custom_1764322325507{background-color: #097A9866 !important;}&#8221; use_custom_fonts_h2=&#8221;true&#8221; use_custom_fonts_h4=&#8221;true&#8221; btn_link=&#8221;url:https%3A%2F%2Fbedrocan.com%2Fnl%2Fzorgverleners%2Fbrochures%2F&#8221;]Meer weten over dosering van medicinale cannabis? In de Engelstalige brochure <em>A clinical primer &#8211; A guide to the rational use of <\/em><em>cannabis-<\/em><em>based medicines<\/em> is een hoofdstuk gewijd aan dosering van op cannabis gebaseerde medicijnen. Ook komen onafhankelijke zorgprofessionals, waaronder artsen en apothekers, aan het woord die ruime ervaring hebben met het voorschrijven van cannabis. U kunt het boekje gratis downloaden op de brochures-pagina.[\/vc_cta][\/vc_column][\/vc_row]\n<\/div>","protected":false},"excerpt":{"rendered":"<p>[mk_page_section bg_image=&#8221;http:\/\/bedrocan.com\/wp-content\/uploads\/llt20160714_009.jpg&#8221; bg_position=&#8221;center center&#8221; bg_repeat=&#8221;no-repeat&#8221; bg_stretch=&#8221;true&#8221; min_height=&#8221;300&#8243; full_width=&#8221;true&#8221; top_shape_color=&#8221;#ffffff&#8221; bottom_shape_color=&#8221;#ffffff&#8221; visibility=&#8221;hidden-sm&#8221; sidebar=&#8221;sidebar-1&#8243;][vc_column][\/vc_column][\/mk_page_section][vc_row][vc_column][vc_empty_space height=&#8221;45px&#8221;][vc_column_text css=&#8221;.vc_custom_1738078690887{margin-bottom: 0px !important;}&#8221;] Dosering van medicinale cannabis [\/vc_column_text][vc_separator color=&#8221;custom&#8221; align=&#8221;align_left&#8221; border_width=&#8221;5&#8243; el_width=&#8221;10&#8243; css=&#8221;.vc_custom_1480948060188{margin-top: -10px !important;margin-bottom: 10px !important;}&#8221; accent_color=&#8221;#008752&#8243;][\/vc_column][\/vc_row][vc_row][vc_column][mk_padding_divider][vc_column_text css=&#8221;.vc_custom_1738080048650{margin-bottom: 0px !important;}&#8221;]Het vinden van een juiste dosering van cannabis is niet eenvoudig. Zoals bij alle geneesmiddelen, reageren individuele pati\u00ebnten allemaal anders op medicinale [&hellip;]<\/p>\n","protected":false},"author":3,"featured_media":158501,"parent":144215,"menu_order":1,"comment_status":"closed","ping_status":"closed","template":"","meta":{"footnotes":""},"class_list":["post-8933","page","type-page","status-publish","has-post-thumbnail","hentry"],"yoast_head":"<!-- This site is optimized with the Yoast SEO plugin v27.3 - https:\/\/yoast.com\/product\/yoast-seo-wordpress\/ -->\n<title>Dosering van cannabis bij pati\u00ebnten<\/title>\n<meta name=\"description\" content=\"De dosering van cannabis is niet eenvoudig. Wat de juiste dosering is, moet voor iedere pati\u00ebnt afzonderlijk worden bepaald.\" \/>\n<meta name=\"robots\" content=\"index, follow, max-snippet:-1, max-image-preview:large, max-video-preview:-1\" \/>\n<link rel=\"canonical\" href=\"https:\/\/bedrocan.com\/nl\/zorgverleners\/dosering-van-cannabis\/\" \/>\n<meta property=\"og:locale\" content=\"nl_NL\" \/>\n<meta property=\"og:type\" content=\"article\" \/>\n<meta property=\"og:title\" content=\"Dosering van cannabis bij pati\u00ebnten\" \/>\n<meta property=\"og:description\" content=\"De dosering van cannabis is niet eenvoudig. Wat de juiste dosering is, moet voor iedere pati\u00ebnt afzonderlijk worden bepaald.\" \/>\n<meta property=\"og:url\" content=\"https:\/\/bedrocan.com\/nl\/zorgverleners\/dosering-van-cannabis\/\" \/>\n<meta property=\"og:site_name\" content=\"Bedrocan International\" \/>\n<meta property=\"article:publisher\" content=\"https:\/\/www.facebook.com\/Bedrocan\" \/>\n<meta property=\"article:modified_time\" content=\"2025-11-28T09:33:55+00:00\" \/>\n<meta property=\"og:image\" content=\"https:\/\/bedrocan.com\/wp-content\/uploads\/pharmacy-2.png\" \/>\n\t<meta property=\"og:image:width\" content=\"1280\" \/>\n\t<meta property=\"og:image:height\" content=\"813\" \/>\n\t<meta property=\"og:image:type\" content=\"image\/png\" \/>\n<meta name=\"twitter:card\" content=\"summary_large_image\" \/>\n<meta name=\"twitter:label1\" content=\"Geschatte leestijd\" \/>\n\t<meta name=\"twitter:data1\" content=\"4 minuten\" \/>\n<script type=\"application\/ld+json\" class=\"yoast-schema-graph\">{\"@context\":\"https:\\\/\\\/schema.org\",\"@graph\":[{\"@type\":\"WebPage\",\"@id\":\"https:\\\/\\\/bedrocan.com\\\/nl\\\/zorgverleners\\\/dosering-van-cannabis\\\/\",\"url\":\"https:\\\/\\\/bedrocan.com\\\/nl\\\/zorgverleners\\\/dosering-van-cannabis\\\/\",\"name\":\"Dosering van cannabis bij pati\u00ebnten\",\"isPartOf\":{\"@id\":\"https:\\\/\\\/bedrocan.com\\\/nl\\\/#website\"},\"primaryImageOfPage\":{\"@id\":\"https:\\\/\\\/bedrocan.com\\\/nl\\\/zorgverleners\\\/dosering-van-cannabis\\\/#primaryimage\"},\"image\":{\"@id\":\"https:\\\/\\\/bedrocan.com\\\/nl\\\/zorgverleners\\\/dosering-van-cannabis\\\/#primaryimage\"},\"thumbnailUrl\":\"https:\\\/\\\/bedrocan.com\\\/wp-content\\\/uploads\\\/pharmacy-2.png\",\"datePublished\":\"2025-11-28T08:40:47+00:00\",\"dateModified\":\"2025-11-28T09:33:55+00:00\",\"description\":\"De dosering van cannabis is niet eenvoudig. Wat de juiste dosering is, moet voor iedere pati\u00ebnt afzonderlijk worden bepaald.\",\"breadcrumb\":{\"@id\":\"https:\\\/\\\/bedrocan.com\\\/nl\\\/zorgverleners\\\/dosering-van-cannabis\\\/#breadcrumb\"},\"inLanguage\":\"nl-NL\",\"potentialAction\":[{\"@type\":\"ReadAction\",\"target\":[\"https:\\\/\\\/bedrocan.com\\\/nl\\\/zorgverleners\\\/dosering-van-cannabis\\\/\"]}]},{\"@type\":\"ImageObject\",\"inLanguage\":\"nl-NL\",\"@id\":\"https:\\\/\\\/bedrocan.com\\\/nl\\\/zorgverleners\\\/dosering-van-cannabis\\\/#primaryimage\",\"url\":\"https:\\\/\\\/bedrocan.com\\\/wp-content\\\/uploads\\\/pharmacy-2.png\",\"contentUrl\":\"https:\\\/\\\/bedrocan.com\\\/wp-content\\\/uploads\\\/pharmacy-2.png\",\"width\":1280,\"height\":813,\"caption\":\"Dosering van cannabis\"},{\"@type\":\"BreadcrumbList\",\"@id\":\"https:\\\/\\\/bedrocan.com\\\/nl\\\/zorgverleners\\\/dosering-van-cannabis\\\/#breadcrumb\",\"itemListElement\":[{\"@type\":\"ListItem\",\"position\":1,\"name\":\"Home\",\"item\":\"https:\\\/\\\/bedrocan.com\\\/nl\\\/\"},{\"@type\":\"ListItem\",\"position\":2,\"name\":\"Zorgverleners\",\"item\":\"https:\\\/\\\/bedrocan.com\\\/nl\\\/zorgverleners\\\/\"},{\"@type\":\"ListItem\",\"position\":3,\"name\":\"Dosering van cannabis\"}]},{\"@type\":\"WebSite\",\"@id\":\"https:\\\/\\\/bedrocan.com\\\/nl\\\/#website\",\"url\":\"https:\\\/\\\/bedrocan.com\\\/nl\\\/\",\"name\":\"Bedrocan\",\"description\":\"pharmaceutical cannabis only\",\"publisher\":{\"@id\":\"https:\\\/\\\/bedrocan.com\\\/nl\\\/#organization\"},\"potentialAction\":[{\"@type\":\"SearchAction\",\"target\":{\"@type\":\"EntryPoint\",\"urlTemplate\":\"https:\\\/\\\/bedrocan.com\\\/nl\\\/?s={search_term_string}\"},\"query-input\":{\"@type\":\"PropertyValueSpecification\",\"valueRequired\":true,\"valueName\":\"search_term_string\"}}],\"inLanguage\":\"nl-NL\"},{\"@type\":\"Organization\",\"@id\":\"https:\\\/\\\/bedrocan.com\\\/nl\\\/#organization\",\"name\":\"Bedrocan\",\"url\":\"https:\\\/\\\/bedrocan.com\\\/nl\\\/\",\"logo\":{\"@type\":\"ImageObject\",\"inLanguage\":\"nl-NL\",\"@id\":\"https:\\\/\\\/bedrocan.com\\\/nl\\\/#\\\/schema\\\/logo\\\/image\\\/\",\"url\":\"https:\\\/\\\/bedrocan.com\\\/wp-content\\\/uploads\\\/logo-bedrocan-mail.png\",\"contentUrl\":\"https:\\\/\\\/bedrocan.com\\\/wp-content\\\/uploads\\\/logo-bedrocan-mail.png\",\"width\":185,\"height\":31,\"caption\":\"Bedrocan\"},\"image\":{\"@id\":\"https:\\\/\\\/bedrocan.com\\\/nl\\\/#\\\/schema\\\/logo\\\/image\\\/\"},\"sameAs\":[\"https:\\\/\\\/www.facebook.com\\\/Bedrocan\",\"https:\\\/\\\/www.linkedin.com\\\/company\\\/bedrocan\\\/\",\"https:\\\/\\\/www.instagram.com\\\/bedrocan_international\\\/\"]}]}<\/script>\n<!-- \/ Yoast SEO plugin. -->","yoast_head_json":{"title":"Dosering van cannabis bij pati\u00ebnten","description":"De dosering van cannabis is niet eenvoudig. Wat de juiste dosering is, moet voor iedere pati\u00ebnt afzonderlijk worden bepaald.","robots":{"index":"index","follow":"follow","max-snippet":"max-snippet:-1","max-image-preview":"max-image-preview:large","max-video-preview":"max-video-preview:-1"},"canonical":"https:\/\/bedrocan.com\/nl\/zorgverleners\/dosering-van-cannabis\/","og_locale":"nl_NL","og_type":"article","og_title":"Dosering van cannabis bij pati\u00ebnten","og_description":"De dosering van cannabis is niet eenvoudig. Wat de juiste dosering is, moet voor iedere pati\u00ebnt afzonderlijk worden bepaald.","og_url":"https:\/\/bedrocan.com\/nl\/zorgverleners\/dosering-van-cannabis\/","og_site_name":"Bedrocan International","article_publisher":"https:\/\/www.facebook.com\/Bedrocan","article_modified_time":"2025-11-28T09:33:55+00:00","og_image":[{"width":1280,"height":813,"url":"https:\/\/bedrocan.com\/wp-content\/uploads\/pharmacy-2.png","type":"image\/png"}],"twitter_card":"summary_large_image","twitter_misc":{"Geschatte leestijd":"4 minuten"},"schema":{"@context":"https:\/\/schema.org","@graph":[{"@type":"WebPage","@id":"https:\/\/bedrocan.com\/nl\/zorgverleners\/dosering-van-cannabis\/","url":"https:\/\/bedrocan.com\/nl\/zorgverleners\/dosering-van-cannabis\/","name":"Dosering van cannabis bij pati\u00ebnten","isPartOf":{"@id":"https:\/\/bedrocan.com\/nl\/#website"},"primaryImageOfPage":{"@id":"https:\/\/bedrocan.com\/nl\/zorgverleners\/dosering-van-cannabis\/#primaryimage"},"image":{"@id":"https:\/\/bedrocan.com\/nl\/zorgverleners\/dosering-van-cannabis\/#primaryimage"},"thumbnailUrl":"https:\/\/bedrocan.com\/wp-content\/uploads\/pharmacy-2.png","datePublished":"2025-11-28T08:40:47+00:00","dateModified":"2025-11-28T09:33:55+00:00","description":"De dosering van cannabis is niet eenvoudig. Wat de juiste dosering is, moet voor iedere pati\u00ebnt afzonderlijk worden bepaald.","breadcrumb":{"@id":"https:\/\/bedrocan.com\/nl\/zorgverleners\/dosering-van-cannabis\/#breadcrumb"},"inLanguage":"nl-NL","potentialAction":[{"@type":"ReadAction","target":["https:\/\/bedrocan.com\/nl\/zorgverleners\/dosering-van-cannabis\/"]}]},{"@type":"ImageObject","inLanguage":"nl-NL","@id":"https:\/\/bedrocan.com\/nl\/zorgverleners\/dosering-van-cannabis\/#primaryimage","url":"https:\/\/bedrocan.com\/wp-content\/uploads\/pharmacy-2.png","contentUrl":"https:\/\/bedrocan.com\/wp-content\/uploads\/pharmacy-2.png","width":1280,"height":813,"caption":"Dosering van cannabis"},{"@type":"BreadcrumbList","@id":"https:\/\/bedrocan.com\/nl\/zorgverleners\/dosering-van-cannabis\/#breadcrumb","itemListElement":[{"@type":"ListItem","position":1,"name":"Home","item":"https:\/\/bedrocan.com\/nl\/"},{"@type":"ListItem","position":2,"name":"Zorgverleners","item":"https:\/\/bedrocan.com\/nl\/zorgverleners\/"},{"@type":"ListItem","position":3,"name":"Dosering van cannabis"}]},{"@type":"WebSite","@id":"https:\/\/bedrocan.com\/nl\/#website","url":"https:\/\/bedrocan.com\/nl\/","name":"Bedrocan","description":"pharmaceutical cannabis only","publisher":{"@id":"https:\/\/bedrocan.com\/nl\/#organization"},"potentialAction":[{"@type":"SearchAction","target":{"@type":"EntryPoint","urlTemplate":"https:\/\/bedrocan.com\/nl\/?s={search_term_string}"},"query-input":{"@type":"PropertyValueSpecification","valueRequired":true,"valueName":"search_term_string"}}],"inLanguage":"nl-NL"},{"@type":"Organization","@id":"https:\/\/bedrocan.com\/nl\/#organization","name":"Bedrocan","url":"https:\/\/bedrocan.com\/nl\/","logo":{"@type":"ImageObject","inLanguage":"nl-NL","@id":"https:\/\/bedrocan.com\/nl\/#\/schema\/logo\/image\/","url":"https:\/\/bedrocan.com\/wp-content\/uploads\/logo-bedrocan-mail.png","contentUrl":"https:\/\/bedrocan.com\/wp-content\/uploads\/logo-bedrocan-mail.png","width":185,"height":31,"caption":"Bedrocan"},"image":{"@id":"https:\/\/bedrocan.com\/nl\/#\/schema\/logo\/image\/"},"sameAs":["https:\/\/www.facebook.com\/Bedrocan","https:\/\/www.linkedin.com\/company\/bedrocan\/","https:\/\/www.instagram.com\/bedrocan_international\/"]}]}},"_links":{"self":[{"href":"https:\/\/bedrocan.com\/nl\/wp-json\/wp\/v2\/pages\/8933","targetHints":{"allow":["GET"]}}],"collection":[{"href":"https:\/\/bedrocan.com\/nl\/wp-json\/wp\/v2\/pages"}],"about":[{"href":"https:\/\/bedrocan.com\/nl\/wp-json\/wp\/v2\/types\/page"}],"author":[{"embeddable":true,"href":"https:\/\/bedrocan.com\/nl\/wp-json\/wp\/v2\/users\/3"}],"replies":[{"embeddable":true,"href":"https:\/\/bedrocan.com\/nl\/wp-json\/wp\/v2\/comments?post=8933"}],"version-history":[{"count":5,"href":"https:\/\/bedrocan.com\/nl\/wp-json\/wp\/v2\/pages\/8933\/revisions"}],"predecessor-version":[{"id":256765,"href":"https:\/\/bedrocan.com\/nl\/wp-json\/wp\/v2\/pages\/8933\/revisions\/256765"}],"up":[{"embeddable":true,"href":"https:\/\/bedrocan.com\/nl\/wp-json\/wp\/v2\/pages\/144215"}],"wp:featuredmedia":[{"embeddable":true,"href":"https:\/\/bedrocan.com\/nl\/wp-json\/wp\/v2\/media\/158501"}],"wp:attachment":[{"href":"https:\/\/bedrocan.com\/nl\/wp-json\/wp\/v2\/media?parent=8933"}],"curies":[{"name":"wp","href":"https:\/\/api.w.org\/{rel}","templated":true}]}}