{"id":8936,"date":"2025-01-30T10:30:25","date_gmt":"2025-01-30T09:30:25","guid":{"rendered":"http:\/\/bedrocan.com\/over-ons\/our-method\/"},"modified":"2025-06-19T15:38:43","modified_gmt":"2025-06-19T13:38:43","slug":"standaardisatie-onze-methode","status":"publish","type":"page","link":"https:\/\/bedrocan.com\/nl\/over-bedrocan\/standaardisatie-onze-methode\/","title":{"rendered":"Onze methode"},"content":{"rendered":"<div class=\"wpb-content-wrapper\">[mk_page_section bg_image=&#8221;http:\/\/bedrocan.com\/wp-content\/uploads\/verwerking-personeel-emmeloord-bedrocan-57.jpg&#8221; bg_position=&#8221;center center&#8221; bg_repeat=&#8221;no-repeat&#8221; bg_stretch=&#8221;true&#8221; min_height=&#8221;300&#8243; full_width=&#8221;true&#8221; top_shape_color=&#8221;#ffffff&#8221; bottom_shape_color=&#8221;#ffffff&#8221; visibility=&#8221;hidden-sm&#8221; sidebar=&#8221;sidebar-1&#8243;][vc_column][\/vc_column][\/mk_page_section][vc_row][vc_column][vc_empty_space height=&#8221;45px&#8221;][vc_column_text css=&#8221;.vc_custom_1654244934630{margin-bottom: 0px !important;}&#8221;]\n<h1>Onze methode: standaardisatie<\/h1>\n[\/vc_column_text][vc_separator color=&#8221;custom&#8221; align=&#8221;align_left&#8221; border_width=&#8221;5&#8243; el_width=&#8221;10&#8243; css=&#8221;.vc_custom_1480948060188{margin-top: -10px !important;margin-bottom: 10px !important;}&#8221; accent_color=&#8221;#008752&#8243;][\/vc_column][\/vc_row][vc_row][vc_column][mk_padding_divider][vc_column_text css=&#8221;.vc_custom_1654245283042{margin-bottom: 0px !important;}&#8221;]\n<h2>Consistentie door standaardisatie<\/h2>\n<p>Bedrocan is het enige bedrijf ter wereld dat bewezen in staat is om <a href=\"https:\/\/bedrocan.com\/nl\/cannabis-producten\/\">gestandaardiseerde cannabis<\/a> flos (hele, gedroogde bloem) te produceren. Aan de hand van een combinatie van stabiele plantgenetica en geautomatiseerde innovatieve productietechnieken is Bedrocan in staat vari\u00ebteiten te kweken die iedere keer opnieuw consistente niveaus aan cannabino\u00efden bevatten. Dat is standaardisatie.[\/vc_column_text][vc_column_text css=&#8221;.vc_custom_1698666216125{margin-bottom: 0px !important;}&#8221;]Daarnaast zijn wij de eerste en enige producent van medicinale cannabis ter wereld die in staat is om medicinale cannabis te produceren in overeenstemming met de EU-richtlijnen voor een goede manier van produceren (good manufacturing practice &#8211; GMP). Ons productieproces is officieel <a href=\"https:\/\/bedrocan.com\/nl\/over-bedrocan\/kwaliteitsnormen\/\">gecertificeerd<\/a>.[\/vc_column_text][\/vc_column][\/vc_row][vc_row][vc_column][vc_column_text disable_pattern=&#8221;false&#8221; el_class=&#8221;h2&#8243; css=&#8221;.vc_custom_1698666309136{margin-bottom: 0px !important;}&#8221;]\n<h2>Waarom is standaardisatie belangrijk?<\/h2>\n<p>Het gaat bij standaardisatie niet alleen om een stabiel THC- en CBD-gehalte in iedere batch. Het gaat ook over het vinden van een goede balans tussen meer dan honderd in potentie werkzame stoffen, van cannabino\u00efden tot terpenen.<\/p>\n<p>Standaardisatie is de enige methode om te kunnen garanderen dat voorschrijvende artsen en pati\u00ebnten over een bepaalde tijdsperiode een consistent therapeutisch effect kunnen bereiken.<\/p>\n<p>Standaardisatie staat garant voor een gelijke samenstelling van doseringen en herhaalbaarheid van doseringen en stelt pati\u00ebnten en voorschrijvende artsen bovendien in staat doseringen aan te passen via titratie. Het maakt goede monitoring van de effectiviteit, de veiligheid en de mogelijke bijwerkingen mogelijk.<\/p>\n<p>Standaardisatie maakt het vergelijken van bevindingen uit meerdere klinische proeven en onderzoeken uit verschillende tijdsperioden mogelijk. Het is een cruciale factor in het verzamelen van empirisch bewijs voor de effectiviteit van medicinale cannabis.[\/vc_column_text][mk_padding_divider size=&#8221;20&#8243;][vc_btn title=&#8221;Bedrocan is eerste GMP-gecertificeerde cannabisproducent ter wereld &gt;&gt;&#8221; link=&#8221;url:http%3A%2F%2Fbedrocan.com%2Fnl%2Fbedrocan-eerste-gmp-producent-ter-wereld%2F||target:%20_blank|&#8221;][\/vc_column][\/vc_row][vc_row][vc_column][mk_padding_divider][vc_column_text css=&#8221;.vc_custom_1654245076723{margin-bottom: 0px !important;}&#8221;]\n<h2>Niet malen en mengen<\/h2>\n<p>Het is mogelijk een zekere mate van standaardisering te bereiken door vari\u00ebteiten met verschillende cannabino\u00efdengehalten te malen en te mengen. Dat is echter een proces waarmee gelijke hoeveelheden worden bereikt van slechts \u00e9\u00e9n of twee doelstoffen (meestal THC en\/of CBD) \u2013 niet het gehele cannabino\u00efden- en terpenenprofiel. De cannabis flos van Bedrocan heeft een consistent cannabino\u00efden- en terpenenprofiel, hetgeen betekent dat het met eenzelfde zorgvuldigheid wordt geproduceerd als traditionele geneesmiddelen op voorschrift.[\/vc_column_text][mk_padding_divider][vc_separator color=&#8221;custom&#8221; border_width=&#8221;3&#8243; accent_color=&#8221;#008752&#8243;][mk_padding_divider size=&#8221;50&#8243;][\/vc_column][\/vc_row][vc_row][vc_column][vc_column_text css=&#8221;.vc_custom_1738251913101{margin-bottom: 0px !important;}&#8221;]\n<h2>De meest geavanceerde productiefaciliteiten ter wereld<\/h2>\n<p>De productiefaciliteiten van Bedrocan beschikken over een bedrijfseigen ontwerp, software en gestandaardiseerde productietechnieken gebaseerd tientallen jaren kweekervaring in Nederland.[\/vc_column_text][vc_column_text css=&#8221;.vc_custom_1738251959168{margin-bottom: 0px !important;}&#8221;]In onze indoor kweekcellen maken wij gebruik van innovatieve klimaattechnieken voor het regelen van variabelen zoals licht, temperatuur, voedingsstoffen en water. Ieder van deze cellen wordt afgedicht met behulp van speciale deuren om contact met in de lucht voorkomende contaminanten te vermijden. Om gestandaardiseerde cannabis te kunnen kweken zonder gebruik te maken van pesticiden hebben wij ons productieproces steeds verder verfijnd. Bovendien weten we aan onze internationale verplichtingen op het gebied van kwaliteitsborging te voldoen aan de hand van uiterst strikte hygi\u00ebnenormen, relevante testvereisten en strenge eisen aan pesticiden en fungiciden.<\/p>\n<p>Iedere week, 52 weken per jaar, worden diverse batches geoogst volgens een schema dat wij jaren van tevoren kunnen voorspellen.[\/vc_column_text][\/vc_column][\/vc_row][vc_row css=&#8221;.vc_custom_1668684792679{padding-right: 30px !important;padding-left: 30px !important;background-color: #f5f5f5 !important;}&#8221;][vc_column][mk_padding_divider size=&#8221;30&#8243;][vc_column_text css=&#8221;.vc_custom_1738252034928{margin-bottom: 0px !important;}&#8221;]\n<h2>Achter de schermen<\/h2>\n<p class=\"NormalText\">Bedrocan is meerdere keren bezocht door televisiemakers. Zo is het bekende Belgische reisprogramma Reizen Waes met Tom Waes op bezoek geweest, gevolgd door Discovery Channel met het programma \u201cHow Do They Do It\u201d gepresenteerd door Joep van Deudekom.<\/p>\n<p class=\"NormalText\">Bent u benieuwd hoe het er achter de schermen uit ziet bij Bedrocan? Kijk dan de aflevering van Reizen Waes en How Do They Do It.<\/p>\n[\/vc_column_text][\/vc_column][\/vc_row][vc_row css=&#8221;.vc_custom_1668684805383{padding-right: 30px !important;padding-left: 30px !important;background-color: #f5f5f5 !important;}&#8221;][vc_column width=&#8221;1\/2&#8243;][mk_button dimension=&#8221;savvy&#8221; corner_style=&#8221;full_rounded&#8221; size=&#8221;large&#8221; icon=&#8221;mk-icon-youtube-play&#8221; url=&#8221;https:\/\/www.npo3.nl\/reizen-waes-nederland\/31-10-2021\/VPWON_1328955&#8243; outline_skin=&#8221;custom&#8221; outline_active_color=&#8221;#dd3333&#8243; outline_hover_bg_color=&#8221;#ffffff&#8221;]Kijk nu Reizen Waes[\/mk_button][\/vc_column][vc_column width=&#8221;1\/2&#8243;][mk_button dimension=&#8221;savvy&#8221; corner_style=&#8221;full_rounded&#8221; size=&#8221;large&#8221; icon=&#8221;mk-icon-youtube-play&#8221; url=&#8221;https:\/\/www.youtube.com\/watch?v=19RytfnJecQ&#8221; outline_skin=&#8221;custom&#8221; outline_active_color=&#8221;#dd3333&#8243; outline_hover_bg_color=&#8221;#ffffff&#8221;]Kijk nu &#8216;How Do They Do It'[\/mk_button][\/vc_column][\/vc_row][vc_row][vc_column][mk_padding_divider size=&#8221;30&#8243;][vc_separator color=&#8221;custom&#8221; border_width=&#8221;3&#8243; accent_color=&#8221;#008752&#8243;][mk_padding_divider][vc_column_text css=&#8221;.vc_custom_1654245320552{margin-bottom: 0px !important;}&#8221;]\n<h3>Standaardisatie in de kweek<\/h3>\n<p>Al onze vari\u00ebteiten worden gekweekt met als doel om tegemoet te komen aan verschillende en veranderende behoeften van pati\u00ebnten die de beschikking moeten hebben over meerdere gestandaardiseerde producten met verschillende cannabino\u00efden- en terpenenprofielen.<\/p>\n<p>Al onze cultivars zijn afkomstig van \u00e9\u00e9n enkel zaadje. Wij kweken onze planten door het oorspronkelijke plantmateriaal te vermeerderen. Om onze producten een ongekende genetische stabiliteit mee te geven, maken wij bij Bedrocan gebruik van bedrijfseigen vegetatieve vermeerderingstechnieken. Onze methode voorkomt \u2018genetische drift\u2019, een probleem dat vaak voorkomt bij het herhaaldelijk vermeerderen van een moederplant en dat in de loop van de tijd kan leiden tot grote veranderingen en zwakheden in de plant.<\/p>\n<p>Bedrocan neemt de wetenschap achter het kweken van de cannabisplant uitermate serieus. Wij hebben unieke, bedrijfseigen processen ontwikkeld waarmee een onge\u00ebvenaarde precisie in cannabisproductie bereikt kan worden. Wij hebben onszelf gedurende het gehele kweekproces en de verdere verwerking gecommitteerd aan het leveren van constante cannabino\u00efdengehalten (THC, CBD) en het vermijden van schadelijke micro-organismen in het eindproduct. Iedere batch wordt gecontroleerd om ervoor in te kunnen staan dat deze de vereiste niveaus van essenti\u00eble bestanddelen (THC, CBD) bevat. Deze controles zijn een vereiste van de toezichthouders en worden door een onafhankelijk laboratorium uitgevoerd.\u00a0Pas wanneer het <a href=\"https:\/\/www.cannabisbureau.nl\/artsen-en-apothekers\/vrijgifte-certificaten\" target=\"_blank\" rel=\"noopener\">analysecertificaat<\/a>\u00a0is afgegeven kan de medicinale cannabis worden vrijgegeven voor levering aan apothekers, onderzoekers en de industrie wereldwijd.[\/vc_column_text][mk_padding_divider][\/vc_column][\/vc_row][vc_row equal_columns=&#8221;true&#8221;][vc_column width=&#8221;1\/3&#8243;][mk_image src=&#8221;http:\/\/bedrocan.com\/wp-content\/uploads\/bedrocan_motherplant.jpg&#8221;][vc_column_text]<em>De plant wordt gestekt<\/em>[\/vc_column_text][\/vc_column][vc_column width=&#8221;1\/3&#8243;][mk_image src=&#8221;http:\/\/bedrocan.com\/wp-content\/uploads\/transplanting-medicinal-cannabis-by-bedrocan.jpg&#8221;][vc_column_text css=&#8221;.vc_custom_1654245201643{margin-bottom: 0px !important;}&#8221;]<em>De plantjes worden in steenwol geplaatst<\/em>[\/vc_column_text][\/vc_column][vc_column width=&#8221;1\/3&#8243;][mk_image src=&#8221;http:\/\/bedrocan.com\/wp-content\/uploads\/bedrocan_growroom.jpg&#8221;][vc_column_text]<em>De planten worden in kweekcellen gezet<\/em>[\/vc_column_text][\/vc_column][\/vc_row][vc_row][vc_column][mk_padding_divider][vc_separator color=&#8221;custom&#8221; border_width=&#8221;3&#8243; accent_color=&#8221;#008752&#8243;][mk_padding_divider][vc_column_text css=&#8221;.vc_custom_1654245130387{margin-bottom: 0px !important;}&#8221;]\n<h3>Drogen, verwerken en verpakken<\/h3>\n<p>Het drogen, verwerken en verpakken vindt plaats in een apart, specialistisch gedeelte van onze kweekfaciliteit. Nadat de cannabis is gedroogd, worden de bloemen bewerkt. Dit knipproces wordt handmatig uitgevoerd omdat zodoende meteen een extra visuele inspectie kan worden uitgevoerd. Bovendien beschermt deze methode de klierharen: fijne uitgroeisels op de cannabisplant die belangrijke werkzame stoffen bevatten.[\/vc_column_text][mk_padding_divider][\/vc_column][\/vc_row][vc_row equal_columns=&#8221;true&#8221;][vc_column width=&#8221;1\/3&#8243;][mk_image src=&#8221;http:\/\/bedrocan.com\/wp-content\/uploads\/bedrocan_processing_aboutus.jpg&#8221;][vc_column_text]<em>De geoogste cannabisplant wordt gedroogd<\/em>[\/vc_column_text][\/vc_column][vc_column width=&#8221;1\/3&#8243;][mk_image src=&#8221;http:\/\/bedrocan.com\/wp-content\/uploads\/bedrocan_processing_aboutus2.jpg&#8221;][vc_column_text]<em>De stelen en bladeren worden verwijderd<\/em>[\/vc_column_text][\/vc_column][vc_column width=&#8221;1\/3&#8243;][mk_image src=&#8221;http:\/\/bedrocan.com\/wp-content\/uploads\/bedrocan_processing-aboutus3.jpg&#8221;][vc_column_text]<em>Cannabis flos wordt verpakt<\/em>[\/vc_column_text][\/vc_column][\/vc_row][vc_row][vc_column][mk_padding_divider][vc_column_text]Alle producten worden blootgesteld aan gammastraling om ongewenste micro-organismen, zoals schimmels en bacteri\u00ebn, te verwijderen. Het is bewezen dat gammastraling de kwaliteit van cannabis flos niet aantast. Dit proces zorgt ervoor dat de cannabis veilig verdampt en ge\u00efnhaleerd kan worden door pati\u00ebnten met een verzwakt immuunsysteem.[\/vc_column_text][vc_btn title=&#8221;Doorstralen heeft geen nadelig effect op medicinale cannabis&#8221; link=&#8221;url:http%3A%2F%2Fbedrocan.com%2Fnl%2Fdoorstralen-heeft-geen-nadelig-effect-op-medicinale-cannabis%2F|||&#8221;][mk_padding_divider size=&#8221;30&#8243;][vc_separator color=&#8221;custom&#8221; border_width=&#8221;3&#8243; accent_color=&#8221;#008752&#8243;][mk_padding_divider size=&#8221;30&#8243;][vc_column_text css=&#8221;.vc_custom_1654245146520{margin-bottom: 0px !important;}&#8221;]\n<h2>Geen pesticiden of zware metalen<\/h2>\n<p>Een cannabisplant neemt zware metalen snel op. Om deze reden worden er van iedere batch afzonderlijke monsters genomen om deze te controleren op de aanwezigheid van zware metalen in overeenstemming met de <a href=\"https:\/\/www.cannabisbureau.nl\/documenten\/2021\/11\/01\/omc-monograph-cannabis-flower-version-8.0-november-01-2021\" target=\"_blank\" rel=\"noopener noreferrer\">Nederlandse monografie<\/a>. Hoewel wij geen pesticiden in ons productieproces gebruiken, wordt iedere batch toch gecontroleerd op de afwezigheid van pesticiden.<\/p>\n<p>Als gebruik wordt gemaakt van cannabis van onbekende, vaak illegale, oorsprong, is er altijd een kans dat het product verontreinigd is met pesticiden, groeiversnellers, zware metalen of microben. Dergelijke gifstoffen zijn uitermate schadelijk voor de gezondheid van een pati\u00ebnt.[\/vc_column_text][mk_padding_divider][mk_image_slideshow images=&#8221;33280,33286,32654&#8243; image_width=&#8221;950&#8243;][mk_padding_divider][\/vc_column][\/vc_row]\n<\/div>","protected":false},"excerpt":{"rendered":"<p>[mk_page_section bg_image=&#8221;http:\/\/bedrocan.com\/wp-content\/uploads\/verwerking-personeel-emmeloord-bedrocan-57.jpg&#8221; bg_position=&#8221;center center&#8221; bg_repeat=&#8221;no-repeat&#8221; bg_stretch=&#8221;true&#8221; min_height=&#8221;300&#8243; full_width=&#8221;true&#8221; top_shape_color=&#8221;#ffffff&#8221; bottom_shape_color=&#8221;#ffffff&#8221; visibility=&#8221;hidden-sm&#8221; sidebar=&#8221;sidebar-1&#8243;][vc_column][\/vc_column][\/mk_page_section][vc_row][vc_column][vc_empty_space height=&#8221;45px&#8221;][vc_column_text css=&#8221;.vc_custom_1654244934630{margin-bottom: 0px !important;}&#8221;] Onze methode: standaardisatie [\/vc_column_text][vc_separator color=&#8221;custom&#8221; align=&#8221;align_left&#8221; border_width=&#8221;5&#8243; el_width=&#8221;10&#8243; css=&#8221;.vc_custom_1480948060188{margin-top: -10px !important;margin-bottom: 10px !important;}&#8221; accent_color=&#8221;#008752&#8243;][\/vc_column][\/vc_row][vc_row][vc_column][mk_padding_divider][vc_column_text css=&#8221;.vc_custom_1654245283042{margin-bottom: 0px !important;}&#8221;] Consistentie door standaardisatie Bedrocan is het enige bedrijf ter wereld dat bewezen in staat is om gestandaardiseerde cannabis flos (hele, gedroogde bloem) [&hellip;]<\/p>\n","protected":false},"author":3,"featured_media":156764,"parent":8861,"menu_order":2,"comment_status":"closed","ping_status":"closed","template":"","meta":{"footnotes":""},"class_list":["post-8936","page","type-page","status-publish","has-post-thumbnail","hentry"],"yoast_head":"<!-- This site is optimized with the Yoast SEO plugin v27.4 - https:\/\/yoast.com\/product\/yoast-seo-wordpress\/ -->\n<title>Standaardisatie van medicinale cannabis<\/title>\n<meta name=\"description\" content=\"Standaardisatie van medicinale cannabis is alleen mogelijk door een combinatie van stabiele plantengenetica en de juiste groeiomstandigheden.\" \/>\n<meta name=\"robots\" content=\"index, follow, max-snippet:-1, max-image-preview:large, max-video-preview:-1\" \/>\n<link rel=\"canonical\" href=\"https:\/\/bedrocan.com\/nl\/over-bedrocan\/standaardisatie-onze-methode\/\" \/>\n<meta property=\"og:locale\" content=\"nl_NL\" \/>\n<meta property=\"og:type\" content=\"article\" \/>\n<meta property=\"og:title\" content=\"Standaardisatie van medicinale cannabis\" \/>\n<meta property=\"og:description\" content=\"Standaardisatie van medicinale cannabis is alleen mogelijk door een combinatie van stabiele plantengenetica en de juiste groeiomstandigheden.\" \/>\n<meta property=\"og:url\" content=\"https:\/\/bedrocan.com\/nl\/over-bedrocan\/standaardisatie-onze-methode\/\" \/>\n<meta property=\"og:site_name\" content=\"Bedrocan International\" \/>\n<meta property=\"article:publisher\" content=\"https:\/\/www.facebook.com\/Bedrocan\" \/>\n<meta property=\"article:modified_time\" content=\"2025-06-19T13:38:43+00:00\" \/>\n<meta property=\"og:image\" content=\"https:\/\/bedrocan.com\/wp-content\/uploads\/processing-verwerking-emmeloord-bedrocan-1.jpg\" \/>\n\t<meta property=\"og:image:width\" content=\"1024\" \/>\n\t<meta property=\"og:image:height\" content=\"682\" \/>\n\t<meta property=\"og:image:type\" content=\"image\/jpeg\" \/>\n<meta name=\"twitter:card\" content=\"summary_large_image\" \/>\n<meta name=\"twitter:label1\" content=\"Geschatte leestijd\" \/>\n\t<meta name=\"twitter:data1\" content=\"6 minuten\" \/>\n<script type=\"application\/ld+json\" class=\"yoast-schema-graph\">{\"@context\":\"https:\\\/\\\/schema.org\",\"@graph\":[{\"@type\":\"WebPage\",\"@id\":\"https:\\\/\\\/bedrocan.com\\\/nl\\\/over-bedrocan\\\/standaardisatie-onze-methode\\\/\",\"url\":\"https:\\\/\\\/bedrocan.com\\\/nl\\\/over-bedrocan\\\/standaardisatie-onze-methode\\\/\",\"name\":\"Standaardisatie van medicinale cannabis\",\"isPartOf\":{\"@id\":\"https:\\\/\\\/bedrocan.com\\\/nl\\\/#website\"},\"primaryImageOfPage\":{\"@id\":\"https:\\\/\\\/bedrocan.com\\\/nl\\\/over-bedrocan\\\/standaardisatie-onze-methode\\\/#primaryimage\"},\"image\":{\"@id\":\"https:\\\/\\\/bedrocan.com\\\/nl\\\/over-bedrocan\\\/standaardisatie-onze-methode\\\/#primaryimage\"},\"thumbnailUrl\":\"https:\\\/\\\/bedrocan.com\\\/wp-content\\\/uploads\\\/processing-verwerking-emmeloord-bedrocan-1.jpg\",\"datePublished\":\"2025-01-30T09:30:25+00:00\",\"dateModified\":\"2025-06-19T13:38:43+00:00\",\"description\":\"Standaardisatie van medicinale cannabis is alleen mogelijk door een combinatie van stabiele plantengenetica en de juiste groeiomstandigheden.\",\"breadcrumb\":{\"@id\":\"https:\\\/\\\/bedrocan.com\\\/nl\\\/over-bedrocan\\\/standaardisatie-onze-methode\\\/#breadcrumb\"},\"inLanguage\":\"nl-NL\",\"potentialAction\":[{\"@type\":\"ReadAction\",\"target\":[\"https:\\\/\\\/bedrocan.com\\\/nl\\\/over-bedrocan\\\/standaardisatie-onze-methode\\\/\"]}]},{\"@type\":\"ImageObject\",\"inLanguage\":\"nl-NL\",\"@id\":\"https:\\\/\\\/bedrocan.com\\\/nl\\\/over-bedrocan\\\/standaardisatie-onze-methode\\\/#primaryimage\",\"url\":\"https:\\\/\\\/bedrocan.com\\\/wp-content\\\/uploads\\\/processing-verwerking-emmeloord-bedrocan-1.jpg\",\"contentUrl\":\"https:\\\/\\\/bedrocan.com\\\/wp-content\\\/uploads\\\/processing-verwerking-emmeloord-bedrocan-1.jpg\",\"width\":1024,\"height\":682},{\"@type\":\"BreadcrumbList\",\"@id\":\"https:\\\/\\\/bedrocan.com\\\/nl\\\/over-bedrocan\\\/standaardisatie-onze-methode\\\/#breadcrumb\",\"itemListElement\":[{\"@type\":\"ListItem\",\"position\":1,\"name\":\"Home\",\"item\":\"https:\\\/\\\/bedrocan.com\\\/nl\\\/\"},{\"@type\":\"ListItem\",\"position\":2,\"name\":\"Over Bedrocan\",\"item\":\"https:\\\/\\\/bedrocan.com\\\/nl\\\/ueber-uns\\\/\"},{\"@type\":\"ListItem\",\"position\":3,\"name\":\"Onze methode\"}]},{\"@type\":\"WebSite\",\"@id\":\"https:\\\/\\\/bedrocan.com\\\/nl\\\/#website\",\"url\":\"https:\\\/\\\/bedrocan.com\\\/nl\\\/\",\"name\":\"Bedrocan\",\"description\":\"pharmaceutical cannabis only\",\"publisher\":{\"@id\":\"https:\\\/\\\/bedrocan.com\\\/nl\\\/#organization\"},\"potentialAction\":[{\"@type\":\"SearchAction\",\"target\":{\"@type\":\"EntryPoint\",\"urlTemplate\":\"https:\\\/\\\/bedrocan.com\\\/nl\\\/?s={search_term_string}\"},\"query-input\":{\"@type\":\"PropertyValueSpecification\",\"valueRequired\":true,\"valueName\":\"search_term_string\"}}],\"inLanguage\":\"nl-NL\"},{\"@type\":\"Organization\",\"@id\":\"https:\\\/\\\/bedrocan.com\\\/nl\\\/#organization\",\"name\":\"Bedrocan\",\"url\":\"https:\\\/\\\/bedrocan.com\\\/nl\\\/\",\"logo\":{\"@type\":\"ImageObject\",\"inLanguage\":\"nl-NL\",\"@id\":\"https:\\\/\\\/bedrocan.com\\\/nl\\\/#\\\/schema\\\/logo\\\/image\\\/\",\"url\":\"https:\\\/\\\/bedrocan.com\\\/wp-content\\\/uploads\\\/logo-bedrocan-mail.png\",\"contentUrl\":\"https:\\\/\\\/bedrocan.com\\\/wp-content\\\/uploads\\\/logo-bedrocan-mail.png\",\"width\":185,\"height\":31,\"caption\":\"Bedrocan\"},\"image\":{\"@id\":\"https:\\\/\\\/bedrocan.com\\\/nl\\\/#\\\/schema\\\/logo\\\/image\\\/\"},\"sameAs\":[\"https:\\\/\\\/www.facebook.com\\\/Bedrocan\",\"https:\\\/\\\/www.linkedin.com\\\/company\\\/bedrocan\\\/\",\"https:\\\/\\\/www.instagram.com\\\/bedrocan_international\\\/\"]}]}<\/script>\n<!-- \/ Yoast SEO plugin. -->","yoast_head_json":{"title":"Standaardisatie van medicinale cannabis","description":"Standaardisatie van medicinale cannabis is alleen mogelijk door een combinatie van stabiele plantengenetica en de juiste groeiomstandigheden.","robots":{"index":"index","follow":"follow","max-snippet":"max-snippet:-1","max-image-preview":"max-image-preview:large","max-video-preview":"max-video-preview:-1"},"canonical":"https:\/\/bedrocan.com\/nl\/over-bedrocan\/standaardisatie-onze-methode\/","og_locale":"nl_NL","og_type":"article","og_title":"Standaardisatie van medicinale cannabis","og_description":"Standaardisatie van medicinale cannabis is alleen mogelijk door een combinatie van stabiele plantengenetica en de juiste groeiomstandigheden.","og_url":"https:\/\/bedrocan.com\/nl\/over-bedrocan\/standaardisatie-onze-methode\/","og_site_name":"Bedrocan International","article_publisher":"https:\/\/www.facebook.com\/Bedrocan","article_modified_time":"2025-06-19T13:38:43+00:00","og_image":[{"width":1024,"height":682,"url":"https:\/\/bedrocan.com\/wp-content\/uploads\/processing-verwerking-emmeloord-bedrocan-1.jpg","type":"image\/jpeg"}],"twitter_card":"summary_large_image","twitter_misc":{"Geschatte leestijd":"6 minuten"},"schema":{"@context":"https:\/\/schema.org","@graph":[{"@type":"WebPage","@id":"https:\/\/bedrocan.com\/nl\/over-bedrocan\/standaardisatie-onze-methode\/","url":"https:\/\/bedrocan.com\/nl\/over-bedrocan\/standaardisatie-onze-methode\/","name":"Standaardisatie van medicinale cannabis","isPartOf":{"@id":"https:\/\/bedrocan.com\/nl\/#website"},"primaryImageOfPage":{"@id":"https:\/\/bedrocan.com\/nl\/over-bedrocan\/standaardisatie-onze-methode\/#primaryimage"},"image":{"@id":"https:\/\/bedrocan.com\/nl\/over-bedrocan\/standaardisatie-onze-methode\/#primaryimage"},"thumbnailUrl":"https:\/\/bedrocan.com\/wp-content\/uploads\/processing-verwerking-emmeloord-bedrocan-1.jpg","datePublished":"2025-01-30T09:30:25+00:00","dateModified":"2025-06-19T13:38:43+00:00","description":"Standaardisatie van medicinale cannabis is alleen mogelijk door een combinatie van stabiele plantengenetica en de juiste groeiomstandigheden.","breadcrumb":{"@id":"https:\/\/bedrocan.com\/nl\/over-bedrocan\/standaardisatie-onze-methode\/#breadcrumb"},"inLanguage":"nl-NL","potentialAction":[{"@type":"ReadAction","target":["https:\/\/bedrocan.com\/nl\/over-bedrocan\/standaardisatie-onze-methode\/"]}]},{"@type":"ImageObject","inLanguage":"nl-NL","@id":"https:\/\/bedrocan.com\/nl\/over-bedrocan\/standaardisatie-onze-methode\/#primaryimage","url":"https:\/\/bedrocan.com\/wp-content\/uploads\/processing-verwerking-emmeloord-bedrocan-1.jpg","contentUrl":"https:\/\/bedrocan.com\/wp-content\/uploads\/processing-verwerking-emmeloord-bedrocan-1.jpg","width":1024,"height":682},{"@type":"BreadcrumbList","@id":"https:\/\/bedrocan.com\/nl\/over-bedrocan\/standaardisatie-onze-methode\/#breadcrumb","itemListElement":[{"@type":"ListItem","position":1,"name":"Home","item":"https:\/\/bedrocan.com\/nl\/"},{"@type":"ListItem","position":2,"name":"Over Bedrocan","item":"https:\/\/bedrocan.com\/nl\/ueber-uns\/"},{"@type":"ListItem","position":3,"name":"Onze methode"}]},{"@type":"WebSite","@id":"https:\/\/bedrocan.com\/nl\/#website","url":"https:\/\/bedrocan.com\/nl\/","name":"Bedrocan","description":"pharmaceutical cannabis only","publisher":{"@id":"https:\/\/bedrocan.com\/nl\/#organization"},"potentialAction":[{"@type":"SearchAction","target":{"@type":"EntryPoint","urlTemplate":"https:\/\/bedrocan.com\/nl\/?s={search_term_string}"},"query-input":{"@type":"PropertyValueSpecification","valueRequired":true,"valueName":"search_term_string"}}],"inLanguage":"nl-NL"},{"@type":"Organization","@id":"https:\/\/bedrocan.com\/nl\/#organization","name":"Bedrocan","url":"https:\/\/bedrocan.com\/nl\/","logo":{"@type":"ImageObject","inLanguage":"nl-NL","@id":"https:\/\/bedrocan.com\/nl\/#\/schema\/logo\/image\/","url":"https:\/\/bedrocan.com\/wp-content\/uploads\/logo-bedrocan-mail.png","contentUrl":"https:\/\/bedrocan.com\/wp-content\/uploads\/logo-bedrocan-mail.png","width":185,"height":31,"caption":"Bedrocan"},"image":{"@id":"https:\/\/bedrocan.com\/nl\/#\/schema\/logo\/image\/"},"sameAs":["https:\/\/www.facebook.com\/Bedrocan","https:\/\/www.linkedin.com\/company\/bedrocan\/","https:\/\/www.instagram.com\/bedrocan_international\/"]}]}},"_links":{"self":[{"href":"https:\/\/bedrocan.com\/nl\/wp-json\/wp\/v2\/pages\/8936","targetHints":{"allow":["GET"]}}],"collection":[{"href":"https:\/\/bedrocan.com\/nl\/wp-json\/wp\/v2\/pages"}],"about":[{"href":"https:\/\/bedrocan.com\/nl\/wp-json\/wp\/v2\/types\/page"}],"author":[{"embeddable":true,"href":"https:\/\/bedrocan.com\/nl\/wp-json\/wp\/v2\/users\/3"}],"replies":[{"embeddable":true,"href":"https:\/\/bedrocan.com\/nl\/wp-json\/wp\/v2\/comments?post=8936"}],"version-history":[{"count":6,"href":"https:\/\/bedrocan.com\/nl\/wp-json\/wp\/v2\/pages\/8936\/revisions"}],"predecessor-version":[{"id":204105,"href":"https:\/\/bedrocan.com\/nl\/wp-json\/wp\/v2\/pages\/8936\/revisions\/204105"}],"up":[{"embeddable":true,"href":"https:\/\/bedrocan.com\/nl\/wp-json\/wp\/v2\/pages\/8861"}],"wp:featuredmedia":[{"embeddable":true,"href":"https:\/\/bedrocan.com\/nl\/wp-json\/wp\/v2\/media\/156764"}],"wp:attachment":[{"href":"https:\/\/bedrocan.com\/nl\/wp-json\/wp\/v2\/media?parent=8936"}],"curies":[{"name":"wp","href":"https:\/\/api.w.org\/{rel}","templated":true}]}}