{"id":9008,"date":"2021-12-14T13:19:07","date_gmt":"2021-12-14T12:19:07","guid":{"rendered":"http:\/\/bedrocan.com\/side-effects-and-risks\/"},"modified":"2025-06-17T16:38:12","modified_gmt":"2025-06-17T14:38:12","slug":"bijwerkingen-risicos","status":"publish","type":"page","link":"https:\/\/bedrocan.com\/nl\/zorgverleners\/bijwerkingen-risicos\/","title":{"rendered":"Bijwerkingen &#038; risico&#8217;s"},"content":{"rendered":"<div class=\"wpb-content-wrapper\">[mk_page_section bg_image=&#8221;http:\/\/bedrocan.com\/wp-content\/uploads\/header_side-effects.jpg&#8221; bg_repeat=&#8221;no-repeat&#8221; bg_stretch=&#8221;true&#8221; min_height=&#8221;300&#8243; full_width=&#8221;true&#8221; top_shape_color=&#8221;#ffffff&#8221; bottom_shape_color=&#8221;#ffffff&#8221; visibility=&#8221;hidden-sm&#8221; sidebar=&#8221;sidebar-1&#8243;][vc_column][\/vc_column][\/mk_page_section][vc_row][vc_column][vc_empty_space height=&#8221;45px&#8221;][vc_column_text css=&#8221;.vc_custom_1639495508390{margin-bottom: 0px !important;}&#8221;]\n<h1>Bijwerkingen &amp; risico&#8217;s van medicinale cannabis<\/h1>\n[\/vc_column_text][vc_separator color=&#8221;custom&#8221; align=&#8221;align_left&#8221; border_width=&#8221;5&#8243; el_width=&#8221;10&#8243; accent_color=&#8221;#008752&#8243; css=&#8221;.vc_custom_1468403515259{margin-top: -10px !important;margin-bottom: 10px !important;}&#8221;][\/vc_column][\/vc_row][vc_row][vc_column][mk_padding_divider][vc_column_text disable_pattern=&#8221;false&#8221;]Over het algemeen kunnen pati\u00ebnten medicinale cannabis goed verdragen: eventuele bijwerkingen zijn van voorbijgaande aard (duren kort), overwegend ongevaarlijk en verdwijnen naarmate de tolerantie toeneemt. Op de juiste wijze toegediend heeft medicinale cannabis geen bekende giftige effecten op de gezondheid van de pati\u00ebnt.<\/p>\n<p>Ongewenste bijwerkingen treden voornamelijk op na inname van hoge doseringen of als medicinale cannabis gebruikt wordt in combinatie met andere middelen die de effecten vergroten, bijvoorbeeld alcohol of bepaalde medicijnen.<\/p>\n<p>Er is nog niet veel onderzoek beschikbaar naar de mogelijk nadelige effecten van het gebruik van cannabis als medicijn. Een groot gedeelte van de gegevens over dit onderwerp zijn derhalve afkomstig van onderzoek naar recreatief gebruik van cannabis. Het is dan ook noodzakelijk om eventuele conclusies over medicinaal gebruik met grote voorzichtigheid te formuleren. Zo verschillen de gebruikte hoeveelheden cannabis, de toedieningsmethode en het optreden van comorbiditeiten aanzienlijk tussen recreatieve en medicinale gebruikers van cannabis. Als gevolg daarvan kunnen verschillende nadelige effecten verwacht worden.[\/vc_column_text][\/vc_column][\/vc_row][vc_row css=&#8221;.vc_custom_1617110122993{padding-right: 25px !important;padding-left: 25px !important;background-color: #f5f5f5 !important;}&#8221;][vc_column][mk_padding_divider size=&#8221;30&#8243;][vc_column_text css=&#8221;.vc_custom_1617110102393{margin-bottom: 0px !important;}&#8221;]\n<h4 style=\"text-align: center;\">Standaardisatie<\/h4>\n<p>Alle producten van Bedrocan zijn volgens farmaceutische richtlijnen gestandaardiseerd en bevatten een vaststaand gehalte aan werkzame stoffen, waaronder THC en CBD. Deze <a href=\"https:\/\/bedrocan.com\/nl\/het-belang-van-standaardisatie\/\">standaardisatie<\/a> is essentieel zodat pati\u00ebnten iedere keer dezelfde dosering toegediend krijgen. Hiermee wordt het risico op overdosering en ongewenste bijwerkingen aanzienlijk beperkt.[\/vc_column_text][mk_padding_divider size=&#8221;30&#8243;][\/vc_column][\/vc_row][vc_row][vc_column][mk_padding_divider size=&#8221;30&#8243;][vc_column_text]\n<h2>Bijwerkingen<\/h2>\n<p>Uit onderzoek naar de effecten van medicinaal gebruik van cannabino\u00efden is gebleken dat de meest voorkomende categorie\u00ebn van nadelige effecten ondergebracht kunnen worden in verstoringen aan de luchtwegen, het maagdarmkanaal en het zenuwstelsel.<\/p>\n<p>De meest voorkomende acute bijwerkingen als gevolg van hoge doseringen cannabis treden al snel na consumptie op. Voorbeelden hiervan zijn:<\/p>\n<ul>\n<li>droge mond<\/li>\n<li>rode ogen<\/li>\n<li>verhoogde eetlust<\/li>\n<li>milde euforie<\/li>\n<li>verlaagde alertheid van de gebruiker, met name de eerste uren direct na consumptie<\/li>\n<li>versnelde hartslag<\/li>\n<li>lagere bloeddruk en duizeligheid<\/li>\n<\/ul>\n<p>Over het algemeen zijn alle bijwerkingen van voorbijgaande aard. De effecten zouden langzaam moeten afnemen en binnen een paar uur helemaal moeten verdwijnen.[\/vc_column_text][\/vc_column][\/vc_row][vc_row][vc_column][mk_padding_divider size=&#8221;25&#8243;][vc_column_text css=&#8221;.vc_custom_1617127491671{margin-bottom: 0px !important;}&#8221;]<strong>Voorkomen van bijwerkingen<\/strong><\/p>\n<p>De meeste ongewenste bijwerkingen van het toedienen van medicinale cannabis kunnen voorkomen worden door de volgende richtlijnen na te leven:<\/p>\n<ul>\n<li>start met een lage dosering &#8211; het is beter om een aantal kleine doseringen per dag te nemen<\/li>\n<li>wees geduldig en wacht op de effecten<\/li>\n<li>gebruik een aantal dagen dezelfde (lage) dosering en houd bij welke bijwerkingen optreden<\/li>\n<li>verhoog de dosering langzaam &#8211; neem de tijd om de dosering te verhogen totdat het optimale niveau is bereikt<\/li>\n<li>zorg bij aanvang van therapie\u00ebn op cannabisbasis voor een veilige omgeving (met name bij de eerste keer toedienen)<\/li>\n<li>zorg ervoor dat er met name in de beginfase een persoon aanwezig is die u vertrouwt.<\/li>\n<\/ul>\n[\/vc_column_text][mk_padding_divider size=&#8221;30&#8243;][\/vc_column][\/vc_row][vc_row css=&#8221;.vc_custom_1617110122993{padding-right: 25px !important;padding-left: 25px !important;background-color: #f5f5f5 !important;}&#8221;][vc_column][mk_padding_divider size=&#8221;30&#8243;][vc_column_text css=&#8221;.vc_custom_1617127508875{margin-bottom: 0px !important;}&#8221;]\n<p style=\"text-align: center;\"><strong>Speciale waarschuwing<\/strong><\/p>\n<p>Pati\u00ebnten met een erfelijk risico op psychose of andere psychiatrische aandoeningen (zoals schizofrenie of depressie) en pati\u00ebnten met hart- en vaatziekten moeten het gebruik van cannabis en cannabino\u00efden vermijden, omdat dit stoffen zijn die dergelijke aandoeningen kunnen versterken.[\/vc_column_text][mk_padding_divider size=&#8221;30&#8243;][\/vc_column][\/vc_row][vc_row][vc_column][mk_padding_divider size=&#8221;30&#8243;][vc_column_text]<strong>Voorkom dat pati\u00ebnt \u2018high\u2019 wordt<\/strong><\/p>\n<p>Bij het gebruik van hogere doseringen medicinale cannabis kan het zijn dat de gebruiker \u2018high\u2019 wordt &#8211; een milde vorm van bedwelming die het best omschreven kan worden als een milde euforie of een belevenis van een vervormde werkelijkheid (die kan uitmonden in milde angstgevoelens). Het hoofdbestanddeel van cannabis, de cannabino\u00efde THC, is verantwoordelijk voor dit psychoactieve effect.<\/p>\n<p>De kans dat deze effecten optreden is hoger bij het via de mond innemen van cannabis, omdat het spijsverteringssysteem THC-metabolieten afgeeft &#8211; chemicali\u00ebn met een nog groter psychoactief effect dan THC zelf. Dat is een van de redenen waarom eetbare producten over het algemeen tot problemen met overdosering leiden.<\/p>\n<p>Bij het consumeren van cannabis in de vorm van thee (een vloeistof en dus eenvoudiger te verteren) treden dergelijke bijwerkingen minder vaak op. Pati\u00ebnten met aanleg voor psychoses wordt aangeraden het product Bediol te gebruiken, omdat van CBD bekend is dat het in staat is de psychoactieve effecten van THC te onderdrukken.<\/p>\n<p>In de meeste gevallen beleven mensen die \u2018high\u2019 zijn een gevoel van milde euforie &#8211; een gevoel van geluk en energie. Naarmate de tijd verstrijkt verandert dit in een gevoel van tevredenheid en ontspanning. Soms wordt er een licht verlies van het kortetermijngeheugen ervaren. Een snellere hartslag, onbeheersbare lachbuien of een veranderde bewustwording van de omgeving (kleuren, geluiden) komen ook voor. Bij grote doseringen kunnen lichte visuele en gehoorhallucinaties optreden. In een recreatieve setting gaat het vooral om milde symptomen die vaak als prettig worden ervaren. Voor onervaren gebruikers of na consumptie van hoge doseringen kunnen deze symptomen resulteren in acute angstgevoelens. In deze situaties is het over het algemeen voldoende om in een kalme en comfortabele omgeving te gaan zitten of liggen, bij voorkeur met een bekend persoon om rustig mee te praten. Als er sprake is van ongewenst \u2018high\u2019 zijn, dan kan deze belevenis meestal vermeden worden door lagere doseringen te consumeren of door de doseringen langzaam toe te dienen over een langere tijdsperiode.[\/vc_column_text][\/vc_column][\/vc_row][vc_row][vc_column][mk_padding_divider size=&#8221;30&#8243;][vc_column_text]\n<h2>Risico&#8217;s<\/h2>\n<p>Net als ieder ander geneesmiddel is het gebruik van cannabis niet geheel ongevaarlijk. Hieronder worden de belangrijkste risicofactoren besproken.<\/p>\n<p><strong>Psychose<\/strong><\/p>\n<p>In zeldzame gevallen kan het gebruik van cannabis een psychose veroorzaken bij mensen die daar een genetische aanleg voor hebben. Om die reden is het van belang dat pati\u00ebnten waarbij psychotische aandoeningen in de familie voorkomen, met name schizofrenie en bipolaire stoornis, psychiatrisch goed worden begeleid als ze cannabis gebruiken. Bij personen die hiervoor geen aanleg hebben is een kortstondige, acute psychoseachtige aanval (angst en depressie) mogelijk, met name als er hoge doseringen van THC genomen worden.<\/p>\n<p>Af en toe verschijnen er nieuwe wetenschappelijke rapporten over de effecten van cannabis op het risico van een psychose. Een rechtstreeks verband tussen cannabis en een psychose is echter nog niet aangetoond. De discussie concentreert zich vaak op \u00e9\u00e9n vraag: wordt een psychose bij voor het overige gezonde personen opgewekt door het gebruik van cannabis of leidt een vooraf al bestaande genetische kwetsbaarheid voor een psychose tot nadelige resultaten van het gebruik van cannabis?<\/p>\n<p>Uit recent wetenschappelijk onderzoek naar deze materie lijkt naar voren te komen dat een klein gedeelte van de bevolking een bepaalde genetische vatbaarheid heeft waardoor de kans groter wordt dat chronische psychotische symptomen tot ontwikkeling komen bij het gebruik van cannabis (als een geneesmiddel of anderszins).<\/p>\n<p><strong>Hartaandoeningen<\/strong><\/p>\n<p>Cannabino\u00efden kunnen een sterk \u2013 maar tijdelijk \u2013 effect hebben op de hartslag en de bloeddruk. Pati\u00ebnten met een geschiedenis van hartaandoeningen of die medicijnen gebruiken om een hartaandoening tegen te gaan, doen er goed aan geen cannabis te gebruiken of alleen onder strikt toezicht van een medisch professional.<\/p>\n<p><strong>Zwangerschap<\/strong><\/p>\n<p>Het gebruik van cannabis tijdens de zwangerschap is naar alle waarschijnlijkheid van invloed op de ontwikkeling van de foetus. Omdat bepaalde bestanddelen van cannabis, waaronder THC, terecht kunnen komen in de moedermelk, wordt het gebruik van medicinale cannabis tijdens de borstvoeding afgeraden.<\/p>\n<p><strong>Leveraandoeningen<\/strong><\/p>\n<p>Na toediening van cannabis is het de functie van de lever om cannabino\u00efden chemisch om te zetten, zodat externe stoffen door het lichaam verwerkt en uitgescheiden kunnen worden (stofwisseling).<\/p>\n<p>De effecten van cannabis kunnen daarom aanzienlijk anders zijn bij pati\u00ebnten met een leveraandoening. Deze pati\u00ebnten moeten daarom tijdens de startfase onder toezicht blijven om er zeker van te zijn dat de ingenomen dosering niet te hoog is ten opzichte van het vermogen van de lever om voor goede stofwisseling te zorgen.<\/p>\n<p><strong>Verslaving<\/strong><\/p>\n<p>Bewijs toont aan dat het risico bij medicinaal gebruik verslaafd te raken aan cannabis minimaal is. De aanbevolen dosering voor medicinaal gebruik is vaak lager dan bij recreatief gebruik en er hoort altijd een medisch professional te worden ingeschakeld om de medicatie toe te dienen en de pati\u00ebnt onder toezicht te houden.<\/p>\n<p>Dat neemt echter niet weg dat pati\u00ebnten zelf uitermate voorzichtig moeten zijn, helemaal als zij in het verleden al verslavingsproblemen hebben gehad. Het over langere perioden innemen van hoge doseringen medicinale cannabis kan leiden tot steeds verder oplopende doseringen en misbruik. Het abrupt stilleggen (stoppen) van het gebruik kan dan leiden tot ontwenningsverschijnselen, zoals milde vormen van rusteloosheid, prikkelbaarheid, slapeloosheid, wilde dromen en verminderde eetlust.<\/p>\n<p><strong>Overdosering<\/strong><\/p>\n<p>Er is tot op heden nooit aangetoond dat de consumptie van medicinale cannabis zou leiden tot levensbedreigende situaties, zelfs niet bij hoge doseringen. Een overdosering van cannabis (THC) kan echter weldegelijk leiden tot een scala aan nadelige effecten, waarbij de tolerantie tussen de verschillende proefpersonen aanzienlijk af bleek te wijken. Het meest voorkomende nadelige effect van een overdosering van een enkele dosering van THC is een gevoel van angst dat in sommige gevallen zelfs kan leiden tot acute psychose (paniekaanvallen). Daarnaast kunnen ook een versnelde hartslag en veranderingen in de bloeddruk optreden.<\/p>\n<p>Het is goed mogelijk dat een overdosering van THC acuut resulteert in extreem lage bloeddruk en\/of een snelle hartslag. In voorkomende gevallen kan ook misselijkheid, overgeven en diarree optreden. Afgezien daarvan kan een aangetaste controlefunctie van de hersenen en verminderde motoriek leiden tot verwarring, depersonalisatie, verlies van controle of zelfs reddeloosheid. Rode ogen en een droge mond kunnen door sommige personen als buitengewoon onplezierig worden ervaren. De meeste nadelige effecten gaan vanzelf weg, meestal binnen een paar uur, zodra de serumniveaus van THC beginnen te zakken.<\/p>\n<p>Er zijn aanwijzingen voor dat een zeer beperkt aantal pati\u00ebnten als gevolg van THC versneld in een psychose terecht is gekomen, met allerlei waanbeelden en hallucinaties van dien. Als deze bijwerkingen al optreden, dan komen ze in ieder geval zelden voor omdat er veelal uitermate hoge doseringen van THC over langere perioden toegediend moeten worden of omdat er sprake moet zijn van een vooraf bestaande genetische kwetsbaarheid. Al met al is er wel voldoende reden om voorzichtig te zijn en deze risico&#8217;s op eerlijke en gebalanceerde wijze te communiceren.[\/vc_column_text][mk_padding_divider][\/vc_column][\/vc_row]\n<\/div>","protected":false},"excerpt":{"rendered":"<p>[mk_page_section bg_image=&#8221;http:\/\/bedrocan.com\/wp-content\/uploads\/header_side-effects.jpg&#8221; bg_repeat=&#8221;no-repeat&#8221; bg_stretch=&#8221;true&#8221; min_height=&#8221;300&#8243; full_width=&#8221;true&#8221; top_shape_color=&#8221;#ffffff&#8221; bottom_shape_color=&#8221;#ffffff&#8221; visibility=&#8221;hidden-sm&#8221; sidebar=&#8221;sidebar-1&#8243;][vc_column][\/vc_column][\/mk_page_section][vc_row][vc_column][vc_empty_space height=&#8221;45px&#8221;][vc_column_text css=&#8221;.vc_custom_1639495508390{margin-bottom: 0px !important;}&#8221;] Bijwerkingen &amp; risico&#8217;s van medicinale cannabis [\/vc_column_text][vc_separator color=&#8221;custom&#8221; align=&#8221;align_left&#8221; border_width=&#8221;5&#8243; el_width=&#8221;10&#8243; accent_color=&#8221;#008752&#8243; css=&#8221;.vc_custom_1468403515259{margin-top: -10px !important;margin-bottom: 10px !important;}&#8221;][\/vc_column][\/vc_row][vc_row][vc_column][mk_padding_divider][vc_column_text disable_pattern=&#8221;false&#8221;]Over het algemeen kunnen pati\u00ebnten medicinale cannabis goed verdragen: eventuele bijwerkingen zijn van voorbijgaande aard (duren kort), overwegend ongevaarlijk en verdwijnen naarmate de tolerantie [&hellip;]<\/p>\n","protected":false},"author":3,"featured_media":35773,"parent":144215,"menu_order":5,"comment_status":"closed","ping_status":"closed","template":"","meta":{"footnotes":""},"class_list":["post-9008","page","type-page","status-publish","has-post-thumbnail","hentry"],"yoast_head":"<!-- This site is optimized with the Yoast SEO plugin v27.3 - https:\/\/yoast.com\/product\/yoast-seo-wordpress\/ -->\n<title>Bijwerkingen - Medicinale cannabis op de juiste wijze toegediend.<\/title>\n<meta name=\"description\" content=\"Over het algemeen kunnen pati\u00ebnten medicinale cannabis goed verdragen: eventuele bijwerkingen zijn van voorbijgaande aard.\" \/>\n<meta name=\"robots\" content=\"index, follow, max-snippet:-1, max-image-preview:large, max-video-preview:-1\" \/>\n<link rel=\"canonical\" href=\"https:\/\/bedrocan.com\/nl\/zorgverleners\/bijwerkingen-risicos\/\" \/>\n<meta property=\"og:locale\" content=\"nl_NL\" \/>\n<meta property=\"og:type\" content=\"article\" \/>\n<meta property=\"og:title\" content=\"Bijwerkingen - Medicinale cannabis op de juiste wijze toegediend.\" \/>\n<meta property=\"og:description\" content=\"Over het algemeen kunnen pati\u00ebnten medicinale cannabis goed verdragen: eventuele bijwerkingen zijn van voorbijgaande aard.\" \/>\n<meta property=\"og:url\" content=\"https:\/\/bedrocan.com\/nl\/zorgverleners\/bijwerkingen-risicos\/\" \/>\n<meta property=\"og:site_name\" content=\"Bedrocan International\" \/>\n<meta property=\"article:publisher\" content=\"https:\/\/www.facebook.com\/Bedrocan\" \/>\n<meta property=\"article:modified_time\" content=\"2025-06-17T14:38:12+00:00\" \/>\n<meta property=\"og:image\" content=\"https:\/\/bedrocan.com\/wp-content\/uploads\/cannabis-flos_lr-11.jpg\" \/>\n\t<meta property=\"og:image:width\" content=\"900\" \/>\n\t<meta property=\"og:image:height\" content=\"978\" \/>\n\t<meta property=\"og:image:type\" content=\"image\/jpeg\" \/>\n<meta name=\"twitter:card\" content=\"summary_large_image\" \/>\n<meta name=\"twitter:label1\" content=\"Geschatte leestijd\" \/>\n\t<meta name=\"twitter:data1\" content=\"8 minuten\" \/>\n<script type=\"application\/ld+json\" class=\"yoast-schema-graph\">{\"@context\":\"https:\\\/\\\/schema.org\",\"@graph\":[{\"@type\":\"WebPage\",\"@id\":\"https:\\\/\\\/bedrocan.com\\\/nl\\\/zorgverleners\\\/bijwerkingen-risicos\\\/\",\"url\":\"https:\\\/\\\/bedrocan.com\\\/nl\\\/zorgverleners\\\/bijwerkingen-risicos\\\/\",\"name\":\"Bijwerkingen - Medicinale cannabis op de juiste wijze toegediend.\",\"isPartOf\":{\"@id\":\"https:\\\/\\\/bedrocan.com\\\/nl\\\/#website\"},\"primaryImageOfPage\":{\"@id\":\"https:\\\/\\\/bedrocan.com\\\/nl\\\/zorgverleners\\\/bijwerkingen-risicos\\\/#primaryimage\"},\"image\":{\"@id\":\"https:\\\/\\\/bedrocan.com\\\/nl\\\/zorgverleners\\\/bijwerkingen-risicos\\\/#primaryimage\"},\"thumbnailUrl\":\"https:\\\/\\\/bedrocan.com\\\/wp-content\\\/uploads\\\/cannabis-flos_lr-11.jpg\",\"datePublished\":\"2021-12-14T12:19:07+00:00\",\"dateModified\":\"2025-06-17T14:38:12+00:00\",\"description\":\"Over het algemeen kunnen pati\u00ebnten medicinale cannabis goed verdragen: eventuele bijwerkingen zijn van voorbijgaande aard.\",\"breadcrumb\":{\"@id\":\"https:\\\/\\\/bedrocan.com\\\/nl\\\/zorgverleners\\\/bijwerkingen-risicos\\\/#breadcrumb\"},\"inLanguage\":\"nl-NL\",\"potentialAction\":[{\"@type\":\"ReadAction\",\"target\":[\"https:\\\/\\\/bedrocan.com\\\/nl\\\/zorgverleners\\\/bijwerkingen-risicos\\\/\"]}]},{\"@type\":\"ImageObject\",\"inLanguage\":\"nl-NL\",\"@id\":\"https:\\\/\\\/bedrocan.com\\\/nl\\\/zorgverleners\\\/bijwerkingen-risicos\\\/#primaryimage\",\"url\":\"https:\\\/\\\/bedrocan.com\\\/wp-content\\\/uploads\\\/cannabis-flos_lr-11.jpg\",\"contentUrl\":\"https:\\\/\\\/bedrocan.com\\\/wp-content\\\/uploads\\\/cannabis-flos_lr-11.jpg\",\"width\":900,\"height\":978,\"caption\":\"Bijwerkingen\"},{\"@type\":\"BreadcrumbList\",\"@id\":\"https:\\\/\\\/bedrocan.com\\\/nl\\\/zorgverleners\\\/bijwerkingen-risicos\\\/#breadcrumb\",\"itemListElement\":[{\"@type\":\"ListItem\",\"position\":1,\"name\":\"Home\",\"item\":\"https:\\\/\\\/bedrocan.com\\\/nl\\\/\"},{\"@type\":\"ListItem\",\"position\":2,\"name\":\"Zorgverleners\",\"item\":\"https:\\\/\\\/bedrocan.com\\\/nl\\\/zorgverleners\\\/\"},{\"@type\":\"ListItem\",\"position\":3,\"name\":\"Bijwerkingen &#038; risico&#8217;s\"}]},{\"@type\":\"WebSite\",\"@id\":\"https:\\\/\\\/bedrocan.com\\\/nl\\\/#website\",\"url\":\"https:\\\/\\\/bedrocan.com\\\/nl\\\/\",\"name\":\"Bedrocan\",\"description\":\"pharmaceutical cannabis only\",\"publisher\":{\"@id\":\"https:\\\/\\\/bedrocan.com\\\/nl\\\/#organization\"},\"potentialAction\":[{\"@type\":\"SearchAction\",\"target\":{\"@type\":\"EntryPoint\",\"urlTemplate\":\"https:\\\/\\\/bedrocan.com\\\/nl\\\/?s={search_term_string}\"},\"query-input\":{\"@type\":\"PropertyValueSpecification\",\"valueRequired\":true,\"valueName\":\"search_term_string\"}}],\"inLanguage\":\"nl-NL\"},{\"@type\":\"Organization\",\"@id\":\"https:\\\/\\\/bedrocan.com\\\/nl\\\/#organization\",\"name\":\"Bedrocan\",\"url\":\"https:\\\/\\\/bedrocan.com\\\/nl\\\/\",\"logo\":{\"@type\":\"ImageObject\",\"inLanguage\":\"nl-NL\",\"@id\":\"https:\\\/\\\/bedrocan.com\\\/nl\\\/#\\\/schema\\\/logo\\\/image\\\/\",\"url\":\"https:\\\/\\\/bedrocan.com\\\/wp-content\\\/uploads\\\/logo-bedrocan-mail.png\",\"contentUrl\":\"https:\\\/\\\/bedrocan.com\\\/wp-content\\\/uploads\\\/logo-bedrocan-mail.png\",\"width\":185,\"height\":31,\"caption\":\"Bedrocan\"},\"image\":{\"@id\":\"https:\\\/\\\/bedrocan.com\\\/nl\\\/#\\\/schema\\\/logo\\\/image\\\/\"},\"sameAs\":[\"https:\\\/\\\/www.facebook.com\\\/Bedrocan\",\"https:\\\/\\\/www.linkedin.com\\\/company\\\/bedrocan\\\/\",\"https:\\\/\\\/www.instagram.com\\\/bedrocan_international\\\/\"]}]}<\/script>\n<!-- \/ Yoast SEO plugin. -->","yoast_head_json":{"title":"Bijwerkingen - Medicinale cannabis op de juiste wijze toegediend.","description":"Over het algemeen kunnen pati\u00ebnten medicinale cannabis goed verdragen: eventuele bijwerkingen zijn van voorbijgaande aard.","robots":{"index":"index","follow":"follow","max-snippet":"max-snippet:-1","max-image-preview":"max-image-preview:large","max-video-preview":"max-video-preview:-1"},"canonical":"https:\/\/bedrocan.com\/nl\/zorgverleners\/bijwerkingen-risicos\/","og_locale":"nl_NL","og_type":"article","og_title":"Bijwerkingen - Medicinale cannabis op de juiste wijze toegediend.","og_description":"Over het algemeen kunnen pati\u00ebnten medicinale cannabis goed verdragen: eventuele bijwerkingen zijn van voorbijgaande aard.","og_url":"https:\/\/bedrocan.com\/nl\/zorgverleners\/bijwerkingen-risicos\/","og_site_name":"Bedrocan International","article_publisher":"https:\/\/www.facebook.com\/Bedrocan","article_modified_time":"2025-06-17T14:38:12+00:00","og_image":[{"width":900,"height":978,"url":"https:\/\/bedrocan.com\/wp-content\/uploads\/cannabis-flos_lr-11.jpg","type":"image\/jpeg"}],"twitter_card":"summary_large_image","twitter_misc":{"Geschatte leestijd":"8 minuten"},"schema":{"@context":"https:\/\/schema.org","@graph":[{"@type":"WebPage","@id":"https:\/\/bedrocan.com\/nl\/zorgverleners\/bijwerkingen-risicos\/","url":"https:\/\/bedrocan.com\/nl\/zorgverleners\/bijwerkingen-risicos\/","name":"Bijwerkingen - Medicinale cannabis op de juiste wijze toegediend.","isPartOf":{"@id":"https:\/\/bedrocan.com\/nl\/#website"},"primaryImageOfPage":{"@id":"https:\/\/bedrocan.com\/nl\/zorgverleners\/bijwerkingen-risicos\/#primaryimage"},"image":{"@id":"https:\/\/bedrocan.com\/nl\/zorgverleners\/bijwerkingen-risicos\/#primaryimage"},"thumbnailUrl":"https:\/\/bedrocan.com\/wp-content\/uploads\/cannabis-flos_lr-11.jpg","datePublished":"2021-12-14T12:19:07+00:00","dateModified":"2025-06-17T14:38:12+00:00","description":"Over het algemeen kunnen pati\u00ebnten medicinale cannabis goed verdragen: eventuele bijwerkingen zijn van voorbijgaande aard.","breadcrumb":{"@id":"https:\/\/bedrocan.com\/nl\/zorgverleners\/bijwerkingen-risicos\/#breadcrumb"},"inLanguage":"nl-NL","potentialAction":[{"@type":"ReadAction","target":["https:\/\/bedrocan.com\/nl\/zorgverleners\/bijwerkingen-risicos\/"]}]},{"@type":"ImageObject","inLanguage":"nl-NL","@id":"https:\/\/bedrocan.com\/nl\/zorgverleners\/bijwerkingen-risicos\/#primaryimage","url":"https:\/\/bedrocan.com\/wp-content\/uploads\/cannabis-flos_lr-11.jpg","contentUrl":"https:\/\/bedrocan.com\/wp-content\/uploads\/cannabis-flos_lr-11.jpg","width":900,"height":978,"caption":"Bijwerkingen"},{"@type":"BreadcrumbList","@id":"https:\/\/bedrocan.com\/nl\/zorgverleners\/bijwerkingen-risicos\/#breadcrumb","itemListElement":[{"@type":"ListItem","position":1,"name":"Home","item":"https:\/\/bedrocan.com\/nl\/"},{"@type":"ListItem","position":2,"name":"Zorgverleners","item":"https:\/\/bedrocan.com\/nl\/zorgverleners\/"},{"@type":"ListItem","position":3,"name":"Bijwerkingen &#038; risico&#8217;s"}]},{"@type":"WebSite","@id":"https:\/\/bedrocan.com\/nl\/#website","url":"https:\/\/bedrocan.com\/nl\/","name":"Bedrocan","description":"pharmaceutical cannabis only","publisher":{"@id":"https:\/\/bedrocan.com\/nl\/#organization"},"potentialAction":[{"@type":"SearchAction","target":{"@type":"EntryPoint","urlTemplate":"https:\/\/bedrocan.com\/nl\/?s={search_term_string}"},"query-input":{"@type":"PropertyValueSpecification","valueRequired":true,"valueName":"search_term_string"}}],"inLanguage":"nl-NL"},{"@type":"Organization","@id":"https:\/\/bedrocan.com\/nl\/#organization","name":"Bedrocan","url":"https:\/\/bedrocan.com\/nl\/","logo":{"@type":"ImageObject","inLanguage":"nl-NL","@id":"https:\/\/bedrocan.com\/nl\/#\/schema\/logo\/image\/","url":"https:\/\/bedrocan.com\/wp-content\/uploads\/logo-bedrocan-mail.png","contentUrl":"https:\/\/bedrocan.com\/wp-content\/uploads\/logo-bedrocan-mail.png","width":185,"height":31,"caption":"Bedrocan"},"image":{"@id":"https:\/\/bedrocan.com\/nl\/#\/schema\/logo\/image\/"},"sameAs":["https:\/\/www.facebook.com\/Bedrocan","https:\/\/www.linkedin.com\/company\/bedrocan\/","https:\/\/www.instagram.com\/bedrocan_international\/"]}]}},"_links":{"self":[{"href":"https:\/\/bedrocan.com\/nl\/wp-json\/wp\/v2\/pages\/9008","targetHints":{"allow":["GET"]}}],"collection":[{"href":"https:\/\/bedrocan.com\/nl\/wp-json\/wp\/v2\/pages"}],"about":[{"href":"https:\/\/bedrocan.com\/nl\/wp-json\/wp\/v2\/types\/page"}],"author":[{"embeddable":true,"href":"https:\/\/bedrocan.com\/nl\/wp-json\/wp\/v2\/users\/3"}],"replies":[{"embeddable":true,"href":"https:\/\/bedrocan.com\/nl\/wp-json\/wp\/v2\/comments?post=9008"}],"version-history":[{"count":5,"href":"https:\/\/bedrocan.com\/nl\/wp-json\/wp\/v2\/pages\/9008\/revisions"}],"predecessor-version":[{"id":202838,"href":"https:\/\/bedrocan.com\/nl\/wp-json\/wp\/v2\/pages\/9008\/revisions\/202838"}],"up":[{"embeddable":true,"href":"https:\/\/bedrocan.com\/nl\/wp-json\/wp\/v2\/pages\/144215"}],"wp:featuredmedia":[{"embeddable":true,"href":"https:\/\/bedrocan.com\/nl\/wp-json\/wp\/v2\/media\/35773"}],"wp:attachment":[{"href":"https:\/\/bedrocan.com\/nl\/wp-json\/wp\/v2\/media?parent=9008"}],"curies":[{"name":"wp","href":"https:\/\/api.w.org\/{rel}","templated":true}]}}