{"id":9436,"date":"2025-11-28T09:36:42","date_gmt":"2025-11-28T08:36:42","guid":{"rendered":"http:\/\/bedrocan.com\/cannabis-oil\/"},"modified":"2025-11-28T13:27:44","modified_gmt":"2025-11-28T12:27:44","slug":"cannabisolie","status":"publish","type":"page","link":"https:\/\/bedrocan.com\/nl\/zorgverleners\/cannabisolie\/","title":{"rendered":"Medicinale cannabisolie"},"content":{"rendered":"<div class=\"wpb-content-wrapper\">[mk_page_section bg_image=&#8221;http:\/\/bedrocan.com\/wp-content\/uploads\/bedrocan_cannabisoil_header.jpg&#8221; bg_position=&#8221;center center&#8221; bg_repeat=&#8221;no-repeat&#8221; bg_stretch=&#8221;true&#8221; min_height=&#8221;300&#8243; full_width=&#8221;true&#8221; top_shape_color=&#8221;#ffffff&#8221; bottom_shape_color=&#8221;#ffffff&#8221; visibility=&#8221;hidden-sm&#8221; sidebar=&#8221;sidebar-1&#8243;][vc_column][\/vc_column][\/mk_page_section][vc_row][vc_column][vc_empty_space height=&#8221;45px&#8221;][vc_column_text css=&#8221;.vc_custom_1639495605309{margin-bottom: 0px !important;}&#8221;]\n<h1>Medicinale cannabisolie of wietolie<\/h1>\n[\/vc_column_text][vc_separator color=&#8221;custom&#8221; align=&#8221;align_left&#8221; border_width=&#8221;5&#8243; el_width=&#8221;10&#8243; css=&#8221;.vc_custom_1468403515259{margin-top: -10px !important;margin-bottom: 10px !important;}&#8221; accent_color=&#8221;#008752&#8243;][\/vc_column][\/vc_row][vc_row][vc_column][mk_padding_divider][vc_column_text css=&#8221;.vc_custom_1737632581001{margin-bottom: 0px !important;}&#8221;]Medicinale cannabisolie, in de volksmond ook wel wietolie genoemd, is een verdund extract dat met een druppelaar ingenomen wordt via de mond. De olie bevat <a href=\"https:\/\/bedrocan.com\/nl\/zorgverleners\/medicinale-cannabis\/#cannabinoiden\">cannabino\u00efden<\/a> (THC en\/of CBD) en andere werkzame bestanddelen, zoals <a href=\"https:\/\/bedrocan.com\/nl\/zorgverleners\/medicinale-cannabis\/#terpenen\">terpenen<\/a>, in sterk geconcentreerde vorm.<\/p>\n<h2>Wietolie van de apotheek<\/h2>\n<p>Medicinale cannabisolie, met of zonder THC, is uitsluitend op doktersrecept bij de apotheek verkrijgbaar. Deze wietolie is door de apotheker magistraal bereid uit de gestandaardiseerde cannabis van Bedrocan. Bedrocan produceert dus zelf geen olie.<\/p>\n<p>De grondstoffen voor de cannabisolie worden onder strenge farmaceutische richtlijnen geproduceerd. Ze zijn gegarandeerd vrij van pesticiden, zware metalen, schimmels en andere besmettingen. Daarnaast bevat de olie gestandaardiseerde hoeveelheden aan werkzame stoffen, zodat ook de therapeutische werking steeds hetzelfde is.[\/vc_column_text][\/vc_column][\/vc_row][vc_row css=&#8221;.vc_custom_1660225314964{padding-right: 30px !important;padding-left: 30px !important;background-color: #f5f5f5 !important;}&#8221;][vc_column][mk_padding_divider size=&#8221;25&#8243;][vc_column_text css=&#8221;.vc_custom_1764332734069{margin-bottom: 0px !important;}&#8221;]\n<h3 style=\"text-align: center;\">THC- en CBD-olie in Nederland<\/h3>\n<p>In Nederland zijn er meerdere apotheken die medicinale cannabisolie, CDB-olie \u00e9n wietolie met THC, op recept kunnen leveren. Elke olie is weer verschillend van samenstelling. Ga naar onze <a href=\"https:\/\/bedrocan.com\/nl\/contact\/\">contactpagina<\/a> voor een overzicht van de contactgegevens van deze apothekers. Kijk ook eens op de site van het <a href=\"https:\/\/www.cannabisbureau.nl\/\" target=\"_blank\" rel=\"noopener noreferrer\">Bureau voor Medicinale Cannabis<\/a>.[\/vc_column_text][mk_padding_divider][\/vc_column][\/vc_row][vc_row][vc_column][mk_padding_divider size=&#8221;25&#8243;][vc_column_text css=&#8221;.vc_custom_1737630939652{margin-bottom: 0px !important;}&#8221;]\n<h2><strong>Bereiding medicinale cannabisolie<\/strong><\/h2>\n<p>Om medicinale cannabisolie te bereiden haalt de apotheker door middel van extractie de werkzame stoffen uit de gedroogde bloemen van de cannabisplant. Hoewel het ge\u00ebxtraheerde product strikt genomen geen echte olie is, wordt het product zo genoemd omdat het extract met een zuivere olie (olijf-, amandel- of arachideolie) wordt verdund.[\/vc_column_text][mk_padding_divider][\/vc_column][\/vc_row][vc_row][vc_column width=&#8221;1\/3&#8243;][vc_single_image image=&#8221;33324&#8243; img_size=&#8221;full&#8221; alignment=&#8221;center&#8221;][\/vc_column][vc_column width=&#8221;1\/3&#8243;][vc_single_image image=&#8221;33318&#8243; img_size=&#8221;full&#8221; alignment=&#8221;center&#8221;][\/vc_column][vc_column width=&#8221;1\/3&#8243;][vc_single_image image=&#8221;33312&#8243; img_size=&#8221;full&#8221; alignment=&#8221;center&#8221;][\/vc_column][\/vc_row][vc_row][vc_column][vc_column_text css=&#8221;.vc_custom_1600428515071{margin-bottom: 0px !important;}&#8221;]<em>De bereiding van medicinale cannabisolie bij de Transvaal Apotheek in Den Haag.<\/em>[\/vc_column_text][vc_separator color=&#8221;custom&#8221; border_width=&#8221;3&#8243; accent_color=&#8221;#008752&#8243;][mk_padding_divider size=&#8221;25&#8243;][\/vc_column][\/vc_row][vc_row][vc_column][mk_padding_divider size=&#8221;25&#8243;][vc_column_text css=&#8221;.vc_custom_1764332695076{margin-bottom: 0px !important;}&#8221;]\n<h2>Waarschuwing voor pati\u00ebnt<\/h2>\n<p>Over het algemeen is cannabisolie relatief eenvoudig zelf te bereiden. Er zijn dan ook pati\u00ebnten die thuis zelf olie maken. Daarnaast is de afgelopen jaren een grote, ongereguleerde markt voor <a href=\"https:\/\/bedrocan.com\/nl\/de-kwaliteit-van-cbd-olie-kan-sterk-varieren\/\">CBD-producten<\/a> ontstaan. Op de zwarte markt is zelfs olie te koop m\u00e9t THC.<\/p>\n<h3><strong>Gevaar<\/strong><\/h3>\n<p>Deze zelfbereide extracten of ongereguleerde cannabisproducten kunnen echter een gevaar vormen voor pati\u00ebnten.<\/p>\n<p>De precieze samenstelling van deze cannabisproducten is meestal niet bekend. Ze worden niet op kwaliteit gecontroleerd door externe, gecertificeerde laboratoria. Daarnaast kunnen ze zware metalen, oplosmiddelen of contaminanten als microben, pesticiden en <a href=\"https:\/\/nl.wikipedia.org\/wiki\/Mycotoxine\" target=\"_blank\" rel=\"noopener noreferrer\">mycotoxinen<\/a> bevatten. Ook maakt het gebrek aan standaardisatie van zowel de gebruikte cannabis als de olie het onmogelijk om de therapeutische effecten, en daarmee de medicinale waarde, te beoordelen.[\/vc_column_text][mk_padding_divider size=&#8221;25&#8243;][vc_column_text css=&#8221;.vc_custom_1764332648070{margin-bottom: 0px !important;}&#8221;]\n<h2><strong>Alternatief<\/strong><\/h2>\n<p>Artsen kunnen in Nederland medicinale cannabisolie met CBD \u00e9n THC voorschrijven aan hun pati\u00ebnten, die te verkrijgen is bij een aantal apotheken. Mocht uw pati\u00ebnt CBD-olie, of cannabisolie met THC, willen gebruiken, adviseer dan vanwege bovenstaande redenen om deze olie uitsluitend bij een apotheek te betrekken. De olie van de apotheek moet namelijk voldoen aan wettelijke kwaliteitseisen en zijn daardoor wel veilig voor gebruik. De apotheek kan de pati\u00ebnt daarnaast adviseren over de interacties met andere medicijnen.[\/vc_column_text][mk_padding_divider][\/vc_column][\/vc_row][vc_row][vc_column][mk_faq view_all_text=&#8221;Veel gestelde vragen&#8221; orderby=&#8221;none&#8221; background_color=&#8221;#f5f5f5&#8243; faq_cat=&#8221;cannabisolie&#8221;][\/vc_column][\/vc_row]\n<\/div>","protected":false},"excerpt":{"rendered":"<p>[mk_page_section bg_image=&#8221;http:\/\/bedrocan.com\/wp-content\/uploads\/bedrocan_cannabisoil_header.jpg&#8221; bg_position=&#8221;center center&#8221; bg_repeat=&#8221;no-repeat&#8221; bg_stretch=&#8221;true&#8221; min_height=&#8221;300&#8243; full_width=&#8221;true&#8221; top_shape_color=&#8221;#ffffff&#8221; bottom_shape_color=&#8221;#ffffff&#8221; visibility=&#8221;hidden-sm&#8221; sidebar=&#8221;sidebar-1&#8243;][vc_column][\/vc_column][\/mk_page_section][vc_row][vc_column][vc_empty_space height=&#8221;45px&#8221;][vc_column_text css=&#8221;.vc_custom_1639495605309{margin-bottom: 0px !important;}&#8221;] Medicinale cannabisolie of wietolie [\/vc_column_text][vc_separator color=&#8221;custom&#8221; align=&#8221;align_left&#8221; border_width=&#8221;5&#8243; el_width=&#8221;10&#8243; css=&#8221;.vc_custom_1468403515259{margin-top: -10px !important;margin-bottom: 10px !important;}&#8221; accent_color=&#8221;#008752&#8243;][\/vc_column][\/vc_row][vc_row][vc_column][mk_padding_divider][vc_column_text css=&#8221;.vc_custom_1737632581001{margin-bottom: 0px !important;}&#8221;]Medicinale cannabisolie, in de volksmond ook wel wietolie genoemd, is een verdund extract dat met een druppelaar ingenomen wordt via de mond. [&hellip;]<\/p>\n","protected":false},"author":3,"featured_media":14619,"parent":144215,"menu_order":6,"comment_status":"closed","ping_status":"closed","template":"","meta":{"footnotes":""},"class_list":["post-9436","page","type-page","status-publish","has-post-thumbnail","hentry"],"yoast_head":"<!-- This site is optimized with the Yoast SEO plugin v27.3 - https:\/\/yoast.com\/product\/yoast-seo-wordpress\/ -->\n<title>Cannabisolie, wietolie of CBD-olie van de apotheek<\/title>\n<meta name=\"description\" content=\"Medicinale cannabisolie, CBD-olie of wietolie, is een geconcentreerd extract van gedroogde cannabis. Deze is op recept verkrijgbaar.\" \/>\n<meta name=\"robots\" content=\"index, follow, max-snippet:-1, max-image-preview:large, max-video-preview:-1\" \/>\n<link rel=\"canonical\" href=\"https:\/\/bedrocan.com\/nl\/zorgverleners\/cannabisolie\/\" \/>\n<meta property=\"og:locale\" content=\"nl_NL\" \/>\n<meta property=\"og:type\" content=\"article\" \/>\n<meta property=\"og:title\" content=\"Cannabisolie, wietolie of CBD-olie van de apotheek\" \/>\n<meta property=\"og:description\" content=\"Medicinale cannabisolie, CBD-olie of wietolie, is een geconcentreerd extract van gedroogde cannabis. Deze is op recept verkrijgbaar.\" \/>\n<meta property=\"og:url\" content=\"https:\/\/bedrocan.com\/nl\/zorgverleners\/cannabisolie\/\" \/>\n<meta property=\"og:site_name\" content=\"Bedrocan International\" \/>\n<meta property=\"article:publisher\" content=\"https:\/\/www.facebook.com\/Bedrocan\" \/>\n<meta property=\"article:modified_time\" content=\"2025-11-28T12:27:44+00:00\" \/>\n<meta property=\"og:image\" content=\"https:\/\/bedrocan.com\/wp-content\/uploads\/cannabis-oil-medicinal-cannabis-by-bedrocan-12.png\" \/>\n\t<meta property=\"og:image:width\" content=\"1280\" \/>\n\t<meta property=\"og:image:height\" content=\"876\" \/>\n\t<meta property=\"og:image:type\" content=\"image\/png\" \/>\n<meta name=\"twitter:card\" content=\"summary_large_image\" \/>\n<meta name=\"twitter:label1\" content=\"Geschatte leestijd\" \/>\n\t<meta name=\"twitter:data1\" content=\"4 minuten\" \/>\n<script type=\"application\/ld+json\" class=\"yoast-schema-graph\">{\"@context\":\"https:\\\/\\\/schema.org\",\"@graph\":[{\"@type\":\"WebPage\",\"@id\":\"https:\\\/\\\/bedrocan.com\\\/nl\\\/zorgverleners\\\/cannabisolie\\\/\",\"url\":\"https:\\\/\\\/bedrocan.com\\\/nl\\\/zorgverleners\\\/cannabisolie\\\/\",\"name\":\"Cannabisolie, wietolie of CBD-olie van de apotheek\",\"isPartOf\":{\"@id\":\"https:\\\/\\\/bedrocan.com\\\/nl\\\/#website\"},\"primaryImageOfPage\":{\"@id\":\"https:\\\/\\\/bedrocan.com\\\/nl\\\/zorgverleners\\\/cannabisolie\\\/#primaryimage\"},\"image\":{\"@id\":\"https:\\\/\\\/bedrocan.com\\\/nl\\\/zorgverleners\\\/cannabisolie\\\/#primaryimage\"},\"thumbnailUrl\":\"https:\\\/\\\/bedrocan.com\\\/wp-content\\\/uploads\\\/cannabis-oil-medicinal-cannabis-by-bedrocan-12.png\",\"datePublished\":\"2025-11-28T08:36:42+00:00\",\"dateModified\":\"2025-11-28T12:27:44+00:00\",\"description\":\"Medicinale cannabisolie, CBD-olie of wietolie, is een geconcentreerd extract van gedroogde cannabis. Deze is op recept verkrijgbaar.\",\"breadcrumb\":{\"@id\":\"https:\\\/\\\/bedrocan.com\\\/nl\\\/zorgverleners\\\/cannabisolie\\\/#breadcrumb\"},\"inLanguage\":\"nl-NL\",\"potentialAction\":[{\"@type\":\"ReadAction\",\"target\":[\"https:\\\/\\\/bedrocan.com\\\/nl\\\/zorgverleners\\\/cannabisolie\\\/\"]}]},{\"@type\":\"ImageObject\",\"inLanguage\":\"nl-NL\",\"@id\":\"https:\\\/\\\/bedrocan.com\\\/nl\\\/zorgverleners\\\/cannabisolie\\\/#primaryimage\",\"url\":\"https:\\\/\\\/bedrocan.com\\\/wp-content\\\/uploads\\\/cannabis-oil-medicinal-cannabis-by-bedrocan-12.png\",\"contentUrl\":\"https:\\\/\\\/bedrocan.com\\\/wp-content\\\/uploads\\\/cannabis-oil-medicinal-cannabis-by-bedrocan-12.png\",\"width\":1280,\"height\":876,\"caption\":\"Cannabiszalf, cannabisolie, CBD-olie of wietolie\"},{\"@type\":\"BreadcrumbList\",\"@id\":\"https:\\\/\\\/bedrocan.com\\\/nl\\\/zorgverleners\\\/cannabisolie\\\/#breadcrumb\",\"itemListElement\":[{\"@type\":\"ListItem\",\"position\":1,\"name\":\"Home\",\"item\":\"https:\\\/\\\/bedrocan.com\\\/nl\\\/\"},{\"@type\":\"ListItem\",\"position\":2,\"name\":\"Zorgverleners\",\"item\":\"https:\\\/\\\/bedrocan.com\\\/nl\\\/zorgverleners\\\/\"},{\"@type\":\"ListItem\",\"position\":3,\"name\":\"Medicinale cannabisolie\"}]},{\"@type\":\"WebSite\",\"@id\":\"https:\\\/\\\/bedrocan.com\\\/nl\\\/#website\",\"url\":\"https:\\\/\\\/bedrocan.com\\\/nl\\\/\",\"name\":\"Bedrocan\",\"description\":\"pharmaceutical cannabis only\",\"publisher\":{\"@id\":\"https:\\\/\\\/bedrocan.com\\\/nl\\\/#organization\"},\"potentialAction\":[{\"@type\":\"SearchAction\",\"target\":{\"@type\":\"EntryPoint\",\"urlTemplate\":\"https:\\\/\\\/bedrocan.com\\\/nl\\\/?s={search_term_string}\"},\"query-input\":{\"@type\":\"PropertyValueSpecification\",\"valueRequired\":true,\"valueName\":\"search_term_string\"}}],\"inLanguage\":\"nl-NL\"},{\"@type\":\"Organization\",\"@id\":\"https:\\\/\\\/bedrocan.com\\\/nl\\\/#organization\",\"name\":\"Bedrocan\",\"url\":\"https:\\\/\\\/bedrocan.com\\\/nl\\\/\",\"logo\":{\"@type\":\"ImageObject\",\"inLanguage\":\"nl-NL\",\"@id\":\"https:\\\/\\\/bedrocan.com\\\/nl\\\/#\\\/schema\\\/logo\\\/image\\\/\",\"url\":\"https:\\\/\\\/bedrocan.com\\\/wp-content\\\/uploads\\\/logo-bedrocan-mail.png\",\"contentUrl\":\"https:\\\/\\\/bedrocan.com\\\/wp-content\\\/uploads\\\/logo-bedrocan-mail.png\",\"width\":185,\"height\":31,\"caption\":\"Bedrocan\"},\"image\":{\"@id\":\"https:\\\/\\\/bedrocan.com\\\/nl\\\/#\\\/schema\\\/logo\\\/image\\\/\"},\"sameAs\":[\"https:\\\/\\\/www.facebook.com\\\/Bedrocan\",\"https:\\\/\\\/www.linkedin.com\\\/company\\\/bedrocan\\\/\",\"https:\\\/\\\/www.instagram.com\\\/bedrocan_international\\\/\"]}]}<\/script>\n<!-- \/ Yoast SEO plugin. -->","yoast_head_json":{"title":"Cannabisolie, wietolie of CBD-olie van de apotheek","description":"Medicinale cannabisolie, CBD-olie of wietolie, is een geconcentreerd extract van gedroogde cannabis. Deze is op recept verkrijgbaar.","robots":{"index":"index","follow":"follow","max-snippet":"max-snippet:-1","max-image-preview":"max-image-preview:large","max-video-preview":"max-video-preview:-1"},"canonical":"https:\/\/bedrocan.com\/nl\/zorgverleners\/cannabisolie\/","og_locale":"nl_NL","og_type":"article","og_title":"Cannabisolie, wietolie of CBD-olie van de apotheek","og_description":"Medicinale cannabisolie, CBD-olie of wietolie, is een geconcentreerd extract van gedroogde cannabis. Deze is op recept verkrijgbaar.","og_url":"https:\/\/bedrocan.com\/nl\/zorgverleners\/cannabisolie\/","og_site_name":"Bedrocan International","article_publisher":"https:\/\/www.facebook.com\/Bedrocan","article_modified_time":"2025-11-28T12:27:44+00:00","og_image":[{"width":1280,"height":876,"url":"https:\/\/bedrocan.com\/wp-content\/uploads\/cannabis-oil-medicinal-cannabis-by-bedrocan-12.png","type":"image\/png"}],"twitter_card":"summary_large_image","twitter_misc":{"Geschatte leestijd":"4 minuten"},"schema":{"@context":"https:\/\/schema.org","@graph":[{"@type":"WebPage","@id":"https:\/\/bedrocan.com\/nl\/zorgverleners\/cannabisolie\/","url":"https:\/\/bedrocan.com\/nl\/zorgverleners\/cannabisolie\/","name":"Cannabisolie, wietolie of CBD-olie van de apotheek","isPartOf":{"@id":"https:\/\/bedrocan.com\/nl\/#website"},"primaryImageOfPage":{"@id":"https:\/\/bedrocan.com\/nl\/zorgverleners\/cannabisolie\/#primaryimage"},"image":{"@id":"https:\/\/bedrocan.com\/nl\/zorgverleners\/cannabisolie\/#primaryimage"},"thumbnailUrl":"https:\/\/bedrocan.com\/wp-content\/uploads\/cannabis-oil-medicinal-cannabis-by-bedrocan-12.png","datePublished":"2025-11-28T08:36:42+00:00","dateModified":"2025-11-28T12:27:44+00:00","description":"Medicinale cannabisolie, CBD-olie of wietolie, is een geconcentreerd extract van gedroogde cannabis. Deze is op recept verkrijgbaar.","breadcrumb":{"@id":"https:\/\/bedrocan.com\/nl\/zorgverleners\/cannabisolie\/#breadcrumb"},"inLanguage":"nl-NL","potentialAction":[{"@type":"ReadAction","target":["https:\/\/bedrocan.com\/nl\/zorgverleners\/cannabisolie\/"]}]},{"@type":"ImageObject","inLanguage":"nl-NL","@id":"https:\/\/bedrocan.com\/nl\/zorgverleners\/cannabisolie\/#primaryimage","url":"https:\/\/bedrocan.com\/wp-content\/uploads\/cannabis-oil-medicinal-cannabis-by-bedrocan-12.png","contentUrl":"https:\/\/bedrocan.com\/wp-content\/uploads\/cannabis-oil-medicinal-cannabis-by-bedrocan-12.png","width":1280,"height":876,"caption":"Cannabiszalf, cannabisolie, CBD-olie of wietolie"},{"@type":"BreadcrumbList","@id":"https:\/\/bedrocan.com\/nl\/zorgverleners\/cannabisolie\/#breadcrumb","itemListElement":[{"@type":"ListItem","position":1,"name":"Home","item":"https:\/\/bedrocan.com\/nl\/"},{"@type":"ListItem","position":2,"name":"Zorgverleners","item":"https:\/\/bedrocan.com\/nl\/zorgverleners\/"},{"@type":"ListItem","position":3,"name":"Medicinale cannabisolie"}]},{"@type":"WebSite","@id":"https:\/\/bedrocan.com\/nl\/#website","url":"https:\/\/bedrocan.com\/nl\/","name":"Bedrocan","description":"pharmaceutical cannabis only","publisher":{"@id":"https:\/\/bedrocan.com\/nl\/#organization"},"potentialAction":[{"@type":"SearchAction","target":{"@type":"EntryPoint","urlTemplate":"https:\/\/bedrocan.com\/nl\/?s={search_term_string}"},"query-input":{"@type":"PropertyValueSpecification","valueRequired":true,"valueName":"search_term_string"}}],"inLanguage":"nl-NL"},{"@type":"Organization","@id":"https:\/\/bedrocan.com\/nl\/#organization","name":"Bedrocan","url":"https:\/\/bedrocan.com\/nl\/","logo":{"@type":"ImageObject","inLanguage":"nl-NL","@id":"https:\/\/bedrocan.com\/nl\/#\/schema\/logo\/image\/","url":"https:\/\/bedrocan.com\/wp-content\/uploads\/logo-bedrocan-mail.png","contentUrl":"https:\/\/bedrocan.com\/wp-content\/uploads\/logo-bedrocan-mail.png","width":185,"height":31,"caption":"Bedrocan"},"image":{"@id":"https:\/\/bedrocan.com\/nl\/#\/schema\/logo\/image\/"},"sameAs":["https:\/\/www.facebook.com\/Bedrocan","https:\/\/www.linkedin.com\/company\/bedrocan\/","https:\/\/www.instagram.com\/bedrocan_international\/"]}]}},"_links":{"self":[{"href":"https:\/\/bedrocan.com\/nl\/wp-json\/wp\/v2\/pages\/9436","targetHints":{"allow":["GET"]}}],"collection":[{"href":"https:\/\/bedrocan.com\/nl\/wp-json\/wp\/v2\/pages"}],"about":[{"href":"https:\/\/bedrocan.com\/nl\/wp-json\/wp\/v2\/types\/page"}],"author":[{"embeddable":true,"href":"https:\/\/bedrocan.com\/nl\/wp-json\/wp\/v2\/users\/3"}],"replies":[{"embeddable":true,"href":"https:\/\/bedrocan.com\/nl\/wp-json\/wp\/v2\/comments?post=9436"}],"version-history":[{"count":5,"href":"https:\/\/bedrocan.com\/nl\/wp-json\/wp\/v2\/pages\/9436\/revisions"}],"predecessor-version":[{"id":256793,"href":"https:\/\/bedrocan.com\/nl\/wp-json\/wp\/v2\/pages\/9436\/revisions\/256793"}],"up":[{"embeddable":true,"href":"https:\/\/bedrocan.com\/nl\/wp-json\/wp\/v2\/pages\/144215"}],"wp:featuredmedia":[{"embeddable":true,"href":"https:\/\/bedrocan.com\/nl\/wp-json\/wp\/v2\/media\/14619"}],"wp:attachment":[{"href":"https:\/\/bedrocan.com\/nl\/wp-json\/wp\/v2\/media?parent=9436"}],"curies":[{"name":"wp","href":"https:\/\/api.w.org\/{rel}","templated":true}]}}